{"id":652,"date":"2023-08-21T02:56:38","date_gmt":"2023-08-21T02:56:38","guid":{"rendered":"https:\/\/hydraulic-cylinders.net\/?post_type=product&#038;p=652"},"modified":"2025-04-11T01:45:01","modified_gmt":"2025-04-11T01:45:01","slug":"forklift-short-lifting-hydraulic-cylinder","status":"publish","type":"product","link":"https:\/\/www.hydraulic-cylinders.net\/fr\/produit\/forklift-short-lifting-hydraulic-cylinder\/","title":{"rendered":"V\u00e9rin hydraulique pour chariot \u00e9l\u00e9vateur \u00e0 fourche \u00e0 levage court"},"content":{"rendered":"<h1 style=\"text-align: center;\"><strong>V\u00e9rin hydraulique pour chariot \u00e9l\u00e9vateur \u00e0 fourche \u00e0 levage court<\/strong><\/h1>\n<p><img loading=\"lazy\" decoding=\"async\" class=\"aligncenter wp-image-653\" src=\"https:\/\/hydraulic-cylinders.net\/wp-content\/uploads\/2023\/08\/short-lifting-hydraulic-cylinder-product-2-300x300.webp\" alt=\"produit pour v\u00e9rins hydrauliques \u00e0 levage court\" width=\"400\" height=\"400\" \/><\/p>\n<p>Le <strong>Short Forklift Lift Cylinder<\/strong> is designed to tackle short lifting tasks effortlessly, delivering the power and precision needed to optimize your material handling operations.<\/p>\n<p>Featuring a robust design, this hydraulic cylinder can withstand heavy loads, frequent use, and challenging operating conditions. Built for durability, it ensures reliable performance while minimizing downtime related to maintenance or repairs.<\/p>\n<p>With exceptional resistance to wear, corrosion, and contamination, the <strong>Short Forklift Lift Cylinder<\/strong> maintains peak performance throughout its lifespan. Engineered to endure harsh elements, it effectively shields itself from moisture, debris, and other contaminants that could compromise its functionality.<\/p>\n<p>For those seeking a reliable lifting solution, this hydraulic cylinder is your ideal choice, ensuring efficiency and longevity in every operation.<\/p>\n<h2><strong>Cylindre hydraulique pour chariot \u00e9l\u00e9vateur \u00e0 fourche \u00e0 levage court Param\u00e8tres :<\/strong><\/h2>\n<table>\n<tbody>\n<tr>\n<td><img loading=\"lazy\" decoding=\"async\" class=\"alignnone wp-image-654 size-full\" src=\"https:\/\/hydraulic-cylinders.net\/wp-content\/uploads\/2023\/08\/short-lifting-hydraulic-cylinder-product-1.png\" alt=\"\" width=\"457\" height=\"315\" srcset=\"https:\/\/www.hydraulic-cylinders.net\/wp-content\/uploads\/2023\/08\/short-lifting-hydraulic-cylinder-product-1.png 457w, https:\/\/www.hydraulic-cylinders.net\/wp-content\/uploads\/2023\/08\/short-lifting-hydraulic-cylinder-product-1-300x207.png 300w\" sizes=\"(max-width: 457px) 100vw, 457px\" \/><\/td>\n<td><img loading=\"lazy\" decoding=\"async\" class=\"alignnone wp-image-655 size-full\" src=\"https:\/\/hydraulic-cylinders.net\/wp-content\/uploads\/2023\/08\/short-lifting-hydraulic-cylinder-product-1-1.png\" alt=\"\" width=\"475\" height=\"137\" srcset=\"https:\/\/www.hydraulic-cylinders.net\/wp-content\/uploads\/2023\/08\/short-lifting-hydraulic-cylinder-product-1-1.png 475w, https:\/\/www.hydraulic-cylinders.net\/wp-content\/uploads\/2023\/08\/short-lifting-hydraulic-cylinder-product-1-1-300x87.png 300w\" sizes=\"(max-width: 475px) 100vw, 475px\" \/><\/td>\n<\/tr>\n<\/tbody>\n<\/table>\n<table style=\"height: 95px; width: 931px;\" border=\"1\" cellspacing=\"0\" cellpadding=\"0\">\n<tbody>\n<tr style=\"height: 47px;\">\n<td style=\"height: 47px; width: 124.137px;\">Nom du cylindre<\/td>\n<td style=\"height: 47px; width: 182.712px;\">num\u00e9ro de dessin<\/td>\n<td style=\"height: 47px; width: 74.2125px;\">diam\u00e8tre de l'al\u00e9sage (D)<\/td>\n<td style=\"height: 47px; width: 63.6375px;\">diam\u00e8tre de la tige (d)<\/td>\n<td style=\"height: 47px; width: 69.75px;\">AVC (S)<\/td>\n<td style=\"height: 47px; width: 90.0875px;\">Distance d'installation (L)<\/td>\n<td style=\"height: 47px; width: 92.5625px;\">pression de service<\/td>\n<td style=\"height: 47px; width: 148.925px;\">Dimensions de l'interface (M)<\/td>\n<td style=\"height: 47px; width: 68.975px;\">poids<\/td>\n<\/tr>\n<tr style=\"height: 48px;\">\n<td class=\"et3\" style=\"height: 48px; width: 124.137px;\" height=\"325\">Cylindre de levage court<\/td>\n<td style=\"width: 182.712px;\">RC25N480-800000-000A<\/td>\n<td style=\"width: 74.2125px;\">\u03a675<\/td>\n<td style=\"width: 63.6375px;\">\u03a660<\/td>\n<td style=\"width: 69.75px;\">800<\/td>\n<td style=\"width: 90.0875px;\">1065<\/td>\n<td style=\"width: 92.5625px;\">18,1MPa<\/td>\n<td style=\"width: 148.925px;\">M22*1.5<\/td>\n<td style=\"width: 68.975px;\">36 kg<\/td>\n<\/tr>\n<tr>\n<td style=\"width: 124.137px;\">Cylindre de levage court<\/td>\n<td style=\"width: 182.712px;\">X35N480-800000-001A<\/td>\n<td style=\"width: 74.2125px;\">\u03a695<\/td>\n<td style=\"width: 63.6375px;\">\u03a680<\/td>\n<td style=\"width: 69.75px;\">800<\/td>\n<td style=\"width: 90.0875px;\">1065<\/td>\n<td style=\"width: 92.5625px;\">18,1MPa<\/td>\n<td style=\"width: 148.925px;\">M22*1.5<\/td>\n<td style=\"width: 68.975px;\">48,7 kg<\/td>\n<\/tr>\n<\/tbody>\n<\/table>\n<table>\n<tbody>\n<tr>\n<td><img loading=\"lazy\" decoding=\"async\" class=\"alignnone wp-image-656 size-full\" src=\"https:\/\/hydraulic-cylinders.net\/wp-content\/uploads\/2023\/08\/short-lifting-hydraulic-cylinder-product-2-1.webp\" alt=\"\" width=\"451\" height=\"358\" srcset=\"https:\/\/www.hydraulic-cylinders.net\/wp-content\/uploads\/2023\/08\/short-lifting-hydraulic-cylinder-product-2-1.webp 451w, https:\/\/www.hydraulic-cylinders.net\/wp-content\/uploads\/2023\/08\/short-lifting-hydraulic-cylinder-product-2-1-300x238.webp 300w\" sizes=\"(max-width: 451px) 100vw, 451px\" \/><\/td>\n<td><img loading=\"lazy\" decoding=\"async\" class=\"alignnone wp-image-657 size-full\" src=\"https:\/\/hydraulic-cylinders.net\/wp-content\/uploads\/2023\/08\/short-lifting-hydraulic-cylinder-product-2-1-1.webp\" alt=\"\" width=\"475\" height=\"223\" srcset=\"https:\/\/www.hydraulic-cylinders.net\/wp-content\/uploads\/2023\/08\/short-lifting-hydraulic-cylinder-product-2-1-1.webp 475w, https:\/\/www.hydraulic-cylinders.net\/wp-content\/uploads\/2023\/08\/short-lifting-hydraulic-cylinder-product-2-1-1-300x141.webp 300w\" sizes=\"(max-width: 475px) 100vw, 475px\" \/><\/td>\n<\/tr>\n<\/tbody>\n<\/table>\n<table style=\"height: 101px; width: 938px;\" border=\"1\" cellspacing=\"0\" cellpadding=\"0\">\n<tbody>\n<tr style=\"height: 47px;\">\n<td style=\"height: 47px; width: 122px;\">Nom du cylindre<\/td>\n<td style=\"height: 47px; width: 155px;\">num\u00e9ro de dessin<\/td>\n<td style=\"height: 47px; width: 80px;\">diam\u00e8tre de l'al\u00e9sage (D)<\/td>\n<td style=\"height: 47px; width: 79px;\">diam\u00e8tre de la tige (d)<\/td>\n<td style=\"height: 47px; width: 65px;\">AVC (S)<\/td>\n<td style=\"height: 47px; width: 104px;\">Distance d'installation (L)<\/td>\n<td style=\"height: 47px; width: 96px;\">pression de service<\/td>\n<td style=\"height: 47px; width: 177px;\">Dimensions de l'interface (M)<\/td>\n<td style=\"height: 47px; width: 60px;\">poids<\/td>\n<\/tr>\n<tr style=\"height: 54px;\">\n<td class=\"et3\" style=\"height: 54px; width: 122px;\" height=\"325\">Cylindre de levage court<\/td>\n<td style=\"width: 155px;\" width=\"270\">N30N450-800000-002A<\/td>\n<td style=\"width: 80px;\" width=\"102\">\u03a685<\/td>\n<td style=\"width: 79px;\" width=\"99\">\u03a670<\/td>\n<td style=\"width: 65px;\" width=\"91\">777<\/td>\n<td style=\"width: 104px;\" width=\"136\">1015<\/td>\n<td style=\"width: 96px;\" width=\"138\">18,1MPa<\/td>\n<td style=\"width: 177px;\" width=\"294\">M22*1.5<\/td>\n<td style=\"width: 60px;\" width=\"78\">45,5 kg<\/td>\n<\/tr>\n<tr>\n<td style=\"width: 122px;\">Cylindre de levage court<\/td>\n<td style=\"width: 155px;\">3U3H-800000-001A<\/td>\n<td style=\"width: 80px;\">\u03a685<\/td>\n<td style=\"width: 79px;\">\u03a670<\/td>\n<td style=\"width: 65px;\">777<\/td>\n<td style=\"width: 104px;\">1015<\/td>\n<td style=\"width: 96px;\">18,1MPa<\/td>\n<td style=\"width: 177px;\">M22*1.5<\/td>\n<td style=\"width: 60px;\">45,5 kg<\/td>\n<\/tr>\n<tr>\n<td style=\"width: 122px;\">Cylindre de levage court<\/td>\n<td style=\"width: 155px;\">N35N450-800000-003A<\/td>\n<td style=\"width: 80px;\">\u03a695<\/td>\n<td style=\"width: 79px;\">\u03a680<\/td>\n<td style=\"width: 65px;\">775<\/td>\n<td style=\"width: 104px;\">1013<\/td>\n<td style=\"width: 96px;\">18,1MPa<\/td>\n<td style=\"width: 177px;\">M22*1.5<\/td>\n<td style=\"width: 60px;\">54 kg<\/td>\n<\/tr>\n<\/tbody>\n<\/table>\n<h2><strong>Le v\u00e9rin hydraulique permet de gagner en efficacit\u00e9 et en pr\u00e9cision :<\/strong><\/h2>\n<p>D\u00e9couvrez la v\u00e9ritable puissance de la technologie hydraulique avec le v\u00e9rin hydraulique. Ce dispositif remarquable est con\u00e7u pour offrir pr\u00e9cision et fiabilit\u00e9 dans une large gamme d'applications. Des machines industrielles aux \u00e9quipements de construction, le v\u00e9rin hydraulique est la cl\u00e9 de l'optimisation des performances et de l'obtention de r\u00e9sultats exceptionnels. D\u00e9couvrez comment ce puissant outil peut r\u00e9volutionner vos op\u00e9rations.<\/p>\n<ul>\n<li><strong>Ing\u00e9nierie de pr\u00e9cision<\/strong>: Le v\u00e9rin hydraulique est m\u00e9ticuleusement con\u00e7u pour offrir un contr\u00f4le pr\u00e9cis du mouvement et de la force. Gr\u00e2ce \u00e0 sa conception avanc\u00e9e et \u00e0 sa construction de haute qualit\u00e9, il garantit des performances pr\u00e9cises et reproductibles, ce qui vous permet d'obtenir les r\u00e9sultats souhait\u00e9s avec une pr\u00e9cision exceptionnelle.<\/li>\n<li><strong>Efficacit\u00e9 accrue<\/strong>: Dites adieu aux inefficacit\u00e9s et aux performances in\u00e9gales. Le v\u00e9rin hydraulique optimise l'utilisation de la puissance hydraulique, maximisant ainsi l'efficacit\u00e9 et la productivit\u00e9. D\u00e9couvrez des mouvements fluides et contr\u00f4l\u00e9s qui r\u00e9duisent le gaspillage d'\u00e9nergie et am\u00e9liorent les performances globales du syst\u00e8me.<\/li>\n<\/ul>\n<h2><strong>Capacit\u00e9 de l'usine :<\/strong><\/h2>\n<h3><strong>(1) Assemblage<\/strong><\/h3>\n<p>Notre usine dispose d'une plateforme d'assemblage de recherche et d\u00e9veloppement ind\u00e9pendante de premier ordre, d\u00e9di\u00e9e \u00e0 la production de v\u00e9rins hydrauliques. Nous exploitons quatre lignes d'assemblage de v\u00e9rins de levage semi-automatiques et une ligne d'assemblage de v\u00e9rins d'inclinaison enti\u00e8rement automatique, avec une capacit\u00e9 de production annuelle impressionnante d'un million de v\u00e9rins.<img loading=\"lazy\" decoding=\"async\" class=\"aligncenter wp-image-626\" src=\"https:\/\/hydraulic-cylinders.net\/wp-content\/uploads\/2023\/08\/hydraulic-cylinder-product-1-300x158.webp\" alt=\"\" width=\"500\" height=\"263\" srcset=\"https:\/\/hydraulic-cylinders.net\/wp-content\/uploads\/2023\/08\/hydraulic-cylinder-product-1-300x158.webp 500w, https:\/\/hydraulic-cylinders.net\/wp-content\/uploads\/2023\/08\/hydraulic-cylinder-product-1-480x252.webp 480w\" sizes=\"(min-width: 0px) and (max-width: 480px) 480px, (min-width: 481px) 500px, 100vw\" \/><\/p>\n<p>Dans notre atelier sp\u00e9cialis\u00e9 dans les cylindres, nous utilisons un syst\u00e8me d'assemblage et de nettoyage semi-automatique, con\u00e7u pour diverses sp\u00e9cifications, capable de produire 200\u00a0000 cylindres par an. Notre atelier est \u00e9quip\u00e9 d'\u00e9quipements d'usinage CNC de pointe, d'un centre d'usinage, d'outils d'usinage de haute pr\u00e9cision, de machines de soudage robotis\u00e9es, de syst\u00e8mes de nettoyage automatique et d'une ligne d'assemblage automatis\u00e9e. Nous disposons \u00e9galement d'une ligne de peinture enti\u00e8rement automatis\u00e9e.<\/p>\n<p>Avec plus de 300 \u00e9quipements critiques, notre allocation optimale des ressources nous permet de respecter les normes strictes de pr\u00e9cision et de qualit\u00e9 exig\u00e9es par nos clients. Cet engagement envers l'efficacit\u00e9 et la pr\u00e9cision nous positionne comme leader du secteur des v\u00e9rins hydrauliques.<\/p>\n<p><img loading=\"lazy\" decoding=\"async\" class=\"aligncenter wp-image-627\" src=\"https:\/\/hydraulic-cylinders.net\/wp-content\/uploads\/2023\/08\/hydraulic-cylinder-product-2-300x189.webp\" alt=\"\" width=\"500\" height=\"315\" srcset=\"https:\/\/hydraulic-cylinders.net\/wp-content\/uploads\/2023\/08\/hydraulic-cylinder-product-2-300x189.webp 500w, https:\/\/hydraulic-cylinders.net\/wp-content\/uploads\/2023\/08\/hydraulic-cylinder-product-2-480x302.webp 480w\" sizes=\"(min-width: 0px) and (max-width: 480px) 480px, (min-width: 481px) 500px, 100vw\" \/><\/p>\n<h3><strong>(2) Usinage<\/strong><\/h3>\n<p>Notre atelier d'usinage est \u00e9quip\u00e9 d'\u00e9quipements de pointe, dont un centre de tournage sur rail inclin\u00e9 sur mesure, un centre d'usinage de pr\u00e9cision, une machine de rodage \u00e0 grande vitesse et des robots de soudage de pointe. Cette configuration sophistiqu\u00e9e nous permet d'usiner efficacement des tubes cylindriques d'un diam\u00e8tre int\u00e9rieur maximal de 400 mm et d'une longueur allant jusqu'\u00e0 6 m\u00e8tres.<\/p>\n<p><img loading=\"lazy\" decoding=\"async\" class=\"wp-image-628 size-large aligncenter\" src=\"https:\/\/hydraulic-cylinders.net\/wp-content\/uploads\/2023\/08\/hydraulic-cylinder-product-3-1024x391.webp\" alt=\"\" width=\"1024\" height=\"391\" srcset=\"https:\/\/hydraulic-cylinders.net\/wp-content\/uploads\/2023\/08\/hydraulic-cylinder-product-3-980x374.webp 980w, https:\/\/hydraulic-cylinders.net\/wp-content\/uploads\/2023\/08\/hydraulic-cylinder-product-3-480x183.webp 480w\" sizes=\"(min-width: 0px) and (max-width: 480px) 480px, (min-width: 481px) and (max-width: 980px) 980px, (min-width: 981px) 1024px, 100vw\" \/><\/p>\n<p>Gr\u00e2ce \u00e0 notre technologie de pointe, nous garantissons un usinage de haute qualit\u00e9 qui r\u00e9pond aux divers besoins de la production de v\u00e9rins hydrauliques.<\/p>\n<h3><strong>(3) Soudage<\/strong><\/h3>\n<p><img loading=\"lazy\" decoding=\"async\" class=\"wp-image-629 size-large aligncenter\" src=\"https:\/\/hydraulic-cylinders.net\/wp-content\/uploads\/2023\/08\/hydraulic-cylinder-product-4-1024x510.webp\" alt=\"\" width=\"1024\" height=\"510\" srcset=\"https:\/\/hydraulic-cylinders.net\/wp-content\/uploads\/2023\/08\/hydraulic-cylinder-product-4-980x488.webp 980w, https:\/\/hydraulic-cylinders.net\/wp-content\/uploads\/2023\/08\/hydraulic-cylinder-product-4-480x239.webp 480w\" sizes=\"(min-width: 0px) and (max-width: 480px) 480px, (min-width: 481px) and (max-width: 980px) 980px, (min-width: 981px) 1024px, 100vw\" \/><\/p>\n<h3><strong>(4) Peinture et rev\u00eatement<\/strong><\/h3>\n<p><img loading=\"lazy\" decoding=\"async\" class=\"wp-image-630 aligncenter\" src=\"https:\/\/hydraulic-cylinders.net\/wp-content\/uploads\/2023\/08\/hydraulic-cylinder-product-5-300x213.webp\" alt=\"\" width=\"500\" height=\"355\" \/><\/p>\n<p>Notre usine est \u00e9quip\u00e9e de lignes automatiques de rev\u00eatement de peinture \u00e0 l'eau de pointe, sp\u00e9cialement con\u00e7ues pour les cylindres de petite et moyenne taille. Ces lignes utilisent une technologie robotis\u00e9e pour un chargement, un d\u00e9chargement et une pulv\u00e9risation efficaces, atteignant une capacit\u00e9 de production remarquable de 4\u00a0000 pi\u00e8ces par \u00e9quipe.<\/p>\n<p><img loading=\"lazy\" decoding=\"async\" class=\"wp-image-631 aligncenter\" src=\"https:\/\/hydraulic-cylinders.net\/wp-content\/uploads\/2023\/08\/hydraulic-cylinder-product-6-300x225.webp\" alt=\"\" width=\"500\" height=\"375\" srcset=\"https:\/\/hydraulic-cylinders.net\/wp-content\/uploads\/2023\/08\/hydraulic-cylinder-product-6-300x225.webp 500w, https:\/\/hydraulic-cylinders.net\/wp-content\/uploads\/2023\/08\/hydraulic-cylinder-product-6-480x360.webp 480w\" sizes=\"(min-width: 0px) and (max-width: 480px) 480px, (min-width: 481px) 500px, 100vw\" \/><\/p>\n<p>Nous exploitons \u00e9galement une ligne de production de peinture semi-automatique pour grands v\u00e9rins, aliment\u00e9e par une cha\u00eene de production robuste, d'une capacit\u00e9 nominale de 60 caisses par \u00e9quipe. Cette combinaison d'automatisation et d'efficacit\u00e9 garantit des finitions de haute qualit\u00e9 pour tous nos v\u00e9rins hydrauliques.<\/p>\n<h3><strong>(5) Essais<\/strong><\/h3>\n<p>Nous disposons d'installations d'inspection et de bancs d'essai de premier ordre pour garantir que les performances de la bouteille sont conformes aux exigences.<\/p>\n<p><img loading=\"lazy\" decoding=\"async\" class=\"wp-image-632 aligncenter\" src=\"https:\/\/hydraulic-cylinders.net\/wp-content\/uploads\/2023\/08\/hydraulic-cylinder-product-8-300x200.webp\" alt=\"\" width=\"389\" height=\"260\" \/><\/p>\n<p>Nous sommes un fabricant renomm\u00e9 de <a href=\"https:\/\/hzpt.com\/mobile-machinery-hydraulic-cylinder\/\" target=\"_blank\" rel=\"noopener\">v\u00e9rins hydrauliques<\/a>, reconnu comme l'un des meilleurs du secteur. Notre vaste gamme de produits comprend une large gamme de v\u00e9rins hydrauliques adapt\u00e9s \u00e0 diverses applications. Outre les v\u00e9rins hydrauliques, nous proposons \u00e9galement des bo\u00eetes de vitesses agricoles de haute qualit\u00e9, garantissant \u00e0 nos clients des solutions compl\u00e8tes pour leurs besoins en machines.<\/p>\n<p>Gr\u00e2ce \u00e0 notre engagement envers l'excellence, nous exportons avec succ\u00e8s nos produits vers des clients du monde entier, nous forgeant une solide r\u00e9putation pour la qualit\u00e9 sup\u00e9rieure de nos produits et l'excellence de notre service apr\u00e8s-vente. Notre engagement envers la satisfaction client nous positionne comme un partenaire de confiance sur les march\u00e9s nationaux et internationaux.<\/p>\n<h2><strong>Pourquoi nous choisir?<\/strong><\/h2>\n<p><img loading=\"lazy\" decoding=\"async\" class=\"size-full wp-image-7201 aligncenter\" src=\"https:\/\/www.hydraulic-cylinders.net\/wp-content\/uploads\/2024\/09\/mining-dump-steering-cylinder-hydraulics-on-trucks-8.webp\" alt=\"\" width=\"1110\" height=\"735\" srcset=\"https:\/\/www.hydraulic-cylinders.net\/wp-content\/uploads\/2024\/09\/mining-dump-steering-cylinder-hydraulics-on-trucks-8.webp 1110w, https:\/\/www.hydraulic-cylinders.net\/wp-content\/uploads\/2024\/09\/mining-dump-steering-cylinder-hydraulics-on-trucks-8-980x649.webp 980w, https:\/\/www.hydraulic-cylinders.net\/wp-content\/uploads\/2024\/09\/mining-dump-steering-cylinder-hydraulics-on-trucks-8-480x318.webp 480w\" sizes=\"(min-width: 0px) and (max-width: 480px) 480px, (min-width: 481px) and (max-width: 980px) 980px, (min-width: 981px) 1110px, 100vw\" \/><\/p>\n<p><strong>Expertise professionnelle:<\/strong> Notre \u00e9quipe est compos\u00e9e de professionnels de l\u2019industrie poss\u00e9dant une connaissance et une exp\u00e9rience approfondies des syst\u00e8mes hydrauliques, garantissant ainsi que nous fournissons des produits et services de premier ordre.<\/p>\n<p><strong>Certifications internationales :<\/strong> Nous adh\u00e9rons \u00e0 des normes de qualit\u00e9 strictes et d\u00e9tenons diverses certifications internationales, d\u00e9montrant notre engagement \u00e0 fournir des solutions hydrauliques fiables et s\u00fbres.<\/p>\n<p><strong>Solutions personnalis\u00e9es :<\/strong> Nous comprenons que les besoins de chaque client sont uniques. C'est pourquoi nous proposons des v\u00e9rins hydrauliques et des r\u00e9ducteurs sur mesure, adapt\u00e9s \u00e0 vos besoins sp\u00e9cifiques.<\/p>\n<p><strong>\u00c9quipement de production avanc\u00e9 :<\/strong> Nos installations de fabrication \u00e0 la pointe de la technologie utilisent les derni\u00e8res technologies et \u00e9quipements, nous permettant de produire efficacement des produits de haute qualit\u00e9.<\/p>\n<p><strong>Assistance apr\u00e8s-vente compl\u00e8te :<\/strong> Notre engagement envers nos clients va au-del\u00e0 de la vente. Nous offrons un service d'assistance et de maintenance continu pour garantir des performances optimales de nos produits.<\/p>\n<p>Nous invitons nos clients du monde entier \u00e0 nous contacter pour des n\u00e9gociations commerciales, des \u00e9changes d'informations et des opportunit\u00e9s de collaboration. Ensemble, nous pouvons accro\u00eetre notre r\u00e9ussite dans le secteur hydraulique\u00a0!<\/p>","protected":false},"excerpt":{"rendered":"<p>Forklift Short Lifting Hydraulic Cylinder The Short Forklift Lift Cylinder is designed to tackle short lifting tasks effortlessly, delivering the power and precision needed to optimize your material handling operations. Featuring a robust design, this hydraulic cylinder can withstand heavy loads, frequent use, and challenging operating conditions. Built for durability, it ensures reliable performance while [&hellip;]<\/p>","protected":false},"featured_media":658,"comment_status":"open","ping_status":"closed","template":"","meta":{"_et_pb_use_builder":"","_et_pb_old_content":"","_et_gb_content_width":""},"product_brand":[],"product_cat":[1484,1549],"product_tag":[1380],"class_list":{"0":"post-652","1":"product","2":"type-product","3":"status-publish","4":"has-post-thumbnail","6":"product_cat-forklift-hydraulic-cylinders","7":"product_cat-single-acting-hydraulic-cylinder","8":"product_tag-hydraulic-cylinder","10":"first","11":"instock","12":"shipping-taxable","13":"product-type-simple"},"amp_enabled":true,"_links":{"self":[{"href":"https:\/\/www.hydraulic-cylinders.net\/fr\/wp-json\/wp\/v2\/product\/652","targetHints":{"allow":["GET"]}}],"collection":[{"href":"https:\/\/www.hydraulic-cylinders.net\/fr\/wp-json\/wp\/v2\/product"}],"about":[{"href":"https:\/\/www.hydraulic-cylinders.net\/fr\/wp-json\/wp\/v2\/types\/product"}],"replies":[{"embeddable":true,"href":"https:\/\/www.hydraulic-cylinders.net\/fr\/wp-json\/wp\/v2\/comments?post=652"}],"wp:featuredmedia":[{"embeddable":true,"href":"https:\/\/www.hydraulic-cylinders.net\/fr\/wp-json\/wp\/v2\/media\/658"}],"wp:attachment":[{"href":"https:\/\/www.hydraulic-cylinders.net\/fr\/wp-json\/wp\/v2\/media?parent=652"}],"wp:term":[{"taxonomy":"product_brand","embeddable":true,"href":"https:\/\/www.hydraulic-cylinders.net\/fr\/wp-json\/wp\/v2\/product_brand?post=652"},{"taxonomy":"product_cat","embeddable":true,"href":"https:\/\/www.hydraulic-cylinders.net\/fr\/wp-json\/wp\/v2\/product_cat?post=652"},{"taxonomy":"product_tag","embeddable":true,"href":"https:\/\/www.hydraulic-cylinders.net\/fr\/wp-json\/wp\/v2\/product_tag?post=652"}],"curies":[{"name":"wp","href":"https:\/\/api.w.org\/{rel}","templated":true}]}}