{"id":659,"date":"2023-08-21T03:11:05","date_gmt":"2023-08-21T03:11:05","guid":{"rendered":"https:\/\/hydraulic-cylinders.net\/?post_type=product&#038;p=659"},"modified":"2025-04-11T03:15:45","modified_gmt":"2025-04-11T03:15:45","slug":"forklift-distance-adjustment-hydraulic-cylinder","status":"publish","type":"product","link":"https:\/\/www.hydraulic-cylinders.net\/fr\/produit\/forklift-distance-adjustment-hydraulic-cylinder\/","title":{"rendered":"V\u00e9rin hydraulique de r\u00e9glage de la distance pour chariot \u00e9l\u00e9vateur \u00e0 fourche"},"content":{"rendered":"<h1 style=\"text-align: center;\"><strong>V\u00e9rin hydraulique de r\u00e9glage de la distance pour chariot \u00e9l\u00e9vateur \u00e0 fourche<\/strong><\/h1>\n<p><img loading=\"lazy\" decoding=\"async\" class=\"aligncenter wp-image-660\" src=\"https:\/\/hydraulic-cylinders.net\/wp-content\/uploads\/2023\/08\/distance-ajustment-hydraulic-cylinder-product-4-300x300.webp\" alt=\"produit pour v\u00e9rins hydrauliques de r\u00e9glage de la distance\" width=\"400\" height=\"400\" \/><\/p>\n<p>Le v\u00e9rin hydraulique de r\u00e9glage de la distance des chariots \u00e9l\u00e9vateurs est une solution polyvalente con\u00e7ue pour am\u00e9liorer la port\u00e9e et la pr\u00e9cision des op\u00e9rations des chariots \u00e9l\u00e9vateurs. Ce v\u00e9rin hydraulique permet un r\u00e9glage pratique et efficace de la distance entre les fourches, ce qui permet aux op\u00e9rateurs de manipuler des charges de tailles diff\u00e9rentes et de s'adapter facilement \u00e0 l'agencement de l'entrep\u00f4t.<\/p>\n<p>Le syst\u00e8me hydraulique du v\u00e9rin de r\u00e9glage de la distance du chariot \u00e9l\u00e9vateur garantit un mouvement souple et contr\u00f4l\u00e9 pendant le r\u00e9glage de la distance. Les op\u00e9rateurs peuvent obtenir un positionnement pr\u00e9cis sans secousses ni mouvements brusques, ce qui garantit la stabilit\u00e9 de la manutention de la charge et le confort de l'op\u00e9rateur.<\/p>\n<p>Con\u00e7u pour r\u00e9sister aux rigueurs des op\u00e9rations quotidiennes des chariots \u00e9l\u00e9vateurs, ce v\u00e9rin hydraulique est dot\u00e9 d'une construction robuste qui r\u00e9siste \u00e0 l'usure, \u00e0 la corrosion et aux dommages. Il est con\u00e7u pour supporter de lourdes charges, des cycles de r\u00e9glage fr\u00e9quents et des conditions de travail difficiles, offrant des performances fiables m\u00eame dans les environnements les plus exigeants.<\/p>\n<h2><strong>Cylindre hydraulique de r\u00e9glage de la distance pour chariot \u00e9l\u00e9vateur \u00e0 fourche Param\u00e8tres :<\/strong><\/h2>\n<table>\n<tbody>\n<tr>\n<td><img loading=\"lazy\" decoding=\"async\" class=\"alignnone wp-image-661 size-full\" src=\"https:\/\/hydraulic-cylinders.net\/wp-content\/uploads\/2023\/08\/distance-ajustment-hydraulic-cylinder-product-1.webp\" alt=\"\" width=\"333\" height=\"211\" srcset=\"https:\/\/www.hydraulic-cylinders.net\/wp-content\/uploads\/2023\/08\/distance-ajustment-hydraulic-cylinder-product-1.webp 333w, https:\/\/www.hydraulic-cylinders.net\/wp-content\/uploads\/2023\/08\/distance-ajustment-hydraulic-cylinder-product-1-300x190.webp 300w\" sizes=\"(max-width: 333px) 100vw, 333px\" \/><\/td>\n<td><img loading=\"lazy\" decoding=\"async\" class=\"alignnone wp-image-662 size-full\" src=\"https:\/\/hydraulic-cylinders.net\/wp-content\/uploads\/2023\/08\/distance-ajustment-hydraulic-cylinder-product-1-1.webp\" alt=\"\" width=\"475\" height=\"148\" srcset=\"https:\/\/www.hydraulic-cylinders.net\/wp-content\/uploads\/2023\/08\/distance-ajustment-hydraulic-cylinder-product-1-1.webp 475w, https:\/\/www.hydraulic-cylinders.net\/wp-content\/uploads\/2023\/08\/distance-ajustment-hydraulic-cylinder-product-1-1-300x93.webp 300w\" sizes=\"(max-width: 475px) 100vw, 475px\" \/><\/td>\n<\/tr>\n<\/tbody>\n<\/table>\n<table style=\"height: 95px; width: 938px;\" border=\"1\" cellspacing=\"0\" cellpadding=\"0\">\n<tbody>\n<tr style=\"height: 47px;\">\n<td style=\"height: 47px; width: 144.462px;\">Nom du cylindre<\/td>\n<td style=\"height: 47px; width: 114.363px;\">num\u00e9ro de dessin<\/td>\n<td style=\"height: 47px; width: 90.2875px;\">diam\u00e8tre de l'al\u00e9sage (D)<\/td>\n<td style=\"height: 47px; width: 78.25px;\">diam\u00e8tre de la tige (d)<\/td>\n<td style=\"height: 47px; width: 64.2px;\">AVC (S)<\/td>\n<td style=\"height: 47px; width: 102.325px;\">Distance d'installation (L)<\/td>\n<td style=\"height: 47px; width: 95.3px;\">pression de service<\/td>\n<td style=\"height: 47px; width: 173.55px;\">Dimensions de l'interface (M)<\/td>\n<td style=\"height: 47px; width: 59.2625px;\">poids<\/td>\n<\/tr>\n<tr style=\"height: 48px;\">\n<td class=\"et3\" style=\"height: 48px; width: 144.462px;\" height=\"325\">Cylindre de r\u00e9glage de la distance<\/td>\n<td style=\"width: 114.363px;\">3CS17G-30-00T4<\/td>\n<td style=\"width: 90.2875px;\">\u03a650<\/td>\n<td style=\"width: 78.25px;\">\u03a625<\/td>\n<td style=\"width: 64.2px;\">295<\/td>\n<td style=\"width: 102.325px;\">503<\/td>\n<td style=\"width: 95.3px;\">16MPa<\/td>\n<td style=\"width: 173.55px;\">2-M16*1.5<\/td>\n<td style=\"width: 59.2625px;\">7kg<\/td>\n<\/tr>\n<\/tbody>\n<\/table>\n<table>\n<tbody>\n<tr>\n<td><img loading=\"lazy\" decoding=\"async\" class=\"alignnone wp-image-663 size-full\" src=\"https:\/\/hydraulic-cylinders.net\/wp-content\/uploads\/2023\/08\/distance-ajustment-hydraulic-cylinder-product-2.webp\" alt=\"\" width=\"333\" height=\"214\" srcset=\"https:\/\/www.hydraulic-cylinders.net\/wp-content\/uploads\/2023\/08\/distance-ajustment-hydraulic-cylinder-product-2.webp 333w, https:\/\/www.hydraulic-cylinders.net\/wp-content\/uploads\/2023\/08\/distance-ajustment-hydraulic-cylinder-product-2-300x193.webp 300w\" sizes=\"(max-width: 333px) 100vw, 333px\" \/><\/td>\n<td><img loading=\"lazy\" decoding=\"async\" class=\"alignnone wp-image-664 size-full\" src=\"https:\/\/hydraulic-cylinders.net\/wp-content\/uploads\/2023\/08\/distance-ajustment-hydraulic-cylinder-product-2-1.webp\" alt=\"\" width=\"475\" height=\"158\" srcset=\"https:\/\/www.hydraulic-cylinders.net\/wp-content\/uploads\/2023\/08\/distance-ajustment-hydraulic-cylinder-product-2-1.webp 475w, https:\/\/www.hydraulic-cylinders.net\/wp-content\/uploads\/2023\/08\/distance-ajustment-hydraulic-cylinder-product-2-1-300x100.webp 300w\" sizes=\"(max-width: 475px) 100vw, 475px\" \/><\/td>\n<\/tr>\n<\/tbody>\n<\/table>\n<table style=\"height: 101px; width: 938px;\" border=\"1\" cellspacing=\"0\" cellpadding=\"0\">\n<tbody>\n<tr style=\"height: 47px;\">\n<td style=\"height: 47px; width: 156.5px;\">Nom du cylindre<\/td>\n<td style=\"height: 47px; width: 114.363px;\">num\u00e9ro de dessin<\/td>\n<td style=\"height: 47px; width: 79.25px;\">diam\u00e8tre de l'al\u00e9sage (D)<\/td>\n<td style=\"height: 47px; width: 78.25px;\">diam\u00e8tre de la tige (d)<\/td>\n<td style=\"height: 47px; width: 63.2px;\">AVC (S)<\/td>\n<td style=\"height: 47px; width: 102.325px;\">Distance d'installation (L)<\/td>\n<td style=\"height: 47px; width: 94.3px;\">pression de service<\/td>\n<td style=\"height: 47px; width: 174.562px;\">Dimensions de l'interface (M)<\/td>\n<td style=\"height: 47px; width: 59.25px;\">poids<\/td>\n<\/tr>\n<tr style=\"height: 54px;\">\n<td class=\"et3\" style=\"height: 54px; width: 156.5px;\" height=\"325\">Cylindre de r\u00e9glage de la distance<\/td>\n<td style=\"width: 114.363px;\">7B3-303000-00TA<\/td>\n<td style=\"width: 79.25px;\">\u03a650<\/td>\n<td style=\"width: 78.25px;\">\u03a628<\/td>\n<td style=\"width: 63.2px;\">750<\/td>\n<td style=\"width: 102.325px;\">1040<\/td>\n<td style=\"width: 94.3px;\">18MPa<\/td>\n<td style=\"width: 174.562px;\">M14*1,5;M16*1,5<\/td>\n<td style=\"width: 59.25px;\">14 kg<\/td>\n<\/tr>\n<\/tbody>\n<\/table>\n<table>\n<tbody>\n<tr>\n<td><img loading=\"lazy\" decoding=\"async\" class=\"alignnone wp-image-665 size-full\" src=\"https:\/\/hydraulic-cylinders.net\/wp-content\/uploads\/2023\/08\/distance-ajustment-hydraulic-cylinder-product-3.webp\" alt=\"\" width=\"333\" height=\"214\" srcset=\"https:\/\/www.hydraulic-cylinders.net\/wp-content\/uploads\/2023\/08\/distance-ajustment-hydraulic-cylinder-product-3.webp 333w, https:\/\/www.hydraulic-cylinders.net\/wp-content\/uploads\/2023\/08\/distance-ajustment-hydraulic-cylinder-product-3-300x193.webp 300w\" sizes=\"(max-width: 333px) 100vw, 333px\" \/><\/td>\n<td><img loading=\"lazy\" decoding=\"async\" class=\"alignnone wp-image-666 size-full\" src=\"https:\/\/hydraulic-cylinders.net\/wp-content\/uploads\/2023\/08\/distance-ajustment-hydraulic-cylinder-product-3-1.webp\" alt=\"\" width=\"475\" height=\"154\" srcset=\"https:\/\/www.hydraulic-cylinders.net\/wp-content\/uploads\/2023\/08\/distance-ajustment-hydraulic-cylinder-product-3-1.webp 475w, https:\/\/www.hydraulic-cylinders.net\/wp-content\/uploads\/2023\/08\/distance-ajustment-hydraulic-cylinder-product-3-1-300x97.webp 300w\" sizes=\"(max-width: 475px) 100vw, 475px\" \/><\/td>\n<\/tr>\n<\/tbody>\n<\/table>\n<table style=\"height: 98px; width: 938px;\" border=\"1\" cellspacing=\"0\" cellpadding=\"0\">\n<tbody>\n<tr style=\"height: 47px;\">\n<td style=\"height: 47px; width: 150.887px;\">Nom du cylindre<\/td>\n<td style=\"height: 47px; width: 119.35px;\">num\u00e9ro de dessin<\/td>\n<td style=\"height: 47px; width: 79.0625px;\">diam\u00e8tre de l'al\u00e9sage (D)<\/td>\n<td style=\"height: 47px; width: 78.1px;\">diam\u00e8tre de la tige (d)<\/td>\n<td style=\"height: 47px; width: 64.0125px;\">AVC (S)<\/td>\n<td style=\"height: 47px; width: 102.65px;\">Distance d'installation (L)<\/td>\n<td style=\"height: 47px; width: 95.45px;\">pression de service<\/td>\n<td style=\"height: 47px; width: 173.137px;\">Dimensions de l'interface (M)<\/td>\n<td style=\"height: 47px; width: 59.35px;\">poids<\/td>\n<\/tr>\n<tr style=\"height: 54px;\">\n<td class=\"et3\" style=\"height: 54px; width: 150.887px;\" height=\"325\">Cylindre de r\u00e9glage de la distance<\/td>\n<td style=\"width: 119.35px;\">5CS17-40-00Z<\/td>\n<td style=\"width: 79.0625px;\">\u03a650<\/td>\n<td style=\"width: 78.1px;\">\u03a625<\/td>\n<td style=\"width: 64.0125px;\">619<\/td>\n<td style=\"width: 102.65px;\">889<\/td>\n<td style=\"width: 95.45px;\">15MPa<\/td>\n<td style=\"width: 173.137px;\">M14*1.5<\/td>\n<td style=\"width: 59.35px;\">13 kg<\/td>\n<\/tr>\n<\/tbody>\n<\/table>\n<table>\n<tbody>\n<tr>\n<td><img loading=\"lazy\" decoding=\"async\" class=\"alignnone wp-image-667 size-medium\" src=\"https:\/\/hydraulic-cylinders.net\/wp-content\/uploads\/2023\/08\/distance-ajustment-hydraulic-cylinder-product-4-1-300x228.webp\" alt=\"\" width=\"300\" height=\"228\" \/><\/td>\n<td><img loading=\"lazy\" decoding=\"async\" class=\"alignnone wp-image-668 size-full\" src=\"https:\/\/hydraulic-cylinders.net\/wp-content\/uploads\/2023\/08\/distance-ajustment-hydraulic-cylinder-product-4-1-1.webp\" alt=\"\" width=\"475\" height=\"175\" srcset=\"https:\/\/www.hydraulic-cylinders.net\/wp-content\/uploads\/2023\/08\/distance-ajustment-hydraulic-cylinder-product-4-1-1.webp 475w, https:\/\/www.hydraulic-cylinders.net\/wp-content\/uploads\/2023\/08\/distance-ajustment-hydraulic-cylinder-product-4-1-1-300x111.webp 300w\" sizes=\"(max-width: 475px) 100vw, 475px\" \/><\/td>\n<\/tr>\n<\/tbody>\n<\/table>\n<table style=\"height: 98px; width: 919px;\" border=\"1\" cellspacing=\"0\" cellpadding=\"0\">\n<tbody>\n<tr style=\"height: 47px;\">\n<td style=\"height: 47px; width: 150px;\">Nom du cylindre<\/td>\n<td style=\"height: 47px; width: 119px;\">num\u00e9ro de dessin<\/td>\n<td style=\"height: 47px; width: 79px;\">diam\u00e8tre de l'al\u00e9sage (D)<\/td>\n<td style=\"height: 47px; width: 78px;\">diam\u00e8tre de la tige (d)<\/td>\n<td style=\"height: 47px; width: 64px;\">AVC (S)<\/td>\n<td style=\"height: 47px; width: 102px;\">Distance d'installation (L)<\/td>\n<td style=\"height: 47px; width: 95px;\">pression de service<\/td>\n<td style=\"height: 47px; width: 173px;\">Dimensions de l'interface (M)<\/td>\n<td style=\"height: 47px; width: 59px;\">poids<\/td>\n<\/tr>\n<tr style=\"height: 54px;\">\n<td class=\"et3\" style=\"height: 54px; width: 150px;\" height=\"325\">Cylindre de r\u00e9glage de la distance<\/td>\n<td style=\"width: 119px;\" width=\"270\">8M3-304000A-625<\/td>\n<td style=\"width: 79px;\" width=\"102\">\u03a663<\/td>\n<td style=\"width: 78px;\" width=\"99\">\u03a632<\/td>\n<td style=\"width: 64px;\" width=\"91\">855<\/td>\n<td style=\"width: 102px;\" width=\"136\">1174<\/td>\n<td style=\"width: 95px;\" width=\"138\">20MPa<\/td>\n<td style=\"width: 173px;\" width=\"294\">2-M16*1.5<\/td>\n<td style=\"width: 59px;\" width=\"78\">22 kg<\/td>\n<\/tr>\n<\/tbody>\n<\/table>\n<table>\n<tbody>\n<tr>\n<td><img loading=\"lazy\" decoding=\"async\" class=\"alignnone wp-image-669 size-full\" src=\"https:\/\/hydraulic-cylinders.net\/wp-content\/uploads\/2023\/08\/distance-ajustment-hydraulic-cylinder-product-5.webp\" alt=\"\" width=\"333\" height=\"221\" srcset=\"https:\/\/www.hydraulic-cylinders.net\/wp-content\/uploads\/2023\/08\/distance-ajustment-hydraulic-cylinder-product-5.webp 333w, https:\/\/www.hydraulic-cylinders.net\/wp-content\/uploads\/2023\/08\/distance-ajustment-hydraulic-cylinder-product-5-300x199.webp 300w\" sizes=\"(max-width: 333px) 100vw, 333px\" \/><\/td>\n<td><img loading=\"lazy\" decoding=\"async\" class=\"alignnone wp-image-670 size-full\" src=\"https:\/\/hydraulic-cylinders.net\/wp-content\/uploads\/2023\/08\/distance-ajustment-hydraulic-cylinder-product-5-1.webp\" alt=\"\" width=\"475\" height=\"125\" srcset=\"https:\/\/www.hydraulic-cylinders.net\/wp-content\/uploads\/2023\/08\/distance-ajustment-hydraulic-cylinder-product-5-1.webp 475w, https:\/\/www.hydraulic-cylinders.net\/wp-content\/uploads\/2023\/08\/distance-ajustment-hydraulic-cylinder-product-5-1-300x79.webp 300w\" sizes=\"(max-width: 475px) 100vw, 475px\" \/><\/td>\n<\/tr>\n<\/tbody>\n<\/table>\n<table style=\"height: 98px; width: 919px;\" border=\"1\" cellspacing=\"0\" cellpadding=\"0\">\n<tbody>\n<tr style=\"height: 47px;\">\n<td style=\"height: 47px; width: 150px;\">Nom du cylindre<\/td>\n<td style=\"height: 47px; width: 119px;\">num\u00e9ro de dessin<\/td>\n<td style=\"height: 47px; width: 79px;\">diam\u00e8tre de l'al\u00e9sage (D)<\/td>\n<td style=\"height: 47px; width: 78px;\">diam\u00e8tre de la tige (d)<\/td>\n<td style=\"height: 47px; width: 64px;\">AVC (S)<\/td>\n<td style=\"height: 47px; width: 102px;\">Distance d'installation (L)<\/td>\n<td style=\"height: 47px; width: 95px;\">pression de service<\/td>\n<td style=\"height: 47px; width: 173px;\">Dimensions de l'interface (M)<\/td>\n<td style=\"height: 47px; width: 59px;\">poids<\/td>\n<\/tr>\n<tr style=\"height: 54px;\">\n<td class=\"et3\" style=\"height: 54px; width: 150px;\" height=\"325\">Cylindre de r\u00e9glage de la distance<\/td>\n<td style=\"width: 119px;\" width=\"270\">7B3-304000-00<\/td>\n<td style=\"width: 79px;\" width=\"102\">\u03a670<\/td>\n<td style=\"width: 78px;\" width=\"99\">\u03a630<\/td>\n<td style=\"width: 64px;\" width=\"91\">300<\/td>\n<td style=\"width: 102px;\" width=\"136\">536<\/td>\n<td style=\"width: 95px;\" width=\"138\">18MPa<\/td>\n<td style=\"width: 173px;\" width=\"294\">2-M14*1.5<\/td>\n<td style=\"width: 59px;\" width=\"78\">13,5 kg<\/td>\n<\/tr>\n<\/tbody>\n<\/table>\n<h2><strong>Lib\u00e9rez la puissance de la durabilit\u00e9 avec le v\u00e9rin hydraulique :<\/strong><\/h2>\n<p>En mati\u00e8re de durabilit\u00e9 et de long\u00e9vit\u00e9, le v\u00e9rin hydraulique sort du lot. Fabriqu\u00e9 \u00e0 partir de mat\u00e9riaux de qualit\u00e9 sup\u00e9rieure et con\u00e7u pour r\u00e9sister aux conditions les plus difficiles, ce v\u00e9rin garantit des performances fiables, m\u00eame dans les applications les plus exigeantes. D\u00e9couvrez les caract\u00e9ristiques exceptionnelles qui font du v\u00e9rin hydraulique le meilleur choix pour vos besoins hydrauliques.<\/p>\n<ul>\n<li><strong>Construction robuste<\/strong>: Gr\u00e2ce \u00e0 sa conception robuste et \u00e0 ses mat\u00e9riaux r\u00e9sistants, le v\u00e9rin hydraulique est con\u00e7u pour \u00eatre solide et durable. Il supporte sans effort des pressions \u00e9lev\u00e9es et des charges lourdes, garantissant des performances et une fiabilit\u00e9 durables, m\u00eame dans des environnements difficiles.<\/li>\n<li><strong>R\u00e9sistance \u00e0 l'usure et \u00e0 la corrosion<\/strong>: Ne laissez pas l'usure et la corrosion vous ralentir. Le v\u00e9rin hydraulique r\u00e9siste aux \u00e9l\u00e9ments, le prot\u00e9geant des effets n\u00e9fastes de l'humidit\u00e9, des contaminants et des conditions d'utilisation difficiles. Comptez sur ce v\u00e9rin pour durer et fournir des r\u00e9sultats exceptionnels au fil du temps.<\/li>\n<\/ul>\n<h2><strong>Capacit\u00e9 de l'usine :<\/strong><\/h2>\n<h3>(1) Assemblage<\/h3>\n<p>Nous disposons d'une plate-forme d'assemblage ind\u00e9pendante de recherche et de d\u00e9veloppement de premier ordre. L'atelier de production de cylindres pour chariots \u00e9l\u00e9vateurs dispose de 4 lignes d'assemblage de cylindres de levage semi-automatiques et d'une ligne d'assemblage de cylindres d'inclinaison automatiques, avec une capacit\u00e9 de production annuelle pr\u00e9vue de 1 million de pi\u00e8ces ; l'atelier de cylindres sp\u00e9ciaux est \u00e9quip\u00e9 d'un syst\u00e8me d'assemblage de nettoyage semi-automatique de diverses sp\u00e9cifications, avec une capacit\u00e9 de production annuelle pr\u00e9vue de 200 000 pi\u00e8ces. L'usine est \u00e9quip\u00e9e d'un c\u00e9l\u00e8bre \u00e9quipement d'usinage CNC, d'un centre d'usinage, d'un \u00e9quipement sp\u00e9cial de traitement des cylindres de haute pr\u00e9cision, d'une machine de soudage robotis\u00e9e, d'une machine de nettoyage automatique, d'une machine d'assemblage de cylindres automatique, d'une ligne de production de peinture automatique. \u00c9quipements cl\u00e9s existants : plus de 300 ensembles (ensembles). L'allocation optimale et l'utilisation efficace des ressources en \u00e9quipement garantissent les exigences de pr\u00e9cision des produits et r\u00e9pondent aux exigences de haute qualit\u00e9 des produits.<\/p>\n<p><img loading=\"lazy\" decoding=\"async\" class=\"alignnone wp-image-626\" src=\"https:\/\/hydraulic-cylinders.net\/wp-content\/uploads\/2023\/08\/hydraulic-cylinder-product-1-300x158.webp\" alt=\"\" width=\"495\" height=\"260\" srcset=\"https:\/\/hydraulic-cylinders.net\/wp-content\/uploads\/2023\/08\/hydraulic-cylinder-product-1-300x158.webp 495w, https:\/\/hydraulic-cylinders.net\/wp-content\/uploads\/2023\/08\/hydraulic-cylinder-product-1-480x252.webp 480w\" sizes=\"(min-width: 0px) and (max-width: 480px) 480px, (min-width: 481px) 495px, 100vw\" \/> <img loading=\"lazy\" decoding=\"async\" class=\"alignnone wp-image-627\" src=\"https:\/\/hydraulic-cylinders.net\/wp-content\/uploads\/2023\/08\/hydraulic-cylinder-product-2-300x189.webp\" alt=\"\" width=\"413\" height=\"260\" \/><\/p>\n<h3>(2) Usinage<\/h3>\n<p>L'atelier d'usinage est \u00e9quip\u00e9 d'un centre de tournage sur rail inclin\u00e9 personnalis\u00e9, d'un centre d'usinage, d'une machine \u00e0 honer \u00e0 grande vitesse, d'un robot de soudage et d'autres \u00e9quipements connexes, qui peuvent traiter des tubes cylindriques d'un diam\u00e8tre int\u00e9rieur maximal de 400 mm et d'une longueur maximale de 6 m\u00e8tres.<\/p>\n<p><img loading=\"lazy\" decoding=\"async\" class=\"alignnone wp-image-628 size-large\" src=\"https:\/\/hydraulic-cylinders.net\/wp-content\/uploads\/2023\/08\/hydraulic-cylinder-product-3-1024x391.webp\" alt=\"\" width=\"1024\" height=\"391\" srcset=\"https:\/\/hydraulic-cylinders.net\/wp-content\/uploads\/2023\/08\/hydraulic-cylinder-product-3-980x374.webp 980w, https:\/\/hydraulic-cylinders.net\/wp-content\/uploads\/2023\/08\/hydraulic-cylinder-product-3-480x183.webp 480w\" sizes=\"(min-width: 0px) and (max-width: 480px) 480px, (min-width: 481px) and (max-width: 980px) 980px, (min-width: 981px) 1024px, 100vw\" \/><\/p>\n<h3>(3) Soudage<\/h3>\n<p><img loading=\"lazy\" decoding=\"async\" class=\"alignnone wp-image-629 size-large\" src=\"https:\/\/hydraulic-cylinders.net\/wp-content\/uploads\/2023\/08\/hydraulic-cylinder-product-4-1024x510.webp\" alt=\"\" width=\"1024\" height=\"510\" srcset=\"https:\/\/hydraulic-cylinders.net\/wp-content\/uploads\/2023\/08\/hydraulic-cylinder-product-4-980x488.webp 980w, https:\/\/hydraulic-cylinders.net\/wp-content\/uploads\/2023\/08\/hydraulic-cylinder-product-4-480x239.webp 480w\" sizes=\"(min-width: 0px) and (max-width: 480px) 480px, (min-width: 481px) and (max-width: 980px) 980px, (min-width: 981px) 1024px, 100vw\" \/><\/p>\n<h3>(4) Peinture et rev\u00eatement<\/h3>\n<p>La ligne de rev\u00eatement automatique de peinture \u00e0 base d'eau pour cylindres de petite et moyenne taille permet le chargement et le d\u00e9chargement automatiques par robot ainsi que la pulv\u00e9risation automatique. La capacit\u00e9 nominale est de 4 000 pi\u00e8ces par \u00e9quipe ;<br \/>\nNous disposons \u00e9galement d'une ligne de production de peinture semi-automatique pour gros cylindres, aliment\u00e9e par une cha\u00eene de traction, d'une capacit\u00e9 nominale de 60 caisses par \u00e9quipe.<\/p>\n<p><img loading=\"lazy\" decoding=\"async\" class=\"alignnone wp-image-630\" src=\"https:\/\/hydraulic-cylinders.net\/wp-content\/uploads\/2023\/08\/hydraulic-cylinder-product-5-300x213.webp\" alt=\"\" width=\"366\" height=\"260\" \/> <img loading=\"lazy\" decoding=\"async\" class=\"alignnone wp-image-631\" src=\"https:\/\/hydraulic-cylinders.net\/wp-content\/uploads\/2023\/08\/hydraulic-cylinder-product-6-300x225.webp\" alt=\"\" width=\"347\" height=\"260\" \/><\/p>\n<h3>(5) Essais<\/h3>\n<p>Nous disposons d'installations d'inspection et de bancs d'essai de premier ordre pour garantir que les performances de la bouteille sont conformes aux exigences.<\/p>\n<p><img loading=\"lazy\" decoding=\"async\" class=\"alignnone wp-image-632\" src=\"https:\/\/hydraulic-cylinders.net\/wp-content\/uploads\/2023\/08\/hydraulic-cylinder-product-8-300x200.webp\" alt=\"\" width=\"389\" height=\"260\" \/><\/p>\n<p>&nbsp;<\/p>\n<p>&nbsp;<\/p>\n<p>Nous sommes l'un des meilleurs fabricants de v\u00e9rins hydrauliques. Nous pouvons offrir un large stock de v\u00e9rins hydrauliques. Nous fournissons \u00e9galement des <a href=\"https:\/\/hzpt.com\/agricultural-pto-gearbox\/\" target=\"_blank\" rel=\"noopener\">bo\u00eetes de vitesses agricoles<\/a>. Nous avons export\u00e9 nos produits vers des clients du monde entier et avons acquis une bonne r\u00e9putation gr\u00e2ce \u00e0 la qualit\u00e9 sup\u00e9rieure de nos produits et \u00e0 notre service apr\u00e8s-vente. Nous invitons chaleureusement nos clients, tant nationaux qu'\u00e9trangers, \u00e0 nous contacter pour n\u00e9gocier des affaires, \u00e9changer des informations, et...\u00a0<a href=\"https:\/\/www.hydraulic-cylinders.net\/fr\/contact-us\/\">coop\u00e9rer avec nous<\/a>!<\/p>","protected":false},"excerpt":{"rendered":"<p>Forklift Distance Adjustment Hydraulic Cylinder The forklift distance adjustment hydraulic cylinder, a versatile solution designed to enhance the reach and precision of forklift operations. This hydraulic cylinder allows for convenient and efficient adjustment of the forks&#8217; distance, enabling operators to handle different load sizes and adapt to varying warehouse layouts with ease. The hydraulic system [&hellip;]<\/p>","protected":false},"featured_media":671,"comment_status":"open","ping_status":"closed","template":"","meta":{"_et_pb_use_builder":"","_et_pb_old_content":"","_et_gb_content_width":""},"product_brand":[],"product_cat":[1550,1484],"product_tag":[1380],"class_list":{"0":"post-659","1":"product","2":"type-product","3":"status-publish","4":"has-post-thumbnail","6":"product_cat-double-acting-hydraulic-cylinder","7":"product_cat-forklift-hydraulic-cylinders","8":"product_tag-hydraulic-cylinder","10":"first","11":"instock","12":"shipping-taxable","13":"product-type-simple"},"amp_enabled":true,"_links":{"self":[{"href":"https:\/\/www.hydraulic-cylinders.net\/fr\/wp-json\/wp\/v2\/product\/659","targetHints":{"allow":["GET"]}}],"collection":[{"href":"https:\/\/www.hydraulic-cylinders.net\/fr\/wp-json\/wp\/v2\/product"}],"about":[{"href":"https:\/\/www.hydraulic-cylinders.net\/fr\/wp-json\/wp\/v2\/types\/product"}],"replies":[{"embeddable":true,"href":"https:\/\/www.hydraulic-cylinders.net\/fr\/wp-json\/wp\/v2\/comments?post=659"}],"wp:featuredmedia":[{"embeddable":true,"href":"https:\/\/www.hydraulic-cylinders.net\/fr\/wp-json\/wp\/v2\/media\/671"}],"wp:attachment":[{"href":"https:\/\/www.hydraulic-cylinders.net\/fr\/wp-json\/wp\/v2\/media?parent=659"}],"wp:term":[{"taxonomy":"product_brand","embeddable":true,"href":"https:\/\/www.hydraulic-cylinders.net\/fr\/wp-json\/wp\/v2\/product_brand?post=659"},{"taxonomy":"product_cat","embeddable":true,"href":"https:\/\/www.hydraulic-cylinders.net\/fr\/wp-json\/wp\/v2\/product_cat?post=659"},{"taxonomy":"product_tag","embeddable":true,"href":"https:\/\/www.hydraulic-cylinders.net\/fr\/wp-json\/wp\/v2\/product_tag?post=659"}],"curies":[{"name":"wp","href":"https:\/\/api.w.org\/{rel}","templated":true}]}}