{"id":765,"date":"2023-08-23T01:51:12","date_gmt":"2023-08-23T01:51:12","guid":{"rendered":"https:\/\/hydraulic-cylinders.net\/?post_type=product&#038;p=765"},"modified":"2025-03-27T01:13:02","modified_gmt":"2025-03-27T01:13:02","slug":"low-pressure-hydraulic-cylinder-front-pin","status":"publish","type":"product","link":"https:\/\/www.hydraulic-cylinders.net\/fr\/produit\/low-pressure-hydraulic-cylinder-front-pin\/","title":{"rendered":"Cylindre hydraulique basse pression Goupille avant"},"content":{"rendered":"<h1 style=\"text-align: center;\"><strong>Cylindre hydraulique basse pression Goupille avant<\/strong><\/h1>\n<p><img loading=\"lazy\" decoding=\"async\" class=\"aligncenter wp-image-766 size-full\" src=\"https:\/\/hydraulic-cylinders.net\/wp-content\/uploads\/2023\/08\/low-pressure-pull-rod-hydraulic-cylinder-front-hinge-pin-1.webp\" alt=\"\" width=\"379\" height=\"169\" srcset=\"https:\/\/www.hydraulic-cylinders.net\/wp-content\/uploads\/2023\/08\/low-pressure-pull-rod-hydraulic-cylinder-front-hinge-pin-1.webp 379w, https:\/\/www.hydraulic-cylinders.net\/wp-content\/uploads\/2023\/08\/low-pressure-pull-rod-hydraulic-cylinder-front-hinge-pin-1-300x134.webp 300w\" sizes=\"(max-width: 379px) 100vw, 379px\" \/><\/p>\n<p>Dans le cas des v\u00e9rins hydrauliques \u00e0 basse pression, le terme \"goupille avant\" fait g\u00e9n\u00e9ralement r\u00e9f\u00e9rence \u00e0 la goupille ou \u00e0 l'arbre situ\u00e9 \u00e0 l'extr\u00e9mit\u00e9 avant du v\u00e9rin. Cet axe sert de point de connexion ou de pivot pour fixer ou monter le v\u00e9rin sur d'autres composants ou \u00e9quipements. Voici quelques informations sur la goupille avant du v\u00e9rin hydraulique basse pression :<\/p>\n<p>Conception et construction d'un v\u00e9rin hydraulique \u00e0 basse pression<\/p>\n<p>Goupille avant : La goupille avant est g\u00e9n\u00e9ralement une goupille ou un arbre m\u00e9tallique robuste qui s'\u00e9tend jusqu'\u00e0 l'extr\u00e9mit\u00e9 avant du v\u00e9rin hydraulique. Son but est de fournir une connexion s\u00e9curis\u00e9e et un point de pivot pour le cylindre.<br \/>\nTrous de montage : La goupille avant est ins\u00e9r\u00e9e dans les trous de montage ou les supports du bo\u00eetier du v\u00e9rin ou de la bride avant. Ces trous de montage sont align\u00e9s avec les trous ou les supports correspondants sur l'\u00e9quipement ou la structure \u00e0 laquelle le v\u00e9rin est fix\u00e9.<br \/>\nM\u00e9canisme de fixation : L'axe frontal peut \u00eatre fix\u00e9 \u00e0 l'aide de clips de fixation, de boulons ou d'autres attaches afin d'\u00e9viter toute d\u00e9connexion ou tout d\u00e9placement accidentel.<\/p>\n<h2><strong>Cylindre hydraulique \u00e0 basse pression Param\u00e8tre de la goupille avant :<\/strong><\/h2>\n<p><img loading=\"lazy\" decoding=\"async\" class=\"alignnone wp-image-767 size-full\" src=\"https:\/\/hydraulic-cylinders.net\/wp-content\/uploads\/2023\/08\/low-pressure-pull-rod-hydraulic-cylinder-front-hinge-pin-2.webp\" alt=\"\" width=\"660\" height=\"289\" srcset=\"https:\/\/hydraulic-cylinders.net\/wp-content\/uploads\/2023\/08\/low-pressure-pull-rod-hydraulic-cylinder-front-hinge-pin-2.webp 660w, https:\/\/hydraulic-cylinders.net\/wp-content\/uploads\/2023\/08\/low-pressure-pull-rod-hydraulic-cylinder-front-hinge-pin-2-480x210.webp 480w\" sizes=\"(min-width: 0px) and (max-width: 480px) 480px, (min-width: 481px) 660px, 100vw\" \/><\/p>\n<h2><strong>Applications de <\/strong><strong>Cylindre hydraulique basse pression Goupille avant<\/strong><strong>:<\/strong><\/h2>\n<ul>\n<li>Les v\u00e9rins hydrauliques basse pression avec goupilles avant sont utilis\u00e9s dans une grande vari\u00e9t\u00e9 d'industries et d'applications, en particulier dans les syst\u00e8mes fonctionnant \u00e0 des pressions hydrauliques plus faibles.<\/li>\n<li>Ils sont couramment utilis\u00e9s dans les machines industrielles, les appareils mobiles et d'autres syst\u00e8mes o\u00f9 l'espace est limit\u00e9 ou les exigences d'installation sp\u00e9cifiques.<\/li>\n<li>Ces v\u00e9rins conviennent \u00e0 la manutention, aux m\u00e9canismes de levage, aux syst\u00e8mes de transport et \u00e0 d'autres \u00e9quipements qui n\u00e9cessitent une force ou un mouvement lin\u00e9aire.<\/li>\n<\/ul>\n<h2><strong>Montage et raccordement <\/strong><strong>Cylindre hydraulique basse pression Goupille avant<\/strong><strong>:<\/strong><\/h2>\n<ul>\n<li>Montage des v\u00e9rins : Les goupilles avant permettent de connecter directement les v\u00e9rins hydrauliques \u00e0 d'autres \u00e9quipements ou \u00e9l\u00e9ments structurels. La goupille est ins\u00e9r\u00e9e \u00e0 travers un trou de montage ou un support sur le v\u00e9rin et un trou correspondant ou un support sur l'\u00e9quipement ou la structure.<\/li>\n<li>Fixation de la goupille avant : Une fois la goupille avant ins\u00e9r\u00e9e dans le point de montage, elle est g\u00e9n\u00e9ralement maintenue en place \u00e0 l'aide d'un collier de retenue, d'un boulon ou d'une autre fixation. Ces fixations assurent une connexion stable et rigide entre le cylindre et la surface d'appui.<\/li>\n<\/ul>\n<h2><strong>Comment fonctionne un v\u00e9rin hydraulique ?<\/strong><\/h2>\n<p>Un v\u00e9rin hydraulique est un actionneur m\u00e9canique qui convertit l'\u00e9nergie hydraulique (pression et d\u00e9bit de fluide) en force lin\u00e9aire et en mouvement. Il se compose d'un cylindre, d'un piston, d'une tige de piston et de divers joints. Voici une br\u00e8ve introduction au principe de fonctionnement du v\u00e9rin hydraulique :<\/p>\n<ol>\n<li><strong>Fourniture de fluides hydrauliques<\/strong>: Le v\u00e9rin hydraulique est reli\u00e9 \u00e0 un syst\u00e8me hydraulique qui alimente le v\u00e9rin en fluide hydraulique sous pression, g\u00e9n\u00e9ralement de l'huile.<\/li>\n<li><strong>Tonneau et piston du cylindre<\/strong>: Le cylindre est un tube cylindrique qui contient le fluide hydraulique. Le piston divise le cylindre en deux chambres : le c\u00f4t\u00e9 tige et le c\u00f4t\u00e9 chapeau.<\/li>\n<li><strong>Piston et tige de piston<\/strong>: Le piston est une pi\u00e8ce cylindrique qui s'ins\u00e8re \u00e9troitement dans le cylindre. Il est fix\u00e9 \u00e0 une tige de piston qui s'\u00e9tend \u00e0 travers un joint dans la culasse.<\/li>\n<li><strong>Joints<\/strong>: Le v\u00e9rin hydraulique utilise diff\u00e9rents joints pour emp\u00eacher les fuites de fluide entre le piston et le cylindre. Ces joints comprennent les joints de piston, les joints de tige et les joints racleurs.<\/li>\n<li><strong>Application de la pression hydraulique<\/strong>: Le fluide hydraulique est envoy\u00e9 dans le cylindre, ce qui cr\u00e9e une pression dans les chambres du cylindre. Le fluide sous pression agit sur le piston, g\u00e9n\u00e9rant une force.<\/li>\n<li><strong>G\u00e9n\u00e9ration de force et de mouvement<\/strong>: Lorsque le fluide hydraulique est envoy\u00e9 du c\u00f4t\u00e9 du bouchon du cylindre, la force g\u00e9n\u00e9r\u00e9e par la pression du fluide pousse le piston et la tige de piston vers l'ext\u00e9rieur, cr\u00e9ant ainsi un mouvement d'extension ou de sortie. Inversement, lorsque le fluide est envoy\u00e9 du c\u00f4t\u00e9 de la tige, la force pousse le piston et la tige vers l'int\u00e9rieur, ce qui cr\u00e9e un mouvement de r\u00e9traction ou d'entr\u00e9e.<\/li>\n<li><strong>Application de la charge<\/strong>: La tige de piston est reli\u00e9e \u00e0 la charge ou \u00e0 l'\u00e9quipement qui doit \u00eatre d\u00e9plac\u00e9. Lorsque le piston et la tige se d\u00e9ploient ou se r\u00e9tractent sous l'effet de la pression hydraulique, la force lin\u00e9aire est transmise \u00e0 la charge, ce qui lui permet de se d\u00e9placer.<\/li>\n<li><strong>Contr\u00f4le et direction<\/strong>: La direction du mouvement et la commande du v\u00e9rin hydraulique sont obtenues en contr\u00f4lant le d\u00e9bit du fluide hydraulique dans la chambre appropri\u00e9e du v\u00e9rin. Pour ce faire, on utilise g\u00e9n\u00e9ralement des valves de contr\u00f4le directionnel, qui dirigent s\u00e9lectivement le flux de fluide vers le c\u00f4t\u00e9 souhait\u00e9 du cylindre.<\/li>\n<li><strong>Course de retour<\/strong>: Lorsque la circulation du fluide d'un c\u00f4t\u00e9 du cylindre est arr\u00eat\u00e9e ou redirig\u00e9e, le fluide hydraulique du c\u00f4t\u00e9 oppos\u00e9 peut retourner au r\u00e9servoir hydraulique, et le cylindre revient \u00e0 sa position initiale sous l'effet de forces externes ou de ressorts.<\/li>\n<\/ol>\n<h2><strong>Capacit\u00e9 de l'usine :<\/strong><\/h2>\n<h3>(1) Assemblage<\/h3>\n<p>Nous disposons d'une plate-forme d'assemblage ind\u00e9pendante de recherche et de d\u00e9veloppement de premier ordre. L'atelier de production de cylindres de chariots \u00e9l\u00e9vateurs dispose de quatre lignes d'assemblage de cylindres de levage semi-automatiques et d'une ligne d'assemblage de cylindres d'inclinaison automatiques, avec une capacit\u00e9 de production annuelle de 1 million de pi\u00e8ces. L'atelier de cylindres sp\u00e9ciaux est \u00e9quip\u00e9 d'un syst\u00e8me d'assemblage de nettoyage semi-automatique de diverses sp\u00e9cifications, avec une capacit\u00e9 de production annuelle de 200 000 pi\u00e8ces. L'usine est \u00e9quip\u00e9e d'un c\u00e9l\u00e8bre \u00e9quipement d'usinage CNC, d'un centre d'usinage, d'un \u00e9quipement sp\u00e9cial de traitement des cylindres de haute pr\u00e9cision, d'une machine de soudage robotis\u00e9e, d'une machine de nettoyage automatique, d'une machine d'assemblage de cylindres automatique et d'une ligne de production de peinture automatique. \u00c9quipement cl\u00e9 existant de plus de 300 ensembles (ensembles). L'affectation optimale et l'utilisation efficace des ressources en \u00e9quipements garantissent les exigences de pr\u00e9cision des produits et r\u00e9pondent aux exigences de qualit\u00e9 des produits.<\/p>\n<p><img loading=\"lazy\" decoding=\"async\" class=\"alignnone wp-image-626\" src=\"https:\/\/hydraulic-cylinders.net\/wp-content\/uploads\/2023\/08\/hydraulic-cylinder-product-1-300x158.webp\" alt=\"\" width=\"495\" height=\"260\" srcset=\"https:\/\/hydraulic-cylinders.net\/wp-content\/uploads\/2023\/08\/hydraulic-cylinder-product-1-300x158.webp 495w, https:\/\/hydraulic-cylinders.net\/wp-content\/uploads\/2023\/08\/hydraulic-cylinder-product-1-480x252.webp 480w\" sizes=\"(min-width: 0px) and (max-width: 480px) 480px, (min-width: 481px) 495px, 100vw\" \/> <img loading=\"lazy\" decoding=\"async\" class=\"alignnone wp-image-627\" src=\"https:\/\/hydraulic-cylinders.net\/wp-content\/uploads\/2023\/08\/hydraulic-cylinder-product-2-300x189.webp\" alt=\"\" width=\"413\" height=\"260\" \/><\/p>\n<h3>(2) Usinage<\/h3>\n<p>L'atelier d'usinage est \u00e9quip\u00e9 d'un centre de tournage sur rail inclin\u00e9 personnalis\u00e9, d'un centre d'usinage, d'une machine \u00e0 honer \u00e0 grande vitesse, d'un robot de soudage et d'autres \u00e9quipements connexes, qui peuvent traiter des tubes cylindriques d'un diam\u00e8tre int\u00e9rieur maximal de 400 mm et d'une longueur maximale de 6 m\u00e8tres.<\/p>\n<p><img loading=\"lazy\" decoding=\"async\" class=\"alignnone wp-image-628 size-large\" src=\"https:\/\/hydraulic-cylinders.net\/wp-content\/uploads\/2023\/08\/hydraulic-cylinder-product-3-1024x391.webp\" alt=\"\" width=\"1024\" height=\"391\" srcset=\"https:\/\/hydraulic-cylinders.net\/wp-content\/uploads\/2023\/08\/hydraulic-cylinder-product-3-980x374.webp 980w, https:\/\/hydraulic-cylinders.net\/wp-content\/uploads\/2023\/08\/hydraulic-cylinder-product-3-480x183.webp 480w\" sizes=\"(min-width: 0px) and (max-width: 480px) 480px, (min-width: 481px) and (max-width: 980px) 980px, (min-width: 981px) 1024px, 100vw\" \/><\/p>\n<h3>(3) Soudage<\/h3>\n<p><img loading=\"lazy\" decoding=\"async\" class=\"alignnone wp-image-629 size-large\" src=\"https:\/\/hydraulic-cylinders.net\/wp-content\/uploads\/2023\/08\/hydraulic-cylinder-product-4-1024x510.webp\" alt=\"\" width=\"1024\" height=\"510\" srcset=\"https:\/\/hydraulic-cylinders.net\/wp-content\/uploads\/2023\/08\/hydraulic-cylinder-product-4-980x488.webp 980w, https:\/\/hydraulic-cylinders.net\/wp-content\/uploads\/2023\/08\/hydraulic-cylinder-product-4-480x239.webp 480w\" sizes=\"(min-width: 0px) and (max-width: 480px) 480px, (min-width: 481px) and (max-width: 980px) 980px, (min-width: 981px) 1024px, 100vw\" \/><\/p>\n<h3>(4) Peinture et rev\u00eatement<\/h3>\n<p>La ligne de rev\u00eatement automatique de peinture \u00e0 base d'eau pour cylindres de petite et moyenne taille permet le chargement et le d\u00e9chargement automatiques par robot ainsi que la pulv\u00e9risation automatique. La capacit\u00e9 nominale est de 4 000 pi\u00e8ces par \u00e9quipe ;<br \/>\nNous disposons \u00e9galement d'une ligne de production de peinture semi-automatique pour gros cylindres, aliment\u00e9e par une cha\u00eene de traction, d'une capacit\u00e9 nominale de 60 caisses par \u00e9quipe.<\/p>\n<p><img loading=\"lazy\" decoding=\"async\" class=\"alignnone wp-image-630\" src=\"https:\/\/hydraulic-cylinders.net\/wp-content\/uploads\/2023\/08\/hydraulic-cylinder-product-5-300x213.webp\" alt=\"\" width=\"366\" height=\"260\" \/> <img loading=\"lazy\" decoding=\"async\" class=\"alignnone wp-image-631\" src=\"https:\/\/hydraulic-cylinders.net\/wp-content\/uploads\/2023\/08\/hydraulic-cylinder-product-6-300x225.webp\" alt=\"\" width=\"347\" height=\"260\" \/><\/p>\n<h3>(5) Essais<\/h3>\n<p>Nous disposons d'installations d'inspection et de bancs d'essai de premier ordre pour garantir que les performances de la bouteille sont conformes aux exigences.<\/p>\n<p><img loading=\"lazy\" decoding=\"async\" class=\"alignnone wp-image-632\" src=\"https:\/\/hydraulic-cylinders.net\/wp-content\/uploads\/2023\/08\/hydraulic-cylinder-product-8-300x200.webp\" alt=\"\" width=\"389\" height=\"260\" \/><\/p>\n<p>&nbsp;<\/p>\n<p>&nbsp;<\/p>\n<p>Nous sommes l'un des meilleurs fabricants de v\u00e9rins hydrauliques basse pression. Nous pouvons offrir un large stock de v\u00e9rins hydrauliques basse pression. Nous fournissons \u00e9galement des <a href=\"https:\/\/hzpt.com\/agricultural-pto-gearbox\/\" target=\"_blank\" rel=\"noopener\">bo\u00eetes de vitesses agricoles<\/a>. Nous avons export\u00e9 nos produits vers des clients du monde entier et avons acquis une bonne r\u00e9putation gr\u00e2ce \u00e0 la qualit\u00e9 sup\u00e9rieure de nos produits et \u00e0 notre service apr\u00e8s-vente. Nous invitons chaleureusement nos clients, tant nationaux qu'\u00e9trangers, \u00e0 nous contacter pour n\u00e9gocier des affaires, \u00e9changer des informations, et...\u00a0<a href=\"https:\/\/www.hydraulic-cylinders.net\/fr\/contact-us\/\">coop\u00e9rer avec nous<\/a>!<\/p>\n<p>&nbsp;<\/p>","protected":false},"excerpt":{"rendered":"<p>Low-Pressure Hydraulic Cylinder Front Pin In the case of low-pressure hydraulic cylinders, the term &#8220;front pin&#8221; usually refers to the pin or shaft located at the front end of the cylinder. This pin is used as a connection point or pivot for attaching or mounting the cylinder to other components or equipment. Here is some [&hellip;]<\/p>","protected":false},"featured_media":768,"comment_status":"open","ping_status":"closed","template":"","meta":{"_et_pb_use_builder":"","_et_pb_old_content":"","_et_gb_content_width":""},"product_brand":[],"product_cat":[1376,1388],"product_tag":[1380],"class_list":{"0":"post-765","1":"product","2":"type-product","3":"status-publish","4":"has-post-thumbnail","6":"product_cat-hydraulic-cylinder","7":"product_cat-low-pressure-hydraulic-cylinder","8":"product_tag-hydraulic-cylinder","10":"first","11":"instock","12":"shipping-taxable","13":"product-type-simple"},"amp_enabled":true,"_links":{"self":[{"href":"https:\/\/www.hydraulic-cylinders.net\/fr\/wp-json\/wp\/v2\/product\/765","targetHints":{"allow":["GET"]}}],"collection":[{"href":"https:\/\/www.hydraulic-cylinders.net\/fr\/wp-json\/wp\/v2\/product"}],"about":[{"href":"https:\/\/www.hydraulic-cylinders.net\/fr\/wp-json\/wp\/v2\/types\/product"}],"replies":[{"embeddable":true,"href":"https:\/\/www.hydraulic-cylinders.net\/fr\/wp-json\/wp\/v2\/comments?post=765"}],"wp:featuredmedia":[{"embeddable":true,"href":"https:\/\/www.hydraulic-cylinders.net\/fr\/wp-json\/wp\/v2\/media\/768"}],"wp:attachment":[{"href":"https:\/\/www.hydraulic-cylinders.net\/fr\/wp-json\/wp\/v2\/media?parent=765"}],"wp:term":[{"taxonomy":"product_brand","embeddable":true,"href":"https:\/\/www.hydraulic-cylinders.net\/fr\/wp-json\/wp\/v2\/product_brand?post=765"},{"taxonomy":"product_cat","embeddable":true,"href":"https:\/\/www.hydraulic-cylinders.net\/fr\/wp-json\/wp\/v2\/product_cat?post=765"},{"taxonomy":"product_tag","embeddable":true,"href":"https:\/\/www.hydraulic-cylinders.net\/fr\/wp-json\/wp\/v2\/product_tag?post=765"}],"curies":[{"name":"wp","href":"https:\/\/api.w.org\/{rel}","templated":true}]}}