{"id":773,"date":"2023-08-23T02:33:49","date_gmt":"2023-08-23T02:33:49","guid":{"rendered":"https:\/\/hydraulic-cylinders.net\/?post_type=product&#038;p=773"},"modified":"2025-03-27T01:12:58","modified_gmt":"2025-03-27T01:12:58","slug":"low-pressure-hydraulic-cylinder-intermediate-pin","status":"publish","type":"product","link":"https:\/\/www.hydraulic-cylinders.net\/fr\/produit\/low-pressure-hydraulic-cylinder-intermediate-pin\/","title":{"rendered":"Goupille interm\u00e9diaire du v\u00e9rin hydraulique basse pression"},"content":{"rendered":"<h1 style=\"text-align: center;\"><strong>Goupille interm\u00e9diaire du v\u00e9rin hydraulique basse pression<\/strong><\/h1>\n<p><img loading=\"lazy\" decoding=\"async\" class=\"aligncenter wp-image-774 size-full\" src=\"https:\/\/hydraulic-cylinders.net\/wp-content\/uploads\/2023\/08\/low-pressure-pull-rod-hydraulic-cylinder-middle-hinge-pin-1.webp\" alt=\"\" width=\"375\" height=\"175\" srcset=\"https:\/\/www.hydraulic-cylinders.net\/wp-content\/uploads\/2023\/08\/low-pressure-pull-rod-hydraulic-cylinder-middle-hinge-pin-1.webp 375w, https:\/\/www.hydraulic-cylinders.net\/wp-content\/uploads\/2023\/08\/low-pressure-pull-rod-hydraulic-cylinder-middle-hinge-pin-1-300x140.webp 300w\" sizes=\"(max-width: 375px) 100vw, 375px\" \/><\/p>\n<p>Dans un v\u00e9rin hydraulique \u00e0 basse pression, l'axe interm\u00e9diaire d\u00e9signe le clou ou l'arbre situ\u00e9 entre le piston et la tige du piston. Un \u00e9l\u00e9ment de liaison transf\u00e8re la force du piston \u00e0 la tige, ce qui permet un mouvement lin\u00e9aire.<\/p>\n<p>Conception et construction du v\u00e9rin hydraulique \u00e0 basse pression<\/p>\n<p>Les goupilles interm\u00e9diaires sont g\u00e9n\u00e9ralement des goupilles ou des arbres m\u00e9talliques solides situ\u00e9s \u00e0 l'int\u00e9rieur du cylindre.<br \/>\nIl relie les deux parties entre le piston et la bielle.<br \/>\nLe r\u00f4le de l'axe interm\u00e9diaire est de transf\u00e9rer la pression du liquide g\u00e9n\u00e9r\u00e9e par le piston \u00e0 la tige du piston, r\u00e9alisant ainsi le mouvement lin\u00e9aire requis par le v\u00e9rin.<\/p>\n<h2><strong>Param\u00e8tres de la goupille interm\u00e9diaire du v\u00e9rin hydraulique basse pression :<\/strong><\/h2>\n<p><img loading=\"lazy\" decoding=\"async\" class=\"alignnone wp-image-775 size-full\" src=\"https:\/\/hydraulic-cylinders.net\/wp-content\/uploads\/2023\/08\/low-pressure-pull-rod-hydraulic-cylinder-intermediate-pin-2.webp\" alt=\"\" width=\"690\" height=\"315\" srcset=\"https:\/\/hydraulic-cylinders.net\/wp-content\/uploads\/2023\/08\/low-pressure-pull-rod-hydraulic-cylinder-intermediate-pin-2.webp 690w, https:\/\/hydraulic-cylinders.net\/wp-content\/uploads\/2023\/08\/low-pressure-pull-rod-hydraulic-cylinder-intermediate-pin-2-480x219.webp 480w\" sizes=\"(min-width: 0px) and (max-width: 480px) 480px, (min-width: 481px) 690px, 100vw\" \/><\/p>\n<h2><strong>Fonction et fonctionnement de <\/strong><strong>Goupille interm\u00e9diaire du v\u00e9rin hydraulique basse pression<\/strong><strong>:<\/strong><\/h2>\n<ul>\n<li>Lorsque la pression hydraulique est appliqu\u00e9e au piston, elle exerce une force sur l'axe central, ce qui provoque son d\u00e9placement.<\/li>\n<li>Le mouvement de l'axe interm\u00e9diaire transmet une force \u00e0 la tige de piston, qui provoque l'\u00e9tirement ou la contraction du v\u00e9rin hydraulique.<\/li>\n<li>L'axe interm\u00e9diaire garantit que la force g\u00e9n\u00e9r\u00e9e hydrauliquement est effectivement transmise \u00e0 la tige de piston, ce qui permet d'obtenir le mouvement souhait\u00e9 du v\u00e9rin.<\/li>\n<\/ul>\n<h2><strong>Entretien et remplacement de la goupille interm\u00e9diaire du v\u00e9rin hydraulique basse pression<\/strong><strong>:<\/strong><\/h2>\n<ul>\n<li>Lors de la r\u00e9paration ou de la modification du cylindre hydraulique \u00e0 basse pression, il convient de v\u00e9rifier l'\u00e9tat de la goupille centrale.<\/li>\n<li>S'il y a des signes d'usure, de d\u00e9t\u00e9rioration ou de jeu excessif, une nouvelle goupille interm\u00e9diaire doit \u00eatre remplac\u00e9e pour assurer le fonctionnement normal du v\u00e9rin.<\/li>\n<li>Lors du remplacement de la broche centrale, les directives et sp\u00e9cifications du fabricant doivent \u00eatre respect\u00e9es afin de garantir la compatibilit\u00e9 et des performances optimales.<\/li>\n<\/ul>\n<h2><strong>Comment mesurer un v\u00e9rin hydraulique ?<\/strong><\/h2>\n<ol>\n<li><strong>Diam\u00e8tre de l'al\u00e9sage<\/strong>:\n<ul>\n<li>Mesurez le diam\u00e8tre int\u00e9rieur du cylindre. C'est ce qu'on appelle le \"diam\u00e8tre de l'al\u00e9sage\".<\/li>\n<li>Placez les pieds \u00e0 coulisse \u00e0 l'int\u00e9rieur du cylindre et \u00e9tendez les m\u00e2choires jusqu'\u00e0 ce qu'elles entrent en contact avec les parois internes.<\/li>\n<li>Prendre note de la mesure affich\u00e9e sur le pied \u00e0 coulisse.<\/li>\n<\/ul>\n<\/li>\n<li><strong>Diam\u00e8tre de la tige<\/strong>:\n<ul>\n<li>Mesurez le diam\u00e8tre ext\u00e9rieur de la tige du piston. C'est ce qu'on appelle le \"diam\u00e8tre de la tige\".<\/li>\n<li>Placez les \u00e9triers autour de la tige du piston et ajustez les m\u00e2choires jusqu'\u00e0 ce qu'elles saisissent l\u00e9g\u00e8rement la surface de la tige.<\/li>\n<li>Prendre note de la mesure affich\u00e9e sur le pied \u00e0 coulisse.<\/li>\n<\/ul>\n<\/li>\n<li><strong>Longueur de la course<\/strong>:\n<ul>\n<li>D\u00e9terminez la longueur de la course, qui est la distance maximale que le piston peut parcourir \u00e0 l'int\u00e9rieur du cylindre.<\/li>\n<li>D\u00e9ployez la tige de piston jusqu'\u00e0 sa position maximale et mesurez la distance entre la face avant du cylindre et l'extr\u00e9mit\u00e9 de la tige de piston.<\/li>\n<li>Prenez note de la mesure comme \u00e9tant la longueur de la course.<\/li>\n<\/ul>\n<\/li>\n<li><strong>Dimensions de montage<\/strong>:\n<ul>\n<li>Mesurez les dimensions de montage pour d\u00e9terminer comment le v\u00e9rin hydraulique sera fix\u00e9 \u00e0 l'\u00e9quipement ou \u00e0 la structure.<\/li>\n<li>Mesurez la distance entre les trous de montage ou les supports sur la bride de montage du v\u00e9rin.<\/li>\n<li>Mesurer le diam\u00e8tre du trou, le cas \u00e9ch\u00e9ant.<\/li>\n<\/ul>\n<\/li>\n<li><strong>Longueur totale<\/strong>:\n<ul>\n<li>Mesurez la longueur totale du v\u00e9rin hydraulique, qui comprend la longueur du corps du v\u00e9rin, de la tige de piston et de tout autre composant en saillie.<\/li>\n<li>Placez une r\u00e8gle en travers de la face avant du cylindre et mesurez la distance entre la face avant et le point le plus \u00e9loign\u00e9 \u00e0 l'extr\u00e9mit\u00e9 oppos\u00e9e.<\/li>\n<\/ul>\n<\/li>\n<li><strong>Mesures suppl\u00e9mentaires<\/strong>:\n<ul>\n<li>En fonction des exigences sp\u00e9cifiques de votre application, vous devrez peut-\u00eatre mesurer des d\u00e9tails suppl\u00e9mentaires tels que la longueur du piston, l'\u00e9paisseur des capuchons d'extr\u00e9mit\u00e9 ou les dimensions des orifices ou des raccords.<\/li>\n<\/ul>\n<\/li>\n<\/ol>\n<h2><strong>Capacit\u00e9 de l'usine :<\/strong><\/h2>\n<h3>(1) Assemblage<\/h3>\n<p>Nous disposons d'une plate-forme d'assemblage ind\u00e9pendante de recherche et de d\u00e9veloppement de premier ordre. L'atelier de production de cylindres de chariots \u00e9l\u00e9vateurs dispose de quatre lignes d'assemblage de cylindres de levage semi-automatiques et d'une ligne d'assemblage de cylindres d'inclinaison automatiques, avec une capacit\u00e9 de production annuelle de 1 million de pi\u00e8ces. L'atelier de cylindres sp\u00e9ciaux est \u00e9quip\u00e9 d'un syst\u00e8me d'assemblage de nettoyage semi-automatique de diverses sp\u00e9cifications, avec une capacit\u00e9 de production annuelle de 200 000 pi\u00e8ces. L'usine est \u00e9quip\u00e9e d'un c\u00e9l\u00e8bre \u00e9quipement d'usinage CNC, d'un centre d'usinage, d'un \u00e9quipement sp\u00e9cial de traitement des cylindres de haute pr\u00e9cision, d'une machine de soudage robotis\u00e9e, d'une machine de nettoyage automatique, d'une machine d'assemblage de cylindres automatique et d'une ligne de production de peinture automatique. \u00c9quipement cl\u00e9 existant de plus de 300 ensembles (ensembles). L'affectation optimale et l'utilisation efficace des ressources en \u00e9quipements garantissent les exigences de pr\u00e9cision des produits et r\u00e9pondent aux exigences de qualit\u00e9 des produits.<\/p>\n<p><img loading=\"lazy\" decoding=\"async\" class=\"alignnone wp-image-626\" src=\"https:\/\/hydraulic-cylinders.net\/wp-content\/uploads\/2023\/08\/hydraulic-cylinder-product-1-300x158.webp\" alt=\"\" width=\"495\" height=\"260\" srcset=\"https:\/\/hydraulic-cylinders.net\/wp-content\/uploads\/2023\/08\/hydraulic-cylinder-product-1-300x158.webp 495w, https:\/\/hydraulic-cylinders.net\/wp-content\/uploads\/2023\/08\/hydraulic-cylinder-product-1-480x252.webp 480w\" sizes=\"(min-width: 0px) and (max-width: 480px) 480px, (min-width: 481px) 495px, 100vw\" \/> <img loading=\"lazy\" decoding=\"async\" class=\"alignnone wp-image-627\" src=\"https:\/\/hydraulic-cylinders.net\/wp-content\/uploads\/2023\/08\/hydraulic-cylinder-product-2-300x189.webp\" alt=\"\" width=\"413\" height=\"260\" \/><\/p>\n<h3>(2) Usinage<\/h3>\n<p>L'atelier d'usinage est \u00e9quip\u00e9 d'un centre de tournage sur rail inclin\u00e9 personnalis\u00e9, d'un centre d'usinage, d'une machine \u00e0 honer \u00e0 grande vitesse, d'un robot de soudage et d'autres \u00e9quipements connexes, qui peuvent traiter des tubes cylindriques d'un diam\u00e8tre int\u00e9rieur maximal de 400 mm et d'une longueur maximale de 6 m\u00e8tres.<\/p>\n<p><img loading=\"lazy\" decoding=\"async\" class=\"alignnone wp-image-628 size-large\" src=\"https:\/\/hydraulic-cylinders.net\/wp-content\/uploads\/2023\/08\/hydraulic-cylinder-product-3-1024x391.webp\" alt=\"\" width=\"1024\" height=\"391\" srcset=\"https:\/\/hydraulic-cylinders.net\/wp-content\/uploads\/2023\/08\/hydraulic-cylinder-product-3-980x374.webp 980w, https:\/\/hydraulic-cylinders.net\/wp-content\/uploads\/2023\/08\/hydraulic-cylinder-product-3-480x183.webp 480w\" sizes=\"(min-width: 0px) and (max-width: 480px) 480px, (min-width: 481px) and (max-width: 980px) 980px, (min-width: 981px) 1024px, 100vw\" \/><\/p>\n<h3>(3) Soudage<\/h3>\n<p><img loading=\"lazy\" decoding=\"async\" class=\"alignnone wp-image-629 size-large\" src=\"https:\/\/hydraulic-cylinders.net\/wp-content\/uploads\/2023\/08\/hydraulic-cylinder-product-4-1024x510.webp\" alt=\"\" width=\"1024\" height=\"510\" srcset=\"https:\/\/hydraulic-cylinders.net\/wp-content\/uploads\/2023\/08\/hydraulic-cylinder-product-4-980x488.webp 980w, https:\/\/hydraulic-cylinders.net\/wp-content\/uploads\/2023\/08\/hydraulic-cylinder-product-4-480x239.webp 480w\" sizes=\"(min-width: 0px) and (max-width: 480px) 480px, (min-width: 481px) and (max-width: 980px) 980px, (min-width: 981px) 1024px, 100vw\" \/><\/p>\n<h3>(4) Peinture et rev\u00eatement<\/h3>\n<p>La ligne de rev\u00eatement automatique de peinture \u00e0 base d'eau pour cylindres de petite et moyenne taille permet le chargement et le d\u00e9chargement automatiques par robot ainsi que la pulv\u00e9risation automatique. La capacit\u00e9 nominale est de 4 000 pi\u00e8ces par \u00e9quipe ;<br \/>\nNous disposons \u00e9galement d'une ligne de production de peinture semi-automatique pour gros cylindres, aliment\u00e9e par une cha\u00eene de traction, d'une capacit\u00e9 nominale de 60 caisses par \u00e9quipe.<\/p>\n<p><img loading=\"lazy\" decoding=\"async\" class=\"alignnone wp-image-630\" src=\"https:\/\/hydraulic-cylinders.net\/wp-content\/uploads\/2023\/08\/hydraulic-cylinder-product-5-300x213.webp\" alt=\"\" width=\"366\" height=\"260\" \/> <img loading=\"lazy\" decoding=\"async\" class=\"alignnone wp-image-631\" src=\"https:\/\/hydraulic-cylinders.net\/wp-content\/uploads\/2023\/08\/hydraulic-cylinder-product-6-300x225.webp\" alt=\"\" width=\"347\" height=\"260\" \/><\/p>\n<h3>(5) Essais<\/h3>\n<p>Nous disposons d'installations d'inspection et de bancs d'essai de premier ordre pour garantir que les performances de la bouteille sont conformes aux exigences.<\/p>\n<p><img loading=\"lazy\" decoding=\"async\" class=\"alignnone wp-image-632\" src=\"https:\/\/hydraulic-cylinders.net\/wp-content\/uploads\/2023\/08\/hydraulic-cylinder-product-8-300x200.webp\" alt=\"\" width=\"389\" height=\"260\" \/><\/p>\n<p>&nbsp;<\/p>\n<p>&nbsp;<\/p>\n<p>Nous sommes l'un des meilleurs fabricants de v\u00e9rins hydrauliques basse pression. Nous pouvons offrir un large stock de v\u00e9rins hydrauliques basse pression. Nous fournissons \u00e9galement des <a href=\"https:\/\/hzpt.com\/agricultural-pto-gearbox\/\" target=\"_blank\" rel=\"noopener\">bo\u00eetes de vitesses agricoles<\/a>. Nous avons export\u00e9 nos produits vers des clients du monde entier et avons acquis une bonne r\u00e9putation gr\u00e2ce \u00e0 la qualit\u00e9 sup\u00e9rieure de nos produits et \u00e0 notre service apr\u00e8s-vente. Nous invitons chaleureusement nos clients, tant nationaux qu'\u00e9trangers, \u00e0 nous contacter pour n\u00e9gocier des affaires, \u00e9changer des informations, et...\u00a0<a href=\"https:\/\/www.hydraulic-cylinders.net\/fr\/contact-us\/\">coop\u00e9rer avec nous<\/a>!<\/p>\n<p>&nbsp;<\/p>","protected":false},"excerpt":{"rendered":"<p>Low-Pressure Hydraulic Cylinder Intermediate Pin In a low-pressure hydraulic cylinder, the intermediate pin refers to the nail or shaft between the piston and the piston rod. A connecting element transfers force from the piston to the rod, allowing for linear motion. Design and construction of the low-pressure hydraulic cylinder Intermediate pins are usually solid metal [&hellip;]<\/p>","protected":false},"featured_media":776,"comment_status":"open","ping_status":"closed","template":"","meta":{"_et_pb_use_builder":"","_et_pb_old_content":"","_et_gb_content_width":""},"product_brand":[],"product_cat":[1376,1388],"product_tag":[1380],"class_list":{"0":"post-773","1":"product","2":"type-product","3":"status-publish","4":"has-post-thumbnail","6":"product_cat-hydraulic-cylinder","7":"product_cat-low-pressure-hydraulic-cylinder","8":"product_tag-hydraulic-cylinder","10":"first","11":"instock","12":"shipping-taxable","13":"product-type-simple"},"amp_enabled":true,"_links":{"self":[{"href":"https:\/\/www.hydraulic-cylinders.net\/fr\/wp-json\/wp\/v2\/product\/773","targetHints":{"allow":["GET"]}}],"collection":[{"href":"https:\/\/www.hydraulic-cylinders.net\/fr\/wp-json\/wp\/v2\/product"}],"about":[{"href":"https:\/\/www.hydraulic-cylinders.net\/fr\/wp-json\/wp\/v2\/types\/product"}],"replies":[{"embeddable":true,"href":"https:\/\/www.hydraulic-cylinders.net\/fr\/wp-json\/wp\/v2\/comments?post=773"}],"wp:featuredmedia":[{"embeddable":true,"href":"https:\/\/www.hydraulic-cylinders.net\/fr\/wp-json\/wp\/v2\/media\/776"}],"wp:attachment":[{"href":"https:\/\/www.hydraulic-cylinders.net\/fr\/wp-json\/wp\/v2\/media?parent=773"}],"wp:term":[{"taxonomy":"product_brand","embeddable":true,"href":"https:\/\/www.hydraulic-cylinders.net\/fr\/wp-json\/wp\/v2\/product_brand?post=773"},{"taxonomy":"product_cat","embeddable":true,"href":"https:\/\/www.hydraulic-cylinders.net\/fr\/wp-json\/wp\/v2\/product_cat?post=773"},{"taxonomy":"product_tag","embeddable":true,"href":"https:\/\/www.hydraulic-cylinders.net\/fr\/wp-json\/wp\/v2\/product_tag?post=773"}],"curies":[{"name":"wp","href":"https:\/\/api.w.org\/{rel}","templated":true}]}}