{"id":827,"date":"2023-08-30T04:00:09","date_gmt":"2023-08-30T04:00:09","guid":{"rendered":"https:\/\/hydraulic-cylinders.net\/?post_type=product&#038;p=827"},"modified":"2025-04-16T02:22:47","modified_gmt":"2025-04-16T02:22:47","slug":"ca-monoaural-type-light-rod-hydraulic-cylinder","status":"publish","type":"product","link":"https:\/\/www.hydraulic-cylinders.net\/fr\/produit\/ca-monoaural-type-light-rod-hydraulic-cylinder\/","title":{"rendered":"V\u00e9rin hydraulique \u00e0 tige lumineuse de type monophonique CA"},"content":{"rendered":"<h1 style=\"text-align: center;\"><strong>V\u00e9rin hydraulique \u00e0 tige lumineuse de type monophonique CA<\/strong><\/h1>\n<p>Le v\u00e9rin hydraulique monophonique \u00e0 tige l\u00e9g\u00e8re de type CA est un v\u00e9rin hydraulique de pointe con\u00e7u pour optimiser la pr\u00e9cision et l'efficacit\u00e9 dans diverses applications industrielles. Gr\u00e2ce \u00e0 sa conception monophonique et \u00e0 sa structure \u00e0 tige l\u00e9g\u00e8re, ce v\u00e9rin offre des performances sup\u00e9rieures, une grande fiabilit\u00e9 et une facilit\u00e9 d'utilisation.<\/p>\n<p>Principales caract\u00e9ristiques et avantages du v\u00e9rin hydraulique \u00e0 tige l\u00e9g\u00e8re\u00a0:<\/p>\n<p><strong>Conception monophonique<\/strong>Le v\u00e9rin hydraulique \u00e0 tige l\u00e9g\u00e8re adopte une conception monobloc avec une seule tige s'\u00e9tendant d'une extr\u00e9mit\u00e9. Cette conception permet une installation compacte et simplifi\u00e9e, le rendant id\u00e9al pour les applications \u00e0 espace restreint.<\/p>\n<p><strong>Structure de tige l\u00e9g\u00e8re<\/strong>La structure l\u00e9g\u00e8re de la tige est fabriqu\u00e9e en aluminium l\u00e9ger ou en mat\u00e9riaux composites. Cela r\u00e9duit le poids total, permet un fonctionnement plus rapide, diminue la consommation d'\u00e9nergie et augmente l'efficacit\u00e9.<\/p>\n<p><strong>Pr\u00e9cision am\u00e9lior\u00e9e<\/strong>Le v\u00e9rin hydraulique monoaural \u00e0 tige l\u00e9g\u00e8re de type CA assure un contr\u00f4le pr\u00e9cis du mouvement lin\u00e9aire. Il garantit un positionnement pr\u00e9cis et un mouvement fluide, ce qui le rend id\u00e9al pour les applications exigeant une haute pr\u00e9cision, telles que la robotique, les syst\u00e8mes d'automatisation et les machines d'emballage.<\/p>\n<p><strong>Compact et peu encombrant<\/strong>Gr\u00e2ce \u00e0 ses dimensions compactes, ce cylindre est id\u00e9al pour les installations dans des espaces restreints. Son faible encombrement facilite son int\u00e9gration dans les machines et les syst\u00e8mes sans compromettre les performances.<\/p>\n<p><img loading=\"lazy\" decoding=\"async\" class=\"wp-image-828 size-full aligncenter\" src=\"https:\/\/hydraulic-cylinders.net\/wp-content\/uploads\/2023\/08\/ca-monoaural-type-light-pull-rod-hydraulic-cylinder-1.webp\" alt=\"\" width=\"790\" height=\"200\" srcset=\"https:\/\/hydraulic-cylinders.net\/wp-content\/uploads\/2023\/08\/ca-monoaural-type-light-pull-rod-hydraulic-cylinder-1.webp 790w, https:\/\/hydraulic-cylinders.net\/wp-content\/uploads\/2023\/08\/ca-monoaural-type-light-pull-rod-hydraulic-cylinder-1-480x122.webp 480w\" sizes=\"(min-width: 0px) and (max-width: 480px) 480px, (min-width: 481px) 790px, 100vw\" \/><\/p>\n<h2><strong>Param\u00e8tre du v\u00e9rin hydraulique \u00e0 tige l\u00e9g\u00e8re de type monoaural CA\u00a0:<\/strong><\/h2>\n<p><img loading=\"lazy\" decoding=\"async\" class=\"alignnone wp-image-829 size-full\" src=\"https:\/\/hydraulic-cylinders.net\/wp-content\/uploads\/2023\/08\/ca-monoaural-type-light-pull-rod-hydraulic-cylinder-2.webp\" alt=\"\" width=\"790\" height=\"456\" srcset=\"https:\/\/hydraulic-cylinders.net\/wp-content\/uploads\/2023\/08\/ca-monoaural-type-light-pull-rod-hydraulic-cylinder-2.webp 790w, https:\/\/hydraulic-cylinders.net\/wp-content\/uploads\/2023\/08\/ca-monoaural-type-light-pull-rod-hydraulic-cylinder-2-480x277.webp 480w\" sizes=\"(min-width: 0px) and (max-width: 480px) 480px, (min-width: 481px) 790px, 100vw\" \/><\/p>\n<h2><strong>\u00a0V\u00e9rin hydraulique \u00e0 tige lumineuse de type monophonique CA <\/strong><strong>M\u00e9thode d'utilisation<\/strong><strong>:<\/strong><\/h2>\n<p><strong>Installation<\/strong>Installez le cylindre en toute s\u00e9curit\u00e9 \u00e0 l'aide des fixations appropri\u00e9es afin d'assurer sa stabilit\u00e9 et un alignement correct.<\/p>\n<p><strong>Connexion hydraulique<\/strong>Raccordez le tuyau hydraulique \u00e0 l'orifice pr\u00e9vu \u00e0 cet effet sur le v\u00e9rin. Assurez-vous que les raccords sont bien serr\u00e9s afin d'\u00e9viter les fuites.<\/p>\n<p><strong>Alimentation \u00e9lectrique<\/strong>Raccordez le cylindre \u00e0 une source d'\u00e9nergie hydraulique fiable, telle qu'une pompe ou un groupe hydraulique.<\/p>\n<p><strong>Tester et ajuster<\/strong>:V\u00e9rifiez soigneusement toutes les connexions et assurez-vous de leur s\u00e9curit\u00e9 avant l'utilisation. Testez le mouvement du v\u00e9rin en d\u00e9marrant le syst\u00e8me hydraulique et en v\u00e9rifiant le mouvement lin\u00e9aire et fluide.<\/p>\n<h2><strong>Comment d\u00e9monter un v\u00e9rin hydraulique ?<\/strong><\/h2>\n<p>Le d\u00e9montage d'un v\u00e9rin hydraulique exige une manipulation soigneuse et le respect des proc\u00e9dures de d\u00e9montage appropri\u00e9es. Voici un guide g\u00e9n\u00e9ral sur la mani\u00e8re de d\u00e9monter un v\u00e9rin hydraulique\u00a0:<\/p>\n<ol>\n<li><strong>Pr\u00e9cautions de s\u00e9curit\u00e9<\/strong>:\n<ul>\n<li>Assurez-vous que le syst\u00e8me hydraulique est d\u00e9pressuris\u00e9 et que le v\u00e9rin ne pr\u00e9sente aucune pression r\u00e9siduelle. Respectez les proc\u00e9dures de consignation\/d\u00e9consignation afin d'\u00e9viter toute activation accidentelle du syst\u00e8me.<\/li>\n<li>Portez un \u00e9quipement de protection individuelle (EPI) appropri\u00e9, tel que des gants et des lunettes de s\u00e9curit\u00e9, pour vous prot\u00e9ger du fluide hydraulique et des dangers potentiels.<\/li>\n<\/ul>\n<\/li>\n<li><strong>D\u00e9pose du cylindre<\/strong>:\n<ul>\n<li>D\u00e9branchez les conduites hydrauliques reli\u00e9es au v\u00e9rin, en veillant \u00e0 ce que tout fluide r\u00e9siduel soit correctement contenu.<\/li>\n<li>Retirez toutes les fixations ou supports de montage pour lib\u00e9rer le cylindre si celui-ci est mont\u00e9 ou fix\u00e9 \u00e0 d'autres composants.<\/li>\n<li>Soulevez et retirez avec pr\u00e9caution le cylindre de sa position de montage, en veillant \u00e0 ne pas endommager ou d\u00e9former les tuyaux ou les raccords qui y sont fix\u00e9s.<\/li>\n<\/ul>\n<\/li>\n<li><strong>Inspection et documentation<\/strong>:\n<ul>\n<li>Examinez minutieusement l'ext\u00e9rieur de la bouteille pour d\u00e9tecter tout signe de dommage, de fuite ou d'usure excessive. Consigner toute observation ou tout probl\u00e8me pour r\u00e9f\u00e9rence ult\u00e9rieure.<\/li>\n<li>Prenez note de l'orientation du cylindre et de la position des joints, des roulements et des autres composants avant le d\u00e9montage. Cela vous aidera lors du remontage.<\/li>\n<\/ul>\n<\/li>\n<li><strong>D\u00e9montage du cylindre<\/strong>:\n<ul>\n<li>Rep\u00e9rez les capuchons d'extr\u00e9mit\u00e9 ou les anneaux de retenue \u00e0 chaque extr\u00e9mit\u00e9 du cylindre. Ces \u00e9l\u00e9ments maintiennent le cylindre et le piston ensemble.<\/li>\n<li>\u00c0 l'aide d'outils appropri\u00e9s, retirez soigneusement les capuchons ou les anneaux de retenue, sans endommager les surfaces ou les composants.<\/li>\n<li>Une fois les capuchons d'extr\u00e9mit\u00e9 ou les anneaux de retenue retir\u00e9s, l'ensemble cylindre-piston doit pouvoir se s\u00e9parer librement.<\/li>\n<\/ul>\n<\/li>\n<li><strong>Retrait des composants<\/strong>:\n<ul>\n<li>Retirez le piston du cylindre, en prenant note des joints, des roulements ou des autres composants qui peuvent y \u00eatre fix\u00e9s.<\/li>\n<li>Inspecter et documenter l'\u00e9tat de tous les composants retir\u00e9s, en v\u00e9rifiant qu'ils ne sont pas us\u00e9s, endommag\u00e9s ou pr\u00e9sentent des signes de fuite. Remplacer les pi\u00e8ces us\u00e9es ou endommag\u00e9es si n\u00e9cessaire.<\/li>\n<\/ul>\n<\/li>\n<li><strong>Nettoyer et ranger les composants<\/strong>:\n<ul>\n<li>Nettoyez soigneusement tous les composants d\u00e9mont\u00e9s \u00e0 l'aide d'un produit nettoyant appropri\u00e9 pour \u00e9liminer la salet\u00e9, les d\u00e9bris ou le fluide hydraulique.<\/li>\n<li>Rangez les composants propres et organis\u00e9s, en les prot\u00e9geant de toute contamination et de tout dommage.<\/li>\n<\/ul>\n<\/li>\n<\/ol>\n<h2><strong>Capacit\u00e9 de l'usine :<\/strong><\/h2>\n<h3>(1) Assemblage<\/h3>\n<p>Nous disposons d'une plateforme d'assemblage ind\u00e9pendante de recherche et d\u00e9veloppement de premier ordre. Notre atelier de production de v\u00e9rins hydrauliques dispose de quatre lignes d'assemblage semi-automatiques de v\u00e9rins de levage et d'une ligne d'assemblage automatique de v\u00e9rins d'inclinaison, pour une capacit\u00e9 de production annuelle pr\u00e9vue d'un million de pi\u00e8ces. L'atelier de v\u00e9rins sp\u00e9ciaux est \u00e9quip\u00e9 d'un syst\u00e8me d'assemblage de nettoyage semi-automatique de diverses sp\u00e9cifications, d'une capacit\u00e9 de production annuelle pr\u00e9vue de 200\u00a0000 pi\u00e8ces et dispose d'\u00e9quipements d'usinage CNC de pointe, d'un centre d'usinage, d'\u00e9quipements sp\u00e9ciaux d'usinage de haute pr\u00e9cision, d'une machine de soudage robotis\u00e9e, d'une machine de nettoyage automatique, d'une machine d'assemblage automatique de v\u00e9rins et d'une ligne de peinture automatique. Nous disposons de plus de 300 \u00e9quipements critiques. L'allocation optimale et l'utilisation efficace des ressources garantissent la pr\u00e9cision et la qualit\u00e9 des produits.<\/p>\n<p><img loading=\"lazy\" decoding=\"async\" class=\"alignnone wp-image-626\" src=\"https:\/\/hydraulic-cylinders.net\/wp-content\/uploads\/2023\/08\/hydraulic-cylinder-product-1-300x158.webp\" alt=\"\" width=\"495\" height=\"260\" srcset=\"https:\/\/hydraulic-cylinders.net\/wp-content\/uploads\/2023\/08\/hydraulic-cylinder-product-1-300x158.webp 495w, https:\/\/hydraulic-cylinders.net\/wp-content\/uploads\/2023\/08\/hydraulic-cylinder-product-1-480x252.webp 480w\" sizes=\"(min-width: 0px) and (max-width: 480px) 480px, (min-width: 481px) 495px, 100vw\" \/> <img loading=\"lazy\" decoding=\"async\" class=\"alignnone wp-image-627\" src=\"https:\/\/hydraulic-cylinders.net\/wp-content\/uploads\/2023\/08\/hydraulic-cylinder-product-2-300x189.webp\" alt=\"\" width=\"413\" height=\"260\" \/><\/p>\n<h3>(2) Usinage<\/h3>\n<p>L'atelier d'usinage est \u00e9quip\u00e9 d'un centre de tournage sur rail inclin\u00e9 personnalis\u00e9, d'un centre d'usinage, d'une machine \u00e0 honer \u00e0 grande vitesse, d'un robot de soudage et d'autres \u00e9quipements connexes, qui peuvent traiter des tubes cylindriques d'un diam\u00e8tre int\u00e9rieur maximal de 400 mm et d'une longueur maximale de 6 m\u00e8tres.<\/p>\n<p><img loading=\"lazy\" decoding=\"async\" class=\"alignnone wp-image-628 size-large\" src=\"https:\/\/hydraulic-cylinders.net\/wp-content\/uploads\/2023\/08\/hydraulic-cylinder-product-3-1024x391.webp\" alt=\"\" width=\"1024\" height=\"391\" srcset=\"https:\/\/hydraulic-cylinders.net\/wp-content\/uploads\/2023\/08\/hydraulic-cylinder-product-3-980x374.webp 980w, https:\/\/hydraulic-cylinders.net\/wp-content\/uploads\/2023\/08\/hydraulic-cylinder-product-3-480x183.webp 480w\" sizes=\"(min-width: 0px) and (max-width: 480px) 480px, (min-width: 481px) and (max-width: 980px) 980px, (min-width: 981px) 1024px, 100vw\" \/><\/p>\n<h3>(3) Soudage<\/h3>\n<p><img loading=\"lazy\" decoding=\"async\" class=\"alignnone wp-image-629 size-large\" src=\"https:\/\/hydraulic-cylinders.net\/wp-content\/uploads\/2023\/08\/hydraulic-cylinder-product-4-1024x510.webp\" alt=\"\" width=\"1024\" height=\"510\" srcset=\"https:\/\/hydraulic-cylinders.net\/wp-content\/uploads\/2023\/08\/hydraulic-cylinder-product-4-980x488.webp 980w, https:\/\/hydraulic-cylinders.net\/wp-content\/uploads\/2023\/08\/hydraulic-cylinder-product-4-480x239.webp 480w\" sizes=\"(min-width: 0px) and (max-width: 480px) 480px, (min-width: 481px) and (max-width: 980px) 980px, (min-width: 981px) 1024px, 100vw\" \/><\/p>\n<h3>(4) Peinture et rev\u00eatement<\/h3>\n<p>Avec des lignes de rev\u00eatement de peinture \u00e0 base d'eau automatiques \u00e0 cylindre de petite et moyenne taille, pour r\u00e9aliser le chargement et le d\u00e9chargement automatiques par robot et la pulv\u00e9risation automatique, la capacit\u00e9 de conception est de 4 000 pi\u00e8ces par \u00e9quipe ;<br \/>\nNous disposons \u00e9galement d'une ligne de production de peinture semi-automatique pour gros cylindres, aliment\u00e9e par une cha\u00eene de traction, d'une capacit\u00e9 de conception de 60 caisses par \u00e9quipe.<\/p>\n<p><img loading=\"lazy\" decoding=\"async\" class=\"alignnone wp-image-630\" src=\"https:\/\/hydraulic-cylinders.net\/wp-content\/uploads\/2023\/08\/hydraulic-cylinder-product-5-300x213.webp\" alt=\"\" width=\"366\" height=\"260\" \/> <img loading=\"lazy\" decoding=\"async\" class=\"alignnone wp-image-631\" src=\"https:\/\/hydraulic-cylinders.net\/wp-content\/uploads\/2023\/08\/hydraulic-cylinder-product-6-300x225.webp\" alt=\"\" width=\"347\" height=\"260\" \/><\/p>\n<h3>(5) Essais<\/h3>\n<p>Nous disposons d'installations d'inspection et de bancs d'essai de premier ordre pour garantir que les performances de la bouteille sont conformes aux exigences.<\/p>\n<p><img loading=\"lazy\" decoding=\"async\" class=\"alignnone wp-image-632\" src=\"https:\/\/hydraulic-cylinders.net\/wp-content\/uploads\/2023\/08\/hydraulic-cylinder-product-8-300x200.webp\" alt=\"\" width=\"389\" height=\"260\" \/><\/p>\n<p>&nbsp;<\/p>\n<p>&nbsp;<\/p>\n<p>Nous sommes l'un des meilleurs fabricants de v\u00e9rins hydrauliques \u00e0 tige l\u00e9g\u00e8re. Nous pouvons offrir un large stock de v\u00e9rins hydrauliques \u00e0 tige l\u00e9g\u00e8re. Nous fournissons \u00e9galement des <a href=\"https:\/\/hzpt.com\/agricultural-pto-gearbox\/\" target=\"_blank\" rel=\"noopener\">bo\u00eetes de vitesses agricoles<\/a>. Nous avons export\u00e9 nos produits vers des clients du monde entier et avons acquis une bonne r\u00e9putation gr\u00e2ce \u00e0 la qualit\u00e9 sup\u00e9rieure de nos produits et \u00e0 notre service apr\u00e8s-vente. Nous invitons chaleureusement nos clients, tant nationaux qu'\u00e9trangers, \u00e0 nous contacter pour n\u00e9gocier des affaires, \u00e9changer des informations, et...\u00a0<a href=\"https:\/\/www.hydraulic-cylinders.net\/fr\/contact-us\/\">coop\u00e9rer avec nous<\/a>!<\/p>\n<p>&nbsp;<\/p>\n<h2><\/h2>\n<h2><\/h2>","protected":false},"excerpt":{"rendered":"<p>CA Monoaural Type Light Rod Hydraulic Cylinder The CA monoaural type light rod hydraulic cylinder is an advanced hydraulic cylinder designed to optimize accuracy and efficiency for a variety of industrial applications. With its monophonic design and light pole construction, this cylinder offers superior performance, reliability, and ease of use. The Main Features And Advantages [&hellip;]<\/p>","protected":false},"featured_media":884,"comment_status":"open","ping_status":"closed","template":"","meta":{"_et_pb_use_builder":"","_et_pb_old_content":"","_et_gb_content_width":""},"product_brand":[],"product_cat":[1550,1525,1509,1376,1387],"product_tag":[1380],"class_list":{"0":"post-827","1":"product","2":"type-product","3":"status-publish","4":"has-post-thumbnail","6":"product_cat-double-acting-hydraulic-cylinder","7":"product_cat-machine-tool-hydraulic-cylinders","8":"product_cat-tie-rod-hydraulic-cylinder","9":"product_cat-hydraulic-cylinder","10":"product_cat-light-rod-hydraulic-cylinder","11":"product_tag-hydraulic-cylinder","13":"first","14":"instock","15":"shipping-taxable","16":"product-type-simple"},"amp_enabled":true,"_links":{"self":[{"href":"https:\/\/www.hydraulic-cylinders.net\/fr\/wp-json\/wp\/v2\/product\/827","targetHints":{"allow":["GET"]}}],"collection":[{"href":"https:\/\/www.hydraulic-cylinders.net\/fr\/wp-json\/wp\/v2\/product"}],"about":[{"href":"https:\/\/www.hydraulic-cylinders.net\/fr\/wp-json\/wp\/v2\/types\/product"}],"replies":[{"embeddable":true,"href":"https:\/\/www.hydraulic-cylinders.net\/fr\/wp-json\/wp\/v2\/comments?post=827"}],"wp:featuredmedia":[{"embeddable":true,"href":"https:\/\/www.hydraulic-cylinders.net\/fr\/wp-json\/wp\/v2\/media\/884"}],"wp:attachment":[{"href":"https:\/\/www.hydraulic-cylinders.net\/fr\/wp-json\/wp\/v2\/media?parent=827"}],"wp:term":[{"taxonomy":"product_brand","embeddable":true,"href":"https:\/\/www.hydraulic-cylinders.net\/fr\/wp-json\/wp\/v2\/product_brand?post=827"},{"taxonomy":"product_cat","embeddable":true,"href":"https:\/\/www.hydraulic-cylinders.net\/fr\/wp-json\/wp\/v2\/product_cat?post=827"},{"taxonomy":"product_tag","embeddable":true,"href":"https:\/\/www.hydraulic-cylinders.net\/fr\/wp-json\/wp\/v2\/product_tag?post=827"}],"curies":[{"name":"wp","href":"https:\/\/api.w.org\/{rel}","templated":true}]}}