{"id":896,"date":"2023-09-01T07:43:48","date_gmt":"2023-09-01T07:43:48","guid":{"rendered":"https:\/\/hydraulic-cylinders.net\/?post_type=product&#038;p=896"},"modified":"2023-09-19T01:27:31","modified_gmt":"2023-09-19T01:27:31","slug":"fa-front-flange-type-heavy-rod-hydraulic-cylinder","status":"publish","type":"product","link":"https:\/\/www.hydraulic-cylinders.net\/fr\/produit\/fa-front-flange-type-heavy-rod-hydraulic-cylinder\/","title":{"rendered":"V\u00e9rin hydraulique \u00e0 tige lourde FA \u00e0 bride avant"},"content":{"rendered":"<h1 style=\"text-align: center;\"><strong>V\u00e9rin hydraulique \u00e0 tige lourde FA \u00e0 bride avant<\/strong><\/h1>\n<p>Le v\u00e9rin hydraulique \u00e0 tige lourde \u00e0 bride avant FA est un composant hautes performances offrant puissance, durabilit\u00e9 et fiabilit\u00e9 sup\u00e9rieures pour les applications industrielles exigeantes. Gr\u00e2ce \u00e0 sa construction robuste, sa conception pr\u00e9cise et ses fonctionnalit\u00e9s avanc\u00e9es, ce v\u00e9rin hydraulique \u00e0 tige lourde constitue une solution fiable pour les t\u00e2ches exigeantes n\u00e9cessitant une force de sortie d\u00e9di\u00e9e et un contr\u00f4le pr\u00e9cis. Des machines lourdes aux \u00e9quipements de manutention, les v\u00e9rins hydrauliques \u00e0 tige lourde \u00e0 bride avant FA sont con\u00e7us pour exceller dans les environnements difficiles, garantissant des performances et une productivit\u00e9 optimales.<\/p>\n<p>Caract\u00e9ristiques principales du v\u00e9rin hydraulique \u00e0 tige lourde :<\/p>\n<p><strong>1. Construction robuste<\/strong>Les v\u00e9rins hydrauliques \u00e0 tige lourde et bride avant FA se caract\u00e9risent par une conception robuste et des mat\u00e9riaux de haute qualit\u00e9, tels que l'acier ou les alliages, pour r\u00e9sister aux charges lourdes, aux pressions extr\u00eames et aux conditions de fonctionnement difficiles. Leur construction robuste garantit une durabilit\u00e9 \u00e0 long terme et une r\u00e9sistance \u00e0 l'usure, \u00e0 la corrosion et aux dommages.<\/p>\n<p><strong>2. Puissance de sortie \u00e9lev\u00e9e<\/strong>Gr\u00e2ce \u00e0 son piston de grand diam\u00e8tre et \u00e0 sa capacit\u00e9 de pression \u00e9lev\u00e9e, ce v\u00e9rin hydraulique \u00e0 tige lourde offre une force de sortie impressionnante, ce qui le rend id\u00e9al pour les applications n\u00e9cessitant des efforts de levage, de pouss\u00e9e ou de traction importants. Il garantit des performances optimales et permet aux op\u00e9rateurs d'effectuer efficacement des t\u00e2ches exigeantes.<\/p>\n<p><strong>3. Contr\u00f4le pr\u00e9cis<\/strong>Le v\u00e9rin hydraulique \u00e0 tige lourde et bride avant FA assure un mouvement lin\u00e9aire contr\u00f4l\u00e9 avec pr\u00e9cision, permettant \u00e0 l'op\u00e9rateur d'obtenir un positionnement pr\u00e9cis et un fonctionnement fluide. Sa conception et sa technologie avanc\u00e9es garantissent un frottement interne minimal et un mouvement fluide et r\u00e9actif.<\/p>\n<p><img loading=\"lazy\" decoding=\"async\" class=\"size-full wp-image-897 aligncenter\" src=\"https:\/\/hydraulic-cylinders.net\/wp-content\/uploads\/2023\/09\/fa-front-flange-type-heavy-rod-hydraulic-cylinder-2.webp\" alt=\"\" width=\"275\" height=\"275\" srcset=\"https:\/\/www.hydraulic-cylinders.net\/wp-content\/uploads\/2023\/09\/fa-front-flange-type-heavy-rod-hydraulic-cylinder-2.webp 275w, https:\/\/www.hydraulic-cylinders.net\/wp-content\/uploads\/2023\/09\/fa-front-flange-type-heavy-rod-hydraulic-cylinder-2-100x100.webp 100w, https:\/\/www.hydraulic-cylinders.net\/wp-content\/uploads\/2023\/09\/fa-front-flange-type-heavy-rod-hydraulic-cylinder-2-150x150.webp 150w, https:\/\/www.hydraulic-cylinders.net\/wp-content\/uploads\/2023\/09\/fa-front-flange-type-heavy-rod-hydraulic-cylinder-2-12x12.webp 12w\" sizes=\"(max-width: 275px) 100vw, 275px\" \/><\/p>\n<h2><strong>Param\u00e8tre du v\u00e9rin hydraulique \u00e0 tige lourde de type bride avant FA :<\/strong><\/h2>\n<p><img loading=\"lazy\" decoding=\"async\" class=\"alignnone wp-image-898 size-full\" src=\"https:\/\/hydraulic-cylinders.net\/wp-content\/uploads\/2023\/09\/fa-front-flange-type-heavy-rod-hydraulic-cylinder-1.webp\" alt=\"\" width=\"790\" height=\"478\" srcset=\"https:\/\/hydraulic-cylinders.net\/wp-content\/uploads\/2023\/09\/fa-front-flange-type-heavy-rod-hydraulic-cylinder-1.webp 790w, https:\/\/hydraulic-cylinders.net\/wp-content\/uploads\/2023\/09\/fa-front-flange-type-heavy-rod-hydraulic-cylinder-1-480x290.webp 480w\" sizes=\"(min-width: 0px) and (max-width: 480px) 480px, (min-width: 481px) 790px, 100vw\" \/><\/p>\n<h2><strong>V\u00e9rin hydraulique \u00e0 tige lourde FA \u00e0 bride avant <\/strong><strong>M\u00e9thode d'utilisation<\/strong><strong>:<\/strong><\/h2>\n<p><strong>Montage et connexion<\/strong>Utilisez des supports ou fixations appropri\u00e9s pour installer en toute s\u00e9curit\u00e9 le v\u00e9rin hydraulique standard \u00e0 tige lourde. Lors de l'installation, assurez-vous de l'alignement et de la stabilit\u00e9. Raccordez les conduites hydrauliques aux orifices du v\u00e9rin conform\u00e9ment aux instructions et aux consignes du fabricant.<\/p>\n<p><strong>Int\u00e9gration du syst\u00e8me hydraulique<\/strong>Le v\u00e9rin est int\u00e9gr\u00e9 au syst\u00e8me hydraulique en le connectant \u00e0 une pompe ou un groupe hydraulique adapt\u00e9. Assurez-vous que les sp\u00e9cifications et les exigences de fonctionnement du v\u00e9rin sont respect\u00e9es.<\/p>\n<p><strong>Contr\u00f4le et fonctionnement<\/strong>Utilisez la vanne de r\u00e9gulation pour r\u00e9guler le d\u00e9bit d'huile hydraulique vers et depuis le v\u00e9rin. Ajustez les param\u00e8tres de commande en fonction du mouvement lin\u00e9aire et de la force d\u00e9sir\u00e9s. Testez le mouvement du v\u00e9rin pour v\u00e9rifier son fonctionnement et sa r\u00e9activit\u00e9.<\/p>\n<h2><strong>V\u00e9rin hydraulique \u00e0 tige lourde FA \u00e0 bride avant <\/strong><strong>Entretien<\/strong><strong>:<\/strong><\/h2>\n<p>Un entretien r\u00e9gulier est essentiel pour optimiser la dur\u00e9e de vie et les performances du v\u00e9rin hydraulique standard \u00e0 tige lourde. Voici quelques conseils d'entretien\u00a0:<\/p>\n<p><strong>Inspection p\u00e9riodique<\/strong>Effectuez des inspections de routine pour identifier les signes d'usure, de dommages ou de fuites. V\u00e9rifiez les blocs-cylindres, les tiges de piston, les joints et autres composants pour d\u00e9tecter toute anomalie. R\u00e9solvez rapidement tout probl\u00e8me afin d'\u00e9viter toute blessure ou inefficacit\u00e9 op\u00e9rationnelle.<\/p>\n<p><strong>Lubrification<\/strong>Appliquer le lubrifiant recommand\u00e9 sur les pi\u00e8ces mobiles du v\u00e9rin, y compris les tirants et les joints. Une lubrification r\u00e9guli\u00e8re minimise les frottements, r\u00e9duit l'usure et assure un fonctionnement fluide. Respecter les consignes du fabricant concernant les intervalles de lubrification et les types de lubrifiants appropri\u00e9s.<\/p>\n<p><strong>Remplacement du joint<\/strong>Si les joints sont us\u00e9s ou pr\u00e9sentent des fuites, remplacez-les par des pi\u00e8ces d'origine approuv\u00e9es par le fabricant. Des joints endommag\u00e9s ou us\u00e9s peuvent compromettre les performances du v\u00e9rin et entra\u00eener des fuites d'huile hydraulique.<\/p>\n<p><strong>Nettoyage<\/strong>Nettoyez les cylindres en \u00e9liminant la salet\u00e9, les d\u00e9bris et autres contaminants. Avant le remontage, utilisez un nettoyant non abrasif et assurez-vous que toutes les pi\u00e8ces sont s\u00e8ches. Un nettoyage r\u00e9gulier favorise des performances optimales et pr\u00e9vient l'usure pr\u00e9matur\u00e9e ou les dommages.<\/p>\n<h2><strong>Comment d\u00e9monter un v\u00e9rin hydraulique ?<\/strong><\/h2>\n<p>Le d\u00e9montage d'un v\u00e9rin hydraulique n\u00e9cessite un d\u00e9montage minutieux afin d'\u00e9viter d'endommager les composants. Voici un guide \u00e9tape par \u00e9tape pour le d\u00e9montage d'un v\u00e9rin hydraulique\u00a0:<\/p>\n<ol>\n<li><strong>Pr\u00e9cautions de s\u00e9curit\u00e9<\/strong>Avant toute intervention sur les v\u00e9rins hydrauliques, assurez-vous que le syst\u00e8me est hors pression et que l'\u00e9quipement est solidement fix\u00e9 pour \u00e9viter tout mouvement accidentel. Portez un \u00e9quipement de protection individuelle (EPI) appropri\u00e9, tel que des gants et des lunettes de s\u00e9curit\u00e9.<\/li>\n<li><strong>Identifier le cylindre<\/strong>D\u00e9terminez le type et la conception du v\u00e9rin hydraulique utilis\u00e9. Les proc\u00e9dures de d\u00e9montage peuvent varier selon le v\u00e9rin\u00a0; consultez donc la documentation du fabricant ou les instructions sp\u00e9cifiques \u00e0 votre mod\u00e8le.<\/li>\n<li><strong>D\u00e9pose du cylindre<\/strong>D\u00e9branchez toutes les conduites hydrauliques raccord\u00e9es au v\u00e9rin. Retirez tous les composants externes, tels que les supports de montage ou les couvercles, susceptibles d'obstruer l'acc\u00e8s au v\u00e9rin.<\/li>\n<li><strong>Vidanger le liquide hydraulique<\/strong>Placer un r\u00e9cipient appropri\u00e9 sous le v\u00e9rin pour r\u00e9cup\u00e9rer le liquide hydraulique s'\u00e9coulant lors du d\u00e9montage. Vidanger le liquide avec pr\u00e9caution en desserrant les raccords ou en retirant les bouchons de vidange.<\/li>\n<li><strong>D\u00e9monter les embouts<\/strong>Identifiez les embouts du cylindre, g\u00e9n\u00e9ralement situ\u00e9s \u00e0 chaque extr\u00e9mit\u00e9. Retirez les boulons, vis ou fixations qui les maintiennent en place. Tapotez doucement les embouts avec un maillet en caoutchouc pour les desserrer si n\u00e9cessaire.<\/li>\n<li><strong>Embouts s\u00e9par\u00e9s<\/strong>Une fois les fixations des embouts retir\u00e9es, retirez-les d\u00e9licatement \u00e0 l'aide d'un pied-de-biche ou d'un maillet. Notez l'orientation et l'ordre des composants \u00e0 l'int\u00e9rieur du cylindre lors du d\u00e9montage.<\/li>\n<li><strong>Retirer l'ensemble piston<\/strong>Une fois les embouts retir\u00e9s, le piston doit \u00eatre accessible. Faites glisser le piston hors de l'al\u00e9sage du cylindre sans endommager ni le piston ni les parois du cylindre. Si le piston est difficile \u00e0 retirer, appliquez un lubrifiant appropri\u00e9 et forcez l\u00e9g\u00e8rement pour faciliter son retrait.<\/li>\n<li><strong>Inspecter et nettoyer les composants<\/strong>Inspectez tous les composants d\u00e9mont\u00e9s pour d\u00e9tecter tout signe d'usure, de dommage ou de contamination. Nettoyez chaque composant avec un nettoyant ou un solvant appropri\u00e9 pour \u00e9liminer la salet\u00e9, les d\u00e9bris ou les r\u00e9sidus de liquide hydraulique. S\u00e9chez soigneusement les composants avant toute inspection ou remontage.<\/li>\n<li><strong>Remplacer les pi\u00e8ces us\u00e9es ou endommag\u00e9es<\/strong>Si des composants pr\u00e9sentent des signes d'usure ou de dommages excessifs, ils doivent \u00eatre remplac\u00e9s. Consultez les instructions du fabricant ou demandez conseil \u00e0 un professionnel pour s\u00e9lectionner les pi\u00e8ces de rechange appropri\u00e9es.<\/li>\n<li><strong>Remontage<\/strong>Pour remonter le v\u00e9rin hydraulique, suivez l'ordre inverse du d\u00e9montage. Assurez-vous que tous les composants sont correctement align\u00e9s et que les joints ou joints toriques sont lubrifi\u00e9s avec de l'huile hydraulique ou un lubrifiant compatible avant l'installation. Serrez les fixations et les raccords conform\u00e9ment aux couples de serrage recommand\u00e9s par le fabricant.<\/li>\n<\/ol>\n<h2><strong>Capacit\u00e9 de l'usine :<\/strong><\/h2>\n<h3>(1) Assemblage<\/h3>\n<p>Nous disposons d'une plateforme d'assemblage ind\u00e9pendante de recherche et d\u00e9veloppement de premier ordre. Notre atelier de production de v\u00e9rins hydrauliques dispose de quatre lignes d'assemblage semi-automatiques de v\u00e9rins de levage et d'une ligne d'assemblage automatique de v\u00e9rins d'inclinaison, pour une capacit\u00e9 de production annuelle pr\u00e9vue d'un million de pi\u00e8ces. L'atelier de v\u00e9rins sp\u00e9ciaux est \u00e9quip\u00e9 d'un syst\u00e8me d'assemblage de nettoyage semi-automatique de diverses sp\u00e9cifications, d'une capacit\u00e9 de production annuelle pr\u00e9vue de 200\u00a0000 pi\u00e8ces et dispose d'\u00e9quipements d'usinage CNC de pointe, d'un centre d'usinage, d'\u00e9quipements sp\u00e9ciaux d'usinage de haute pr\u00e9cision, d'une machine de soudage robotis\u00e9e, d'une machine de nettoyage automatique, d'une machine d'assemblage automatique de v\u00e9rins et d'une ligne de peinture automatique. Nous disposons de plus de 300 \u00e9quipements critiques. L'allocation optimale et l'utilisation efficace des ressources garantissent la pr\u00e9cision et la qualit\u00e9 des produits.<\/p>\n<p><img loading=\"lazy\" decoding=\"async\" class=\"alignnone wp-image-626\" src=\"https:\/\/hydraulic-cylinders.net\/wp-content\/uploads\/2023\/08\/hydraulic-cylinder-product-1-300x158.webp\" alt=\"\" width=\"495\" height=\"260\" srcset=\"https:\/\/hydraulic-cylinders.net\/wp-content\/uploads\/2023\/08\/hydraulic-cylinder-product-1-300x158.webp 495w, https:\/\/hydraulic-cylinders.net\/wp-content\/uploads\/2023\/08\/hydraulic-cylinder-product-1-480x252.webp 480w\" sizes=\"(min-width: 0px) and (max-width: 480px) 480px, (min-width: 481px) 495px, 100vw\" \/> <img loading=\"lazy\" decoding=\"async\" class=\"alignnone wp-image-627\" src=\"https:\/\/hydraulic-cylinders.net\/wp-content\/uploads\/2023\/08\/hydraulic-cylinder-product-2-300x189.webp\" alt=\"\" width=\"413\" height=\"260\" \/><\/p>\n<h3>(2) Usinage<\/h3>\n<p>L'atelier d'usinage est \u00e9quip\u00e9 d'un centre de tournage sur rail inclin\u00e9 personnalis\u00e9, d'un centre d'usinage, d'une machine \u00e0 honer \u00e0 grande vitesse, d'un robot de soudage et d'autres \u00e9quipements connexes, qui peuvent traiter des tubes cylindriques d'un diam\u00e8tre int\u00e9rieur maximal de 400 mm et d'une longueur maximale de 6 m\u00e8tres.<\/p>\n<p><img loading=\"lazy\" decoding=\"async\" class=\"alignnone wp-image-628 size-large\" src=\"https:\/\/hydraulic-cylinders.net\/wp-content\/uploads\/2023\/08\/hydraulic-cylinder-product-3-1024x391.webp\" alt=\"\" width=\"1024\" height=\"391\" srcset=\"https:\/\/hydraulic-cylinders.net\/wp-content\/uploads\/2023\/08\/hydraulic-cylinder-product-3-980x374.webp 980w, https:\/\/hydraulic-cylinders.net\/wp-content\/uploads\/2023\/08\/hydraulic-cylinder-product-3-480x183.webp 480w\" sizes=\"(min-width: 0px) and (max-width: 480px) 480px, (min-width: 481px) and (max-width: 980px) 980px, (min-width: 981px) 1024px, 100vw\" \/><\/p>\n<h3>(3) Soudage<\/h3>\n<p><img loading=\"lazy\" decoding=\"async\" class=\"alignnone wp-image-629 size-large\" src=\"https:\/\/hydraulic-cylinders.net\/wp-content\/uploads\/2023\/08\/hydraulic-cylinder-product-4-1024x510.webp\" alt=\"\" width=\"1024\" height=\"510\" srcset=\"https:\/\/hydraulic-cylinders.net\/wp-content\/uploads\/2023\/08\/hydraulic-cylinder-product-4-980x488.webp 980w, https:\/\/hydraulic-cylinders.net\/wp-content\/uploads\/2023\/08\/hydraulic-cylinder-product-4-480x239.webp 480w\" sizes=\"(min-width: 0px) and (max-width: 480px) 480px, (min-width: 481px) and (max-width: 980px) 980px, (min-width: 981px) 1024px, 100vw\" \/><\/p>\n<h3>(4) Peinture et rev\u00eatement<\/h3>\n<p>Avec des lignes de rev\u00eatement de peinture \u00e0 base d'eau automatiques \u00e0 cylindre de petite et moyenne taille, pour r\u00e9aliser le chargement et le d\u00e9chargement automatiques par robot et la pulv\u00e9risation automatique, la capacit\u00e9 de conception est de 4 000 pi\u00e8ces par \u00e9quipe ;<br \/>\nNous disposons \u00e9galement d'une ligne de production de peinture semi-automatique pour gros cylindres, aliment\u00e9e par une cha\u00eene de traction, d'une capacit\u00e9 de conception de 60 caisses par \u00e9quipe.<\/p>\n<p><img loading=\"lazy\" decoding=\"async\" class=\"alignnone wp-image-630\" src=\"https:\/\/hydraulic-cylinders.net\/wp-content\/uploads\/2023\/08\/hydraulic-cylinder-product-5-300x213.webp\" alt=\"\" width=\"366\" height=\"260\" \/> <img loading=\"lazy\" decoding=\"async\" class=\"alignnone wp-image-631\" src=\"https:\/\/hydraulic-cylinders.net\/wp-content\/uploads\/2023\/08\/hydraulic-cylinder-product-6-300x225.webp\" alt=\"\" width=\"347\" height=\"260\" \/><\/p>\n<h3>(5) Essais<\/h3>\n<p>Nous disposons d'installations d'inspection et de bancs d'essai de premier ordre pour garantir que les performances de la bouteille sont conformes aux exigences.<\/p>\n<p><img loading=\"lazy\" decoding=\"async\" class=\"alignnone wp-image-632\" src=\"https:\/\/hydraulic-cylinders.net\/wp-content\/uploads\/2023\/08\/hydraulic-cylinder-product-8-300x200.webp\" alt=\"\" width=\"389\" height=\"260\" \/><\/p>\n<p>&nbsp;<\/p>\n<p>&nbsp;<\/p>\n<p>Nous sommes l'un des meilleurs fabricants de v\u00e9rins hydrauliques \u00e0 tige lourde. Nous proposons un large stock de v\u00e9rins hydrauliques \u00e0 tige lourde. Nous fournissons \u00e9galement les v\u00e9rins correspondants. <a href=\"https:\/\/hzpt.com\/agricultural-pto-gearbox\/\" target=\"_blank\" rel=\"noopener\">bo\u00eetes de vitesses agricoles<\/a>. Nous avons export\u00e9 nos produits vers des clients du monde entier et avons acquis une bonne r\u00e9putation gr\u00e2ce \u00e0 la qualit\u00e9 sup\u00e9rieure de nos produits et \u00e0 notre service apr\u00e8s-vente. Nous invitons chaleureusement nos clients, tant nationaux qu'\u00e9trangers, \u00e0 nous contacter pour n\u00e9gocier des affaires, \u00e9changer des informations, et...\u00a0<a href=\"https:\/\/www.hydraulic-cylinders.net\/fr\/contact-us\/\">coop\u00e9rer avec nous<\/a>!<\/p>\n<p>&nbsp;<\/p>\n<h2><\/h2>","protected":false},"excerpt":{"rendered":"<p>FA Front Flange Type Heavy Rod Hydraulic Cylinder The FA front flanged heavy rod hydraulic cylinder is a high-performance component that provides superior power, durability, and reliability in demanding industrial applications. With its robust construction, precise engineering, and advanced features, this heavy rod hydraulic cylinder is a reliable solution for heavy-duty tasks requiring dedicated force [&hellip;]<\/p>","protected":false},"featured_media":899,"comment_status":"open","ping_status":"closed","template":"","meta":{"_et_pb_use_builder":"","_et_pb_old_content":"","_et_gb_content_width":""},"product_brand":[],"product_cat":[1376,1385],"product_tag":[1380],"class_list":{"0":"post-896","1":"product","2":"type-product","3":"status-publish","4":"has-post-thumbnail","6":"product_cat-hydraulic-cylinder","7":"product_cat-heavy-rod-hydraulic-cylinder","8":"product_tag-hydraulic-cylinder","10":"first","11":"instock","12":"shipping-taxable","13":"product-type-simple"},"amp_enabled":true,"_links":{"self":[{"href":"https:\/\/www.hydraulic-cylinders.net\/fr\/wp-json\/wp\/v2\/product\/896","targetHints":{"allow":["GET"]}}],"collection":[{"href":"https:\/\/www.hydraulic-cylinders.net\/fr\/wp-json\/wp\/v2\/product"}],"about":[{"href":"https:\/\/www.hydraulic-cylinders.net\/fr\/wp-json\/wp\/v2\/types\/product"}],"replies":[{"embeddable":true,"href":"https:\/\/www.hydraulic-cylinders.net\/fr\/wp-json\/wp\/v2\/comments?post=896"}],"wp:featuredmedia":[{"embeddable":true,"href":"https:\/\/www.hydraulic-cylinders.net\/fr\/wp-json\/wp\/v2\/media\/899"}],"wp:attachment":[{"href":"https:\/\/www.hydraulic-cylinders.net\/fr\/wp-json\/wp\/v2\/media?parent=896"}],"wp:term":[{"taxonomy":"product_brand","embeddable":true,"href":"https:\/\/www.hydraulic-cylinders.net\/fr\/wp-json\/wp\/v2\/product_brand?post=896"},{"taxonomy":"product_cat","embeddable":true,"href":"https:\/\/www.hydraulic-cylinders.net\/fr\/wp-json\/wp\/v2\/product_cat?post=896"},{"taxonomy":"product_tag","embeddable":true,"href":"https:\/\/www.hydraulic-cylinders.net\/fr\/wp-json\/wp\/v2\/product_tag?post=896"}],"curies":[{"name":"wp","href":"https:\/\/api.w.org\/{rel}","templated":true}]}}