{"id":1159,"date":"2023-09-12T03:31:25","date_gmt":"2023-09-12T03:31:25","guid":{"rendered":"https:\/\/hydraulic-cylinders.net\/?post_type=product&#038;p=1159"},"modified":"2025-04-11T05:07:19","modified_gmt":"2025-04-11T05:07:19","slug":"head-method-orchid-type-metallurgical-hydraulic-cylinder","status":"publish","type":"product","link":"https:\/\/www.hydraulic-cylinders.net\/hu\/termek\/head-method-orchid-type-metallurgical-hydraulic-cylinder\/","title":{"rendered":"Fej m\u00f3dszer Orchidea t\u00edpus\u00fa f\u00e9mkoh\u00e1szati hidraulikus henger"},"content":{"rendered":"<h1 style=\"text-align: center;\"><strong>Fej m\u00f3dszer Orchidea t\u00edpus\u00fa f\u00e9mkoh\u00e1szati hidraulikus henger<\/strong><\/h1>\n<p>A fejelrendez\u00e9s\u0171, orchidea t\u00edpus\u00fa koh\u00e1szati \u200b\u200bhidraulikus henger egy sokoldal\u00fa, nagy teljes\u00edtm\u00e9ny\u0171 alkatr\u00e9sz, amelyet kifejezetten koh\u00e1szati \u200b\u200balkalmaz\u00e1sokhoz terveztek. A term\u00e9k kiv\u00e1l\u00f3 funkcionalit\u00e1st, prec\u00edz vez\u00e9rl\u00e9st \u00e9s megb\u00edzhat\u00f3 m\u0171k\u00f6d\u00e9st biztos\u00edt ig\u00e9nyes ipari k\u00f6rnyezetben. A fejelrendez\u00e9s\u0171 orchidea kialak\u00edt\u00e1s optim\u00e1lis teljes\u00edtm\u00e9nyt, stabilit\u00e1st \u00e9s biztons\u00e1got biztos\u00edt a folyamat sor\u00e1n.<\/p>\n<p>Az Y-HG1 sorozat\u00fa koh\u00e1szati \u200b\u200bberendez\u00e9sek hidraulikus hengere kett\u0151s m\u0171k\u00f6d\u00e9s\u0171 dugatty\u00fas henger; a henger \u00e1tm\u00e9r\u0151je \u00e1ltal\u00e1ban 40 ~ 320 mm tartom\u00e1nyon bel\u00fcl van, az \u00fczemi nyom\u00e1s pedig &lt;=16MPA. A hidraulikaolaj-rendszer k\u00e9pes az akt\u00edv k\u00f6zeg, p\u00e9ld\u00e1ul az emulzi\u00f3 sz\u00e1ll\u00edt\u00e1s\u00e1ra, \u00e9s k\u00fcl\u00f6nb\u00f6z\u0151 modellek, p\u00e9ld\u00e1ul karim\u00e1k, f\u00fclbeval\u00f3k, csapok \u00e9s kiold\u00f3eszk\u00f6z\u00f6k (alap) beszerel\u00e9s\u00e9re.<\/p>\n<p>Nagy pontoss\u00e1g\u00fa CNC csiszol\u00f3g\u00e9p, automata hegeszt\u0151g\u00e9p, f\u00fcgg\u0151leges, v\u00edzszintes megmunk\u00e1l\u00f3 k\u00f6zpont, port\u00e1lmegmunk\u00e1l\u00f3 k\u00f6zpont, CNC eszterga \u00e9s egy\u00e9b feldolgoz\u00f3 berendez\u00e9sek, a term\u00e9kmin\u0151s\u00e9g stabil \u00e9s garant\u00e1lt.<\/p>\n<p><img loading=\"lazy\" decoding=\"async\" class=\"aligncenter wp-image-1163\" src=\"https:\/\/hydraulic-cylinders.net\/wp-content\/uploads\/2023\/09\/head-method-orchid-type-metallurgical-hydraulic-cylinder-2-300x300.webp\" alt=\"\" width=\"400\" height=\"400\" \/><\/p>\n<h2><strong>Fejm\u00f3dszer Orchid t\u00edpus\u00fa koh\u00e1szati \u200b\u200bhidraulikus henger Param\u00e9ter:<\/strong><\/h2>\n<p><img loading=\"lazy\" decoding=\"async\" class=\"alignnone wp-image-1161 size-large\" src=\"https:\/\/hydraulic-cylinders.net\/wp-content\/uploads\/2023\/09\/head-method-orchid-type-hydraulic-cylinder-1-1024x678.jpg\" alt=\"\" width=\"1024\" height=\"678\" srcset=\"https:\/\/hydraulic-cylinders.net\/wp-content\/uploads\/2023\/09\/head-method-orchid-type-hydraulic-cylinder-1-980x649.jpg 980w, https:\/\/hydraulic-cylinders.net\/wp-content\/uploads\/2023\/09\/head-method-orchid-type-hydraulic-cylinder-1-480x318.jpg 480w\" sizes=\"(min-width: 0px) and (max-width: 480px) 480px, (min-width: 481px) and (max-width: 980px) 980px, (min-width: 981px) 1024px, 100vw\" \/><\/p>\n<h2><strong>Fej m\u00f3dszer Orchidea t\u00edpus\u00fa f\u00e9mkoh\u00e1szati hidraulikus henger <\/strong><strong>Felhaszn\u00e1l\u00e1si m\u00f3dszer<\/strong><strong>:<\/strong><\/h2>\n<ol>\n<li><strong>Szerel\u00e9s \u00e9s telep\u00edt\u00e9s:<\/strong>\n<ul>\n<li>Hat\u00e1rozza meg a hidraulikus henger megfelel\u0151 be\u00e9p\u00edt\u00e9si helyzet\u00e9t az adott koh\u00e1szati \u200b\u200balkalmaz\u00e1s \u00e9s a berendez\u00e9s k\u00f6vetelm\u00e9nyei szerint.<\/li>\n<li>Gy\u0151z\u0151dj\u00f6n meg arr\u00f3l, hogy a szerel\u00e9si fel\u00fclet tiszta, s\u00edk \u00e9s ellen\u00e1ll a henger terhel\u00e9s\u00e9nek.<\/li>\n<\/ul>\n<\/li>\n<li><strong>Csatlakoz\u00e1s a hidraulikus rendszerhez:<\/strong>\n<ul>\n<li>Csatlakoztassa a koh\u00e1szati \u200b\u200bhidraulikus hengert a hidraulikus rendszerhez egy kompatibilis hidraulikus t\u00f6ml\u0151 vagy cs\u0151 seg\u00edts\u00e9g\u00e9vel.<\/li>\n<li>A sziv\u00e1rg\u00e1s elker\u00fcl\u00e9se \u00e9rdek\u00e9ben \u00fcgyeljen a megfelel\u0151 illeszt\u00e9sre \u00e9s a biztons\u00e1gos csatlakoz\u00e1sra.<\/li>\n<\/ul>\n<\/li>\n<li><strong>Rendszerintegr\u00e1ci\u00f3 \u00e9s kalibr\u00e1l\u00e1s:<\/strong>\n<ul>\n<li>A gy\u00e1rt\u00f3 ir\u00e1nyelveinek megfelel\u0151en integr\u00e1lja a koh\u00e1szati \u200b\u200bhidraulikus hengereket koh\u00e1szati \u200b\u200bberendez\u00e9sekbe vagy rendszerekbe.<\/li>\n<li>Kalibr\u00e1lja a rendszert a k\u00edv\u00e1nt teljes\u00edtm\u00e9ny \u00e9s m\u0171k\u00f6d\u00e9si param\u00e9terek el\u00e9r\u00e9s\u00e9hez.<\/li>\n<\/ul>\n<\/li>\n<li><strong>A henger m\u0171k\u00f6dtet\u00e9se:<\/strong>\n<ul>\n<li>Ind\u00edtsa el a hidraulikus rendszert. Alkalmazzon nyom\u00e1st a hidraulikus henger mozg\u00e1s\u00e1nak megkezd\u00e9s\u00e9hez.<\/li>\n<li>A henger kitol\u00e1s\u00e1t, visszah\u00faz\u00e1s\u00e1t \u00e9s pozicion\u00e1l\u00e1s\u00e1t a hidraulikus vez\u00e9rl\u0151rendszeren kereszt\u00fcl szab\u00e1lyozhatja.<\/li>\n<\/ul>\n<\/li>\n<\/ol>\n<h2><strong>Fej m\u00f3dszer Orchidea t\u00edpus\u00fa f\u00e9mkoh\u00e1szati hidraulikus henger <\/strong><strong>Karbantart\u00e1s<\/strong><strong>:<\/strong><\/h2>\n<ol>\n<li><strong>Rendszeres ellen\u0151rz\u00e9s:<\/strong>\n<ul>\n<li>V\u00e9gezzen el rutinszer\u0171 ellen\u0151rz\u00e9seket a koh\u00e1szati \u200b\u200bhidraulikus hengeren sziv\u00e1rg\u00e1sok, kop\u00e1s vagy s\u00e9r\u00fcl\u00e9sek szempontj\u00e1b\u00f3l.<\/li>\n<li>Ellen\u0151rizze a r\u00f6gz\u00edt\u0151elemeket, a r\u00f6gz\u00edt\u0151elemeket \u00e9s a csatlakoz\u00e1sokat, hogy megbizonyosodjon azok biztons\u00e1gos r\u00f6gz\u00edt\u00e9s\u00e9r\u0151l \u00e9s megfelel\u0151 m\u0171k\u00f6d\u00e9s\u00e9r\u0151l.<\/li>\n<\/ul>\n<\/li>\n<li><strong>Ken\u00e9s:<\/strong>\n<ul>\n<li>K\u00f6vesse a gy\u00e1rt\u00f3 aj\u00e1nl\u00e1sait a ken\u00e9si intervallumokkal \u00e9s a haszn\u00e1lt ken\u0151anyag t\u00edpus\u00e1val kapcsolatban<\/li>\n<li>Vigyen fel ken\u0151anyagot a sz\u00fcks\u00e9ges alkatr\u00e9szekre, p\u00e9ld\u00e1ul a dugatty\u00far\u00fadra, a t\u00f6m\u00edt\u00e9sekre \u00e9s a csap\u00e1gyakra, hogy cs\u00f6kkentse a s\u00farl\u00f3d\u00e1st \u00e9s biztos\u00edtsa a sima m\u0171k\u00f6d\u00e9st.<\/li>\n<\/ul>\n<\/li>\n<li><strong>Tiszt\u00edt\u00e1s:<\/strong>\n<ul>\n<li>Tartsa tiszt\u00e1n a koh\u00e1szati \u200b\u200bhidraulikus hengereket \u00e9s k\u00f6rnyez\u0151 ter\u00fcleteiket a szennyez\u0151d\u00e9sekt\u0151l, t\u00f6rmel\u00e9kekt\u0151l \u00e9s szennyez\u0151d\u00e9sekt\u0151l, amelyek befoly\u00e1solhatj\u00e1k a teljes\u00edtm\u00e9ny\u00fcket.<\/li>\n<li>Haszn\u00e1ljon megfelel\u0151 tiszt\u00edt\u00e1si m\u00f3dszereket \u00e9s anyagokat a henger vagy alkatr\u00e9szeinek k\u00e1rosod\u00e1s\u00e1nak elker\u00fcl\u00e9se \u00e9rdek\u00e9ben.<\/li>\n<\/ul>\n<\/li>\n<\/ol>\n<h2><strong>Hogyan kell cser\u00e9lni a hidraulikus henger t\u00f6m\u00edt\u00e9seit?<\/strong><\/h2>\n<p>A hidraulikus henger t\u00f6m\u00edt\u00e9seinek cser\u00e9je apr\u00f3l\u00e9kos figyelmet \u00e9s a megfelel\u0151 elj\u00e1r\u00e1sok betart\u00e1s\u00e1t ig\u00e9nyli. \u00cdme egy l\u00e9p\u00e9sr\u0151l l\u00e9p\u00e9sre sz\u00f3l\u00f3 \u00fatmutat\u00f3, amely seg\u00edt a folyamatban:<\/p>\n<ol>\n<li><strong>Gy\u0171jtse \u00f6ssze a sz\u00fcks\u00e9ges eszk\u00f6z\u00f6ket \u00e9s anyagokat:<\/strong>\n<ul>\n<li>\u00daj t\u00f6m\u00edt\u00e9sek a hidraulikus hengerhez.<\/li>\n<li>T\u00f6m\u00edt\u00e9sbeszerel\u0151 szersz\u00e1mk\u00e9szlet (ha van).<\/li>\n<li>Tiszta rongyok vagy t\u00f6r\u00f6lk\u00f6z\u0151k.<\/li>\n<li>Megfelel\u0151 szem\u00e9lyi v\u00e9d\u0151felszerel\u00e9s, p\u00e9ld\u00e1ul keszty\u0171 \u00e9s v\u00e9d\u0151szem\u00fcveg.<\/li>\n<\/ul>\n<\/li>\n<li><strong>A munkater\u00fclet el\u0151k\u00e9sz\u00edt\u00e9se:<\/strong>\n<ul>\n<li>Gondoskodjon tiszta \u00e9s j\u00f3l megvil\u00e1g\u00edtott munkater\u00fcletr\u0151l a t\u00f6m\u00edt\u00e9s cser\u00e9j\u00e9nek elv\u00e9gz\u00e9s\u00e9hez.<\/li>\n<li>Tiszt\u00edtsa meg a hidraulikus henger k\u00fclsej\u00e9t, hogy megakad\u00e1lyozza a szennyez\u0151d\u00e9s \u00e9s t\u00f6rmel\u00e9k bejut\u00e1s\u00e1t a folyamat sor\u00e1n.<\/li>\n<\/ul>\n<\/li>\n<li><strong>Nyom\u00e1smentes\u00edtse a hidraulikus rendszert:<\/strong>\n<ul>\n<li>Kapcsolja ki a hidraulikus t\u00e1pforr\u00e1st, \u00e9s nyom\u00e1smentes\u00edtse a rendszert.<\/li>\n<li>A megfelel\u0151 nyom\u00e1scs\u00f6kkent\u00e9si elj\u00e1r\u00e1ssal kapcsolatban k\u00f6vesse a gy\u00e1rt\u00f3 utas\u00edt\u00e1sait, vagy tekintse meg a berendez\u00e9s k\u00e9zik\u00f6nyv\u00e9t.<\/li>\n<\/ul>\n<\/li>\n<li><strong>A henger elt\u00e1vol\u00edt\u00e1sa:<\/strong>\n<ul>\n<li>V\u00e1lasszuk le a hengerhez csatlakoztatott hidraulikus t\u00f6ml\u0151ket vagy szerelv\u00e9nyeket.<\/li>\n<li>Laz\u00edtsa meg a hengert a berendez\u00e9shez r\u00f6gz\u00edt\u0151 r\u00f6gz\u00edt\u0151csavarokat vagy konzolokat.<\/li>\n<li>\u00d3vatosan t\u00e1vol\u00edtsa el a hengert a r\u00f6gz\u00edt\u00e9si hely\u00e9r\u0151l.<\/li>\n<\/ul>\n<\/li>\n<li><strong>A henger sz\u00e9tszerel\u00e9se:<\/strong>\n<ul>\n<li>Sz\u00fcks\u00e9g eset\u00e9n t\u00e1vol\u00edtson el minden, a hengerhez r\u00f6gz\u00edtett k\u00fcls\u0151 alkatr\u00e9szt vagy tartoz\u00e9kot, p\u00e9ld\u00e1ul hajt\u00f3r\u00fadv\u00e9g-sapk\u00e1kat vagy dugatty\u00fafejeket.<\/li>\n<li>Alaposan ellen\u0151rizze \u00e9s tiszt\u00edtsa meg a hengert, hogy elt\u00e1vol\u00edtsa a szennyez\u0151d\u00e9seket \u00e9s a szennyez\u0151d\u00e9seket.<\/li>\n<\/ul>\n<\/li>\n<li><strong>T\u00e1vol\u00edtsa el a r\u00e9gi pecs\u00e9teket:<\/strong>\n<ul>\n<li>Hat\u00e1rozza meg a t\u00f6m\u00edt\u00e9sek hely\u00e9t a hengeren.<\/li>\n<li>Haszn\u00e1ljon megfelel\u0151 szersz\u00e1mot, p\u00e9ld\u00e1ul t\u00f6m\u00edt\u00e9skiszed\u0151t vagy t\u00f6m\u00edt\u00e9selt\u00e1vol\u00edt\u00f3 szersz\u00e1mot a r\u00e9gi t\u00f6m\u00edt\u00e9sek \u00f3vatos kifesz\u00edt\u00e9s\u00e9hez.<\/li>\n<li>Az \u00faj t\u00f6m\u00edt\u00e9sek megfelel\u0151 beszerel\u00e9se \u00e9rdek\u00e9ben jegyezze fel a t\u00f6m\u00edt\u00e9s t\u00e1jol\u00e1s\u00e1t \u00e9s elrendez\u00e9s\u00e9t.<\/li>\n<\/ul>\n<\/li>\n<li><strong>Tiszt\u00edt\u00e1s \u00e9s ellen\u0151rz\u00e9s:<\/strong>\n<ul>\n<li>Tiszt\u00edtsa meg a t\u00f6m\u00edt\u00e9s hornyait \u00e9s a k\u00f6rnyez\u0151 ter\u00fcleteket sz\u00f6szmentes ruh\u00e1val vagy ronggyal.<\/li>\n<li>Vizsg\u00e1lja meg a henger furat\u00e1t \u00e9s m\u00e1s alkatr\u00e9szeit s\u00e9r\u00fcl\u00e9s vagy kop\u00e1s jelei szempontj\u00e1b\u00f3l.<\/li>\n<li>Ha b\u00e1rmilyen s\u00e9r\u00fcl\u00e9st \u00e9szlel, forduljon szakemberhez, vagy cser\u00e9lje ki a s\u00e9r\u00fclt alkatr\u00e9szeket.<\/li>\n<\/ul>\n<\/li>\n<li><strong>Az \u00faj t\u00f6m\u00edt\u00e9sek beszerel\u00e9se:<\/strong>\n<ul>\n<li>Vigyen fel egy v\u00e9kony r\u00e9teg hidraulikaolajat vagy ken\u0151anyagot az \u00faj t\u00f6m\u00edt\u00e9sekre a beszerel\u00e9s megk\u00f6nny\u00edt\u00e9se \u00e9rdek\u00e9ben.<\/li>\n<li>\u00d3vatosan helyezze az \u00faj t\u00f6m\u00edt\u00e9seket a hornyokba, \u00fcgyelve arra, hogy megfelel\u0151en illeszkedjenek \u00e9s illeszkedjenek.<\/li>\n<li>Haszn\u00e1ljon t\u00f6m\u00edt\u00e9sszerel\u0151 szersz\u00e1mot vagy egy megfelel\u0151, s\u00edk, sima fel\u00fclet\u0171 szersz\u00e1mot a t\u00f6m\u00edt\u00e9sek finom benyom\u00e1s\u00e1ra a hely\u00fckre.<\/li>\n<li>A telep\u00edt\u00e9s sor\u00e1n \u00fcgyeljen arra, hogy ne s\u00e9r\u00fcljenek meg \u00e9s ne deform\u00e1l\u00f3djanak a t\u00f6m\u00edt\u00e9sek.<\/li>\n<\/ul>\n<\/li>\n<li><strong>A henger \u00f6sszeszerel\u00e9se \u00e9s \u00fajratelep\u00edt\u00e9se:<\/strong>\n<ul>\n<li>Szerelje vissza a sz\u00e9tszerelt alkatr\u00e9szeket vagy tartoz\u00e9kokat a hengerre.<\/li>\n<li>Szerelje vissza a hengert a r\u00f6gz\u00edt\u00e9si hely\u00e9re, \u00fcgyelve a megfelel\u0151 illeszt\u00e9sre \u00e9s a biztons\u00e1gos r\u00f6gz\u00edt\u00e9sre.<\/li>\n<li>Csatlakoztassa \u00fajra a hidraulikat\u00f6ml\u0151ket vagy szerelv\u00e9nyeket, \u00fcgyelve arra, hogy megfelel\u0151en meg legyenek h\u00fazva \u00e9s r\u00f6gz\u00edtve.<\/li>\n<\/ul>\n<\/li>\n<li><strong>Tesztel\u00e9s \u00e9s ellen\u0151rz\u00e9s:<\/strong><\/li>\n<\/ol>\n<ul>\n<li>\u00c1ll\u00edtsa vissza a hidraulikus rendszer \u00e1ramell\u00e1t\u00e1s\u00e1t, \u00e9s helyezze nyom\u00e1s al\u00e1 a gy\u00e1rt\u00f3 utas\u00edt\u00e1sai szerint.<\/li>\n<li>Ellen\u0151rizze a henger m\u0171k\u00f6d\u00e9s\u00e9t, \u00e9s keressen b\u00e1rmilyen sziv\u00e1rg\u00e1sra vagy rendellenes viselked\u00e9sre utal\u00f3 jelet.<\/li>\n<li>Ha b\u00e1rmilyen probl\u00e9m\u00e1t \u00e9szlel, v\u00e9gezzen hibaelh\u00e1r\u00edt\u00e1st, vagy forduljon szakemberhez tov\u00e1bbi seg\u00edts\u00e9g\u00e9rt.<\/li>\n<\/ul>\n<h2><strong>A gy\u00e1r kapacit\u00e1sa \u00e9s kapacit\u00e1sa:<\/strong><\/h2>\n<h3>(1) \u00d6sszeszerel\u00e9s<\/h3>\n<p>Els\u0151 oszt\u00e1ly\u00fa f\u00fcggetlen kutat\u00e1si \u00e9s fejleszt\u00e9si \u00f6sszeszerel\u00e9si platformmal rendelkez\u00fcnk. A hidraulikus hengergy\u00e1rt\u00f3 m\u0171hely n\u00e9gy f\u00e9lautomata emel\u0151henger-\u00f6sszeszerel\u0151 sorral \u00e9s egy automata billen\u0151henger-\u00f6sszeszerel\u0151 sorral rendelkezik, tervezett \u00e9ves gy\u00e1rt\u00e1si kapacit\u00e1sa 1 milli\u00f3 darab. A speci\u00e1lis henger m\u0171hely k\u00fcl\u00f6nb\u00f6z\u0151 specifik\u00e1ci\u00f3j\u00fa f\u00e9lautomata tiszt\u00edt\u00f3 \u00f6sszeszerel\u0151 rendszerrel van felszerelve, amelynek tervezett \u00e9ves termel\u00e9si kapacit\u00e1sa 200.000, \u00e9s h\u00edres CNC megmunk\u00e1l\u00f3 berendez\u00e9ssel, megmunk\u00e1l\u00f3 k\u00f6zponttal, nagy pontoss\u00e1g\u00fa hengerfeldolgoz\u00f3 speci\u00e1lis berendez\u00e9ssel, robothegeszt\u0151 g\u00e9ppel, automatikus tiszt\u00edt\u00f3g\u00e9ppel, automatikus henger \u00f6sszeszerel\u0151 g\u00e9ppel \u00e9s automatikus fest\u00e9si gy\u00e1rt\u00f3sorral van felszerelve. A megl\u00e9v\u0151 kritikus berendez\u00e9sek t\u00f6bb mint 300 k\u00e9szlet (k\u00e9szlet). A berendez\u00e9sek er\u0151forr\u00e1sainak optim\u00e1lis eloszt\u00e1sa \u00e9s hat\u00e9kony felhaszn\u00e1l\u00e1sa biztos\u00edtja a term\u00e9kek pontoss\u00e1gi k\u00f6vetelm\u00e9nyeit \u00e9s megfelel a term\u00e9kek min\u0151s\u00e9gi ig\u00e9nyeinek.<\/p>\n<p><img loading=\"lazy\" decoding=\"async\" class=\"alignnone wp-image-626\" src=\"https:\/\/hydraulic-cylinders.net\/wp-content\/uploads\/2023\/08\/hydraulic-cylinder-product-1-300x158.webp\" alt=\"\" width=\"495\" height=\"260\" srcset=\"https:\/\/hydraulic-cylinders.net\/wp-content\/uploads\/2023\/08\/hydraulic-cylinder-product-1-300x158.webp 495w, https:\/\/hydraulic-cylinders.net\/wp-content\/uploads\/2023\/08\/hydraulic-cylinder-product-1-480x252.webp 480w\" sizes=\"(min-width: 0px) and (max-width: 480px) 480px, (min-width: 481px) 495px, 100vw\" \/> <img loading=\"lazy\" decoding=\"async\" class=\"alignnone wp-image-627\" src=\"https:\/\/hydraulic-cylinders.net\/wp-content\/uploads\/2023\/08\/hydraulic-cylinder-product-2-300x189.webp\" alt=\"\" width=\"413\" height=\"260\" \/><\/p>\n<h3>(2) Megmunk\u00e1l\u00e1s<\/h3>\n<p>A megmunk\u00e1l\u00f3m\u0171hely egyedi, ferde s\u00edneszterg\u00e1l\u00f3 k\u00f6zponttal, megmunk\u00e1l\u00f3k\u00f6zponttal, nagysebess\u00e9g\u0171 h\u00f3nol\u00f3g\u00e9ppel, hegeszt\u0151robottal \u00e9s egy\u00e9b kapcsol\u00f3d\u00f3 berendez\u00e9sekkel van felszerelve, amelyek legfeljebb 400 mm bels\u0151 \u00e1tm\u00e9r\u0151j\u0171 \u00e9s legfeljebb 6 m\u00e9ter hossz\u00fa hengercs\u00f6vek megmunk\u00e1l\u00e1s\u00e1ra k\u00e9pesek.<\/p>\n<p><img loading=\"lazy\" decoding=\"async\" class=\"alignnone wp-image-628 size-large\" src=\"https:\/\/hydraulic-cylinders.net\/wp-content\/uploads\/2023\/08\/hydraulic-cylinder-product-3-1024x391.webp\" alt=\"\" width=\"1024\" height=\"391\" srcset=\"https:\/\/hydraulic-cylinders.net\/wp-content\/uploads\/2023\/08\/hydraulic-cylinder-product-3-980x374.webp 980w, https:\/\/hydraulic-cylinders.net\/wp-content\/uploads\/2023\/08\/hydraulic-cylinder-product-3-480x183.webp 480w\" sizes=\"(min-width: 0px) and (max-width: 480px) 480px, (min-width: 481px) and (max-width: 980px) 980px, (min-width: 981px) 1024px, 100vw\" \/><\/p>\n<h3>(3) Hegeszt\u00e9s<\/h3>\n<p><img loading=\"lazy\" decoding=\"async\" class=\"alignnone wp-image-629 size-large\" src=\"https:\/\/hydraulic-cylinders.net\/wp-content\/uploads\/2023\/08\/hydraulic-cylinder-product-4-1024x510.webp\" alt=\"\" width=\"1024\" height=\"510\" srcset=\"https:\/\/hydraulic-cylinders.net\/wp-content\/uploads\/2023\/08\/hydraulic-cylinder-product-4-980x488.webp 980w, https:\/\/hydraulic-cylinders.net\/wp-content\/uploads\/2023\/08\/hydraulic-cylinder-product-4-480x239.webp 480w\" sizes=\"(min-width: 0px) and (max-width: 480px) 480px, (min-width: 481px) and (max-width: 980px) 980px, (min-width: 981px) 1024px, 100vw\" \/><\/p>\n<h3>(4) Fest\u00e9s \u00e9s bevonatol\u00e1s<\/h3>\n<p>Kis \u00e9s k\u00f6zepes m\u00e9ret\u0171 hengeres automatikus v\u00edzb\u00e1zis\u00fa fest\u00e9kbevon\u00f3 sorokkal, az automatikus robot be- \u00e9s kirakod\u00e1s, valamint az automatikus permetez\u00e9s megval\u00f3s\u00edt\u00e1s\u00e1hoz, a tervez\u00e9si kapacit\u00e1s m\u0171szakonk\u00e9nt 4000 darab;<br \/>\nRendelkez\u00fcnk egy f\u00e9lautomata fest\u00e9kgy\u00e1rt\u00f3sorral is nagym\u00e9ret\u0171 palackokhoz, amelyet egy er\u0151\u00e1tviteli l\u00e1nc hajt, m\u0171szakonk\u00e9nt 60 doboz tervez\u00e9si kapacit\u00e1ssal.<\/p>\n<p><img loading=\"lazy\" decoding=\"async\" class=\"alignnone wp-image-630\" src=\"https:\/\/hydraulic-cylinders.net\/wp-content\/uploads\/2023\/08\/hydraulic-cylinder-product-5-300x213.webp\" alt=\"\" width=\"366\" height=\"260\" \/> <img loading=\"lazy\" decoding=\"async\" class=\"alignnone wp-image-631\" src=\"https:\/\/hydraulic-cylinders.net\/wp-content\/uploads\/2023\/08\/hydraulic-cylinder-product-6-300x225.webp\" alt=\"\" width=\"347\" height=\"260\" \/><\/p>\n<h3>(5) Tesztel\u00e9s<\/h3>\n<p>Els\u0151 oszt\u00e1ly\u00fa ellen\u0151rz\u0151 l\u00e9tes\u00edtm\u00e9nyekkel \u00e9s tesztpadokkal rendelkez\u00fcnk annak biztos\u00edt\u00e1s\u00e1ra, hogy a palack teljes\u00edtm\u00e9nye megfeleljen a k\u00f6vetelm\u00e9nyeknek.<\/p>\n<p><img loading=\"lazy\" decoding=\"async\" class=\"alignnone wp-image-632\" src=\"https:\/\/hydraulic-cylinders.net\/wp-content\/uploads\/2023\/08\/hydraulic-cylinder-product-8-300x200.webp\" alt=\"\" width=\"389\" height=\"260\" \/><\/p>\n<p>&nbsp;<\/p>\n<p>&nbsp;<\/p>\n<p>Mi vagyunk az egyik legjobb koh\u00e1szati \u200b\u200bhidraulikus henger gy\u00e1rt\u00f3. \u00c1tfog\u00f3 koh\u00e1szati \u200b\u200bhidraulikus henger k\u00e9szletet k\u00edn\u00e1lunk. Emellett megfelel\u0151 term\u00e9keket is biztos\u00edtunk. <a href=\"https:\/\/hzpt.com\/agricultural-pto-gearbox\/\" target=\"_blank\" rel=\"noopener\">mez\u0151gazdas\u00e1gi sebess\u00e9gv\u00e1lt\u00f3k<\/a>Term\u00e9keinket vil\u00e1gszerte export\u00e1ltuk \u00fcgyfeleinknek, \u00e9s kiv\u00e1l\u00f3 term\u00e9kmin\u0151s\u00e9g\u00fcnknek \u00e9s \u00e9rt\u00e9kes\u00edt\u00e9s ut\u00e1ni szolg\u00e1ltat\u00e1sunknak k\u00f6sz\u00f6nhet\u0151en j\u00f3 h\u00edrnevet szerezt\u00fcnk. Szeretettel v\u00e1rjuk belf\u00f6ldi \u00e9s k\u00fclf\u00f6ldi \u00fcgyfeleinket, hogy \u00fczleti t\u00e1rgyal\u00e1sok, inform\u00e1ci\u00f3csere \u00e9s egy\u00e9b lehet\u0151s\u00e9gek c\u00e9lj\u00e1b\u00f3l kapcsolatba l\u00e9pjenek vel\u00fcnk. <a href=\"https:\/\/www.hydraulic-cylinders.net\/hu\/contact-us\/\">egy\u00fcttm\u0171k\u00f6dni vel\u00fcnk<\/a>!<\/p>\n<h2><\/h2>","protected":false},"excerpt":{"rendered":"<p>Head Method Orchid Type Metallurgical Hydraulic Cylinder The head method orchid-type metallurgical hydraulic cylinder is a versatile, high-performance component explicitly designed for metallurgical applications. The product provides superior functionality, precise control, and reliable operation in demanding industrial environments. Its head method of orchid design ensures optimum performance, stability, and safety in the process. The hydraulic [&hellip;]<\/p>","protected":false},"featured_media":1162,"comment_status":"open","ping_status":"closed","template":"","meta":{"_et_pb_use_builder":"","_et_pb_old_content":"","_et_gb_content_width":""},"product_brand":[],"product_cat":[1376,1550,1524],"product_tag":[1380],"class_list":{"0":"post-1159","1":"product","2":"type-product","3":"status-publish","4":"has-post-thumbnail","6":"product_cat-hydraulic-cylinder","7":"product_cat-double-acting-hydraulic-cylinder","8":"product_cat-steel-mill-hydraulic-cylinders","9":"product_tag-hydraulic-cylinder","11":"first","12":"instock","13":"shipping-taxable","14":"product-type-simple"},"amp_enabled":true,"_links":{"self":[{"href":"https:\/\/www.hydraulic-cylinders.net\/hu\/wp-json\/wp\/v2\/product\/1159","targetHints":{"allow":["GET"]}}],"collection":[{"href":"https:\/\/www.hydraulic-cylinders.net\/hu\/wp-json\/wp\/v2\/product"}],"about":[{"href":"https:\/\/www.hydraulic-cylinders.net\/hu\/wp-json\/wp\/v2\/types\/product"}],"replies":[{"embeddable":true,"href":"https:\/\/www.hydraulic-cylinders.net\/hu\/wp-json\/wp\/v2\/comments?post=1159"}],"wp:featuredmedia":[{"embeddable":true,"href":"https:\/\/www.hydraulic-cylinders.net\/hu\/wp-json\/wp\/v2\/media\/1162"}],"wp:attachment":[{"href":"https:\/\/www.hydraulic-cylinders.net\/hu\/wp-json\/wp\/v2\/media?parent=1159"}],"wp:term":[{"taxonomy":"product_brand","embeddable":true,"href":"https:\/\/www.hydraulic-cylinders.net\/hu\/wp-json\/wp\/v2\/product_brand?post=1159"},{"taxonomy":"product_cat","embeddable":true,"href":"https:\/\/www.hydraulic-cylinders.net\/hu\/wp-json\/wp\/v2\/product_cat?post=1159"},{"taxonomy":"product_tag","embeddable":true,"href":"https:\/\/www.hydraulic-cylinders.net\/hu\/wp-json\/wp\/v2\/product_tag?post=1159"}],"curies":[{"name":"munkaf\u00fczet","href":"https:\/\/api.w.org\/{rel}","templated":true}]}}