{"id":1243,"date":"2023-09-14T08:24:48","date_gmt":"2023-09-14T08:24:48","guid":{"rendered":"https:\/\/hydraulic-cylinders.net\/?post_type=product&#038;p=1243"},"modified":"2025-04-11T05:26:12","modified_gmt":"2025-04-11T05:26:12","slug":"hroc-single-trunnion-type-circular-hydraulic-cylinder","status":"publish","type":"product","link":"https:\/\/www.hydraulic-cylinders.net\/hu\/termek\/hroc-single-trunnion-type-circular-hydraulic-cylinder\/","title":{"rendered":"HROC Egyetlen tengelyt\u00e1masz t\u00edpus\u00fa k\u00f6r alak\u00fa hidraulikus henger"},"content":{"rendered":"<h1 style=\"text-align: center;\"><strong>HROC Egyetlen tengelyt\u00e1masz t\u00edpus\u00fa k\u00f6r alak\u00fa hidraulikus henger<\/strong><\/h1>\n<p>A HROC egytengelyes forg\u00f3csapos k\u00f6r alak\u00fa hidraulikus henger egy \u00e9lvonalbeli hidraulikus elem, amelyet megb\u00edzhat\u00f3 \u00e9s hat\u00e9kony er\u0151\u00e1tvitel biztos\u00edt\u00e1s\u00e1ra terveztek k\u00fcl\u00f6nf\u00e9le ipari alkalmaz\u00e1sokhoz. Innovat\u00edv kialak\u00edt\u00e1s\u00e1nak \u00e9s kiv\u00e1l\u00f3 teljes\u00edtm\u00e9ny\u00e9nek k\u00f6sz\u00f6nhet\u0151en ez a hidraulikus henger prec\u00edz vez\u00e9rl\u00e9st, tart\u00f3ss\u00e1got \u00e9s sokoldal\u00fas\u00e1got k\u00edn\u00e1l. Ak\u00e1r gy\u00e1rt\u00e1sr\u00f3l, ak\u00e1r \u00e9p\u00edt\u0151iparr\u00f3l, ak\u00e1r anyagmozgat\u00e1sr\u00f3l van sz\u00f3, a HROC egytengelyes forg\u00f3csapos hengereit \u00fagy tervezt\u00e9k, hogy optimaliz\u00e1lj\u00e1k a hidraulikus m\u0171k\u00f6d\u00e9st \u00e9s n\u00f6velj\u00e9k a termel\u00e9kenys\u00e9get.<\/p>\n<p>A HRO sorozat\u00fa kerek henger biztons\u00e1gos \u00e9s stabil, teljes\u00edtm\u00e9ny\u0171, k\u00f6nnyen karbantarthat\u00f3, sz\u00e9p megjelen\u00e9s\u0171, kiv\u00e1l\u00f3 min\u0151s\u00e9g\u0171, mindenf\u00e9le pr\u00e9sg\u00e9phez alkalmas.<\/p>\n<p><img loading=\"lazy\" decoding=\"async\" class=\"wp-image-1244 aligncenter\" src=\"https:\/\/hydraulic-cylinders.net\/wp-content\/uploads\/2023\/09\/hro-circular-hydraulic-cylinder-7-1-300x300.webp\" alt=\"\" width=\"400\" height=\"400\" \/><\/p>\n<h2><strong>HROA t\u00edpus\u00fa k\u00f6r alak\u00fa hidraulikus henger jellemz\u0151 adatai:<\/strong><\/h2>\n<p><img loading=\"lazy\" decoding=\"async\" class=\"alignnone wp-image-1245 size-full\" src=\"https:\/\/hydraulic-cylinders.net\/wp-content\/uploads\/2023\/09\/hro-circular-hydraulic-cylinder-1-1-1-1.webp\" alt=\"\" width=\"1428\" height=\"436\" srcset=\"https:\/\/hydraulic-cylinders.net\/wp-content\/uploads\/2023\/09\/hro-circular-hydraulic-cylinder-1-1-1-1.webp 1428w, https:\/\/hydraulic-cylinders.net\/wp-content\/uploads\/2023\/09\/hro-circular-hydraulic-cylinder-1-1-1-1-1280x391.webp 1280w, https:\/\/hydraulic-cylinders.net\/wp-content\/uploads\/2023\/09\/hro-circular-hydraulic-cylinder-1-1-1-1-980x299.webp 980w, https:\/\/hydraulic-cylinders.net\/wp-content\/uploads\/2023\/09\/hro-circular-hydraulic-cylinder-1-1-1-1-480x147.webp 480w\" sizes=\"(min-width: 0px) and (max-width: 480px) 480px, (min-width: 481px) and (max-width: 980px) 980px, (min-width: 981px) and (max-width: 1280px) 1280px, (min-width: 1281px) 1428px, 100vw\" \/><\/p>\n<h2><strong>HROA t\u00edpus\u00fa k\u00f6r alak\u00fa hidraulikus henger szerkezeti rajza:<\/strong><\/h2>\n<p><img loading=\"lazy\" decoding=\"async\" class=\"alignnone wp-image-1246 size-full\" src=\"https:\/\/hydraulic-cylinders.net\/wp-content\/uploads\/2023\/09\/hro-circular-hydraulic-cylinder-2-1-1.webp\" alt=\"\" width=\"1404\" height=\"889\" srcset=\"https:\/\/hydraulic-cylinders.net\/wp-content\/uploads\/2023\/09\/hro-circular-hydraulic-cylinder-2-1-1.webp 1404w, https:\/\/hydraulic-cylinders.net\/wp-content\/uploads\/2023\/09\/hro-circular-hydraulic-cylinder-2-1-1-1280x810.webp 1280w, https:\/\/hydraulic-cylinders.net\/wp-content\/uploads\/2023\/09\/hro-circular-hydraulic-cylinder-2-1-1-980x621.webp 980w, https:\/\/hydraulic-cylinders.net\/wp-content\/uploads\/2023\/09\/hro-circular-hydraulic-cylinder-2-1-1-480x304.webp 480w\" sizes=\"(min-width: 0px) and (max-width: 480px) 480px, (min-width: 481px) and (max-width: 980px) 980px, (min-width: 981px) and (max-width: 1280px) 1280px, (min-width: 1281px) 1404px, 100vw\" \/><\/p>\n<h2><strong>HROC egytengelyes t\u00edpus\u00fa k\u00f6r alak\u00fa hidraulikus henger param\u00e9tere:<img loading=\"lazy\" decoding=\"async\" class=\"alignnone wp-image-1247 size-full\" src=\"https:\/\/hydraulic-cylinders.net\/wp-content\/uploads\/2023\/09\/hro-circular-hydraulic-cylinder-7.webp\" alt=\"\" width=\"1450\" height=\"1143\" srcset=\"https:\/\/hydraulic-cylinders.net\/wp-content\/uploads\/2023\/09\/hro-circular-hydraulic-cylinder-7.webp 1450w, https:\/\/hydraulic-cylinders.net\/wp-content\/uploads\/2023\/09\/hro-circular-hydraulic-cylinder-7-1280x1009.webp 1280w, https:\/\/hydraulic-cylinders.net\/wp-content\/uploads\/2023\/09\/hro-circular-hydraulic-cylinder-7-980x773.webp 980w, https:\/\/hydraulic-cylinders.net\/wp-content\/uploads\/2023\/09\/hro-circular-hydraulic-cylinder-7-480x378.webp 480w\" sizes=\"(min-width: 0px) and (max-width: 480px) 480px, (min-width: 481px) and (max-width: 980px) 980px, (min-width: 981px) and (max-width: 1280px) 1280px, (min-width: 1281px) 1450px, 100vw\" \/>\u00a0<\/strong><\/h2>\n<h2><strong>HROC Egyetlen tengelyt\u00e1masz t\u00edpus\u00fa k\u00f6r alak\u00fa hidraulikus henger <\/strong><strong>K\u00fcls\u0151 fogt\u00edpus specifik\u00e1ci\u00f3s lap:<\/strong><\/h2>\n<h2><strong><img loading=\"lazy\" decoding=\"async\" class=\"alignnone wp-image-1248 size-full\" src=\"https:\/\/hydraulic-cylinders.net\/wp-content\/uploads\/2023\/09\/hro-circular-hydraulic-cylinder-8.webp\" alt=\"\" width=\"1448\" height=\"564\" srcset=\"https:\/\/hydraulic-cylinders.net\/wp-content\/uploads\/2023\/09\/hro-circular-hydraulic-cylinder-8.webp 1448w, https:\/\/hydraulic-cylinders.net\/wp-content\/uploads\/2023\/09\/hro-circular-hydraulic-cylinder-8-1280x499.webp 1280w, https:\/\/hydraulic-cylinders.net\/wp-content\/uploads\/2023\/09\/hro-circular-hydraulic-cylinder-8-980x382.webp 980w, https:\/\/hydraulic-cylinders.net\/wp-content\/uploads\/2023\/09\/hro-circular-hydraulic-cylinder-8-480x187.webp 480w\" sizes=\"(min-width: 0px) and (max-width: 480px) 480px, (min-width: 481px) and (max-width: 980px) 980px, (min-width: 981px) and (max-width: 1280px) 1280px, (min-width: 1281px) 1448px, 100vw\" \/><\/strong><\/h2>\n<h2><strong>HROC Egyetlen tengelyt\u00e1masz t\u00edpus\u00fa k\u00f6r alak\u00fa hidraulikus henger <\/strong><strong>Felhaszn\u00e1l\u00e1si m\u00f3dszer<\/strong><strong>:<\/strong><\/h2>\n<ol>\n<li><strong>Szerel\u00e9s \u00e9s telep\u00edt\u00e9s:<\/strong>\n<ul>\n<li>Hat\u00e1rozza meg a HROC egytengelyes forg\u00f3csapos hengerek megfelel\u0151 telep\u00edt\u00e9si hely\u00e9t a berendez\u00e9s vagy g\u00e9p konkr\u00e9t k\u00f6vetelm\u00e9nyei alapj\u00e1n.<\/li>\n<li>Gy\u0151z\u0151dj\u00f6n meg arr\u00f3l, hogy a szerel\u00e9si fel\u00fclet szil\u00e1rd, v\u00edzszintes, \u00e9s biztons\u00e1gosan elb\u00edrja a palack s\u00faly\u00e1t \u00e9s terhel\u00e9s\u00e9t.<\/li>\n<\/ul>\n<\/li>\n<li><strong>Hidraulikus rendszer csatlakoz\u00e1sa:<\/strong>\n<ul>\n<li>Csatlakoztassa a hidraulikus hengert a hidraulikus rendszerhez egy kompatibilis hidraulikus t\u00f6ml\u0151 vagy cs\u0151 seg\u00edts\u00e9g\u00e9vel.<\/li>\n<li>A sziv\u00e1rg\u00e1sok megel\u0151z\u00e9se \u00e9s az optim\u00e1lis teljes\u00edtm\u00e9ny biztos\u00edt\u00e1sa \u00e9rdek\u00e9ben \u00fcgyeljen a megfelel\u0151 illeszt\u00e9sre \u00e9s a biztons\u00e1gos csatlakoz\u00e1sokra.<\/li>\n<\/ul>\n<\/li>\n<li><strong>A henger m\u0171k\u00f6dtet\u00e9se:<\/strong>\n<ul>\n<li>Ind\u00edtsa el a hidraulikus rendszert \u00e9s ind\u00edtsa el a HROC egyetlen forg\u00f3csapos henger mozg\u00e1s\u00e1t.<\/li>\n<li>A hidraulikus vez\u00e9rl\u0151rendszer pontosan szab\u00e1lyozza a henger meghosszabb\u00edt\u00e1s\u00e1t, visszah\u00faz\u00e1s\u00e1t \u00e9s pozicion\u00e1l\u00e1s\u00e1t a hat\u00e9kony m\u0171k\u00f6d\u00e9s el\u00e9r\u00e9se \u00e9rdek\u00e9ben.<\/li>\n<\/ul>\n<\/li>\n<\/ol>\n<h2><strong>HROC Egyetlen tengelyt\u00e1masz t\u00edpus\u00fa k\u00f6r alak\u00fa hidraulikus henger <\/strong><strong>Jellemz\u0151k<\/strong><strong>:<\/strong><\/h2>\n<ul>\n<li><strong>Innovat\u00edv diz\u00e1jn:<\/strong>\u00a0 A HROC egytengelyes forg\u00f3csapos henger a legmodernebb kialak\u00edt\u00e1snak k\u00f6sz\u00f6nhet\u0151en maximaliz\u00e1lja a teljes\u00edtm\u00e9nyt, a hat\u00e9konys\u00e1got \u00e9s a tart\u00f3ss\u00e1got.<\/li>\n<li><strong>Prec\u00edz vez\u00e9rl\u00e9s:<\/strong>\u00a0 Ez a hidraulikus henger kiv\u00e1l\u00f3 mozg\u00e1s- \u00e9s pozicion\u00e1l\u00e1si vez\u00e9rl\u00e9st biztos\u00edt, lehet\u0151v\u00e9 t\u00e9ve a pontos \u00e9s hat\u00e9kony m\u0171k\u00f6d\u00e9st.<\/li>\n<li><strong>Nagy teherb\u00edr\u00e1s:<\/strong>\u00a0 A HROC egytengelyes forg\u00f3csapos hengereket neh\u00e9z terhel\u00e9sek kezel\u00e9s\u00e9re \u00e9s a neh\u00e9z ipari alkalmaz\u00e1sok elvisel\u00e9s\u00e9re tervezt\u00e9k.<\/li>\n<li><strong>Sokoldal\u00fa alkalmaz\u00e1sok:<\/strong>\u00a0 A hidraulikus henger univerz\u00e1lis kialak\u00edt\u00e1s\u00fa, amely alkalmas gy\u00e1rt\u00e1shoz, \u00e9p\u00edt\u0151iparhoz, anyagmozgat\u00e1shoz \u00e9s m\u00e1s ipar\u00e1gakhoz.<\/li>\n<li><strong>Megb\u00edzhat\u00f3s\u00e1g \u00e9s tart\u00f3ss\u00e1g:<\/strong>\u00a0 A HROC egytengelyes forg\u00f3csapos hengerek zord \u00fczemi k\u00f6r\u00fclm\u00e9nyeket is elviselnek, hossz\u00fa \u00e9lettartamot biztos\u00edtva \u00e9s minimaliz\u00e1lva az \u00e1ll\u00e1sid\u0151t.<\/li>\n<li><strong>Sima m\u0171k\u00f6d\u00e9s:<\/strong>\u00a0 A henger biztos\u00edtja a sima \u00e9s megb\u00edzhat\u00f3 m\u0171k\u00f6d\u00e9st, \u00e9s minimaliz\u00e1lja a rezg\u00e9st \u00e9s a zajt a hidraulikus mozg\u00e1s sor\u00e1n.<\/li>\n<\/ul>\n<h2><strong>Mennyire neh\u00e9z fel\u00faj\u00edtani egy hidraulikus hengert?<\/strong><\/h2>\n<p>Egy hidraulikus henger fel\u00faj\u00edt\u00e1sa \u00f6sszetett feladat lehet, amely g\u00e9p\u00e9szeti ismereteket, tapasztalatot \u00e9s a megfelel\u0151 szersz\u00e1mokat ig\u00e9nyel. A folyamat neh\u00e9zs\u00e9gi szintje a henger konkr\u00e9t kialak\u00edt\u00e1s\u00e1t\u00f3l \u00e9s \u00e1llapot\u00e1t\u00f3l f\u00fcgg\u0151en v\u00e1ltozhat. \u00cdme n\u00e9h\u00e1ny t\u00e9nyez\u0151, amelyet figyelembe kell venni:<\/p>\n<ol>\n<li><strong>Szak\u00e9rtelem \u00e9s tapasztalat:<\/strong><br \/>\nEgy hidraulikus henger fel\u00faj\u00edt\u00e1s\u00e1hoz alapos ismeretekre van sz\u00fcks\u00e9g az alkatr\u00e9szeir\u0151l, m\u0171k\u00f6d\u00e9s\u00e9r\u0151l \u00e9s \u00f6sszeszerel\u00e9s\u00e9r\u0151l. A folyamat k\u00f6nnyebben kezelhet\u0151 lehet, ha van tapasztalata hidraulikus rendszerekkel val\u00f3 munk\u00e1ban, vagy kor\u00e1bban m\u00e1r \u00faj\u00edtott fel hidraulikus hengereket. Ha azonban m\u00e9g \u00faj a hidraulikus rendszerek vil\u00e1g\u00e1ban, aj\u00e1nlott szakember seg\u00edts\u00e9g\u00e9t vagy \u00fatmutat\u00e1s\u00e1t k\u00e9rni.<\/li>\n<li><strong>Henger kialak\u00edt\u00e1sa:<\/strong><br \/>\nA hidraulikus henger \u00fajj\u00e1\u00e9p\u00edt\u00e9s\u00e9nek \u00f6sszetetts\u00e9ge a kialak\u00edt\u00e1s\u00e1t\u00f3l f\u00fcgghet. Egyes hengerek egyszer\u0171bb fel\u00e9p\u00edt\u00e9s\u0171ek, kevesebb bels\u0151 alkatr\u00e9sszel, \u00edgy viszonylag k\u00f6nnyebb \u00fajj\u00e1\u00e9p\u00edteni \u0151ket. A fejlettebb technik\u00e1k, p\u00e9ld\u00e1ul a t\u00f6bbl\u00e9pcs\u0151s vagy integr\u00e1lt funkci\u00f3kkal rendelkez\u0151k azonban bonyolultabbak lehetnek, \u00e9s a sz\u00e9tszerel\u00e9s, az \u00fajrat\u00f6m\u00edt\u00e9s \u00e9s az \u00f6sszeszerel\u00e9s megfelel\u0151 kih\u00edv\u00e1st jelenthet.<\/li>\n<li><strong>A henger \u00e1llapota:<\/strong><br \/>\nA hidraulikus henger \u00e1ltal\u00e1nos \u00e1llapota szint\u00e9n befoly\u00e1solja az \u00fajj\u00e1\u00e9p\u00edt\u00e9si folyamatot. Ha a henger s\u00falyosan s\u00e9r\u00fclt, nagym\u00e9rt\u00e9kben kopott vagy korr\u00f3zi\u00f3s, tov\u00e1bbi jav\u00edt\u00e1sokra vagy alkatr\u00e9szcser\u00e9re lehet sz\u00fcks\u00e9g, ami n\u00f6velheti az \u00fajj\u00e1\u00e9p\u00edt\u00e9s bonyolults\u00e1g\u00e1t. A henger \u00e1llapot\u00e1nak el\u0151zetes felm\u00e9r\u00e9se seg\u00edt meghat\u00e1rozni a sz\u00fcks\u00e9ges munka m\u00e9rt\u00e9k\u00e9t.<\/li>\n<li><strong>Szersz\u00e1mok \u00e9s felszerel\u00e9sek:<\/strong><br \/>\nEgy hidraulikus henger fel\u00faj\u00edt\u00e1sa gyakran speci\u00e1lis szersz\u00e1mokat \u00e9s berendez\u00e9seket ig\u00e9nyel. Ilyenek p\u00e9ld\u00e1ul a hidraulikus pr\u00e9sek, t\u00f6m\u00edt\u00e9sszerel\u0151 szersz\u00e1mok, r\u00f6gz\u00edt\u0151gy\u0171r\u0171-fog\u00f3k \u00e9s nyomat\u00e9kkulcsok. A sz\u00fcks\u00e9ges szersz\u00e1mok megl\u00e9te \u00e9s azok megfelel\u0151 haszn\u00e1lat\u00e1nak ismerete elengedhetetlen a sikeres fel\u00faj\u00edt\u00e1shoz.<\/li>\n<li><strong>T\u00f6m\u00edt\u00e9s csere \u00e9s \u00f6sszeszerel\u00e9s:<\/strong><br \/>\nA hidraulikus henger fel\u00faj\u00edt\u00e1s\u00e1nak egyik kritikus l\u00e9p\u00e9se a t\u00f6m\u00edt\u00e9sek cser\u00e9je. A t\u00f6m\u00edt\u00e9sek megfelel\u0151 kiv\u00e1laszt\u00e1sa \u00e9s beszerel\u00e9se elengedhetetlen a megfelel\u0151 m\u0171k\u00f6d\u00e9shez \u00e9s a sziv\u00e1rg\u00e1sok megel\u0151z\u00e9s\u00e9hez. Ez precizit\u00e1st \u00e9s r\u00e9szletekre val\u00f3 odafigyel\u00e9st ig\u00e9nyel. Ezenk\u00edv\u00fcl a henger alkatr\u00e9szeinek megfelel\u0151 sorrendben \u00e9s illeszt\u00e9sben t\u00f6rt\u00e9n\u0151 \u00f6sszeszerel\u00e9se kulcsfontoss\u00e1g\u00fa az optim\u00e1lis teljes\u00edtm\u00e9ny \u00e9rdek\u00e9ben.<\/li>\n<li><strong>Tesztel\u00e9s \u00e9s ellen\u0151rz\u00e9s:<\/strong><br \/>\nA hidraulikus henger \u00fajj\u00e1\u00e9p\u00edt\u00e9se ut\u00e1n elengedhetetlen az alapos tesztel\u00e9s elv\u00e9gz\u00e9se annak biztos\u00edt\u00e1sa \u00e9rdek\u00e9ben, hogy a henger a rendeltet\u00e9sszer\u0171en m\u0171k\u00f6dik. Ez mag\u00e1ban foglalhatja a nyom\u00e1spr\u00f3b\u00e1t, a sziv\u00e1rg\u00e1sok ellen\u0151rz\u00e9s\u00e9t, valamint a henger mozg\u00e1startom\u00e1ny\u00e1nak \u00e9s teljes\u00edtm\u00e9ny\u00e9nek ellen\u0151rz\u00e9s\u00e9t. A megfelel\u0151 tesztel\u00e9s seg\u00edt azonos\u00edtani a probl\u00e9m\u00e1kat, \u00e9s biztos\u00edtja a henger biztons\u00e1gos \u00e9s megb\u00edzhat\u00f3 m\u0171k\u00f6d\u00e9s\u00e9t.<\/li>\n<\/ol>\n<h2><strong>A gy\u00e1r kapacit\u00e1sa \u00e9s kapacit\u00e1sa:<\/strong><\/h2>\n<h3>(1) \u00d6sszeszerel\u00e9s<\/h3>\n<p>Els\u0151 oszt\u00e1ly\u00fa f\u00fcggetlen kutat\u00e1si \u00e9s fejleszt\u00e9si \u00f6sszeszerel\u00e9si platformmal rendelkez\u00fcnk. A hidraulikus hengergy\u00e1rt\u00f3 m\u0171hely n\u00e9gy f\u00e9lautomata emel\u0151henger-\u00f6sszeszerel\u0151 sorral \u00e9s egy automata billen\u0151henger-\u00f6sszeszerel\u0151 sorral rendelkezik, tervezett \u00e9ves gy\u00e1rt\u00e1si kapacit\u00e1sa 1 milli\u00f3 darab. A speci\u00e1lis henger m\u0171hely k\u00fcl\u00f6nb\u00f6z\u0151 specifik\u00e1ci\u00f3j\u00fa f\u00e9lautomata tiszt\u00edt\u00f3 \u00f6sszeszerel\u0151 rendszerrel van felszerelve, amelynek tervezett \u00e9ves termel\u00e9si kapacit\u00e1sa 200.000, \u00e9s h\u00edres CNC megmunk\u00e1l\u00f3 berendez\u00e9ssel, megmunk\u00e1l\u00f3 k\u00f6zponttal, nagy pontoss\u00e1g\u00fa hengerfeldolgoz\u00f3 speci\u00e1lis berendez\u00e9ssel, robothegeszt\u0151 g\u00e9ppel, automatikus tiszt\u00edt\u00f3g\u00e9ppel, automatikus henger \u00f6sszeszerel\u0151 g\u00e9ppel \u00e9s automatikus fest\u00e9si gy\u00e1rt\u00f3sorral van felszerelve. A megl\u00e9v\u0151 kritikus berendez\u00e9sek t\u00f6bb mint 300 k\u00e9szlet (k\u00e9szlet). A berendez\u00e9sek er\u0151forr\u00e1sainak optim\u00e1lis eloszt\u00e1sa \u00e9s hat\u00e9kony felhaszn\u00e1l\u00e1sa biztos\u00edtja a term\u00e9kek pontoss\u00e1gi k\u00f6vetelm\u00e9nyeit \u00e9s megfelel a term\u00e9kek min\u0151s\u00e9gi ig\u00e9nyeinek.<\/p>\n<p><img loading=\"lazy\" decoding=\"async\" class=\"alignnone wp-image-626\" src=\"https:\/\/hydraulic-cylinders.net\/wp-content\/uploads\/2023\/08\/hydraulic-cylinder-product-1-300x158.webp\" alt=\"\" width=\"495\" height=\"260\" srcset=\"https:\/\/hydraulic-cylinders.net\/wp-content\/uploads\/2023\/08\/hydraulic-cylinder-product-1-300x158.webp 495w, https:\/\/hydraulic-cylinders.net\/wp-content\/uploads\/2023\/08\/hydraulic-cylinder-product-1-480x252.webp 480w\" sizes=\"(min-width: 0px) and (max-width: 480px) 480px, (min-width: 481px) 495px, 100vw\" \/> <img loading=\"lazy\" decoding=\"async\" class=\"alignnone wp-image-627\" src=\"https:\/\/hydraulic-cylinders.net\/wp-content\/uploads\/2023\/08\/hydraulic-cylinder-product-2-300x189.webp\" alt=\"\" width=\"413\" height=\"260\" \/><\/p>\n<h3>(2) Megmunk\u00e1l\u00e1s<\/h3>\n<p>A megmunk\u00e1l\u00f3m\u0171hely egyedi, ferde s\u00edneszterg\u00e1l\u00f3 k\u00f6zponttal, megmunk\u00e1l\u00f3k\u00f6zponttal, nagysebess\u00e9g\u0171 h\u00f3nol\u00f3g\u00e9ppel, hegeszt\u0151robottal \u00e9s egy\u00e9b kapcsol\u00f3d\u00f3 berendez\u00e9sekkel van felszerelve, amelyek legfeljebb 400 mm bels\u0151 \u00e1tm\u00e9r\u0151j\u0171 \u00e9s legfeljebb 6 m\u00e9ter hossz\u00fa hengercs\u00f6vek megmunk\u00e1l\u00e1s\u00e1ra k\u00e9pesek.<\/p>\n<p><img loading=\"lazy\" decoding=\"async\" class=\"alignnone wp-image-628 size-large\" src=\"https:\/\/hydraulic-cylinders.net\/wp-content\/uploads\/2023\/08\/hydraulic-cylinder-product-3-1024x391.webp\" alt=\"\" width=\"1024\" height=\"391\" srcset=\"https:\/\/hydraulic-cylinders.net\/wp-content\/uploads\/2023\/08\/hydraulic-cylinder-product-3-980x374.webp 980w, https:\/\/hydraulic-cylinders.net\/wp-content\/uploads\/2023\/08\/hydraulic-cylinder-product-3-480x183.webp 480w\" sizes=\"(min-width: 0px) and (max-width: 480px) 480px, (min-width: 481px) and (max-width: 980px) 980px, (min-width: 981px) 1024px, 100vw\" \/><\/p>\n<h3>(3) Hegeszt\u00e9s<\/h3>\n<p><img loading=\"lazy\" decoding=\"async\" class=\"alignnone wp-image-629 size-large\" src=\"https:\/\/hydraulic-cylinders.net\/wp-content\/uploads\/2023\/08\/hydraulic-cylinder-product-4-1024x510.webp\" alt=\"\" width=\"1024\" height=\"510\" srcset=\"https:\/\/hydraulic-cylinders.net\/wp-content\/uploads\/2023\/08\/hydraulic-cylinder-product-4-980x488.webp 980w, https:\/\/hydraulic-cylinders.net\/wp-content\/uploads\/2023\/08\/hydraulic-cylinder-product-4-480x239.webp 480w\" sizes=\"(min-width: 0px) and (max-width: 480px) 480px, (min-width: 481px) and (max-width: 980px) 980px, (min-width: 981px) 1024px, 100vw\" \/><\/p>\n<h3>(4) Fest\u00e9s \u00e9s bevonatol\u00e1s<\/h3>\n<p>Kis \u00e9s k\u00f6zepes m\u00e9ret\u0171 hengeres automatikus v\u00edzb\u00e1zis\u00fa fest\u00e9kbevon\u00f3 sorokkal, az automatikus robot be- \u00e9s kirakod\u00e1s, valamint az automatikus permetez\u00e9s megval\u00f3s\u00edt\u00e1s\u00e1hoz, a tervez\u00e9si kapacit\u00e1s m\u0171szakonk\u00e9nt 4000 darab;<br \/>\nRendelkez\u00fcnk egy f\u00e9lautomata fest\u00e9kgy\u00e1rt\u00f3sorral is nagym\u00e9ret\u0171 palackokhoz, amelyet egy er\u0151\u00e1tviteli l\u00e1nc hajt, m\u0171szakonk\u00e9nt 60 doboz tervez\u00e9si kapacit\u00e1ssal.<\/p>\n<p><img loading=\"lazy\" decoding=\"async\" class=\"alignnone wp-image-630\" src=\"https:\/\/hydraulic-cylinders.net\/wp-content\/uploads\/2023\/08\/hydraulic-cylinder-product-5-300x213.webp\" alt=\"\" width=\"366\" height=\"260\" \/> <img loading=\"lazy\" decoding=\"async\" class=\"alignnone wp-image-631\" src=\"https:\/\/hydraulic-cylinders.net\/wp-content\/uploads\/2023\/08\/hydraulic-cylinder-product-6-300x225.webp\" alt=\"\" width=\"347\" height=\"260\" \/><\/p>\n<h3>(5) Tesztel\u00e9s<\/h3>\n<p>Els\u0151 oszt\u00e1ly\u00fa ellen\u0151rz\u0151 l\u00e9tes\u00edtm\u00e9nyekkel \u00e9s tesztpadokkal rendelkez\u00fcnk annak biztos\u00edt\u00e1s\u00e1ra, hogy a palack teljes\u00edtm\u00e9nye megfeleljen a k\u00f6vetelm\u00e9nyeknek.<\/p>\n<p><img loading=\"lazy\" decoding=\"async\" class=\"alignnone wp-image-632\" src=\"https:\/\/hydraulic-cylinders.net\/wp-content\/uploads\/2023\/08\/hydraulic-cylinder-product-8-300x200.webp\" alt=\"\" width=\"389\" height=\"260\" \/><\/p>\n<p>&nbsp;<\/p>\n<p>&nbsp;<\/p>\n<p>Mi vagyunk az egyik legjobb koh\u00e1szati \u200b\u200bhidraulikus henger gy\u00e1rt\u00f3. \u00c1tfog\u00f3 koh\u00e1szati \u200b\u200bhidraulikus henger k\u00e9szletet k\u00edn\u00e1lunk. Emellett megfelel\u0151 term\u00e9keket is biztos\u00edtunk. <a href=\"https:\/\/hzpt.com\/agricultural-pto-gearbox\/\" target=\"_blank\" rel=\"noopener\">mez\u0151gazdas\u00e1gi sebess\u00e9gv\u00e1lt\u00f3k<\/a>Term\u00e9keinket vil\u00e1gszerte export\u00e1ltuk \u00fcgyfeleinknek, \u00e9s kiv\u00e1l\u00f3 term\u00e9kmin\u0151s\u00e9g\u00fcnknek \u00e9s \u00e9rt\u00e9kes\u00edt\u00e9s ut\u00e1ni szolg\u00e1ltat\u00e1sunknak k\u00f6sz\u00f6nhet\u0151en j\u00f3 h\u00edrnevet szerezt\u00fcnk. Szeretettel v\u00e1rjuk belf\u00f6ldi \u00e9s k\u00fclf\u00f6ldi \u00fcgyfeleinket, hogy \u00fczleti t\u00e1rgyal\u00e1sok, inform\u00e1ci\u00f3csere \u00e9s egy\u00e9b lehet\u0151s\u00e9gek c\u00e9lj\u00e1b\u00f3l kapcsolatba l\u00e9pjenek vel\u00fcnk. <a href=\"https:\/\/www.hydraulic-cylinders.net\/hu\/contact-us\/\">egy\u00fcttm\u0171k\u00f6dni vel\u00fcnk<\/a>!<\/p>\n<h2><\/h2>\n<h2><\/h2>","protected":false},"excerpt":{"rendered":"<p>HROC Single Trunnion Type Circular Hydraulic Cylinder The HROC single trunnion type circular hydraulic cylinder is a cutting-edge hydraulic element designed to provide reliable and efficient power transmission for a variety of industrial applications. With its innovative design and superior performance, this hydraulic cylinder offers precise control, durability, and versatility. Whether in manufacturing, construction, or [&hellip;]<\/p>","protected":false},"featured_media":1258,"comment_status":"open","ping_status":"closed","template":"","meta":{"_et_pb_use_builder":"","_et_pb_old_content":"","_et_gb_content_width":""},"product_brand":[],"product_cat":[1526,1550,1376],"product_tag":[1380],"class_list":{"0":"post-1243","1":"product","2":"type-product","3":"status-publish","4":"has-post-thumbnail","6":"product_cat-assembly-line-hydraulic-cylinders","7":"product_cat-double-acting-hydraulic-cylinder","8":"product_cat-hydraulic-cylinder","9":"product_tag-hydraulic-cylinder","11":"first","12":"instock","13":"shipping-taxable","14":"product-type-simple"},"amp_enabled":true,"_links":{"self":[{"href":"https:\/\/www.hydraulic-cylinders.net\/hu\/wp-json\/wp\/v2\/product\/1243","targetHints":{"allow":["GET"]}}],"collection":[{"href":"https:\/\/www.hydraulic-cylinders.net\/hu\/wp-json\/wp\/v2\/product"}],"about":[{"href":"https:\/\/www.hydraulic-cylinders.net\/hu\/wp-json\/wp\/v2\/types\/product"}],"replies":[{"embeddable":true,"href":"https:\/\/www.hydraulic-cylinders.net\/hu\/wp-json\/wp\/v2\/comments?post=1243"}],"wp:featuredmedia":[{"embeddable":true,"href":"https:\/\/www.hydraulic-cylinders.net\/hu\/wp-json\/wp\/v2\/media\/1258"}],"wp:attachment":[{"href":"https:\/\/www.hydraulic-cylinders.net\/hu\/wp-json\/wp\/v2\/media?parent=1243"}],"wp:term":[{"taxonomy":"product_brand","embeddable":true,"href":"https:\/\/www.hydraulic-cylinders.net\/hu\/wp-json\/wp\/v2\/product_brand?post=1243"},{"taxonomy":"product_cat","embeddable":true,"href":"https:\/\/www.hydraulic-cylinders.net\/hu\/wp-json\/wp\/v2\/product_cat?post=1243"},{"taxonomy":"product_tag","embeddable":true,"href":"https:\/\/www.hydraulic-cylinders.net\/hu\/wp-json\/wp\/v2\/product_tag?post=1243"}],"curies":[{"name":"munkaf\u00fczet","href":"https:\/\/api.w.org\/{rel}","templated":true}]}}