{"id":1272,"date":"2023-09-15T08:13:33","date_gmt":"2023-09-15T08:13:33","guid":{"rendered":"https:\/\/hydraulic-cylinders.net\/?post_type=product&#038;p=1272"},"modified":"2025-04-11T05:25:53","modified_gmt":"2025-04-11T05:25:53","slug":"cx-series-biaxial-compact-hydraulic-cylinder","status":"publish","type":"product","link":"https:\/\/www.hydraulic-cylinders.net\/hu\/termek\/cx-series-biaxial-compact-hydraulic-cylinder\/","title":{"rendered":"CX sorozat\u00fa biaxi\u00e1lis kompakt hidraulikus henger"},"content":{"rendered":"<h1 style=\"text-align: center;\"><strong>CX sorozat\u00fa biaxi\u00e1lis kompakt hidraulikus henger<\/strong><\/h1>\n<p>A cx sorozat\u00fa k\u00e9ttengelyes kompakt hidraulikus henger egy \u00e9lvonalbeli hidraulikus elem, amelyet hat\u00e9kony \u00e9s megb\u00edzhat\u00f3 er\u0151\u00e1tvitel biztos\u00edt\u00e1s\u00e1ra terveztek k\u00fcl\u00f6nf\u00e9le ipari alkalmaz\u00e1sokhoz. Kompakt kialak\u00edt\u00e1s\u00e1nak, kiv\u00e1l\u00f3 teljes\u00edtm\u00e9ny\u00e9nek \u00e9s tart\u00f3ss\u00e1g\u00e1nak k\u00f6sz\u00f6nhet\u0151en ez a hidraulikus henger prec\u00edz vez\u00e9rl\u00e9st \u00e9s sokoldal\u00fas\u00e1got k\u00edn\u00e1l. Ak\u00e1r gy\u00e1rt\u00e1sban, ak\u00e1r anyagmozgat\u00e1sban, ak\u00e1r \u00e9p\u00edt\u0151iparban haszn\u00e1lj\u00e1k, a cx sorozat\u00fa k\u00e9ttengelyes kompakt hidraulikus hengerek optimaliz\u00e1lj\u00e1k a hidraulikus m\u0171k\u00f6d\u00e9st \u00e9s n\u00f6velik a termel\u00e9kenys\u00e9get.<\/p>\n<p>A CX sorozat\u00fa kompakt hengereket hengerek befog\u00e1s\u00e1ra haszn\u00e1lj\u00e1k. Telep\u00edt\u00e9s\u00fck kis m\u00e9ret\u0171. Gy\u00e1runk korszer\u0171 hidraulikus berendez\u00e9sekkel rendelkezik, bele\u00e9rtve egy f\u00fcgg\u0151leges \u00e9s v\u00edzszintes megmunk\u00e1l\u00f3k\u00f6zpontot, valamint k\u00f6zepes \u00e9s nagy hidraulikus hengereket. A v\u00e9kony hengerek gy\u00e1rt\u00e1si technol\u00f3gi\u00e1ja kiv\u00e1l\u00f3.<\/p>\n<p><img loading=\"lazy\" decoding=\"async\" class=\"wp-image-1275 aligncenter\" src=\"https:\/\/hydraulic-cylinders.net\/wp-content\/uploads\/2023\/09\/cx-compact-hydraulic-cylinder-1-300x300.webp\" alt=\"\" width=\"400\" height=\"400\" \/><\/p>\n<h2><strong>CX sorozat\u00fa biaxi\u00e1lis kompakt hidraulikus henger modellle\u00edr\u00e1s:<\/strong><\/h2>\n<p><img loading=\"lazy\" decoding=\"async\" class=\"alignnone size-full wp-image-323127\" src=\"https:\/\/hzpt.com\/wp-content\/uploads\/2023\/09\/cx-compact-hydraulic-cylinder-2.webp\" alt=\"\" width=\"730\" height=\"119\" \/><\/p>\n<h2><strong>CX sorozat\u00fa biaxi\u00e1lis kompakt hidraulikus henger <\/strong><strong>Jellemz\u0151k<\/strong>:<\/h2>\n<p><img loading=\"lazy\" decoding=\"async\" class=\"alignnone size-full wp-image-323128\" src=\"https:\/\/hzpt.com\/wp-content\/uploads\/2023\/09\/cx-compact-hydraulic-cylinder-3.webp\" alt=\"\" width=\"730\" height=\"87\" \/><\/p>\n<h2><strong>CX sorozat\u00fa biaxi\u00e1lis kompakt hidraulikus henger param\u00e9tere:<\/strong><\/h2>\n<p><img loading=\"lazy\" decoding=\"async\" class=\"alignnone wp-image-1274 size-full\" src=\"https:\/\/hydraulic-cylinders.net\/wp-content\/uploads\/2023\/09\/cx-compact-hydraulic-cylinder-5.webp\" alt=\"\" width=\"730\" height=\"871\" srcset=\"https:\/\/hydraulic-cylinders.net\/wp-content\/uploads\/2023\/09\/cx-compact-hydraulic-cylinder-5.webp 730w, https:\/\/hydraulic-cylinders.net\/wp-content\/uploads\/2023\/09\/cx-compact-hydraulic-cylinder-5-480x573.webp 480w\" sizes=\"(min-width: 0px) and (max-width: 480px) 480px, (min-width: 481px) 730px, 100vw\" \/><\/p>\n<h2><strong>CX sorozat\u00fa biaxi\u00e1lis kompakt hidraulikus henger <\/strong><strong>F\u0151bb jellemz\u0151k \u00e9s el\u0151ny\u00f6k<\/strong><strong>:<\/strong><\/h2>\n<ol>\n<li><strong>Kompakt kialak\u00edt\u00e1s:<\/strong>\n<ul>\n<li>A CX sorozat\u00fa k\u00e9ttengelyes kompakt hidraulikus munkahengerek helytakar\u00e9kos kialak\u00edt\u00e1suknak k\u00f6sz\u00f6nhet\u0151en alkalmasak korl\u00e1tozott be\u00e9p\u00edt\u00e9si hellyel rendelkez\u0151 alkalmaz\u00e1sokhoz.<\/li>\n<li>Kompakt m\u00e9ret\u00e9nek k\u00f6sz\u00f6nhet\u0151en k\u00f6nnyen integr\u00e1lhat\u00f3 k\u00fcl\u00f6nf\u00e9le eszk\u00f6zbe\u00e1ll\u00edt\u00e1sokba, optimaliz\u00e1lva a helykihaszn\u00e1l\u00e1st.<\/li>\n<\/ul>\n<\/li>\n<li><strong>Prec\u00edz vez\u00e9rl\u00e9s:<\/strong>\n<ul>\n<li>Ez a hidraulikus henger kiv\u00e1l\u00f3 mozg\u00e1s- \u00e9s pozicion\u00e1l\u00e1si vez\u00e9rl\u00e9st biztos\u00edt, lehet\u0151v\u00e9 t\u00e9ve a pontos \u00e9s hat\u00e9kony m\u0171k\u00f6d\u00e9st.<\/li>\n<li>A prec\u00edz vez\u00e9rl\u0151mechanizmus biztos\u00edtja a sima \u00e9s szab\u00e1lyozhat\u00f3 mozg\u00e1st, \u00e9s jav\u00edtja az \u00e1ltal\u00e1nos termel\u00e9si hat\u00e9konys\u00e1got.<\/li>\n<\/ul>\n<\/li>\n<li><strong>Nagy teljes\u00edtm\u00e9ny:<\/strong>\n<ul>\n<li>A CX sorozat\u00fa kompakt, k\u00e9ttengelyes hidraulikus hengerek nagy teljes\u00edtm\u00e9ny\u0171 er\u0151\u00e1tviteli k\u00e9pess\u00e9geket biztos\u00edtanak.<\/li>\n<li>Nagy terhel\u00e9seket \u00e9s ig\u00e9nyes ipari alkalmaz\u00e1sokat k\u00e9pes kezelni, megb\u00edzhat\u00f3 \u00e9s k\u00f6vetkezetes teljes\u00edtm\u00e9nyt biztos\u00edtva.<\/li>\n<\/ul>\n<\/li>\n<li><strong>Sokoldal\u00fa alkalmaz\u00e1sok:<\/strong>\n<ul>\n<li>A CX sorozat\u00fa k\u00e9ttengelyes kompakt hidraulikus munkahengerek sz\u00e1mos ipar\u00e1g sz\u00e1m\u00e1ra k\u00e9sz\u00fcltek, bele\u00e9rtve a gy\u00e1rt\u00e1st, az anyagmozgat\u00e1st \u00e9s az \u00e9p\u00edt\u0151ipart.<\/li>\n<li>K\u00fcl\u00f6nb\u00f6z\u0151 berendez\u00e9sekben haszn\u00e1lhat\u00f3, p\u00e9ld\u00e1ul pr\u00e9sekben, t\u00f6m\u00f6r\u00edt\u0151kben, rakod\u00f3g\u00e9pekben stb.<\/li>\n<\/ul>\n<\/li>\n<\/ol>\n<h2><strong>CX sorozat\u00fa biaxi\u00e1lis kompakt hidraulikus henger <\/strong><strong>Felhaszn\u00e1l\u00e1si m\u00f3dszer<\/strong><strong>:<\/strong><\/h2>\n<ol>\n<li><strong>Szerel\u00e9s \u00e9s telep\u00edt\u00e9s:<\/strong>\n<ul>\n<li>Hat\u00e1rozza meg a CX sorozat\u00fa k\u00e9ttengelyes kompakt hidraulikus henger megfelel\u0151 felszerel\u00e9si hely\u00e9t a berendez\u00e9s vagy g\u00e9p konkr\u00e9t k\u00f6vetelm\u00e9nyei alapj\u00e1n.<\/li>\n<li>Gy\u0151z\u0151dj\u00f6n meg arr\u00f3l, hogy a szerel\u00e9si fel\u00fclet er\u0151s, v\u00edzszintes, \u00e9s biztons\u00e1gosan elb\u00edrja a palack s\u00faly\u00e1t \u00e9s terhel\u00e9s\u00e9t.<\/li>\n<\/ul>\n<\/li>\n<li><strong>Hidraulikus rendszer csatlakoz\u00e1sa:<\/strong>\n<ul>\n<li>Csatlakoztassa a hidraulikus hengert a hidraulikus rendszerhez egy kompatibilis hidraulikus t\u00f6ml\u0151 vagy cs\u0151 seg\u00edts\u00e9g\u00e9vel.<\/li>\n<li>A megfelel\u0151 illeszt\u00e9s \u00e9s a szoros csatlakoz\u00e1sok megakad\u00e1lyozz\u00e1k a sziv\u00e1rg\u00e1sokat \u00e9s biztos\u00edtj\u00e1k az optim\u00e1lis teljes\u00edtm\u00e9nyt.<\/li>\n<\/ul>\n<\/li>\n<li><strong>A henger m\u0171k\u00f6dtet\u00e9se:<\/strong>\n<ul>\n<li>Ind\u00edtsa el a hidraulikus rendszert \u00e9s ind\u00edtsa el a CX sorozat\u00fa kompakt k\u00e9ttengelyes hidraulikus henger mozg\u00e1s\u00e1t.<\/li>\n<\/ul>\n<\/li>\n<\/ol>\n<h2><strong>Hogyan cser\u00e9lj\u00fck ki a t\u00f6m\u00edt\u00e9seket a hidraulikus hengerben?<\/strong><\/h2>\n<p>A hidraulikus henger sz\u00e9kb\u0151l val\u00f3 elt\u00e1vol\u00edt\u00e1s\u00e1hoz k\u00f6vesse az al\u00e1bbi l\u00e9p\u00e9seket:<\/p>\n<ol>\n<li><strong>A munkater\u00fclet el\u0151k\u00e9sz\u00edt\u00e9se:<\/strong>\n<ul>\n<li>Szabad\u00edtsd fel a sz\u00e9k k\u00f6r\u00fcli ter\u00fcletet, hogy biztons\u00e1gos \u00e9s akad\u00e1lymentes munkater\u00fcletet hozz l\u00e9tre.<\/li>\n<li>Helyezzen v\u00e9d\u0151takar\u00f3t vagy kend\u0151t a padl\u00f3ra, hogy elker\u00fclje a sz\u00e9k vagy a k\u00f6rnyez\u0151 fel\u00fcletek s\u00e9r\u00fcl\u00e9s\u00e9t.<\/li>\n<\/ul>\n<\/li>\n<li><strong>Engedd le a sz\u00e9ket:<\/strong>\n<ul>\n<li>A sz\u00e9k \u00e1ll\u00edt\u00f3karj\u00e1val vagy vez\u00e9rl\u0151mechanizmus\u00e1val engedje le a legalacsonyabb helyzetbe.<\/li>\n<li>Ez a l\u00e9p\u00e9s biztos\u00edtja, hogy a henger teljesen \u00f6sszenyom\u00f3djon, \u00edgy k\u00f6nnyebben elt\u00e1vol\u00edthat\u00f3.<\/li>\n<\/ul>\n<\/li>\n<li><strong>A henger megtal\u00e1l\u00e1sa:<\/strong>\n<ul>\n<li>Azonos\u00edtsa a sz\u00e9k hidraulikus henger\u00e9t. Ez jellemz\u0151en a sz\u00e9k alapja k\u00f6zel\u00e9ben tal\u00e1lhat\u00f3, \u00e9s az \u00fcl\u00e9shez vagy a sz\u00e9k mechanizmus\u00e1hoz csatlakozik.<\/li>\n<\/ul>\n<\/li>\n<li><strong>A sz\u00e9k \u00fcl\u00e9s\u00e9nek elt\u00e1vol\u00edt\u00e1sa:<\/strong>\n<ul>\n<li>Ha a sz\u00e9k\u00fcl\u00e9s levehet\u0151, keresse meg a r\u00f6gz\u00edt\u0151csavarokat vagy csavarokat, amelyek r\u00f6gz\u00edtik a hengerhez vagy a sz\u00e9k alapj\u00e1hoz.<\/li>\n<li>A csavarok vagy csapszegek elt\u00e1vol\u00edt\u00e1s\u00e1hoz haszn\u00e1ljon megfelel\u0151 szersz\u00e1mot, p\u00e9ld\u00e1ul csavarh\u00faz\u00f3t vagy vill\u00e1skulcsot.<\/li>\n<li>Emelje le az \u00fcl\u00e9st a sz\u00e9kr\u0151l, szabadd\u00e1 t\u00e9ve a hidraulikus hengert.<\/li>\n<\/ul>\n<\/li>\n<li><strong>T\u00e1mogasd az eln\u00f6k\u00f6t:<\/strong>\n<ul>\n<li>Mivel a sz\u00e9k \u00fcl\u00e9s n\u00e9lk\u00fcl instabil lesz, t\u00e1maszt\u00e9kkal kell ell\u00e1tni, hogy ne boruljon fel.<\/li>\n<li>Haszn\u00e1ljon egy er\u0151s t\u00e1rgyat, p\u00e9ld\u00e1ul egy dobozt vagy egy fadarabot a sz\u00e9k megmaradt szerkezet\u00e9nek megt\u00e1maszt\u00e1s\u00e1ra.<\/li>\n<\/ul>\n<\/li>\n<li><strong>A henger lev\u00e1laszt\u00e1sa:<\/strong>\n<ul>\n<li>Vizsg\u00e1lja meg a hidraulikus henger \u00e9s a sz\u00e9k mechanizmusa vagy alapja k\u00f6z\u00f6tti csatlakoz\u00e1si pontokat.<\/li>\n<li>A sz\u00e9k kialak\u00edt\u00e1s\u00e1t\u00f3l f\u00fcgg\u0151en r\u00f6gz\u00edt\u0151konzolokat, kapcsokat vagy csavarokat tal\u00e1lhat a henger r\u00f6gz\u00edt\u00e9s\u00e9hez.<\/li>\n<li>A megfelel\u0151 szersz\u00e1mok seg\u00edts\u00e9g\u00e9vel t\u00e1vol\u00edtsa el a hengert r\u00f6gz\u00edt\u0151 r\u00f6gz\u00edt\u0151elemeket.<\/li>\n<li>Miut\u00e1n a r\u00f6gz\u00edt\u0151ket elt\u00e1vol\u00edtotta, \u00f3vatosan h\u00fazza vagy mozgassa a hengert, hogy lev\u00e1lassza a sz\u00e9kr\u0151l.<\/li>\n<\/ul>\n<\/li>\n<li><strong>A palack cser\u00e9je vagy \u00e1rtalmatlan\u00edt\u00e1sa:<\/strong>\n<ul>\n<li>Ha hidraulikus hengert cser\u00e9l, gy\u0151z\u0151dj\u00f6n meg arr\u00f3l, hogy olyan kompatibilis cserealkatr\u00e9szt haszn\u00e1l, amely megfelel a r\u00e9gi henger specifik\u00e1ci\u00f3inak.<\/li>\n<li>Sz\u00fcks\u00e9g eset\u00e9n forduljon a sz\u00e9k gy\u00e1rt\u00f3j\u00e1hoz vagy egy szakemberhez a megfelel\u0151 cserehenger beszerz\u00e9s\u00e9hez.<\/li>\n<li>Ha a palackot \u00e1rtalmatlan\u00edtja, k\u00f6vesse a helyi el\u0151\u00edr\u00e1sokat \u00e9s ir\u00e1nyelveket a megfelel\u0151 \u00e1rtalmatlan\u00edt\u00e1sra vonatkoz\u00f3an.<\/li>\n<\/ul>\n<\/li>\n<li><strong>A sz\u00e9k \u00f6sszeszerel\u00e9se:<\/strong>\n<ul>\n<li>Szerelje vissza az \u00fcl\u00e9st a csavarlyukak illeszt\u00e9s\u00e9vel, \u00e9s r\u00f6gz\u00edtse azokat a megfelel\u0151 csavarokkal vagy any\u00e1kkal, ha elt\u00e1vol\u00edtotta az \u00fcl\u00e9st.<\/li>\n<li>A sz\u00e9k ism\u00e9telt haszn\u00e1lata el\u0151tt gy\u0151z\u0151dj\u00f6n meg arr\u00f3l, hogy az \u00fcl\u00e9s szil\u00e1rdan r\u00f6gz\u00edtett \u00e9s stabil.<\/li>\n<\/ul>\n<\/li>\n<\/ol>\n<h2><strong>A gy\u00e1r kapacit\u00e1sa \u00e9s kapacit\u00e1sa:<\/strong><\/h2>\n<h3>(1) \u00d6sszeszerel\u00e9s<\/h3>\n<p>Els\u0151 oszt\u00e1ly\u00fa f\u00fcggetlen kutat\u00e1si \u00e9s fejleszt\u00e9si \u00f6sszeszerel\u00e9si platformmal rendelkez\u00fcnk. A hidraulikus hengergy\u00e1rt\u00f3 m\u0171hely n\u00e9gy f\u00e9lautomata emel\u0151henger-\u00f6sszeszerel\u0151 sorral \u00e9s egy automata billen\u0151henger-\u00f6sszeszerel\u0151 sorral rendelkezik, tervezett \u00e9ves gy\u00e1rt\u00e1si kapacit\u00e1sa 1 milli\u00f3 darab. A speci\u00e1lis henger m\u0171hely k\u00fcl\u00f6nb\u00f6z\u0151 specifik\u00e1ci\u00f3j\u00fa f\u00e9lautomata tiszt\u00edt\u00f3 \u00f6sszeszerel\u0151 rendszerrel van felszerelve, amelynek tervezett \u00e9ves termel\u00e9si kapacit\u00e1sa 200.000, \u00e9s h\u00edres CNC megmunk\u00e1l\u00f3 berendez\u00e9ssel, megmunk\u00e1l\u00f3 k\u00f6zponttal, nagy pontoss\u00e1g\u00fa hengerfeldolgoz\u00f3 speci\u00e1lis berendez\u00e9ssel, robothegeszt\u0151 g\u00e9ppel, automatikus tiszt\u00edt\u00f3g\u00e9ppel, automatikus henger \u00f6sszeszerel\u0151 g\u00e9ppel \u00e9s automatikus fest\u00e9si gy\u00e1rt\u00f3sorral van felszerelve. A megl\u00e9v\u0151 kritikus berendez\u00e9sek t\u00f6bb mint 300 k\u00e9szlet (k\u00e9szlet). A berendez\u00e9sek er\u0151forr\u00e1sainak optim\u00e1lis eloszt\u00e1sa \u00e9s hat\u00e9kony felhaszn\u00e1l\u00e1sa biztos\u00edtja a term\u00e9kek pontoss\u00e1gi k\u00f6vetelm\u00e9nyeit \u00e9s megfelel a term\u00e9kek min\u0151s\u00e9gi ig\u00e9nyeinek.<\/p>\n<p><img loading=\"lazy\" decoding=\"async\" class=\"alignnone wp-image-626\" src=\"https:\/\/hydraulic-cylinders.net\/wp-content\/uploads\/2023\/08\/hydraulic-cylinder-product-1-300x158.webp\" alt=\"\" width=\"495\" height=\"260\" srcset=\"https:\/\/hydraulic-cylinders.net\/wp-content\/uploads\/2023\/08\/hydraulic-cylinder-product-1-300x158.webp 495w, https:\/\/hydraulic-cylinders.net\/wp-content\/uploads\/2023\/08\/hydraulic-cylinder-product-1-480x252.webp 480w\" sizes=\"(min-width: 0px) and (max-width: 480px) 480px, (min-width: 481px) 495px, 100vw\" \/> <img loading=\"lazy\" decoding=\"async\" class=\"alignnone wp-image-627\" src=\"https:\/\/hydraulic-cylinders.net\/wp-content\/uploads\/2023\/08\/hydraulic-cylinder-product-2-300x189.webp\" alt=\"\" width=\"413\" height=\"260\" \/><\/p>\n<h3>(2) Megmunk\u00e1l\u00e1s<\/h3>\n<p>A megmunk\u00e1l\u00f3m\u0171hely egyedi, ferde s\u00edneszterg\u00e1l\u00f3 k\u00f6zponttal, megmunk\u00e1l\u00f3k\u00f6zponttal, nagysebess\u00e9g\u0171 h\u00f3nol\u00f3g\u00e9ppel, hegeszt\u0151robottal \u00e9s egy\u00e9b kapcsol\u00f3d\u00f3 berendez\u00e9sekkel van felszerelve, amelyek legfeljebb 400 mm bels\u0151 \u00e1tm\u00e9r\u0151j\u0171 \u00e9s legfeljebb 6 m\u00e9ter hossz\u00fa hengercs\u00f6vek megmunk\u00e1l\u00e1s\u00e1ra k\u00e9pesek.<\/p>\n<p><img loading=\"lazy\" decoding=\"async\" class=\"alignnone wp-image-628 size-large\" src=\"https:\/\/hydraulic-cylinders.net\/wp-content\/uploads\/2023\/08\/hydraulic-cylinder-product-3-1024x391.webp\" alt=\"\" width=\"1024\" height=\"391\" srcset=\"https:\/\/hydraulic-cylinders.net\/wp-content\/uploads\/2023\/08\/hydraulic-cylinder-product-3-980x374.webp 980w, https:\/\/hydraulic-cylinders.net\/wp-content\/uploads\/2023\/08\/hydraulic-cylinder-product-3-480x183.webp 480w\" sizes=\"(min-width: 0px) and (max-width: 480px) 480px, (min-width: 481px) and (max-width: 980px) 980px, (min-width: 981px) 1024px, 100vw\" \/><\/p>\n<h3>(3) Hegeszt\u00e9s<\/h3>\n<p><img loading=\"lazy\" decoding=\"async\" class=\"alignnone wp-image-629 size-large\" src=\"https:\/\/hydraulic-cylinders.net\/wp-content\/uploads\/2023\/08\/hydraulic-cylinder-product-4-1024x510.webp\" alt=\"\" width=\"1024\" height=\"510\" srcset=\"https:\/\/hydraulic-cylinders.net\/wp-content\/uploads\/2023\/08\/hydraulic-cylinder-product-4-980x488.webp 980w, https:\/\/hydraulic-cylinders.net\/wp-content\/uploads\/2023\/08\/hydraulic-cylinder-product-4-480x239.webp 480w\" sizes=\"(min-width: 0px) and (max-width: 480px) 480px, (min-width: 481px) and (max-width: 980px) 980px, (min-width: 981px) 1024px, 100vw\" \/><\/p>\n<h3>(4) Fest\u00e9s \u00e9s bevonatol\u00e1s<\/h3>\n<p>Kis \u00e9s k\u00f6zepes m\u00e9ret\u0171 hengeres automatikus v\u00edzb\u00e1zis\u00fa fest\u00e9kbevon\u00f3 sorokkal, az automatikus robot be- \u00e9s kirakod\u00e1s, valamint az automatikus permetez\u00e9s megval\u00f3s\u00edt\u00e1s\u00e1hoz, a tervez\u00e9si kapacit\u00e1s m\u0171szakonk\u00e9nt 4000 darab;<br \/>\nRendelkez\u00fcnk egy f\u00e9lautomata fest\u00e9kgy\u00e1rt\u00f3sorral is nagym\u00e9ret\u0171 palackokhoz, amelyet egy er\u0151\u00e1tviteli l\u00e1nc hajt, m\u0171szakonk\u00e9nt 60 doboz tervez\u00e9si kapacit\u00e1ssal.<\/p>\n<p><img loading=\"lazy\" decoding=\"async\" class=\"alignnone wp-image-630\" src=\"https:\/\/hydraulic-cylinders.net\/wp-content\/uploads\/2023\/08\/hydraulic-cylinder-product-5-300x213.webp\" alt=\"\" width=\"366\" height=\"260\" \/> <img loading=\"lazy\" decoding=\"async\" class=\"alignnone wp-image-631\" src=\"https:\/\/hydraulic-cylinders.net\/wp-content\/uploads\/2023\/08\/hydraulic-cylinder-product-6-300x225.webp\" alt=\"\" width=\"347\" height=\"260\" \/><\/p>\n<h3>(5) Tesztel\u00e9s<\/h3>\n<p>Els\u0151 oszt\u00e1ly\u00fa ellen\u0151rz\u0151 l\u00e9tes\u00edtm\u00e9nyekkel \u00e9s tesztpadokkal rendelkez\u00fcnk annak biztos\u00edt\u00e1s\u00e1ra, hogy a palack teljes\u00edtm\u00e9nye megfeleljen a k\u00f6vetelm\u00e9nyeknek.<\/p>\n<p><img loading=\"lazy\" decoding=\"async\" class=\"alignnone wp-image-632\" src=\"https:\/\/hydraulic-cylinders.net\/wp-content\/uploads\/2023\/08\/hydraulic-cylinder-product-8-300x200.webp\" alt=\"\" width=\"389\" height=\"260\" \/><\/p>\n<p>&nbsp;<\/p>\n<p>&nbsp;<\/p>\n<p>Mi vagyunk az egyik legjobb kompakt hidraulikus henger gy\u00e1rt\u00f3. \u00c1tfog\u00f3 kompakt hidraulikus henger k\u00e9szletet k\u00edn\u00e1lunk. Emellett megfelel\u0151 term\u00e9keket is biztos\u00edtunk. <a href=\"https:\/\/hzpt.com\/agricultural-pto-gearbox\/\" target=\"_blank\" rel=\"noopener\">mez\u0151gazdas\u00e1gi sebess\u00e9gv\u00e1lt\u00f3k<\/a>Term\u00e9keinket vil\u00e1gszerte export\u00e1ltuk \u00fcgyfeleinknek, \u00e9s kiv\u00e1l\u00f3 term\u00e9kmin\u0151s\u00e9g\u00fcnknek \u00e9s \u00e9rt\u00e9kes\u00edt\u00e9s ut\u00e1ni szolg\u00e1ltat\u00e1sunknak k\u00f6sz\u00f6nhet\u0151en j\u00f3 h\u00edrnevet szerezt\u00fcnk. Szeretettel v\u00e1rjuk belf\u00f6ldi \u00e9s k\u00fclf\u00f6ldi \u00fcgyfeleinket, hogy \u00fczleti t\u00e1rgyal\u00e1sok, inform\u00e1ci\u00f3csere \u00e9s egy\u00e9b lehet\u0151s\u00e9gek c\u00e9lj\u00e1b\u00f3l kapcsolatba l\u00e9pjenek vel\u00fcnk. <a href=\"https:\/\/www.hydraulic-cylinders.net\/hu\/contact-us\/\">egy\u00fcttm\u0171k\u00f6dni vel\u00fcnk<\/a>!<\/p>\n<p>&nbsp;<\/p>","protected":false},"excerpt":{"rendered":"<p>CX Series Biaxial Compact Hydraulic Cylinder The cx Series two-axis compact hydraulic cylinder is a cutting-edge hydraulic element designed to provide efficient and reliable power transmission for a variety of industrial applications. With its compact design, superior performance and durability, this hydraulic cylinder offers precise control and versatility. Whether used in manufacturing, material handling or [&hellip;]<\/p>","protected":false},"featured_media":1276,"comment_status":"open","ping_status":"closed","template":"","meta":{"_et_pb_use_builder":"","_et_pb_old_content":"","_et_gb_content_width":""},"product_brand":[],"product_cat":[1526,1550,1376],"product_tag":[1380],"class_list":{"0":"post-1272","1":"product","2":"type-product","3":"status-publish","4":"has-post-thumbnail","6":"product_cat-assembly-line-hydraulic-cylinders","7":"product_cat-double-acting-hydraulic-cylinder","8":"product_cat-hydraulic-cylinder","9":"product_tag-hydraulic-cylinder","11":"first","12":"instock","13":"shipping-taxable","14":"product-type-simple"},"amp_enabled":true,"_links":{"self":[{"href":"https:\/\/www.hydraulic-cylinders.net\/hu\/wp-json\/wp\/v2\/product\/1272","targetHints":{"allow":["GET"]}}],"collection":[{"href":"https:\/\/www.hydraulic-cylinders.net\/hu\/wp-json\/wp\/v2\/product"}],"about":[{"href":"https:\/\/www.hydraulic-cylinders.net\/hu\/wp-json\/wp\/v2\/types\/product"}],"replies":[{"embeddable":true,"href":"https:\/\/www.hydraulic-cylinders.net\/hu\/wp-json\/wp\/v2\/comments?post=1272"}],"wp:featuredmedia":[{"embeddable":true,"href":"https:\/\/www.hydraulic-cylinders.net\/hu\/wp-json\/wp\/v2\/media\/1276"}],"wp:attachment":[{"href":"https:\/\/www.hydraulic-cylinders.net\/hu\/wp-json\/wp\/v2\/media?parent=1272"}],"wp:term":[{"taxonomy":"product_brand","embeddable":true,"href":"https:\/\/www.hydraulic-cylinders.net\/hu\/wp-json\/wp\/v2\/product_brand?post=1272"},{"taxonomy":"product_cat","embeddable":true,"href":"https:\/\/www.hydraulic-cylinders.net\/hu\/wp-json\/wp\/v2\/product_cat?post=1272"},{"taxonomy":"product_tag","embeddable":true,"href":"https:\/\/www.hydraulic-cylinders.net\/hu\/wp-json\/wp\/v2\/product_tag?post=1272"}],"curies":[{"name":"munkaf\u00fczet","href":"https:\/\/api.w.org\/{rel}","templated":true}]}}