{"id":1419,"date":"2023-09-18T08:45:51","date_gmt":"2023-09-18T08:45:51","guid":{"rendered":"https:\/\/hydraulic-cylinders.net\/?post_type=product&#038;p=1419"},"modified":"2025-04-11T02:57:05","modified_gmt":"2025-04-11T02:57:05","slug":"40-mdc-series-compact-mold-cylinder","status":"publish","type":"product","link":"https:\/\/www.hydraulic-cylinders.net\/hu\/termek\/40-mdc-series-compact-mold-cylinder\/","title":{"rendered":"40 MDC sorozat\u00fa kompakt \u00f6nt\u0151henger"},"content":{"rendered":"<h1 style=\"text-align: center;\"><strong>40 MDC sorozat\u00fa kompakt \u00f6nt\u0151henger<\/strong><\/h1>\n<p>A 40 MDC sorozat\u00fa kompakt \u00f6nt\u0151henger egy hat\u00e9kony \u00e9s sokoldal\u00fa hidraulikus henger, amelyet kifejezetten \u00f6nt\u0151form\u00e1khoz terveztek. Kompakt kialak\u00edt\u00e1s\u00e1nak, kiv\u00e1l\u00f3 teljes\u00edtm\u00e9ny\u00e9nek \u00e9s tart\u00f3s konstrukci\u00f3j\u00e1nak k\u00f6sz\u00f6nhet\u0151en ez a henger megb\u00edzhat\u00f3 \u00e9s prec\u00edz m\u0171k\u00f6d\u00e9st biztos\u00edt sz\u00e1mos ipari k\u00f6rnyezetben. Ak\u00e1r fr\u00f6ccs\u00f6nt\u0151 g\u00e9pekben, \u00f6nt\u0151berendez\u00e9sekben vagy m\u00e1s \u00f6nt\u0151form\u00e1kkal kapcsolatos alkalmaz\u00e1sokban haszn\u00e1lj\u00e1k, a 40 MDC kompakt \u00f6nt\u0151henger kiv\u00e9teles funkcionalit\u00e1st \u00e9s termel\u00e9kenys\u00e9get k\u00edn\u00e1l.<\/p>\n<p>\u00b7 Az MDC egy kompakt hidraulikus henger (cx), amely elektromos dobozzal \u00e9s d\u00f6ng\u00f6l\u0151vel rendelkezik a forma neutronpoz\u00edci\u00f3j\u00e1nak pontos szab\u00e1lyoz\u00e1s\u00e1ra.<br \/>\n\u00b7 M\u0171anyag form\u00e1khoz alkalmas hidraulikus henger.<\/p>\n<p><img loading=\"lazy\" decoding=\"async\" class=\"aligncenter wp-image-323230\" src=\"https:\/\/hzpt.com\/wp-content\/uploads\/2023\/09\/mdc-compact-hydraulic-cylinder-7.webp\" alt=\"40-kompakt-\u00f6nt\u0151henger-param\u00e9ter-1 \" width=\"400\" height=\"400\" \/><\/p>\n<h2><strong>Kompakt \u00f6nt\u0151henger modellle\u00edr\u00e1s:<\/strong><\/h2>\n<p><img loading=\"lazy\" decoding=\"async\" class=\"alignnone size-full wp-image-323234\" src=\"https:\/\/hzpt.com\/wp-content\/uploads\/2023\/09\/mdc-compact-hydraulic-cylinder-2.webp\" alt=\"\" width=\"966\" height=\"882\" \/><\/p>\n<h2><strong>Kompakt \u00f6nt\u0151henger jellemz\u0151 adatai:<\/strong><\/h2>\n<p><img loading=\"lazy\" decoding=\"async\" class=\"alignnone size-full wp-image-323236\" src=\"https:\/\/hzpt.com\/wp-content\/uploads\/2023\/09\/mdc-compact-hydraulic-cylinder-3-1.webp\" alt=\"\" width=\"899\" height=\"262\" \/><\/p>\n<h2><strong>Kompakt \u00f6nt\u0151henger szerkezeti diagram:<\/strong><\/h2>\n<p><img loading=\"lazy\" decoding=\"async\" class=\"alignnone size-full wp-image-323250\" src=\"https:\/\/hzpt.com\/wp-content\/uploads\/2023\/09\/mdc-compact-hydraulic-cylinder-4-1.webp\" alt=\"\" width=\"737\" height=\"808\" \/><\/p>\n<h2><strong>Dugatty\u00far\u00fad csatlakoz\u00e1si m\u00e9retdiagram:<\/strong><\/h2>\n<p><img loading=\"lazy\" decoding=\"async\" class=\"alignnone size-large wp-image-323239\" src=\"https:\/\/hzpt.com\/wp-content\/uploads\/2023\/09\/mdc-compact-hydraulic-cylinder-5-787x1024.webp\" alt=\"\" width=\"787\" height=\"1024\" \/><\/p>\n<h2><strong>Elektromos doboz csatj\u00e1nak helye, olajcsatlakoz\u00f3 helye \u00e9s eloszt\u00f3 kimenet helye:<\/strong><\/h2>\n<p><img loading=\"lazy\" decoding=\"async\" class=\"alignnone size-large wp-image-323241\" src=\"https:\/\/hzpt.com\/wp-content\/uploads\/2023\/09\/mdc-compact-hydraulic-cylinder-6-616x1024.webp\" alt=\"\" width=\"616\" height=\"1024\" \/><\/p>\n<h2><strong>40 MDC sorozat\u00fa kompakt \u00f6nt\u0151henger param\u00e9tere:<\/strong><\/h2>\n<p><img loading=\"lazy\" decoding=\"async\" class=\"alignnone size-large wp-image-323251\" src=\"https:\/\/hzpt.com\/wp-content\/uploads\/2023\/09\/mdc-compact-hydraulic-cylinder-8-1-941x1024.webp\" alt=\"\" width=\"941\" height=\"1024\" \/><\/p>\n<h2><strong>40 MDC sorozat\u00fa kompakt \u00f6nt\u0151henger <\/strong><strong>Felhaszn\u00e1l\u00e1si m\u00f3dszer<\/strong><strong>:<\/strong><\/h2>\n<ol>\n<li><strong>Szerel\u00e9s \u00e9s telep\u00edt\u00e9s:<\/strong>\n<ul>\n<li>Hat\u00e1rozza meg a 32 MDC sorozat\u00fa kompakt \u00f6nt\u0151hengerek megfelel\u0151 beszerel\u00e9si poz\u00edci\u00f3j\u00e1t a formaalkalmaz\u00e1s k\u00f6vetelm\u00e9nyeinek megfelel\u0151en.<\/li>\n<li>Gy\u0151z\u0151dj\u00f6n meg arr\u00f3l, hogy a henger szil\u00e1rdan van felszerelve, stabil \u00e9s szil\u00e1rd, hogy elker\u00fclje a rezg\u00e9st vagy az elmozdul\u00e1st m\u0171k\u00f6d\u00e9s k\u00f6zben.<\/li>\n<\/ul>\n<\/li>\n<li><strong>Csatlakoz\u00e1s a hidraulikus rendszerhez:<\/strong>\n<ul>\n<li>Csatlakoztassa a hidraulikus hengert a hidraulikus rendszerhez egy kompatibilis hidraulikus t\u00f6ml\u0151 vagy cs\u0151 seg\u00edts\u00e9g\u00e9vel.<\/li>\n<li>A sziv\u00e1rg\u00e1sok megel\u0151z\u00e9se \u00e9s az optim\u00e1lis teljes\u00edtm\u00e9ny biztos\u00edt\u00e1sa \u00e9rdek\u00e9ben \u00fcgyeljen a megfelel\u0151 illeszt\u00e9sre, a szoros csatlakoz\u00e1sokra \u00e9s a megfelel\u0151 szerelv\u00e9nyekre.<\/li>\n<\/ul>\n<\/li>\n<li><strong>Pen\u00e9szm\u0171velet:<\/strong>\n<ul>\n<li>Aktiv\u00e1lja a hidraulikus rendszert a 32 MDC sorozat\u00fa kompakt henger mozg\u00e1s\u00e1nak megkezd\u00e9s\u00e9hez.<\/li>\n<li>Haszn\u00e1ljon hidraulikus vez\u00e9rl\u0151rendszereket, p\u00e9ld\u00e1ul szelepeket vagy kapcsol\u00f3kat a forma pontos m\u0171k\u00f6d\u00e9s\u00e9nek vez\u00e9rl\u00e9s\u00e9hez, bele\u00e9rtve a nyit\u00e1st, z\u00e1r\u00e1st \u00e9s r\u00f6gz\u00edt\u00e9st.<\/li>\n<\/ul>\n<\/li>\n<\/ol>\n<h2><strong>Hogyan kell l\u00e9gtelen\u00edteni egy hidraulikus hengert egy d\u00f6mperen?<\/strong><\/h2>\n<p>A hidraulikus henger sz\u00e9tszerel\u00e9s\u00e9hez k\u00f6vesse az al\u00e1bbi \u00e1ltal\u00e1nos l\u00e9p\u00e9seket:<\/p>\n<ol>\n<li><strong>Biztons\u00e1gi \u00f3vint\u00e9zked\u00e9sek:<\/strong>\n<ul>\n<li>Ind\u00edt\u00e1s el\u0151tt gy\u0151z\u0151dj\u00f6n meg arr\u00f3l, hogy a hidraulikus rendszer nyom\u00e1smentes \u00e9s az \u00e1ramforr\u00e1s le van v\u00e1lasztva.<\/li>\n<li>Haszn\u00e1ljon megfelel\u0151 szem\u00e9lyi v\u00e9d\u0151felszerel\u00e9st, p\u00e9ld\u00e1ul keszty\u0171t \u00e9s v\u00e9d\u0151szem\u00fcveget, hogy megv\u00e9dje mag\u00e1t a lehets\u00e9ges vesz\u00e9lyekt\u0151l.<\/li>\n<\/ul>\n<\/li>\n<li><strong>Elhelyezked\u00e9s \u00e9s t\u00e1mogat\u00e1s:<\/strong>\n<ul>\n<li>Helyezze a hidraulikus hengert stabil munkafel\u00fcletre, \u00fcgyelve arra, hogy megfelel\u0151en al\u00e1 legyen t\u00e1masztva a v\u00e9letlen elmozdul\u00e1s vagy s\u00e9r\u00fcl\u00e9s elker\u00fcl\u00e9se \u00e9rdek\u00e9ben.<\/li>\n<\/ul>\n<\/li>\n<li><strong>K\u00fcls\u0151 alkatr\u00e9szek elt\u00e1vol\u00edt\u00e1sa:<\/strong>\n<ul>\n<li>V\u00e1lasszon le minden, a hengerhez csatlakoztatott k\u00fcls\u0151 alkatr\u00e9szt, p\u00e9ld\u00e1ul t\u00f6ml\u0151ket, szerelv\u00e9nyeket vagy r\u00f6gz\u00edt\u0151konzolokat.<\/li>\n<li>Haszn\u00e1ljon megfelel\u0151 szersz\u00e1mokat, p\u00e9ld\u00e1ul vill\u00e1skulcsot vagy fog\u00f3t ezen alkatr\u00e9szek \u00f3vatos meglaz\u00edt\u00e1s\u00e1hoz \u00e9s elt\u00e1vol\u00edt\u00e1s\u00e1hoz.<\/li>\n<\/ul>\n<\/li>\n<li><strong>Hidraulikafolyad\u00e9k leereszt\u00e9se:<\/strong>\n<ul>\n<li>Keresse meg a hengeren tal\u00e1lhat\u00f3 leereszt\u0151 csavart vagy szelepet, \u00e9s vegye ki, hogy a hidraulikafolyad\u00e9k egy megfelel\u0151 tart\u00e1lyba folyhasson.<\/li>\n<li>\u00dagy helyezze el a palackot, hogy az lehet\u0151v\u00e9 tegye a teljes leereszt\u00e9st.<\/li>\n<\/ul>\n<\/li>\n<li><strong>A z\u00e1r\u00f3kupakok sz\u00e9tszerel\u00e9se:<\/strong>\n<ul>\n<li>Azonos\u00edtsa a hidraulikus henger v\u00e9gz\u00e1r\u00f3it. Ezek \u00e1ltal\u00e1ban a hengercs\u0151 mindk\u00e9t v\u00e9g\u00e9n tal\u00e1lhat\u00f3k.<\/li>\n<li>T\u00e1vol\u00edtsa el a csavarokat, csavarany\u00e1kat vagy r\u00f6gz\u00edt\u0151ket, \u00e9s r\u00f6gz\u00edtse a v\u00e9gz\u00e1r\u00f3kat a megfelel\u0151 szersz\u00e1mokkal.<\/li>\n<li>Sz\u00fcks\u00e9g eset\u00e9n finoman kocogtassa meg a v\u00e9gz\u00e1r\u00f3 kupakokat egy gumikalap\u00e1ccsal, hogy felt\u00f6rje a t\u00f6m\u00edt\u00e9st vagy a ragaszt\u00f3k\u00f6t\u00e9st.<\/li>\n<\/ul>\n<\/li>\n<li><strong>K\u00fcl\u00f6n hengeralkatr\u00e9szek:<\/strong>\n<ul>\n<li>Miut\u00e1n elt\u00e1vol\u00edtotta a v\u00e9gsapk\u00e1kat, \u00f3vatosan h\u00fazza ki a dugatty\u00fat \u00e9s a dugatty\u00farudat a hengertestb\u0151l.<\/li>\n<li>K\u00e9rj\u00fck, figyeljen minden t\u00f6m\u00edt\u00e9sre, csap\u00e1gyra vagy perselyre, \u00e9s sz\u00fcks\u00e9g szerint t\u00e1vol\u00edtsa el azokat.<\/li>\n<li>A k\u00f6nnyebb \u00f6sszeszerel\u00e9s \u00e9rdek\u00e9ben jegyezze fel az alkatr\u00e9szek sorrendj\u00e9t \u00e9s ir\u00e1ny\u00e1t.<\/li>\n<\/ul>\n<\/li>\n<li><strong>Alkatr\u00e9szek ellen\u0151rz\u00e9se \u00e9s tiszt\u00edt\u00e1sa:<\/strong>\n<ul>\n<li>Vizsg\u00e1lja meg az \u00f6sszes sz\u00e9tszerelt alkatr\u00e9szt kop\u00e1s, s\u00e9r\u00fcl\u00e9s vagy szennyez\u0151d\u00e9s jelei szempontj\u00e1b\u00f3l.<\/li>\n<li>Tiszt\u00edtsa meg az \u00f6sszes alkatr\u00e9szt megfelel\u0151 old\u00f3szerrel vagy tiszt\u00edt\u00f3szerrel a szennyez\u0151d\u00e9sek, t\u00f6rmel\u00e9kek vagy r\u00e9gi ken\u0151anyag elt\u00e1vol\u00edt\u00e1s\u00e1hoz.<\/li>\n<li>Puha ronggyal vagy kef\u00e9vel tiszt\u00edtsa meg a fel\u00fcleteket \u00f3vatosan, an\u00e9lk\u00fcl, hogy k\u00e1ros\u00edtan\u00e1 azokat.<\/li>\n<\/ul>\n<\/li>\n<li><strong>Alkatr\u00e9szek cser\u00e9je vagy jav\u00edt\u00e1sa:<\/strong>\n<ul>\n<li>Ha b\u00e1rmelyik alkatr\u00e9sz jelent\u0151s kop\u00e1st vagy s\u00e9r\u00fcl\u00e9st mutat, fontolja meg azok \u00fajakra val\u00f3 cser\u00e9j\u00e9t.<\/li>\n<li>Jav\u00edtsa meg vagy \u00faj\u00edtsa fel az alkatr\u00e9szeket, p\u00e9ld\u00e1ul cser\u00e9lje ki a t\u00f6m\u00edt\u00e9seket vagy \u00faj\u00edtsa fel a dugatty\u00far\u00fadat.<\/li>\n<\/ul>\n<\/li>\n<li><strong>\u00dajb\u00f3li \u00f6sszeszerel\u00e9s:<\/strong>\n<ul>\n<li>A hidraulikus henger \u00f6sszeszerel\u00e9s\u00e9hez k\u00f6vesse a sz\u00e9tszerel\u00e9s ford\u00edtott sorrendj\u00e9t, \u00fcgyelve az alkatr\u00e9szek megfelel\u0151 illeszt\u00e9s\u00e9re \u00e9s t\u00e1jol\u00e1s\u00e1ra.<\/li>\n<li>\u00d6sszeszerel\u00e9skor kenje meg a megfelel\u0151 alkatr\u00e9szeket az aj\u00e1nlott hidraulikafolyad\u00e9kkal vagy ken\u0151anyaggal.<\/li>\n<li>H\u00fazza meg az \u00f6sszes r\u00f6gz\u00edt\u0151elemet a gy\u00e1rt\u00f3 el\u0151\u00edr\u00e1sai szerint, sz\u00fcks\u00e9g eset\u00e9n nyomat\u00e9kkulcsot haszn\u00e1lva.<\/li>\n<\/ul>\n<\/li>\n<li><strong>Vizsg\u00e1lat \u00e9s ellen\u0151rz\u00e9s:<\/strong><\/li>\n<\/ol>\n<ul>\n<li>Az \u00f6sszeszerel\u00e9s ut\u00e1n alaposan ellen\u0151rizze, hogy minden alkatr\u00e9sz megfelel\u0151en illeszkedik-e \u00e9s r\u00f6gz\u00edtve van-e.<\/li>\n<li>Ellen\u0151rz\u00f6tt m\u00f3don ellen\u0151rizze a hidraulikus henger m\u0171k\u00f6d\u00e9s\u00e9t, \u00e9s ellen\u0151rizze, hogy nincs-e sziv\u00e1rg\u00e1s vagy rendellenes m\u0171k\u00f6d\u00e9s.<\/li>\n<\/ul>\n<h2><strong>A gy\u00e1r kapacit\u00e1sa \u00e9s kapacit\u00e1sa:<\/strong><\/h2>\n<h3>(1) \u00d6sszeszerel\u00e9s<\/h3>\n<p>Els\u0151 oszt\u00e1ly\u00fa f\u00fcggetlen kutat\u00e1si \u00e9s fejleszt\u00e9si \u00f6sszeszerel\u00e9si platformmal rendelkez\u00fcnk. A hidraulikus hengergy\u00e1rt\u00f3 m\u0171hely n\u00e9gy f\u00e9lautomata emel\u0151henger-\u00f6sszeszerel\u0151 sorral \u00e9s egy automata billen\u0151henger-\u00f6sszeszerel\u0151 sorral rendelkezik, tervezett \u00e9ves gy\u00e1rt\u00e1si kapacit\u00e1sa 1 milli\u00f3 darab. A speci\u00e1lis henger m\u0171hely k\u00fcl\u00f6nb\u00f6z\u0151 specifik\u00e1ci\u00f3j\u00fa f\u00e9lautomata tiszt\u00edt\u00f3 \u00f6sszeszerel\u0151 rendszerrel van felszerelve, amelynek tervezett \u00e9ves termel\u00e9si kapacit\u00e1sa 200.000, \u00e9s h\u00edres CNC megmunk\u00e1l\u00f3 berendez\u00e9ssel, megmunk\u00e1l\u00f3 k\u00f6zponttal, nagy pontoss\u00e1g\u00fa hengerfeldolgoz\u00f3 speci\u00e1lis berendez\u00e9ssel, robothegeszt\u0151 g\u00e9ppel, automatikus tiszt\u00edt\u00f3g\u00e9ppel, automatikus henger \u00f6sszeszerel\u0151 g\u00e9ppel \u00e9s automatikus fest\u00e9si gy\u00e1rt\u00f3sorral van felszerelve. A megl\u00e9v\u0151 kritikus berendez\u00e9sek t\u00f6bb mint 300 k\u00e9szlet (k\u00e9szlet). A berendez\u00e9sek er\u0151forr\u00e1sainak optim\u00e1lis eloszt\u00e1sa \u00e9s hat\u00e9kony felhaszn\u00e1l\u00e1sa biztos\u00edtja a term\u00e9kek pontoss\u00e1gi k\u00f6vetelm\u00e9nyeit \u00e9s megfelel a term\u00e9kek min\u0151s\u00e9gi ig\u00e9nyeinek.<\/p>\n<p><img loading=\"lazy\" decoding=\"async\" class=\"alignnone wp-image-626\" src=\"https:\/\/hydraulic-cylinders.net\/wp-content\/uploads\/2023\/08\/hydraulic-cylinder-product-1-300x158.webp\" alt=\"\" width=\"495\" height=\"260\" srcset=\"https:\/\/hydraulic-cylinders.net\/wp-content\/uploads\/2023\/08\/hydraulic-cylinder-product-1-300x158.webp 495w, https:\/\/hydraulic-cylinders.net\/wp-content\/uploads\/2023\/08\/hydraulic-cylinder-product-1-480x252.webp 480w\" sizes=\"(min-width: 0px) and (max-width: 480px) 480px, (min-width: 481px) 495px, 100vw\" \/> <img loading=\"lazy\" decoding=\"async\" class=\"alignnone wp-image-627\" src=\"https:\/\/hydraulic-cylinders.net\/wp-content\/uploads\/2023\/08\/hydraulic-cylinder-product-2-300x189.webp\" alt=\"\" width=\"413\" height=\"260\" \/><\/p>\n<h3>(2) Megmunk\u00e1l\u00e1s<\/h3>\n<p>A megmunk\u00e1l\u00f3m\u0171hely egyedi, ferde s\u00edneszterg\u00e1l\u00f3 k\u00f6zponttal, megmunk\u00e1l\u00f3k\u00f6zponttal, nagysebess\u00e9g\u0171 h\u00f3nol\u00f3g\u00e9ppel, hegeszt\u0151robottal \u00e9s egy\u00e9b kapcsol\u00f3d\u00f3 berendez\u00e9sekkel van felszerelve, amelyek legfeljebb 400 mm bels\u0151 \u00e1tm\u00e9r\u0151j\u0171 \u00e9s legfeljebb 6 m\u00e9ter hossz\u00fa hengercs\u00f6vek megmunk\u00e1l\u00e1s\u00e1ra k\u00e9pesek.<\/p>\n<p><img loading=\"lazy\" decoding=\"async\" class=\"alignnone wp-image-628 size-large\" src=\"https:\/\/hydraulic-cylinders.net\/wp-content\/uploads\/2023\/08\/hydraulic-cylinder-product-3-1024x391.webp\" alt=\"\" width=\"1024\" height=\"391\" srcset=\"https:\/\/hydraulic-cylinders.net\/wp-content\/uploads\/2023\/08\/hydraulic-cylinder-product-3-980x374.webp 980w, https:\/\/hydraulic-cylinders.net\/wp-content\/uploads\/2023\/08\/hydraulic-cylinder-product-3-480x183.webp 480w\" sizes=\"(min-width: 0px) and (max-width: 480px) 480px, (min-width: 481px) and (max-width: 980px) 980px, (min-width: 981px) 1024px, 100vw\" \/><\/p>\n<h3>(3) Hegeszt\u00e9s<\/h3>\n<p><img loading=\"lazy\" decoding=\"async\" class=\"alignnone wp-image-629 size-large\" src=\"https:\/\/hydraulic-cylinders.net\/wp-content\/uploads\/2023\/08\/hydraulic-cylinder-product-4-1024x510.webp\" alt=\"\" width=\"1024\" height=\"510\" srcset=\"https:\/\/hydraulic-cylinders.net\/wp-content\/uploads\/2023\/08\/hydraulic-cylinder-product-4-980x488.webp 980w, https:\/\/hydraulic-cylinders.net\/wp-content\/uploads\/2023\/08\/hydraulic-cylinder-product-4-480x239.webp 480w\" sizes=\"(min-width: 0px) and (max-width: 480px) 480px, (min-width: 481px) and (max-width: 980px) 980px, (min-width: 981px) 1024px, 100vw\" \/><\/p>\n<h3>(4) Fest\u00e9s \u00e9s bevonatol\u00e1s<\/h3>\n<p>Kis \u00e9s k\u00f6zepes m\u00e9ret\u0171 hengeres automatikus v\u00edzb\u00e1zis\u00fa fest\u00e9kbevon\u00f3 sorokkal, az automatikus robot be- \u00e9s kirakod\u00e1s, valamint az automatikus permetez\u00e9s megval\u00f3s\u00edt\u00e1s\u00e1hoz, a tervez\u00e9si kapacit\u00e1s m\u0171szakonk\u00e9nt 4000 darab;<br \/>\nRendelkez\u00fcnk egy f\u00e9lautomata fest\u00e9kgy\u00e1rt\u00f3sorral is nagym\u00e9ret\u0171 palackokhoz, amelyet egy er\u0151\u00e1tviteli l\u00e1nc hajt, m\u0171szakonk\u00e9nt 60 doboz tervez\u00e9si kapacit\u00e1ssal.<\/p>\n<p><img loading=\"lazy\" decoding=\"async\" class=\"alignnone wp-image-630\" src=\"https:\/\/hydraulic-cylinders.net\/wp-content\/uploads\/2023\/08\/hydraulic-cylinder-product-5-300x213.webp\" alt=\"\" width=\"366\" height=\"260\" \/> <img loading=\"lazy\" decoding=\"async\" class=\"alignnone wp-image-631\" src=\"https:\/\/hydraulic-cylinders.net\/wp-content\/uploads\/2023\/08\/hydraulic-cylinder-product-6-300x225.webp\" alt=\"\" width=\"347\" height=\"260\" \/><\/p>\n<h3>(5) Tesztel\u00e9s<\/h3>\n<p>Els\u0151 oszt\u00e1ly\u00fa ellen\u0151rz\u0151 l\u00e9tes\u00edtm\u00e9nyekkel \u00e9s tesztpadokkal rendelkez\u00fcnk annak biztos\u00edt\u00e1s\u00e1ra, hogy a palack teljes\u00edtm\u00e9nye megfeleljen a k\u00f6vetelm\u00e9nyeknek.<\/p>\n<p><img loading=\"lazy\" decoding=\"async\" class=\"alignnone wp-image-632\" src=\"https:\/\/hydraulic-cylinders.net\/wp-content\/uploads\/2023\/08\/hydraulic-cylinder-product-8-300x200.webp\" alt=\"\" width=\"389\" height=\"260\" \/><\/p>\n<p>&nbsp;<\/p>\n<p>&nbsp;<\/p>\n<p>Mi vagyunk az egyik legjobb kompakt hidraulikus henger gy\u00e1rt\u00f3. \u00c1tfog\u00f3 kompakt hidraulikus henger k\u00e9szletet k\u00edn\u00e1lunk. Emellett megfelel\u0151 term\u00e9keket is biztos\u00edtunk. <a href=\"https:\/\/hzpt.com\/agricultural-pto-gearbox\/\" target=\"_blank\" rel=\"noopener\">mez\u0151gazdas\u00e1gi sebess\u00e9gv\u00e1lt\u00f3k<\/a>Term\u00e9keinket vil\u00e1gszerte export\u00e1ltuk \u00fcgyfeleinknek, \u00e9s kiv\u00e1l\u00f3 term\u00e9kmin\u0151s\u00e9g\u00fcnknek \u00e9s \u00e9rt\u00e9kes\u00edt\u00e9s ut\u00e1ni szolg\u00e1ltat\u00e1sunknak k\u00f6sz\u00f6nhet\u0151en j\u00f3 h\u00edrnevet szerezt\u00fcnk. Szeretettel v\u00e1rjuk belf\u00f6ldi \u00e9s k\u00fclf\u00f6ldi \u00fcgyfeleinket, hogy \u00fczleti t\u00e1rgyal\u00e1sok, inform\u00e1ci\u00f3csere \u00e9s egy\u00e9b lehet\u0151s\u00e9gek c\u00e9lj\u00e1b\u00f3l kapcsolatba l\u00e9pjenek vel\u00fcnk. <a href=\"https:\/\/www.hydraulic-cylinders.net\/hu\/contact-us\/\">egy\u00fcttm\u0171k\u00f6dni vel\u00fcnk<\/a>!<\/p>\n<h2><\/h2>","protected":false},"excerpt":{"rendered":"<p>40 MDC Series Compact Mold Cylinder The 40 MDC Series compact mold cylinder is an efficient and versatile hydraulic cylinder designed specifically for die applications. With its compact design, superior performance, and durable construction, this cylinder provides reliable and precise operation in a variety of industrial environments. Whether used in injection molding machines, die-casting equipment, [&hellip;]<\/p>","protected":false},"featured_media":1422,"comment_status":"open","ping_status":"closed","template":"","meta":{"_et_pb_use_builder":"","_et_pb_old_content":"","_et_gb_content_width":""},"product_brand":[],"product_cat":[1523,1549,1376],"product_tag":[1380],"class_list":{"0":"post-1419","1":"product","2":"type-product","3":"status-publish","4":"has-post-thumbnail","6":"product_cat-injection-molding-hydraulic-cylinders","7":"product_cat-single-acting-hydraulic-cylinder","8":"product_cat-hydraulic-cylinder","9":"product_tag-hydraulic-cylinder","11":"first","12":"instock","13":"shipping-taxable","14":"product-type-simple"},"amp_enabled":true,"_links":{"self":[{"href":"https:\/\/www.hydraulic-cylinders.net\/hu\/wp-json\/wp\/v2\/product\/1419","targetHints":{"allow":["GET"]}}],"collection":[{"href":"https:\/\/www.hydraulic-cylinders.net\/hu\/wp-json\/wp\/v2\/product"}],"about":[{"href":"https:\/\/www.hydraulic-cylinders.net\/hu\/wp-json\/wp\/v2\/types\/product"}],"replies":[{"embeddable":true,"href":"https:\/\/www.hydraulic-cylinders.net\/hu\/wp-json\/wp\/v2\/comments?post=1419"}],"wp:featuredmedia":[{"embeddable":true,"href":"https:\/\/www.hydraulic-cylinders.net\/hu\/wp-json\/wp\/v2\/media\/1422"}],"wp:attachment":[{"href":"https:\/\/www.hydraulic-cylinders.net\/hu\/wp-json\/wp\/v2\/media?parent=1419"}],"wp:term":[{"taxonomy":"product_brand","embeddable":true,"href":"https:\/\/www.hydraulic-cylinders.net\/hu\/wp-json\/wp\/v2\/product_brand?post=1419"},{"taxonomy":"product_cat","embeddable":true,"href":"https:\/\/www.hydraulic-cylinders.net\/hu\/wp-json\/wp\/v2\/product_cat?post=1419"},{"taxonomy":"product_tag","embeddable":true,"href":"https:\/\/www.hydraulic-cylinders.net\/hu\/wp-json\/wp\/v2\/product_tag?post=1419"}],"curies":[{"name":"munkaf\u00fczet","href":"https:\/\/api.w.org\/{rel}","templated":true}]}}