{"id":1431,"date":"2023-09-19T08:50:37","date_gmt":"2023-09-19T08:50:37","guid":{"rendered":"https:\/\/hydraulic-cylinders.net\/?post_type=product&#038;p=1431"},"modified":"2025-04-11T03:49:40","modified_gmt":"2025-04-11T03:49:40","slug":"50-100-double-acting-single-axis-flange-type-mdc-series-compact-mold-cylinder","status":"publish","type":"product","link":"https:\/\/www.hydraulic-cylinders.net\/hu\/termek\/50-100-double-acting-single-axis-flange-type-mdc-series-compact-mold-cylinder\/","title":{"rendered":"50-100 kett\u0151s m\u0171k\u00f6d\u00e9s\u0171, egytengelyes, karim\u00e1s MDC sorozat\u00fa kompakt \u00f6nt\u0151henger"},"content":{"rendered":"<h1 style=\"text-align: center;\"><strong>50-100 kett\u0151s m\u0171k\u00f6d\u00e9s\u0171, egytengelyes, karim\u00e1s MDC sorozat\u00fa kompakt \u00f6nt\u0151henger<\/strong><\/h1>\n<p>A kett\u0151s m\u0171k\u00f6d\u00e9s\u0171, egytengelyes, peremes MDC sorozat\u00fa kompakt \u00f6nt\u0151henger egy \u00e9lvonalbeli hidraulikus henger, amelyet kifejezetten \u00f6nt\u0151form\u00e1khoz terveztek. Kiv\u00e9teles tulajdons\u00e1gaival, megb\u00edzhat\u00f3 teljes\u00edtm\u00e9ny\u00e9vel \u00e9s kompakt kialak\u00edt\u00e1s\u00e1val ez a henger kiemelked\u0151 funkcionalit\u00e1st \u00e9s hat\u00e9konys\u00e1got k\u00edn\u00e1l k\u00fcl\u00f6nf\u00e9le ipari k\u00f6rnyezetben. Ak\u00e1r fr\u00f6ccs\u00f6nt\u0151 g\u00e9pekben, \u00f6nt\u0151berendez\u00e9sekben vagy m\u00e1s \u00f6nt\u0151form\u00e1kkal kapcsolatos alkalmaz\u00e1sokban haszn\u00e1lj\u00e1k, a kett\u0151s m\u0171k\u00f6d\u00e9s\u0171, egytengelyes, peremes MDC sorozat\u00fa kompakt \u00f6nt\u0151henger prec\u00edz vez\u00e9rl\u00e9st \u00e9s optim\u00e1lis termel\u00e9kenys\u00e9get biztos\u00edt.<\/p>\n<p>\u00b7 Az MDC egy kompakt hidraulikus henger (cx), amely elektromos dobozzal \u00e9s d\u00f6ng\u00f6l\u0151vel rendelkezik a forma neutronpoz\u00edci\u00f3j\u00e1nak pontos szab\u00e1lyoz\u00e1s\u00e1ra.<br \/>\n\u00b7 M\u0171anyag form\u00e1khoz alkalmas hidraulikus henger.<\/p>\n<p><img loading=\"lazy\" decoding=\"async\" class=\"wp-image-323506 aligncenter\" src=\"https:\/\/hzpt.com\/wp-content\/uploads\/2023\/09\/mdc-compact-hydraulic-cylinder-12.webp\" alt=\"\" width=\"400\" height=\"400\" \/><\/p>\n<h2><strong>Kompakt \u00f6nt\u0151henger modellle\u00edr\u00e1s:<\/strong><\/h2>\n<p><img loading=\"lazy\" decoding=\"async\" class=\"alignnone size-full wp-image-323234\" src=\"https:\/\/hzpt.com\/wp-content\/uploads\/2023\/09\/mdc-compact-hydraulic-cylinder-2.webp\" alt=\"\" width=\"966\" height=\"882\" \/><\/p>\n<h2><strong>Kompakt \u00f6nt\u0151henger jellemz\u0151 adatai:<\/strong><\/h2>\n<p><img loading=\"lazy\" decoding=\"async\" class=\"alignnone size-full wp-image-323236\" src=\"https:\/\/hzpt.com\/wp-content\/uploads\/2023\/09\/mdc-compact-hydraulic-cylinder-3-1.webp\" alt=\"\" width=\"899\" height=\"262\" \/><\/p>\n<h2><strong>Kompakt \u00f6nt\u0151henger szerkezeti diagram:<\/strong><\/h2>\n<p><img loading=\"lazy\" decoding=\"async\" class=\"alignnone size-full wp-image-323250\" src=\"https:\/\/hzpt.com\/wp-content\/uploads\/2023\/09\/mdc-compact-hydraulic-cylinder-4-1.webp\" alt=\"\" width=\"737\" height=\"808\" \/><\/p>\n<h2><strong>Dugatty\u00far\u00fad csatlakoz\u00e1si m\u00e9retdiagram:<\/strong><\/h2>\n<p><img loading=\"lazy\" decoding=\"async\" class=\"alignnone size-large wp-image-323239\" src=\"https:\/\/hzpt.com\/wp-content\/uploads\/2023\/09\/mdc-compact-hydraulic-cylinder-5-787x1024.webp\" alt=\"\" width=\"787\" height=\"1024\" \/><\/p>\n<h2><strong>Elektromos doboz csatj\u00e1nak helye, olajcsatlakoz\u00f3 helye \u00e9s eloszt\u00f3 kimenet helye:<\/strong><\/h2>\n<p><img loading=\"lazy\" decoding=\"async\" class=\"alignnone size-large wp-image-323241\" src=\"https:\/\/hzpt.com\/wp-content\/uploads\/2023\/09\/mdc-compact-hydraulic-cylinder-6-616x1024.webp\" alt=\"\" width=\"616\" height=\"1024\" \/><\/p>\n<h2><strong>50-100 50-100 Kett\u0151s m\u0171k\u00f6d\u00e9s\u0171, egytengelyes, peremes MDC sorozat\u00fa kompakt \u00f6nt\u0151henger:<\/strong><\/h2>\n<p><img loading=\"lazy\" decoding=\"async\" class=\"alignnone size-large wp-image-323277\" src=\"https:\/\/hzpt.com\/wp-content\/uploads\/2023\/09\/mdc-compact-hydraulic-cylinder-11-1-878x1024.webp\" alt=\"\" width=\"878\" height=\"1024\" \/><\/p>\n<h2><strong>Az 50-100 kett\u0151s m\u0171k\u00f6d\u00e9s\u0171, egytengelyes, karim\u00e1s MDC sorozat\u00fa kompakt \u00f6nt\u0151henger f\u0151bb jellemz\u0151i \u00e9s el\u0151nyei:<\/strong><\/h2>\n<ol>\n<li><strong>Kett\u0151s m\u0171k\u00f6d\u00e9s\u0171 kialak\u00edt\u00e1s:<\/strong><\/li>\n<\/ol>\n<ul>\n<li>A kett\u0151s m\u0171k\u00f6d\u00e9s\u0171, egytengelyes, peremes MDC sorozat\u00fa kompakt hengerek mindk\u00e9t ir\u00e1nyban m\u0171k\u00f6dnek, lehet\u0151v\u00e9 t\u00e9ve a k\u00e9tir\u00e1ny\u00fa mozg\u00e1st.<\/li>\n<li>Ez a kialak\u00edt\u00e1s hat\u00e9konyan \u00e9s pontosan szab\u00e1lyozhatja a forma nyit\u00e1si \u00e9s z\u00e1r\u00e1si m\u0171velet\u00e9t, \u00e9s jav\u00edthatja a m\u0171k\u00f6d\u00e9s rugalmass\u00e1g\u00e1t.<\/li>\n<\/ul>\n<ol start=\"2\">\n<li><strong>Egytengelyes konfigur\u00e1ci\u00f3:<\/strong><\/li>\n<\/ol>\n<ul>\n<li>Ez a henger egytengely\u0171 mozg\u00e1sra van tervezve, amely egyir\u00e1ny\u00fa line\u00e1ris mozg\u00e1st biztos\u00edt.<\/li>\n<li>Az egytengelyes konfigur\u00e1ci\u00f3 ide\u00e1lis a k\u00f6zvetlen \u00f6nt\u00e9si m\u0171veletet ig\u00e9nyl\u0151 alkalmaz\u00e1sokhoz, biztos\u00edtva az egyszer\u0171s\u00e9get \u00e9s a k\u00f6nny\u0171 haszn\u00e1latot.<\/li>\n<\/ul>\n<ol start=\"3\">\n<li><strong>Karim\u00e1s kivitel:<\/strong><\/li>\n<\/ol>\n<ul>\n<li>Az MDC sorozat\u00fa kompakt \u00f6nt\u0151hengerek karim\u00e1kkal vannak ell\u00e1tva a k\u00f6nny\u0171 telep\u00edt\u00e9s \u00e9s a \u00f6nt\u0151rendszerbe val\u00f3 integr\u00e1l\u00e1s \u00e9rdek\u00e9ben.<\/li>\n<li>A karim\u00e1k biztons\u00e1gos \u00e9s merev szerel\u00e9si csatlakoz\u00e1sokat biztos\u00edtanak a stabilit\u00e1s biztos\u00edt\u00e1sa \u00e9rdek\u00e9ben m\u0171k\u00f6d\u00e9s k\u00f6zben.<\/li>\n<\/ul>\n<ol start=\"4\">\n<li><strong>Kompakt \u00e9s helytakar\u00e9kos:<\/strong><\/li>\n<\/ol>\n<ul>\n<li>Az MDC sorozat\u00fa kompakt \u00f6nt\u0151hengerek kompakt kialak\u00edt\u00e1sa optimaliz\u00e1lja a form\u00e1z\u00f3rendszer helykihaszn\u00e1l\u00e1s\u00e1t korl\u00e1tozott szabad hely mellett.<\/li>\n<li>Helytakar\u00e9kos kialak\u00edt\u00e1s\u00e1nak k\u00f6sz\u00f6nhet\u0151en k\u00f6nnyen integr\u00e1lhat\u00f3 sz\u0171k helyekre, biztos\u00edtva a rendelkez\u00e9sre \u00e1ll\u00f3 munkater\u00fclet hat\u00e9kony kihaszn\u00e1l\u00e1s\u00e1t.<\/li>\n<\/ul>\n<h2><strong>Hogyan lehet l\u00e9gtelen\u00edteni egy hidraulikus hengert?<\/strong><\/h2>\n<p>A hidraulikus henger homlokrakod\u00f3r\u00f3l t\u00f6rt\u00e9n\u0151 elt\u00e1vol\u00edt\u00e1sa gondos el\u0151k\u00e9sz\u00edt\u00e9st \u00e9s kivitelez\u00e9st ig\u00e9nyel. \u00cdme egy l\u00e9p\u00e9sr\u0151l l\u00e9p\u00e9sre sz\u00f3l\u00f3 \u00fatmutat\u00f3, amely seg\u00edt a folyamatban:<\/p>\n<ol>\n<li><strong>Els\u0151 a biztons\u00e1g:<\/strong>\n<ul>\n<li>A munka megkezd\u00e9se el\u0151tt gy\u0151z\u0151dj\u00f6n meg arr\u00f3l, hogy a homlokrakod\u00f3 v\u00edzszintes fel\u00fcleten van parkolva, \u00e9s a motor ki van kapcsolva.<\/li>\n<li>H\u00fazza be a r\u00f6gz\u00edt\u0151f\u00e9ket, \u00e9s helyezzen ker\u00e9k\u00e9keket a h\u00e1ts\u00f3 kerekek m\u00f6g\u00e9 a v\u00e9letlen elmozdul\u00e1s megakad\u00e1lyoz\u00e1sa \u00e9rdek\u00e9ben.<\/li>\n<li>Viseljen megfelel\u0151 szem\u00e9lyi v\u00e9d\u0151felszerel\u00e9st (PPE), bele\u00e9rtve a keszty\u0171t \u00e9s a v\u00e9d\u0151szem\u00fcveget.<\/li>\n<\/ul>\n<\/li>\n<li><strong>A henger azonos\u00edt\u00e1sa:<\/strong>\n<ul>\n<li>Keresse meg a leszerelni k\u00edv\u00e1nt hidraulikus hengert. Ez a rakod\u00f3 hidraulikus rendszer\u00e9hez csatlakozik, \u00e9s meghat\u00e1rozott r\u00f6gz\u00edt\u00e9si pontokhoz van r\u00f6gz\u00edtve.<\/li>\n<\/ul>\n<\/li>\n<li><strong>Hidraulikus nyom\u00e1s cs\u00f6kkent\u00e9se:<\/strong>\n<ul>\n<li>A hirtelen mozg\u00e1sok \u00e9s a s\u00e9r\u00fcl\u00e9sek elker\u00fcl\u00e9se \u00e9rdek\u00e9ben a henger lev\u00e1laszt\u00e1sa el\u0151tt engedje ki a hidraulikus nyom\u00e1st a rendszerben.<\/li>\n<li>Ind\u00edtsa be a motort, \u00e9s a rakod\u00f3 hidraulikus kezel\u0151szerveinek seg\u00edts\u00e9g\u00e9vel mozgassa a v\u00f6dr\u00f6t vagy a tartoz\u00e9kot teljesen kiny\u00fajtott vagy felemelt helyzetbe.<\/li>\n<li>\u00c1ll\u00edtsa le a motort, \u00e9s engedje ki a marad\u00e9k nyom\u00e1st a hidraulikus vez\u00e9rl\u0151k n\u00e9h\u00e1nyszori m\u0171k\u00f6dtet\u00e9s\u00e9vel.<\/li>\n<\/ul>\n<\/li>\n<li><strong>Hidraulikus csatlakoz\u00e1sok lev\u00e1laszt\u00e1sa:<\/strong>\n<ul>\n<li>Keresse meg a hengerhez csatlakoztatott hidraulikus t\u00f6ml\u0151ket vagy vezet\u00e9keket. Ezeket \u00e1ltal\u00e1ban szerelv\u00e9nyekkel, csavarokkal vagy gyorscsatlakoz\u00f3kkal r\u00f6gz\u00edtik.<\/li>\n<li>\u00d3vatosan laz\u00edtsa meg \u00e9s v\u00e1lassza le a hidraulikus csatlakoz\u00e1sokat, sz\u00fcks\u00e9g eset\u00e9n megfelel\u0151 szersz\u00e1mokat haszn\u00e1lva.<\/li>\n<li>K\u00e9sz\u00fclj\u00f6n fel arra, hogy n\u00e9mi hidraulikafolyad\u00e9k sziv\u00e1roghat, ez\u00e9rt legyen k\u00e9zn\u00e9l egy gy\u0171jt\u0151ed\u00e9ny vagy nedvsz\u00edv\u00f3 anyag a ki\u00f6ml\u00e9s minimaliz\u00e1l\u00e1sa \u00e9rdek\u00e9ben.<\/li>\n<\/ul>\n<\/li>\n<li><strong>R\u00f6gz\u00edt\u0151elemek elt\u00e1vol\u00edt\u00e1sa:<\/strong>\n<ul>\n<li>Hat\u00e1rozza meg a henger r\u00f6gz\u00edt\u00e9si pontjait a rakod\u00f3 szerkezet\u00e9hez. Ezek lehetnek csapok, csavarok vagy konzolok.<\/li>\n<li>A megfelel\u0151 szersz\u00e1mok seg\u00edts\u00e9g\u00e9vel t\u00e1vol\u00edtsa el a hengert a rakod\u00f3hoz r\u00f6gz\u00edt\u0151 r\u00f6gz\u00edt\u0151csapokat vagy csavarokat.<\/li>\n<li>Tartsa nyilv\u00e1n a hardvert elt\u00e1vol\u00edt\u00e1s k\u00f6zben, \u00fcgyelve arra, hogy ne vesszen el \u00e9s ne vesszen el.<\/li>\n<\/ul>\n<\/li>\n<li><strong>A henger lev\u00e1laszt\u00e1sa:<\/strong>\n<ul>\n<li>Miut\u00e1n elt\u00e1vol\u00edtotta a hidraulikus csatlakoz\u00e1sokat \u00e9s a r\u00f6gz\u00edt\u0151elemeket, a hengernek most m\u00e1r szabadon lev\u00e1laszthat\u00f3nak kell lennie.<\/li>\n<li>\u00d3vatosan cs\u00fasztassa vagy mozgassa a hengert a felszerel\u00e9si hely\u00e9r\u0151l, \u00fcgyelve arra, hogy ne s\u00e9rtse meg a k\u00f6rnyez\u0151 alkatr\u00e9szeket vagy hidraulikavezet\u00e9keket.<\/li>\n<li>Haszn\u00e1ljon emel\u0151berendez\u00e9st vagy seg\u00edts\u00e9get a palack biztons\u00e1gos kezel\u00e9s\u00e9hez \u00e9s a rakod\u00f3r\u00f3l val\u00f3 elt\u00e1vol\u00edt\u00e1s\u00e1hoz.<\/li>\n<\/ul>\n<\/li>\n<li><strong>Megfelel\u0151 t\u00e1rol\u00e1s \u00e9s karbantart\u00e1s:<\/strong>\n<ul>\n<li>Miut\u00e1n a hengert elt\u00e1vol\u00edtotta, ellen\u0151rizze, hogy l\u00e1that\u00f3-e rajta s\u00e9r\u00fcl\u00e9s vagy kop\u00e1s. Sz\u00fcks\u00e9g eset\u00e9n cser\u00e9lje ki az elkopott t\u00f6m\u00edt\u00e9seket vagy alkatr\u00e9szeket.<\/li>\n<li>A hidraulikus hengert tiszta \u00e9s sz\u00e1raz helyen t\u00e1rolja, v\u00e9dve a port\u00f3l, nedvess\u00e9gt\u0151l \u00e9s sz\u00e9ls\u0151s\u00e9ges h\u0151m\u00e9rs\u00e9kletekt\u0151l.<\/li>\n<li>Ha a henger tov\u00e1bbi szervizel\u00e9st ig\u00e9nyel, olvassa el a gy\u00e1rt\u00f3 \u00fatmutat\u00e1sait, vagy k\u00e9rjen szakember seg\u00edts\u00e9g\u00e9t.<\/li>\n<\/ul>\n<\/li>\n<\/ol>\n<h2><strong>A gy\u00e1r kapacit\u00e1sa \u00e9s kapacit\u00e1sa:<\/strong><\/h2>\n<h3>(1) \u00d6sszeszerel\u00e9s<\/h3>\n<p>Els\u0151 oszt\u00e1ly\u00fa f\u00fcggetlen kutat\u00e1si \u00e9s fejleszt\u00e9si \u00f6sszeszerel\u00e9si platformmal rendelkez\u00fcnk. A hidraulikus hengergy\u00e1rt\u00f3 m\u0171hely n\u00e9gy f\u00e9lautomata emel\u0151henger-\u00f6sszeszerel\u0151 sorral \u00e9s egy automata billen\u0151henger-\u00f6sszeszerel\u0151 sorral rendelkezik, tervezett \u00e9ves gy\u00e1rt\u00e1si kapacit\u00e1sa 1 milli\u00f3 darab. A speci\u00e1lis henger m\u0171hely k\u00fcl\u00f6nb\u00f6z\u0151 specifik\u00e1ci\u00f3j\u00fa f\u00e9lautomata tiszt\u00edt\u00f3 \u00f6sszeszerel\u0151 rendszerrel van felszerelve, amelynek tervezett \u00e9ves termel\u00e9si kapacit\u00e1sa 200.000, \u00e9s h\u00edres CNC megmunk\u00e1l\u00f3 berendez\u00e9ssel, megmunk\u00e1l\u00f3 k\u00f6zponttal, nagy pontoss\u00e1g\u00fa hengerfeldolgoz\u00f3 speci\u00e1lis berendez\u00e9ssel, robothegeszt\u0151 g\u00e9ppel, automatikus tiszt\u00edt\u00f3g\u00e9ppel, automatikus henger \u00f6sszeszerel\u0151 g\u00e9ppel \u00e9s automatikus fest\u00e9si gy\u00e1rt\u00f3sorral van felszerelve. A megl\u00e9v\u0151 kritikus berendez\u00e9sek t\u00f6bb mint 300 k\u00e9szlet (k\u00e9szlet). A berendez\u00e9sek er\u0151forr\u00e1sainak optim\u00e1lis eloszt\u00e1sa \u00e9s hat\u00e9kony felhaszn\u00e1l\u00e1sa biztos\u00edtja a term\u00e9kek pontoss\u00e1gi k\u00f6vetelm\u00e9nyeit \u00e9s megfelel a term\u00e9kek min\u0151s\u00e9gi ig\u00e9nyeinek.<\/p>\n<p><img loading=\"lazy\" decoding=\"async\" class=\"alignnone wp-image-626\" src=\"https:\/\/hydraulic-cylinders.net\/wp-content\/uploads\/2023\/08\/hydraulic-cylinder-product-1-300x158.webp\" alt=\"\" width=\"495\" height=\"260\" srcset=\"https:\/\/hydraulic-cylinders.net\/wp-content\/uploads\/2023\/08\/hydraulic-cylinder-product-1-300x158.webp 495w, https:\/\/hydraulic-cylinders.net\/wp-content\/uploads\/2023\/08\/hydraulic-cylinder-product-1-480x252.webp 480w\" sizes=\"(min-width: 0px) and (max-width: 480px) 480px, (min-width: 481px) 495px, 100vw\" \/> <img loading=\"lazy\" decoding=\"async\" class=\"alignnone wp-image-627\" src=\"https:\/\/hydraulic-cylinders.net\/wp-content\/uploads\/2023\/08\/hydraulic-cylinder-product-2-300x189.webp\" alt=\"\" width=\"413\" height=\"260\" \/><\/p>\n<h3>(2) Megmunk\u00e1l\u00e1s<\/h3>\n<p>A megmunk\u00e1l\u00f3m\u0171hely egyedi, ferde s\u00edneszterg\u00e1l\u00f3 k\u00f6zponttal, megmunk\u00e1l\u00f3k\u00f6zponttal, nagysebess\u00e9g\u0171 h\u00f3nol\u00f3g\u00e9ppel, hegeszt\u0151robottal \u00e9s egy\u00e9b kapcsol\u00f3d\u00f3 berendez\u00e9sekkel van felszerelve, amelyek legfeljebb 400 mm bels\u0151 \u00e1tm\u00e9r\u0151j\u0171 \u00e9s legfeljebb 6 m\u00e9ter hossz\u00fa hengercs\u00f6vek megmunk\u00e1l\u00e1s\u00e1ra k\u00e9pesek.<\/p>\n<p><img loading=\"lazy\" decoding=\"async\" class=\"alignnone wp-image-628 size-large\" src=\"https:\/\/hydraulic-cylinders.net\/wp-content\/uploads\/2023\/08\/hydraulic-cylinder-product-3-1024x391.webp\" alt=\"\" width=\"1024\" height=\"391\" srcset=\"https:\/\/hydraulic-cylinders.net\/wp-content\/uploads\/2023\/08\/hydraulic-cylinder-product-3-980x374.webp 980w, https:\/\/hydraulic-cylinders.net\/wp-content\/uploads\/2023\/08\/hydraulic-cylinder-product-3-480x183.webp 480w\" sizes=\"(min-width: 0px) and (max-width: 480px) 480px, (min-width: 481px) and (max-width: 980px) 980px, (min-width: 981px) 1024px, 100vw\" \/><\/p>\n<h3>(3) Hegeszt\u00e9s<\/h3>\n<p><img loading=\"lazy\" decoding=\"async\" class=\"alignnone wp-image-629 size-large\" src=\"https:\/\/hydraulic-cylinders.net\/wp-content\/uploads\/2023\/08\/hydraulic-cylinder-product-4-1024x510.webp\" alt=\"\" width=\"1024\" height=\"510\" srcset=\"https:\/\/hydraulic-cylinders.net\/wp-content\/uploads\/2023\/08\/hydraulic-cylinder-product-4-980x488.webp 980w, https:\/\/hydraulic-cylinders.net\/wp-content\/uploads\/2023\/08\/hydraulic-cylinder-product-4-480x239.webp 480w\" sizes=\"(min-width: 0px) and (max-width: 480px) 480px, (min-width: 481px) and (max-width: 980px) 980px, (min-width: 981px) 1024px, 100vw\" \/><\/p>\n<h3>(4) Fest\u00e9s \u00e9s bevonatol\u00e1s<\/h3>\n<p>Kis \u00e9s k\u00f6zepes m\u00e9ret\u0171 hengeres automatikus v\u00edzb\u00e1zis\u00fa fest\u00e9kbevon\u00f3 sorokkal, az automatikus robot be- \u00e9s kirakod\u00e1s, valamint az automatikus permetez\u00e9s megval\u00f3s\u00edt\u00e1s\u00e1hoz, a tervez\u00e9si kapacit\u00e1s m\u0171szakonk\u00e9nt 4000 darab;<br \/>\nRendelkez\u00fcnk egy f\u00e9lautomata fest\u00e9kgy\u00e1rt\u00f3sorral is nagym\u00e9ret\u0171 palackokhoz, amelyet egy er\u0151\u00e1tviteli l\u00e1nc hajt, m\u0171szakonk\u00e9nt 60 doboz tervez\u00e9si kapacit\u00e1ssal.<\/p>\n<p><img loading=\"lazy\" decoding=\"async\" class=\"alignnone wp-image-630\" src=\"https:\/\/hydraulic-cylinders.net\/wp-content\/uploads\/2023\/08\/hydraulic-cylinder-product-5-300x213.webp\" alt=\"\" width=\"366\" height=\"260\" \/> <img loading=\"lazy\" decoding=\"async\" class=\"alignnone wp-image-631\" src=\"https:\/\/hydraulic-cylinders.net\/wp-content\/uploads\/2023\/08\/hydraulic-cylinder-product-6-300x225.webp\" alt=\"\" width=\"347\" height=\"260\" \/><\/p>\n<h3>(5) Tesztel\u00e9s<\/h3>\n<p>Els\u0151 oszt\u00e1ly\u00fa ellen\u0151rz\u0151 l\u00e9tes\u00edtm\u00e9nyekkel \u00e9s tesztpadokkal rendelkez\u00fcnk annak biztos\u00edt\u00e1s\u00e1ra, hogy a palack teljes\u00edtm\u00e9nye megfeleljen a k\u00f6vetelm\u00e9nyeknek.<\/p>\n<p><img loading=\"lazy\" decoding=\"async\" class=\"alignnone wp-image-632\" src=\"https:\/\/hydraulic-cylinders.net\/wp-content\/uploads\/2023\/08\/hydraulic-cylinder-product-8-300x200.webp\" alt=\"\" width=\"389\" height=\"260\" \/><\/p>\n<p>&nbsp;<\/p>\n<p>&nbsp;<\/p>\n<p>Mi vagyunk az egyik legjobb kompakt hidraulikus henger gy\u00e1rt\u00f3. \u00c1tfog\u00f3 kompakt hidraulikus henger k\u00e9szletet k\u00edn\u00e1lunk. Emellett megfelel\u0151 term\u00e9keket is biztos\u00edtunk. <a href=\"https:\/\/hzpt.com\/agricultural-pto-gearbox\/\" target=\"_blank\" rel=\"noopener\">mez\u0151gazdas\u00e1gi sebess\u00e9gv\u00e1lt\u00f3k<\/a>Term\u00e9keinket vil\u00e1gszerte export\u00e1ltuk \u00fcgyfeleinknek, \u00e9s kiv\u00e1l\u00f3 term\u00e9kmin\u0151s\u00e9g\u00fcnknek \u00e9s \u00e9rt\u00e9kes\u00edt\u00e9s ut\u00e1ni szolg\u00e1ltat\u00e1sunknak k\u00f6sz\u00f6nhet\u0151en j\u00f3 h\u00edrnevet szerezt\u00fcnk. Szeretettel v\u00e1rjuk belf\u00f6ldi \u00e9s k\u00fclf\u00f6ldi \u00fcgyfeleinket, hogy \u00fczleti t\u00e1rgyal\u00e1sok, inform\u00e1ci\u00f3csere \u00e9s egy\u00e9b lehet\u0151s\u00e9gek c\u00e9lj\u00e1b\u00f3l kapcsolatba l\u00e9pjenek vel\u00fcnk. <a href=\"https:\/\/www.hydraulic-cylinders.net\/hu\/contact-us\/\">egy\u00fcttm\u0171k\u00f6dni vel\u00fcnk<\/a>!<\/p>","protected":false},"excerpt":{"rendered":"<p>50-100 Double Acting Single Axis Flange Type MDC Series Compact Mold Cylinder The double acting single axis flange type MDC series compact mold cylinder is a cutting-edge hydraulic cylinder designed specifically for mold applications. With its exceptional features, reliable performance, and compact design, this cylinder offers outstanding functionality and efficiency in various industrial settings. Whether [&hellip;]<\/p>","protected":false},"featured_media":1433,"comment_status":"open","ping_status":"closed","template":"","meta":{"_et_pb_use_builder":"","_et_pb_old_content":"","_et_gb_content_width":""},"product_brand":[],"product_cat":[1376,1550,1523],"product_tag":[1394,1380],"class_list":{"0":"post-1431","1":"product","2":"type-product","3":"status-publish","4":"has-post-thumbnail","6":"product_cat-hydraulic-cylinder","7":"product_cat-double-acting-hydraulic-cylinder","8":"product_cat-injection-molding-hydraulic-cylinders","9":"product_tag-compact-mold-cylinder","10":"product_tag-hydraulic-cylinder","12":"first","13":"instock","14":"shipping-taxable","15":"product-type-simple"},"amp_enabled":true,"_links":{"self":[{"href":"https:\/\/www.hydraulic-cylinders.net\/hu\/wp-json\/wp\/v2\/product\/1431","targetHints":{"allow":["GET"]}}],"collection":[{"href":"https:\/\/www.hydraulic-cylinders.net\/hu\/wp-json\/wp\/v2\/product"}],"about":[{"href":"https:\/\/www.hydraulic-cylinders.net\/hu\/wp-json\/wp\/v2\/types\/product"}],"replies":[{"embeddable":true,"href":"https:\/\/www.hydraulic-cylinders.net\/hu\/wp-json\/wp\/v2\/comments?post=1431"}],"wp:featuredmedia":[{"embeddable":true,"href":"https:\/\/www.hydraulic-cylinders.net\/hu\/wp-json\/wp\/v2\/media\/1433"}],"wp:attachment":[{"href":"https:\/\/www.hydraulic-cylinders.net\/hu\/wp-json\/wp\/v2\/media?parent=1431"}],"wp:term":[{"taxonomy":"product_brand","embeddable":true,"href":"https:\/\/www.hydraulic-cylinders.net\/hu\/wp-json\/wp\/v2\/product_brand?post=1431"},{"taxonomy":"product_cat","embeddable":true,"href":"https:\/\/www.hydraulic-cylinders.net\/hu\/wp-json\/wp\/v2\/product_cat?post=1431"},{"taxonomy":"product_tag","embeddable":true,"href":"https:\/\/www.hydraulic-cylinders.net\/hu\/wp-json\/wp\/v2\/product_tag?post=1431"}],"curies":[{"name":"munkaf\u00fczet","href":"https:\/\/api.w.org\/{rel}","templated":true}]}}