{"id":14338,"date":"2024-12-12T08:36:55","date_gmt":"2024-12-12T08:36:55","guid":{"rendered":"https:\/\/www.hydraulic-cylinders.net\/product\/replacement-of-ahc24242-hydraulic-cylinder\/"},"modified":"2024-12-12T08:36:57","modified_gmt":"2024-12-12T08:36:57","slug":"replacement-of-ahc24242-hydraulic-cylinder","status":"publish","type":"product","link":"https:\/\/www.hydraulic-cylinders.net\/hu\/termek\/replacement-of-ahc24242-hydraulic-cylinder\/","title":{"rendered":"Az AHC24242 hidraulikus henger cser\u00e9je"},"content":{"rendered":"<h2>Bevezet\u00e9s<\/h2>\n<p>Az AHC24242 hidraulikus henger cser\u00e9je egy olyan hidraulikus henger, amelyet \u00e1ltal\u00e1ban a 7760 CP690 CP770 CS690 CS770 g\u00e9pekben haszn\u00e1lnak. A hidraulikus henger felel\u0151s a hidraulikus energia mechanikai er\u0151v\u00e9 alak\u00edt\u00e1s\u00e1\u00e9rt, ami lehet\u0151v\u00e9 teszi a g\u00e9p sz\u00e1m\u00e1ra, hogy k\u00fcl\u00f6nf\u00e9le funkci\u00f3kat hajtson v\u00e9gre. A hidraulikus henger s\u00falya 26,756 font, magass\u00e1ga 2,5 h\u00fcvelyk, sz\u00e9less\u00e9ge 4 h\u00fcvelyk \u00e9s hossza 42,4 h\u00fcvelyk.<\/p>\n<h2>Specifik\u00e1ci\u00f3k \u00e9s modellek<\/h2>\n<p>A hidraulikus henger a 7760 CP690 CP770 CS690 CS770 g\u00e9pekhez k\u00e9sz\u00fclt. S\u00falya 26,756 font, magass\u00e1ga 2,5 h\u00fcvelyk, sz\u00e9less\u00e9ge 4 h\u00fcvelyk \u00e9s hossza 42,4 h\u00fcvelyk. <\/p>\n<h2>Jellemz\u0151k<\/h2>\n<h3>Jav\u00edtott berendez\u00e9sek teljes\u00edtm\u00e9nye<\/h3>\n<p>Az AHC24242 hidraulikus henger cser\u00e9je jav\u00edthatja a g\u00e9p teljes\u00edtm\u00e9ny\u00e9t. A s\u00e9r\u00fclt vagy kopott hidraulikus henger cser\u00e9je vissza\u00e1ll\u00edthatja a g\u00e9p norm\u00e1l \u00fczemi k\u00e9pess\u00e9g\u00e9t, \u00e9s biztos\u00edthatja a teljes\u00edtm\u00e9ny\u00e9t sz\u00e1mos alkalmaz\u00e1sban.<\/p>\n<h3>Fokozott biztons\u00e1g<\/h3>\n<p>A hidraulikus hengerek rendszeres cser\u00e9je cs\u00f6kkentheti a hengermeghib\u00e1sod\u00e1sok okozta biztons\u00e1gi kock\u00e1zatokat, biztos\u00edtva mind a kezel\u0151k, mind a berendez\u00e9sek biztons\u00e1g\u00e1t.<\/p>\n<h3>T\u00falterhel\u00e9s elleni v\u00e9delem<\/h3>\n<p>Az \u00faj hengerek jellemz\u0151en jobb t\u00falterhel\u00e9sv\u00e9delmi mechanizmusokat tartalmaznak, ami n\u00f6veli a biztons\u00e1got.<\/p>\n<h3>Gyors telep\u00edt\u00e9s<\/h3>\n<p>A modern hidraulikus hengerek kialak\u00edt\u00e1sa \u00e1ltal\u00e1ban k\u00f6nnyen telep\u00edthet\u0151 \u00e9s cser\u00e9lhet\u0151, ami cs\u00f6kkenti az \u00e1ll\u00e1sid\u0151t.<\/p>\n<h3>Szabv\u00e1nyos\u00edtott alkatr\u00e9szek<\/h3>\n<p>Sok hidraulikus henger szabv\u00e1nyos\u00edtott term\u00e9k, \u00edgy k\u00f6nnyen beszerezhet\u0151k p\u00f3talkatr\u00e9szek a piacon.<\/p>\n<h2>Alkalmaz\u00e1sok<\/h2>\n<p>Az AHC24242 hidraulikus henger cser\u00e9j\u00e9t sz\u00e1mos alkalmaz\u00e1sban haszn\u00e1lj\u00e1k, bele\u00e9rtve:<\/p>\n<h3>Kotr\u00f3g\u00e9pek<\/h3>\n<p>A hidraulikus hengert kotr\u00f3g\u00e9pek g\u00e9mj\u00e9ben vagy kanal\u00e1ban haszn\u00e1lj\u00e1k. Hossz\u00fa t\u00e1v\u00fa haszn\u00e1lat vagy t\u00falterhel\u00e9s miatt megs\u00e9r\u00fclhet, \u00e9s a norm\u00e1l m\u0171k\u00f6d\u00e9s vissza\u00e1ll\u00edt\u00e1s\u00e1hoz ki kell cser\u00e9lni.<\/p>\n<h3>Daruk<\/h3>\n<p>A daru emel\u0151karj\u00e1ban l\u00e9v\u0151 hidraulikus henger kop\u00e1snak \u00e9s elhaszn\u00e1l\u00f3d\u00e1snak van kit\u00e9ve a gyakori emel\u00e9s \u00e9s s\u00fcllyeszt\u00e9s sor\u00e1n, ez\u00e9rt a biztons\u00e1g garant\u00e1l\u00e1sa \u00e9rdek\u00e9ben rendszeresen cser\u00e9lni kell.<\/p>\n<h3>Traktorok<\/h3>\n<p>A traktor homlokrakod\u00f3j\u00e1nak hidraulikus hengere sziv\u00e1roghat, vagy teljes\u00edtm\u00e9nye cs\u00f6kkenhet folyamatos emel\u00e9si \u00e9s billent\u00e9si m\u0171veletek sor\u00e1n, ami sz\u00fcks\u00e9gess\u00e9 teheti a cser\u00e9j\u00e9t.<\/p>\n<h3>Arat\u00f3g\u00e9pek<\/h3>\n<p>A betakar\u00edt\u00e1si folyamat sor\u00e1n a hidraulikus rendszer nagy nyom\u00e1snak van kit\u00e9ve, \u00e9s a hidraulikus henger a kif\u00e1rad\u00e1s miatt k\u00e1rosodhat, ez\u00e9rt a munka hat\u00e9konys\u00e1g\u00e1nak fenntart\u00e1sa \u00e9rdek\u00e9ben id\u0151ben cser\u00e9lni kell.<\/p>\n<h3>Automatiz\u00e1lt gy\u00e1rt\u00f3sorok<\/h3>\n<p>A hidraulikus hengereket robotkarok \u00e9s m\u00e1s automatiz\u00e1l\u00e1si berendez\u00e9sek vez\u00e9rl\u00e9s\u00e9re haszn\u00e1lj\u00e1k. Ha a henger meghib\u00e1sodik, az befoly\u00e1solhatja a termel\u00e9si hat\u00e9konys\u00e1got, \u00e9s azonnal ki kell cser\u00e9lni.<\/p>\n<h3>Pr\u00e9s\u00f6nt\u0151g\u00e9pek<\/h3>\n<p>A nyom\u00e1sos \u00f6nt\u0151g\u00e9pek hidraulikus hengerei nagy nyom\u00e1s\u00fa \u00e9s magas h\u0151m\u00e9rs\u00e9klet\u0171 k\u00f6rnyezetben cs\u00f6kkent teljes\u00edtm\u00e9nyt mutathatnak. A rendszeres csere biztos\u00edthatja a term\u00e9k min\u0151s\u00e9g\u00e9t.<\/p>\n<h3>B\u00e1ny\u00e1szati \u200b\u200bberendez\u00e9sek<\/h3>\n<p>A hidraulikus hengereket neh\u00e9z t\u00e1rgyak emel\u00e9s\u00e9re \u00e9s mozgat\u00e1s\u00e1ra haszn\u00e1lj\u00e1k b\u00e1ny\u00e1szati \u200b\u200bberendez\u00e9sekben. A zord munkak\u00f6rnyezet miatt rendszeres ellen\u0151rz\u00e9s \u00e9s csere sz\u00fcks\u00e9ges a berendez\u00e9sek meghib\u00e1sod\u00e1s\u00e1nak elker\u00fcl\u00e9se \u00e9rdek\u00e9ben.<\/p>\n<h3>Buld\u00f3zerek<\/h3>\n<p>A buld\u00f3zer tol\u00f3karj\u00e1ban l\u00e9v\u0151 hidraulikus henger kop\u00e1sa a tol\u00f3er\u0151 cs\u00f6kken\u00e9s\u00e9hez vezethet, ami a m\u0171k\u00f6d\u00e9si hat\u00e9konys\u00e1g fenntart\u00e1sa \u00e9rdek\u00e9ben id\u0151ben t\u00f6rt\u00e9n\u0151 cser\u00e9t ig\u00e9nyel.<\/p>\n<h2>Karbantart\u00e1s<\/h2>\n<p>A hidraulikus henger gyakori karbantart\u00e1si feladatai a k\u00f6vetkez\u0151k:<\/p>\n<h3>Rendszeres ellen\u0151rz\u00e9s<\/h3>\n<p>Rendszeresen ellen\u0151rizze a hidraulikus hengert kop\u00e1s \u00e9s s\u00e9r\u00fcl\u00e9s jelei szempontj\u00e1b\u00f3l.<\/p>\n<h3>Megfelel\u0151 ken\u00e9s<\/h3>\n<p>Haszn\u00e1ljon megfelel\u0151 ken\u0151anyagot a henger optim\u00e1lis teljes\u00edtm\u00e9ny\u00e9nek biztos\u00edt\u00e1s\u00e1hoz.<\/p>\n<h3>T\u00f6m\u00edt\u00e9s csere<\/h3>\n<p>A sziv\u00e1rg\u00e1sok megel\u0151z\u00e9se \u00e9rdek\u00e9ben cser\u00e9lje ki a kopott vagy s\u00e9r\u00fclt t\u00f6m\u00edt\u00e9seket.<\/p>\n<h2>Biztons\u00e1gi szempontok \u00e9s k\u00f6rnyezeti t\u00e9nyez\u0151k<\/h2>\n<p>Hidraulikus hengerek haszn\u00e1latakor a biztons\u00e1gi \u00f3vint\u00e9zked\u00e9sek elengedhetetlenek a balesetek megel\u0151z\u00e9se \u00e9rdek\u00e9ben. Hidraulikus hengerek haszn\u00e1latakor mindig tartsa be a megfelel\u0151 biztons\u00e1gi elj\u00e1r\u00e1sokat.<\/p>\n<h2>Hibaelh\u00e1r\u00edt\u00e1s \u00e9s gyakori probl\u00e9m\u00e1k<\/h2>\n<p>A hidraulikus hengerekkel kapcsolatos gyakori probl\u00e9m\u00e1k a k\u00f6vetkez\u0151k:<\/p>\n<h3>Sziv\u00e1rg\u00e1s<\/h3>\n<p>A henger sziv\u00e1roghat a kopott vagy s\u00e9r\u00fclt t\u00f6m\u00edt\u00e9sek miatt. Cser\u00e9lje ki a t\u00f6m\u00edt\u00e9seket a tov\u00e1bbi sziv\u00e1rg\u00e1s megel\u0151z\u00e9se \u00e9rdek\u00e9ben.<\/p>\n<h3>Lass\u00fa v\u00e1laszid\u0151<\/h3>\n<p>A henger lass\u00fa reakci\u00f3idej\u00e9t a nem megfelel\u0151 ken\u00e9s okozhatja. Kenje meg megfelel\u0151en a hengert a teljes\u00edtm\u00e9ny\u00e9nek jav\u00edt\u00e1sa \u00e9rdek\u00e9ben.<\/p>\n<h3>T\u00falzott zaj<\/h3>\n<p>A henger t\u00falzott zajt adhat ki kopott vagy s\u00e9r\u00fclt alkatr\u00e9szek miatt. Vizsg\u00e1lja meg \u00e9s cser\u00e9lje ki a kopott vagy s\u00e9r\u00fclt alkatr\u00e9szeket.<\/p>\n<h2>Tervez\u00e9si szempontok \u00e9s kiv\u00e1laszt\u00e1si krit\u00e9riumok<\/h2>\n<h3>Teherb\u00edr\u00e1s<\/h3>\n<p>A hidraulikus hengert \u00fagy kell megtervezni, hogy elb\u00edrja a g\u00e9p teherb\u00edr\u00e1s\u00e1t.<\/p>\n<h3>T\u00f6m\u00edt\u00e9s<\/h3>\n<p>A hengernek megfelel\u0151 t\u00f6m\u00edt\u00e9sekkel kell rendelkeznie a sziv\u00e1rg\u00e1sok megakad\u00e1lyoz\u00e1sa \u00e9rdek\u00e9ben.<\/p>\n<h3>Tart\u00f3ss\u00e1g<\/h3>\n<p>A hidraulikus hengernek tart\u00f3s anyagokb\u00f3l kell k\u00e9sz\u00fclnie, hogy ellen\u00e1lljon a kop\u00e1snak \u00e9s a szakad\u00e1snak.<\/p>\n<h3>Biztons\u00e1g<\/h3>\n<p>A hidraulikus hengernek olyan mechanizmusokkal kell rendelkeznie, amelyek megakad\u00e1lyozz\u00e1k a t\u00falterhel\u00e9st \u00e9s egy\u00e9b biztons\u00e1gi vesz\u00e9lyeket.<\/p>\n<h3>Karbantarthat\u00f3s\u00e1g<\/h3>\n<p>A hidraulikus hengernek k\u00f6nnyen karbantarthat\u00f3nak \u00e9s jav\u00edthat\u00f3nak kell lennie, cs\u00f6kkentve az \u00e1ll\u00e1sid\u0151t.<\/p>\n<h2>C\u00e9gbemutat\u00f3<\/h2>\n<p>Hidraulikus munkahengerek gy\u00e1rt\u00f3jak\u00e9nt teljes term\u00e9k- \u00e9s szolg\u00e1ltat\u00e1sk\u00edn\u00e1latot k\u00edn\u00e1lunk, \u00edgy a hazai \u00e9s nemzetk\u00f6zi piacok egyik vezet\u0151 hidraulikus munkahenger gy\u00e1rt\u00f3j\u00e1v\u00e1 \u00e9s nagykereskedelmi forgalmaz\u00f3j\u00e1v\u00e1 v\u00e1lhatunk.<\/p>\n<h3>Szakmaiass\u00e1g<\/h3>\n<p>Tapasztalt m\u00e9rn\u00f6k\u00f6kb\u0151l \u00e9s technikusokb\u00f3l \u00e1ll\u00f3 csapatunk hidraulikus hengerek tervez\u00e9s\u00e9re \u00e9s gy\u00e1rt\u00e1s\u00e1ra specializ\u00e1l\u00f3dott.<\/p>\n<h3>Nemzetk\u00f6zi tan\u00fas\u00edtv\u00e1nyok<\/h3>\n<p>Term\u00e9keink nemzetk\u00f6zi tan\u00fas\u00edtv\u00e1nnyal rendelkeznek, hogy megfeleljenek a legmagasabb ipar\u00e1gi szabv\u00e1nyoknak \u00e9s el\u0151\u00edr\u00e1soknak.<\/p>\n<h3>Testreszab\u00e1si szolg\u00e1ltat\u00e1sok<\/h3>\n<p>Testreszabott megold\u00e1sokat k\u00edn\u00e1lunk \u00fcgyfeleink egyedi ig\u00e9nyeinek kiel\u00e9g\u00edt\u00e9s\u00e9re.<\/p>\n<h3>Termel\u00e9si berendez\u00e9sek<\/h3>\n<p>Korszer\u0171 gy\u00e1rt\u00f3berendez\u00e9sekkel rendelkez\u00fcnk term\u00e9keink min\u0151s\u00e9g\u00e9nek biztos\u00edt\u00e1sa \u00e9rdek\u00e9ben.<\/p>\n<h3>\u00c9rt\u00e9kes\u00edt\u00e9s ut\u00e1ni szolg\u00e1ltat\u00e1s<\/h3>\n<p>\u00c9rt\u00e9kes\u00edt\u00e9s ut\u00e1ni szolg\u00e1ltat\u00e1st \u00e9s t\u00e1mogat\u00e1st ny\u00fajtunk az \u00fcgyfelek el\u00e9gedetts\u00e9g\u00e9nek biztos\u00edt\u00e1sa \u00e9rdek\u00e9ben.<\/p>\n<p><img decoding=\"async\" src=\"https:\/\/www.hydraulic-cylinders.net\/wp-content\/uploads\/2024\/12\/hydraulic-cylinder-factory.webp\" alt=\"Hidraulikus henger gy\u00e1ri k\u00e9pe\" \/><\/p>\n<p>Szerz\u0151: lyl<\/p>","protected":false},"excerpt":{"rendered":"<p>Introduction The Replacement Of AHC24242 Hydraulic Cylinder is a hydraulic cylinder that is commonly used in 7760 CP690 CP770 CS690 CS770 machines. The hydraulic cylinder is responsible for converting hydraulic energy into mechanical force, which allows the machine to perform a variety of functions. The hydraulic cylinder has a weight of 26.756 lb, height of [&hellip;]<\/p>","protected":false},"featured_media":11871,"comment_status":"open","ping_status":"closed","template":"","meta":{"_et_pb_use_builder":"","_et_pb_old_content":"","_et_gb_content_width":""},"product_brand":[],"product_cat":[1489],"product_tag":[1380,1490,1491],"class_list":{"0":"post-14338","1":"product","2":"type-product","3":"status-publish","4":"has-post-thumbnail","6":"product_cat-replacement-of-john-deere-hydraulic-cylinder","7":"product_tag-hydraulic-cylinder","8":"product_tag-replacement-of-hydraulic-cylinder","9":"product_tag-replacemet-of-john-deere-hydraulic-cylinder","11":"first","12":"instock","13":"shipping-taxable","14":"product-type-simple"},"amp_enabled":true,"_links":{"self":[{"href":"https:\/\/www.hydraulic-cylinders.net\/hu\/wp-json\/wp\/v2\/product\/14338","targetHints":{"allow":["GET"]}}],"collection":[{"href":"https:\/\/www.hydraulic-cylinders.net\/hu\/wp-json\/wp\/v2\/product"}],"about":[{"href":"https:\/\/www.hydraulic-cylinders.net\/hu\/wp-json\/wp\/v2\/types\/product"}],"replies":[{"embeddable":true,"href":"https:\/\/www.hydraulic-cylinders.net\/hu\/wp-json\/wp\/v2\/comments?post=14338"}],"wp:featuredmedia":[{"embeddable":true,"href":"https:\/\/www.hydraulic-cylinders.net\/hu\/wp-json\/wp\/v2\/media\/11871"}],"wp:attachment":[{"href":"https:\/\/www.hydraulic-cylinders.net\/hu\/wp-json\/wp\/v2\/media?parent=14338"}],"wp:term":[{"taxonomy":"product_brand","embeddable":true,"href":"https:\/\/www.hydraulic-cylinders.net\/hu\/wp-json\/wp\/v2\/product_brand?post=14338"},{"taxonomy":"product_cat","embeddable":true,"href":"https:\/\/www.hydraulic-cylinders.net\/hu\/wp-json\/wp\/v2\/product_cat?post=14338"},{"taxonomy":"product_tag","embeddable":true,"href":"https:\/\/www.hydraulic-cylinders.net\/hu\/wp-json\/wp\/v2\/product_tag?post=14338"}],"curies":[{"name":"munkaf\u00fczet","href":"https:\/\/api.w.org\/{rel}","templated":true}]}}