{"id":14702,"date":"2025-01-18T08:02:05","date_gmt":"2025-01-18T08:02:05","guid":{"rendered":"https:\/\/www.hydraulic-cylinders.net\/product\/replacement-of-an303860-hydraulic-cylinder-3\/"},"modified":"2025-01-18T08:02:07","modified_gmt":"2025-01-18T08:02:07","slug":"replacement-of-an303860-hydraulic-cylinder-3","status":"publish","type":"product","link":"https:\/\/www.hydraulic-cylinders.net\/hu\/termek\/replacement-of-an303860-hydraulic-cylinder-3\/","title":{"rendered":"AN303860 hidraulikus henger cser\u00e9je"},"content":{"rendered":"<h2>AN303860 hidraulikus henger cser\u00e9je<\/h2>\n<p>Az AN303860 hidraulikus henger cser\u00e9je kulcsfontoss\u00e1g\u00fa alkatr\u00e9sz, amelyet k\u00fcl\u00f6nf\u00e9le hidraulikus rendszerekben haszn\u00e1lnak. \u00dagy tervezt\u00e9k, hogy hat\u00e9kony \u00e9s megb\u00edzhat\u00f3 er\u0151\u00e1tvitelt biztos\u00edtson, lehet\u0151v\u00e9 t\u00e9ve a z\u00f6kken\u0151mentes m\u0171k\u00f6d\u00e9st nagy ig\u00e9nybev\u00e9tel\u0171 alkalmaz\u00e1sokban.<\/p>\n<h3>Specifik\u00e1ci\u00f3k<\/h3>\n<ul>\n<li>Term\u00e9kmodell: 5430I<\/li>\n<\/ul>\n<h3>Term\u00e9kjellemz\u0151k<\/h3>\n<ul>\n<li>Nagy teherb\u00edr\u00e1s<\/li>\n<li>Kiv\u00e1l\u00f3 t\u00f6m\u00edt\u0151 tulajdons\u00e1gok<\/li>\n<li>Hossz\u00fa t\u00e1v\u00fa tart\u00f3ss\u00e1g<\/li>\n<li>Garant\u00e1lt biztons\u00e1g<\/li>\n<li>K\u00f6nny\u0171 karbantart\u00e1s<\/li>\n<\/ul>\n<p>Hidraulikus hengereink k\u00e9pesek z\u00f6kken\u0151mentesen helyettes\u00edteni a piacon kaphat\u00f3 sz\u00e1mos m\u00e1s hidraulikus hengert. \u00cdme n\u00e9h\u00e1ny gyakori alkalmaz\u00e1s, ahol term\u00e9k\u00fcnk kiemelked\u0151:<\/p>\n<h3>\u00c9p\u00edt\u00e9s<\/h3>\n<p>Az AN303860 hidraulikus henger cser\u00e9j\u00e9t gyakran haszn\u00e1lj\u00e1k \u00e9p\u00edt\u0151ipari berendez\u00e9sekben, p\u00e9ld\u00e1ul darukban, emel\u0151kben \u00e9s felvon\u00f3kban, ahol neh\u00e9z t\u00e1rgyak biztons\u00e1gos \u00e9s stabil r\u00f6gz\u00edt\u00e9s\u00e9re van sz\u00fcks\u00e9g.<\/p>\n<h3>Gy\u00e1rt\u00e1s<\/h3>\n<p>Ezeket a hidraulikus hengereket pr\u00e9sg\u00e9pekben haszn\u00e1lj\u00e1k olyan anyagmegmunk\u00e1l\u00f3 folyamatokhoz, amelyek nagy nyom\u00e1st \u00e9s megb\u00edzhat\u00f3 r\u00f6gz\u00edt\u00e9st ig\u00e9nyelnek a megmunk\u00e1l\u00e1s sor\u00e1n.<\/p>\n<h3>Sz\u00e1ll\u00edt\u00e1s<\/h3>\n<p>J\u00e1rm\u0171vek stabiliz\u00e1toraiban \u00e9s emel\u0151iben is haszn\u00e1lj\u00e1k \u0151ket, biztos\u00edtva a biztons\u00e1got karbantart\u00e1s vagy sz\u00e1ll\u00edt\u00e1s k\u00f6zben.<\/p>\n<h3>Rep\u00fcl\u00e9s<\/h3>\n<p>Az AN303860 hidraulikus henger cser\u00e9je a rep\u00fcl\u0151g\u00e9pek fut\u00f3m\u0171rendszer\u00e9nek alapvet\u0151 eleme, amely biztons\u00e1gosan r\u00f6gz\u00edti a fut\u00f3m\u0171vet a megfelel\u0151 helyzetben felsz\u00e1ll\u00e1s \u00e9s lesz\u00e1ll\u00e1s k\u00f6zben.<\/p>\n<h2>Tervez\u00e9si szempontok \u00e9s kiv\u00e1laszt\u00e1si krit\u00e9riumok<\/h2>\n<p>A hidraulikus hengerek tervez\u00e9s\u00e9n\u00e9l \u00e9s kiv\u00e1laszt\u00e1s\u00e1n\u00e1l sz\u00e1mos kulcsfontoss\u00e1g\u00fa t\u00e9nyez\u0151t kell figyelembe venni:<\/p>\n<h3>Teherb\u00edr\u00e1s<\/h3>\n<p>A hidraulikus hengernek k\u00e9pesnek kell lennie arra, hogy ellen\u00e1lljon a sz\u00fcks\u00e9ges er\u0151knek \u00e9s terhel\u00e9seknek an\u00e9lk\u00fcl, hogy vesz\u00e9lyeztetn\u00e9 a szerkezeti integrit\u00e1s\u00e1t.<\/p>\n<h3>T\u00f6m\u00edt\u0151 tulajdons\u00e1gok<\/h3>\n<p>Hat\u00e9kony t\u00f6m\u00edt\u00e9seket, p\u00e9ld\u00e1ul kop\u00e1s\u00e1ll\u00f3 anyagokb\u00f3l, p\u00e9ld\u00e1ul poliuret\u00e1nb\u00f3l \u00e9s nitrilgumib\u00f3l k\u00e9sz\u00fclt dugatty\u00fat\u00f6m\u00edt\u00e9seket \u00e9s r\u00fadt\u00f6m\u00edt\u00e9seket haszn\u00e1lnak a folyad\u00e9ksziv\u00e1rg\u00e1s megakad\u00e1lyoz\u00e1s\u00e1ra \u00e9s az optim\u00e1lis teljes\u00edtm\u00e9ny biztos\u00edt\u00e1s\u00e1ra.<\/p>\n<h3>Tart\u00f3ss\u00e1g<\/h3>\n<p>A hengertest \u00e9s a menetes v\u00e9gek finom megmunk\u00e1l\u00e1son esnek \u00e1t a kop\u00e1s\u00e1ll\u00f3s\u00e1g \u00e9s az \u00e1ltal\u00e1nos tart\u00f3ss\u00e1g n\u00f6vel\u00e9se \u00e9rdek\u00e9ben. A megfelel\u0151 hidraulikaolajjal t\u00f6rt\u00e9n\u0151 rendszeres ken\u00e9s sz\u00fcks\u00e9ges a z\u00f6kken\u0151mentes m\u0171k\u00f6d\u00e9s fenntart\u00e1s\u00e1hoz.<\/p>\n<h2>Id\u0151szakos ellen\u0151rz\u00e9s \u00e9s megel\u0151z\u0151 karbantart\u00e1s<\/h2>\n<p>A hidraulikus henger hossz\u00fa \u00e9lettartam\u00e1nak biztos\u00edt\u00e1sa \u00e9rdek\u00e9ben elengedhetetlen a rendszeres ellen\u0151rz\u00e9s \u00e9s a megel\u0151z\u0151 karbantart\u00e1s. \u00cdme n\u00e9h\u00e1ny aj\u00e1nlott int\u00e9zked\u00e9s:<\/p>\n<h3>Telep\u00edt\u00e9si \u00fatmutat\u00f3<\/h3>\n<p>A hidraulikus henger optim\u00e1lis m\u0171k\u00f6d\u00e9s\u00e9hez elengedhetetlen a megfelel\u0151 telep\u00edt\u00e9s. Javasoljuk, hogy megfelel\u0151 r\u00f6gz\u00edt\u0151konzolokat haszn\u00e1ljon a henger r\u00f6gz\u00edt\u00e9s\u00e9hez \u00e9s a be\u00e1ll\u00edt\u00e1shoz.<\/p>\n<h3>Karbantart\u00e1si feladatok<\/h3>\n<ul>\n<li>Rendszeres ellen\u0151rz\u00e9s<\/li>\n<li>Megfelel\u0151 ken\u00e9s<\/li>\n<li>T\u00f6m\u00edt\u00e9s csere<\/li>\n<li>Kalibr\u00e1ci\u00f3s ellen\u0151rz\u00e9sek<\/li>\n<\/ul>\n<p>A megfelel\u0151 telep\u00edt\u00e9si, ken\u00e9si \u00e9s be\u00e1ll\u00edt\u00e1si elj\u00e1r\u00e1sok betart\u00e1sa rendk\u00edv\u00fcl fontos. Ezenk\u00edv\u00fcl a gyakori probl\u00e9m\u00e1k diagnosztiz\u00e1l\u00e1s\u00e1ra \u00e9s elh\u00e1r\u00edt\u00e1s\u00e1ra vonatkoz\u00f3 tippek nagyban seg\u00edthetik az olvas\u00f3kat a probl\u00e9m\u00e1k hat\u00e9kony megold\u00e1s\u00e1ban.<\/p>\n<h2>Biztons\u00e1gi szempontok \u00e9s k\u00f6rnyezeti t\u00e9nyez\u0151k<\/h2>\n<p>Hidraulikus hengerekkel v\u00e9gzett munka sor\u00e1n elengedhetetlen a biztons\u00e1gi int\u00e9zked\u00e9sek priorit\u00e1sa a balesetek megel\u0151z\u00e9se \u00e9s a biztons\u00e1gos munkak\u00f6rnyezet biztos\u00edt\u00e1sa \u00e9rdek\u00e9ben. Az AN303860 hidraulikus henger cser\u00e9j\u00e9nek haszn\u00e1latakor be kell tartani a biztons\u00e1gi \u00f3vint\u00e9zked\u00e9seket a s\u00e9r\u00fcl\u00e9sek vagy a berendez\u00e9s k\u00e1rosod\u00e1s\u00e1nak kock\u00e1zat\u00e1nak minimaliz\u00e1l\u00e1sa \u00e9rdek\u00e9ben.<\/p>\n<h2>Hibadiagn\u00f3zis \u00e9s gyakori probl\u00e9m\u00e1k<\/h2>\n<p>Megb\u00edzhat\u00f3 teljes\u00edtm\u00e9nye ellen\u00e9re a hidraulikus henger bizonyos hib\u00e1kkal vagy probl\u00e9m\u00e1kkal szembes\u00fclhet. \u00cdme n\u00e9h\u00e1ny gyakori probl\u00e9ma a hidraulikus hengerekkel kapcsolatban:<\/p>\n<h3>Hibakezel\u00e9s \u00e9s hibaelh\u00e1r\u00edt\u00e1s<\/h3>\n<p>A hibaelh\u00e1r\u00edt\u00e1si tippek \u00e9s megold\u00e1sok seg\u00edtenek az olvas\u00f3knak hat\u00e9konyan diagnosztiz\u00e1lni \u00e9s megoldani a probl\u00e9m\u00e1kat. Tov\u00e1bb\u00e1, a megel\u0151z\u0151 int\u00e9zked\u00e9sek javaslata minimaliz\u00e1lhatja a lehets\u00e9ges probl\u00e9m\u00e1kat \u00e9s jav\u00edthatja a hidraulikus henger \u00e9lettartam\u00e1t.<\/p>\n<p><img decoding=\"async\" src=\"https:\/\/www.hydraulic-cylinders.net\/wp-content\/uploads\/2024\/12\/Replacement-Of-John-Deere-Hydraulic-Cylinder-8.webp\" alt=\"Hidraulikus henger k\u00e9pe\"><\/p>\n<h2>C\u00e9g\u00fcnkr\u0151l<\/h2>\n<p>C\u00e9g\u00fcnk a hidraulikus munkahengerek vezet\u0151 gy\u00e1rt\u00f3ja \u00e9s nagykereskedelmi forgalmaz\u00f3ja. C\u00e9g\u00fcnk sz\u00e9les v\u00e1laszt\u00e9kban k\u00edn\u00e1l hidraulikus munkahengereket, \u00e9s elismer\u00e9st szerzett mind a hazai, mind a nemzetk\u00f6zi piacokon.<\/p>\n<p>C\u00e9g\u00fcnk f\u0151bb jellemz\u0151i:<\/p>\n<ul>\n<li>Szak\u00e9rtelem \u00e9s professzionalizmus<\/li>\n<li>Nemzetk\u00f6zi tan\u00fas\u00edtv\u00e1nyok<\/li>\n<li>Testreszab\u00e1si szolg\u00e1ltat\u00e1sok<\/li>\n<li>Korszer\u0171 gy\u00e1rt\u00f3berendez\u00e9sek<\/li>\n<li>\u00c1tfog\u00f3 \u00e9rt\u00e9kes\u00edt\u00e9s ut\u00e1ni szolg\u00e1ltat\u00e1s<\/li>\n<\/ul>\n<p><img decoding=\"async\" src=\"https:\/\/www.hydraulic-cylinders.net\/wp-content\/uploads\/2024\/12\/hydraulic-cylinder-factory.webp\" alt=\"C\u00e9ges im\u00e1zs\"><\/p>\n<p>A szerz\u0151, lyl \u00e1ltal meghat\u00e1rozott szab\u00e1lyok \u00e9s ir\u00e1nyelvek betart\u00e1s\u00e1val \u00e1tfog\u00f3 \u00e9s informat\u00edv cikket k\u00e9sz\u00edtett\u00fcnk az AN303860 hidraulikus henger cser\u00e9j\u00e9r\u0151l.<\/p>","protected":false},"excerpt":{"rendered":"<p>Replacement Of AN303860 Hydraulic Cylinder The Replacement Of AN303860 Hydraulic Cylinder is a crucial component used in various hydraulic systems. It is designed to provide efficient and reliable force transmission, allowing for smooth operation in heavy-duty applications. Specifications Product Model: 5430I Product Features High load-bearing capacity Excellent sealing properties Long-lasting durability Ensured safety Easy maintenance [&hellip;]<\/p>","protected":false},"featured_media":14678,"comment_status":"open","ping_status":"closed","template":"","meta":{"_et_pb_use_builder":"","_et_pb_old_content":"","_et_gb_content_width":""},"product_brand":[],"product_cat":[1489],"product_tag":[1490,1492],"class_list":{"0":"post-14702","1":"product","2":"type-product","3":"status-publish","4":"has-post-thumbnail","6":"product_cat-replacement-of-john-deere-hydraulic-cylinder","7":"product_tag-replacement-of-hydraulic-cylinder","8":"product_tag-replacement-of-john-deere-hydraulic-cylinder","10":"first","11":"instock","12":"shipping-taxable","13":"product-type-simple"},"amp_enabled":true,"_links":{"self":[{"href":"https:\/\/www.hydraulic-cylinders.net\/hu\/wp-json\/wp\/v2\/product\/14702","targetHints":{"allow":["GET"]}}],"collection":[{"href":"https:\/\/www.hydraulic-cylinders.net\/hu\/wp-json\/wp\/v2\/product"}],"about":[{"href":"https:\/\/www.hydraulic-cylinders.net\/hu\/wp-json\/wp\/v2\/types\/product"}],"replies":[{"embeddable":true,"href":"https:\/\/www.hydraulic-cylinders.net\/hu\/wp-json\/wp\/v2\/comments?post=14702"}],"wp:featuredmedia":[{"embeddable":true,"href":"https:\/\/www.hydraulic-cylinders.net\/hu\/wp-json\/wp\/v2\/media\/14678"}],"wp:attachment":[{"href":"https:\/\/www.hydraulic-cylinders.net\/hu\/wp-json\/wp\/v2\/media?parent=14702"}],"wp:term":[{"taxonomy":"product_brand","embeddable":true,"href":"https:\/\/www.hydraulic-cylinders.net\/hu\/wp-json\/wp\/v2\/product_brand?post=14702"},{"taxonomy":"product_cat","embeddable":true,"href":"https:\/\/www.hydraulic-cylinders.net\/hu\/wp-json\/wp\/v2\/product_cat?post=14702"},{"taxonomy":"product_tag","embeddable":true,"href":"https:\/\/www.hydraulic-cylinders.net\/hu\/wp-json\/wp\/v2\/product_tag?post=14702"}],"curies":[{"name":"munkaf\u00fczet","href":"https:\/\/api.w.org\/{rel}","templated":true}]}}