{"id":14723,"date":"2025-01-18T08:03:20","date_gmt":"2025-01-18T08:03:20","guid":{"rendered":"https:\/\/www.hydraulic-cylinders.net\/product\/replacement-of-ahc15178-hydraulic-cylinder\/"},"modified":"2025-01-18T08:03:22","modified_gmt":"2025-01-18T08:03:22","slug":"replacement-of-ahc15178-hydraulic-cylinder","status":"publish","type":"product","link":"https:\/\/www.hydraulic-cylinders.net\/hu\/termek\/replacement-of-ahc15178-hydraulic-cylinder\/","title":{"rendered":"Az AHC15178 hidraulikus henger cser\u00e9je"},"content":{"rendered":"<h1>Az AHC15178 hidraulikus henger cser\u00e9je<\/h1>\n<p>A hidraulikus henger egy mechanikus m\u0171k\u00f6dtet\u0151, amely line\u00e1ris er\u0151t biztos\u00edt line\u00e1ris l\u00f6keten kereszt\u00fcl. Az AHC15178 hidraulikus henger cser\u00e9je egy kiv\u00e1l\u00f3 min\u0151s\u00e9g\u0171 csereterm\u00e9k, amelyet az eredeti hidraulikus hengerrel megegyez\u0151 funkci\u00f3 ell\u00e1t\u00e1s\u00e1ra terveztek, 96 font s\u00faly\u00fa, 9,9 h\u00fcvelyk magas, 11,5 h\u00fcvelyk sz\u00e9les \u00e9s 43,1 h\u00fcvelyk hossz\u00fa. Ez a term\u00e9k k\u00fcl\u00f6nf\u00e9le g\u00e9pmodellekkel kompatibilis.<\/p>\n<h2>Specifik\u00e1ci\u00f3k \u00e9s g\u00e9pmodellek<\/h2>\n<p>Az AHC15178 hidraulikus henger cser\u00e9je 41 kg s\u00faly\u00fa, 25,5 cm magas, 24 cm sz\u00e9les \u00e9s 11,5 cm hossz\u00fa. Ez a term\u00e9k k\u00fcl\u00f6nf\u00e9le g\u00e9pmodellekkel kompatibilis.<\/p>\n<h2>Jellemz\u0151k<\/h2>\n<ul>\n<li>Kiv\u00e1l\u00f3 min\u0151s\u00e9g\u0171 csere az eredeti hidraulikus hengerhez<\/li>\n<li>K\u00fcl\u00f6nb\u00f6z\u0151 g\u00e9pmodellekkel kompatibilis<\/li>\n<li>Kiv\u00e1l\u00f3 teherb\u00edr\u00e1s<\/li>\n<li>Kiv\u00e1l\u00f3 t\u00f6m\u00edt\u0151 tulajdons\u00e1gok<\/li>\n<li>Nagy tart\u00f3ss\u00e1g<\/li>\n<li>K\u00f6nnyen karbantarthat\u00f3 \u00e9s jav\u00edthat\u00f3<\/li>\n<\/ul>\n<p>Term\u00e9k\u00fcnk t\u00f6k\u00e9letesen helyettes\u00edtheti a t\u00f6bbi hidraulikus munkahengert. P\u00e9ld\u00e1ul:<\/p>\n<ul>\n<li>\u00c9p\u00edt\u0151ipari berendez\u00e9sekben \u00e1ltal\u00e1ban olyan helyeken haszn\u00e1lj\u00e1k, ahol neh\u00e9z t\u00e1rgyakat kell szil\u00e1rdan r\u00f6gz\u00edteni, p\u00e9ld\u00e1ul darukn\u00e1l, emel\u0151kn\u00e9l \u00e9s felvon\u00f3kn\u00e1l.<\/li>\n<li>A gy\u00e1rt\u00e1sban pr\u00e9sg\u00e9pekben haszn\u00e1lj\u00e1k, ahol az anyagokat nagy nyom\u00e1s alatt alak\u00edtj\u00e1k, \u00e9s a feldolgoz\u00e1s sor\u00e1n r\u00f6gz\u00edt\u00e9st ig\u00e9nyelnek.<\/li>\n<li>A sz\u00e1ll\u00edt\u00e1sban j\u00e1rm\u0171vek stabiliz\u00e1toraiban \u00e9s emel\u0151iben haszn\u00e1lj\u00e1k a biztons\u00e1g biztos\u00edt\u00e1s\u00e1ra karbantart\u00e1s \u00e9s sz\u00e1ll\u00edt\u00e1s k\u00f6zben.<\/li>\n<li>A rep\u00fcl\u00e9sben a fut\u00f3m\u0171rendszerben haszn\u00e1lj\u00e1k a fut\u00f3m\u0171 megfelel\u0151 helyzetben t\u00f6rt\u00e9n\u0151 r\u00f6gz\u00edt\u00e9s\u00e9re felsz\u00e1ll\u00e1s \u00e9s lesz\u00e1ll\u00e1s k\u00f6zben.<\/li>\n<\/ul>\n<h2>Tervez\u00e9si szempontok \u00e9s kiv\u00e1laszt\u00e1si szabv\u00e1nyok<\/h2>\n<p>Az AHC15178 hidraulikus henger cser\u00e9j\u00e9t sz\u00e1mos kulcsfontoss\u00e1g\u00fa szempont figyelembev\u00e9tel\u00e9vel tervezt\u00e9k, bele\u00e9rtve a teherb\u00edr\u00e1st, a t\u00f6m\u00edt\u00e9st, a tart\u00f3ss\u00e1got, a biztons\u00e1got \u00e9s a karbantart\u00e1st. <\/p>\n<ul>\n<li>Teherb\u00edr\u00e1s: A hidraulikus henger nagy terhel\u00e9sek elvisel\u00e9s\u00e9re \u00e9s line\u00e1ris er\u0151 biztos\u00edt\u00e1s\u00e1ra van kialak\u00edtva line\u00e1ris l\u00f6keten kereszt\u00fcl.<\/li>\n<li>T\u00f6m\u00edt\u00e9s: K\u00fcl\u00f6nb\u00f6z\u0151 t\u00f6m\u00edt\u0151elemek, mint p\u00e9ld\u00e1ul a dugatty\u00fat\u00f6m\u00edt\u00e9sek \u00e9s a r\u00fadt\u00f6m\u00edt\u00e9sek, kop\u00e1s\u00e1ll\u00f3 anyagokb\u00f3l, p\u00e9ld\u00e1ul poliuret\u00e1nb\u00f3l \u00e9s nitrilgumib\u00f3l k\u00e9sz\u00fclnek a kiv\u00e1l\u00f3 t\u00f6m\u00edt\u00e9si tulajdons\u00e1gok biztos\u00edt\u00e1sa \u00e9rdek\u00e9ben.<\/li>\n<li>Tart\u00f3ss\u00e1g: A hengertest \u00e9s a menetes v\u00e9gfel\u00fclet finom megmunk\u00e1l\u00e1s\u00fa a kop\u00e1s\u00e1ll\u00f3s\u00e1g jav\u00edt\u00e1sa \u00e9rdek\u00e9ben, \u00e9s a megfelel\u0151 m\u0171k\u00f6d\u00e9s fenntart\u00e1s\u00e1hoz rendszeres ken\u00e9s sz\u00fcks\u00e9ges.<\/li>\n<li>Biztons\u00e1g: A hidraulikus henger biztons\u00e1gi funkci\u00f3it, p\u00e9ld\u00e1ul a teher biztons\u00e1gos megtart\u00e1s\u00e1nak k\u00e9pess\u00e9g\u00e9t, gondosan tervezt\u00e9k \u00e9s tesztelt\u00e9k a megfelel\u0151 \u00e9s biztons\u00e1gos m\u0171k\u00f6d\u00e9s biztos\u00edt\u00e1sa \u00e9rdek\u00e9ben.<\/li>\n<li>Karbantart\u00e1s: A hidraulikus hengert \u00fagy tervezt\u00e9k, hogy k\u00f6nnyen karbantarthat\u00f3 \u00e9s jav\u00edthat\u00f3 legyen, k\u00fcl\u00f6nf\u00e9le p\u00f3talkatr\u00e9szekkel \u00e9s fel\u00faj\u00edt\u00e1si szolg\u00e1ltat\u00e1sokkal.<\/li>\n<\/ul>\n<h2>T\u00f6m\u00edt\u00e9s \u00e9s ken\u00e9s<\/h2>\n<p>Az AHC15178 hidraulikus henger cser\u00e9je k\u00fcl\u00f6nf\u00e9le t\u00f6m\u00edt\u0151elemeket, p\u00e9ld\u00e1ul dugatty\u00fat\u00f6m\u00edt\u00e9seket \u00e9s r\u00fadt\u00f6m\u00edt\u00e9seket haszn\u00e1l, amelyek kop\u00e1s\u00e1ll\u00f3 anyagokb\u00f3l, p\u00e9ld\u00e1ul poliuret\u00e1nb\u00f3l \u00e9s nitrilgumib\u00f3l k\u00e9sz\u00fclnek, hogy kiv\u00e1l\u00f3 t\u00f6m\u00edt\u0151tulajdons\u00e1gokat biztos\u00edtsanak. A hengertest \u00e9s a menetes v\u00e9gfel\u00fclet finoman megmunk\u00e1lt a kop\u00e1s\u00e1ll\u00f3s\u00e1g jav\u00edt\u00e1sa \u00e9rdek\u00e9ben, \u00e9s a megfelel\u0151 m\u0171k\u00f6d\u00e9s fenntart\u00e1s\u00e1hoz rendszeres ken\u00e9s sz\u00fcks\u00e9ges. <\/p>\n<h2>Id\u0151szakos ellen\u0151rz\u00e9s \u00e9s megel\u0151z\u0151 karbantart\u00e1si int\u00e9zked\u00e9sek<\/h2>\n<p>Az AHC15178 hidraulikus henger cser\u00e9j\u00e9nek hossz\u00fa t\u00e1v\u00fa teljes\u00edtm\u00e9ny\u00e9nek biztos\u00edt\u00e1s\u00e1hoz elengedhetetlen a rendszeres ellen\u0151rz\u00e9s \u00e9s a megel\u0151z\u0151 karbantart\u00e1si int\u00e9zked\u00e9sek. Ezek k\u00f6z\u00e9 az int\u00e9zked\u00e9sek k\u00f6z\u00e9 tartozik a rendszeres ken\u00e9s, a t\u00f6m\u00edt\u00e9s cser\u00e9je \u00e9s a kalibr\u00e1ci\u00f3s ellen\u0151rz\u00e9sek.<\/p>\n<h2>Term\u00e9ktelep\u00edt\u00e9si \u00fatmutat\u00f3<\/h2>\n<p>Az AHC15178 hidraulikus henger cser\u00e9j\u00e9nek telep\u00edt\u00e9sekor elengedhetetlen a helyes telep\u00edt\u00e9si elj\u00e1r\u00e1sok betart\u00e1sa \u00e9s a megfelel\u0151 be\u00e1ll\u00edt\u00e1s biztos\u00edt\u00e1sa. Javasoljuk a megfelel\u0151 r\u00f6gz\u00edt\u0151konzolok haszn\u00e1lat\u00e1t a henger r\u00f6gz\u00edt\u00e9s\u00e9hez. A hidraulikus henger \u00e9lettartam\u00e1nak meghosszabb\u00edt\u00e1sa \u00e9rdek\u00e9ben aj\u00e1nlott ellen\u0151rz\u00e9si, jav\u00edt\u00e1si \u00e9s csere elj\u00e1r\u00e1sokat is biztos\u00edtunk.<\/p>\n<p><img decoding=\"async\" src=\"https:\/\/www.hydraulic-cylinders.net\/wp-content\/uploads\/2024\/12\/Replacement-Of-John-Deere-Hydraulic-Cylinder-7.webp\"><\/p>\n<h2>Karbantart\u00e1si feladatok<\/h2>\n<p>A rendszeres ellen\u0151rz\u00e9s, ken\u00e9s, t\u00f6m\u00edt\u00e9scsere \u00e9s kalibr\u00e1l\u00e1si ellen\u0151rz\u00e9sek gyakori karbantart\u00e1si feladatok, amelyek seg\u00edthetnek biztos\u00edtani az AHC15178 hidraulikus henger megfelel\u0151 m\u0171k\u00f6d\u00e9s\u00e9t \u00e9s hossz\u00fa t\u00e1v\u00fa tart\u00f3ss\u00e1g\u00e1t. A megfelel\u0151 telep\u00edt\u00e9s, ken\u00e9s \u00e9s be\u00e1ll\u00edt\u00e1s szint\u00e9n kritikus fontoss\u00e1g\u00fa a hidraulikus henger teljes\u00edtm\u00e9ny\u00e9nek optimaliz\u00e1l\u00e1s\u00e1hoz.<\/p>\n<h2>Biztons\u00e1gi \u00e9s k\u00f6rnyezetv\u00e9delmi szempontok<\/h2>\n<p>A hidraulikus henger haszn\u00e1latakor elengedhetetlen a megfelel\u0151 biztons\u00e1gi elj\u00e1r\u00e1sok betart\u00e1sa, p\u00e9ld\u00e1ul a rakom\u00e1ny biztons\u00e1gos r\u00f6gz\u00edt\u00e9se \u00e9s a hidraulikus henger megfelel\u0151 kalibr\u00e1l\u00e1sa. A haszn\u00e1lt hidraulikus hengerek megfelel\u0151 \u00e1rtalmatlan\u00edt\u00e1sa \u00e9s \u00fajrahasznos\u00edt\u00e1sa szint\u00e9n elengedhetetlen a k\u00f6rnyezeti hat\u00e1sok minimaliz\u00e1l\u00e1sa \u00e9rdek\u00e9ben.<\/p>\n<h2>Hibaelh\u00e1r\u00edt\u00e1s \u00e9s gyakori probl\u00e9m\u00e1k<\/h2>\n<p>Ha probl\u00e9m\u00e1kat tapasztal az AHC15178 hidraulikus henger cser\u00e9j\u00e9vel kapcsolatban, n\u00e9h\u00e1ny gyakori hibaelh\u00e1r\u00edt\u00e1si l\u00e9p\u00e9s k\u00f6z\u00e9 tartozik a sziv\u00e1rg\u00e1sok ellen\u0151rz\u00e9se, a t\u00f6m\u00edt\u0151elemek vizsg\u00e1lata, valamint a megfelel\u0151 be\u00e1ll\u00edt\u00e1s \u00e9s kalibr\u00e1l\u00e1s ellen\u0151rz\u00e9se. Hasznos tippeket \u00e9s megold\u00e1sokat is k\u00edn\u00e1lunk, amelyek seg\u00edtenek a probl\u00e9m\u00e1k hat\u00e9kony diagnosztiz\u00e1l\u00e1s\u00e1ban \u00e9s megold\u00e1s\u00e1ban, valamint a j\u00f6v\u0151beni probl\u00e9m\u00e1k megel\u0151z\u00e9s\u00e9ben.<\/p>\n<p><img decoding=\"async\" src=\"https:\/\/www.hydraulic-cylinders.net\/wp-content\/uploads\/2024\/12\/Replacement-Of-John-Deere-Hydraulic-Cylinder-8.webp\"><\/p>\n<h2>C\u00e9g\u00fcnkr\u0151l<\/h2>\n<p>Vezet\u0151 hidraulikus hengergy\u00e1rt\u00f3 \u00e9s nagykereskedelmi forgalmaz\u00f3 vagyunk, bele\u00e9rtve az AHC15178 hidraulikus henger cser\u00e9j\u00e9t is. Teljes k\u00f6r\u0171 term\u00e9keket \u00e9s szolg\u00e1ltat\u00e1sokat k\u00edn\u00e1lunk, bele\u00e9rtve a szakmai szak\u00e9rtelmet, a nemzetk\u00f6zi tan\u00fas\u00edt\u00e1sokat, az egyedi megold\u00e1sokat, a fejlett gy\u00e1rt\u00f3berendez\u00e9seket \u00e9s az \u00e1tfog\u00f3 \u00e9rt\u00e9kes\u00edt\u00e9s ut\u00e1ni szolg\u00e1ltat\u00e1st az \u00fcgyfelek el\u00e9gedetts\u00e9g\u00e9nek biztos\u00edt\u00e1sa \u00e9rdek\u00e9ben.<\/p>\n<p><img decoding=\"async\" src=\"https:\/\/www.hydraulic-cylinders.net\/wp-content\/uploads\/2024\/12\/hydraulic-cylinder-factory.webp\"><\/p>\n<p>Szerz\u0151: lyl<\/p>","protected":false},"excerpt":{"rendered":"<p>Replacement Of AHC15178 Hydraulic Cylinder A hydraulic cylinder is a mechanical actuator that is used to give a linear force through a linear stroke. The Replacement Of AHC15178 Hydraulic Cylinder is a high-quality replacement product designed to perform the same function as the original hydraulic cylinder with a weight of 96 lbs, a height of [&hellip;]<\/p>","protected":false},"featured_media":14722,"comment_status":"open","ping_status":"closed","template":"","meta":{"_et_pb_use_builder":"","_et_pb_old_content":"","_et_gb_content_width":""},"product_brand":[],"product_cat":[1489],"product_tag":[1490,1492],"class_list":{"0":"post-14723","1":"product","2":"type-product","3":"status-publish","4":"has-post-thumbnail","6":"product_cat-replacement-of-john-deere-hydraulic-cylinder","7":"product_tag-replacement-of-hydraulic-cylinder","8":"product_tag-replacement-of-john-deere-hydraulic-cylinder","10":"first","11":"instock","12":"shipping-taxable","13":"product-type-simple"},"amp_enabled":true,"_links":{"self":[{"href":"https:\/\/www.hydraulic-cylinders.net\/hu\/wp-json\/wp\/v2\/product\/14723","targetHints":{"allow":["GET"]}}],"collection":[{"href":"https:\/\/www.hydraulic-cylinders.net\/hu\/wp-json\/wp\/v2\/product"}],"about":[{"href":"https:\/\/www.hydraulic-cylinders.net\/hu\/wp-json\/wp\/v2\/types\/product"}],"replies":[{"embeddable":true,"href":"https:\/\/www.hydraulic-cylinders.net\/hu\/wp-json\/wp\/v2\/comments?post=14723"}],"wp:featuredmedia":[{"embeddable":true,"href":"https:\/\/www.hydraulic-cylinders.net\/hu\/wp-json\/wp\/v2\/media\/14722"}],"wp:attachment":[{"href":"https:\/\/www.hydraulic-cylinders.net\/hu\/wp-json\/wp\/v2\/media?parent=14723"}],"wp:term":[{"taxonomy":"product_brand","embeddable":true,"href":"https:\/\/www.hydraulic-cylinders.net\/hu\/wp-json\/wp\/v2\/product_brand?post=14723"},{"taxonomy":"product_cat","embeddable":true,"href":"https:\/\/www.hydraulic-cylinders.net\/hu\/wp-json\/wp\/v2\/product_cat?post=14723"},{"taxonomy":"product_tag","embeddable":true,"href":"https:\/\/www.hydraulic-cylinders.net\/hu\/wp-json\/wp\/v2\/product_tag?post=14723"}],"curies":[{"name":"munkaf\u00fczet","href":"https:\/\/api.w.org\/{rel}","templated":true}]}}