{"id":1487,"date":"2023-09-26T06:55:27","date_gmt":"2023-09-26T06:55:27","guid":{"rendered":"https:\/\/hydraulic-cylinders.net\/?post_type=product&#038;p=1487"},"modified":"2025-04-11T03:41:29","modified_gmt":"2025-04-11T03:41:29","slug":"small-excavator-stick-cylinder","status":"publish","type":"product","link":"https:\/\/www.hydraulic-cylinders.net\/hu\/termek\/small-excavator-stick-cylinder\/","title":{"rendered":"Kis kotr\u00f3g\u00e9p p\u00e1lcahenger"},"content":{"rendered":"<h1 style=\"text-align: center;\"><strong>Kis kotr\u00f3g\u00e9p p\u00e1lcahenger<\/strong><\/h1>\n<p><img loading=\"lazy\" decoding=\"async\" class=\"aligncenter wp-image-1488\" src=\"https:\/\/hydraulic-cylinders.net\/wp-content\/uploads\/2023\/09\/stick-cylinder-1-300x300.webp\" alt=\"\" width=\"400\" height=\"400\" \/><\/p>\n<p>A kis kotr\u00f3g\u00e9pek p\u00e1lcahengere egy rendk\u00edv\u00fcl megb\u00edzhat\u00f3 \u00e9s robusztus hidraulikus alkatr\u00e9sz, amelyet a kis kotr\u00f3g\u00e9pek teljes\u00edtm\u00e9ny\u00e9nek \u00e9s hat\u00e9konys\u00e1g\u00e1nak n\u00f6vel\u00e9s\u00e9re terveztek. Ez a henger kifejezetten kiv\u00e9teles teljes\u00edtm\u00e9nyt, pontoss\u00e1got \u00e9s tart\u00f3ss\u00e1got biztos\u00edt a kompakt \u00e9p\u00edt\u0151ipari g\u00e9pekben.<\/p>\n<p>A kis kotr\u00f3g\u00e9p nyeles munkahengere egy l\u00e9tfontoss\u00e1g\u00fa hidraulikus alkatr\u00e9sz, amely jelent\u0151sen n\u00f6veli a kis kotr\u00f3g\u00e9pek teljes\u00edtm\u00e9ny\u00e9t \u00e9s hat\u00e9konys\u00e1g\u00e1t. Kompakt kialak\u00edt\u00e1s\u00e1nak, leny\u0171g\u00f6z\u0151 kiny\u00fal\u00e1s\u00e1nak \u00e9s \u00e1s\u00e1si m\u00e9lys\u00e9g\u00e9nek, fokozott \u00e1s\u00f3erej\u00e9nek \u00e9s prec\u00edz vez\u00e9rl\u00e9s\u00e9nek k\u00f6sz\u00f6nhet\u0151en ez a munkahenger lehet\u0151v\u00e9 teszi a kezel\u0151k sz\u00e1m\u00e1ra, hogy k\u00f6nnyen \u00e9s pontosan elv\u00e9gezz\u00e9k a f\u00f6ldmunk\u00e1k feladatait. Az aj\u00e1nlott haszn\u00e1lati m\u00f3dszerek \u00e9s karbantart\u00e1si gyakorlatok betart\u00e1s\u00e1val a kezel\u0151k biztos\u00edthatj\u00e1k a kis kotr\u00f3g\u00e9p nyeles munkahenger\u00e9nek optim\u00e1lis teljes\u00edtm\u00e9ny\u00e9t \u00e9s hossz\u00fa \u00e9lettartam\u00e1t, ami a termel\u00e9kenys\u00e9g n\u00f6veked\u00e9s\u00e9hez \u00e9s az \u00e9p\u00edt\u00e9si \u00e9s f\u00f6ldmunk\u00e1k sikeres befejez\u00e9s\u00e9hez vezet. Fektessen be ebbe a kiv\u00e9teles hidraulikus munkahengerbe, hogy n\u00f6velje kis kotr\u00f3g\u00e9pe k\u00e9pess\u00e9geit, \u00e9s kiv\u00e1l\u00f3 eredm\u00e9nyeket \u00e9rjen el az \u00e1s\u00e1si m\u0171veletek sor\u00e1n.<\/p>\n<p>Kis kotr\u00f3g\u00e9p p\u00e1lcahenger f\u0151bb jellemz\u0151i:<\/p>\n<ol>\n<li>Kompakt kialak\u00edt\u00e1s \u00e9s robusztus konstrukci\u00f3<\/li>\n<\/ol>\n<ul>\n<li>A kis kotr\u00f3g\u00e9p r\u00fadhenger\u00e9t kifejezetten kis kotr\u00f3g\u00e9pekhez tervezt\u00e9k, biztos\u00edtva a t\u00f6k\u00e9letes illeszked\u00e9st \u00e9s az optim\u00e1lis teljes\u00edtm\u00e9nyt.<\/li>\n<li>Kompakt kialak\u00edt\u00e1s\u00e1nak \u00e9s robusztus fel\u00e9p\u00edt\u00e9s\u00e9nek k\u00f6sz\u00f6nhet\u0151en ellen\u00e1ll a neh\u00e9z \u00fczemi k\u00f6r\u00fclm\u00e9nyeknek, \u00edgy hossz\u00fa \u00e9lettartamot biztos\u00edt.<\/li>\n<\/ul>\n<ol start=\"2\">\n<li>Leny\u0171g\u00f6z\u0151 kiny\u00fal\u00e1s \u00e9s \u00e1s\u00e1si m\u00e9lys\u00e9g<\/li>\n<\/ol>\n<ul>\n<li>Kis m\u00e9rete ellen\u00e9re a henger leny\u0171g\u00f6z\u0151 kiny\u00fal\u00e1st \u00e9s \u00e1s\u00e1si m\u00e9lys\u00e9get k\u00edn\u00e1l, maximaliz\u00e1lva a kotr\u00f3g\u00e9p m\u0171k\u00f6d\u00e9si tartom\u00e1ny\u00e1t.<\/li>\n<li>Lehet\u0151v\u00e9 teszi a kezel\u0151k sz\u00e1m\u00e1ra, hogy sz\u0171k helyekre f\u00e9rjenek hozz\u00e1, \u00e9s hat\u00e9konyan, prec\u00edzen \u00e9s k\u00f6nnyed\u00e9n \u00e1ssanak.<\/li>\n<\/ul>\n<ol start=\"3\">\n<li>Fokozott \u00e1s\u00f3er\u0151 \u00e9s hat\u00e9konys\u00e1g<\/li>\n<\/ol>\n<ul>\n<li>A henger fokozott \u00e1s\u00f3er\u0151t biztos\u00edt, lehet\u0151v\u00e9 t\u00e9ve k\u00fcl\u00f6nf\u00e9le anyagok, p\u00e9ld\u00e1ul talaj, szikl\u00e1k \u00e9s t\u00f6rmel\u00e9k hat\u00e9kony ki\u00e1s\u00e1s\u00e1t.<\/li>\n<li>Optimaliz\u00e1lja a kotr\u00f3g\u00e9p \u00e1s\u00e1si teljes\u00edtm\u00e9ny\u00e9t, n\u00f6velve a termel\u00e9kenys\u00e9get \u00e9s cs\u00f6kkentve a projekt befejez\u00e9si idej\u00e9t.<\/li>\n<\/ul>\n<ol start=\"4\">\n<li>Sima m\u0171k\u00f6d\u00e9s \u00e9s prec\u00edz vez\u00e9rl\u00e9s<\/li>\n<\/ol>\n<ul>\n<li>A kis kotr\u00f3g\u00e9p p\u00e1lcahengere fejlett hidraulikus technol\u00f3gi\u00e1kat tartalmaz a sima m\u0171k\u00f6d\u00e9s \u00e9s a prec\u00edz vez\u00e9rl\u00e9s \u00e9rdek\u00e9ben.<\/li>\n<li>Kiv\u00e1l\u00f3 reag\u00e1l\u00f3k\u00e9pess\u00e9get k\u00edn\u00e1l, lehet\u0151v\u00e9 t\u00e9ve a kezel\u0151k sz\u00e1m\u00e1ra, hogy pontosan \u00e9s hat\u00e9konyan v\u00e9gezzenek finom m\u0171veleteket.<\/li>\n<\/ul>\n<h2><strong>Kis kotr\u00f3g\u00e9p p\u00e1lcahenger param\u00e9tere:<\/strong><\/h2>\n<table border=\"1\" cellspacing=\"0\" cellpadding=\"0\">\n<tbody>\n<tr>\n<td>Term\u00e9k neve<\/td>\n<td>Kis kotr\u00f3g\u00e9p p\u00e1lcahenger<\/td>\n<\/tr>\n<tr>\n<td>Jellemz\u0151k:<\/td>\n<td>Az alkar mozg\u00e1s\u00e1nak szab\u00e1lyoz\u00e1sa<\/td>\n<\/tr>\n<tr>\n<td>Furat\u00e1tm\u00e9r\u0151:<\/td>\n<td>50 mm\uff5e115 mm<\/td>\n<\/tr>\n<tr>\n<td>R\u00fad \u00e1tm\u00e9r\u0151je:<\/td>\n<td>25 mm\uff5e70 mm<br \/>\nL\u00f6ket \u22641000 mm<\/td>\n<\/tr>\n<tr>\n<td>Tol\u00f3er\u0151:<\/td>\n<td>Maximum 305 kN<\/td>\n<\/tr>\n<tr>\n<td>Furat\u00e1tm\u00e9r\u0151:<\/td>\n<td>115 mm\/nyom\u00e1s 29,4 MPa)<\/td>\n<\/tr>\n<\/tbody>\n<\/table>\n<h2><strong>Kis kotr\u00f3g\u00e9p p\u00e1lcahenger azonos\u00edt\u00f3 \u00e1bra:<\/strong><\/h2>\n<p><img loading=\"lazy\" decoding=\"async\" class=\"alignnone wp-image-1490 size-full\" src=\"https:\/\/hydraulic-cylinders.net\/wp-content\/uploads\/2023\/09\/stick-cylinder-construction.webp\" alt=\"\" width=\"1481\" height=\"988\" srcset=\"https:\/\/hydraulic-cylinders.net\/wp-content\/uploads\/2023\/09\/stick-cylinder-construction.webp 1481w, https:\/\/hydraulic-cylinders.net\/wp-content\/uploads\/2023\/09\/stick-cylinder-construction-1280x854.webp 1280w, https:\/\/hydraulic-cylinders.net\/wp-content\/uploads\/2023\/09\/stick-cylinder-construction-980x654.webp 980w, https:\/\/hydraulic-cylinders.net\/wp-content\/uploads\/2023\/09\/stick-cylinder-construction-480x320.webp 480w\" sizes=\"(min-width: 0px) and (max-width: 480px) 480px, (min-width: 481px) and (max-width: 980px) 980px, (min-width: 981px) and (max-width: 1280px) 1280px, (min-width: 1281px) 1481px, 100vw\" \/><\/p>\n<h2><strong>Kis kotr\u00f3g\u00e9p-p\u00e1lcahenger haszn\u00e1lati m\u00f3dja:<\/strong><\/h2>\n<ol>\n<li>Telep\u00edt\u00e9s \u00e9s integr\u00e1ci\u00f3<\/li>\n<\/ol>\n<ul>\n<li>A kis kotr\u00f3g\u00e9p p\u00e1lcahenger\u00e9nek megfelel\u0151 telep\u00edt\u00e9s\u00e9vel kapcsolatban l\u00e1sd a gy\u00e1rt\u00f3 utas\u00edt\u00e1sait.<\/li>\n<li>Gy\u0151z\u0151dj\u00f6n meg a kompatibilit\u00e1sr\u00f3l, \u00e9s r\u00f6gz\u00edtse biztons\u00e1gosan a hengert a kotr\u00f3g\u00e9p g\u00e9mszerkezet\u00e9hez.<\/li>\n<li>K\u00f6vesse az aj\u00e1nlott nyomat\u00e9kspecifik\u00e1ci\u00f3kat, \u00e9s haszn\u00e1lja a megfelel\u0151 r\u00f6gz\u00edt\u0151elemeket.<\/li>\n<\/ul>\n<ol start=\"2\">\n<li>M\u0171k\u00f6d\u00e9si szempontok<\/li>\n<\/ol>\n<ul>\n<li>Ismerkedjen meg a kotr\u00f3g\u00e9p kezel\u0151szerveivel \u00e9s m\u0171k\u00f6d\u00e9s\u00e9vel, bele\u00e9rtve a ny\u00e9lhengert is.<\/li>\n<li>A t\u00e9nyleges munka megkezd\u00e9se el\u0151tt gyakorolja a kotr\u00f3g\u00e9p \u00e9s a p\u00e1lcahenger kezel\u00e9s\u00e9t ellen\u0151rz\u00f6tt k\u00f6rnyezetben.<\/li>\n<li>Tartsa be a biztons\u00e1gi ir\u00e1nyelveket, \u00e9s a kotr\u00f3g\u00e9p terhel\u00e9si \u00e9s hat\u00f3t\u00e1vols\u00e1g\u00e1nak korl\u00e1tain bel\u00fcl dolgozzon a balesetek \u00e9s a berendez\u00e9s k\u00e1rosod\u00e1s\u00e1nak elker\u00fcl\u00e9se \u00e9rdek\u00e9ben.<\/li>\n<\/ul>\n<ol start=\"3\">\n<li>\u00c1s\u00e1si teljes\u00edtm\u00e9ny optimaliz\u00e1l\u00e1sa<\/li>\n<\/ol>\n<ul>\n<li>Haszn\u00e1lja ki a kis kotr\u00f3g\u00e9p nyeles munkahenger\u00e9nek prec\u00edz vez\u00e9rl\u00e9s\u00e9t az \u00e1s\u00e1si teljes\u00edtm\u00e9ny optimaliz\u00e1l\u00e1s\u00e1hoz.<\/li>\n<li>\u00c1s\u00e1s k\u00f6zben tartson stabil testhelyzetet, ker\u00fclje a hirtelen vagy r\u00e1ngat\u00f3z\u00f3 mozdulatokat, amelyek megterhelhetik a hengert.<\/li>\n<li>A hat\u00e9kony f\u00f6ldmunka \u00e9rdek\u00e9ben biztos\u00edtsa a kan\u00e1l megfelel\u0151 elhelyez\u00e9s\u00e9t \u00e9s a fogak megfelel\u0151 illeszked\u00e9s\u00e9t.<\/li>\n<\/ul>\n<h2><strong>Milyen m\u00e9ret\u0171 henger a kotr\u00f3g\u00e9p h\u00fcvelykujj\u00e1hoz?<\/strong><\/h2>\n<p>A kotr\u00f3g\u00e9p h\u00fcvelykujj\u00e1nak henger\u00e9nek m\u00e9rete a kotr\u00f3g\u00e9p konkr\u00e9t k\u00f6vetelm\u00e9nyeit\u0151l \u00e9s a h\u00fcvelykujj-r\u00f6gz\u00edt\u00e9s tervezett felhaszn\u00e1l\u00e1s\u00e1t\u00f3l f\u00fcgg\u0151en v\u00e1ltozhat. A henger megfelel\u0151 m\u00e9ret\u00e9t jellemz\u0151en olyan t\u00e9nyez\u0151k figyelembev\u00e9tel\u00e9vel hat\u00e1rozz\u00e1k meg, mint a kotr\u00f3g\u00e9p \u00fczemi s\u00falya, a h\u00fcvelykujj k\u00edv\u00e1nt emel\u0151kapacit\u00e1sa \u00e9s a kotr\u00f3g\u00e9p hidraulikus rendszer\u00e9vel val\u00f3 kompatibilit\u00e1s.<\/p>\n<p>A kotr\u00f3g\u00e9p h\u00fcvelykujj\u00e1hoz megfelel\u0151 hengerm\u00e9ret meghat\u00e1roz\u00e1s\u00e1hoz aj\u00e1nlott konzult\u00e1lni a h\u00fcvelykujj-toldal\u00e9k gy\u00e1rt\u00f3j\u00e1val vagy sz\u00e1ll\u00edt\u00f3j\u00e1val. \u0150k \u00fatmutat\u00e1st tudnak adni a kotr\u00f3g\u00e9p specifik\u00e1ci\u00f3i \u00e9s a h\u00fcvelykujj tervezett alkalmaz\u00e1sa alapj\u00e1n.<\/p>\n<p>\u00c9rdemes megjegyezni, hogy a kotr\u00f3g\u00e9p h\u00fcvelykujjai k\u00fcl\u00f6nb\u00f6z\u0151 m\u00e9retekben \u00e9s konfigur\u00e1ci\u00f3kban kaphat\u00f3k, hogy illeszkedjenek a k\u00fcl\u00f6nb\u00f6z\u0151 kotr\u00f3g\u00e9p modellekhez \u00e9s m\u00e9retekhez. A h\u00fcvelykujj-r\u00f6gz\u00edt\u00e9s jellemz\u0151en egy k\u00f6zponti szerkezetb\u0151l vagy keretb\u0151l \u00e1ll, amely a kotr\u00f3g\u00e9p g\u00e9mj\u00e9hez van r\u00f6gz\u00edtve, \u00e9s egy hidraulikus hengerb\u0151l, amely a megfog\u00e1st vagy szor\u00edt\u00e1st biztos\u00edtja. A henger m\u00e9ret\u00e9t \u00fagy kell megv\u00e1lasztani, hogy biztos\u00edtsa a h\u00fcvelykujj-r\u00f6gz\u00edt\u00e9ssel val\u00f3 kompatibilit\u00e1st, \u00e9s hogy biztos\u00edtsa a k\u00edv\u00e1nt megfog\u00f3 er\u0151t a tervezett feladatokhoz.<\/p>\n<p>A kotr\u00f3g\u00e9p h\u00fcvelykujj\u00e1nak munkahenger\u00e9nek m\u00e9ret\u00e9nek kiv\u00e1laszt\u00e1sakor elengedhetetlen az egyens\u00faly megtal\u00e1l\u00e1sa a megfelel\u0151 emel\u0151kapacit\u00e1s \u00e9s a kotr\u00f3g\u00e9p hidraulikus rendszer\u00e9nek a h\u00fcvelykujj m\u0171k\u00f6d\u00e9s\u00e9t t\u00e1mogat\u00f3 k\u00e9pess\u00e9ge k\u00f6z\u00f6tt. A henger t\u00falm\u00e9retez\u00e9se t\u00falzottan megterhelheti a kotr\u00f3g\u00e9p hidraulikus rendszer\u00e9t, m\u00edg az alulm\u00e9retez\u00e9s korl\u00e1tozott emel\u0151kapacit\u00e1st \u00e9s cs\u00f6kkent teljes\u00edtm\u00e9nyt eredm\u00e9nyezhet.<\/p>\n<p>\u00d6sszefoglalva, a kotr\u00f3g\u00e9p h\u00fcvelykujj\u00e1nak henger\u00e9nek m\u00e9ret\u00e9t olyan t\u00e9nyez\u0151k alapj\u00e1n kell meghat\u00e1rozni, mint a kotr\u00f3g\u00e9p \u00fczemi s\u00falya, a k\u00edv\u00e1nt emel\u0151kapacit\u00e1s, valamint a h\u00fcvelykujj-tartoz\u00e9kkal \u00e9s a hidraulikus rendszerrel val\u00f3 kompatibilit\u00e1s. A megfelel\u0151 m\u00e9retez\u00e9s \u00e9s az optim\u00e1lis teljes\u00edtm\u00e9ny biztos\u00edt\u00e1sa \u00e9rdek\u00e9ben aj\u00e1nlott konzult\u00e1lni a h\u00fcvelykujj-tartoz\u00e9k gy\u00e1rt\u00f3j\u00e1val vagy sz\u00e1ll\u00edt\u00f3j\u00e1val.<\/p>\n<h2><strong>A gy\u00e1r kapacit\u00e1sa \u00e9s kapacit\u00e1sa:<\/strong><\/h2>\n<h3>(1) \u00d6sszeszerel\u00e9s<\/h3>\n<p>Els\u0151 oszt\u00e1ly\u00fa f\u00fcggetlen kutat\u00e1si \u00e9s fejleszt\u00e9si \u00f6sszeszerel\u00e9si platformmal rendelkez\u00fcnk. A hidraulikus hengergy\u00e1rt\u00f3 m\u0171hely n\u00e9gy f\u00e9lautomata emel\u0151henger-\u00f6sszeszerel\u0151 sorral \u00e9s egy automata billen\u0151henger-\u00f6sszeszerel\u0151 sorral rendelkezik, tervezett \u00e9ves gy\u00e1rt\u00e1si kapacit\u00e1sa 1 milli\u00f3 darab. A speci\u00e1lis henger m\u0171hely k\u00fcl\u00f6nb\u00f6z\u0151 specifik\u00e1ci\u00f3j\u00fa f\u00e9lautomata tiszt\u00edt\u00f3 \u00f6sszeszerel\u0151 rendszerrel van felszerelve, amelynek tervezett \u00e9ves termel\u00e9si kapacit\u00e1sa 200.000, \u00e9s h\u00edres CNC megmunk\u00e1l\u00f3 berendez\u00e9ssel, megmunk\u00e1l\u00f3 k\u00f6zponttal, nagy pontoss\u00e1g\u00fa hengerfeldolgoz\u00f3 speci\u00e1lis berendez\u00e9ssel, robothegeszt\u0151 g\u00e9ppel, automatikus tiszt\u00edt\u00f3g\u00e9ppel, automatikus henger \u00f6sszeszerel\u0151 g\u00e9ppel \u00e9s automatikus fest\u00e9si gy\u00e1rt\u00f3sorral van felszerelve. A megl\u00e9v\u0151 kritikus berendez\u00e9sek t\u00f6bb mint 300 k\u00e9szlet (k\u00e9szlet). A berendez\u00e9sek er\u0151forr\u00e1sainak optim\u00e1lis eloszt\u00e1sa \u00e9s hat\u00e9kony felhaszn\u00e1l\u00e1sa biztos\u00edtja a term\u00e9kek pontoss\u00e1gi k\u00f6vetelm\u00e9nyeit \u00e9s megfelel a term\u00e9kek min\u0151s\u00e9gi ig\u00e9nyeinek.<\/p>\n<p><img loading=\"lazy\" decoding=\"async\" class=\"alignnone wp-image-626\" src=\"https:\/\/hydraulic-cylinders.net\/wp-content\/uploads\/2023\/08\/hydraulic-cylinder-product-1-300x158.webp\" alt=\"\" width=\"495\" height=\"260\" srcset=\"https:\/\/hydraulic-cylinders.net\/wp-content\/uploads\/2023\/08\/hydraulic-cylinder-product-1-300x158.webp 495w, https:\/\/hydraulic-cylinders.net\/wp-content\/uploads\/2023\/08\/hydraulic-cylinder-product-1-480x252.webp 480w\" sizes=\"(min-width: 0px) and (max-width: 480px) 480px, (min-width: 481px) 495px, 100vw\" \/> <img loading=\"lazy\" decoding=\"async\" class=\"alignnone wp-image-627\" src=\"https:\/\/hydraulic-cylinders.net\/wp-content\/uploads\/2023\/08\/hydraulic-cylinder-product-2-300x189.webp\" alt=\"\" width=\"413\" height=\"260\" \/><\/p>\n<h3>(2) Megmunk\u00e1l\u00e1s<\/h3>\n<p>A megmunk\u00e1l\u00f3m\u0171hely egyedi, ferde s\u00edneszterg\u00e1l\u00f3 k\u00f6zponttal, megmunk\u00e1l\u00f3k\u00f6zponttal, nagysebess\u00e9g\u0171 h\u00f3nol\u00f3g\u00e9ppel, hegeszt\u0151robottal \u00e9s egy\u00e9b kapcsol\u00f3d\u00f3 berendez\u00e9sekkel van felszerelve, amelyek legfeljebb 400 mm bels\u0151 \u00e1tm\u00e9r\u0151j\u0171 \u00e9s legfeljebb 6 m\u00e9ter hossz\u00fa hengercs\u00f6vek megmunk\u00e1l\u00e1s\u00e1ra k\u00e9pesek.<\/p>\n<p><img loading=\"lazy\" decoding=\"async\" class=\"alignnone wp-image-628 size-large\" src=\"https:\/\/hydraulic-cylinders.net\/wp-content\/uploads\/2023\/08\/hydraulic-cylinder-product-3-1024x391.webp\" alt=\"\" width=\"1024\" height=\"391\" srcset=\"https:\/\/hydraulic-cylinders.net\/wp-content\/uploads\/2023\/08\/hydraulic-cylinder-product-3-980x374.webp 980w, https:\/\/hydraulic-cylinders.net\/wp-content\/uploads\/2023\/08\/hydraulic-cylinder-product-3-480x183.webp 480w\" sizes=\"(min-width: 0px) and (max-width: 480px) 480px, (min-width: 481px) and (max-width: 980px) 980px, (min-width: 981px) 1024px, 100vw\" \/><\/p>\n<h3>(3) Hegeszt\u00e9s<\/h3>\n<p><img loading=\"lazy\" decoding=\"async\" class=\"alignnone wp-image-629 size-large\" src=\"https:\/\/hydraulic-cylinders.net\/wp-content\/uploads\/2023\/08\/hydraulic-cylinder-product-4-1024x510.webp\" alt=\"\" width=\"1024\" height=\"510\" srcset=\"https:\/\/hydraulic-cylinders.net\/wp-content\/uploads\/2023\/08\/hydraulic-cylinder-product-4-980x488.webp 980w, https:\/\/hydraulic-cylinders.net\/wp-content\/uploads\/2023\/08\/hydraulic-cylinder-product-4-480x239.webp 480w\" sizes=\"(min-width: 0px) and (max-width: 480px) 480px, (min-width: 481px) and (max-width: 980px) 980px, (min-width: 981px) 1024px, 100vw\" \/><\/p>\n<h3>(4) Fest\u00e9s \u00e9s bevonatol\u00e1s<\/h3>\n<p>Kis \u00e9s k\u00f6zepes m\u00e9ret\u0171 hengeres automatikus v\u00edzb\u00e1zis\u00fa fest\u00e9kbevon\u00f3 sorokkal, az automatikus robot be- \u00e9s kirakod\u00e1s, valamint az automatikus permetez\u00e9s megval\u00f3s\u00edt\u00e1s\u00e1hoz, a tervez\u00e9si kapacit\u00e1s m\u0171szakonk\u00e9nt 4000 darab;<br \/>\nRendelkez\u00fcnk egy f\u00e9lautomata fest\u00e9kgy\u00e1rt\u00f3sorral is nagym\u00e9ret\u0171 palackokhoz, amelyet egy er\u0151\u00e1tviteli l\u00e1nc hajt, m\u0171szakonk\u00e9nt 60 doboz tervez\u00e9si kapacit\u00e1ssal.<\/p>\n<p><img loading=\"lazy\" decoding=\"async\" class=\"alignnone wp-image-630\" src=\"https:\/\/hydraulic-cylinders.net\/wp-content\/uploads\/2023\/08\/hydraulic-cylinder-product-5-300x213.webp\" alt=\"\" width=\"366\" height=\"260\" \/> <img loading=\"lazy\" decoding=\"async\" class=\"alignnone wp-image-631\" src=\"https:\/\/hydraulic-cylinders.net\/wp-content\/uploads\/2023\/08\/hydraulic-cylinder-product-6-300x225.webp\" alt=\"\" width=\"347\" height=\"260\" \/><\/p>\n<h3>(5) Tesztel\u00e9s<\/h3>\n<p>Els\u0151 oszt\u00e1ly\u00fa ellen\u0151rz\u0151 l\u00e9tes\u00edtm\u00e9nyekkel \u00e9s tesztpadokkal rendelkez\u00fcnk annak biztos\u00edt\u00e1s\u00e1ra, hogy a palack teljes\u00edtm\u00e9nye megfeleljen a k\u00f6vetelm\u00e9nyeknek.<\/p>\n<p><img loading=\"lazy\" decoding=\"async\" class=\"alignnone wp-image-632\" src=\"https:\/\/hydraulic-cylinders.net\/wp-content\/uploads\/2023\/08\/hydraulic-cylinder-product-8-300x200.webp\" alt=\"\" width=\"389\" height=\"260\" \/><\/p>\n<p>&nbsp;<\/p>\n<p>&nbsp;<\/p>\n<p>Mi vagyunk az egyik legjobb hidraulikus henger gy\u00e1rt\u00f3. \u00c1tfog\u00f3 hidraulikus hengereket k\u00edn\u00e1lunk. Megfelel\u0151 szolg\u00e1ltat\u00e1sokat is biztos\u00edtunk. <a href=\"https:\/\/hzpt.com\/agricultural-pto-gearbox\/\" target=\"_blank\" rel=\"noopener\">mez\u0151gazdas\u00e1gi sebess\u00e9gv\u00e1lt\u00f3k<\/a>Term\u00e9keinket vil\u00e1gszerte export\u00e1ltuk \u00fcgyfeleinknek, \u00e9s kiv\u00e1l\u00f3 term\u00e9kmin\u0151s\u00e9g\u00fcnknek \u00e9s \u00e9rt\u00e9kes\u00edt\u00e9s ut\u00e1ni szolg\u00e1ltat\u00e1sunknak k\u00f6sz\u00f6nhet\u0151en j\u00f3 h\u00edrnevet szerezt\u00fcnk. Szeretettel v\u00e1rjuk belf\u00f6ldi \u00e9s k\u00fclf\u00f6ldi \u00fcgyfeleinket, hogy \u00fczleti t\u00e1rgyal\u00e1sok, inform\u00e1ci\u00f3csere \u00e9s egy\u00e9b lehet\u0151s\u00e9gek c\u00e9lj\u00e1b\u00f3l kapcsolatba l\u00e9pjenek vel\u00fcnk. <a href=\"https:\/\/www.hydraulic-cylinders.net\/hu\/contact-us\/\">egy\u00fcttm\u0171k\u00f6dni vel\u00fcnk<\/a>!<\/p>","protected":false},"excerpt":{"rendered":"<p>Small Excavator Stick Cylinder The Small Excavator Stick Cylinder is a highly reliable and robust hydraulic component designed to enhance the performance and efficiency of small excavators. This cylinder is specifically engineered to deliver exceptional power, precision, and durability in compact construction machinery. The Small Excavator Stick Cylinder is a vital hydraulic component that significantly [&hellip;]<\/p>","protected":false},"featured_media":1489,"comment_status":"open","ping_status":"closed","template":"","meta":{"_et_pb_use_builder":"","_et_pb_old_content":"","_et_gb_content_width":""},"product_brand":[],"product_cat":[1550,1503,1376],"product_tag":[1380],"class_list":{"0":"post-1487","1":"product","2":"type-product","3":"status-publish","4":"has-post-thumbnail","6":"product_cat-double-acting-hydraulic-cylinder","7":"product_cat-excavator-hydraulic-cylinders","8":"product_cat-hydraulic-cylinder","9":"product_tag-hydraulic-cylinder","11":"first","12":"instock","13":"shipping-taxable","14":"product-type-simple"},"amp_enabled":true,"_links":{"self":[{"href":"https:\/\/www.hydraulic-cylinders.net\/hu\/wp-json\/wp\/v2\/product\/1487","targetHints":{"allow":["GET"]}}],"collection":[{"href":"https:\/\/www.hydraulic-cylinders.net\/hu\/wp-json\/wp\/v2\/product"}],"about":[{"href":"https:\/\/www.hydraulic-cylinders.net\/hu\/wp-json\/wp\/v2\/types\/product"}],"replies":[{"embeddable":true,"href":"https:\/\/www.hydraulic-cylinders.net\/hu\/wp-json\/wp\/v2\/comments?post=1487"}],"wp:featuredmedia":[{"embeddable":true,"href":"https:\/\/www.hydraulic-cylinders.net\/hu\/wp-json\/wp\/v2\/media\/1489"}],"wp:attachment":[{"href":"https:\/\/www.hydraulic-cylinders.net\/hu\/wp-json\/wp\/v2\/media?parent=1487"}],"wp:term":[{"taxonomy":"product_brand","embeddable":true,"href":"https:\/\/www.hydraulic-cylinders.net\/hu\/wp-json\/wp\/v2\/product_brand?post=1487"},{"taxonomy":"product_cat","embeddable":true,"href":"https:\/\/www.hydraulic-cylinders.net\/hu\/wp-json\/wp\/v2\/product_cat?post=1487"},{"taxonomy":"product_tag","embeddable":true,"href":"https:\/\/www.hydraulic-cylinders.net\/hu\/wp-json\/wp\/v2\/product_tag?post=1487"}],"curies":[{"name":"munkaf\u00fczet","href":"https:\/\/api.w.org\/{rel}","templated":true}]}}