{"id":15119,"date":"2025-01-19T14:07:48","date_gmt":"2025-01-19T14:07:48","guid":{"rendered":"https:\/\/www.hydraulic-cylinders.net\/product\/bucket-cylinder-for-komatsu-small-excavator-pc156-7\/"},"modified":"2025-01-19T14:07:50","modified_gmt":"2025-01-19T14:07:50","slug":"bucket-cylinder-for-komatsu-small-excavator-pc156-7","status":"publish","type":"product","link":"https:\/\/www.hydraulic-cylinders.net\/hu\/termek\/bucket-cylinder-for-komatsu-small-excavator-pc156-7\/","title":{"rendered":"Kan\u00e1lhenger Komatsu kis kotr\u00f3g\u00e9phez PC156-7"},"content":{"rendered":"<h2>Bevezet\u00e9s<\/h2>\n<h3>Kan\u00e1lhenger Komatsu kis kotr\u00f3g\u00e9phez PC156-7<\/h3>\n<p>A Komatsu PC156-7 kis kotr\u00f3g\u00e9p kan\u00e1lhengere egy kifejezetten a kan\u00e1l mozg\u00e1s\u00e1nak vez\u00e9rl\u00e9s\u00e9re tervezett hidraulikus henger, amelyet neh\u00e9zg\u00e9pekben, p\u00e9ld\u00e1ul kotr\u00f3g\u00e9pekben, kotr\u00f3rakod\u00f3kban \u00e9s homlokrakod\u00f3kban haszn\u00e1lnak. F\u0151 funkci\u00f3ja a kan\u00e1l emel\u00e9se, s\u00fcllyeszt\u00e9se \u00e9s billent\u00e9se, megk\u00f6nny\u00edtve ezzel a k\u00fcl\u00f6nf\u00e9le anyagmozgat\u00e1si feladatokat. A hidraulikus rendszerben a kan\u00e1lhenger a hidraulikaolaj nyom\u00e1s\u00e1nak v\u00e1ltoz\u00e1s\u00e1n kereszt\u00fcl vez\u00e9rli a kan\u00e1l pontos mozg\u00e1s\u00e1t, lehet\u0151v\u00e9 t\u00e9ve a kezel\u0151k sz\u00e1m\u00e1ra, hogy hat\u00e9konyan kezelj\u00e9k a neh\u00e9z terheket, \u00e9s alkalmazkodjanak az \u00f6sszetett munkak\u00f6rnyezetekhez \u00e9s a v\u00e1ltozatos munkak\u00f6vetelm\u00e9nyekhez.<\/p>\n<p><img decoding=\"async\" src=\"https:\/\/www.hydraulic-cylinders.net\/wp-content\/uploads\/2025\/01\/songte-company-2.webp\" alt=\"V\u00f6d\u00f6r henger k\u00e9pe\"><\/p>\n<h2>Jellemz\u0151k<\/h2>\n<ul>\n<li>Nagy szil\u00e1rds\u00e1g \u00e9s tart\u00f3ss\u00e1g: \u00c1ltal\u00e1ban nagy szil\u00e1rds\u00e1g\u00fa ac\u00e9lb\u00f3l vagy alum\u00edniumb\u00f3l k\u00e9sz\u00fcl, \u00edgy ellen\u00e1ll a nagy nyom\u00e1snak \u00e9s a nagy terhel\u00e9seknek, \u00edgy alkalmazkodik a zord munkak\u00f6rnyezethez. A kialak\u00edt\u00e1s sor\u00e1n a kop\u00e1s\u00e1ll\u00f3s\u00e1got \u00e9s a korr\u00f3zi\u00f3\u00e1ll\u00f3s\u00e1got is figyelembe vett\u00e9k, \u00edgy meghosszabb\u00edtva az \u00e9lettartamot.<\/li>\n<li>Hat\u00e9kony hidraulikus m\u0171k\u00f6d\u00e9s: A teleszk\u00f3pos mozg\u00e1s simas\u00e1g\u00e1t a hidraulikaolaj-nyom\u00e1s biztos\u00edtja, amely gyorsan reag\u00e1l a vez\u00e9rl\u0151parancsokra, \u00edgy nagy h\u00faz\u00f3-nyom\u00f3 er\u0151t biztos\u00edt, \u00edgy alkalmas neh\u00e9z terhek \u00e9s \u00f6sszetett munkafeladatok kezel\u00e9s\u00e9re.<\/li>\n<li>K\u00fcl\u00f6nb\u00f6z\u0151 t\u00edpusok: Az egyir\u00e1ny\u00fa hidraulikus m\u0171k\u00f6dtet\u00e9s\u0171) vagy a k\u00e9tir\u00e1ny\u00fa (mindk\u00e9t ir\u00e1nyban hidraulikus m\u0171k\u00f6dtet\u00e9s\u0171) hengerek a k\u00f6vetelm\u00e9nyeknek megfelel\u0151en v\u00e1laszthat\u00f3k ki, hogy megfeleljenek a k\u00fcl\u00f6nb\u00f6z\u0151 m\u0171k\u00f6d\u00e9si ig\u00e9nyeknek. Egyes modellek teleszk\u00f3posak, \u00edgy nagyobb b\u0151v\u00edt\u00e9st tesznek lehet\u0151v\u00e9 a k\u00fcls\u0151 m\u00e9retek n\u00f6vel\u00e9se n\u00e9lk\u00fcl, \u00edgy alkalmasak korl\u00e1tozott helyig\u00e9ny\u0171 alkalmaz\u00e1sokhoz.<\/li>\n<li>Kiv\u00e1l\u00f3 min\u0151s\u00e9g\u0171 csere: Term\u00e9k\u00fcnk t\u00f6k\u00e9letesen helyettes\u00edti ezeket a hidraulikus hengereket.<\/li>\n<\/ul>\n<p><img decoding=\"async\" src=\"https:\/\/www.hydraulic-cylinders.net\/wp-content\/uploads\/2025\/01\/songte-cylinder-head-with-all-kinds-excavator-models.webp\" alt=\"V\u00f6d\u00f6rhenger csere k\u00e9p\"><\/p>\n<h2>Alkalmaz\u00e1sok<\/h2>\n<p>A kan\u00e1lhenger k\u00fcl\u00f6nf\u00e9le g\u00e9pekben \u00e9s ipar\u00e1gakban haszn\u00e1lhat\u00f3, bele\u00e9rtve:<\/p>\n<ul>\n<li>\u00c9p\u00edt\u0151ipari berendez\u00e9sek: Kotr\u00f3g\u00e9pekben kritikus fontoss\u00e1g\u00faak az \u00e1s\u00e1shoz, a rakod\u00e1shoz \u00e9s a talaj vagy t\u00f6rmel\u00e9k mozgat\u00e1s\u00e1hoz. Kotr\u00f3g\u00e9p-rakod\u00f3kban a kan\u00e1lhenger seg\u00edti a f\u00f6ldmunk\u00e1t \u00e9s az emel\u00e9st. <\/li>\n<li>Mez\u0151gazdas\u00e1gi g\u00e9pek: Homlokrakod\u00f3kban haszn\u00e1lj\u00e1k talaj, sz\u00e9na \u00e9s egy\u00e9b anyagok \u00e1s\u00e1s\u00e1ra, emel\u00e9s\u00e9re \u00e9s sz\u00e1ll\u00edt\u00e1s\u00e1ra. <\/li>\n<li>Kotr\u00f3g\u00e9pek: A kan\u00e1lhenger lehet\u0151v\u00e9 teszi, hogy a kan\u00e1l behatoljon a talajba az \u00e1s\u00e1s \u00e9rdek\u00e9ben. <\/li>\n<li>Homlokrakod\u00f3k: A homlokrakod\u00f3k hat\u00e9konyan emelik \u00e9s \u00fcr\u00edtik az \u00e1rukat.<\/li>\n<\/ul>\n<p>Minden egyes alkalmaz\u00e1st az al\u00e1bbiakban ismertet\u00fcnk:<\/p>\n<ul>\n<li><strong>\u00c9p\u00edt\u0151ipari berendez\u00e9sek:<\/strong> Kotr\u00f3g\u00e9pekben a kan\u00e1lhenger talaj vagy t\u00f6rmel\u00e9k mozgat\u00e1s\u00e1ra szolg\u00e1l \u00e1s\u00e1ssal vagy emel\u00e9ssel. Kotr\u00f3g\u00e9p-rakod\u00f3g\u00e9pekben a kan\u00e1lhenger seg\u00edti az \u00e1s\u00e1st \u00e9s az emel\u00e9st.<\/li>\n<li><strong>Mez\u0151gazdas\u00e1gi g\u00e9pek:<\/strong> A kan\u00e1lhengert homlokrakod\u00f3kban haszn\u00e1lj\u00e1k talaj, sz\u00e9na \u00e9s egy\u00e9b anyagok mer\u00e9s\u00e9re, emel\u00e9s\u00e9re \u00e9s sz\u00e1ll\u00edt\u00e1s\u00e1ra.<\/li>\n<li><strong>Kotr\u00f3g\u00e9pek:<\/strong> A kan\u00e1lhenger lehet\u0151v\u00e9 teszi, hogy a kan\u00e1l behatoljon a talajba az \u00e1s\u00e1s \u00e9rdek\u00e9ben. Seg\u00edt a kotr\u00f3g\u00e9peknek gyorsan \u00e9s hat\u00e9konyan elv\u00e9gezni az \u00e1s\u00e1si feladatokat.<\/li>\n<li><strong>Homlokrakod\u00f3k:<\/strong> A homlokrakod\u00f3kn\u00e1l a kan\u00e1lhenger seg\u00edt az \u00e1ruk hat\u00e9kony emel\u00e9s\u00e9ben \u00e9s \u00fcr\u00edt\u00e9s\u00e9ben.<\/li>\n<\/ul>\n<h2>Tervez\u00e9si szempontok \u00e9s kiv\u00e1laszt\u00e1si krit\u00e9riumok<\/h2>\n<p>A tervez\u00e9si szempontokat tekintve az al\u00e1bbiakban a v\u00f6d\u00f6rhenger teherb\u00edr\u00e1s\u00e1t, t\u00f6m\u00edt\u00e9s\u00e9t, tart\u00f3ss\u00e1g\u00e1t, biztons\u00e1g\u00e1t \u00e9s karbantarthat\u00f3s\u00e1g\u00e1t t\u00e1rgyaljuk:<\/p>\n<ul>\n<li><strong>Teherb\u00edr\u00e1s:<\/strong> A v\u00f6d\u00f6rhengernek k\u00e9pesnek kell lennie ellen\u00e1llni a nagy terhel\u00e9seknek \u00e9s a nagy nyom\u00e1snak, mik\u00f6zben meg\u0151rzi a stabilit\u00e1s\u00e1t.<\/li>\n<li><strong>T\u00f6m\u00edt\u00e9s:<\/strong> A kan\u00e1lhengernek megfelel\u0151 t\u00f6m\u00edt\u00e9ssel kell rendelkeznie az olajsziv\u00e1rg\u00e1s megakad\u00e1lyoz\u00e1sa \u00e9s a z\u00f6kken\u0151mentes m\u0171k\u00f6d\u00e9s biztos\u00edt\u00e1sa \u00e9rdek\u00e9ben. A t\u00f6m\u00edt\u0151elemekhez \u00e1ltal\u00e1ban poliuret\u00e1nt, nitrilgumit \u00e9s m\u00e1s kop\u00e1s\u00e1ll\u00f3 anyagokat haszn\u00e1lnak.<\/li>\n<li><strong>Tart\u00f3ss\u00e1g:<\/strong> Kem\u00e9ny munkak\u00f6rnyezetben a v\u00f6d\u00f6rhengernek nagy kop\u00e1s\u00e1ll\u00f3s\u00e1ggal \u00e9s korr\u00f3zi\u00f3\u00e1ll\u00f3s\u00e1ggal kell rendelkeznie.<\/li>\n<li><strong>Biztons\u00e1g:<\/strong> A kan\u00e1lhengernek rendelkeznie kell a sz\u00fcks\u00e9ges biztons\u00e1gi funkci\u00f3kkal a balesetek megel\u0151z\u00e9se \u00e9s a kezel\u0151 biztons\u00e1g\u00e1nak garant\u00e1l\u00e1sa \u00e9rdek\u00e9ben.<\/li>\n<li><strong>Karbantarthat\u00f3s\u00e1g:<\/strong> A kan\u00e1lhengernek k\u00f6nnyen hozz\u00e1f\u00e9rhet\u0151 alkatr\u00e9szekkel kell rendelkeznie a gyors \u00e9s egyszer\u0171 karbantart\u00e1s \u00e9s jav\u00edt\u00e1s \u00e9rdek\u00e9ben. <\/li>\n<\/ul>\n<p><img decoding=\"async\" src=\"https:\/\/www.hydraulic-cylinders.net\/wp-content\/uploads\/2025\/01\/songte-oil-pipes-and-spare-parts.webp\" alt=\"V\u00f6d\u00f6rhenger alkatr\u00e9szek k\u00e9pe\"><\/p>\n<h2>T\u00f6m\u00edt\u00e9s \u00e9s ken\u00e9s<\/h2>\n<p>A kan\u00e1lhenger t\u00f6m\u00edt\u00e9s\u00e9t \u00e9s ken\u00e9s\u00e9t komolyan kell venni. A hengerben k\u00fcl\u00f6nf\u00e9le t\u00f6m\u00edt\u0151elemeket kell haszn\u00e1lni, p\u00e9ld\u00e1ul dugatty\u00fat\u00f6m\u00edt\u00e9seket \u00e9s r\u00fadt\u00f6m\u00edt\u00e9seket, amelyek kop\u00e1s\u00e1ll\u00f3 anyagokb\u00f3l, p\u00e9ld\u00e1ul poliuret\u00e1nb\u00f3l \u00e9s nitrilgumib\u00f3l k\u00e9sz\u00fclnek. A henger test\u00e9t \u00e9s menetes v\u00e9gfel\u00fcleteit finoman kell megmunk\u00e1lni a kop\u00e1s\u00e1ll\u00f3s\u00e1g jav\u00edt\u00e1sa \u00e9rdek\u00e9ben. A megfelel\u0151 ken\u00e9s elengedhetetlen a z\u00f6kken\u0151mentes m\u0171k\u00f6d\u00e9shez, a rendszeres olajcsere pedig a megfelel\u0151 karbantart\u00e1shoz sz\u00fcks\u00e9ges.<\/p>\n<h2>Karbantart\u00e1s \u00e9s jav\u00edt\u00e1s<\/h2>\n<p>A rendszeres ellen\u0151rz\u00e9sek \u00e9s a megel\u0151z\u0151 karbantart\u00e1si int\u00e9zked\u00e9sek seg\u00edtenek minimaliz\u00e1lni a lehets\u00e9ges probl\u00e9m\u00e1kat. A megfelel\u0151 telep\u00edt\u00e9s, ken\u00e9s \u00e9s be\u00e1ll\u00edt\u00e1s elengedhetetlen az optim\u00e1lis teljes\u00edtm\u00e9ny biztos\u00edt\u00e1s\u00e1hoz. N\u00e9h\u00e1ny gyakori karbantart\u00e1si feladat:<\/p>\n<ul>\n<li>Rendszeres ellen\u0151rz\u00e9s<\/li>\n<li>Megfelel\u0151 ken\u00e9s<\/li>\n<li>T\u00f6m\u00edt\u00e9s csere<\/li>\n<li>Kalibr\u00e1ci\u00f3s ellen\u0151rz\u00e9sek<\/li>\n<\/ul>\n<p>Minden feladatot az al\u00e1bbiakban ismertet\u00fcnk:<\/p>\n<ul>\n<li><strong>Rendszeres ellen\u0151rz\u00e9s:<\/strong> A rendszeres ellen\u0151rz\u00e9sek seg\u00edtenek a probl\u00e9m\u00e1k korai felismer\u00e9s\u00e9ben \u00e9s a potenci\u00e1lis \u00e1ll\u00e1sid\u0151 minimaliz\u00e1l\u00e1s\u00e1ban. A kop\u00e1s, s\u00e9r\u00fcl\u00e9s \u00e9s sziv\u00e1rg\u00e1sok jeleit rendszeresen ellen\u0151rizni kell.<\/li>\n<li><strong>Megfelel\u0151 ken\u00e9s:<\/strong> A ken\u00e9s elengedhetetlen a henger zavartalan m\u0171k\u00f6d\u00e9s\u00e9hez. A hengert rendszeresen kenni kell a zavartalan m\u0171k\u00f6d\u00e9s biztos\u00edt\u00e1sa \u00e9rdek\u00e9ben.<\/li>\n<li><strong>T\u00f6m\u00edt\u00e9scsere:<\/strong> A t\u00f6m\u00edt\u00e9sek kritikus fontoss\u00e1g\u00faak az olajsziv\u00e1rg\u00e1s megel\u0151z\u00e9s\u00e9ben \u00e9s a zavartalan m\u0171k\u00f6d\u00e9s biztos\u00edt\u00e1s\u00e1ban. Rendszeres karbantart\u00e1si ellen\u0151rz\u00e9seket kell v\u00e9gezni a t\u00f6m\u00edt\u00e9sek j\u00f3 \u00e1llapot\u00e1nak biztos\u00edt\u00e1sa \u00e9rdek\u00e9ben. <\/li>\n<li><strong>Kalibr\u00e1ci\u00f3s ellen\u0151rz\u00e9sek:<\/strong> A kalibr\u00e1ci\u00f3s ellen\u0151rz\u00e9sek biztos\u00edtj\u00e1k a palack megfelel\u0151 m\u0171k\u00f6d\u00e9s\u00e9t. Ha kalibr\u00e1ci\u00f3s probl\u00e9m\u00e1kat \u00e9szlelnek, azokat halad\u00e9ktalanul orvosolni kell.<\/li>\n<\/ul>\n<p><img decoding=\"async\" src=\"https:\/\/www.hydraulic-cylinders.net\/wp-content\/uploads\/2025\/01\/songte-chushion-collar.webp\" alt=\"V\u00f6d\u00f6rhenger karbantart\u00e1si k\u00e9p\"><\/p>\n<h2>Biztons\u00e1gi szempontok \u00e9s k\u00f6rnyezeti t\u00e9nyez\u0151k<\/h2>\n<p>A serleghenger haszn\u00e1latakor elengedhetetlen a biztons\u00e1gi int\u00e9zked\u00e9sek betart\u00e1sa. A kezel\u0151 biztons\u00e1ga \u00e9rdek\u00e9ben be kell tartani a megfelel\u0151 telep\u00edt\u00e9si, karbantart\u00e1si \u00e9s \u00fczemeltet\u00e9si utas\u00edt\u00e1sokat. Ezenk\u00edv\u00fcl a serleghenger haszn\u00e1latakor figyelembe kell venni a k\u00f6rnyezeti t\u00e9nyez\u0151ket, p\u00e9ld\u00e1ul a h\u0151m\u00e9rs\u00e9kletet, a p\u00e1ratartalmat \u00e9s a port.<\/p>\n<h2>Hibaelh\u00e1r\u00edt\u00e1s \u00e9s gyakori probl\u00e9m\u00e1k<\/h2>\n<p>A kan\u00e1lhenger haszn\u00e1lata sor\u00e1n n\u00e9h\u00e1ny gyakori probl\u00e9ma mer\u00fclhet fel, p\u00e9ld\u00e1ul olajsziv\u00e1rg\u00e1s, el\u00e9gtelen nyom\u00e1s \u00e9s hib\u00e1s be\u00e1ll\u00edt\u00e1s. A lehets\u00e9ges probl\u00e9m\u00e1k minimaliz\u00e1l\u00e1sa \u00e9rdek\u00e9ben k\u00f6vesse a hibaelh\u00e1r\u00edt\u00e1si tippeket, megold\u00e1sokat \u00e9s megel\u0151z\u0151 int\u00e9zked\u00e9seket. <\/p>\n<p><img decoding=\"async\" src=\"https:\/\/www.hydraulic-cylinders.net\/wp-content\/uploads\/2025\/01\/songte-bushings-with-all-kinds-of-excavator-models.webp\" alt=\"V\u00f6d\u00f6rhenger hibaelh\u00e1r\u00edt\u00e1si k\u00e9pe\"><\/p>\n<h2>C\u00e9g\u00fcnkr\u0151l<\/h2>\n<p>Csere hidraulikus hengerek gy\u00e1rt\u00f3ja vagyunk. C\u00e9g\u00fcnk teljes term\u00e9kk\u00edn\u00e1lattal rendelkezik, \u00e9s a hazai \u00e9s nemzetk\u00f6zi piacok egyik vezet\u0151 hidraulikus henger gy\u00e1rt\u00f3ja \u00e9s nagykeresked\u0151je. Ragaszkodunk a kiv\u00e1l\u00f3 min\u0151s\u00e9ghez, \u00e9s a finomgy\u00e1rt\u00f3 m\u0171helyek ipari termel\u00e9sir\u00e1ny\u00edt\u00e1si strat\u00e9gi\u00e1j\u00e1ra t\u00e1maszkodunk. C\u00e9g\u00fcnk folyamatosan fejleszti m\u0171hely\u00fcnk gy\u00e1rt\u00e1si platformj\u00e1t, t\u00f6k\u00e9letes\u00edti a term\u00e9kmin\u0151s\u00e9g gy\u00e1rt\u00e1si \u00fatvonal\u00e1t, \u00e9s er\u0151s kreat\u00edv k\u00e9pess\u00e9gekkel rendelkezik, \u00edgy \u00fcgyfeleinket a nagy hat\u00e9konys\u00e1g, a nagy pontoss\u00e1g \u00e9s a kiv\u00e1l\u00f3 min\u0151s\u00e9g elveivel el\u00e9g\u00edtj\u00fck ki.<\/p>\n<p><img decoding=\"async\" src=\"https:\/\/hzpt.com\/wp-content\/uploads\/2024\/11\/songte-company-1.webp\" alt=\"C\u00e9ges im\u00e1zs\"><\/p>\n<h3>Szakmaiass\u00e1g<\/h3>\n<p>Professzion\u00e1lis m\u00e9rn\u00f6k\u00f6kb\u0151l \u00e9s technikusokb\u00f3l \u00e1ll\u00f3 csapatunk k\u00e9pes kiv\u00e1l\u00f3 min\u0151s\u00e9g\u0171 hidraulikus hengerek tervez\u00e9s\u00e9re \u00e9s gy\u00e1rt\u00e1s\u00e1ra az \u00fcgyfelek ig\u00e9nyei szerint.<\/p>\n<h3>Nemzetk\u00f6zi min\u0151s\u00edt\u00e9s<\/h3>\n<p>C\u00e9g\u00fcnk sz\u00e1mos nemzetk\u00f6zi tan\u00fas\u00edtv\u00e1nnyal rendelkezik, bele\u00e9rtve a CE \u00e9s ISO min\u0151s\u00edt\u00e9seket. \u00dcgyfeleink biztosak lehetnek benne, hogy term\u00e9keink megfelelnek a nemzetk\u00f6zi min\u0151s\u00e9gi el\u0151\u00edr\u00e1soknak.<\/p>\n<h3>Testreszab\u00e1si szolg\u00e1ltat\u00e1sok<\/h3>\n<p>Testreszab\u00e1si szolg\u00e1ltat\u00e1sokat k\u00edn\u00e1lunk \u00fcgyfeleink egyedi ig\u00e9nyeinek kiel\u00e9g\u00edt\u00e9s\u00e9re. Csapatunk hidraulikus hengereket tervez \u00e9s gy\u00e1rt az \u00fcgyfelek ig\u00e9nyei szerint.<\/p>\n<h3>Termel\u00e9si berendez\u00e9sek<\/h3>\n<p>C\u00e9g\u00fcnk korszer\u0171 gy\u00e1rt\u00f3berendez\u00e9seket haszn\u00e1l, bele\u00e9rtve a CNC eszterg\u00e1kat \u00e9s megmunk\u00e1l\u00f3k\u00f6zpontokat, term\u00e9keink pontoss\u00e1g\u00e1nak \u00e9s precizit\u00e1s\u00e1nak biztos\u00edt\u00e1sa \u00e9rdek\u00e9ben.<\/p>\n<h3>\u00c9rt\u00e9kes\u00edt\u00e9s ut\u00e1ni szolg\u00e1ltat\u00e1s<\/h3>\n<p>Kiv\u00e1l\u00f3 \u00e9rt\u00e9kes\u00edt\u00e9s ut\u00e1ni szolg\u00e1ltat\u00e1st ny\u00fajtunk, bele\u00e9rtve a m\u0171szaki t\u00e1mogat\u00e1st \u00e9s a term\u00e9kkarbantart\u00e1st. Csapatunk k\u00e9szs\u00e9ggel v\u00e1laszol \u00fcgyfeleink k\u00e9rd\u00e9seire \u00e9s agg\u00e1lyaira.<\/p>\n<h4>Szerz\u0151: lyl<\/h4>","protected":false},"excerpt":{"rendered":"<p>Introduction Bucket Cylinder for Komatsu Small Excavator PC156-7 The Bucket Cylinder for Komatsu Small Excavator PC156-7 is a specifically designed hydraulic cylinder used for controlling the movement of the bucket in heavy machinery such as excavators, backhoe loaders, and front-end loaders. Its main function is to enable the bucket to lift, lower, and tilt, making [&hellip;]<\/p>","protected":false},"featured_media":14787,"comment_status":"open","ping_status":"closed","template":"","meta":{"_et_pb_use_builder":"","_et_pb_old_content":"","_et_gb_content_width":""},"product_brand":[],"product_cat":[1494],"product_tag":[1495,1496],"class_list":{"0":"post-15119","1":"product","2":"type-product","3":"status-publish","4":"has-post-thumbnail","6":"product_cat-bucket-cylinders","7":"product_tag-bucket-cylinders","8":"product_tag-hydraulic-cylinders","10":"first","11":"instock","12":"shipping-taxable","13":"product-type-simple"},"amp_enabled":true,"_links":{"self":[{"href":"https:\/\/www.hydraulic-cylinders.net\/hu\/wp-json\/wp\/v2\/product\/15119","targetHints":{"allow":["GET"]}}],"collection":[{"href":"https:\/\/www.hydraulic-cylinders.net\/hu\/wp-json\/wp\/v2\/product"}],"about":[{"href":"https:\/\/www.hydraulic-cylinders.net\/hu\/wp-json\/wp\/v2\/types\/product"}],"replies":[{"embeddable":true,"href":"https:\/\/www.hydraulic-cylinders.net\/hu\/wp-json\/wp\/v2\/comments?post=15119"}],"wp:featuredmedia":[{"embeddable":true,"href":"https:\/\/www.hydraulic-cylinders.net\/hu\/wp-json\/wp\/v2\/media\/14787"}],"wp:attachment":[{"href":"https:\/\/www.hydraulic-cylinders.net\/hu\/wp-json\/wp\/v2\/media?parent=15119"}],"wp:term":[{"taxonomy":"product_brand","embeddable":true,"href":"https:\/\/www.hydraulic-cylinders.net\/hu\/wp-json\/wp\/v2\/product_brand?post=15119"},{"taxonomy":"product_cat","embeddable":true,"href":"https:\/\/www.hydraulic-cylinders.net\/hu\/wp-json\/wp\/v2\/product_cat?post=15119"},{"taxonomy":"product_tag","embeddable":true,"href":"https:\/\/www.hydraulic-cylinders.net\/hu\/wp-json\/wp\/v2\/product_tag?post=15119"}],"curies":[{"name":"munkaf\u00fczet","href":"https:\/\/api.w.org\/{rel}","templated":true}]}}