{"id":15121,"date":"2025-01-19T14:07:55","date_gmt":"2025-01-19T14:07:55","guid":{"rendered":"https:\/\/www.hydraulic-cylinders.net\/product\/bucket-cylinder-for-komatsu-small-excavator-pc120-3-5-6-6e-7\/"},"modified":"2025-01-19T14:07:57","modified_gmt":"2025-01-19T14:07:57","slug":"bucket-cylinder-for-komatsu-small-excavator-pc120-3-5-6-6e-7","status":"publish","type":"product","link":"https:\/\/www.hydraulic-cylinders.net\/hu\/termek\/bucket-cylinder-for-komatsu-small-excavator-pc120-3-5-6-6e-7\/","title":{"rendered":"Kan\u00e1lhenger Komatsu kis kotr\u00f3g\u00e9phez PC120-3-5-6-6E-7"},"content":{"rendered":"<h1>Kan\u00e1lhenger Komatsu kis kotr\u00f3g\u00e9phez PC120-3-5-6-6E-7<\/h1>\n<h2>Bevezet\u00e9s<\/h2>\n<p>A kan\u00e1lhenger egy speci\u00e1lisan tervezett hidraulikus henger, amelyet els\u0151sorban a neh\u00e9zg\u00e9pek, p\u00e9ld\u00e1ul kotr\u00f3g\u00e9pek, kotr\u00f3g\u00e9pek \u00e9s homlokrakod\u00f3k kan\u00e1lj\u00e1nak mozg\u00e1s\u00e1nak vez\u00e9rl\u00e9s\u00e9re haszn\u00e1lnak. F\u0151 funkci\u00f3ja a kan\u00e1l emel\u00e9se, s\u00fcllyeszt\u00e9se \u00e9s billent\u00e9se, megk\u00f6nny\u00edtve ezzel a k\u00fcl\u00f6nf\u00e9le anyagmozgat\u00e1si feladatokat. A hidraulikus rendszerben a kan\u00e1lhenger a hidraulikaolaj nyom\u00e1s\u00e1nak v\u00e1ltoztat\u00e1s\u00e1val prec\u00edzen szab\u00e1lyozza a kan\u00e1l mozg\u00e1s\u00e1t, lehet\u0151v\u00e9 t\u00e9ve a kezel\u0151k sz\u00e1m\u00e1ra, hogy hat\u00e9konyan kezelj\u00e9k a neh\u00e9z terheket, \u00e9s alkalmazkodjanak az \u00f6sszetett munkak\u00f6rnyezetekhez \u00e9s a v\u00e1ltozatos munkak\u00f6vetelm\u00e9nyekhez.<\/p>\n<p><img decoding=\"async\" src=\"https:\/\/www.hydraulic-cylinders.net\/wp-content\/uploads\/2025\/01\/songte-company-2.webp\" alt=\"V\u00f6d\u00f6r henger k\u00e9pe\"><\/p>\n<h2>Jellemz\u0151k<\/h2>\n<ul>\n<li>Nagy szil\u00e1rds\u00e1g \u00e9s tart\u00f3ss\u00e1g: \u00c1ltal\u00e1ban nagy szil\u00e1rds\u00e1g\u00fa ac\u00e9lb\u00f3l vagy alum\u00edniumb\u00f3l k\u00e9sz\u00fcl, \u00edgy ellen\u00e1ll a nagy nyom\u00e1snak \u00e9s a nagy terhel\u00e9seknek, alkalmazkodva a zord munkak\u00f6rnyezethez. A kialak\u00edt\u00e1s sor\u00e1n figyelembe vett\u00e9k a kop\u00e1s\u00e1ll\u00f3s\u00e1got \u00e9s a korr\u00f3zi\u00f3\u00e1ll\u00f3s\u00e1got az \u00e9lettartam meghosszabb\u00edt\u00e1sa \u00e9rdek\u00e9ben.<\/li>\n<li>Hat\u00e9kony hidraulikus m\u0171k\u00f6d\u00e9s: A hidraulikaolaj-nyom\u00e1snak k\u00f6sz\u00f6nhet\u0151en a sima kiny\u00fal\u00e1s \u00e9s \u00f6sszeh\u00faz\u00f3d\u00e1s mozg\u00e1sok gyorsan reag\u00e1lnak a vez\u00e9rl\u0151parancsokra, er\u0151s tol\u00f3- \u00e9s h\u00faz\u00f3er\u0151t biztos\u00edtva, ami alkalmas neh\u00e9z terhek \u00e9s \u00f6sszetett m\u0171k\u00f6d\u00e9si feladatok kezel\u00e9s\u00e9re.<\/li>\n<li>K\u00fcl\u00f6nb\u00f6z\u0151 t\u00edpusok: A hengert\u00edpusok az ig\u00e9nyeknek megfelel\u0151en v\u00e1laszthat\u00f3k ki, p\u00e9ld\u00e1ul egyszeres m\u0171k\u00f6d\u00e9s\u0171ek (hidraulikusan csak egy ir\u00e1nyban) vagy kett\u0151s m\u0171k\u00f6d\u00e9s\u0171ek (hidraulikusan k\u00e9t ir\u00e1nyban), hogy megfeleljenek a k\u00fcl\u00f6nb\u00f6z\u0151 m\u0171k\u00f6d\u00e9si ig\u00e9nyeknek. Egyes modellek teleszk\u00f3posak, \u00edgy nagyobb kiny\u00fal\u00e1st tesznek lehet\u0151v\u00e9 a k\u00fcls\u0151 m\u00e9retek n\u00f6vel\u00e9se n\u00e9lk\u00fcl, \u00edgy alkalmasak korl\u00e1tozott helyig\u00e9ny\u0171 alkalmaz\u00e1sokhoz.<\/li>\n<li>T\u00f6k\u00e9letes csere: Term\u00e9k\u00fcnk t\u00f6k\u00e9letesen helyettes\u00edtheti ezeket a hidraulikus hengereket.<\/li>\n<\/ul>\n<p><img decoding=\"async\" src=\"https:\/\/www.hydraulic-cylinders.net\/wp-content\/uploads\/2025\/01\/songte-cylinder-head-with-all-kinds-excavator-models.webp\" alt=\"V\u00f6d\u00f6r henger k\u00e9pe\"><\/p>\n<h2>Alkalmaz\u00e1sok<\/h2>\n<p>A kan\u00e1lhengereket gyakran haszn\u00e1lj\u00e1k k\u00fcl\u00f6nf\u00e9le neh\u00e9zg\u00e9pekben, bele\u00e9rtve:<\/p>\n<ul>\n<li>\u00c9p\u00edt\u0151ipari berendez\u00e9sek: Kotr\u00f3g\u00e9pekben kritikus fontoss\u00e1g\u00faak az \u00e1s\u00e1shoz, a rakod\u00e1shoz \u00e9s a talaj vagy t\u00f6rmel\u00e9k mozgat\u00e1s\u00e1hoz. A kotr\u00f3g\u00e9pekben a kan\u00e1lhenger mind az \u00e1s\u00e1st, mind az emel\u00e9st seg\u00edti. <\/li>\n<li>Mez\u0151gazdas\u00e1gi g\u00e9pek: Homlokrakod\u00f3kban haszn\u00e1lj\u00e1k talaj, sz\u00e9na \u00e9s egy\u00e9b anyagok \u00e1s\u00e1s\u00e1ra, emel\u00e9s\u00e9re \u00e9s sz\u00e1ll\u00edt\u00e1s\u00e1ra. <\/li>\n<li>Kotr\u00f3g\u00e9pek: A kan\u00e1lhenger lehet\u0151v\u00e9 teszi a kotr\u00f3g\u00e9p sz\u00e1m\u00e1ra az \u00e1s\u00e1st az\u00e1ltal, hogy lehet\u0151v\u00e9 teszi a kan\u00e1l talajba val\u00f3 behatol\u00e1s\u00e1t. <\/li>\n<li>Rakod\u00f3k: A homlokrakod\u00f3kban hat\u00e9konyan seg\u00edtik a rakom\u00e1nyok emel\u00e9s\u00e9t \u00e9s billent\u00e9s\u00e9t. <\/li>\n<\/ul>\n<h2>Tervez\u00e9si szempontok \u00e9s kiv\u00e1laszt\u00e1si szabv\u00e1nyok<\/h2>\n<p>Egy serleghenger tervez\u00e9sekor k\u00fcl\u00f6n\u00f6s figyelmet kell ford\u00edtani a teherb\u00edr\u00e1s\u00e1ra, t\u00f6m\u00edt\u00e9s\u00e9re, tart\u00f3ss\u00e1g\u00e1ra, biztons\u00e1g\u00e1ra \u00e9s karbantart\u00e1s\u00e1ra. N\u00e9h\u00e1ny a tervez\u00e9si szempontok k\u00f6z\u00fcl:<\/p>\n<ul>\n<li>Teherb\u00edr\u00e1s: A hengernek k\u00e9pesnek kell lennie ellen\u00e1llni a m\u0171k\u00f6d\u00e9s sor\u00e1n v\u00e1rhat\u00f3 maxim\u00e1lis terhel\u00e9snek.<\/li>\n<li>T\u00f6m\u00edt\u00e9s: K\u00fcl\u00f6nb\u00f6z\u0151 t\u00f6m\u00edt\u0151anyagok, p\u00e9ld\u00e1ul dugatty\u00fat\u00f6m\u00edt\u00e9sek, r\u00fadt\u00f6m\u00edt\u00e9sek stb. haszn\u00e1lata kop\u00e1s\u00e1ll\u00f3 anyagokkal, p\u00e9ld\u00e1ul poliuret\u00e1nnal \u00e9s nitrilgumival meghosszabb\u00edthatja a henger \u00e9lettartam\u00e1t.<\/li>\n<li>Tart\u00f3ss\u00e1g: A hengertestet \u00e9s a menet v\u00e9g\u00e9t finoman meg kell munk\u00e1lni, ami n\u00f6veli a henger kop\u00e1s\u00e1ll\u00f3s\u00e1g\u00e1t.<\/li>\n<li>Biztons\u00e1g: A palackokat \u00fagy kell megtervezni, hogy megakad\u00e1lyozz\u00e1k a sziv\u00e1rg\u00e1st, t\u00f6r\u00e9st vagy a nyom\u00e1s hirtelen felszabadul\u00e1s\u00e1t, biztos\u00edtva a berendez\u00e9sek \u00e9s a kezel\u0151k biztons\u00e1g\u00e1t.<\/li>\n<li>Karbantart\u00e1s: A rendszeres karbantart\u00e1s, p\u00e9ld\u00e1ul a henger ellen\u0151rz\u00e9se \u00e9s be\u00e1ll\u00edt\u00e1sa biztos\u00edthatja annak megfelel\u0151 m\u0171k\u00f6d\u00e9s\u00e9t \u00e9s meghosszabb\u00edthatja \u00e9lettartam\u00e1t.<\/li>\n<\/ul>\n<p><img decoding=\"async\" src=\"https:\/\/www.hydraulic-cylinders.net\/wp-content\/uploads\/2025\/01\/songte-oil-pipes-and-spare-parts.webp\" alt=\"V\u00f6d\u00f6r henger k\u00e9pe\"><\/p>\n<h2>T\u00f6m\u00edt\u00e9s \u00e9s ken\u00e9s<\/h2>\n<p>A serleghengerek k\u00fcl\u00f6nf\u00e9le t\u00f6m\u00edt\u0151elemeket haszn\u00e1lnak, p\u00e9ld\u00e1ul dugatty\u00fat\u00f6m\u00edt\u00e9seket \u00e9s r\u00fadt\u00f6m\u00edt\u00e9seket a hidraulikaolaj sziv\u00e1rg\u00e1s\u00e1nak megakad\u00e1lyoz\u00e1s\u00e1ra. A haszn\u00e1lt t\u00f6m\u00edt\u0151anyagok \u00e1ltal\u00e1ban poliuret\u00e1n \u00e9s nitrilkaucsuk, amelyek kop\u00e1s\u00e1ll\u00f3ak \u00e9s kiv\u00e1l\u00f3 t\u00f6m\u00edt\u0151 tulajdons\u00e1gokkal rendelkeznek. A megfelel\u0151 ken\u00e9s szint\u00e9n elengedhetetlen a henger z\u00f6kken\u0151mentes m\u0171k\u00f6d\u00e9s\u00e9nek biztos\u00edt\u00e1s\u00e1hoz. Javasoljuk a megfelel\u0151 mennyis\u00e9g\u0171 hidraulikaolaj rendszeres ut\u00e1nt\u00f6lt\u00e9s\u00e9t.<\/p>\n<h2>Megel\u0151z\u0151 karbantart\u00e1s \u00e9s hibaelh\u00e1r\u00edt\u00e1s<\/h2>\n<p>A megel\u0151z\u0151 karbantart\u00e1s elengedhetetlen a kan\u00e1lhenger hossz\u00fa \u00e9lettartam\u00e1nak biztos\u00edt\u00e1s\u00e1hoz. A rendszeres ellen\u0151rz\u00e9sek, a megfelel\u0151 ken\u00e9s, a t\u00f6m\u00edt\u0151elemek cser\u00e9je \u00e9s a kalibr\u00e1ci\u00f3s ellen\u0151rz\u00e9sek gyakori karbantart\u00e1si feladatok. Ha probl\u00e9m\u00e1k mer\u00fclnek fel, a megfelel\u0151 hibaelh\u00e1r\u00edt\u00e1si technik\u00e1k seg\u00edthetnek a probl\u00e9ma hat\u00e9kony diagnosztiz\u00e1l\u00e1s\u00e1ban \u00e9s megold\u00e1s\u00e1ban. Fontos a megel\u0151z\u0151 int\u00e9zked\u00e9sek megt\u00e9tele is a potenci\u00e1lis probl\u00e9m\u00e1k minimaliz\u00e1l\u00e1sa \u00e9rdek\u00e9ben.<\/p>\n<p><img decoding=\"async\" src=\"https:\/\/www.hydraulic-cylinders.net\/wp-content\/uploads\/2025\/01\/songte-chushion-collar.webp\" alt=\"V\u00f6d\u00f6r henger k\u00e9pe\"><\/p>\n<h2>Biztons\u00e1gi \u00e9s k\u00f6rnyezetv\u00e9delmi szempontok<\/h2>\n<p>Serleghengerek haszn\u00e1latakor biztons\u00e1gi \u00f3vint\u00e9zked\u00e9seket kell tenni a balesetek \u00e9s s\u00e9r\u00fcl\u00e9sek megel\u0151z\u00e9se \u00e9rdek\u00e9ben. Fontos betartani a biztons\u00e1gi ir\u00e1nyelveket \u00e9s utas\u00edt\u00e1sokat a henger megfelel\u0151 telep\u00edt\u00e9s\u00e9hez \u00e9s \u00fczemeltet\u00e9s\u00e9hez. K\u00f6rnyezetv\u00e9delmi szempontb\u00f3l a haszn\u00e1lt hidraulikaolaj \u00e9s egy\u00e9b hengeralkatr\u00e9szek megfelel\u0151 \u00e1rtalmatlan\u00edt\u00e1sa elengedhetetlen a k\u00f6rnyezetszennyez\u00e9s megel\u0151z\u00e9se \u00e9rdek\u00e9ben.<\/p>\n<h2>C\u00e9gbemutat\u00f3<\/h2>\n<p>A hidraulikus hengerek vezet\u0151 gy\u00e1rt\u00f3i \u00e9s nagykereskedelmi forgalmaz\u00f3i vagyunk a hazai \u00e9s a nemzetk\u00f6zi piacokon. Term\u00e9kk\u00edn\u00e1latunk \u00e1tfog\u00f3, \u00e9s a min\u0151s\u00e9g ter\u00e9n a kiv\u00e1l\u00f3s\u00e1gra t\u00f6reksz\u00fcnk. Iparos\u00edtott termel\u00e9sir\u00e1ny\u00edt\u00e1si strat\u00e9gi\u00e1inkkal, k\u00e9pzett tehets\u00e9gekkel, cs\u00facskateg\u00f3ri\u00e1s digit\u00e1lis gy\u00e1rt\u00f3berendez\u00e9sekkel \u00e9s professzion\u00e1lis tesztel\u0151rendszerekkel folyamatosan fejlesztj\u00fck gy\u00e1rt\u00e1si platformunkat, t\u00f6k\u00e9letes\u00edtj\u00fck a gy\u00e1rt\u00e1si folyamatot, \u00e9s er\u0151s innov\u00e1ci\u00f3s k\u00e9pess\u00e9gekkel rendelkez\u00fcnk, hogy kiel\u00e9g\u00edts\u00fck \u00fcgyfeleink sokr\u00e9t\u0171 ig\u00e9nyeit.<\/p>\n<ul>\n<li>Professzionalizmus: Professzion\u00e1lis m\u00e9rn\u00f6k\u00f6kb\u0151l \u00e1ll\u00f3 csapatunk az \u00fcgyfelek ig\u00e9nyei szerint testreszabott szolg\u00e1ltat\u00e1sokat tud ny\u00fajtani.<\/li>\n<li>Nemzetk\u00f6zi tan\u00fas\u00edtv\u00e1ny: Term\u00e9keink megfeleltek a nemzetk\u00f6zi tan\u00fas\u00edtv\u00e1nyoknak, mint p\u00e9ld\u00e1ul az ISO9001 \u00e9s a CE.<\/li>\n<li>Testreszab\u00e1si szolg\u00e1ltat\u00e1s: K\u00fcl\u00f6nb\u00f6z\u0151 hidraulikus hengerekhez k\u00edn\u00e1lunk testreszab\u00e1si szolg\u00e1ltat\u00e1sokat az \u00fcgyf\u00e9l ig\u00e9nyei szerint.<\/li>\n<li>Gy\u00e1rt\u00f3berendez\u00e9sek: Korszer\u0171 gy\u00e1rt\u00f3berendez\u00e9sekkel rendelkez\u00fcnk, mint p\u00e9ld\u00e1ul CNC eszterg\u00e1k, megmunk\u00e1l\u00f3k\u00f6zpontok \u00e9s hegeszt\u0151robotok.<\/li>\n<li>\u00c9rt\u00e9kes\u00edt\u00e9s ut\u00e1ni szolg\u00e1ltat\u00e1s: Kiv\u00e1l\u00f3 min\u0151s\u00e9g\u0171 \u00e9rt\u00e9kes\u00edt\u00e9s ut\u00e1ni szolg\u00e1ltat\u00e1st ny\u00fajtunk, bele\u00e9rtve az alkatr\u00e9szcser\u00e9t \u00e9s az \u00fajj\u00e1\u00e9p\u00edt\u00e9si szolg\u00e1ltat\u00e1sokat.<\/li>\n<\/ul>\n<p><img decoding=\"async\" src=\"https:\/\/hzpt.com\/wp-content\/uploads\/2024\/11\/songte-company-1.webp\" alt=\"V\u00f6d\u00f6r henger k\u00e9pe\"><\/p>\n<p>Szerz\u0151: lyl<\/p>","protected":false},"excerpt":{"rendered":"<p>Bucket Cylinder For Komatsu Small Excavator PC120-3-5-6-6E-7 Introduction A bucket cylinder is a specially designed hydraulic cylinder that is primarily used to control the movement of the bucket in heavy machinery, such as excavators, backhoes, and front-end loaders. Its main function is to enable the bucket to be raised, lowered, and tilted, making it easier [&hellip;]<\/p>","protected":false},"featured_media":14784,"comment_status":"open","ping_status":"closed","template":"","meta":{"_et_pb_use_builder":"","_et_pb_old_content":"","_et_gb_content_width":""},"product_brand":[],"product_cat":[1494],"product_tag":[1495,1496],"class_list":{"0":"post-15121","1":"product","2":"type-product","3":"status-publish","4":"has-post-thumbnail","6":"product_cat-bucket-cylinders","7":"product_tag-bucket-cylinders","8":"product_tag-hydraulic-cylinders","10":"first","11":"instock","12":"shipping-taxable","13":"product-type-simple"},"amp_enabled":true,"_links":{"self":[{"href":"https:\/\/www.hydraulic-cylinders.net\/hu\/wp-json\/wp\/v2\/product\/15121","targetHints":{"allow":["GET"]}}],"collection":[{"href":"https:\/\/www.hydraulic-cylinders.net\/hu\/wp-json\/wp\/v2\/product"}],"about":[{"href":"https:\/\/www.hydraulic-cylinders.net\/hu\/wp-json\/wp\/v2\/types\/product"}],"replies":[{"embeddable":true,"href":"https:\/\/www.hydraulic-cylinders.net\/hu\/wp-json\/wp\/v2\/comments?post=15121"}],"wp:featuredmedia":[{"embeddable":true,"href":"https:\/\/www.hydraulic-cylinders.net\/hu\/wp-json\/wp\/v2\/media\/14784"}],"wp:attachment":[{"href":"https:\/\/www.hydraulic-cylinders.net\/hu\/wp-json\/wp\/v2\/media?parent=15121"}],"wp:term":[{"taxonomy":"product_brand","embeddable":true,"href":"https:\/\/www.hydraulic-cylinders.net\/hu\/wp-json\/wp\/v2\/product_brand?post=15121"},{"taxonomy":"product_cat","embeddable":true,"href":"https:\/\/www.hydraulic-cylinders.net\/hu\/wp-json\/wp\/v2\/product_cat?post=15121"},{"taxonomy":"product_tag","embeddable":true,"href":"https:\/\/www.hydraulic-cylinders.net\/hu\/wp-json\/wp\/v2\/product_tag?post=15121"}],"curies":[{"name":"munkaf\u00fczet","href":"https:\/\/api.w.org\/{rel}","templated":true}]}}