{"id":15123,"date":"2025-01-19T14:08:05","date_gmt":"2025-01-19T14:08:05","guid":{"rendered":"https:\/\/www.hydraulic-cylinders.net\/product\/bucket-cylinder-for-komatsu-small-excavator-pc45-1-5-7\/"},"modified":"2025-01-19T14:08:06","modified_gmt":"2025-01-19T14:08:06","slug":"bucket-cylinder-for-komatsu-small-excavator-pc45-1-5-7","status":"publish","type":"product","link":"https:\/\/www.hydraulic-cylinders.net\/hu\/termek\/bucket-cylinder-for-komatsu-small-excavator-pc45-1-5-7\/","title":{"rendered":"Kan\u00e1lhenger Komatsu kis kotr\u00f3g\u00e9phez PC45-1-5-7"},"content":{"rendered":"<p><!DOCTYPE html><br \/>\n<html><br \/>\n<head><\/p>\n<style>\nh2 {\n  font-size: 24px;\n  font-weight: bold;\n  margin-top: 30px;\n}<\/p>\n<p>h3 {\n  font-size: 20px;\n  font-weight: bold;\n  margin-top: 15px;\n}<\/p>\n<p>ul {\n  list-style-type: disc;\n  margin-top: 15px;\n  margin-bottom: 15px;\n}<\/p>\n<p>img {\n  margin-top: 30px;\n  max-width: 100%;\n  height: auto;\n}\n<\/style>\n<p><\/head><br \/>\n<body><\/p>\n<h2>Kan\u00e1lhenger Komatsu kis kotr\u00f3g\u00e9phez PC45-1-5-7<\/h2>\n<h3>Bevezet\u00e9s<\/h3>\n<p>\nA Komatsu PC45-1-5-7 kis kotr\u00f3g\u00e9p kan\u00e1lhengere egy speci\u00e1lis hidraulikus henger, amelyet neh\u00e9zg\u00e9pek, p\u00e9ld\u00e1ul kotr\u00f3g\u00e9pek, kotr\u00f3rakod\u00f3k \u00e9s homlokrakod\u00f3k kan\u00e1lmozg\u00e1s\u00e1nak vez\u00e9rl\u00e9s\u00e9re terveztek. F\u0151 funkci\u00f3ja a kan\u00e1l emel\u00e9se, s\u00fcllyeszt\u00e9se \u00e9s billent\u00e9se, \u00edgy alkalmass\u00e1 teszi k\u00fcl\u00f6nf\u00e9le anyagmozgat\u00e1si feladatokra. A hidraulikus rendszerben a kan\u00e1lhenger a hidraulikaolaj nyom\u00e1sv\u00e1ltoz\u00e1sait haszn\u00e1lja ki a kan\u00e1l pontos vez\u00e9rl\u00e9s\u00e9hez, lehet\u0151v\u00e9 t\u00e9ve a kezel\u0151k sz\u00e1m\u00e1ra, hogy hat\u00e9konyan kezelj\u00e9k a neh\u00e9z terheket, \u00e9s alkalmazkodjanak az \u00f6sszetett munkak\u00f6rnyezetekhez \u00e9s a v\u00e1ltozatos munkak\u00f6vetelm\u00e9nyekhez.\n<\/p>\n<p><img decoding=\"async\" src=\"https:\/\/www.hydraulic-cylinders.net\/wp-content\/uploads\/2025\/01\/songte-company-2.webp\" alt=\"V\u00f6d\u00f6r henger k\u00e9pe\"><\/p>\n<h3>Jellemz\u0151k<\/h3>\n<ul>\n<li>Nagy szil\u00e1rds\u00e1g \u00e9s tart\u00f3ss\u00e1g: A jellemz\u0151en nagy szil\u00e1rds\u00e1g\u00fa ac\u00e9lb\u00f3l vagy alum\u00edniumb\u00f3l k\u00e9sz\u00fclt kan\u00e1lhenger ellen\u00e1ll a nagy nyom\u00e1snak \u00e9s a neh\u00e9z terhel\u00e9seknek, alkalmazkodik a zord munkak\u00f6rnyezethez, \u00e9s a kop\u00e1s\u00e1ll\u00f3s\u00e1g \u00e9s a korr\u00f3zi\u00f3\u00e1ll\u00f3s\u00e1g szempontjait figyelembe v\u00e9ve tervezt\u00e9k, meghosszabb\u00edtva \u00e9lettartam\u00e1t.<\/li>\n<li>Hat\u00e9kony hidraulikus m\u0171k\u00f6d\u00e9s: A hidraulikaolaj nyom\u00e1s\u00e1nak kihaszn\u00e1l\u00e1s\u00e1val a kan\u00e1lhenger sima kitol\u00e1si \u00e9s visszah\u00faz\u00e1si mozg\u00e1sokat biztos\u00edt, gyorsan reag\u00e1l a vez\u00e9rl\u0151parancsokra, er\u0151teljes tol\u00f3- \u00e9s h\u00faz\u00f3er\u0151t biztos\u00edt, \u00e9s alkalmas neh\u00e9z terhek \u00e9s \u00f6sszetett munkafeladatok kezel\u00e9s\u00e9re.<\/li>\n<li>Sokoldal\u00fa t\u00edpusok: A kan\u00e1lhenger v\u00e1laszthat\u00f3 egyszeres m\u0171k\u00f6d\u00e9s\u0171k\u00e9nt (a hidraulikus nyom\u00e1s csak az egyik ir\u00e1nyban m\u0171k\u00f6dik) vagy kett\u0151s m\u0171k\u00f6d\u00e9s\u0171k\u00e9nt (a hidraulikus nyom\u00e1s mindk\u00e9t ir\u00e1nyban m\u0171k\u00f6dik), a m\u0171k\u00f6d\u00e9si k\u00f6vetelm\u00e9nyekt\u0151l f\u00fcgg\u0151en. Egyes modellek teleszk\u00f3posak, \u00edgy nagyobb kiny\u00fal\u00e1st tesznek lehet\u0151v\u00e9 a k\u00fcls\u0151 m\u00e9retek n\u00f6vel\u00e9se n\u00e9lk\u00fcl, \u00edgy alkalmasak korl\u00e1tozott helyig\u00e9ny\u0171 alkalmaz\u00e1sokhoz.<\/li>\n<li>T\u00f6k\u00e9letes csere: Term\u00e9keink k\u00e9pesek t\u00f6k\u00e9letesen kicser\u00e9lni ezeket a hidraulikus hengereket. <\/li>\n<\/ul>\n<p><img decoding=\"async\" src=\"https:\/\/www.hydraulic-cylinders.net\/wp-content\/uploads\/2025\/01\/songte-cylinder-head-with-all-kinds-excavator-models.webp\" alt=\"Hidraulikus henger k\u00e9pe\"><\/p>\n<h3>Alkalmaz\u00e1sok<\/h3>\n<ul>\n<li>\u00c9p\u00edt\u0151ipari berendez\u00e9sek: Kotr\u00f3g\u00e9pekben tal\u00e1lhat\u00f3k, elengedhetetlenek a f\u00f6ldmunk\u00e1khoz, a rakod\u00e1shoz \u00e9s a talaj vagy t\u00f6rmel\u00e9k mozgat\u00e1s\u00e1hoz. A kotr\u00f3g\u00e9p-rakod\u00f3kban a kan\u00e1lhenger seg\u00edti mind az \u00e1s\u00e1st, mind az emel\u00e9st.<\/li>\n<li>Mez\u0151gazdas\u00e1gi g\u00e9pek: Homlokrakod\u00f3kban haszn\u00e1lj\u00e1k \u0151ket, seg\u00edtenek a talaj, a sz\u00e9na \u00e9s egy\u00e9b anyagok ki\u00e1s\u00e1s\u00e1ban, emel\u00e9s\u00e9ben \u00e9s sz\u00e1ll\u00edt\u00e1s\u00e1ban.<\/li>\n<li>Kotr\u00f3g\u00e9pek: A kan\u00e1lhenger lehet\u0151v\u00e9 teszi az \u00e1s\u00e1si m\u0171veleteket az\u00e1ltal, hogy lehet\u0151v\u00e9 teszi a kan\u00e1l talajba val\u00f3 behatol\u00e1s\u00e1t.<\/li>\n<li>Rakod\u00f3k: A homlokrakod\u00f3kban hat\u00e9konyan seg\u00edtik az \u00e1ruk emel\u00e9s\u00e9t \u00e9s billent\u00e9s\u00e9t.<\/li>\n<\/ul>\n<h3>Tervez\u00e9si szempontok \u00e9s kiv\u00e1laszt\u00e1si krit\u00e9riumok<\/h3>\n<ul>\n<li>Teherb\u00edr\u00e1s: A kan\u00e1lhenger \u00fagy van kialak\u00edtva, hogy ellen\u00e1lljon a megadott teherb\u00edr\u00e1snak.<\/li>\n<li>T\u00f6m\u00edt\u00e9s: K\u00fcl\u00f6nb\u00f6z\u0151 t\u00f6m\u00edt\u0151elemeket, p\u00e9ld\u00e1ul dugatty\u00fat\u00f6m\u00edt\u00e9seket \u00e9s r\u00fadt\u00f6m\u00edt\u00e9seket haszn\u00e1lnak a megfelel\u0151 t\u00f6m\u00edt\u00e9si teljes\u00edtm\u00e9ny biztos\u00edt\u00e1s\u00e1ra. Ezek a t\u00f6m\u00edt\u00e9sek kop\u00e1s\u00e1ll\u00f3 anyagokb\u00f3l, p\u00e9ld\u00e1ul poliuret\u00e1nb\u00f3l \u00e9s nitrilgumib\u00f3l k\u00e9sz\u00fclnek. A hengertestet \u00e9s a menetes v\u00e9geket finoman megmunk\u00e1lj\u00e1k a kop\u00e1s\u00e1ll\u00f3s\u00e1g jav\u00edt\u00e1sa \u00e9rdek\u00e9ben.<\/li>\n<li>Tart\u00f3ss\u00e1g: A kan\u00e1lhenger olyan anyagokb\u00f3l \u00e9s bevonatokkal k\u00e9sz\u00fclt, amelyek fokozz\u00e1k a tart\u00f3ss\u00e1g\u00e1t \u00e9s a korr\u00f3zi\u00f3\u00e1ll\u00f3s\u00e1g\u00e1t, biztos\u00edtva a hosszabb \u00e9lettartamot.<\/li>\n<li>Biztons\u00e1g: A tervez\u00e9si jellemz\u0151ket a biztons\u00e1gos m\u0171k\u00f6d\u00e9s biztos\u00edt\u00e1sa \u00e9s a potenci\u00e1lis vesz\u00e9lyek minimaliz\u00e1l\u00e1sa \u00e9rdek\u00e9ben val\u00f3s\u00edtott\u00e1k meg. <\/li>\n<li>Karbantarthat\u00f3s\u00e1g: A serleghenger \u00fagy lett kialak\u00edtva, hogy k\u00f6nnyen karbantarthat\u00f3 \u00e9s jav\u00edthat\u00f3 legyen, \u00edgy hat\u00e9kony szervizel\u00e9st \u00e9s cs\u00f6kkentett \u00e1ll\u00e1sid\u0151t biztos\u00edt.<\/li>\n<\/ul>\n<p><img decoding=\"async\" src=\"https:\/\/www.hydraulic-cylinders.net\/wp-content\/uploads\/2025\/01\/songte-oil-pipes-and-spare-parts.webp\" alt=\"Hidraulikus henger alkatr\u00e9szek k\u00e9pe\"><\/p>\n<h3>T\u00f6m\u00edt\u00e9s \u00e9s ken\u00e9s<\/h3>\n<p>\nA kan\u00e1lhenger k\u00fcl\u00f6nf\u00e9le t\u00f6m\u00edt\u0151elemeket haszn\u00e1l, p\u00e9ld\u00e1ul dugatty\u00fat\u00f6m\u00edt\u00e9seket \u00e9s r\u00fadt\u00f6m\u00edt\u00e9seket, amelyek kop\u00e1s\u00e1ll\u00f3 anyagokb\u00f3l, p\u00e9ld\u00e1ul poliuret\u00e1nb\u00f3l \u00e9s nitrilgumib\u00f3l k\u00e9sz\u00fclnek. A hengertest \u00e9s a menetes v\u00e9gek prec\u00edz megmunk\u00e1l\u00e1son esnek \u00e1t a kop\u00e1s\u00e1ll\u00f3s\u00e1g jav\u00edt\u00e1sa \u00e9rdek\u00e9ben. A hengeralkatr\u00e9szek z\u00f6kken\u0151mentes m\u0171k\u00f6d\u00e9s\u00e9nek \u00e9s ken\u00e9s\u00e9nek biztos\u00edt\u00e1s\u00e1hoz rendszeres ken\u00e9s sz\u00fcks\u00e9ges a megfelel\u0151 mennyis\u00e9g\u0171 hidraulikaolajjal.\n<\/p>\n<h3>Rendszeres ellen\u0151rz\u00e9s \u00e9s megel\u0151z\u0151 karbantart\u00e1s<\/h3>\n<ul>\n<li>Rendszeresen ellen\u0151rizze a kan\u00e1lhengert s\u00e9r\u00fcl\u00e9s, sziv\u00e1rg\u00e1s vagy kop\u00e1s jelei szempontj\u00e1b\u00f3l.<\/li>\n<li>Biztos\u00edtsa a henger megfelel\u0151 ken\u00e9s\u00e9t, \u00e9s sz\u00fcks\u00e9g eset\u00e9n cser\u00e9lje ki a t\u00f6m\u00edt\u00e9seket.<\/li>\n<li>Ellen\u0151rizze \u00e9s kalibr\u00e1lja a hengert az optim\u00e1lis teljes\u00edtm\u00e9ny fenntart\u00e1sa \u00e9rdek\u00e9ben.<\/li>\n<\/ul>\n<h3>Megfelel\u0151 telep\u00edt\u00e9si \u00fatmutat\u00f3<\/h3>\n<p>\nA hengerfej helyes telep\u00edt\u00e9s\u00e9hez k\u00f6vesse az al\u00e1bbi ir\u00e1nyelveket:\n<\/p>\n<ul>\n<li>A beszerel\u00e9s sor\u00e1n megfelel\u0151en igaz\u00edtsa be a hengert.<\/li>\n<li>Haszn\u00e1ljon megfelel\u0151 r\u00f6gz\u00edt\u0151konzolokat a henger r\u00f6gz\u00edt\u00e9s\u00e9hez.<\/li>\n<\/ul>\n<p><img decoding=\"async\" src=\"https:\/\/www.hydraulic-cylinders.net\/wp-content\/uploads\/2025\/01\/songte-chushion-collar.webp\" alt=\"P\u00e1rnagall\u00e9r k\u00e9p\"><\/p>\n<h3>Karbantart\u00e1si feladatok<\/h3>\n<ul>\n<li>Rendszeres ellen\u0151rz\u00e9sek<\/li>\n<li>Megfelel\u0151 ken\u00e9s<\/li>\n<li>T\u00f6m\u00edt\u00e9s csere<\/li>\n<li>Kalibr\u00e1ci\u00f3s ellen\u0151rz\u00e9sek<\/li>\n<\/ul>\n<p>\nHangs\u00falyozza a helyes beszerel\u00e9s, ken\u00e9s \u00e9s be\u00e1ll\u00edt\u00e1s fontoss\u00e1g\u00e1t. Adjon \u00fatmutat\u00e1st a henger megfelel\u0151 be\u00e1ll\u00edt\u00e1s\u00e1hoz a beszerel\u00e9s sor\u00e1n, \u00e9s javasolja a megfelel\u0151 r\u00f6gz\u00edt\u0151konzolok haszn\u00e1lat\u00e1t a henger r\u00f6gz\u00edt\u00e9s\u00e9hez. Javasolja az ellen\u0151rz\u00e9si, jav\u00edt\u00e1si \u00e9s csere elj\u00e1r\u00e1sait. K\u00edn\u00e1ljon alkatr\u00e9szeket \u00e9s fel\u00faj\u00edt\u00e1si szolg\u00e1ltat\u00e1sokat a serleghenger \u00e9lettartam\u00e1nak meghosszabb\u00edt\u00e1sa \u00e9rdek\u00e9ben.\n<\/p>\n<p><img decoding=\"async\" src=\"https:\/\/www.hydraulic-cylinders.net\/wp-content\/uploads\/2025\/01\/songte-bushings-with-all-kinds-of-excavator-models.webp\" alt=\"Kotr\u00f3g\u00e9p perselyek k\u00e9pe\"><\/p>\n<h3>Biztons\u00e1gi szempontok \u00e9s k\u00f6rnyezeti t\u00e9nyez\u0151k<\/h3>\n<p>\nA v\u00f6dr\u00f6s henger haszn\u00e1latakor fontos a biztons\u00e1gi int\u00e9zked\u00e9sek betart\u00e1sa a balesetek megel\u0151z\u00e9se \u00e9s a biztons\u00e1gos \u00fczemeltet\u00e9s biztos\u00edt\u00e1sa \u00e9rdek\u00e9ben. A henger teljes\u00edtm\u00e9ny\u00e9nek \u00e9s \u00e9lettartam\u00e1nak optimaliz\u00e1l\u00e1sa \u00e9rdek\u00e9ben vegye figyelembe a k\u00f6rnyezeti t\u00e9nyez\u0151ket, p\u00e9ld\u00e1ul a h\u0151m\u00e9rs\u00e9kletet \u00e9s az \u00fczemi k\u00f6r\u00fclm\u00e9nyeket.\n<\/p>\n<h3>Hibaelh\u00e1r\u00edt\u00e1s \u00e9s gyakori probl\u00e9m\u00e1k<\/h3>\n<p>\nAzonos\u00edtsa a kan\u00e1lhengerrel kapcsolatos lehets\u00e9ges hibaelh\u00e1r\u00edt\u00e1si ter\u00fcleteket \u00e9s gyakori probl\u00e9m\u00e1kat. Adjon tippeket \u00e9s megold\u00e1sokat a probl\u00e9m\u00e1k hat\u00e9kony diagnosztiz\u00e1l\u00e1s\u00e1ra \u00e9s megold\u00e1s\u00e1ra. Javasoljon megel\u0151z\u0151 int\u00e9zked\u00e9seket a lehets\u00e9ges probl\u00e9m\u00e1k minimaliz\u00e1l\u00e1sa \u00e9rdek\u00e9ben.\n<\/p>\n<p><img decoding=\"async\" src=\"https:\/\/www.hydraulic-cylinders.net\/wp-content\/uploads\/2025\/01\/songte-company-1.webp\" alt=\"C\u00e9ges im\u00e1zs\"><\/p>\n<h3>C\u00e9g\u00fcnkr\u0151l<\/h3>\n<p>\nHidraulikus munkahengerek gy\u00e1rt\u00f3jak\u00e9nt, valamint a hazai \u00e9s nemzetk\u00f6zi piacok vezet\u0151 gy\u00e1rt\u00f3ja \u00e9s nagykereskedelmi forgalmaz\u00f3jak\u00e9nt m\u0171k\u00f6d\u00fcnk. C\u00e9g\u00fcnk a kiv\u00e1l\u00f3s\u00e1g elveit k\u00f6veti, \u00e9s fejlett gy\u00e1rt\u00f3m\u0171helyeinkben ipari termel\u00e9sir\u00e1ny\u00edt\u00e1si strat\u00e9gi\u00e1kra t\u00e1maszkodik. A technol\u00f3giai tehets\u00e9gre, a cs\u00facskateg\u00f3ri\u00e1s digit\u00e1lis gy\u00e1rt\u00f3berendez\u00e9sekre \u00e9s a professzion\u00e1lis tesztel\u0151rendszerekre helyezve a hangs\u00falyt, folyamatosan fejlesztj\u00fck gy\u00e1rt\u00e1si platformunkat, jav\u00edtjuk term\u00e9kmin\u0151s\u00e9gi gy\u00e1rt\u00e1si \u00fatvonalainkat, \u00e9s er\u0151s kreat\u00edv k\u00e9pess\u00e9gekkel rendelkez\u00fcnk. Arra t\u00f6reksz\u00fcnk, hogy \u00fcgyfeleink sokr\u00e9t\u0171 ig\u00e9nyeit nagy hat\u00e9konys\u00e1ggal, pontoss\u00e1ggal \u00e9s min\u0151s\u00e9gben el\u00e9g\u00edts\u00fck ki.\n<\/p>\n<p><img decoding=\"async\" src=\"https:\/\/www.hydraulic-cylinders.net\/wp-content\/uploads\/2025\/01\/songte-company-3.webp\" alt=\"C\u00e9ges im\u00e1zs\"><\/p>\n<h3>C\u00e9ges kiemel\u00e9sek<\/h3>\n<ul>\n<li>Szakmaiass\u00e1g<\/li>\n<li>Nemzetk\u00f6zi tan\u00fas\u00edtv\u00e1nyok<\/li>\n<li>Testreszab\u00e1si szolg\u00e1ltat\u00e1sok<\/li>\n<li>Termel\u00e9si berendez\u00e9sek<\/li>\n<li>\u00c9rt\u00e9kes\u00edt\u00e9s ut\u00e1ni szolg\u00e1ltat\u00e1sok<\/li>\n<\/ul>\n<p>Szerz\u0151: lyl<\/p>\n<p><\/body><br \/>\n<\/html><\/p>","protected":false},"excerpt":{"rendered":"<p>Bucket Cylinder For Komatsu Small Excavator PC45-1-5-7 Introduction A bucket cylinder for Komatsu small excavator PC45-1-5-7 is a specialized hydraulic cylinder designed to control the movement of the bucket in heavy machinery such as excavators, backhoe loaders, and front-end loaders. Its main function is to enable the lifting, lowering, and tilting of the bucket, making [&hellip;]<\/p>","protected":false},"featured_media":14780,"comment_status":"open","ping_status":"closed","template":"","meta":{"_et_pb_use_builder":"","_et_pb_old_content":"","_et_gb_content_width":""},"product_brand":[],"product_cat":[1494],"product_tag":[1495,1496],"class_list":{"0":"post-15123","1":"product","2":"type-product","3":"status-publish","4":"has-post-thumbnail","6":"product_cat-bucket-cylinders","7":"product_tag-bucket-cylinders","8":"product_tag-hydraulic-cylinders","10":"first","11":"instock","12":"shipping-taxable","13":"product-type-simple"},"amp_enabled":true,"_links":{"self":[{"href":"https:\/\/www.hydraulic-cylinders.net\/hu\/wp-json\/wp\/v2\/product\/15123","targetHints":{"allow":["GET"]}}],"collection":[{"href":"https:\/\/www.hydraulic-cylinders.net\/hu\/wp-json\/wp\/v2\/product"}],"about":[{"href":"https:\/\/www.hydraulic-cylinders.net\/hu\/wp-json\/wp\/v2\/types\/product"}],"replies":[{"embeddable":true,"href":"https:\/\/www.hydraulic-cylinders.net\/hu\/wp-json\/wp\/v2\/comments?post=15123"}],"wp:featuredmedia":[{"embeddable":true,"href":"https:\/\/www.hydraulic-cylinders.net\/hu\/wp-json\/wp\/v2\/media\/14780"}],"wp:attachment":[{"href":"https:\/\/www.hydraulic-cylinders.net\/hu\/wp-json\/wp\/v2\/media?parent=15123"}],"wp:term":[{"taxonomy":"product_brand","embeddable":true,"href":"https:\/\/www.hydraulic-cylinders.net\/hu\/wp-json\/wp\/v2\/product_brand?post=15123"},{"taxonomy":"product_cat","embeddable":true,"href":"https:\/\/www.hydraulic-cylinders.net\/hu\/wp-json\/wp\/v2\/product_cat?post=15123"},{"taxonomy":"product_tag","embeddable":true,"href":"https:\/\/www.hydraulic-cylinders.net\/hu\/wp-json\/wp\/v2\/product_tag?post=15123"}],"curies":[{"name":"munkaf\u00fczet","href":"https:\/\/api.w.org\/{rel}","templated":true}]}}