{"id":15126,"date":"2025-01-19T14:08:16","date_gmt":"2025-01-19T14:08:16","guid":{"rendered":"https:\/\/www.hydraulic-cylinders.net\/product\/bucket-cylinder-for-komatsu-small-excavator-pc128-130-7\/"},"modified":"2025-01-19T14:08:18","modified_gmt":"2025-01-19T14:08:18","slug":"bucket-cylinder-for-komatsu-small-excavator-pc128-130-7","status":"publish","type":"product","link":"https:\/\/www.hydraulic-cylinders.net\/hu\/termek\/bucket-cylinder-for-komatsu-small-excavator-pc128-130-7\/","title":{"rendered":"Kan\u00e1lhenger Komatsu kis kotr\u00f3g\u00e9phez PC128\/130-7"},"content":{"rendered":"<h2>Kan\u00e1lhenger Komatsu kis kotr\u00f3g\u00e9phez PC128\/130-7<\/h2>\n<h3>Bevezet\u00e9s<\/h3>\n<p>A Komatsu PC128\/130-7 kis kotr\u00f3g\u00e9p kan\u00e1lhengere egy speci\u00e1lisan tervezett hidraulikus henger, amelyet els\u0151sorban neh\u00e9zg\u00e9pek, p\u00e9ld\u00e1ul kotr\u00f3g\u00e9pek, kotr\u00f3g\u00e9pek \u00e9s homlokrakod\u00f3k kanalainak mozg\u00e1s\u00e1nak vez\u00e9rl\u00e9s\u00e9re haszn\u00e1lnak. F\u0151 funkci\u00f3ja a kan\u00e1l emel\u00e9se, s\u00fcllyeszt\u00e9se \u00e9s billent\u00e9se, ez\u00e1ltal megk\u00f6nny\u00edtve a k\u00fcl\u00f6nf\u00e9le anyagmozgat\u00e1si feladatokat. A hidraulikus rendszerben a kan\u00e1lhenger a hidraulikaolaj nyom\u00e1s\u00e1nak v\u00e1ltoztat\u00e1s\u00e1val prec\u00edzen szab\u00e1lyozza a kan\u00e1l mozg\u00e1s\u00e1t, lehet\u0151v\u00e9 t\u00e9ve a kezel\u0151k sz\u00e1m\u00e1ra, hogy hat\u00e9konyan kezelj\u00e9k a neh\u00e9z terheket, \u00e9s alkalmazkodjanak az \u00f6sszetett munkak\u00f6rnyezetekhez \u00e9s a v\u00e1ltozatos m\u0171k\u00f6d\u00e9si k\u00f6vetelm\u00e9nyekhez.<\/p>\n<p><img decoding=\"async\" src=\"https:\/\/www.hydraulic-cylinders.net\/wp-content\/uploads\/2025\/01\/songte-company-2.webp\" alt=\"Kan\u00e1lhenger Komatsu kis kotr\u00f3g\u00e9phez PC128\/130-7 k\u00e9p\"><\/p>\n<h3>Jellemz\u0151k<\/h3>\n<ul>\n<li>Nagy szil\u00e1rds\u00e1g \u00e9s tart\u00f3ss\u00e1g: jellemz\u0151en nagy szil\u00e1rds\u00e1g\u00fa ac\u00e9lb\u00f3l vagy alum\u00edniumb\u00f3l k\u00e9sz\u00fcl, k\u00e9pes ellen\u00e1llni a nagy nyom\u00e1snak \u00e9s a nagy terhel\u00e9seknek, alkalmas zord munkak\u00f6rnyezetre, kop\u00e1s\u00e1ll\u00f3s\u00e1got \u00e9s korr\u00f3zi\u00f3\u00e1ll\u00f3s\u00e1got szem el\u0151tt tartva tervezt\u00e9k, meghosszabb\u00edtva az \u00e9lettartamot.<\/li>\n<li>Hat\u00e9kony hidraulikus m\u0171k\u00f6d\u00e9s: a hidraulikaolaj nyom\u00e1s\u00e1t haszn\u00e1lja a sima kitol\u00e1si \u00e9s visszah\u00faz\u00e1si m\u0171veletekhez, gyorsan reag\u00e1l a vez\u00e9rl\u0151parancsokra, er\u0151teljes tol\u00f3- \u00e9s h\u00faz\u00f3er\u0151t biztos\u00edt, alkalmas neh\u00e9z terhek \u00e9s \u00f6sszetett m\u0171k\u00f6d\u00e9si feladatok kezel\u00e9s\u00e9re.<\/li>\n<li>K\u00fcl\u00f6nb\u00f6z\u0151 t\u00edpusok: a hengert\u00edpusok az ig\u00e9nyeknek megfelel\u0151en v\u00e1laszthat\u00f3k, p\u00e9ld\u00e1ul egyszeres m\u0171k\u00f6d\u00e9s\u0171 (csak egy ir\u00e1nyban hidraulikusan m\u0171k\u00f6dtetett) vagy kett\u0151s m\u0171k\u00f6d\u00e9s\u0171 (mindk\u00e9t ir\u00e1nyban hidraulikusan m\u0171k\u00f6dtetett) hengerek a k\u00fcl\u00f6nb\u00f6z\u0151 m\u0171k\u00f6d\u00e9si ig\u00e9nyek kiel\u00e9g\u00edt\u00e9s\u00e9re, egyes modellek teleszk\u00f3posak, \u00edgy nagyobb kiny\u00fal\u00e1st tesznek lehet\u0151v\u00e9 a k\u00fcls\u0151 m\u00e9retek n\u00f6vel\u00e9se n\u00e9lk\u00fcl, \u00edgy alkalmasak korl\u00e1tozott helyig\u00e9ny\u0171 alkalmaz\u00e1sokhoz.<\/li>\n<li>K\u00f6nnyen gy\u00e1rthat\u00f3: term\u00e9keink t\u00f6k\u00e9letesen helyettes\u00edthetik ezeket a hidraulikus hengereket.<\/li>\n<\/ul>\n<p><img decoding=\"async\" src=\"https:\/\/www.hydraulic-cylinders.net\/wp-content\/uploads\/2025\/01\/songte-cylinder-head-with-all-kinds-excavator-models.webp\" alt=\"Kan\u00e1lhenger Komatsu kis kotr\u00f3g\u00e9phez PC128\/130-7 gy\u00e1rt\u00e1si k\u00e9p\"><\/p>\n<h3>Alkalmaz\u00e1sok<\/h3>\n<p>A Komatsu PC128\/130-7 kis kotr\u00f3g\u00e9p kan\u00e1lhenger\u00e9t sz\u00e9les k\u00f6rben haszn\u00e1lj\u00e1k k\u00fcl\u00f6nf\u00e9le neh\u00e9zg\u00e9p\u00e9szeti alkalmaz\u00e1sokban, p\u00e9ld\u00e1ul:<\/p>\n<ul>\n<li>\u00c9p\u00edt\u0151ipari berendez\u00e9sek: kotr\u00f3g\u00e9pekben elengedhetetlenek az \u00e1s\u00e1shoz, a talaj vagy t\u00f6rmel\u00e9k rakod\u00e1s\u00e1hoz \u00e9s mozgat\u00e1s\u00e1hoz. A kotr\u00f3g\u00e9pekben a kan\u00e1lhengerek mind az \u00e1s\u00e1st, mind az emel\u00e9st seg\u00edtik. <\/li>\n<li>Mez\u0151gazdas\u00e1gi g\u00e9pek: homlokrakod\u00f3kban haszn\u00e1lj\u00e1k talaj, sz\u00e9na \u00e9s egy\u00e9b anyagok kotor\u00e1s\u00e1ra, emel\u00e9s\u00e9re \u00e9s sz\u00e1ll\u00edt\u00e1s\u00e1ra.<\/li>\n<li>Kotr\u00f3g\u00e9pek: a kan\u00e1lhengerek lehet\u0151v\u00e9 teszik az \u00e1s\u00e1si m\u0171veleteket az\u00e1ltal, hogy lehet\u0151v\u00e9 teszik a kan\u00e1l talajba hatol\u00e1s\u00e1t.<\/li>\n<li>Rakod\u00f3k: a homlokrakod\u00f3kban hat\u00e9konyan seg\u00edtik az \u00e1ruk emel\u00e9s\u00e9t \u00e9s billent\u00e9s\u00e9t.<\/li>\n<\/ul>\n<h3>Tervez\u00e9si szempontok \u00e9s kiv\u00e1laszt\u00e1si krit\u00e9riumok<\/h3>\n<p>A Komatsu PC128\/130-7 kis kotr\u00f3g\u00e9p kan\u00e1lhenger\u00e9nek tervez\u00e9si szempontjai \u00e9s kiv\u00e1laszt\u00e1si krit\u00e9riumai a k\u00f6vetkez\u0151k:<\/p>\n<ul>\n<li>Teherb\u00edr\u00e1s: a nagy nyom\u00e1s \u00e9s nagy terhel\u00e9s elvisel\u00e9s\u00e9nek k\u00e9pess\u00e9ge.<\/li>\n<li>T\u00f6m\u00edt\u00e9s: a hidraulikaolaj sziv\u00e1rg\u00e1s\u00e1nak megakad\u00e1lyoz\u00e1s\u00e1ra \u00e9s a megfelel\u0151 ken\u00e9s fenntart\u00e1s\u00e1ra val\u00f3 k\u00e9pess\u00e9g.<\/li>\n<li>Tart\u00f3ss\u00e1g: a kop\u00e1ssal \u00e9s korr\u00f3zi\u00f3val szembeni ellen\u00e1ll\u00e1s, k\u00fcl\u00f6n\u00f6sen zord munkak\u00f6rnyezetben.<\/li>\n<li>Biztons\u00e1g: a balesetek \u00e9s s\u00e9r\u00fcl\u00e9sek megel\u0151z\u00e9s\u00e9nek k\u00e9pess\u00e9ge m\u0171k\u00f6d\u00e9s k\u00f6zben.<\/li>\n<li>Karbantarthat\u00f3s\u00e1g: a k\u00f6nny\u0171 karbantart\u00e1s \u00e9s jav\u00edt\u00e1s k\u00e9pess\u00e9ge.<\/li>\n<\/ul>\n<p><img decoding=\"async\" src=\"https:\/\/www.hydraulic-cylinders.net\/wp-content\/uploads\/2025\/01\/songte-oil-pipes-and-spare-parts.webp\" alt=\"Kan\u00e1lhenger Komatsu kis kotr\u00f3g\u00e9phez PC128\/130-7 alkatr\u00e9sz k\u00e9p\"><\/p>\n<h3>T\u00f6m\u00edt\u00e9s \u00e9s ken\u00e9s<\/h3>\n<p>A Komatsu PC128\/130-7 kis kotr\u00f3g\u00e9p kan\u00e1lhenger\u00e9nek t\u00f6m\u00edt\u00e9si \u00e9s ken\u00e9si szempontjai a k\u00f6vetkez\u0151k:<\/p>\n<ul>\n<li>K\u00fcl\u00f6nb\u00f6z\u0151 t\u00f6m\u00edt\u00e9sek, p\u00e9ld\u00e1ul dugatty\u00fat\u00f6m\u00edt\u00e9sek \u00e9s r\u00fadt\u00f6m\u00edt\u00e9sek haszn\u00e1lata kop\u00e1s\u00e1ll\u00f3 anyagokb\u00f3l, p\u00e9ld\u00e1ul poliuret\u00e1nb\u00f3l \u00e9s nitrilgumib\u00f3l.<\/li>\n<li>A hengertest \u00e9s a menet v\u00e9gfel\u00fclete finoman megmunk\u00e1lt a kop\u00e1s\u00e1ll\u00f3s\u00e1g jav\u00edt\u00e1sa \u00e9rdek\u00e9ben.<\/li>\n<li>Rendszeres hidraulikaolaj ut\u00e1nt\u00f6lt\u00e9s a megfelel\u0151 ken\u00e9s biztos\u00edt\u00e1sa \u00e9rdek\u00e9ben.<\/li>\n<\/ul>\n<h3>Karbantart\u00e1s \u00e9s jav\u00edt\u00e1s<\/h3>\n<p>A Komatsu PC128\/130-7 kis kotr\u00f3g\u00e9p kan\u00e1lhenger\u00e9nek karbantart\u00e1si \u00e9s jav\u00edt\u00e1si feladatai a k\u00f6vetkez\u0151k:<\/p>\n<ul>\n<li>A henger rendszeres ellen\u0151rz\u00e9se, megfelel\u0151 ken\u00e9s, t\u00f6m\u00edt\u00e9scsere \u00e9s kalibr\u00e1l\u00e1si ellen\u0151rz\u00e9sek.<\/li>\n<li>A helyes beszerel\u00e9s, ken\u00e9s \u00e9s be\u00e1ll\u00edt\u00e1s fontoss\u00e1ga.<\/li>\n<li>\u00datmutat\u00e1st ny\u00fajt a henger megfelel\u0151 be\u00e1ll\u00edt\u00e1s\u00e1hoz a telep\u00edt\u00e9s sor\u00e1n.<\/li>\n<li>Javaslatok a palackok r\u00f6gz\u00edt\u00e9s\u00e9hez megfelel\u0151 r\u00f6gz\u00edt\u0151konzolok haszn\u00e1lat\u00e1hoz.<\/li>\n<li>Aj\u00e1nlott ellen\u0151rz\u00e9si, jav\u00edt\u00e1si \u00e9s csere elj\u00e1r\u00e1sok.<\/li>\n<li>Cserealkatr\u00e9szek \u00e9s fel\u00faj\u00edt\u00e1si szolg\u00e1ltat\u00e1sok biztos\u00edt\u00e1sa a Komatsu PC128\/130-7 kis kotr\u00f3g\u00e9p kan\u00e1lhenger\u00e9nek \u00e9lettartam\u00e1nak meghosszabb\u00edt\u00e1sa \u00e9rdek\u00e9ben.<\/li>\n<\/ul>\n<p><img decoding=\"async\" src=\"https:\/\/www.hydraulic-cylinders.net\/wp-content\/uploads\/2025\/01\/songte-chushion-collar.webp\" alt=\"Kan\u00e1lhenger Komatsu kis kotr\u00f3g\u00e9phez PC128\/130-7 Gall\u00e9rk\u00e9p\"><\/p>\n<h3>Biztons\u00e1gi szempontok \u00e9s k\u00f6rnyezeti t\u00e9nyez\u0151k<\/h3>\n<p>A Komatsu PC128\/130-7 kis kotr\u00f3g\u00e9p kan\u00e1lhenger\u00e9nek haszn\u00e1latakor fontosak a biztons\u00e1gi int\u00e9zked\u00e9sek. Javasoljuk, hogy k\u00f6vesse az \u00f6sszes biztons\u00e1gi elj\u00e1r\u00e1st \u00e9s ir\u00e1nyelvet a kock\u00e1zatok minimaliz\u00e1l\u00e1sa, valamint a kezel\u0151k \u00e9s a berendez\u00e9sek v\u00e9delme \u00e9rdek\u00e9ben. Figyelembe kell venni a k\u00f6rnyezeti t\u00e9nyez\u0151ket, p\u00e9ld\u00e1ul a h\u0151m\u00e9rs\u00e9kletet, a p\u00e1ratartalmat \u00e9s a szennyez\u00e9st is.<\/p>\n<h3>Hibaelh\u00e1r\u00edt\u00e1s \u00e9s gyakori probl\u00e9m\u00e1k<\/h3>\n<p>A Komatsu PC128\/130-7 kis kotr\u00f3g\u00e9p kan\u00e1lhenger\u00e9nek lehets\u00e9ges probl\u00e9m\u00e1i k\u00f6z\u00e9 tartozik az olajsziv\u00e1rg\u00e1s, a t\u00f6m\u00edt\u00e9s s\u00e9r\u00fcl\u00e9se \u00e9s az el\u00e9gtelen ken\u00e9s. A gyors hibaelh\u00e1r\u00edt\u00e1s \u00e9s a probl\u00e9mamegold\u00e1s elengedhetetlen a tov\u00e1bbi k\u00e1rok megel\u0151z\u00e9se \u00e9s a berendez\u00e9s \u00e1ll\u00e1sidej\u00e9nek elker\u00fcl\u00e9se \u00e9rdek\u00e9ben.<\/p>\n<h3>C\u00e9gbemutat\u00f3<\/h3>\n<p>C\u00e9g\u00fcnk hidraulikus hengerek gy\u00e1rt\u00f3ja, amelyek k\u00e9pesek helyettes\u00edteni az eredeti hidraulikus hengereket. Sz\u00e9les term\u00e9kv\u00e1laszt\u00e9kot k\u00edn\u00e1lunk, \u00e9s a hazai \u00e9s nemzetk\u00f6zi piacok egyik vezet\u0151 hidraulikus hengergy\u00e1rt\u00f3j\u00e1v\u00e1 \u00e9s nagykereskedelmi forgalmaz\u00f3j\u00e1v\u00e1 v\u00e1ltunk. A kiemelked\u0151 min\u0151s\u00e9g elv\u00e9t k\u00f6vetj\u00fck, \u00e9s finoman gy\u00e1rtott m\u0171helyeinkben iparos\u00edtott termel\u00e9sir\u00e1ny\u00edt\u00e1si strat\u00e9gi\u00e1kra t\u00e1maszkodunk. C\u00e9g\u00fcnk folyamatosan fejleszti m\u0171hely\u00fcnk gy\u00e1rt\u00e1si platformj\u00e1t, jav\u00edtja term\u00e9keink gy\u00e1rt\u00e1si min\u0151s\u00e9g\u00e9t, \u00e9s er\u0151s kreat\u00edv k\u00e9pess\u00e9gekkel rendelkezik. Term\u00e9keink t\u00f6bbdimenzi\u00f3s megold\u00e1sokat k\u00edn\u00e1lnak az \u00fcgyfelek ig\u00e9nyeinek nagy hat\u00e9konys\u00e1ggal, nagy pontoss\u00e1ggal \u00e9s kiv\u00e1l\u00f3 min\u0151s\u00e9gben t\u00f6rt\u00e9n\u0151 kiel\u00e9g\u00edt\u00e9s\u00e9re.<\/p>\n<p><img decoding=\"async\" src=\"https:\/\/hzpt.com\/wp-content\/uploads\/2024\/11\/songte-company-1.webp\" alt=\"C\u00e9ges im\u00e1zs\"><\/p>\n<h3>C\u00e9gprofil<\/h3>\n<ul>\n<li>Professzionalizmus: A hidraulikus hengerek ipar\u00e1g\u00e1ban t\u00f6bb \u00e9ves tapasztalattal rendelkez\u0151 szakemberekb\u0151l \u00e1ll\u00f3 csapatunk els\u0151 oszt\u00e1ly\u00fa szolg\u00e1ltat\u00e1sokat \u00e9s m\u0171szaki t\u00e1mogat\u00e1st ny\u00fajt \u00d6nnek.<\/li>\n<li>Nemzetk\u00f6zi min\u0151s\u00edt\u00e9s: Term\u00e9keink nemzetk\u00f6zi szabv\u00e1nyoknak megfelel\u0151en vannak tan\u00fas\u00edtva a min\u0151s\u00e9g \u00e9s a biztons\u00e1g biztos\u00edt\u00e1sa \u00e9rdek\u00e9ben.<\/li>\n<li>Testreszabott szolg\u00e1ltat\u00e1sok: Testreszabott szolg\u00e1ltat\u00e1sokat k\u00edn\u00e1lunk az egyedi \u00fcgyf\u00e9lig\u00e9nyek kiel\u00e9g\u00edt\u00e9s\u00e9re.<\/li>\n<li>Gy\u00e1rt\u00f3berendez\u00e9sek: C\u00e9g\u00fcnk korszer\u0171 gy\u00e1rt\u00f3berendez\u00e9seket haszn\u00e1l a term\u00e9kmin\u0151s\u00e9g \u00e9s a hat\u00e9konys\u00e1g biztos\u00edt\u00e1sa \u00e9rdek\u00e9ben.<\/li>\n<li>\u00c9rt\u00e9kes\u00edt\u00e9s ut\u00e1ni szolg\u00e1ltat\u00e1s: \u00c1tfog\u00f3 \u00e9rt\u00e9kes\u00edt\u00e9s ut\u00e1ni szolg\u00e1ltat\u00e1sokat ny\u00fajtunk, bele\u00e9rtve a karbantart\u00e1st, jav\u00edt\u00e1st \u00e9s alkatr\u00e9szcser\u00e9t.<\/li>\n<\/ul>\n<p><img decoding=\"async\" src=\"https:\/\/www.hydraulic-cylinders.net\/wp-content\/uploads\/2025\/01\/songte-company-3.webp\" alt=\"C\u00e9gprofil k\u00e9p\"><\/p>\n<p>Szerz\u0151: lyl<\/p>","protected":false},"excerpt":{"rendered":"<p>Bucket Cylinder For Komatsu Small Excavator PC128\/130-7 Introduction The Bucket Cylinder For Komatsu Small Excavator PC128\/130-7 is a specially designed hydraulic cylinder primarily used for controlling the movement of buckets in heavy machinery such as excavators, backhoes, and front-end loaders. Its main function is to enable the bucket to lift, lower, and tilt, thereby facilitating [&hellip;]<\/p>","protected":false},"featured_media":14773,"comment_status":"open","ping_status":"closed","template":"","meta":{"_et_pb_use_builder":"","_et_pb_old_content":"","_et_gb_content_width":""},"product_brand":[],"product_cat":[1494],"product_tag":[1495,1496],"class_list":{"0":"post-15126","1":"product","2":"type-product","3":"status-publish","4":"has-post-thumbnail","6":"product_cat-bucket-cylinders","7":"product_tag-bucket-cylinders","8":"product_tag-hydraulic-cylinders","10":"first","11":"instock","12":"shipping-taxable","13":"product-type-simple"},"amp_enabled":true,"_links":{"self":[{"href":"https:\/\/www.hydraulic-cylinders.net\/hu\/wp-json\/wp\/v2\/product\/15126","targetHints":{"allow":["GET"]}}],"collection":[{"href":"https:\/\/www.hydraulic-cylinders.net\/hu\/wp-json\/wp\/v2\/product"}],"about":[{"href":"https:\/\/www.hydraulic-cylinders.net\/hu\/wp-json\/wp\/v2\/types\/product"}],"replies":[{"embeddable":true,"href":"https:\/\/www.hydraulic-cylinders.net\/hu\/wp-json\/wp\/v2\/comments?post=15126"}],"wp:featuredmedia":[{"embeddable":true,"href":"https:\/\/www.hydraulic-cylinders.net\/hu\/wp-json\/wp\/v2\/media\/14773"}],"wp:attachment":[{"href":"https:\/\/www.hydraulic-cylinders.net\/hu\/wp-json\/wp\/v2\/media?parent=15126"}],"wp:term":[{"taxonomy":"product_brand","embeddable":true,"href":"https:\/\/www.hydraulic-cylinders.net\/hu\/wp-json\/wp\/v2\/product_brand?post=15126"},{"taxonomy":"product_cat","embeddable":true,"href":"https:\/\/www.hydraulic-cylinders.net\/hu\/wp-json\/wp\/v2\/product_cat?post=15126"},{"taxonomy":"product_tag","embeddable":true,"href":"https:\/\/www.hydraulic-cylinders.net\/hu\/wp-json\/wp\/v2\/product_tag?post=15126"}],"curies":[{"name":"munkaf\u00fczet","href":"https:\/\/api.w.org\/{rel}","templated":true}]}}