{"id":15128,"date":"2025-01-19T14:08:23","date_gmt":"2025-01-19T14:08:23","guid":{"rendered":"https:\/\/www.hydraulic-cylinders.net\/product\/bucket-cylinder-for-komatsu-small-excavator-pc55-55uu\/"},"modified":"2025-01-19T14:08:25","modified_gmt":"2025-01-19T14:08:25","slug":"bucket-cylinder-for-komatsu-small-excavator-pc55-55uu","status":"publish","type":"product","link":"https:\/\/www.hydraulic-cylinders.net\/hu\/termek\/bucket-cylinder-for-komatsu-small-excavator-pc55-55uu\/","title":{"rendered":"Kan\u00e1lhenger Komatsu kis kotr\u00f3g\u00e9phez PC55 55UU"},"content":{"rendered":"<h1>Kan\u00e1lhenger Komatsu kis kotr\u00f3g\u00e9phez PC55 55UU<\/h1>\n<h2>Bevezet\u00e9s<\/h2>\n<p>A Komatsu PC55 55UU kis kotr\u00f3g\u00e9p kan\u00e1lhengere egy speci\u00e1lis hidraulikus henger, amelyet f\u0151k\u00e9nt neh\u00e9zg\u00e9pek, p\u00e9ld\u00e1ul kotr\u00f3g\u00e9pek, kotr\u00f3g\u00e9pek \u00e9s homlokrakod\u00f3k kan\u00e1lmozg\u00e1s\u00e1nak vez\u00e9rl\u00e9s\u00e9re haszn\u00e1lnak. Els\u0151dleges funkci\u00f3ja a kan\u00e1l emel\u00e9se, s\u00fcllyeszt\u00e9se \u00e9s billent\u00e9se, megk\u00f6nny\u00edtve a k\u00fcl\u00f6nf\u00e9le anyagmozgat\u00e1si feladatokat. A hidraulikus rendszerben a kan\u00e1lhenger a hidraulikaolaj nyom\u00e1s\u00e1nak v\u00e1ltoztat\u00e1s\u00e1val prec\u00edzen szab\u00e1lyozza a kan\u00e1l mozg\u00e1s\u00e1t, \u00e9s lehet\u0151v\u00e9 teszi a kezel\u0151k sz\u00e1m\u00e1ra a neh\u00e9z t\u00e1rgyak hat\u00e9kony kezel\u00e9s\u00e9t, alkalmazkodva az \u00f6sszetett munkak\u00f6rnyezetekhez \u00e9s a v\u00e1ltozatos m\u0171k\u00f6d\u00e9si k\u00f6vetelm\u00e9nyekhez.<\/p>\n<p><img decoding=\"async\" src=\"https:\/\/www.hydraulic-cylinders.net\/wp-content\/uploads\/2025\/01\/songte-company-2.webp\" alt=\"V\u00f6d\u00f6r henger k\u00e9pe\"><\/p>\n<h2>Jellemz\u0151k<\/h2>\n<ul>\n<li>Nagy szil\u00e1rds\u00e1g \u00e9s tart\u00f3ss\u00e1g: jellemz\u0151en nagy szil\u00e1rds\u00e1g\u00fa ac\u00e9lb\u00f3l vagy alum\u00edniumb\u00f3l k\u00e9sz\u00fcl, k\u00e9pes ellen\u00e1llni a nagy nyom\u00e1snak \u00e9s a nagy terhel\u00e9seknek, alkalmas zord munkak\u00f6rnyezetre, kop\u00e1s\u00e1ll\u00f3s\u00e1got \u00e9s korr\u00f3zi\u00f3\u00e1ll\u00f3s\u00e1got szem el\u0151tt tartva, valamint hosszabb \u00e9lettartamot biztos\u00edtva.<\/li>\n<li>Hat\u00e9kony hidraulikus m\u0171k\u00f6d\u00e9s: a hidraulikaolaj nyom\u00e1s\u00e1nak k\u00f6sz\u00f6nhet\u0151en sima kiny\u00fal\u00e1si \u00e9s \u00f6sszeh\u00faz\u00e1si mozg\u00e1sok, gyors reag\u00e1l\u00e1s a vez\u00e9rl\u0151parancsokra, er\u0151teljes tol\u00f3- \u00e9s h\u00faz\u00f3er\u0151t biztos\u00edt, alkalmas neh\u00e9z t\u00e1rgyak kezel\u00e9s\u00e9re \u00e9s \u00f6sszetett \u00fczemeltet\u00e9si feladatokra.<\/li>\n<li>K\u00fcl\u00f6nb\u00f6z\u0151 t\u00edpusok kaphat\u00f3k: egyszeres m\u0171k\u00f6d\u00e9s\u0171 (csak egy ir\u00e1nyban hidraulikus) vagy kett\u0151s m\u0171k\u00f6d\u00e9s\u0171 (k\u00e9t ir\u00e1nyban hidraulikus) hengerek v\u00e1laszthat\u00f3k az ig\u00e9nyeknek megfelel\u0151en, hogy megfeleljenek a k\u00fcl\u00f6nb\u00f6z\u0151 m\u0171k\u00f6d\u00e9si k\u00f6vetelm\u00e9nyeknek, egyes modellek teleszk\u00f3posak, ami nagyobb b\u0151v\u00edt\u00e9st tesz lehet\u0151v\u00e9 a k\u00fcls\u0151 m\u00e9retek n\u00f6vel\u00e9se n\u00e9lk\u00fcl, \u00edgy alkalmasak korl\u00e1tozott helyig\u00e9ny\u0171 alkalmaz\u00e1sokhoz.<\/li>\n<li>T\u00f6k\u00e9letes hidraulikus henger csere: term\u00e9k\u00fcnk t\u00f6k\u00e9letesen helyettes\u00edti ezeket a hidraulikus hengereket.<\/li>\n<\/ul>\n<p><img decoding=\"async\" src=\"https:\/\/www.hydraulic-cylinders.net\/wp-content\/uploads\/2025\/01\/songte-cylinder-head-with-all-kinds-excavator-models.webp\" alt=\"V\u00f6d\u00f6r henger k\u00e9pe\"><\/p>\n<h2>Alkalmaz\u00e1sok<\/h2>\n<p>A Komatsu PC55 55UU kis kotr\u00f3g\u00e9p kan\u00e1lhengere k\u00fcl\u00f6nf\u00e9le ter\u00fcleteken alkalmazhat\u00f3:<\/p>\n<ul>\n<li>\u00c9p\u00edt\u0151ipari berendez\u00e9sek: sz\u00e9les k\u00f6rben haszn\u00e1lj\u00e1k kotr\u00f3g\u00e9pekben \u00e1s\u00e1shoz, rakod\u00e1shoz \u00e9s talaj vagy t\u00f6rmel\u00e9k mozgat\u00e1s\u00e1hoz, kotr\u00f3g\u00e9pekben a kan\u00e1lhengerek seg\u00edtenek mind a ki\u00e1s\u00e1sban, mind az emel\u00e9sben. <\/li>\n<li>Mez\u0151gazdas\u00e1gi g\u00e9pek: homlokrakod\u00f3khoz haszn\u00e1lj\u00e1k, talaj, sz\u00e9na \u00e9s egy\u00e9b anyagok felv\u00e9tel\u00e9re, emel\u00e9s\u00e9re \u00e9s sz\u00e1ll\u00edt\u00e1s\u00e1ra; kotr\u00f3g\u00e9pekben a kan\u00e1lhengerek lehet\u0151v\u00e9 teszik az \u00e1s\u00e1si m\u0171veletet az\u00e1ltal, hogy lehet\u0151v\u00e9 teszik a kan\u00e1l talajba val\u00f3 behatol\u00e1s\u00e1t. <\/li>\n<li>Rakod\u00f3k: a homlokrakod\u00f3kban hat\u00e9konyan emelik \u00e9s d\u00f6ntik az \u00e1rut. <\/li>\n<\/ul>\n<h2>Tervez\u00e9si szempontok \u00e9s kiv\u00e1laszt\u00e1si krit\u00e9riumok<\/h2>\n<p>A Komatsu PC55 55UU kis kotr\u00f3g\u00e9p kan\u00e1lhenger\u00e9nek tervez\u00e9s\u00e9n\u00e9l a k\u00f6vetkez\u0151 szempontokat vett\u00e9k figyelembe:<\/p>\n<ul>\n<li>Teherb\u00edr\u00e1s: k\u00e9pes ellen\u00e1llni a terhel\u00e9snek \u00e9s a nyom\u00e1snak az \u00fczemi k\u00f6rnyezetben.<\/li>\n<li>T\u00f6m\u00edt\u00e9si hat\u00e9konys\u00e1g: K\u00fcl\u00f6nb\u00f6z\u0151 t\u00f6m\u00edt\u00e9sek, p\u00e9ld\u00e1ul dugatty\u00fat\u00f6m\u00edt\u00e9sek \u00e9s r\u00fadt\u00f6m\u00edt\u00e9sek haszn\u00e1lata kop\u00e1s\u00e1ll\u00f3 anyagokkal, fejlett hengertest \u00e9s menetes v\u00e9gfel\u00fclet-bevonatol\u00e1si elj\u00e1r\u00e1s a kop\u00e1s\u00e1ll\u00f3s\u00e1g jav\u00edt\u00e1sa \u00e9rdek\u00e9ben, valamint rendszeres ken\u00e9s hidraulikaolajjal a hat\u00e9kony t\u00f6m\u00edt\u00e9s \u00e9s ken\u00e9s \u00e9rdek\u00e9ben.<\/li>\n<li>Tart\u00f3ss\u00e1g: Nagy szil\u00e1rds\u00e1g\u00fa anyagok felhaszn\u00e1l\u00e1s\u00e1val k\u00e9sz\u00fclt, a kop\u00e1s\u00e1ll\u00f3s\u00e1got \u00e9s a korr\u00f3zi\u00f3\u00e1ll\u00f3s\u00e1got szem el\u0151tt tartva tervezt\u00e9k, \u00edgy meghosszabb\u00edtva a term\u00e9k \u00e9lettartam\u00e1t.<\/li>\n<li>Biztons\u00e1g: A biztons\u00e1gi el\u0151\u00edr\u00e1sok \u00e9s el\u0151\u00edr\u00e1sok szigor\u00fa betart\u00e1sa, biztons\u00e1gi int\u00e9zked\u00e9sek \u00e9s elj\u00e1r\u00e1sok biztos\u00edt\u00e1sa a felhaszn\u00e1l\u00f3k sz\u00e1m\u00e1ra, valamint a felhaszn\u00e1l\u00f3k biztons\u00e1g\u00e1nak garant\u00e1l\u00e1sa m\u0171k\u00f6d\u00e9s k\u00f6zben.<\/li>\n<li>Karbantart\u00e1s: K\u00f6nny\u0171 karbantart\u00e1s, kiv\u00e1l\u00f3 min\u0151s\u00e9g\u0171 alkatr\u00e9szek haszn\u00e1lata, valamint rendszeres karbantart\u00e1s \u00e9s ellen\u0151rz\u00e9s a term\u00e9k \u00e9lettartam\u00e1nak meghosszabb\u00edt\u00e1sa \u00e9rdek\u00e9ben.<\/li>\n<\/ul>\n<p><img decoding=\"async\" src=\"https:\/\/www.hydraulic-cylinders.net\/wp-content\/uploads\/2025\/01\/songte-oil-pipes-and-spare-parts.webp\" alt=\"V\u00f6d\u00f6r henger k\u00e9pe\"><\/p>\n<h2>T\u00f6m\u00edt\u00e9s \u00e9s ken\u00e9s<\/h2>\n<p>A Komatsu PC55 55UU kis kotr\u00f3g\u00e9p kan\u00e1lhengere k\u00fcl\u00f6nf\u00e9le t\u00f6m\u00edt\u00e9seket haszn\u00e1l, p\u00e9ld\u00e1ul dugatty\u00fat\u00f6m\u00edt\u00e9seket \u00e9s r\u00fadt\u00f6m\u00edt\u00e9seket, kop\u00e1s\u00e1ll\u00f3 anyagokb\u00f3l, a hengertest \u00e9s a menetes v\u00e9gfel\u00fclet pedig finom kezel\u00e9si folyamaton megy kereszt\u00fcl a kop\u00e1s\u00e1ll\u00f3s\u00e1g jav\u00edt\u00e1sa \u00e9rdek\u00e9ben. A hidraulikaolajjal t\u00f6rt\u00e9n\u0151 rendszeres ken\u00e9s hat\u00e9konyan keni a hengert \u00e9s biztos\u00edtja a term\u00e9k t\u00f6m\u00edt\u0151hat\u00e9konys\u00e1g\u00e1t.<\/p>\n<h2>Karbantart\u00e1s \u00e9s jav\u00edt\u00e1s<\/h2>\n<p>A rendszeres ellen\u0151rz\u00e9s \u00e9s a megel\u0151z\u0151 karbantart\u00e1s seg\u00edthet meghosszabb\u00edtani a serleghenger \u00e9lettartam\u00e1t. A gyakori karbantart\u00e1si feladatok a k\u00f6vetkez\u0151k:<\/p>\n<ul>\n<li>Rendszeres ellen\u0151rz\u00e9s<\/li>\n<li>Megfelel\u0151 ken\u00e9s<\/li>\n<li>T\u00f6m\u00edt\u00e9s csere<\/li>\n<li>Kalibr\u00e1ci\u00f3s ellen\u0151rz\u00e9s<\/li>\n<\/ul>\n<p>A kan\u00e1lhenger helyes beszerel\u00e9se szint\u00e9n kritikus fontoss\u00e1g\u00fa, \u00e9s javasoljuk a megfelel\u0151 r\u00f6gz\u00edt\u0151konzolok haszn\u00e1lat\u00e1t a henger r\u00f6gz\u00edt\u00e9s\u00e9hez. A telep\u00edt\u00e9s sor\u00e1n elengedhetetlen a henger megfelel\u0151 be\u00e1ll\u00edt\u00e1sa. Javasolt ellen\u0151rz\u00e9si, jav\u00edt\u00e1si \u00e9s csere elj\u00e1r\u00e1sokat, alkatr\u00e9szcser\u00e9t \u00e9s \u00fajj\u00e1\u00e9p\u00edt\u00e9si szolg\u00e1ltat\u00e1sokat biztos\u00edtunk a term\u00e9k \u00e9lettartam\u00e1nak meghosszabb\u00edt\u00e1sa \u00e9rdek\u00e9ben.<\/p>\n<p><img decoding=\"async\" src=\"https:\/\/www.hydraulic-cylinders.net\/wp-content\/uploads\/2025\/01\/songte-chushion-collar.webp\" alt=\"V\u00f6d\u00f6r henger k\u00e9pe\"><\/p>\n<h2>Biztons\u00e1gi \u00e9s k\u00f6rnyezetv\u00e9delmi szempontok<\/h2>\n<p>A v\u00f6d\u00f6rhenger haszn\u00e1lata sor\u00e1n szigor\u00faan be kell tartani a biztons\u00e1gi int\u00e9zked\u00e9seket a balesetek megel\u0151z\u00e9se \u00e9s a felhaszn\u00e1l\u00f3 biztons\u00e1g\u00e1nak garant\u00e1l\u00e1sa \u00e9rdek\u00e9ben. M\u0171k\u00f6d\u00e9s k\u00f6zben megfelel\u0151 v\u00e9d\u0151felszerel\u00e9st kell viselni. A k\u00f6rnyezetv\u00e9delmi szempontok k\u00f6z\u00e9 tartozik a hullad\u00e9k megfelel\u0151 \u00e1rtalmatlan\u00edt\u00e1sa \u00e9s a k\u00f6rnyezetv\u00e9delmi el\u0151\u00edr\u00e1sok betart\u00e1sa a gy\u00e1rt\u00e1s \u00e9s a haszn\u00e1lat sor\u00e1n.<\/p>\n<h2>Hibaelh\u00e1r\u00edt\u00e1s \u00e9s gyakori probl\u00e9m\u00e1k<\/h2>\n<p>A Komatsu PC55 55UU kis kotr\u00f3g\u00e9p kan\u00e1lhengere haszn\u00e1lat k\u00f6zben gyakori probl\u00e9m\u00e1kba \u00fctk\u00f6zhet, p\u00e9ld\u00e1ul sziv\u00e1rg\u00e1sba, kop\u00e1sba \u00e9s cs\u00f6kkent teljes\u00edtm\u00e9nybe. A megfelel\u0151 diagn\u00f3zis \u00e9s megel\u0151z\u0151 int\u00e9zked\u00e9sek seg\u00edthetnek minimaliz\u00e1lni \u00e9s megel\u0151zni ezeket a probl\u00e9m\u00e1kat, valamint biztos\u00edtani a term\u00e9k megfelel\u0151 m\u0171k\u00f6d\u00e9s\u00e9t. Hibaelh\u00e1r\u00edt\u00e1si tippeket \u00e9s megold\u00e1sokat k\u00edn\u00e1lunk, amelyek seg\u00edtenek az olvas\u00f3knak a probl\u00e9m\u00e1k diagnosztiz\u00e1l\u00e1s\u00e1ban \u00e9s megold\u00e1s\u00e1ban, valamint megel\u0151z\u0151 int\u00e9zked\u00e9seket javasolunk.<\/p>\n<p><img decoding=\"async\" src=\"https:\/\/www.hydraulic-cylinders.net\/wp-content\/uploads\/2025\/01\/songte-bushings-with-all-kinds-of-excavator-models.webp\" alt=\"V\u00f6d\u00f6r henger k\u00e9pe\"><\/p>\n<h2>C\u00e9g\u00fcnkr\u0151l<\/h2>\n<p>Cserehidraulikus hengerek gy\u00e1rt\u00f3jak\u00e9nt, teljes term\u00e9kk\u00edn\u00e1lattal, a hazai \u00e9s nemzetk\u00f6zi piacok egyik vezet\u0151 hidraulikus hengergy\u00e1rt\u00f3j\u00e1v\u00e1 \u00e9s nagykereskedelmi forgalmaz\u00f3j\u00e1v\u00e1 v\u00e1ltunk. A kiv\u00e1l\u00f3 min\u0151s\u00e9g elv\u00e9t k\u00f6vetj\u00fck, az iparos\u00edtott termel\u00e9sir\u00e1ny\u00edt\u00e1si strat\u00e9gi\u00e1khoz kiv\u00e1l\u00f3 gy\u00e1rt\u00f3m\u0171helyekre t\u00e1maszkodunk, \u00e9s folyamatosan fejlesztj\u00fck m\u0171hely\u00fcnk gy\u00e1rt\u00e1si platformj\u00e1t m\u0171szaki tehets\u00e9gek, digit\u00e1lis, cs\u00facskateg\u00f3ri\u00e1s gy\u00e1rt\u00f3berendez\u00e9sek \u00e9s professzion\u00e1lis tesztel\u0151rendszerek alkalmaz\u00e1s\u00e1val. Er\u0151s kreativit\u00e1ssal rendelkez\u00fcnk, \u00e9s a nagy hat\u00e9konys\u00e1g, a nagy pontoss\u00e1g \u00e9s a kiv\u00e1l\u00f3 min\u0151s\u00e9g elveivel ki tudjuk el\u00e9g\u00edteni az \u00fcgyfelek sokr\u00e9t\u0171 ig\u00e9nyeit. <\/p>\n<p><img decoding=\"async\" src=\"https:\/\/hzpt.com\/wp-content\/uploads\/2024\/11\/songte-company-1.webp\" alt=\"V\u00f6d\u00f6r henger k\u00e9pe\"><\/p>\n<h3>Szakmaiass\u00e1g<\/h3>\n<p>Professzion\u00e1lis csapatunk sz\u00e9lesk\u00f6r\u0171 tapasztalattal rendelkezik a hidraulikus term\u00e9kek ter\u00e9n, hogy \u00fcgyfeleink sz\u00e1m\u00e1ra kiv\u00e1l\u00f3 min\u0151s\u00e9g\u0171 megold\u00e1sokat \u00e9s szolg\u00e1ltat\u00e1sokat ny\u00fajtsunk.<\/p>\n<h3>Nemzetk\u00f6zi min\u0151s\u00edt\u00e9s<\/h3>\n<p>Term\u00e9keink megfeleltek a nemzetk\u00f6zi tan\u00fas\u00edtv\u00e1nyoknak, mint p\u00e9ld\u00e1ul a CE, ISO9001 \u00e9s SGS, biztos\u00edtva a term\u00e9kmin\u0151s\u00e9get \u00e9s -biztons\u00e1got.<\/p>\n<h3>Testreszab\u00e1si szolg\u00e1ltat\u00e1sok<\/h3>\n<p>Testreszabott szolg\u00e1ltat\u00e1sokat k\u00edn\u00e1lunk \u00fcgyfeleink egyedi ig\u00e9nyeinek kiel\u00e9g\u00edt\u00e9s\u00e9re, testreszabott term\u00e9keket \u00e9s megold\u00e1sokat k\u00edn\u00e1lunk, hogy a legjobb \u00e9lm\u00e9nyt ny\u00fajtsuk \u00fcgyfeleinknek.<\/p>\n<h3>Termel\u00e9si berendez\u00e9sek<\/h3>\n<p>Korszer\u0171 \u00e9s cs\u00facskateg\u00f3ri\u00e1s gy\u00e1rt\u00f3berendez\u00e9seket haszn\u00e1lunk term\u00e9keink min\u0151s\u00e9g\u00e9nek \u00e9s teljes\u00edtm\u00e9ny\u00e9nek biztos\u00edt\u00e1sa \u00e9rdek\u00e9ben.<\/p>\n<h3>\u00c9rt\u00e9kes\u00edt\u00e9s ut\u00e1ni szolg\u00e1ltat\u00e1s<\/h3>\n<p>\u00c1tfog\u00f3 \u00e9rt\u00e9kes\u00edt\u00e9s ut\u00e1ni szolg\u00e1ltat\u00e1sokat k\u00edn\u00e1lunk, mint p\u00e9ld\u00e1ul m\u0171szaki t\u00e1mogat\u00e1s, karbantart\u00e1s, jav\u00edt\u00e1s, alkatr\u00e9szcsere \u00e9s fel\u00faj\u00edt\u00e1si szolg\u00e1ltat\u00e1sok.<\/p>\n<p>Szerz\u0151: lyl<\/p>","protected":false},"excerpt":{"rendered":"<p>Bucket Cylinder For Komatsu Small Excavator PC55 55UU Introduction The bucket cylinder for Komatsu small excavator PC55 55UU is a specialized hydraulic cylinder mainly used to control the movement of the bucket in heavy machinery, such as excavators, backhoe excavators, and front loaders. Its primary function is to allow the bucket to lift, lower, and [&hellip;]<\/p>","protected":false},"featured_media":14769,"comment_status":"open","ping_status":"closed","template":"","meta":{"_et_pb_use_builder":"","_et_pb_old_content":"","_et_gb_content_width":""},"product_brand":[],"product_cat":[1494],"product_tag":[1495,1496],"class_list":{"0":"post-15128","1":"product","2":"type-product","3":"status-publish","4":"has-post-thumbnail","6":"product_cat-bucket-cylinders","7":"product_tag-bucket-cylinders","8":"product_tag-hydraulic-cylinders","10":"first","11":"instock","12":"shipping-taxable","13":"product-type-simple"},"amp_enabled":true,"_links":{"self":[{"href":"https:\/\/www.hydraulic-cylinders.net\/hu\/wp-json\/wp\/v2\/product\/15128","targetHints":{"allow":["GET"]}}],"collection":[{"href":"https:\/\/www.hydraulic-cylinders.net\/hu\/wp-json\/wp\/v2\/product"}],"about":[{"href":"https:\/\/www.hydraulic-cylinders.net\/hu\/wp-json\/wp\/v2\/types\/product"}],"replies":[{"embeddable":true,"href":"https:\/\/www.hydraulic-cylinders.net\/hu\/wp-json\/wp\/v2\/comments?post=15128"}],"wp:featuredmedia":[{"embeddable":true,"href":"https:\/\/www.hydraulic-cylinders.net\/hu\/wp-json\/wp\/v2\/media\/14769"}],"wp:attachment":[{"href":"https:\/\/www.hydraulic-cylinders.net\/hu\/wp-json\/wp\/v2\/media?parent=15128"}],"wp:term":[{"taxonomy":"product_brand","embeddable":true,"href":"https:\/\/www.hydraulic-cylinders.net\/hu\/wp-json\/wp\/v2\/product_brand?post=15128"},{"taxonomy":"product_cat","embeddable":true,"href":"https:\/\/www.hydraulic-cylinders.net\/hu\/wp-json\/wp\/v2\/product_cat?post=15128"},{"taxonomy":"product_tag","embeddable":true,"href":"https:\/\/www.hydraulic-cylinders.net\/hu\/wp-json\/wp\/v2\/product_tag?post=15128"}],"curies":[{"name":"munkaf\u00fczet","href":"https:\/\/api.w.org\/{rel}","templated":true}]}}