{"id":15133,"date":"2025-01-19T14:08:50","date_gmt":"2025-01-19T14:08:50","guid":{"rendered":"https:\/\/www.hydraulic-cylinders.net\/product\/bucket-cylinder-for-komatsu-middle-excavator-pc200lc-8\/"},"modified":"2025-01-19T14:08:52","modified_gmt":"2025-01-19T14:08:52","slug":"bucket-cylinder-for-komatsu-middle-excavator-pc200lc-8","status":"publish","type":"product","link":"https:\/\/www.hydraulic-cylinders.net\/hu\/termek\/bucket-cylinder-for-komatsu-middle-excavator-pc200lc-8\/","title":{"rendered":"Kan\u00e1lhenger Komatsu k\u00f6z\u00e9ps\u0151 kotr\u00f3g\u00e9phez PC200LC-8"},"content":{"rendered":"<p><!DOCTYPE html><br \/>\n<html><br \/>\n<head><br \/>\n<title>Kan\u00e1lhenger Komatsu k\u00f6z\u00e9ps\u0151 kotr\u00f3g\u00e9phez PC200LC-8<\/title><br \/>\n<\/head><br \/>\n<body><\/p>\n<h1>Kan\u00e1lhenger Komatsu k\u00f6z\u00e9ps\u0151 kotr\u00f3g\u00e9phez PC200LC-8<\/h1>\n<h2>Bevezet\u00e9s<\/h2>\n<p>A Komatsu PC200LC-8 k\u00f6z\u00e9pkotr\u00f3g\u00e9p kan\u00e1lhengere egy speci\u00e1lisan tervezett hidraulikus henger, amelyet neh\u00e9zg\u00e9pek, p\u00e9ld\u00e1ul kotr\u00f3g\u00e9pek, kotr\u00f3rakod\u00f3k \u00e9s homlokrakod\u00f3k kan\u00e1lmozg\u00e1s\u00e1nak vez\u00e9rl\u00e9s\u00e9re haszn\u00e1lnak. F\u0151 funkci\u00f3ja, hogy lehet\u0151v\u00e9 tegye a kan\u00e1l emel\u00e9s\u00e9t, s\u00fcllyeszt\u00e9s\u00e9t \u00e9s billent\u00e9s\u00e9t, \u00edgy alkalmass\u00e1 t\u00e9ve k\u00fcl\u00f6nf\u00e9le anyagmozgat\u00e1si feladatokra. A hidraulikus rendszerben a kan\u00e1lhenger a hidraulikaolaj nyom\u00e1sv\u00e1ltoz\u00e1sainak felhaszn\u00e1l\u00e1s\u00e1val \u00e9ri el a kan\u00e1l pontos vez\u00e9rl\u00e9s\u00e9t, lehet\u0151v\u00e9 t\u00e9ve a kezel\u0151k sz\u00e1m\u00e1ra, hogy hat\u00e9konyan kezelj\u00e9k a neh\u00e9z terheket, \u00e9s alkalmazkodjanak az \u00f6sszetett munkak\u00f6rnyezetekhez \u00e9s a v\u00e1ltozatos munkak\u00f6vetelm\u00e9nyekhez.<\/p>\n<p><img decoding=\"async\" src=\"https:\/\/www.hydraulic-cylinders.net\/wp-content\/uploads\/2025\/01\/songte-company-2.webp\"><\/p>\n<h2>Jellemz\u0151k<\/h2>\n<ul>\n<li>Nagy szil\u00e1rds\u00e1g \u00e9s tart\u00f3ss\u00e1g: \u00c1ltal\u00e1ban nagy szil\u00e1rds\u00e1g\u00fa ac\u00e9lb\u00f3l vagy alum\u00edniumb\u00f3l k\u00e9sz\u00fcl, \u00edgy ellen\u00e1ll a nagy nyom\u00e1snak \u00e9s a nagy terhel\u00e9seknek, alkalmazkodva a zord munkak\u00f6rnyezethez. A kialak\u00edt\u00e1s sor\u00e1n figyelembe vett\u00e9k a kop\u00e1s\u00e1ll\u00f3s\u00e1got \u00e9s a korr\u00f3zi\u00f3\u00e1ll\u00f3s\u00e1got az \u00e9lettartam meghosszabb\u00edt\u00e1sa \u00e9rdek\u00e9ben.<\/li>\n<li>Hat\u00e9kony hidraulikus m\u0171k\u00f6d\u00e9s: A hidraulikaolaj nyom\u00e1s\u00e1nak kihaszn\u00e1l\u00e1s\u00e1val sima kiny\u00fal\u00e1si \u00e9s \u00f6sszeh\u00faz\u00e1si mozg\u00e1sokat \u00e9r el, gyorsan reag\u00e1l a vez\u00e9rl\u0151parancsokra, er\u0151teljes tol\u00f3- \u00e9s h\u00faz\u00f3er\u0151t biztos\u00edt, \u00e9s alkalmas neh\u00e9z terhek \u00e9s \u00f6sszetett munkafeladatok kezel\u00e9s\u00e9re.<\/li>\n<li>K\u00fcl\u00f6nb\u00f6z\u0151 t\u00edpusok: V\u00e1lasszon az egyszeres m\u0171k\u00f6d\u00e9s\u0171 (csak egy ir\u00e1nyban hidraulikusan m\u0171k\u00f6d\u0151) vagy kett\u0151s m\u0171k\u00f6d\u00e9s\u0171 (mindk\u00e9t ir\u00e1nyban hidraulikusan m\u0171k\u00f6d\u0151) hengerek k\u00f6z\u00fcl az adott m\u0171k\u00f6d\u00e9si ig\u00e9nyeknek megfelel\u0151en. Egyes modellek teleszk\u00f3posak, \u00edgy nagyobb kiny\u00fal\u00e1st tesznek lehet\u0151v\u00e9 a k\u00fcls\u0151 m\u00e9retek n\u00f6vel\u00e9se n\u00e9lk\u00fcl, \u00edgy alkalmasak korl\u00e1tozott helyig\u00e9ny\u0171 alkalmaz\u00e1sokhoz.<\/li>\n<li>T\u00f6k\u00e9letes csere: Term\u00e9k\u00fcnk t\u00f6k\u00e9letesen helyettes\u00edti a megl\u00e9v\u0151 hidraulikus hengereket. <\/li>\n<\/ul>\n<p><img decoding=\"async\" src=\"https:\/\/www.hydraulic-cylinders.net\/wp-content\/uploads\/2025\/01\/songte-cylinder-head-with-all-kinds-excavator-models.webp\"><\/p>\n<h2>Alkalmaz\u00e1sok<\/h2>\n<ul>\n<li>\u00c9p\u00edt\u0151ipari berendez\u00e9sek: Kotr\u00f3g\u00e9pekben tal\u00e1lhat\u00f3k, kulcsfontoss\u00e1g\u00faak az \u00e1s\u00e1shoz, rakod\u00e1shoz \u00e9s a talaj vagy t\u00f6rmel\u00e9k mozgat\u00e1s\u00e1hoz. A kotr\u00f3g\u00e9p-rakod\u00f3kban a kan\u00e1lhenger mind az \u00e1s\u00e1st, mind az emel\u00e9st seg\u00edti.<\/li>\n<li>Mez\u0151gazdas\u00e1gi g\u00e9pek: Homlokrakod\u00f3kban haszn\u00e1lj\u00e1k talaj, sz\u00e9na \u00e9s egy\u00e9b anyagok \u00e1s\u00e1s\u00e1ra, emel\u00e9s\u00e9re \u00e9s sz\u00e1ll\u00edt\u00e1s\u00e1ra.<\/li>\n<li>Kotr\u00f3g\u00e9pek: A kan\u00e1lhenger lehet\u0151v\u00e9 teszi az \u00e1s\u00e1si m\u0171veleteket az\u00e1ltal, hogy lehet\u0151v\u00e9 teszi a kan\u00e1l talajba val\u00f3 behatol\u00e1s\u00e1t.<\/li>\n<li>Rakod\u00f3k: Az el\u00f6lt\u00f6lt\u0151s rakod\u00f3k hat\u00e9konyan seg\u00edtik az \u00e1ruk emel\u00e9s\u00e9t \u00e9s d\u00f6nt\u00e9s\u00e9t.<\/li>\n<\/ul>\n<h2>Tervez\u00e9si szempontok \u00e9s kiv\u00e1laszt\u00e1si krit\u00e9riumok<\/h2>\n<ul>\n<li>Teherb\u00edr\u00e1s: Ismertesse a henger teherb\u00edr\u00e1s\u00e1t \u00e9s a megfelel\u0151 henger kiv\u00e1laszt\u00e1s\u00e1nak fontoss\u00e1g\u00e1t az adott alkalmaz\u00e1s alapj\u00e1n.<\/li>\n<li>T\u00f6m\u00edt\u00e9s: Ismertesse a kop\u00e1s\u00e1ll\u00f3 anyagokb\u00f3l, p\u00e9ld\u00e1ul poliuret\u00e1nb\u00f3l \u00e9s nitrilkaucsukb\u00f3l k\u00e9sz\u00fclt k\u00fcl\u00f6nf\u00e9le t\u00f6m\u00edt\u00e9sek, p\u00e9ld\u00e1ul dugatty\u00fat\u00f6m\u00edt\u00e9sek \u00e9s r\u00fadt\u00f6m\u00edt\u00e9sek haszn\u00e1lat\u00e1t. Hangs\u00falyozza a finoman megmunk\u00e1lt hengertest \u00e9s menetes v\u00e9gfel\u00fcletek fontoss\u00e1g\u00e1t a kop\u00e1s\u00e1ll\u00f3s\u00e1g fokoz\u00e1sa \u00e9rdek\u00e9ben.<\/li>\n<li>Tart\u00f3ss\u00e1g: Hangs\u00falyozza a tart\u00f3ss\u00e1ggal kapcsolatos tervez\u00e9si szempontokat, hogy a palack ellen\u00e1lljon a neh\u00e9z munkak\u00f6r\u00fclm\u00e9nyeknek.<\/li>\n<li>Biztons\u00e1g: A balesetek megel\u0151z\u00e9se \u00e9s a felhaszn\u00e1l\u00f3k biztons\u00e1g\u00e1nak garant\u00e1l\u00e1sa \u00e9rdek\u00e9ben a tervez\u00e9s sor\u00e1n bevezetett biztons\u00e1gi int\u00e9zked\u00e9sek figyelembev\u00e9tel\u00e9vel kell elj\u00e1rni.<\/li>\n<li>Karbantart\u00e1s: Besz\u00e9lje meg a rendszeres ellen\u0151rz\u00e9sek \u00e9s a megel\u0151z\u0151 karbantart\u00e1si int\u00e9zked\u00e9sek fontoss\u00e1g\u00e1t a palack \u00e9lettartam\u00e1nak meghosszabb\u00edt\u00e1sa \u00e9rdek\u00e9ben. Adjon tippeket a karbantart\u00e1si feladatokhoz, p\u00e9ld\u00e1ul a ken\u00e9shez, a t\u00f6m\u00edt\u00e9sek cser\u00e9j\u00e9hez \u00e9s a kalibr\u00e1ci\u00f3s ellen\u0151rz\u00e9sekhez.<\/li>\n<\/ul>\n<p><img decoding=\"async\" src=\"https:\/\/www.hydraulic-cylinders.net\/wp-content\/uploads\/2025\/01\/songte-oil-pipes-and-spare-parts.webp\"><\/p>\n<h2>Biztons\u00e1gi szempontok \u00e9s k\u00f6rnyezeti t\u00e9nyez\u0151k<\/h2>\n<p>A v\u00f6dr\u00f6s palack haszn\u00e1latakor elengedhetetlen a biztons\u00e1gi \u00f3vint\u00e9zked\u00e9sek betart\u00e1sa a balesetek megel\u0151z\u00e9se \u00e9rdek\u00e9ben. Ez mag\u00e1ban foglalja a megfelel\u0151 v\u00e9d\u0151felszerel\u00e9s visel\u00e9s\u00e9t, a megfelel\u0151 \u00fczemeltet\u00e9si elj\u00e1r\u00e1sok betart\u00e1s\u00e1t \u00e9s a berendez\u00e9s j\u00f3 \u00fczem\u00e1llapot\u00e1nak biztos\u00edt\u00e1s\u00e1t. Ezenk\u00edv\u00fcl a k\u00f6rnyezeti t\u00e9nyez\u0151k, p\u00e9ld\u00e1ul a h\u0151m\u00e9rs\u00e9klet, a p\u00e1ratartalom \u00e9s a vegyszereknek val\u00f3 kitetts\u00e9g figyelembev\u00e9tele seg\u00edthet a palack teljes\u00edtm\u00e9ny\u00e9nek \u00e9s hossz\u00fa \u00e9lettartam\u00e1nak meg\u0151rz\u00e9s\u00e9ben.<\/p>\n<h2>Hibaelh\u00e1r\u00edt\u00e1s \u00e9s gyakori probl\u00e9m\u00e1k<\/h2>\n<p>A serleghengerrel kapcsolatos probl\u00e9m\u00e1k vagy meghib\u00e1sod\u00e1sok eset\u00e9n fontos azokat halad\u00e9ktalanul diagnosztiz\u00e1lni \u00e9s megoldani. Adjon hibaelh\u00e1r\u00edt\u00e1si tippeket \u00e9s megold\u00e1sokat, hogy az olvas\u00f3k hat\u00e9konyan diagnosztiz\u00e1lhass\u00e1k \u00e9s megoldhass\u00e1k a probl\u00e9m\u00e1kat. Ezenk\u00edv\u00fcl javasoljon megel\u0151z\u0151 int\u00e9zked\u00e9seket a lehets\u00e9ges probl\u00e9m\u00e1k minimaliz\u00e1l\u00e1sa \u00e9s a henger z\u00f6kken\u0151mentes m\u0171k\u00f6d\u00e9s\u00e9nek el\u0151seg\u00edt\u00e9se \u00e9rdek\u00e9ben.<\/p>\n<p><img decoding=\"async\" src=\"https:\/\/www.hydraulic-cylinders.net\/wp-content\/uploads\/2025\/01\/songte-bushings-with-all-kinds-of-excavator-models.webp\"><\/p>\n<h2>Telep\u00edt\u00e9si \u00fatmutat\u00f3<\/h2>\n<p>A megfelel\u0151 telep\u00edt\u00e9s elengedhetetlen a serleghenger optim\u00e1lis teljes\u00edtm\u00e9ny\u00e9hez. Adjon l\u00e9p\u00e9sr\u0151l l\u00e9p\u00e9sre \u00fatmutat\u00f3t a telep\u00edt\u00e9shez, hangs\u00falyozva a henger helyes be\u00e1ll\u00edt\u00e1s\u00e1t. Javasolja a megfelel\u0151 r\u00f6gz\u00edt\u0151konzolok haszn\u00e1lat\u00e1t a henger r\u00f6gz\u00edt\u00e9s\u00e9hez. V\u00e1zolja fel az aj\u00e1nlott ellen\u0151rz\u00e9si, jav\u00edt\u00e1si \u00e9s csere elj\u00e1r\u00e1sokat, valamint tippeket adjon a henger \u00e9lettartam\u00e1nak meghosszabb\u00edt\u00e1s\u00e1ra.<\/p>\n<h2>Karbantart\u00e1si feladatok<\/h2>\n<ul>\n<li>Rendszeres ellen\u0151rz\u00e9sek: Hangs\u00falyozza a rendszeres ellen\u0151rz\u00e9sek fontoss\u00e1g\u00e1t a lehets\u00e9ges probl\u00e9m\u00e1k vagy kop\u00e1sok azonos\u00edt\u00e1sa \u00e9rdek\u00e9ben.<\/li>\n<li>Megfelel\u0151 ken\u00e9s: Magyar\u00e1zza el a megfelel\u0151 ken\u00e9s jelent\u0151s\u00e9g\u00e9t a zavartalan m\u0171k\u00f6d\u00e9s \u00e9s az id\u0151 el\u0151tti kop\u00e1s megel\u0151z\u00e9se \u00e9rdek\u00e9ben.<\/li>\n<li>T\u00f6m\u00edt\u00e9scsere: Hangs\u00falyozza a t\u00f6m\u00edt\u00e9sek id\u0151ben t\u00f6rt\u00e9n\u0151 cser\u00e9j\u00e9nek sz\u00fcks\u00e9gess\u00e9g\u00e9t a henger integrit\u00e1s\u00e1nak meg\u0151rz\u00e9se \u00e9s a sziv\u00e1rg\u00e1sok megel\u0151z\u00e9se \u00e9rdek\u00e9ben.<\/li>\n<li>Kalibr\u00e1ci\u00f3s ellen\u0151rz\u00e9sek: Besz\u00e9lje meg az id\u0151szakos kalibr\u00e1ci\u00f3s ellen\u0151rz\u00e9sek fontoss\u00e1g\u00e1t annak biztos\u00edt\u00e1sa \u00e9rdek\u00e9ben, hogy a palack a k\u00edv\u00e1nt param\u00e9tereken bel\u00fcl m\u0171k\u00f6dj\u00f6n.<\/li>\n<\/ul>\n<p><img decoding=\"async\" src=\"https:\/\/www.hydraulic-cylinders.net\/wp-content\/uploads\/2025\/01\/songte-chushion-collar.webp\"><\/p>\n<h2>K\u00f6vetkeztet\u00e9s<\/h2>\n<p>C\u00e9g\u00fcnk a hidraulikus hengerek vezet\u0151 gy\u00e1rt\u00f3ja \u00e9s nagykereskedelmi forgalmaz\u00f3ja a hazai \u00e9s a nemzetk\u00f6zi piacokon. Teljes term\u00e9kk\u00edn\u00e1latunkkal a kiv\u00e1l\u00f3 min\u0151s\u00e9g, a hat\u00e9kony gy\u00e1rt\u00e1si folyamatok \u00e9s a professzion\u00e1lis szolg\u00e1ltat\u00e1s alapelveit k\u00f6vetj\u00fck. Term\u00e9keinket nagy pontoss\u00e1ggal, fejlett technol\u00f3gia \u00e9s kiv\u00e1l\u00f3 min\u0151s\u00e9g\u0171 anyagok felhaszn\u00e1l\u00e1s\u00e1val tervezz\u00fck \u00e9s gy\u00e1rtjuk. Egyedi szolg\u00e1ltat\u00e1sokat, nemzetk\u00f6zi tan\u00fas\u00edtv\u00e1nyokat, \u00e1tfog\u00f3 \u00e9rt\u00e9kes\u00edt\u00e9s ut\u00e1ni t\u00e1mogat\u00e1st \u00e9s sz\u00e9les v\u00e1laszt\u00e9k\u00fa gy\u00e1rt\u00f3berendez\u00e9seket k\u00edn\u00e1lunk. Szak\u00e9rtelm\u00fcnkkel \u00e9s az \u00fcgyfelek el\u00e9gedetts\u00e9ge ir\u00e1nti elk\u00f6telezetts\u00e9g\u00fcnkkel arra t\u00f6reksz\u00fcnk, hogy kiel\u00e9g\u00edts\u00fck \u00fcgyfeleink sokr\u00e9t\u0171 ig\u00e9nyeit.<\/p>\n<p><img decoding=\"async\" src=\"https:\/\/www.hydraulic-cylinders.net\/wp-content\/uploads\/2025\/01\/songte-company-3.webp\"><\/p>\n<p>Szerz\u0151: lyl<\/p>\n<p><\/body><br \/>\n<\/html><\/p>","protected":false},"excerpt":{"rendered":"<p>Bucket Cylinder For Komatsu Middle Excavator PC200LC-8 Bucket Cylinder For Komatsu Middle Excavator PC200LC-8 Introduction The bucket cylinder for Komatsu middle excavator PC200LC-8 is a specially designed hydraulic cylinder used to control the movement of the bucket in heavy machinery such as excavators, backhoe loaders, and front loaders. Its main function is to enable the [&hellip;]<\/p>","protected":false},"featured_media":14788,"comment_status":"open","ping_status":"closed","template":"","meta":{"_et_pb_use_builder":"","_et_pb_old_content":"","_et_gb_content_width":""},"product_brand":[],"product_cat":[1494],"product_tag":[1495,1496],"class_list":{"0":"post-15133","1":"product","2":"type-product","3":"status-publish","4":"has-post-thumbnail","6":"product_cat-bucket-cylinders","7":"product_tag-bucket-cylinders","8":"product_tag-hydraulic-cylinders","10":"first","11":"instock","12":"shipping-taxable","13":"product-type-simple"},"amp_enabled":true,"_links":{"self":[{"href":"https:\/\/www.hydraulic-cylinders.net\/hu\/wp-json\/wp\/v2\/product\/15133","targetHints":{"allow":["GET"]}}],"collection":[{"href":"https:\/\/www.hydraulic-cylinders.net\/hu\/wp-json\/wp\/v2\/product"}],"about":[{"href":"https:\/\/www.hydraulic-cylinders.net\/hu\/wp-json\/wp\/v2\/types\/product"}],"replies":[{"embeddable":true,"href":"https:\/\/www.hydraulic-cylinders.net\/hu\/wp-json\/wp\/v2\/comments?post=15133"}],"wp:featuredmedia":[{"embeddable":true,"href":"https:\/\/www.hydraulic-cylinders.net\/hu\/wp-json\/wp\/v2\/media\/14788"}],"wp:attachment":[{"href":"https:\/\/www.hydraulic-cylinders.net\/hu\/wp-json\/wp\/v2\/media?parent=15133"}],"wp:term":[{"taxonomy":"product_brand","embeddable":true,"href":"https:\/\/www.hydraulic-cylinders.net\/hu\/wp-json\/wp\/v2\/product_brand?post=15133"},{"taxonomy":"product_cat","embeddable":true,"href":"https:\/\/www.hydraulic-cylinders.net\/hu\/wp-json\/wp\/v2\/product_cat?post=15133"},{"taxonomy":"product_tag","embeddable":true,"href":"https:\/\/www.hydraulic-cylinders.net\/hu\/wp-json\/wp\/v2\/product_tag?post=15133"}],"curies":[{"name":"munkaf\u00fczet","href":"https:\/\/api.w.org\/{rel}","templated":true}]}}