{"id":15134,"date":"2025-01-19T14:08:54","date_gmt":"2025-01-19T14:08:54","guid":{"rendered":"https:\/\/www.hydraulic-cylinders.net\/product\/bucket-cylinder-for-komatsu-middle-excavator-pc228\/"},"modified":"2025-01-19T14:08:56","modified_gmt":"2025-01-19T14:08:56","slug":"bucket-cylinder-for-komatsu-middle-excavator-pc228","status":"publish","type":"product","link":"https:\/\/www.hydraulic-cylinders.net\/hu\/termek\/bucket-cylinder-for-komatsu-middle-excavator-pc228\/","title":{"rendered":"Kan\u00e1lhenger Komatsu k\u00f6z\u00e9ps\u0151 kotr\u00f3g\u00e9phez PC228"},"content":{"rendered":"<h1>Kan\u00e1lhenger Komatsu k\u00f6z\u00e9ps\u0151 kotr\u00f3g\u00e9phez PC228<\/h1>\n<h2>Bevezet\u00e9s<\/h2>\n<p>A Komatsu PC228 k\u00f6z\u00e9pkotr\u00f3g\u00e9p kan\u00e1lhengere egy speci\u00e1lis hidraulikus henger, amelyet neh\u00e9zg\u00e9pek, p\u00e9ld\u00e1ul kotr\u00f3g\u00e9pek, kotr\u00f3g\u00e9pek \u00e9s homlokrakod\u00f3k kan\u00e1lmozg\u00e1s\u00e1nak vez\u00e9rl\u00e9s\u00e9re terveztek. Els\u0151dleges funkci\u00f3ja a kan\u00e1l emel\u00e9se, s\u00fcllyeszt\u00e9se \u00e9s billent\u00e9se, megk\u00f6nny\u00edtve a k\u00fcl\u00f6nf\u00e9le anyagmozgat\u00e1si feladatok elv\u00e9gz\u00e9s\u00e9t. A hidraulikus rendszerben a kan\u00e1lhenger a hidraulikaolaj nyom\u00e1s\u00e1nak v\u00e1ltoztat\u00e1s\u00e1val vez\u00e9rli a kan\u00e1l pontos mozg\u00e1s\u00e1t, lehet\u0151v\u00e9 t\u00e9ve a kezel\u0151 sz\u00e1m\u00e1ra, hogy hat\u00e9konyan kezelje a neh\u00e9z terheket, \u00e9s alkalmazkodjon az \u00f6sszetett munkak\u00f6rnyezetekhez \u00e9s a v\u00e1ltozatos \u00fczemeltet\u00e9si k\u00f6vetelm\u00e9nyekhez.<\/p>\n<p><img decoding=\"async\" src=\"https:\/\/www.hydraulic-cylinders.net\/wp-content\/uploads\/2025\/01\/songte-company-2.webp\" alt=\"Kan\u00e1lhenger Komatsu k\u00f6z\u00e9ps\u0151 kotr\u00f3g\u00e9phez PC228\" \/><\/p>\n<h2>Jellemz\u0151k<\/h2>\n<ul>\n<li><strong>Nagy szil\u00e1rds\u00e1g \u00e9s tart\u00f3ss\u00e1g:<\/strong> \u00c1ltal\u00e1ban nagy szil\u00e1rds\u00e1g\u00fa ac\u00e9lb\u00f3l vagy alum\u00edniumb\u00f3l k\u00e9sz\u00fcl, \u00edgy ellen\u00e1ll a nagy nyom\u00e1snak \u00e9s a neh\u00e9z terhel\u00e9seknek, alkalmazkodva a zord munkak\u00f6rnyezethez. Tervez\u00e9se sor\u00e1n figyelembe vett\u00e9k a kop\u00e1s\u00e1ll\u00f3s\u00e1got \u00e9s a korr\u00f3zi\u00f3\u00e1ll\u00f3s\u00e1got, meghosszabb\u00edtva \u00e9lettartam\u00e1t.<\/li>\n<li><strong>Hat\u00e9kony hidraulikus m\u0171k\u00f6dtet\u00e9s:<\/strong> A hidraulikaolaj nyom\u00e1s\u00e1t kihaszn\u00e1lva sima teleszk\u00f3pos mozg\u00e1st \u00e9r el, gyorsan reag\u00e1l a m\u0171k\u00f6d\u00e9si parancsokra, \u00e9s er\u0151teljes tol\u00f3- \u00e9s h\u00faz\u00f3er\u0151t biztos\u00edt, \u00edgy alkalmas neh\u00e9z terhek \u00e9s \u00f6sszetett munkafeladatok kezel\u00e9s\u00e9re.<\/li>\n<li><strong>K\u00fcl\u00f6nb\u00f6z\u0151 t\u00edpusok:<\/strong> Az ig\u00e9nyeinek megfelel\u0151en v\u00e1laszthat egyszeres m\u0171k\u00f6d\u00e9s\u0171 (csak egy ir\u00e1nyban hidraulikusan m\u0171k\u00f6dtetett) vagy kett\u0151s m\u0171k\u00f6d\u00e9s\u0171 (mindk\u00e9t ir\u00e1nyban hidraulikusan m\u0171k\u00f6dtetett) hengerek k\u00f6z\u00fcl. Egyes modellek teleszk\u00f3posak, \u00edgy nagyobb kiny\u00fal\u00e1st tesznek lehet\u0151v\u00e9 a k\u00fcls\u0151 m\u00e9retek n\u00f6vel\u00e9se n\u00e9lk\u00fcl, \u00edgy sz\u0171k\u00f6s helyeken is alkalmazhat\u00f3k.<\/li>\n<li><strong>Testreszabhat\u00f3:<\/strong> C\u00e9g\u00fcnk ezt a term\u00e9ket \u00e9s m\u00e1s hidraulikus hengerek t\u00f6k\u00e9letes cser\u00e9j\u00e9t is k\u00e9pes el\u0151\u00e1ll\u00edtani.<\/li>\n<\/ul>\n<p><img decoding=\"async\" src=\"https:\/\/www.hydraulic-cylinders.net\/wp-content\/uploads\/2025\/01\/songte-cylinder-head-with-all-kinds-excavator-models.webp\" alt=\"Kan\u00e1lhenger Komatsu k\u00f6z\u00e9ps\u0151 kotr\u00f3g\u00e9phez PC228\" \/><\/p>\n<h2>Alkalmaz\u00e1sok<\/h2>\n<p>A Komatsu PC228 k\u00f6z\u00e9pkotr\u00f3g\u00e9p kan\u00e1lhengere k\u00fcl\u00f6nf\u00e9le neh\u00e9zg\u00e9pekhez alkalmas, bele\u00e9rtve:<\/p>\n<ul>\n<li><strong>\u00c9p\u00edt\u0151ipari berendez\u00e9sek:<\/strong> Kotr\u00f3g\u00e9pekben tal\u00e1lhat\u00f3k, elengedhetetlenek az \u00e1s\u00e1shoz, rakod\u00e1shoz \u00e9s a talaj vagy t\u00f6rmel\u00e9k mozgat\u00e1s\u00e1hoz. A kotr\u00f3g\u00e9p-rakod\u00f3kban a kan\u00e1lhenger mind az \u00e1s\u00e1st, mind az emel\u00e9st seg\u00edti.<\/li>\n<li><strong>Mez\u0151gazdas\u00e1gi g\u00e9pek:<\/strong> Homlokrakod\u00f3khoz haszn\u00e1lj\u00e1k \u0151ket, f\u00f6ld, sz\u00e9na \u00e9s egy\u00e9b anyagok mer\u00e9s\u00e9re, emel\u00e9s\u00e9re \u00e9s sz\u00e1ll\u00edt\u00e1s\u00e1ra. Kotr\u00f3g\u00e9pekben a kan\u00e1lhengerek lehet\u0151v\u00e9 teszik a f\u00f6ldmunk\u00e1t az\u00e1ltal, hogy lehet\u0151v\u00e9 teszik a kan\u00e1l talajba val\u00f3 behatol\u00e1s\u00e1t.<\/li>\n<li><strong>Rakod\u00f3 felszerel\u00e9s:<\/strong> A homlokrakod\u00f3kban hat\u00e9konyan seg\u00edtenek a rakom\u00e1ny emel\u00e9s\u00e9ben \u00e9s billent\u00e9s\u00e9ben.<\/li>\n<\/ul>\n<h2>Tervez\u00e9si szempontok \u00e9s kiv\u00e1laszt\u00e1si krit\u00e9riumok<\/h2>\n<ul>\n<li><strong>Teherb\u00edr\u00e1s:<\/strong> K\u00e9pesnek kell lennie ellen\u00e1llni a m\u0171k\u00f6d\u00e9s sor\u00e1n fell\u00e9p\u0151 maxim\u00e1lis terhel\u00e9seknek.<\/li>\n<li><strong>T\u00f6m\u00edt\u00e9s:<\/strong> K\u00fcl\u00f6nb\u00f6z\u0151 t\u00f6m\u00edt\u0151elemek, p\u00e9ld\u00e1ul dugatty\u00fat\u00f6m\u00edt\u00e9sek, r\u00fadt\u00f6m\u00edt\u00e9sek stb. haszn\u00e1lata. A t\u00f6m\u00edt\u0151elemeknek kop\u00e1s\u00e1ll\u00f3 anyagokb\u00f3l, p\u00e9ld\u00e1ul poliuret\u00e1nb\u00f3l vagy nitrilgumib\u00f3l kell k\u00e9sz\u00fclni\u00fck, a hengertestet \u00e9s a menetes v\u00e9gfel\u00fcleteket pedig finoman megmunk\u00e1lni kell a kop\u00e1s\u00e1ll\u00f3s\u00e1g jav\u00edt\u00e1sa \u00e9rdek\u00e9ben.<\/li>\n<li><strong>Tart\u00f3ss\u00e1g:<\/strong> A palackot \u00fagy kell megtervezni, hogy ellen\u00e1lljon a k\u00f6rnyezeti t\u00e9nyez\u0151knek, amelyeknek ki lesz t\u00e9ve, p\u00e9ld\u00e1ul a korr\u00f3zi\u00f3nak \u00e9s a kop\u00e1snak.<\/li>\n<li><strong>Biztons\u00e1g:<\/strong> A balesetek \u00e9s s\u00e9r\u00fcl\u00e9sek megel\u0151z\u00e9se \u00e9rdek\u00e9ben biztons\u00e1gi elemeket kell be\u00e9p\u00edteni a tervez\u00e9sbe.<\/li>\n<li><strong>Karbantarthat\u00f3s\u00e1g:<\/strong> A term\u00e9knek k\u00f6nnyen karbantarthat\u00f3nak \u00e9s jav\u00edthat\u00f3nak kell lennie az \u00e1ll\u00e1sid\u0151 cs\u00f6kkent\u00e9se \u00e9s a hossz\u00fa \u00e9lettartam biztos\u00edt\u00e1sa \u00e9rdek\u00e9ben.<\/li>\n<\/ul>\n<p><img decoding=\"async\" src=\"https:\/\/www.hydraulic-cylinders.net\/wp-content\/uploads\/2025\/01\/songte-oil-pipes-and-spare-parts.webp\" alt=\"Kan\u00e1lhenger Komatsu k\u00f6z\u00e9ps\u0151 kotr\u00f3g\u00e9phez PC228\" \/><\/p>\n<h2>T\u00f6m\u00edt\u00e9s \u00e9s ken\u00e9s<\/h2>\n<p>A Komatsu PC228 k\u00f6z\u00e9pkateg\u00f3ri\u00e1s kotr\u00f3g\u00e9p kan\u00e1lhengere k\u00fcl\u00f6nf\u00e9le t\u00f6m\u00edt\u0151elemeket haszn\u00e1l a hidraulikus rendszer hat\u00e9kony m\u0171k\u00f6d\u00e9s\u00e9nek biztos\u00edt\u00e1s\u00e1ra. A henger teste \u00e9s menetes v\u00e9gfel\u00fcletei prec\u00edzen megmunk\u00e1ltak a kop\u00e1s\u00e1ll\u00f3s\u00e1g jav\u00edt\u00e1sa \u00e9rdek\u00e9ben. Rendszeres ken\u00e9s megfelel\u0151 hidraulikaolajjal sz\u00fcks\u00e9ges.<\/p>\n<p><img decoding=\"async\" src=\"https:\/\/www.hydraulic-cylinders.net\/wp-content\/uploads\/2025\/01\/songte-chushion-collar.webp\" alt=\"Kan\u00e1lhenger Komatsu k\u00f6z\u00e9ps\u0151 kotr\u00f3g\u00e9phez PC228\" \/><\/p>\n<h2>Karbantart\u00e1s \u00e9s jav\u00edt\u00e1s<\/h2>\n<p>Az al\u00e1bbiakban felsoroljuk a gyakori karbantart\u00e1si feladatokat:<\/p>\n<ul>\n<li>Rendszeres ellen\u0151rz\u00e9s<\/li>\n<li>Megfelel\u0151 ken\u00e9s<\/li>\n<li>T\u00f6m\u00edt\u00e9s csere<\/li>\n<li>Kalibr\u00e1ci\u00f3s ellen\u0151rz\u00e9s<\/li>\n<\/ul>\n<p>A megfelel\u0151 beszerel\u00e9s, ken\u00e9s \u00e9s be\u00e1ll\u00edt\u00e1s elengedhetetlen a hossz\u00fa \u00e9lettartam biztos\u00edt\u00e1s\u00e1hoz. A beszerel\u00e9s sor\u00e1n aj\u00e1nlott a hengert megfelel\u0151en be\u00e1ll\u00edtani, \u00e9s megfelel\u0151 r\u00f6gz\u00edt\u0151konzolokat haszn\u00e1lni a r\u00f6gz\u00edt\u00e9shez. A Komatsu PC228 k\u00f6z\u00e9pkateg\u00f3ri\u00e1s kotr\u00f3g\u00e9p kan\u00e1lhenger\u00e9nek optim\u00e1lis teljes\u00edtm\u00e9ny\u00e9nek fenntart\u00e1sa \u00e9s \u00e9lettartam\u00e1nak meghosszabb\u00edt\u00e1sa \u00e9rdek\u00e9ben rendszeres ellen\u0151rz\u00e9si, jav\u00edt\u00e1si \u00e9s csereelj\u00e1r\u00e1sok aj\u00e1nlottak.<\/p>\n<p><img decoding=\"async\" src=\"https:\/\/www.hydraulic-cylinders.net\/wp-content\/uploads\/2025\/01\/songte-bushings-with-all-kinds-of-excavator-models.webp\" alt=\"Kan\u00e1lhenger Komatsu k\u00f6z\u00e9ps\u0151 kotr\u00f3g\u00e9phez PC228\" \/><\/p>\n<h2>Biztons\u00e1gi szempontok \u00e9s k\u00f6rnyezeti t\u00e9nyez\u0151k<\/h2>\n<p>A Komatsu PC228 k\u00f6z\u00e9pkateg\u00f3ri\u00e1s kotr\u00f3g\u00e9p kan\u00e1lhenger\u00e9nek haszn\u00e1latakor a biztons\u00e1gi int\u00e9zked\u00e9sek elengedhetetlenek a balesetek \u00e9s s\u00e9r\u00fcl\u00e9sek megel\u0151z\u00e9se \u00e9rdek\u00e9ben. A hidraulikus hengerek tervez\u00e9se \u00e9s kiv\u00e1laszt\u00e1sa sor\u00e1n figyelembe kell venni a k\u00f6rnyezeti t\u00e9nyez\u0151ket, p\u00e9ld\u00e1ul a h\u0151m\u00e9rs\u00e9kletet \u00e9s a p\u00e1ratartalmat.<\/p>\n<h2>Hibadiagn\u00f3zis \u00e9s gyakori probl\u00e9m\u00e1k<\/h2>\n<p>A gyakori hib\u00e1k k\u00f6z\u00e9 tartozik az olajsziv\u00e1rg\u00e1s, a rendellenes zaj, valamint a lass\u00fa vagy instabil mozg\u00e1s. Ezeket k\u00fcl\u00f6nf\u00e9le t\u00e9nyez\u0151k okozhatj\u00e1k, p\u00e9ld\u00e1ul kop\u00e1s, t\u00f6m\u00edt\u00e9shiba vagy nem megfelel\u0151 beszerel\u00e9s.<\/p>\n<h2>C\u00e9gbemutat\u00f3<\/h2>\n<p>Min\u0151s\u00e9gi p\u00f3talkatr\u00e9szek hidraulikus hengereinek gy\u00e1rt\u00f3ja, valamint vezet\u0151 hidraulikus hengergy\u00e1rt\u00f3 \u00e9s nagykereskedelmi forgalmaz\u00f3 vagyunk a hazai \u00e9s k\u00fclf\u00f6ldi piacokon. A kiv\u00e1l\u00f3 min\u0151s\u00e9g strat\u00e9gi\u00e1j\u00e1t k\u00f6vetj\u00fck, a finomgy\u00e1rt\u00f3 m\u0171helyek ipari termel\u00e9sir\u00e1ny\u00edt\u00e1s\u00e1ra t\u00e1maszkodunk, \u00e9s folyamatosan fejlesztj\u00fck m\u0171helyterm\u00e9keink gy\u00e1rt\u00e1si platformj\u00e1t a m\u0171szaki tehets\u00e9gek, a digit\u00e1lis, cs\u00facskateg\u00f3ri\u00e1s gy\u00e1rt\u00f3berendez\u00e9sek \u00e9s a professzion\u00e1lis tesztel\u0151rendszerek tekintet\u00e9ben. Hat\u00e9kony, prec\u00edz \u00e9s magas min\u0151s\u00e9gi elveinkkel kiel\u00e9g\u00edtj\u00fck \u00fcgyfeleink sokr\u00e9t\u0171 ig\u00e9nyeit.<\/p>\n<p><img decoding=\"async\" src=\"https:\/\/hzpt.com\/wp-content\/uploads\/2024\/11\/songte-company-1.webp\" alt=\"Kan\u00e1lhenger Komatsu k\u00f6z\u00e9ps\u0151 kotr\u00f3g\u00e9phez PC228\" \/><\/p>\n<h3>Szakmaiass\u00e1g:<\/h3>\n<p>Szakemberekb\u0151l \u00e1ll\u00f3 csapatunk a legmagasabb sz\u00ednvonalat k\u00e9pviseli munk\u00e1juk sor\u00e1n, biztos\u00edtva ezzel, hogy \u00fcgyfeleink sz\u00e1m\u00e1ra kiv\u00e1l\u00f3 min\u0151s\u00e9g\u0171 term\u00e9keket \u00e9s szolg\u00e1ltat\u00e1sokat ny\u00fajtsunk.<\/p>\n<h3>Nemzetk\u00f6zi min\u0151s\u00edt\u00e9s:<\/h3>\n<p>C\u00e9g\u00fcnk sz\u00e1mos nemzetk\u00f6zi tan\u00fas\u00edtv\u00e1nnyal rendelkezik, mint p\u00e9ld\u00e1ul az ISO9001 \u00e9s a CE, amelyek biztos\u00edtj\u00e1k, hogy term\u00e9keink megfeleljenek a glob\u00e1lis min\u0151s\u00e9gi szabv\u00e1nyoknak.<\/p>\n<h3>Testreszab\u00e1si szolg\u00e1ltat\u00e1sok:<\/h3>\n<p>Testreszabott szolg\u00e1ltat\u00e1sokat k\u00edn\u00e1lunk, hogy megfelelj\u00fcnk \u00fcgyfeleink b\u00e1rmilyen speci\u00e1lis ig\u00e9ny\u00e9nek \u00e9s k\u00f6vetelm\u00e9ny\u00e9nek.<\/p>\n<h3>Gy\u00e1rt\u00f3berendez\u00e9sek:<\/h3>\n<p>Gy\u00e1rt\u00f3berendez\u00e9seink k\u00f6z\u00f6tt megtal\u00e1lhat\u00f3k korszer\u0171 CNC megmunk\u00e1l\u00f3k\u00f6zpontok, vizsg\u00e1l\u00f3berendez\u00e9sek \u00e9s egy\u00e9b cs\u00facstechnol\u00f3gi\u00e1s berendez\u00e9sek, amelyek lehet\u0151v\u00e9 teszik sz\u00e1munkra, hogy kiv\u00e1l\u00f3 min\u0151s\u00e9g\u0171 term\u00e9keket \u00e1ll\u00edtsunk el\u0151.<\/p>\n<h3>\u00c9rt\u00e9kes\u00edt\u00e9s ut\u00e1ni szolg\u00e1ltat\u00e1sok:<\/h3>\n<p>Kiv\u00e1l\u00f3 \u00e9rt\u00e9kes\u00edt\u00e9s ut\u00e1ni szolg\u00e1ltat\u00e1sokat ny\u00fajtunk, hogy \u00fcgyfeleink el\u00e9gedettek legyenek term\u00e9keinkkel \u00e9s szolg\u00e1ltat\u00e1sainkkal, bele\u00e9rtve a rendszeres karbantart\u00e1st, ellen\u0151rz\u00e9st, jav\u00edt\u00e1st \u00e9s alkatr\u00e9szcser\u00e9t.<\/p>\n<p>Szerz\u0151: lyl<\/p>","protected":false},"excerpt":{"rendered":"<p>Bucket Cylinder For Komatsu Middle Excavator PC228 Introduction The Bucket Cylinder for Komatsu Middle Excavator PC228 is a specialized hydraulic cylinder designed to control the movement of the bucket in heavy machinery such as excavators, backhoes, and front-end loaders. Its primary function is to allow the bucket to lift, lower, and tilt, making it easier [&hellip;]<\/p>","protected":false},"featured_media":14787,"comment_status":"open","ping_status":"closed","template":"","meta":{"_et_pb_use_builder":"","_et_pb_old_content":"","_et_gb_content_width":""},"product_brand":[],"product_cat":[1494],"product_tag":[1495,1496],"class_list":{"0":"post-15134","1":"product","2":"type-product","3":"status-publish","4":"has-post-thumbnail","6":"product_cat-bucket-cylinders","7":"product_tag-bucket-cylinders","8":"product_tag-hydraulic-cylinders","10":"first","11":"instock","12":"shipping-taxable","13":"product-type-simple"},"amp_enabled":true,"_links":{"self":[{"href":"https:\/\/www.hydraulic-cylinders.net\/hu\/wp-json\/wp\/v2\/product\/15134","targetHints":{"allow":["GET"]}}],"collection":[{"href":"https:\/\/www.hydraulic-cylinders.net\/hu\/wp-json\/wp\/v2\/product"}],"about":[{"href":"https:\/\/www.hydraulic-cylinders.net\/hu\/wp-json\/wp\/v2\/types\/product"}],"replies":[{"embeddable":true,"href":"https:\/\/www.hydraulic-cylinders.net\/hu\/wp-json\/wp\/v2\/comments?post=15134"}],"wp:featuredmedia":[{"embeddable":true,"href":"https:\/\/www.hydraulic-cylinders.net\/hu\/wp-json\/wp\/v2\/media\/14787"}],"wp:attachment":[{"href":"https:\/\/www.hydraulic-cylinders.net\/hu\/wp-json\/wp\/v2\/media?parent=15134"}],"wp:term":[{"taxonomy":"product_brand","embeddable":true,"href":"https:\/\/www.hydraulic-cylinders.net\/hu\/wp-json\/wp\/v2\/product_brand?post=15134"},{"taxonomy":"product_cat","embeddable":true,"href":"https:\/\/www.hydraulic-cylinders.net\/hu\/wp-json\/wp\/v2\/product_cat?post=15134"},{"taxonomy":"product_tag","embeddable":true,"href":"https:\/\/www.hydraulic-cylinders.net\/hu\/wp-json\/wp\/v2\/product_tag?post=15134"}],"curies":[{"name":"munkaf\u00fczet","href":"https:\/\/api.w.org\/{rel}","templated":true}]}}