{"id":15140,"date":"2025-01-19T14:09:19","date_gmt":"2025-01-19T14:09:19","guid":{"rendered":"https:\/\/www.hydraulic-cylinders.net\/product\/bucket-cylinder-for-komatsu-middle-excavator-pc220-5-6-7-8-8mo\/"},"modified":"2025-01-19T14:09:21","modified_gmt":"2025-01-19T14:09:21","slug":"bucket-cylinder-for-komatsu-middle-excavator-pc220-5-6-7-8-8mo","status":"publish","type":"product","link":"https:\/\/www.hydraulic-cylinders.net\/hu\/termek\/bucket-cylinder-for-komatsu-middle-excavator-pc220-5-6-7-8-8mo\/","title":{"rendered":"Kan\u00e1lhenger Komatsu k\u00f6z\u00e9ps\u0151 kotr\u00f3g\u00e9phez PC220-5-6-7-8-8MO"},"content":{"rendered":"<h1>Kan\u00e1lhenger Komatsu k\u00f6z\u00e9ps\u0151 kotr\u00f3g\u00e9phez PC220-5-6-7-8-8MO<\/h1>\n<h2>Bevezet\u00e9s<\/h2>\n<h3>A v\u00f6d\u00f6rhenger meghat\u00e1roz\u00e1sa<\/h3>\n<p>\nA kan\u00e1lhenger egy speci\u00e1lisan tervezett hidraulikus henger, amelyet f\u0151k\u00e9nt a kan\u00e1l mozg\u00e1s\u00e1nak vez\u00e9rl\u00e9s\u00e9re haszn\u00e1lnak neh\u00e9zg\u00e9pekben, p\u00e9ld\u00e1ul kotr\u00f3g\u00e9pekben, kotr\u00f3g\u00e9pekben \u00e9s homlokrakod\u00f3kban. F\u0151 funkci\u00f3ja a kan\u00e1l emel\u00e9se, s\u00fcllyeszt\u00e9se \u00e9s billent\u00e9se, megk\u00f6nny\u00edtve a k\u00fcl\u00f6nf\u00e9le anyagmozgat\u00e1si feladatok elv\u00e9gz\u00e9s\u00e9t. A hidraulikus rendszerben a kan\u00e1lhenger a hidraulikaolaj nyom\u00e1sv\u00e1ltoz\u00e1sai r\u00e9v\u00e9n \u00e9ri el a kan\u00e1l pontos vez\u00e9rl\u00e9s\u00e9t, lehet\u0151v\u00e9 t\u00e9ve a kezel\u0151k sz\u00e1m\u00e1ra a neh\u00e9z t\u00e1rgyak hat\u00e9kony kezel\u00e9s\u00e9t, valamint az \u00f6sszetett munkak\u00f6rnyezetekhez \u00e9s a v\u00e1ltozatos m\u0171k\u00f6d\u00e9si k\u00f6vetelm\u00e9nyekhez val\u00f3 alkalmazkod\u00e1st.\n<\/p>\n<p><img decoding=\"async\" src=\"https:\/\/www.hydraulic-cylinders.net\/wp-content\/uploads\/2025\/01\/songte-company-2.webp\" alt=\"V\u00f6d\u00f6r henger k\u00e9pe\"><\/p>\n<h3>A v\u00f6d\u00f6rhenger jellemz\u0151i<\/h3>\n<ul>\n<li>Nagy szil\u00e1rds\u00e1g \u00e9s tart\u00f3ss\u00e1g: \u00c1ltal\u00e1ban nagy szil\u00e1rds\u00e1g\u00fa ac\u00e9lb\u00f3l vagy alum\u00edniumb\u00f3l k\u00e9sz\u00fcl, ellen\u00e1ll a nagy nyom\u00e1snak \u00e9s a nagy terhel\u00e9seknek, alkalmazkodik a zord munkak\u00f6rnyezethez, \u00e9s a kop\u00e1s\u00e1ll\u00f3s\u00e1got \u00e9s a korr\u00f3zi\u00f3\u00e1ll\u00f3s\u00e1got szem el\u0151tt tartva tervezt\u00e9k, hogy meghosszabb\u00edts\u00e1k az \u00e9lettartamot.<\/li>\n<li>Hat\u00e9kony hidraulikus m\u0171k\u00f6d\u00e9s: A sima teleszk\u00f3pos m\u0171k\u00f6d\u00e9st a hidraulikaolaj-nyom\u00e1s biztos\u00edtja, amely gyorsan reag\u00e1l a vez\u00e9rl\u0151parancsokra, er\u0151teljes tol\u00f3- \u00e9s h\u00faz\u00f3er\u0151t biztos\u00edt, \u00e9s alkalmas neh\u00e9z t\u00e1rgyak kezel\u00e9s\u00e9re \u00e9s \u00f6sszetett m\u0171k\u00f6d\u00e9si feladatokra.<\/li>\n<li>K\u00fcl\u00f6nb\u00f6z\u0151 t\u00edpusok: Az ig\u00e9nyeknek megfelel\u0151en egyszeres m\u0171k\u00f6d\u00e9s\u0171 hidraulikus hengerek (csak egy ir\u00e1nyban haszn\u00e1lj\u00e1k a hidraulik\u00e1t) vagy kett\u0151s m\u0171k\u00f6d\u00e9s\u0171 hidraulikus hengerek (k\u00e9t ir\u00e1nyban haszn\u00e1lj\u00e1k a hidraulik\u00e1t) v\u00e1laszthat\u00f3k, egyes modellek pedig teleszk\u00f3posak, \u00edgy nagyobb kiny\u00fal\u00e1st tesznek lehet\u0151v\u00e9 a k\u00fcls\u0151 m\u00e9retek n\u00f6vel\u00e9se n\u00e9lk\u00fcl, \u00edgy alkalmasak korl\u00e1tozott helyig\u00e9ny\u0171 alkalmaz\u00e1sokhoz.<\/li>\n<li>Cser\u00e9lhet\u0151: Term\u00e9keink t\u00f6k\u00e9letesen helyettes\u00edthetik ezeket a hidraulikus hengereket.<\/li>\n<\/ul>\n<p><img decoding=\"async\" src=\"https:\/\/www.hydraulic-cylinders.net\/wp-content\/uploads\/2025\/01\/songte-cylinder-head-with-all-kinds-excavator-models.webp\" alt=\"V\u00f6d\u00f6rhenger csere k\u00e9p\"><\/p>\n<h3>V\u00f6d\u00f6rhenger alkalmaz\u00e1sa<\/h3>\n<p>\nA kan\u00e1lhengerek elengedhetetlenek az \u00e9p\u00edt\u0151ipari berendez\u00e9sekhez, p\u00e9ld\u00e1ul kotr\u00f3g\u00e9pekhez, kotr\u00f3g\u00e9pekhez, homlokrakod\u00f3khoz \u00e9s mez\u0151gazdas\u00e1gi g\u00e9pekhez. A kotr\u00f3g\u00e9pekben a kan\u00e1lhenger seg\u00edti a f\u00f6ldmunk\u00e1t \u00e9s az emel\u00e9st. A homlokrakod\u00f3kban hat\u00e9konyan seg\u00edtik a rakom\u00e1ny emel\u00e9s\u00e9t \u00e9s billent\u00e9s\u00e9t.\n<\/p>\n<h4>\u00c9p\u00edt\u0151ipari berendez\u00e9sek<\/h4>\n<ul>\n<li>Kotr\u00f3g\u00e9pek: A kan\u00e1lhenger lehet\u0151v\u00e9 teszi, hogy a kan\u00e1l \u00e1tv\u00e1gja a talajt a f\u00f6ldmunk\u00e1k elv\u00e9gz\u00e9s\u00e9hez.<\/li>\n<li>Kotr\u00f3g\u00e9pek: A kan\u00e1l munkahengere seg\u00edti a kotr\u00e1st \u00e9s az emel\u00e9st.<\/li>\n<li>Homlokrakod\u00f3k: A homlokrakod\u00f3k hat\u00e9konyan seg\u00edtenek a rakom\u00e1ny emel\u00e9s\u00e9ben \u00e9s d\u00f6nt\u00e9s\u00e9ben.<\/li>\n<\/ul>\n<h4>Mez\u0151gazdas\u00e1gi g\u00e9pek<\/h4>\n<ul>\n<li>Homlokrakod\u00f3k: Talaj, sz\u00e9na \u00e9s egy\u00e9b anyagok berakod\u00e1s\u00e1ra, emel\u00e9s\u00e9re \u00e9s sz\u00e1ll\u00edt\u00e1s\u00e1ra haszn\u00e1lj\u00e1k.<\/li>\n<\/ul>\n<p><img decoding=\"async\" src=\"https:\/\/www.hydraulic-cylinders.net\/wp-content\/uploads\/2025\/01\/songte-bushings-with-all-kinds-of-excavator-models.webp\" alt=\"V\u00f6d\u00f6rhenger alkalmaz\u00e1sk\u00e9pe\"><\/p>\n<h2>Tervez\u00e9si szempontok \u00e9s kiv\u00e1laszt\u00e1si szabv\u00e1nyok<\/h2>\n<h3>Tervez\u00e9si szempontok<\/h3>\n<p>\nA kan\u00e1lhengert neh\u00e9z terhek kezel\u00e9s\u00e9re \u00e9s zord k\u00f6rnyezetben val\u00f3 m\u0171k\u00f6d\u00e9sre tervezt\u00e9k, ez\u00e9rt a teherb\u00edr\u00e1s\u00e1val, t\u00f6m\u00edt\u00e9s\u00e9vel, tart\u00f3ss\u00e1g\u00e1val, biztons\u00e1g\u00e1val \u00e9s karbantarthat\u00f3s\u00e1g\u00e1val kapcsolatos szempontok kritikus fontoss\u00e1g\u00faak.\n<\/p>\n<h4>Teherb\u00edr\u00e1s<\/h4>\n<p>\nA kan\u00e1lhenger nagy szil\u00e1rds\u00e1g\u00fa anyagokb\u00f3l k\u00e9sz\u00fclt, hogy ellen\u00e1lljon a nagy nyom\u00e1snak \u00e9s a nagy terhel\u00e9seknek, \u00edgy alkalmass\u00e1 teszi neh\u00e9z alkalmaz\u00e1sokhoz.\n<\/p>\n<h4>T\u00f6m\u00edt\u00e9s<\/h4>\n<p>\nA henger k\u00fcl\u00f6nf\u00e9le t\u00f6m\u00edt\u0151elemekkel van felszerelve, p\u00e9ld\u00e1ul dugatty\u00fat\u00f6m\u00edt\u00e9sekkel \u00e9s r\u00fadt\u00f6m\u00edt\u00e9sekkel, amelyek \u00e1ltal\u00e1ban kop\u00e1s\u00e1ll\u00f3 anyagokb\u00f3l, p\u00e9ld\u00e1ul poliuret\u00e1nb\u00f3l \u00e9s nitrilgumib\u00f3l k\u00e9sz\u00fclnek, hogy biztos\u00edts\u00e1k a hossz\u00fa t\u00e1v\u00fa t\u00f6m\u00edt\u0151teljes\u00edtm\u00e9nyt.\n<\/p>\n<h4>Tart\u00f3ss\u00e1g<\/h4>\n<p>\nA hengertest \u00e9s a menetes v\u00e9gfel\u00fclet finoman megmunk\u00e1lt a kop\u00e1s\u00e1ll\u00f3s\u00e1g n\u00f6vel\u00e9se \u00e9rdek\u00e9ben, a dugatty\u00far\u00fad pedig kr\u00f3mmal van bevonva a karc\u00e1ll\u00f3s\u00e1g jav\u00edt\u00e1sa \u00e9s az \u00e9lettartam meghosszabb\u00edt\u00e1sa \u00e9rdek\u00e9ben.\n<\/p>\n<h4>Biztons\u00e1g<\/h4>\n<p>\nA kan\u00e1lhengert a biztons\u00e1g szem el\u0151tt tart\u00e1s\u00e1val tervezt\u00e9k, p\u00e9ld\u00e1ul egy p\u00e1rn\u00e1zott gall\u00e9rral szerelt\u00e9k fel, amely elnyeli az \u00fct\u00e9seket, amikor a henger teljesen ki van h\u00fazva vagy be van h\u00fazva, \u00e9s v\u00e9szle\u00e1ll\u00edt\u00f3 szelepekkel vannak felszerelve a balesetek megel\u0151z\u00e9se \u00e9rdek\u00e9ben a munkav\u00e9gz\u00e9s sor\u00e1n.\n<\/p>\n<h4>Karbantarthat\u00f3s\u00e1g<\/h4>\n<p>\nA serleghengert a k\u00f6nny\u0171 karbantart\u00e1s szem el\u0151tt tart\u00e1s\u00e1val tervezt\u00e9k, p\u00e9ld\u00e1ul biztos\u00edtva a hozz\u00e1f\u00e9r\u00e9st a bels\u0151 alkatr\u00e9szekhez, \u00e9s cser\u00e9lhet\u0151 t\u00f6m\u00edt\u0151elemeket haszn\u00e1lva a karbantart\u00e1si k\u00f6lts\u00e9gek cs\u00f6kkent\u00e9se \u00e9rdek\u00e9ben.\n<\/p>\n<p><img decoding=\"async\" src=\"https:\/\/www.hydraulic-cylinders.net\/wp-content\/uploads\/2025\/01\/songte-oil-pipes-and-spare-parts.webp\" alt=\"V\u00f6d\u00f6rhenger tervez\u00e9si k\u00e9p\"><\/p>\n<h3>Kiv\u00e1laszt\u00e1si szabv\u00e1nyok<\/h3>\n<p>\nA kan\u00e1lhengert az alkalmaz\u00e1s konkr\u00e9t k\u00f6vetelm\u00e9nyei, p\u00e9ld\u00e1ul a teherb\u00edr\u00e1s, az \u00fczemi nyom\u00e1s, az \u00fczemi h\u0151m\u00e9rs\u00e9klet \u00e9s a be\u00e9p\u00edt\u00e9si m\u00e9retek alapj\u00e1n kell kiv\u00e1lasztani. Az is l\u00e9nyeges, hogy az alkalmaz\u00e1s k\u00f6vetelm\u00e9nyeinek megfelel\u0151en a megfelel\u0151 t\u00edpus\u00fa hidraulikus hengert, p\u00e9ld\u00e1ul egyszeres vagy kett\u0151s m\u0171k\u00f6d\u00e9s\u0171t v\u00e1lasszuk.\n<\/p>\n<h2>Ken\u00e9s \u00e9s t\u00f6m\u00edt\u00e9s<\/h2>\n<p>\nA serleghenger rendszeres karbantart\u00e1st ig\u00e9nyel a hossz\u00fa t\u00e1v\u00fa teljes\u00edtm\u00e9ny\u00e9nek \u00e9s megb\u00edzhat\u00f3s\u00e1g\u00e1nak biztos\u00edt\u00e1sa \u00e9rdek\u00e9ben. A megfelel\u0151 ken\u00e9s \u00e9s t\u00f6m\u00edt\u00e9s elengedhetetlen a henger z\u00f6kken\u0151mentes m\u0171k\u00f6d\u00e9s\u00e9nek fenntart\u00e1s\u00e1hoz, valamint a t\u00f6m\u00edt\u0151 alkatr\u00e9szek sziv\u00e1rg\u00e1s\u00e1nak vagy k\u00e1rosod\u00e1s\u00e1nak megakad\u00e1lyoz\u00e1s\u00e1hoz.\n<\/p>\n<h3>Ken\u00e9s<\/h3>\n<p>\nA kan\u00e1lhenger rendszeres ken\u00e9st ig\u00e9nyel hidraulikaolajjal a zavartalan m\u0171k\u00f6d\u00e9s fenntart\u00e1s\u00e1hoz. A megfelel\u0151 t\u00edpus\u00fa hidraulikaolajat kell haszn\u00e1lni, \u00e9s rendszeresen ut\u00e1na kell t\u00f6lteni, hogy a henger mindig megfelel\u0151en kenve legyen.\n<\/p>\n<h3>T\u00f6m\u00edt\u00e9s<\/h3>\n<p>\nA serleghenger k\u00fcl\u00f6nf\u00e9le t\u00f6m\u00edt\u0151elemekkel rendelkezik, p\u00e9ld\u00e1ul dugatty\u00fat\u00f6m\u00edt\u00e9sekkel \u00e9s r\u00fadt\u00f6m\u00edt\u00e9sekkel, amelyek id\u0151vel hajlamosak a s\u00e9r\u00fcl\u00e9sekre \u00e9s a kop\u00e1sra. Ezeket az alkatr\u00e9szeket rendszeresen cser\u00e9lni kell a sziv\u00e1rg\u00e1s megel\u0151z\u00e9se \u00e9s a hossz\u00fa t\u00e1v\u00fa t\u00f6m\u00edt\u0151teljes\u00edtm\u00e9ny biztos\u00edt\u00e1sa \u00e9rdek\u00e9ben.\n<\/p>\n<p><img decoding=\"async\" src=\"https:\/\/www.hydraulic-cylinders.net\/wp-content\/uploads\/2025\/01\/songte-chushion-collar.webp\" alt=\"V\u00f6d\u00f6rhenger ken\u00e9se \u00e9s t\u00f6m\u00edt\u00e9se k\u00e9p\"><\/p>\n<h2>Karbantart\u00e1s \u00e9s jav\u00edt\u00e1s<\/h2>\n<p>\nA serleghenger rendszeres karbantart\u00e1st \u00e9s jav\u00edt\u00e1st ig\u00e9nyel a hossz\u00fa t\u00e1v\u00fa teljes\u00edtm\u00e9ny\u00e9nek \u00e9s megb\u00edzhat\u00f3s\u00e1g\u00e1nak biztos\u00edt\u00e1sa \u00e9rdek\u00e9ben. A rendszeres ellen\u0151rz\u00e9s, a megfelel\u0151 ken\u00e9s \u00e9s a kopott vagy s\u00e9r\u00fclt alkatr\u00e9szek cser\u00e9je sz\u00fcks\u00e9ges a probl\u00e9m\u00e1k megel\u0151z\u00e9se \u00e9s a henger \u00e9lettartam\u00e1nak meghosszabb\u00edt\u00e1sa \u00e9rdek\u00e9ben.\n<\/p>\n<h3>Rendszeres ellen\u0151rz\u00e9s<\/h3>\n<p>\nA kan\u00e1lhenger rendszeres ellen\u0151rz\u00e9se sz\u00fcks\u00e9ges az esetleges probl\u00e9m\u00e1k vagy kopott alkatr\u00e9szek azonos\u00edt\u00e1s\u00e1hoz \u00e9s a lehets\u00e9ges probl\u00e9m\u00e1k megel\u0151z\u00e9s\u00e9hez. Alapvet\u0151 fontoss\u00e1g\u00fa ellen\u0151rizni a henger teljes\u00edtm\u00e9ny\u00e9t befoly\u00e1sol\u00f3 sziv\u00e1rg\u00e1sokat, horpad\u00e1sokat vagy karcol\u00e1sokat.\n<\/p>\n<h3>Ken\u00e9s \u00e9s be\u00e1ll\u00edt\u00e1s<\/h3>\n<p>\nA kan\u00e1lhenger rendszeres ken\u00e9se \u00e9s be\u00e1ll\u00edt\u00e1sa sz\u00fcks\u00e9ges a zavartalan m\u0171k\u00f6d\u00e9s fenntart\u00e1s\u00e1hoz. Rendszeresen kell hozz\u00e1adni a megfelel\u0151 ken\u0151anyagot, \u00e9s a henger helyzet\u00e9t be kell \u00e1ll\u00edtani, hogy mindig megfelel\u0151 legyen.\n<\/p>\n<h3>Kalibr\u00e1l\u00e1s \u00e9s csere<\/h3>\n<p>\nA serleghenger kopott vagy s\u00e9r\u00fclt alkatr\u00e9szeinek kalibr\u00e1l\u00e1sa \u00e9s cser\u00e9je sz\u00fcks\u00e9ges a hossz\u00fa t\u00e1v\u00fa teljes\u00edtm\u00e9ny\u00e9nek \u00e9s megb\u00edzhat\u00f3s\u00e1g\u00e1nak fenntart\u00e1s\u00e1hoz. A kopott vagy s\u00e9r\u00fclt alkatr\u00e9szek azonnali cser\u00e9je elengedhetetlen a tov\u00e1bbi k\u00e1rosod\u00e1sok megel\u0151z\u00e9se \u00e9s a henger z\u00f6kken\u0151mentes m\u0171k\u00f6d\u00e9s\u00e9nek biztos\u00edt\u00e1sa \u00e9rdek\u00e9ben.\n<\/p>\n<p><img decoding=\"async\" src=\"https:\/\/hzpt.com\/wp-content\/uploads\/2024\/11\/songte-company-1.webp\" alt=\"V\u00f6d\u00f6rhenger karbantart\u00e1si \u00e9s jav\u00edt\u00e1si k\u00e9p\"><\/p>\n<h2>Biztons\u00e1gi szempontok \u00e9s k\u00f6rnyezeti t\u00e9nyez\u0151k<\/h2>\n<p>\nA biztons\u00e1gi szempontok kritikus fontoss\u00e1g\u00faak a hidraulikus hengerekkel v\u00e9gzett munka sor\u00e1n. Alapvet\u0151 fontoss\u00e1g\u00fa a megfelel\u0151 biztons\u00e1gi elj\u00e1r\u00e1sok betart\u00e1sa, p\u00e9ld\u00e1ul a v\u00e9d\u0151felszerel\u00e9s visel\u00e9se, valamint a helyes \u00e9s biztons\u00e1gos beszerel\u00e9s biztos\u00edt\u00e1sa. A k\u00f6rnyezeti t\u00e9nyez\u0151k, mint p\u00e9ld\u00e1ul a h\u0151m\u00e9rs\u00e9klet \u00e9s a p\u00e1ratartalom, szint\u00e9n befoly\u00e1solhatj\u00e1k a henger teljes\u00edtm\u00e9ny\u00e9t, ez\u00e9rt ezeket a t\u00e9nyez\u0151ket figyelembe kell venni a henger kiv\u00e1laszt\u00e1sakor \u00e9s az alkalmaz\u00e1s tervez\u00e9sekor.\n<\/p>\n<h2>Hibaelh\u00e1r\u00edt\u00e1s \u00e9s gyakori probl\u00e9m\u00e1k<\/h2>\n<p>\nA kan\u00e1lhenger m\u0171k\u00f6d\u00e9s k\u00f6zben k\u00fcl\u00f6nf\u00e9le probl\u00e9m\u00e1kba \u00fctk\u00f6zhet, p\u00e9ld\u00e1ul sziv\u00e1rg\u00e1s, gyenge teljes\u00edtm\u00e9ny vagy a t\u00f6m\u00edt\u0151 alkatr\u00e9szek s\u00e9r\u00fcl\u00e9se. Ezeket a probl\u00e9m\u00e1kat diagnosztiz\u00e1lni kell, \u00e9s megfelel\u0151 int\u00e9zked\u00e9seket kell tenni a s\u00e9r\u00fclt alkatr\u00e9szek jav\u00edt\u00e1s\u00e1ra vagy cser\u00e9j\u00e9re, valamint a tov\u00e1bbi k\u00e1rok megel\u0151z\u00e9s\u00e9re.\n<\/p>\n<h3>Hibaelh\u00e1r\u00edt\u00e1si tippek<\/h3>\n<ul>\n<li>Azonos\u00edtsa a probl\u00e9ma ok\u00e1t.<\/li>\n<li>Ellen\u0151rizze a hengert sziv\u00e1rg\u00e1s vagy s\u00e9r\u00fcl\u00e9s szempontj\u00e1b\u00f3l.<\/li>\n<li>Vizsg\u00e1lja meg a hidraulikus rendszert egy\u00e9b probl\u00e9m\u00e1k szempontj\u00e1b\u00f3l.<\/li>\n<li>Cser\u00e9lje ki a kopott vagy s\u00e9r\u00fclt alkatr\u00e9szeket.<\/li>\n<\/ul>\n<h3>Megel\u0151z\u0151 int\u00e9zked\u00e9sek<\/h3>\n<p>\nA kan\u00e1lhengerrel kapcsolatos probl\u00e9m\u00e1k elker\u00fcl\u00e9se \u00e9rdek\u00e9ben be kell tartani a megfelel\u0151 karbantart\u00e1si elj\u00e1r\u00e1sokat, p\u00e9ld\u00e1ul a rendszeres ellen\u0151rz\u00e9st, a megfelel\u0151 ken\u00e9st \u00e9s a kopott vagy s\u00e9r\u00fclt alkatr\u00e9szek cser\u00e9j\u00e9t. Azt is biztos\u00edtani kell, hogy a beszerel\u00e9s helyes \u00e9s biztons\u00e1gos legyen, valamint hogy a henger az adott alkalmaz\u00e1shoz \u00e9s k\u00f6rnyezethez legyen tervezve.\n<\/p>\n<p><img decoding=\"async\" src=\"https:\/\/www.hydraulic-cylinders.net\/wp-content\/uploads\/2025\/01\/songte-bushings-with-all-kinds-of-excavator-models.webp\" alt=\"V\u00f6d\u00f6rhenger hibaelh\u00e1r\u00edt\u00e1si k\u00e9pe\"><\/p>\n<h2>C\u00e9g\u00fcnkr\u0151l<\/h2>\n<p>\nA hidraulikus hengerek vezet\u0151 gy\u00e1rt\u00f3ja \u00e9s nagykereskedelmi forgalmaz\u00f3ja vagyunk a hazai \u00e9s nemzetk\u00f6zi piacokon, teljes term\u00e9kk\u00edn\u00e1lattal. A kiv\u00e1l\u00f3 min\u0151s\u00e9g elv\u00e9t k\u00f6vetj\u00fck, \u00e9s a finomgy\u00e1rt\u00f3 m\u0171helyek ipari termel\u00e9sir\u00e1ny\u00edt\u00e1si strat\u00e9gi\u00e1j\u00e1ra t\u00e1maszkodunk. C\u00e9g\u00fcnk folyamatosan fejleszti m\u0171hely\u00fcnk gy\u00e1rt\u00e1si platformj\u00e1t technol\u00f3giai tehets\u00e9gek, digit\u00e1lis cs\u00facskateg\u00f3ri\u00e1s gy\u00e1rt\u00f3berendez\u00e9sek \u00e9s professzion\u00e1lis tesztel\u0151rendszerek alkalmaz\u00e1s\u00e1val, t\u00f6k\u00e9letes\u00edtve a term\u00e9kmin\u0151s\u00e9g gy\u00e1rt\u00f3sor\u00e1t, \u00e9s er\u0151s kreativit\u00e1ssal rendelkezik, hogy nagy hat\u00e9konys\u00e1ggal, nagy pontoss\u00e1ggal \u00e9s kiv\u00e1l\u00f3 min\u0151s\u00e9gben el\u00e9g\u00edtse ki a v\u00e1ltozatos \u00fcgyf\u00e9lig\u00e9nyeket.\n<\/p>\n<h3>Szakmaiass\u00e1g<\/h3>\n<p>\nMagasan k\u00e9pzett szakemberekb\u0151l \u00e1ll\u00f3 csapatunk elk\u00f6telezett amellett, hogy \u00fcgyfeleink sz\u00e1m\u00e1ra a legjobb term\u00e9keket \u00e9s szolg\u00e1ltat\u00e1sokat ny\u00fajtsa. C\u00e9g\u00fcnk gazdag tapasztalattal rendelkezik a hidraulikus hengerek tervez\u00e9s\u00e9ben, gy\u00e1rt\u00e1s\u00e1ban \u00e9s \u00e9rt\u00e9kes\u00edt\u00e9s\u00e9ben, \u00e9s egyedi ig\u00e9nyeiknek megfelel\u0151, szem\u00e9lyre szabott megold\u00e1sokat tudunk k\u00edn\u00e1lni.\n<\/p>\n<h3>Nemzetk\u00f6zi min\u0151s\u00edt\u00e9s<\/h3>\n<p>\nC\u00e9g\u00fcnk sz\u00e1mos nemzetk\u00f6zi tan\u00fas\u00edtv\u00e1nyt szerzett, mint p\u00e9ld\u00e1ul az ISO9001 \u00e9s a CE, amelyek bizony\u00edtj\u00e1k elk\u00f6telezetts\u00e9g\u00fcnket a min\u0151s\u00e9g \u00e9s az \u00fcgyfelek el\u00e9gedetts\u00e9ge ir\u00e1nt.\n<\/p>\n<h3>Testreszab\u00e1si szolg\u00e1ltat\u00e1sok<\/h3>\n<p>\nTestreszab\u00e1si szolg\u00e1ltat\u00e1sokat k\u00edn\u00e1lunk \u00fcgyfeleink egyedi ig\u00e9nyeinek kiel\u00e9g\u00edt\u00e9s\u00e9re, p\u00e9ld\u00e1ul egyedi m\u00e9reteket, form\u00e1kat \u00e9s anyagokat, valamint egyedi c\u00edmk\u00e9z\u00e9st \u00e9s csomagol\u00e1st.\n<\/p>\n<h3>Termel\u00e9si berendez\u00e9sek<\/h3>\n<p>\nC\u00e9g\u00fcnk korszer\u0171 gy\u00e1rt\u00f3berendez\u00e9sekkel rendelkezik, mint p\u00e9ld\u00e1ul CNC eszterg\u00e1k \u00e9s mar\u00f3g\u00e9pek, f\u00far\u00f3g\u00e9pek \u00e9s k\u00f6sz\u00f6r\u0171g\u00e9pek, amelyek lehet\u0151v\u00e9 teszik sz\u00e1munkra, hogy hat\u00e9konyan \u00e9s pontosan gy\u00e1rtsunk kiv\u00e1l\u00f3 min\u0151s\u00e9g\u0171 hidraulikus hengereket.\n<\/p>\n<h3>\u00c9rt\u00e9kes\u00edt\u00e9s ut\u00e1ni szolg\u00e1ltat\u00e1sok<\/h3>\n<p>\n\u00c1tfog\u00f3 \u00e9rt\u00e9kes\u00edt\u00e9s ut\u00e1ni szolg\u00e1ltat\u00e1sokat ny\u00fajtunk, mint p\u00e9ld\u00e1ul karbantart\u00e1s, jav\u00edt\u00e1s \u00e9s alkatr\u00e9szcsere, hogy biztos\u00edtsuk term\u00e9keink hossz\u00fa t\u00e1v\u00fa teljes\u00edtm\u00e9ny\u00e9t \u00e9s megb\u00edzhat\u00f3s\u00e1g\u00e1t. M\u0171szaki t\u00e1mogat\u00e1st \u00e9s k\u00e9pz\u00e9st is ny\u00fajtunk, hogy seg\u00edts\u00fck \u00fcgyfeleinket a felmer\u00fcl\u0151 probl\u00e9m\u00e1k megold\u00e1s\u00e1ban.\n<\/p>\n<p><img decoding=\"async\" src=\"https:\/\/www.hydraulic-cylinders.net\/wp-content\/uploads\/2025\/01\/songte-company-3.webp\" alt=\"V\u00f6d\u00f6rhenger c\u00e9gk\u00e9pe\"><\/p>\n<p>\nSzerz\u0151: lyl.<\/p>","protected":false},"excerpt":{"rendered":"<p>Bucket Cylinder For Komatsu Middle Excavator PC220-5-6-7-8-8MO Introduction Definition of Bucket Cylinder A bucket cylinder is a type of specially designed hydraulic cylinder used mainly to control the movement of the bucket in heavy machinery such as excavators, backhoes and front-end loaders. Its main function is to allow the bucket to lift, lower and tilt, [&hellip;]<\/p>","protected":false},"featured_media":14776,"comment_status":"open","ping_status":"closed","template":"","meta":{"_et_pb_use_builder":"","_et_pb_old_content":"","_et_gb_content_width":""},"product_brand":[],"product_cat":[1494],"product_tag":[1495,1496],"class_list":{"0":"post-15140","1":"product","2":"type-product","3":"status-publish","4":"has-post-thumbnail","6":"product_cat-bucket-cylinders","7":"product_tag-bucket-cylinders","8":"product_tag-hydraulic-cylinders","10":"first","11":"instock","12":"shipping-taxable","13":"product-type-simple"},"amp_enabled":true,"_links":{"self":[{"href":"https:\/\/www.hydraulic-cylinders.net\/hu\/wp-json\/wp\/v2\/product\/15140","targetHints":{"allow":["GET"]}}],"collection":[{"href":"https:\/\/www.hydraulic-cylinders.net\/hu\/wp-json\/wp\/v2\/product"}],"about":[{"href":"https:\/\/www.hydraulic-cylinders.net\/hu\/wp-json\/wp\/v2\/types\/product"}],"replies":[{"embeddable":true,"href":"https:\/\/www.hydraulic-cylinders.net\/hu\/wp-json\/wp\/v2\/comments?post=15140"}],"wp:featuredmedia":[{"embeddable":true,"href":"https:\/\/www.hydraulic-cylinders.net\/hu\/wp-json\/wp\/v2\/media\/14776"}],"wp:attachment":[{"href":"https:\/\/www.hydraulic-cylinders.net\/hu\/wp-json\/wp\/v2\/media?parent=15140"}],"wp:term":[{"taxonomy":"product_brand","embeddable":true,"href":"https:\/\/www.hydraulic-cylinders.net\/hu\/wp-json\/wp\/v2\/product_brand?post=15140"},{"taxonomy":"product_cat","embeddable":true,"href":"https:\/\/www.hydraulic-cylinders.net\/hu\/wp-json\/wp\/v2\/product_cat?post=15140"},{"taxonomy":"product_tag","embeddable":true,"href":"https:\/\/www.hydraulic-cylinders.net\/hu\/wp-json\/wp\/v2\/product_tag?post=15140"}],"curies":[{"name":"munkaf\u00fczet","href":"https:\/\/api.w.org\/{rel}","templated":true}]}}