{"id":15148,"date":"2025-01-19T14:09:58","date_gmt":"2025-01-19T14:09:58","guid":{"rendered":"https:\/\/www.hydraulic-cylinders.net\/product\/bucket-cylinder-for-komatsu-large-excavator-pc650lc-8r-650lccse-8r\/"},"modified":"2025-01-19T14:10:00","modified_gmt":"2025-01-19T14:10:00","slug":"bucket-cylinder-for-komatsu-large-excavator-pc650lc-8r-650lccse-8r","status":"publish","type":"product","link":"https:\/\/www.hydraulic-cylinders.net\/hu\/termek\/bucket-cylinder-for-komatsu-large-excavator-pc650lc-8r-650lccse-8r\/","title":{"rendered":"Kan\u00e1lhenger Komatsu nagy kotr\u00f3g\u00e9phez PC650LC-8R\/650LCCSE-8R"},"content":{"rendered":"<h1>Kan\u00e1lhenger Komatsu nagy kotr\u00f3g\u00e9phez PC650LC-8R\/650LCCSE-8R<\/h1>\n<h2>Bevezet\u00e9s<\/h2>\n<p>A kan\u00e1lhenger egy speci\u00e1lisan tervezett hidraulikus henger, amelyet a kan\u00e1l mozg\u00e1s\u00e1nak vez\u00e9rl\u00e9s\u00e9re haszn\u00e1lnak neh\u00e9zg\u00e9pekben, p\u00e9ld\u00e1ul kotr\u00f3g\u00e9pekben, kotr\u00f3rakod\u00f3kban \u00e9s homlokrakod\u00f3kban. F\u0151 funkci\u00f3ja a kan\u00e1l emel\u00e9se, s\u00fcllyeszt\u00e9se \u00e9s billent\u00e9se, \u00edgy alkalmass\u00e1 teszi k\u00fcl\u00f6nf\u00e9le anyagmozgat\u00e1si feladatokra. A hidraulikus rendszerben a kan\u00e1lhenger a hidraulikaolaj nyom\u00e1s\u00e1nak v\u00e1ltoztat\u00e1s\u00e1val prec\u00edzen szab\u00e1lyozza a kan\u00e1l mozg\u00e1s\u00e1t, lehet\u0151v\u00e9 t\u00e9ve a kezel\u0151k sz\u00e1m\u00e1ra a neh\u00e9z terhek hat\u00e9kony kezel\u00e9s\u00e9t, valamint az \u00f6sszetett munkak\u00f6rnyezetekhez \u00e9s a v\u00e1ltozatos m\u0171k\u00f6d\u00e9si k\u00f6vetelm\u00e9nyekhez val\u00f3 alkalmazkod\u00e1st.<\/p>\n<p><img decoding=\"async\" src=\"https:\/\/www.hydraulic-cylinders.net\/wp-content\/uploads\/2025\/01\/songte-company-2.webp\"><\/p>\n<h2>Jellemz\u0151k<\/h2>\n<ul>\n<li>Nagy szil\u00e1rds\u00e1g \u00e9s tart\u00f3ss\u00e1g: jellemz\u0151en nagy szil\u00e1rds\u00e1g\u00fa ac\u00e9lb\u00f3l vagy alum\u00edniumb\u00f3l k\u00e9sz\u00fcl, k\u00e9pes ellen\u00e1llni a nagy nyom\u00e1snak \u00e9s a nagy terhel\u00e9seknek, alkalmas zord munkak\u00f6rnyezetre, kop\u00e1s\u00e1ll\u00f3s\u00e1g \u00e9s korr\u00f3zi\u00f3\u00e1ll\u00f3s\u00e1g figyelembev\u00e9tel\u00e9vel tervezt\u00e9k, meghosszabb\u00edtva az \u00e9lettartamot.<\/li>\n<li>Hat\u00e9kony hidraulikus m\u0171k\u00f6d\u00e9s: a hidraulikaolaj nyom\u00e1s\u00e1nak k\u00f6sz\u00f6nhet\u0151en sima kiny\u00fal\u00e1s \u00e9s \u00f6sszeh\u00faz\u00e1s, gyorsan reag\u00e1l a vez\u00e9rl\u0151parancsokra, er\u0151teljes tol\u00f3- \u00e9s h\u00faz\u00f3er\u0151t biztos\u00edt, alkalmas neh\u00e9z terhek \u00e9s \u00f6sszetett \u00fczemeltet\u00e9si feladatok kezel\u00e9s\u00e9re.<\/li>\n<li>K\u00fcl\u00f6nb\u00f6z\u0151 t\u00edpusok: egyszeres m\u0171k\u00f6d\u00e9s\u0171 (a hidraulika csak egy ir\u00e1nyban m\u0171k\u00f6dik) vagy kett\u0151s m\u0171k\u00f6d\u00e9s\u0171 (a hidraulika mindk\u00e9t ir\u00e1nyban m\u0171k\u00f6dik) hengerek v\u00e1laszthat\u00f3k a k\u00f6vetelm\u00e9nyeknek megfelel\u0151en, hogy megfeleljenek a k\u00fcl\u00f6nb\u00f6z\u0151 m\u0171k\u00f6d\u00e9si ig\u00e9nyeknek. Egyes modellek teleszk\u00f3posak, \u00edgy nagyobb kiny\u00fal\u00e1st tesznek lehet\u0151v\u00e9 a k\u00fcls\u0151 m\u00e9retek n\u00f6vel\u00e9se n\u00e9lk\u00fcl, \u00edgy alkalmasak korl\u00e1tozott helyig\u00e9ny\u0171 alkalmaz\u00e1sokhoz.<\/li>\n<li>K\u00f6nnyen cser\u00e9lhet\u0151: term\u00e9keink t\u00f6k\u00e9letesen helyettes\u00edthetik ezeket a hidraulikus hengereket.<\/li>\n<\/ul>\n<p><img decoding=\"async\" src=\"https:\/\/www.hydraulic-cylinders.net\/wp-content\/uploads\/2025\/01\/songte-cylinder-head-with-all-kinds-excavator-models.webp\"><\/p>\n<h2>Alkalmaz\u00e1sok<\/h2>\n<p>A kan\u00e1lhenger elengedhetetlen a talaj vagy t\u00f6rmel\u00e9k ki\u00e1s\u00e1s\u00e1hoz, rakod\u00e1s\u00e1hoz \u00e9s mozgat\u00e1s\u00e1hoz az \u00e9p\u00edt\u0151ipari berendez\u00e9sekben, p\u00e9ld\u00e1ul kotr\u00f3g\u00e9pekben \u00e9s kotr\u00f3rakod\u00f3kban. A homlokrakod\u00f3kban seg\u00edtenek az \u00e1ruk hat\u00e9kony emel\u00e9s\u00e9ben \u00e9s billent\u00e9s\u00e9ben. Mez\u0151gazdas\u00e1gi g\u00e9pekben is haszn\u00e1lj\u00e1k talaj, sz\u00e9na \u00e9s egy\u00e9b anyagok rakod\u00e1s\u00e1ra, emel\u00e9s\u00e9re \u00e9s sz\u00e1ll\u00edt\u00e1s\u00e1ra. A kan\u00e1lhengerek lehet\u0151v\u00e9 teszik a kotr\u00f3g\u00e9pek sz\u00e1m\u00e1ra, hogy behatoljanak a talajba a ki\u00e1s\u00e1si m\u0171veletekhez. Az al\u00e1bbiakban n\u00e9h\u00e1ny a k\u00fcl\u00f6nb\u00f6z\u0151 alkalmaz\u00e1sok k\u00f6z\u00fcl:<\/p>\n<h3>\u00c9p\u00edt\u0151ipari berendez\u00e9sek<\/h3>\n<p>Kotr\u00f3g\u00e9pekben a kan\u00e1lhengerek elengedhetetlenek az \u00e1s\u00e1shoz, a talaj vagy t\u00f6rmel\u00e9k rakod\u00e1s\u00e1hoz \u00e9s mozgat\u00e1s\u00e1hoz. Kotr\u00f3g\u00e9p-rakod\u00f3kban a kan\u00e1lhengerek seg\u00edtenek mind a f\u00f6ldmunk\u00e1ban, mind az emel\u00e9sben. Homlokrakod\u00f3kban is elengedhetetlenek, ahol hat\u00e9konyan seg\u00edtik az \u00e1ruk emel\u00e9s\u00e9t \u00e9s billent\u00e9s\u00e9t.<\/p>\n<h3>Mez\u0151gazdas\u00e1gi g\u00e9pek<\/h3>\n<p>A kan\u00e1lhengereket homlokrakod\u00f3kban haszn\u00e1lj\u00e1k talaj, sz\u00e9na \u00e9s egy\u00e9b anyagok rakod\u00e1s\u00e1ra, emel\u00e9s\u00e9re \u00e9s sz\u00e1ll\u00edt\u00e1s\u00e1ra. K\u00fcl\u00f6nb\u00f6z\u0151 t\u00edpus\u00fa mez\u0151gazdas\u00e1gi g\u00e9pekben is haszn\u00e1lj\u00e1k \u0151ket.<\/p>\n<h3>Kotr\u00f3g\u00e9pek<\/h3>\n<p>A kan\u00e1lhengerek lehet\u0151v\u00e9 teszik a kotr\u00f3g\u00e9pek sz\u00e1m\u00e1ra, hogy behatoljanak a talajba a f\u00f6ldmunk\u00e1k sor\u00e1n, ami elengedhetetlen a k\u00fcl\u00f6nf\u00e9le \u00e9p\u00edt\u00e9si \u00e9s f\u00f6ldmunk\u00e1k sor\u00e1n.<\/p>\n<h3>Homlokrakod\u00f3k<\/h3>\n<p>A homlokrakod\u00f3kban a kan\u00e1lhengerek hat\u00e9konyan seg\u00edtik az \u00e1ruk emel\u00e9s\u00e9t \u00e9s billent\u00e9s\u00e9t, ami elengedhetetlen a k\u00fcl\u00f6nf\u00e9le rakod\u00e1si \u00e9s kirakod\u00e1si feladatokhoz.<\/p>\n<h3>Kotr\u00f3g\u00e9p-rakod\u00f3k<\/h3>\n<p>A kotr\u00f3rakod\u00f3kban a kan\u00e1lhengerek mind a f\u00f6ldmunk\u00e1k, mind az emel\u00e9si feladatok elv\u00e9gz\u00e9s\u00e9ben seg\u00edtenek, \u00edgy ide\u00e1lisak k\u00fcl\u00f6nf\u00e9le \u00e9p\u00edt\u00e9si \u00e9s f\u00f6ldmunk\u00e1khoz.<\/p>\n<p><img decoding=\"async\" src=\"https:\/\/www.hydraulic-cylinders.net\/wp-content\/uploads\/2025\/01\/songte-bushings-with-all-kinds-of-excavator-models.webp\"><\/p>\n<h2>Tervez\u00e9si szempontok \u00e9s kiv\u00e1laszt\u00e1si szabv\u00e1nyok<\/h2>\n<p>A kan\u00e1lhengerek eset\u00e9ben sz\u00e1mos tervez\u00e9si szempont \u00e9s kiv\u00e1laszt\u00e1si szabv\u00e1ny vonatkozik, amelyek biztos\u00edtj\u00e1k a funkcionalit\u00e1sukat \u00e9s tart\u00f3ss\u00e1gukat.<\/p>\n<h3>Teherb\u00edr\u00e1s<\/h3>\n<p>A serleghengerek teherb\u00edr\u00e1sa fontos szempont a tervez\u00e9s\u00fckn\u00e9l. A hengernek k\u00e9pesnek kell lennie nagy terhel\u00e9sek \u00e9s nagy nyom\u00e1s elvisel\u00e9s\u00e9re, ez\u00e9rt elengedhetetlen a nagy szil\u00e1rds\u00e1g\u00fa anyagok haszn\u00e1lata a henger szerkezet\u00e9ben.<\/p>\n<h3>T\u00f6m\u00edt\u0151 tulajdons\u00e1gok<\/h3>\n<p>A kan\u00e1lhengernek k\u00e9pesnek kell lennie a hidraulikaolaj sziv\u00e1rg\u00e1s\u00e1nak megakad\u00e1lyoz\u00e1s\u00e1ra szolg\u00e1l\u00f3 t\u00f6m\u00f6r t\u00f6m\u00edt\u00e9s fenntart\u00e1s\u00e1ra. A hengernek kiv\u00e1l\u00f3 min\u0151s\u00e9g\u0171 t\u00f6m\u00edt\u0151anyagokat kell haszn\u00e1lnia, p\u00e9ld\u00e1ul poliuret\u00e1nb\u00f3l vagy nitrilkaucsukb\u00f3l k\u00e9sz\u00fclt dugatty\u00fat\u00f6m\u00edt\u00e9seket \u00e9s r\u00fadt\u00f6m\u00edt\u00e9seket. A hengerfej \u00e9s a dugatty\u00far\u00fad megfelel\u0151 fel\u00fcletkezel\u00e9se \u00e9s prec\u00edzi\u00f3s megmunk\u00e1l\u00e1sa jelent\u0151sen jav\u00edthatja a t\u00f6m\u00edt\u0151 tulajdons\u00e1gokat \u00e9s megakad\u00e1lyozhatja az olajsziv\u00e1rg\u00e1st.<\/p>\n<h3>Tart\u00f3ss\u00e1g<\/h3>\n<p>A kan\u00e1lhengernek el\u00e9g tart\u00f3snak kell lennie ahhoz, hogy ellen\u00e1lljon a zord munkak\u00f6r\u00fclm\u00e9nyeknek, \u00e9s ellen\u00e1lljon a kop\u00e1snak. Kop\u00e1s\u00e1ll\u00f3 anyagokb\u00f3l \u00e9s korr\u00f3zi\u00f3\u00e1ll\u00f3 bevonatokkal kell tervezni, amelyek meghosszabb\u00edthatj\u00e1k a henger \u00e9lettartam\u00e1t.<\/p>\n<h3>Biztons\u00e1g<\/h3>\n<p>A serlegeket a biztons\u00e1g szem el\u0151tt tart\u00e1s\u00e1val kell megtervezni. K\u00e9peseknek ellen\u00e1llni a nagy nyom\u00e1snak \u00e9s a neh\u00e9z terhel\u00e9seknek, \u00e9s biztons\u00e1gi funkci\u00f3kkal, p\u00e9ld\u00e1ul nyom\u00e1scs\u00f6kkent\u0151 szelepekkel kell felszerelni \u0151ket a balesetek megel\u0151z\u00e9se \u00e9rdek\u00e9ben.<\/p>\n<h3>Karbantarthat\u00f3s\u00e1g<\/h3>\n<p>A serleghengereket \u00fagy kell megtervezni, hogy k\u00f6nnyen karbantarthat\u00f3k legyenek. K\u00f6nnyen sz\u00e9tszerelhet\u0151k \u00e9s \u00f6sszeszerelhet\u0151k legyenek, \u00e9s k\u00f6nnyen hozz\u00e1f\u00e9rhet\u0151 cser\u00e9lhet\u0151 alkatr\u00e9szeket haszn\u00e1ljanak. A hengerek fel\u00fcletkezel\u00e9se \u00e9s prec\u00edzi\u00f3s megmunk\u00e1l\u00e1sa szint\u00e9n megk\u00f6nny\u00edtheti a karbantart\u00e1si feladatokat, p\u00e9ld\u00e1ul a t\u00f6m\u00edt\u00e9sek \u00e9s csap\u00e1gyak cser\u00e9j\u00e9t \u00e9s kalibr\u00e1l\u00e1s\u00e1t.<\/p>\n<p><img decoding=\"async\" src=\"https:\/\/www.hydraulic-cylinders.net\/wp-content\/uploads\/2025\/01\/songte-oil-pipes-and-spare-parts.webp\"><\/p>\n<h2>T\u00f6m\u00edt\u00e9s \u00e9s ken\u00e9s<\/h2>\n<p>A serleghengerek hat\u00e9kony m\u0171k\u00f6d\u00e9s\u00e9hez megfelel\u0151 t\u00f6m\u00edt\u00e9sre \u00e9s ken\u00e9sre van sz\u00fcks\u00e9g. A henger dugatty\u00fat\u00f6m\u00edt\u00e9seinek \u00e9s r\u00fadt\u00f6m\u00edt\u00e9seinek kiv\u00e1l\u00f3 min\u0151s\u00e9g\u0171 anyagokb\u00f3l, p\u00e9ld\u00e1ul poliuret\u00e1nb\u00f3l vagy nitrilkaucsukb\u00f3l kell k\u00e9sz\u00fclni\u00fck a szoros t\u00f6m\u00edt\u00e9s biztos\u00edt\u00e1sa \u00e9s az olajsziv\u00e1rg\u00e1s megakad\u00e1lyoz\u00e1sa \u00e9rdek\u00e9ben. A henger fel\u00fcletkezel\u00e9se \u00e9s a hengerfej, valamint a dugatty\u00far\u00fad prec\u00edzi\u00f3s megmunk\u00e1l\u00e1sa jav\u00edthatja a t\u00f6m\u00edt\u00e9s m\u0171k\u00f6d\u00e9s\u00e9t \u00e9s megakad\u00e1lyozhatja az olajsziv\u00e1rg\u00e1st. A hengert a megfelel\u0151 hidraulikaolajjal kell kenni a megfelel\u0151 m\u0171k\u00f6d\u00e9s biztos\u00edt\u00e1sa \u00e9rdek\u00e9ben. A hidraulikaolajat rendszeresen ut\u00e1n kell t\u00f6lteni a henger teljes\u00edtm\u00e9ny\u00e9nek fenntart\u00e1sa \u00e9rdek\u00e9ben.<\/p>\n<h2>Karbantart\u00e1s \u00e9s jav\u00edt\u00e1s<\/h2>\n<p>A kan\u00e1lhenger hat\u00e9kony m\u0171k\u00f6d\u00e9s\u00e9hez elengedhetetlen a rendszeres ellen\u0151rz\u00e9s, ken\u00e9s, t\u00f6m\u00edt\u00e9scsere \u00e9s kalibr\u00e1l\u00e1s. A megfelel\u0151 beszerel\u00e9s, ken\u00e9s \u00e9s be\u00e1ll\u00edt\u00e1s elengedhetetlen a henger \u00e9lettartam\u00e1nak meghosszabb\u00edt\u00e1s\u00e1hoz. Az al\u00e1bbiakban n\u00e9h\u00e1ny gyakori karbantart\u00e1si feladatot ismertet\u00fcnk:<\/p>\n<h3>Ellen\u0151rz\u00e9s<\/h3>\n<p>A rendszeres ellen\u0151rz\u00e9sek megel\u0151zhetik a potenci\u00e1lis probl\u00e9m\u00e1kat a kop\u00e1s, sziv\u00e1rg\u00e1sok \u00e9s egy\u00e9b probl\u00e9m\u00e1k \u00e9szlel\u00e9s\u00e9vel. Vizsg\u00e1lja meg a palack k\u00fclsej\u00e9t s\u00e9r\u00fcl\u00e9s, sziv\u00e1rg\u00e1s vagy kop\u00e1s jelei ut\u00e1n kutatva. Ellen\u0151rizze a palack r\u00f6gz\u00edt\u0151csavarjait, hogy megbizonyosodjon arr\u00f3l, hogy szorosak \u00e9s biztons\u00e1gosak.<\/p>\n<h3>Ken\u00e9s<\/h3>\n<p>A ken\u00e9s elengedhetetlen a henger teljes\u00edtm\u00e9ny\u00e9nek fenntart\u00e1s\u00e1hoz. Haszn\u00e1lja a megfelel\u0151 t\u00edpus\u00fa \u00e9s mennyis\u00e9g\u0171 hidraulikaolajat a henger ken\u00e9s\u00e9hez \u00e9s a s\u00farl\u00f3d\u00e1s, valamint a h\u0151 okozta k\u00e1rosod\u00e1sok megel\u0151z\u00e9s\u00e9hez.<\/p>\n<h3>T\u00f6m\u00edt\u00e9s csere<\/h3>\n<p>Az olajsziv\u00e1rg\u00e1s megel\u0151z\u00e9se \u00e9s a megfelel\u0151 t\u00f6m\u00edt\u00e9s fenntart\u00e1sa \u00e9rdek\u00e9ben rendszeresen cser\u00e9lje ki a t\u00f6m\u00edt\u00e9seket. Az optim\u00e1lis teljes\u00edtm\u00e9ny \u00e9s t\u00f6m\u00edt\u00e9si tulajdons\u00e1gok \u00e9rdek\u00e9ben haszn\u00e1ljon kiv\u00e1l\u00f3 min\u0151s\u00e9g\u0171 poliuret\u00e1n vagy nitril gumi t\u00f6m\u00edt\u00e9seket.<\/p>\n<h3>Kalibr\u00e1ci\u00f3s ellen\u0151rz\u00e9s<\/h3>\n<p>A kalibr\u00e1ci\u00f3s ellen\u0151rz\u00e9sek elengedhetetlenek annak biztos\u00edt\u00e1s\u00e1hoz, hogy a henger teljes\u00edtm\u00e9nye az elfogadhat\u00f3 hat\u00e1rokon bel\u00fcl legyen. Az optim\u00e1lis teljes\u00edtm\u00e9ny biztos\u00edt\u00e1sa \u00e9rdek\u00e9ben ellen\u0151rizze a henger ny\u00fal\u00e1si \u00e9s \u00f6sszeh\u00faz\u00f3d\u00e1si t\u00e1vols\u00e1g\u00e1t, a nyom\u00e1shat\u00e1rokat \u00e9s m\u00e1s kritikus param\u00e9tereket.<\/p>\n<p><img decoding=\"async\" src=\"https:\/\/www.hydraulic-cylinders.net\/wp-content\/uploads\/2025\/01\/songte-chushion-collar.webp\"><\/p>\n<h2>Biztons\u00e1gi szempontok \u00e9s k\u00f6rnyezeti t\u00e9nyez\u0151k<\/h2>\n<p>A serlegpalackok nagy nyom\u00e1s alatt m\u0171k\u00f6dnek, \u00e9s nem megfelel\u0151 kezel\u00e9s eset\u00e9n komoly biztons\u00e1gi kock\u00e1zatot jelenthetnek. A kezel\u0151knek a serlegpalackok kezel\u00e9sekor be kell tartaniuk a megfelel\u0151 biztons\u00e1gi ir\u00e1nyelveket \u00e9s elj\u00e1r\u00e1sokat. A biztons\u00e1gi ir\u00e1nyelvek szigor\u00fa betart\u00e1sa \u00e9s a rendszeres karbantart\u00e1s cs\u00f6kkentheti a balesetek \u00e9s s\u00e9r\u00fcl\u00e9sek kock\u00e1zat\u00e1t. A k\u00f6rnyezeti t\u00e9nyez\u0151k, mint p\u00e9ld\u00e1ul a h\u0151m\u00e9rs\u00e9klet, a p\u00e1ratartalom \u00e9s a korroz\u00edv anyagok, szint\u00e9n befoly\u00e1solhatj\u00e1k a serlegpalackok teljes\u00edtm\u00e9ny\u00e9t \u00e9s \u00e9lettartam\u00e1t. Az anyagok \u00e9s a fel\u00fcletek megfelel\u0151 kiv\u00e1laszt\u00e1sa enyh\u00edtheti a k\u00f6rnyezeti t\u00e9nyez\u0151k hat\u00e1sait.<\/p>\n<h2>Hibaelh\u00e1r\u00edt\u00e1s \u00e9s gyakori probl\u00e9m\u00e1k<\/h2>\n<p>A kan\u00e1lhengerekn\u00e9l k\u00fcl\u00f6nf\u00e9le probl\u00e9m\u00e1k mer\u00fclhetnek fel kop\u00e1s, sziv\u00e1rg\u00e1s vagy egy\u00e9b probl\u00e9m\u00e1k miatt. Gyakori probl\u00e9m\u00e1k k\u00f6z\u00e9 tartozik az olajsziv\u00e1rg\u00e1s, a s\u00e9r\u00fclt t\u00f6m\u00edt\u00e9sek \u00e9s a hib\u00e1san m\u0171k\u00f6d\u0151 hidraulikus alkatr\u00e9szek. A probl\u00e9ma elh\u00e1r\u00edt\u00e1sa seg\u00edthet azonos\u00edtani a kiv\u00e1lt\u00f3 okot \u00e9s megel\u0151zni a j\u00f6v\u0151beni probl\u00e9m\u00e1kat. A s\u00e9r\u00fclt alkatr\u00e9szek megfelel\u0151 karbantart\u00e1sa, jav\u00edt\u00e1sa \u00e9s cser\u00e9je seg\u00edthet a henger m\u0171k\u00f6d\u00e9s\u00e9nek helyre\u00e1ll\u00edt\u00e1s\u00e1ban. Az al\u00e1bbiakban n\u00e9h\u00e1ny gyakori hibaelh\u00e1r\u00edt\u00e1si l\u00e9p\u00e9st ismertet\u00fcnk:<\/p>\n<h3>Probl\u00e9ma diagnosztiz\u00e1l\u00e1sa<\/h3>\n<p>A probl\u00e9ma kiv\u00e1lt\u00f3 ok\u00e1nak azonos\u00edt\u00e1s\u00e1hoz vizsg\u00e1lja meg a hengert s\u00e9r\u00fcl\u00e9s, kop\u00e1s, sziv\u00e1rg\u00e1s vagy egy\u00e9b probl\u00e9m\u00e1k jeleit keresve. Ellen\u0151rizze a hidraulikus rendszer megfelel\u0151 nyom\u00e1s\u00e1t \u00e9s folyad\u00e9kszintj\u00e9t. Vizsg\u00e1lja meg a henger r\u00f6gz\u00edt\u0151csavarjait lazas\u00e1g vagy s\u00e9r\u00fcl\u00e9s jelei szempontj\u00e1b\u00f3l.<\/p>\n<h3>Jav\u00edt\u00e1s \u00e9s csere<\/h3>\n<p>Jav\u00edtsa meg vagy cser\u00e9lje ki a s\u00e9r\u00fclt alkatr\u00e9szeket sz\u00fcks\u00e9g szerint. Cser\u00e9lje ki a kopott vagy s\u00e9r\u00fclt t\u00f6m\u00edt\u00e9seket kiv\u00e1l\u00f3 min\u0151s\u00e9g\u0171 poliuret\u00e1n vagy nitril gumi t\u00f6m\u00edt\u00e9sekre. Ellen\u0151rizze a hidraulikus rendszert sziv\u00e1rg\u00e1sok vagy meghib\u00e1sod\u00e1sok szempontj\u00e1b\u00f3l, \u00e9s jav\u00edtsa meg vagy cser\u00e9lje ki a s\u00e9r\u00fclt alkatr\u00e9szeket.<\/p>\n<h3>Megel\u0151z\u0151 int\u00e9zked\u00e9sek<\/h3>\n<p>Tegyen megel\u0151z\u0151 int\u00e9zked\u00e9seket a j\u00f6v\u0151beni probl\u00e9m\u00e1k kock\u00e1zat\u00e1nak cs\u00f6kkent\u00e9se \u00e9rdek\u00e9ben. A rendszeres karbantart\u00e1s, ellen\u0151rz\u00e9s \u00e9s jav\u00edt\u00e1s seg\u00edthet megel\u0151zni a sziv\u00e1rg\u00e1sokat, a kop\u00e1st \u00e9s egy\u00e9b probl\u00e9m\u00e1kat. A megfelel\u0151 beszerel\u00e9s, kalibr\u00e1l\u00e1s \u00e9s ken\u00e9s szint\u00e9n seg\u00edthet az optim\u00e1lis teljes\u00edtm\u00e9ny fenntart\u00e1s\u00e1ban \u00e9s a henger \u00e9lettartam\u00e1nak meghosszabb\u00edt\u00e1s\u00e1ban.<\/p>\n<h1>R\u00f3lunk<\/h1>\n<p>Vezet\u0151 hidraulikus hengergy\u00e1rt\u00f3 \u00e9s -nagykeresked\u0151 vagyunk, cserehengerekre specializ\u00e1l\u00f3dva. Kiterjedt term\u00e9kk\u00edn\u00e1latunknak k\u00f6sz\u00f6nhet\u0151en mind a hazai, mind a nemzetk\u00f6zi piacokon vezet\u0151 hidraulikus hengergy\u00e1rt\u00f3v\u00e1 \u00e9s -nagykeresked\u0151v\u00e9 v\u00e1ltunk. Kiv\u00e1l\u00f3 min\u0151s\u00e9gre t\u00f6reksz\u00fcnk, \u00e9s kifinomult gy\u00e1rt\u00f3m\u0171helyeinkben iparos\u00edtott termel\u00e9sir\u00e1ny\u00edt\u00e1si strat\u00e9gi\u00e1kra t\u00e1maszkodunk. Folyamatosan fejlesztj\u00fck gy\u00e1rt\u00e1si platformunkat, t\u00f6k\u00e9letes\u00edtj\u00fck term\u00e9kmin\u0151s\u00e9gi gy\u00e1rt\u00f3sorainkat, \u00e9s er\u0151s kreat\u00edv k\u00e9pess\u00e9gekkel rendelkez\u00fcnk. Elk\u00f6telezettek vagyunk amellett, hogy nagy hat\u00e9konys\u00e1g\u00fa, nagy pontoss\u00e1g\u00fa \u00e9s kiv\u00e1l\u00f3 min\u0151s\u00e9g\u0171 term\u00e9keket biztos\u00edtsunk \u00fcgyfeleink sz\u00e1m\u00e1ra, amelyek sz\u00e9les k\u00f6r\u0171 ig\u00e9nyeket el\u00e9g\u00edtenek ki.<\/p>\n<p><img decoding=\"async\" src=\"https:\/\/hzpt.com\/wp-content\/uploads\/2024\/11\/songte-company-1.webp\"><\/p>\n<h2>Szakmaiass\u00e1g<\/h2>\n<p>Csapatunk tapasztalt m\u00e9rn\u00f6k\u00f6kb\u0151l \u00e9s technikusokb\u00f3l \u00e1ll, akik hidraulikus hengerek gy\u00e1rt\u00e1s\u00e1ra szakosodtak. Korszer\u0171 technol\u00f3gi\u00e1t \u00e9s berendez\u00e9seket haszn\u00e1lunk a kiv\u00e1l\u00f3 min\u0151s\u00e9g\u0171 gy\u00e1rt\u00e1s \u00e9s a prec\u00edzi\u00f3s megmunk\u00e1l\u00e1s biztos\u00edt\u00e1sa \u00e9rdek\u00e9ben.<\/p>\n<h2>Nemzetk\u00f6zi min\u0151s\u00edt\u00e9s<\/h2>\n<p>Term\u00e9keink megfelelnek a nemzetk\u00f6zi min\u0151s\u00e9gi el\u0151\u00edr\u00e1soknak, \u00e9s ISO 9001:2015 tan\u00fas\u00edtv\u00e1nnyal rendelkeznek. Elk\u00f6telezettek vagyunk amellett, hogy \u00fcgyfeleinknek kiv\u00e1l\u00f3 min\u0151s\u00e9g\u0171, nemzetk\u00f6zi szabv\u00e1nyoknak megfelel\u0151 term\u00e9keket biztos\u00edtsunk.<\/p>\n<h2>Testreszab\u00e1si szolg\u00e1ltat\u00e1s<\/h2>\n<p>Testreszabott hidraulikus henger megold\u00e1sokat k\u00edn\u00e1lunk, hogy megfelelj\u00fcnk az \u00fcgyfelek egyedi ig\u00e9nyeinek. Tapasztalt m\u00e9rn\u00f6keink szorosan egy\u00fcttm\u0171k\u00f6dnek az \u00fcgyfelekkel, hogy olyan testreszabott megold\u00e1sokat fejlesszenek ki, amelyek megfelelnek egyedi ig\u00e9nyeiknek.<\/p>\n<h2>Termel\u00e9si l\u00e9tes\u00edtm\u00e9nyek<\/h2>\n<p>Gy\u00e1rt\u00f3\u00fczemeink a legmodernebb berendez\u00e9sekkel \u00e9s technol\u00f3gi\u00e1val vannak felszerelve, biztos\u00edtva a hat\u00e9kony \u00e9s kiv\u00e1l\u00f3 min\u0151s\u00e9g\u0171 gy\u00e1rt\u00e1si folyamatokat. Elk\u00f6telezettek vagyunk a leg\u00fajabb technol\u00f3gia \u00e9s berendez\u00e9sek haszn\u00e1lata ir\u00e1nt a kiv\u00e1l\u00f3 min\u0151s\u00e9g\u0171 term\u00e9kek el\u0151\u00e1ll\u00edt\u00e1sa \u00e9rdek\u00e9ben.<\/p>\n<h2>\u00c9rt\u00e9kes\u00edt\u00e9s ut\u00e1ni szolg\u00e1ltat\u00e1s<\/h2>\n<p>\u00c9rt\u00e9kes\u00edt\u00e9s ut\u00e1ni szolg\u00e1ltat\u00e1st \u00e9s t\u00e1mogat\u00e1st k\u00edn\u00e1lunk az \u00fcgyfelek el\u00e9gedetts\u00e9g\u00e9nek biztos\u00edt\u00e1sa \u00e9rdek\u00e9ben. Szolg\u00e1ltat\u00e1sok sz\u00e9les sk\u00e1l\u00e1j\u00e1t k\u00edn\u00e1ljuk, bele\u00e9rtve a hidraulikus hengerek jav\u00edt\u00e1s\u00e1t, cser\u00e9j\u00e9t \u00e9s karbantart\u00e1s\u00e1t.<\/p>\n<p><img decoding=\"async\" src=\"https:\/\/www.hydraulic-cylinders.net\/wp-content\/uploads\/2025\/01\/songte-company-3.webp\"><\/p>\n<p>Szerz\u0151: lyl<\/p>","protected":false},"excerpt":{"rendered":"<p>Bucket Cylinder For Komatsu Large Excavator PC650LC-8R\/650LCCSE-8R Introduction The bucket cylinder is a specially designed hydraulic cylinder used to control the movement of the bucket in heavy machinery such as excavators, backhoe loaders, and front loaders. Its main function is to enable the bucket to be lifted, lowered, and tilted, making it suitable for various [&hellip;]<\/p>","protected":false},"featured_media":14788,"comment_status":"open","ping_status":"closed","template":"","meta":{"_et_pb_use_builder":"","_et_pb_old_content":"","_et_gb_content_width":""},"product_brand":[],"product_cat":[1494],"product_tag":[1495,1496],"class_list":{"0":"post-15148","1":"product","2":"type-product","3":"status-publish","4":"has-post-thumbnail","6":"product_cat-bucket-cylinders","7":"product_tag-bucket-cylinders","8":"product_tag-hydraulic-cylinders","10":"first","11":"instock","12":"shipping-taxable","13":"product-type-simple"},"amp_enabled":true,"_links":{"self":[{"href":"https:\/\/www.hydraulic-cylinders.net\/hu\/wp-json\/wp\/v2\/product\/15148","targetHints":{"allow":["GET"]}}],"collection":[{"href":"https:\/\/www.hydraulic-cylinders.net\/hu\/wp-json\/wp\/v2\/product"}],"about":[{"href":"https:\/\/www.hydraulic-cylinders.net\/hu\/wp-json\/wp\/v2\/types\/product"}],"replies":[{"embeddable":true,"href":"https:\/\/www.hydraulic-cylinders.net\/hu\/wp-json\/wp\/v2\/comments?post=15148"}],"wp:featuredmedia":[{"embeddable":true,"href":"https:\/\/www.hydraulic-cylinders.net\/hu\/wp-json\/wp\/v2\/media\/14788"}],"wp:attachment":[{"href":"https:\/\/www.hydraulic-cylinders.net\/hu\/wp-json\/wp\/v2\/media?parent=15148"}],"wp:term":[{"taxonomy":"product_brand","embeddable":true,"href":"https:\/\/www.hydraulic-cylinders.net\/hu\/wp-json\/wp\/v2\/product_brand?post=15148"},{"taxonomy":"product_cat","embeddable":true,"href":"https:\/\/www.hydraulic-cylinders.net\/hu\/wp-json\/wp\/v2\/product_cat?post=15148"},{"taxonomy":"product_tag","embeddable":true,"href":"https:\/\/www.hydraulic-cylinders.net\/hu\/wp-json\/wp\/v2\/product_tag?post=15148"}],"curies":[{"name":"munkaf\u00fczet","href":"https:\/\/api.w.org\/{rel}","templated":true}]}}