{"id":15150,"date":"2025-01-19T14:10:08","date_gmt":"2025-01-19T14:10:08","guid":{"rendered":"https:\/\/www.hydraulic-cylinders.net\/product\/bucket-cylinder-for-komatsu-large-excavator-pc350-5-6-7\/"},"modified":"2025-01-19T14:10:10","modified_gmt":"2025-01-19T14:10:10","slug":"bucket-cylinder-for-komatsu-large-excavator-pc350-5-6-7","status":"publish","type":"product","link":"https:\/\/www.hydraulic-cylinders.net\/hu\/termek\/bucket-cylinder-for-komatsu-large-excavator-pc350-5-6-7\/","title":{"rendered":"Kan\u00e1lhenger Komatsu nagy kotr\u00f3g\u00e9phez PC350-5-6-7"},"content":{"rendered":"<h2>Kan\u00e1lhenger Komatsu nagy kotr\u00f3g\u00e9phez PC350-5-6-7<\/h2>\n<h3>Bevezet\u00e9s<\/h3>\n<p>A kan\u00e1lhenger egy speci\u00e1lisan tervezett hidraulikus henger, amelyet a kan\u00e1l mozg\u00e1s\u00e1nak vez\u00e9rl\u00e9s\u00e9re haszn\u00e1lnak neh\u00e9zg\u00e9pekben, p\u00e9ld\u00e1ul kotr\u00f3g\u00e9pekben, kotr\u00f3g\u00e9pekben \u00e9s homlokrakod\u00f3kban. F\u0151 funkci\u00f3ja a kan\u00e1l emel\u00e9s\u00e9nek, s\u00fcllyeszt\u00e9s\u00e9nek \u00e9s billent\u00e9s\u00e9nek lehet\u0151v\u00e9 t\u00e9tele, megk\u00f6nny\u00edtve a k\u00fcl\u00f6nf\u00e9le anyagmozgat\u00e1si feladatokat. A hidraulikus rendszerben a kan\u00e1lhenger a hidraulikaolaj nyom\u00e1s\u00e1nak v\u00e1ltoztat\u00e1s\u00e1val \u00e9ri el a kan\u00e1l pontos vez\u00e9rl\u00e9s\u00e9t, lehet\u0151v\u00e9 t\u00e9ve a kezel\u0151k sz\u00e1m\u00e1ra a neh\u00e9z t\u00e1rgyak hat\u00e9kony kezel\u00e9s\u00e9t, az \u00f6sszetett munkak\u00f6rnyezetekhez \u00e9s a v\u00e1ltozatos m\u0171k\u00f6d\u00e9si k\u00f6vetelm\u00e9nyekhez val\u00f3 alkalmazkod\u00e1st. <\/p>\n<p><img decoding=\"async\" src=\"https:\/\/www.hydraulic-cylinders.net\/wp-content\/uploads\/2025\/01\/songte-company-2.webp\" \/><\/p>\n<h3>Jellemz\u0151k<\/h3>\n<ul>\n<li>Nagy szil\u00e1rds\u00e1g \u00e9s tart\u00f3ss\u00e1g: jellemz\u0151en nagy szil\u00e1rds\u00e1g\u00fa ac\u00e9lb\u00f3l vagy alum\u00edniumb\u00f3l k\u00e9sz\u00fcl, k\u00e9pes ellen\u00e1llni a nagy nyom\u00e1snak \u00e9s a nagy terhel\u00e9seknek, alkalmazkodik a zord munkak\u00f6rnyezethez, \u00e9s kop\u00e1s\u00e1ll\u00f3s\u00e1ggal \u00e9s korr\u00f3zi\u00f3\u00e1ll\u00f3s\u00e1ggal tervezt\u00e9k az \u00e9lettartam meghosszabb\u00edt\u00e1sa \u00e9rdek\u00e9ben.<\/li>\n<li>Hat\u00e9kony hidraulikus m\u0171k\u00f6d\u00e9s: a hidraulikaolaj nyom\u00e1s\u00e1t haszn\u00e1lja ki a sima kiny\u00fal\u00e1si \u00e9s \u00f6sszeh\u00faz\u00e1si mozg\u00e1sok el\u00e9r\u00e9s\u00e9hez, gyorsan reag\u00e1l a m\u0171k\u00f6d\u00e9si parancsokra, er\u0151teljes tol\u00f3- \u00e9s h\u00faz\u00f3er\u0151t biztos\u00edt, alkalmas neh\u00e9z t\u00e1rgyak kezel\u00e9s\u00e9re \u00e9s \u00f6sszetett m\u0171k\u00f6d\u00e9si feladatokra.<\/li>\n<li>K\u00fcl\u00f6nb\u00f6z\u0151 t\u00edpusok: egyszeres m\u0171k\u00f6d\u00e9s\u0171 (csak egy ir\u00e1nyban hidraulikus) vagy kett\u0151s m\u0171k\u00f6d\u00e9s\u0171 (mindk\u00e9t ir\u00e1nyban hidraulikus) hengerek v\u00e1laszthat\u00f3k az \u00fczemeltet\u00e9si ig\u00e9nyeknek megfelel\u0151en. Egyes modellek teleszk\u00f3posak, \u00edgy nagyobb kiny\u00fal\u00e1st tesznek lehet\u0151v\u00e9 a k\u00fcls\u0151 m\u00e9ret n\u00f6vel\u00e9se n\u00e9lk\u00fcl, \u00edgy alkalmasak korl\u00e1tozott helyig\u00e9ny\u0171 alkalmaz\u00e1sokhoz.<\/li>\n<li>M\u00e1s hidraulikus hengerek helyettes\u00edt\u00e9s\u00e9re alkalmas: hengereink t\u00f6k\u00e9letesen helyettes\u00edthetik a t\u00f6bbi hidraulikus hengert, k\u00f6lts\u00e9ghat\u00e9kony megold\u00e1st k\u00edn\u00e1lva a berendez\u00e9sek karbantart\u00e1s\u00e1ra \u00e9s jav\u00edt\u00e1s\u00e1ra.<\/li>\n<\/ul>\n<p><img decoding=\"async\" src=\"https:\/\/www.hydraulic-cylinders.net\/wp-content\/uploads\/2025\/01\/songte-cylinder-head-with-all-kinds-excavator-models.webp\" \/><\/p>\n<h3>Alkalmaz\u00e1sok<\/h3>\n<p>A kan\u00e1lhengereket k\u00fcl\u00f6nf\u00e9le neh\u00e9zg\u00e9p\u00e9szeti alkalmaz\u00e1sokban haszn\u00e1lj\u00e1k, bele\u00e9rtve:<\/p>\n<ul>\n<li>\u00c9p\u00edt\u0151ipari berendez\u00e9sek: a kotr\u00f3g\u00e9pekben kulcsfontoss\u00e1g\u00faak a f\u00f6ldmunk\u00e1k, a rakod\u00e1s \u00e9s a talaj vagy t\u00f6rmel\u00e9k mozgat\u00e1sa sor\u00e1n. A kotr\u00f3g\u00e9pekben a kan\u00e1lhengerek mind a f\u00f6ldmunk\u00e1ban, mind az emel\u00e9sben seg\u00edtenek. <\/li>\n<li>Mez\u0151gazdas\u00e1gi g\u00e9pek: homlokrakod\u00f3kban haszn\u00e1lj\u00e1k talaj, sz\u00e9na \u00e9s egy\u00e9b anyagok kotor\u00e1s\u00e1ra, emel\u00e9s\u00e9re \u00e9s sz\u00e1ll\u00edt\u00e1s\u00e1ra. <\/li>\n<li>Kotr\u00f3g\u00e9pek: a kan\u00e1lhengerek lehet\u0151v\u00e9 teszik a f\u00f6ldmunk\u00e1t az\u00e1ltal, hogy lehet\u0151v\u00e9 teszik a kan\u00e1l talajba hatol\u00e1s\u00e1t.<\/li>\n<li>Rakod\u00f3g\u00e9pek: a homlokrakod\u00f3kban hat\u00e9konyan seg\u00edtik a rakom\u00e1ny emel\u00e9s\u00e9t \u00e9s \u00fcr\u00edt\u00e9s\u00e9t.<\/li>\n<\/ul>\n<h3>Tervez\u00e9si szempontok \u00e9s kiv\u00e1laszt\u00e1si krit\u00e9riumok<\/h3>\n<p>Tervez\u00e9si szempontok a k\u00f6vetkez\u0151k:<\/p>\n<ul>\n<li>Teherb\u00edr\u00e1s: a kan\u00e1lhengerek nagy nyom\u00e1snak \u00e9s neh\u00e9z terhel\u00e9snek vannak kit\u00e9ve.<\/li>\n<li>T\u00f6m\u00edt\u00e9s: k\u00fcl\u00f6nf\u00e9le t\u00f6m\u00edt\u0151elemeket, p\u00e9ld\u00e1ul dugatty\u00fat\u00f6m\u00edt\u00e9seket \u00e9s r\u00fadt\u00f6m\u00edt\u00e9seket haszn\u00e1lnak annak biztos\u00edt\u00e1s\u00e1ra, hogy a hidraulikafolyad\u00e9k ne sziv\u00e1rogjon a hengerb\u0151l.<\/li>\n<li>Tart\u00f3ss\u00e1g: a kan\u00e1lhengerek kop\u00e1s\u00e1ll\u00f3ak, egyes modellek elox\u00e1lt kem\u00e9ny bevonattal rendelkeznek a tov\u00e1bbi v\u00e9delem \u00e9rdek\u00e9ben.<\/li>\n<li>Biztons\u00e1g: a v\u00f6d\u00f6rhengereket \u00fagy tervezt\u00e9k, hogy minimaliz\u00e1lj\u00e1k a balesetek lehet\u0151s\u00e9g\u00e9t, p\u00e9ld\u00e1ul nyom\u00e1scs\u00f6kkent\u0151 szelepek be\u00e9p\u00edt\u00e9s\u00e9vel.<\/li>\n<li>Karbantart\u00e1s: a serleghengerek k\u00f6nnyen szervizelhet\u0151k \u00e9s karbantarthat\u00f3k, olyan jellemz\u0151kkel, mint a levehet\u0151 v\u00e9gsapk\u00e1k \u00e9s a bels\u0151 alkatr\u00e9szekhez val\u00f3 k\u00f6nny\u0171 hozz\u00e1f\u00e9r\u00e9s. <\/li>\n<\/ul>\n<p><img decoding=\"async\" src=\"https:\/\/www.hydraulic-cylinders.net\/wp-content\/uploads\/2025\/01\/songte-oil-pipes-and-spare-parts.webp\" \/><\/p>\n<p>T\u00f6m\u00edt\u00e9si \u00e9s ken\u00e9si szempontok:<\/p>\n<ul>\n<li>K\u00fcl\u00f6nb\u00f6z\u0151 t\u00f6m\u00edt\u0151elemeket haszn\u00e1lnak, p\u00e9ld\u00e1ul dugatty\u00fat\u00f6m\u00edt\u00e9seket, r\u00fadt\u00f6m\u00edt\u00e9seket \u00e9s ablakt\u00f6rl\u0151ket, hogy a hidraulikafolyad\u00e9k ne sziv\u00e1rogjon a hengerb\u0151l.<\/li>\n<li>A t\u00f6m\u00edt\u0151elemek jellemz\u0151en kop\u00e1s\u00e1ll\u00f3 anyagokb\u00f3l, p\u00e9ld\u00e1ul poliuret\u00e1nb\u00f3l \u00e9s nitrilgumib\u00f3l k\u00e9sz\u00fclnek.<\/li>\n<li>A hengertest \u00e9s a menetes v\u00e9gek finom megmunk\u00e1l\u00e1s\u00faak a kop\u00e1s\u00e1ll\u00f3s\u00e1g jav\u00edt\u00e1sa \u00e9rdek\u00e9ben.<\/li>\n<li>A kan\u00e1lhenger rendszeres ken\u00e9st ig\u00e9nyel megfelel\u0151 mennyis\u00e9g\u0171 hidraulikaolajjal.<\/li>\n<\/ul>\n<p>A rendszeres karbantart\u00e1s \u00e9s a megel\u0151z\u0151 int\u00e9zked\u00e9sek a k\u00f6vetkez\u0151k:<\/p>\n<ul>\n<li>A hengertest \u00e9s a dugatty\u00fa rendszeres ellen\u0151rz\u00e9se s\u00e9r\u00fcl\u00e9sek vagy kop\u00e1sok szempontj\u00e1b\u00f3l.<\/li>\n<li>Rendszeres ken\u00e9s megfelel\u0151 hidraulikaolajjal.<\/li>\n<li>A kopott vagy s\u00e9r\u00fclt t\u00f6m\u00edt\u0151elemek rendszeres cser\u00e9je.<\/li>\n<li>Rendszeres kalibr\u00e1ci\u00f3s ellen\u0151rz\u00e9sek a henger megfelel\u0151 m\u0171k\u00f6d\u00e9s\u00e9nek biztos\u00edt\u00e1s\u00e1ra.<\/li>\n<\/ul>\n<p><img decoding=\"async\" src=\"https:\/\/www.hydraulic-cylinders.net\/wp-content\/uploads\/2025\/01\/songte-chushion-collar.webp\" \/><\/p>\n<h3>Biztons\u00e1gi szempontok \u00e9s k\u00f6rnyezeti t\u00e9nyez\u0151k<\/h3>\n<p>V\u00f6d\u00f6rhengerek haszn\u00e1latakor elengedhetetlen a biztons\u00e1gi \u00f3vint\u00e9zked\u00e9sek betart\u00e1sa, p\u00e9ld\u00e1ul:<\/p>\n<ul>\n<li>Gy\u0151z\u0151dj\u00f6n meg arr\u00f3l, hogy a henger megfelel\u0151en \u00e9s biztons\u00e1gosan van felszerelve.<\/li>\n<li>Gy\u0151z\u0151dj\u00f6n meg arr\u00f3l, hogy a henger megfelel\u0151en kenve \u00e9s karbantartva van.<\/li>\n<li>Viseljen megfelel\u0151 szem\u00e9lyi v\u00e9d\u0151felszerel\u00e9st, p\u00e9ld\u00e1ul keszty\u0171t \u00e9s v\u00e9d\u0151szem\u00fcveget.<\/li>\n<li>Legyen tiszt\u00e1ban a lehets\u00e9ges vesz\u00e9lyekkel, p\u00e9ld\u00e1ul a nagy nyom\u00e1ssal \u00e9s a neh\u00e9z terhel\u00e9ssel.<\/li>\n<\/ul>\n<p>A v\u00f6d\u00f6rhengerek jellemz\u0151en \u00fajrahasznos\u00edthat\u00f3 \u00e9s k\u00f6rnyezetbar\u00e1t anyagokb\u00f3l k\u00e9sz\u00fclnek. <\/p>\n<h3>Diagn\u00f3zis \u00e9s hibaelh\u00e1r\u00edt\u00e1s<\/h3>\n<p>A kan\u00e1lhengerek gyakori probl\u00e9m\u00e1i k\u00f6z\u00e9 tartozik a sziv\u00e1rg\u00f3 hidraulikafolyad\u00e9k, a dugatty\u00farudak vagy t\u00f6m\u00edt\u00e9sek s\u00e9r\u00fcl\u00e9se, valamint a helytelen vagy el\u00e9gtelen ken\u00e9s. <\/p>\n<p>A kan\u00e1lhengerek probl\u00e9m\u00e1inak diagnosztiz\u00e1l\u00e1sa \u00e9s elh\u00e1r\u00edt\u00e1sa:<\/p>\n<ul>\n<li>Ellen\u0151rizze a hidraulikafolyad\u00e9k sziv\u00e1rg\u00e1s\u00e1nak jeleit.<\/li>\n<li>Vizsg\u00e1lja meg a dugatty\u00fat \u00e9s a t\u00f6m\u00edt\u00e9seket s\u00e9r\u00fcl\u00e9s vagy kop\u00e1s szempontj\u00e1b\u00f3l.<\/li>\n<li>Gy\u0151z\u0151dj\u00f6n meg arr\u00f3l, hogy a henger megfelel\u0151en kenve van.<\/li>\n<li>Vizsg\u00e1lja meg a hidraulikus rendszert, hogy nincs-e rajta probl\u00e9ma.<\/li>\n<\/ul>\n<p>A megel\u0151z\u0151 int\u00e9zked\u00e9sek k\u00f6z\u00e9 tartozik a rendszeres karbantart\u00e1s \u00e9s ken\u00e9s, valamint a henger megfelel\u0151 beszerel\u00e9s\u00e9nek \u00e9s kalibr\u00e1l\u00e1s\u00e1nak biztos\u00edt\u00e1sa.<\/p>\n<p><img decoding=\"async\" src=\"https:\/\/www.hydraulic-cylinders.net\/wp-content\/uploads\/2025\/01\/songte-bushings-with-all-kinds-of-excavator-models.webp\" \/><\/p>\n<h3>C\u00e9g\u00fcnkr\u0151l<\/h3>\n<p>Vezet\u0151 hidraulikus hengergy\u00e1rt\u00f3 \u00e9s nagykereskedelmi forgalmaz\u00f3 vagyunk, k\u00f6lts\u00e9ghat\u00e9kony megold\u00e1sokat k\u00edn\u00e1lva a berendez\u00e9sek karbantart\u00e1s\u00e1ra \u00e9s jav\u00edt\u00e1s\u00e1ra. Sz\u00e9les v\u00e1laszt\u00e9k\u00fa hidraulikus hengerek gy\u00e1rt\u00e1s\u00e1ra specializ\u00e1l\u00f3dtunk, termel\u00e9s\u00fcnket pedig m\u0171szaki szakemberekb\u0151l \u00e1ll\u00f3 csapat, korszer\u0171 berendez\u00e9sek \u00e9s professzion\u00e1lis tesztel\u0151rendszerek t\u00e1mogatj\u00e1k. Gy\u00e1rt\u00e1si platformunkat folyamatosan fejlesztj\u00fck, hogy megfelelj\u00fcnk a legmagasabb hat\u00e9konys\u00e1gi, pontoss\u00e1gi \u00e9s min\u0151s\u00e9gi szabv\u00e1nyoknak. Testreszabott szolg\u00e1ltat\u00e1sokat k\u00edn\u00e1lunk, \u00e9s sz\u00e9lesk\u00f6r\u0171 tapasztalattal rendelkez\u00fcnk k\u00fcl\u00f6nf\u00e9le alkalmaz\u00e1sokhoz k\u00e9sz\u00fclt hidraulikus hengerek gy\u00e1rt\u00e1s\u00e1ban. Nagy hangs\u00falyt fektet\u00fcnk az \u00fcgyfelek el\u00e9gedetts\u00e9g\u00e9re, \u00e9s arra t\u00f6reksz\u00fcnk, hogy kiv\u00e1l\u00f3 szolg\u00e1ltat\u00e1st \u00e9s t\u00e1mogat\u00e1st ny\u00fajtsunk.<\/p>\n<ul>\n<li>Professzionalizmus: Csapatunk m\u0171szaki szak\u00e9rt\u0151kb\u0151l \u00e1ll, akik sz\u00e9lesk\u00f6r\u0171 tapasztalattal rendelkeznek a hidraulikus hengerek tervez\u00e9s\u00e9ben \u00e9s gy\u00e1rt\u00e1s\u00e1ban.<\/li>\n<li>Nemzetk\u00f6zi tan\u00fas\u00edtv\u00e1nyok: Term\u00e9keinket nemzetk\u00f6zi szabv\u00e1ny\u00fcgyi szervezetek, p\u00e9ld\u00e1ul az ISO tesztelt\u00e9k \u00e9s tan\u00fas\u00edtott\u00e1k.<\/li>\n<li>Testreszabott szolg\u00e1ltat\u00e1sok: Testreszabott hidraulikus henger megold\u00e1sokat k\u00edn\u00e1lunk \u00fcgyfeleink egyedi ig\u00e9nyeinek kiel\u00e9g\u00edt\u00e9s\u00e9re.<\/li>\n<li>Gy\u00e1rt\u00f3berendez\u00e9sek: Gy\u00e1rt\u00f3\u00fczemeink a legmodernebb berendez\u00e9sekkel vannak felszerelve, bele\u00e9rtve a CNC g\u00e9peket \u00e9s a robothegeszt\u0151 rendszereket.<\/li>\n<li>\u00c9rt\u00e9kes\u00edt\u00e9s ut\u00e1ni szolg\u00e1ltat\u00e1s: \u00c1tfog\u00f3 \u00e9rt\u00e9kes\u00edt\u00e9s ut\u00e1ni szolg\u00e1ltat\u00e1st k\u00edn\u00e1lunk, bele\u00e9rtve a cserealkatr\u00e9szeket \u00e9s az \u00fajj\u00e1\u00e9p\u00edt\u00e9si szolg\u00e1ltat\u00e1sokat, term\u00e9keink hossz\u00fa \u00e9lettartam\u00e1nak \u00e9s megb\u00edzhat\u00f3s\u00e1g\u00e1nak biztos\u00edt\u00e1sa \u00e9rdek\u00e9ben.<\/li>\n<\/ul>\n<p><img decoding=\"async\" src=\"https:\/\/hzpt.com\/wp-content\/uploads\/2024\/11\/songte-company-1.webp\" \/><\/p>\n<p>Szerz\u0151: lyl<\/p>","protected":false},"excerpt":{"rendered":"<p>Bucket Cylinder For Komatsu Large Excavator PC350-5-6-7 Introduction A bucket cylinder is a specially designed hydraulic cylinder used to control the movement of the bucket in heavy machinery such as excavators, backhoe excavators, and front-end loaders. Its main function is to enable the bucket to lift, lower, and tilt, making it easier for various materials [&hellip;]<\/p>","protected":false},"featured_media":14785,"comment_status":"open","ping_status":"closed","template":"","meta":{"_et_pb_use_builder":"","_et_pb_old_content":"","_et_gb_content_width":""},"product_brand":[],"product_cat":[1494],"product_tag":[1495,1496],"class_list":{"0":"post-15150","1":"product","2":"type-product","3":"status-publish","4":"has-post-thumbnail","6":"product_cat-bucket-cylinders","7":"product_tag-bucket-cylinders","8":"product_tag-hydraulic-cylinders","10":"first","11":"instock","12":"shipping-taxable","13":"product-type-simple"},"amp_enabled":true,"_links":{"self":[{"href":"https:\/\/www.hydraulic-cylinders.net\/hu\/wp-json\/wp\/v2\/product\/15150","targetHints":{"allow":["GET"]}}],"collection":[{"href":"https:\/\/www.hydraulic-cylinders.net\/hu\/wp-json\/wp\/v2\/product"}],"about":[{"href":"https:\/\/www.hydraulic-cylinders.net\/hu\/wp-json\/wp\/v2\/types\/product"}],"replies":[{"embeddable":true,"href":"https:\/\/www.hydraulic-cylinders.net\/hu\/wp-json\/wp\/v2\/comments?post=15150"}],"wp:featuredmedia":[{"embeddable":true,"href":"https:\/\/www.hydraulic-cylinders.net\/hu\/wp-json\/wp\/v2\/media\/14785"}],"wp:attachment":[{"href":"https:\/\/www.hydraulic-cylinders.net\/hu\/wp-json\/wp\/v2\/media?parent=15150"}],"wp:term":[{"taxonomy":"product_brand","embeddable":true,"href":"https:\/\/www.hydraulic-cylinders.net\/hu\/wp-json\/wp\/v2\/product_brand?post=15150"},{"taxonomy":"product_cat","embeddable":true,"href":"https:\/\/www.hydraulic-cylinders.net\/hu\/wp-json\/wp\/v2\/product_cat?post=15150"},{"taxonomy":"product_tag","embeddable":true,"href":"https:\/\/www.hydraulic-cylinders.net\/hu\/wp-json\/wp\/v2\/product_tag?post=15150"}],"curies":[{"name":"munkaf\u00fczet","href":"https:\/\/api.w.org\/{rel}","templated":true}]}}