{"id":15170,"date":"2025-01-19T14:11:34","date_gmt":"2025-01-19T14:11:34","guid":{"rendered":"https:\/\/www.hydraulic-cylinders.net\/product\/bucket-cylinder-for-sumitomo-small-excavator-sh60a3\/"},"modified":"2025-01-19T14:11:36","modified_gmt":"2025-01-19T14:11:36","slug":"bucket-cylinder-for-sumitomo-small-excavator-sh60a3","status":"publish","type":"product","link":"https:\/\/www.hydraulic-cylinders.net\/hu\/termek\/bucket-cylinder-for-sumitomo-small-excavator-sh60a3\/","title":{"rendered":"Kan\u00e1lhenger Sumitomo kis kotr\u00f3g\u00e9phez SH60A3"},"content":{"rendered":"<h1>Kan\u00e1lhenger Sumitomo kis kotr\u00f3g\u00e9phez SH60A3<\/h1>\n<h2>Bevezet\u00e9s<\/h2>\n<p>A Sumitomo SH60A3 kis kotr\u00f3g\u00e9p kan\u00e1lhengere egy speci\u00e1lis hidraulikus henger, amelyet els\u0151sorban neh\u00e9zg\u00e9pek, p\u00e9ld\u00e1ul kotr\u00f3g\u00e9pek, kotr\u00f3g\u00e9pek \u00e9s homlokrakod\u00f3k kanalainak mozg\u00e1s\u00e1nak vez\u00e9rl\u00e9s\u00e9re haszn\u00e1lnak. F\u0151 funkci\u00f3ja a kan\u00e1l emel\u00e9se, s\u00fcllyeszt\u00e9se \u00e9s billent\u00e9se, megk\u00f6nny\u00edtve ezzel a k\u00fcl\u00f6nf\u00e9le anyagok kezel\u00e9s\u00e9t. A hidraulikus rendszerben a kan\u00e1lhenger a hidraulikaolaj nyom\u00e1s\u00e1nak v\u00e1ltoztat\u00e1s\u00e1val prec\u00edzen szab\u00e1lyozza a kan\u00e1l mozg\u00e1s\u00e1t, lehet\u0151v\u00e9 t\u00e9ve a kezel\u0151k sz\u00e1m\u00e1ra a neh\u00e9z terhek hat\u00e9kony kezel\u00e9s\u00e9t, valamint az \u00f6sszetett munkak\u00f6rnyezetekhez \u00e9s a v\u00e1ltozatos m\u0171k\u00f6d\u00e9si k\u00f6vetelm\u00e9nyekhez val\u00f3 alkalmazkod\u00e1st.<\/p>\n<p><img decoding=\"async\" src=\"https:\/\/www.hydraulic-cylinders.net\/wp-content\/uploads\/2025\/01\/songte-company-2.webp\"\/><\/p>\n<h2>Jellemz\u0151k<\/h2>\n<ul>\n<li>Nagy szil\u00e1rds\u00e1g \u00e9s tart\u00f3ss\u00e1g: \u00c1ltal\u00e1ban nagy szil\u00e1rds\u00e1g\u00fa ac\u00e9lb\u00f3l vagy alum\u00edniumb\u00f3l k\u00e9sz\u00fcl, ellen\u00e1ll a nagy nyom\u00e1snak \u00e9s a nagy terhel\u00e9seknek, alkalmazkodik a zord munkak\u00f6rnyezethez, \u00e9s a kop\u00e1s\u00e1ll\u00f3s\u00e1got \u00e9s a korr\u00f3zi\u00f3\u00e1ll\u00f3s\u00e1got szem el\u0151tt tartva tervezt\u00e9k, meghosszabb\u00edtva \u00e9lettartam\u00e1t.<\/li>\n<li>Hat\u00e9kony hidraulikus m\u0171k\u00f6d\u00e9s: A hidraulikaolaj nyom\u00e1s\u00e1nak k\u00f6sz\u00f6nhet\u0151en a teleszk\u00f3pos szerkezet sima mozg\u00e1st biztos\u00edt, gyorsan reag\u00e1l a vez\u00e9rl\u0151parancsokra, er\u0151teljes tol\u00f3- \u00e9s h\u00faz\u00f3er\u0151t biztos\u00edtva, \u00edgy alkalmas neh\u00e9z terhek \u00e9s \u00f6sszetett munkafeladatok kezel\u00e9s\u00e9re.<\/li>\n<li>K\u00fcl\u00f6nb\u00f6z\u0151 t\u00edpusok: Az egyir\u00e1ny\u00fa hidraulikus m\u0171k\u00f6dtet\u00e9s\u0171) vagy a k\u00e9tir\u00e1ny\u00fa (mindk\u00e9t ir\u00e1ny\u00fa hidraulikus m\u0171k\u00f6dtet\u00e9s\u0171) hengerek ig\u00e9ny szerint v\u00e1laszthat\u00f3k a k\u00fcl\u00f6nb\u00f6z\u0151 m\u0171k\u00f6d\u00e9si k\u00f6vetelm\u00e9nyeknek megfelel\u0151en. Egyes modellek teleszk\u00f3posak, \u00edgy nagyobb kiny\u00fal\u00e1st tesznek lehet\u0151v\u00e9 a k\u00fcls\u0151 m\u00e9retek n\u00f6vel\u00e9se n\u00e9lk\u00fcl, \u00edgy alkalmasak korl\u00e1tozott helyig\u00e9ny\u0171 alkalmaz\u00e1sokhoz.<\/li>\n<li>T\u00f6k\u00e9letes csere: Term\u00e9k\u00fcnk t\u00f6k\u00e9letesen helyettes\u00edtheti ezeket a hidraulikus hengereket.<\/li>\n<\/ul>\n<p><img decoding=\"async\" src=\"https:\/\/www.hydraulic-cylinders.net\/wp-content\/uploads\/2025\/01\/songte-cylinder-head-with-all-kinds-excavator-models.webp\"\/><\/p>\n<h2>Alkalmaz\u00e1sok<\/h2>\n<p>A Sumitomo SH60A3 kis kotr\u00f3g\u00e9p kan\u00e1lhenger\u00e9t sz\u00e9les k\u00f6rben haszn\u00e1lj\u00e1k k\u00fcl\u00f6nf\u00e9le ipar\u00e1gakban. N\u00e9h\u00e1ny gyakori alkalmaz\u00e1si ter\u00fclet:<\/p>\n<ul>\n<li>\u00c9p\u00edt\u0151ipari berendez\u00e9sek: Kotr\u00f3g\u00e9pekben kritikus fontoss\u00e1g\u00faak a f\u00f6ldmunk\u00e1k, a rakod\u00e1s \u00e9s a talaj vagy t\u00f6rmel\u00e9k mozgat\u00e1sa sor\u00e1n. A kotr\u00f3g\u00e9p-rakod\u00f3kban a kan\u00e1lhengerek mind a f\u00f6ldmunk\u00e1k, mind az emel\u00e9s sor\u00e1n seg\u00edtenek. <\/li>\n<li>Mez\u0151gazdas\u00e1gi g\u00e9pek: Homlokrakod\u00f3kban haszn\u00e1lj\u00e1k talaj, sz\u00e9na \u00e9s egy\u00e9b anyagok \u00e1s\u00e1s\u00e1ra, emel\u00e9s\u00e9re \u00e9s sz\u00e1ll\u00edt\u00e1s\u00e1ra. <\/li>\n<li>Kotr\u00f3g\u00e9pek: A kan\u00e1lhengerek \u00e1s\u00e1si m\u0171veletet v\u00e9geznek az\u00e1ltal, hogy lehet\u0151v\u00e9 teszik a kan\u00e1l talajba val\u00f3 behatol\u00e1s\u00e1t. <\/li>\n<li>Rakod\u00f3k: A homlokrakod\u00f3k hat\u00e9konyan seg\u00edtik az \u00e1ruk emel\u00e9s\u00e9t \u00e9s billent\u00e9s\u00e9t. <\/li>\n<\/ul>\n<h2>Tervez\u00e9si szempontok \u00e9s kiv\u00e1laszt\u00e1si krit\u00e9riumok<\/h2>\n<p>A Sumitomo SH60A3 kis kotr\u00f3g\u00e9p kan\u00e1lhenger\u00e9nek kiv\u00e1laszt\u00e1sakor sz\u00e1mos tervez\u00e9si szempontot \u00e9s kiv\u00e1laszt\u00e1si krit\u00e9riumot kell figyelembe venni, p\u00e9ld\u00e1ul:<\/p>\n<ul>\n<li>Teherb\u00edr\u00e1s: A hengernek k\u00e9pesnek kell lennie arra, hogy ellen\u00e1lljon a berendez\u00e9s maxim\u00e1lis teherb\u00edr\u00e1s\u00e1nak.<\/li>\n<li>T\u00f6m\u00edt\u00e9s: A minim\u00e1lis sziv\u00e1rg\u00e1s \u00e9s a hosszabb \u00e9lettartam biztos\u00edt\u00e1sa \u00e9rdek\u00e9ben k\u00fcl\u00f6nf\u00e9le t\u00f6m\u00edt\u0151elemeket, p\u00e9ld\u00e1ul dugatty\u00fat\u00f6m\u00edt\u00e9seket \u00e9s r\u00fadt\u00f6m\u00edt\u00e9seket kell haszn\u00e1lni. <\/li>\n<li>Tart\u00f3ss\u00e1g: A hengert \u00fagy kell megtervezni, hogy ellen\u00e1lljon a zord munkak\u00f6r\u00fclm\u00e9nyeknek, \u00e9s a hengertestet \u00e9s a menetes v\u00e9gfel\u00fcletet finoman megmunk\u00e1lni kell a kop\u00e1s\u00e1ll\u00f3s\u00e1g jav\u00edt\u00e1sa \u00e9rdek\u00e9ben. <\/li>\n<li>Biztons\u00e1g: A palackot biztons\u00e1gi funkci\u00f3kkal kell megtervezni a m\u0171k\u00f6d\u00e9s k\u00f6zbeni balesetek megel\u0151z\u00e9se \u00e9rdek\u00e9ben. <\/li>\n<li>Karbantart\u00e1s: A hengernek k\u00f6nnyen karbantarthat\u00f3nak kell lennie, \u00e9s a p\u00f3talkatr\u00e9szeknek k\u00f6nnyen el\u00e9rhet\u0151nek kell lenni\u00fck.<\/li>\n<\/ul>\n<p><img decoding=\"async\" src=\"https:\/\/www.hydraulic-cylinders.net\/wp-content\/uploads\/2025\/01\/songte-oil-pipes-and-spare-parts.webp\"\/><\/p>\n<h2>T\u00f6m\u00edt\u00e9s \u00e9s ken\u00e9s<\/h2>\n<p>A Sumitomo SH60A3 kis kotr\u00f3g\u00e9p kan\u00e1lhengere k\u00fcl\u00f6nf\u00e9le t\u00f6m\u00edt\u0151elemeket haszn\u00e1l, p\u00e9ld\u00e1ul dugatty\u00fat\u00f6m\u00edt\u00e9seket \u00e9s r\u00fadt\u00f6m\u00edt\u00e9seket, amelyek kop\u00e1s\u00e1ll\u00f3 anyagokb\u00f3l, p\u00e9ld\u00e1ul poliuret\u00e1nb\u00f3l \u00e9s nitrilgumib\u00f3l k\u00e9sz\u00fclnek, hogy minimaliz\u00e1lj\u00e1k a sziv\u00e1rg\u00e1st \u00e9s n\u00f6velj\u00e9k az \u00e9lettartamot. A hengertest \u00e9s a menetes v\u00e9gfel\u00fclet szint\u00e9n megmunk\u00e1lt a kop\u00e1s\u00e1ll\u00f3s\u00e1g jav\u00edt\u00e1sa \u00e9rdek\u00e9ben. A henger megfelel\u0151 m\u0171k\u00f6d\u00e9s\u00e9nek fenntart\u00e1s\u00e1hoz rendszeres hidraulikaolajjal t\u00f6rt\u00e9n\u0151 ken\u00e9s sz\u00fcks\u00e9ges.<\/p>\n<h2>Karbantart\u00e1s \u00e9s jav\u00edt\u00e1s<\/h2>\n<p>A rendszeres ellen\u0151rz\u00e9s \u00e9s a megel\u0151z\u0151 karbantart\u00e1s elengedhetetlen a Sumitomo SH60A3 kis kotr\u00f3g\u00e9p kan\u00e1lhenger\u00e9nek hat\u00e9kony m\u0171k\u00f6d\u00e9s\u00e9hez. N\u00e9h\u00e1ny gyakori karbantart\u00e1si feladat a k\u00f6vetkez\u0151ket foglalhatja mag\u00e1ban:<\/p>\n<ul>\n<li>Rendszeres ellen\u0151rz\u00e9s: Ellen\u0151rizze a henger kop\u00e1s\u00e1t vagy s\u00e9r\u00fcl\u00e9s\u00e9t, \u00e9s sz\u00fcks\u00e9g szerint jav\u00edtsa meg vagy cser\u00e9lje ki az alkatr\u00e9szeket. <\/li>\n<li>Ken\u00e9s: A megfelel\u0151 m\u0171k\u00f6d\u00e9s fenntart\u00e1sa \u00e9rdek\u00e9ben rendszeresen kenje meg a hengert hidraulikaolajjal. <\/li>\n<li>T\u00f6m\u00edt\u00e9scsere: A sziv\u00e1rg\u00e1s megel\u0151z\u00e9se \u00e9rdek\u00e9ben sz\u00fcks\u00e9g szerint cser\u00e9lje ki a t\u00f6m\u00edt\u00e9seket. <\/li>\n<li>Kalibr\u00e1ci\u00f3 ellen\u0151rz\u00e9se: A hat\u00e9kony m\u0171k\u00f6d\u00e9s biztos\u00edt\u00e1sa \u00e9rdek\u00e9ben ellen\u0151rizze a henger megfelel\u0151 kalibr\u00e1l\u00e1s\u00e1t.<\/li>\n<\/ul>\n<p><img decoding=\"async\" src=\"https:\/\/www.hydraulic-cylinders.net\/wp-content\/uploads\/2025\/01\/songte-chushion-collar.webp\"\/><\/p>\n<h2>Biztons\u00e1gi szempontok \u00e9s k\u00f6rnyezeti t\u00e9nyez\u0151k<\/h2>\n<p>When using the bucket cylinder for Sumitomo small excavator SH60A3, safety measures should be taken to prevent accidents during operation. It is also essential to consider the environmental impact of the cylinder&#8217;s operation and take appropriate measures to minimize it.<\/p>\n<h2>Hibaelh\u00e1r\u00edt\u00e1s \u00e9s gyakori probl\u00e9m\u00e1k<\/h2>\n<p>A Sumitomo SH60A3 kis kotr\u00f3g\u00e9p kan\u00e1lhenger\u00e9nek haszn\u00e1latakor felmer\u00fcl\u0151 gyakori probl\u00e9m\u00e1k k\u00f6z\u00e9 tartozik a sziv\u00e1rg\u00e1s, az alacsony nyom\u00e1s \u00e9s a szab\u00e1lytalan mozg\u00e1s. A megfelel\u0151 ellen\u0151rz\u00e9s \u00e9s diagn\u00f3zis elengedhetetlen a probl\u00e9ma ok\u00e1nak azonos\u00edt\u00e1s\u00e1hoz \u00e9s a sz\u00fcks\u00e9ges korrekci\u00f3s int\u00e9zked\u00e9sek megt\u00e9tel\u00e9hez.<\/p>\n<h2>C\u00e9ginform\u00e1ci\u00f3k<\/h2>\n<p>Cserehidraulikus hengerek gy\u00e1rt\u00f3jak\u00e9nt teljes term\u00e9kk\u00edn\u00e1latot k\u00edn\u00e1lunk, \u00e9s a hazai \u00e9s nemzetk\u00f6zi piacok egyik vezet\u0151 hidraulikus hengergy\u00e1rt\u00f3j\u00e1v\u00e1 \u00e9s nagykereskedelmi forgalmaz\u00f3j\u00e1v\u00e1 v\u00e1ltunk. A kiv\u00e1l\u00f3 min\u0151s\u00e9g elv\u00e9t k\u00f6vetj\u00fck, a finomgy\u00e1rt\u00f3 m\u0171hely ipari termel\u00e9sir\u00e1ny\u00edt\u00e1si strat\u00e9gi\u00e1j\u00e1ra t\u00e1maszkodunk, folyamatosan fejlesztj\u00fck a m\u0171hely gy\u00e1rt\u00e1si platformj\u00e1t, jav\u00edtjuk a term\u00e9kek gy\u00e1rt\u00e1si min\u0151s\u00e9g\u00e9t, \u00e9s er\u0151s alkot\u00f3k\u00e9pess\u00e9ggel rendelkez\u00fcnk. Nagy hat\u00e9konys\u00e1ggal, nagy pontoss\u00e1ggal \u00e9s kiv\u00e1l\u00f3 min\u0151s\u00e9ggel el\u00e9g\u00edtj\u00fck ki \u00fcgyfeleink sokr\u00e9t\u0171 ig\u00e9nyeit. <\/p>\n<p><img decoding=\"async\" src=\"https:\/\/hzpt.com\/wp-content\/uploads\/2024\/11\/songte-company-1.webp\"\/><\/p>\n<h3>Szakmaiass\u00e1g<\/h3>\n<p>C\u00e9g\u00fcnk a hidraulikus iparban sok\u00e9ves tapasztalattal rendelkez\u0151 m\u0171szaki szakemberekb\u0151l \u00e1ll\u00f3 csapattal rendelkezik, akik professzion\u00e1lis \u00e9s magas sz\u00ednvonal\u00fa szolg\u00e1ltat\u00e1sokat ny\u00fajtanak \u00fcgyfeleiknek.<\/p>\n<h3>Nemzetk\u00f6zi min\u0151s\u00edt\u00e9s<\/h3>\n<p>Term\u00e9keink sz\u00e1mos nemzetk\u00f6zi tan\u00fas\u00edtv\u00e1nyon, p\u00e9ld\u00e1ul ISO9001, CE \u00e9s SGS min\u0151s\u00edt\u00e9sen estek \u00e1t, biztos\u00edtva, hogy term\u00e9keink megfeleljenek a nemzetk\u00f6zi min\u0151s\u00e9gi el\u0151\u00edr\u00e1soknak, \u00e9s sz\u00e1mos orsz\u00e1gba \u00e9s r\u00e9gi\u00f3ba export\u00e1lhat\u00f3k legyenek.<\/p>\n<h3>Testreszab\u00e1si szolg\u00e1ltat\u00e1sok<\/h3>\n<p>\u00dcgyfeleink egyedi ig\u00e9nyei szerint, egyedi megold\u00e1sokat k\u00edn\u00e1lva k\u00edn\u00e1lunk hidraulikus hengereket.<\/p>\n<h3>Termel\u00e9si berendez\u00e9sek<\/h3>\n<p>C\u00e9g\u00fcnk korszer\u0171 gy\u00e1rt\u00f3berendez\u00e9sekkel \u00e9s technol\u00f3gi\u00e1val rendelkezik, bele\u00e9rtve a CNC megmunk\u00e1l\u00f3k\u00f6zpontokat, prec\u00edzi\u00f3s k\u00f6sz\u00f6r\u0171g\u00e9peket \u00e9s automata hegeszt\u0151g\u00e9peket, amelyek biztos\u00edtj\u00e1k term\u00e9keink magas min\u0151s\u00e9g\u00e9t \u00e9s precizit\u00e1s\u00e1t.<\/p>\n<h3>\u00c9rt\u00e9kes\u00edt\u00e9s ut\u00e1ni szolg\u00e1ltat\u00e1s<\/h3>\n<p>\u00c1tfog\u00f3 \u00e9rt\u00e9kes\u00edt\u00e9s ut\u00e1ni szolg\u00e1ltat\u00e1sokat ny\u00fajtunk \u00fcgyfeleinknek, bele\u00e9rtve a m\u0171szaki t\u00e1mogat\u00e1st, a term\u00e9kjav\u00edt\u00e1st \u00e9s -cser\u00e9t, hogy biztos\u00edtsuk \u00fcgyfeleink el\u00e9gedetts\u00e9g\u00e9t term\u00e9keinkkel \u00e9s szolg\u00e1ltat\u00e1sainkkal.<\/p>\n<h4>Szerz\u0151: lyl<\/h4>","protected":false},"excerpt":{"rendered":"<p>Bucket Cylinder For Sumitomo Small Excavator SH60A3 Introduction The bucket cylinder for Sumitomo small excavator SH60A3 is a specialized hydraulic cylinder primarily used to control the movement of buckets in heavy machinery such as excavators, backhoes, and front loaders. Its main function is to allow the bucket to lift, lower, and tilt, making it easier [&hellip;]<\/p>","protected":false},"featured_media":14776,"comment_status":"open","ping_status":"closed","template":"","meta":{"_et_pb_use_builder":"","_et_pb_old_content":"","_et_gb_content_width":""},"product_brand":[],"product_cat":[1494],"product_tag":[1495,1496],"class_list":{"0":"post-15170","1":"product","2":"type-product","3":"status-publish","4":"has-post-thumbnail","6":"product_cat-bucket-cylinders","7":"product_tag-bucket-cylinders","8":"product_tag-hydraulic-cylinders","10":"first","11":"instock","12":"shipping-taxable","13":"product-type-simple"},"amp_enabled":true,"_links":{"self":[{"href":"https:\/\/www.hydraulic-cylinders.net\/hu\/wp-json\/wp\/v2\/product\/15170","targetHints":{"allow":["GET"]}}],"collection":[{"href":"https:\/\/www.hydraulic-cylinders.net\/hu\/wp-json\/wp\/v2\/product"}],"about":[{"href":"https:\/\/www.hydraulic-cylinders.net\/hu\/wp-json\/wp\/v2\/types\/product"}],"replies":[{"embeddable":true,"href":"https:\/\/www.hydraulic-cylinders.net\/hu\/wp-json\/wp\/v2\/comments?post=15170"}],"wp:featuredmedia":[{"embeddable":true,"href":"https:\/\/www.hydraulic-cylinders.net\/hu\/wp-json\/wp\/v2\/media\/14776"}],"wp:attachment":[{"href":"https:\/\/www.hydraulic-cylinders.net\/hu\/wp-json\/wp\/v2\/media?parent=15170"}],"wp:term":[{"taxonomy":"product_brand","embeddable":true,"href":"https:\/\/www.hydraulic-cylinders.net\/hu\/wp-json\/wp\/v2\/product_brand?post=15170"},{"taxonomy":"product_cat","embeddable":true,"href":"https:\/\/www.hydraulic-cylinders.net\/hu\/wp-json\/wp\/v2\/product_cat?post=15170"},{"taxonomy":"product_tag","embeddable":true,"href":"https:\/\/www.hydraulic-cylinders.net\/hu\/wp-json\/wp\/v2\/product_tag?post=15170"}],"curies":[{"name":"munkaf\u00fczet","href":"https:\/\/api.w.org\/{rel}","templated":true}]}}