{"id":15174,"date":"2025-01-19T14:11:57","date_gmt":"2025-01-19T14:11:57","guid":{"rendered":"https:\/\/www.hydraulic-cylinders.net\/product\/bucket-cylinder-for-sumitomo-middle-excavator-sh200a1a2a3\/"},"modified":"2025-01-19T14:11:58","modified_gmt":"2025-01-19T14:11:58","slug":"bucket-cylinder-for-sumitomo-middle-excavator-sh200a1a2a3","status":"publish","type":"product","link":"https:\/\/www.hydraulic-cylinders.net\/hu\/termek\/bucket-cylinder-for-sumitomo-middle-excavator-sh200a1a2a3\/","title":{"rendered":"Kan\u00e1lhenger Sumitomo k\u00f6z\u00e9ps\u0151 kotr\u00f3g\u00e9phez SH200A1A2A3"},"content":{"rendered":"<h1>Kan\u00e1lhenger Sumitomo k\u00f6z\u00e9ps\u0151 kotr\u00f3g\u00e9phez SH200A1A2A3<\/h1>\n<h2>Bevezet\u00e9s<\/h2>\n<p>A Sumitomo SH200A1A2A3 k\u00f6z\u00e9pkotr\u00f3g\u00e9p kan\u00e1lhengere egy speci\u00e1lis hidraulikus henger, amelyet neh\u00e9zg\u00e9pek, p\u00e9ld\u00e1ul kotr\u00f3g\u00e9pek, kotr\u00f3g\u00e9pek \u00e9s homlokrakod\u00f3k lap\u00e1tjainak mozg\u00e1s\u00e1nak vez\u00e9rl\u00e9s\u00e9re haszn\u00e1lnak. F\u0151 c\u00e9lja, hogy megk\u00f6nny\u00edtse a k\u00fcl\u00f6nf\u00e9le anyagmozgat\u00e1si feladatokat az\u00e1ltal, hogy lehet\u0151v\u00e9 teszi a lap\u00e1t pontos emel\u00e9s\u00e9t, s\u00fcllyeszt\u00e9s\u00e9t \u00e9s billent\u00e9s\u00e9t. Hidraulikus rendszerekben a kan\u00e1lhenger lehet\u0151v\u00e9 teszi a lap\u00e1t pontos vez\u00e9rl\u00e9s\u00e9t a hidraulikaolaj nyom\u00e1s\u00e1nak v\u00e1ltoz\u00e1s\u00e1n kereszt\u00fcl, lehet\u0151v\u00e9 t\u00e9ve a kezel\u0151k sz\u00e1m\u00e1ra, hogy hat\u00e9konyan kezelj\u00e9k a neh\u00e9z terheket, \u00e9s alkalmazkodjanak az \u00f6sszetett munkak\u00f6rnyezetekhez \u00e9s a v\u00e1ltozatos munkak\u00f6vetelm\u00e9nyekhez.<\/p>\n<p><img decoding=\"async\" src=\"https:\/\/www.hydraulic-cylinders.net\/wp-content\/uploads\/2025\/01\/songte-company-2.webp\" alt=\"V\u00f6d\u00f6r henger k\u00e9pe\"><\/p>\n<h2>Jellemz\u0151k<\/h2>\n<ul>\n<li>\n<h3>Nagy szil\u00e1rds\u00e1g \u00e9s tart\u00f3ss\u00e1g<\/h3>\n<p>A v\u00f6d\u00f6rhenger \u00e1ltal\u00e1ban nagy szil\u00e1rds\u00e1g\u00fa ac\u00e9lb\u00f3l vagy alum\u00edniumb\u00f3l k\u00e9sz\u00fcl, amely k\u00e9pes ellen\u00e1llni a nagy nyom\u00e1snak \u00e9s a nagy terhel\u00e9seknek, \u00e9s a kop\u00e1s\u00e1ll\u00f3s\u00e1got \u00e9s a korr\u00f3zi\u00f3\u00e1ll\u00f3s\u00e1got szem el\u0151tt tartva tervezik, hogy meghosszabb\u00edts\u00e1k \u00e9lettartam\u00e1t.<\/p>\n<\/li>\n<li>\n<h3>Hat\u00e9kony hidraulikus m\u0171k\u00f6dtet\u00e9s<\/h3>\n<p>A kan\u00e1lhenger hidraulikaolaj-nyom\u00e1st haszn\u00e1l a sima teleszk\u00f3pos mozg\u00e1s el\u00e9r\u00e9s\u00e9hez, gyorsan reag\u00e1l a vez\u00e9rl\u0151parancsokra, er\u0151teljes tol\u00f3- \u00e9s h\u00faz\u00f3er\u0151t biztos\u00edt, \u00e9s alkalmas neh\u00e9z terhek \u00e9s \u00f6sszetett \u00fczemeltet\u00e9si feladatok kezel\u00e9s\u00e9re.<\/p>\n<\/li>\n<li>\n<h3>T\u00f6bb t\u00edpus<\/h3>\n<p>A kan\u00e1lhenger lehet egyszeres m\u0171k\u00f6d\u00e9s\u0171 hidraulikus henger (csak egy ir\u00e1nyban haszn\u00e1lja a hidraulik\u00e1t) vagy kett\u0151s m\u0171k\u00f6d\u00e9s\u0171 hidraulikus henger (k\u00e9t ir\u00e1nyban haszn\u00e1lja a hidraulik\u00e1t) az ig\u00e9nyekt\u0151l f\u00fcgg\u0151en, \u00e9s egyes modellek teleszk\u00f3posak, \u00edgy nagyobb kiny\u00fal\u00e1st tesznek lehet\u0151v\u00e9 a k\u00fcls\u0151 m\u00e9retek n\u00f6vel\u00e9se n\u00e9lk\u00fcl, \u00edgy alkalmasak korl\u00e1tozott helykihaszn\u00e1l\u00e1s\u00fa alkalmaz\u00e1sokhoz.<\/p>\n<\/li>\n<li>\n<h3>Helyettes\u00edthet\u0151<\/h3>\n<p>C\u00e9g\u00fcnk k\u00e9pes el\u0151\u00e1ll\u00edtani ezt a term\u00e9ket, \u00e9s term\u00e9k\u00fcnk t\u00f6k\u00e9letesen helyettes\u00edtheti ezeket a hidraulikus hengereket.<\/p>\n<\/li>\n<li>\n<h3>Alkalmaz\u00e1sok<\/h3>\n<p>A kan\u00e1lhenger k\u00fcl\u00f6nf\u00e9le berendez\u00e9sekhez haszn\u00e1lhat\u00f3, p\u00e9ld\u00e1ul:<\/p>\n<ul>\n<li>\u00c9p\u00edt\u0151ipari berendez\u00e9sek: Kotr\u00f3g\u00e9pekben elengedhetetlenek az \u00e1s\u00e1shoz, a rakod\u00e1shoz \u00e9s a talaj vagy t\u00f6rmel\u00e9k mozgat\u00e1s\u00e1hoz. A kotr\u00f3g\u00e9pekben a lap\u00e1thenger seg\u00edt az \u00e1s\u00e1sban \u00e9s az emel\u00e9sben. <\/li>\n<li>Mez\u0151gazdas\u00e1gi g\u00e9pek: Homlokrakod\u00f3khoz, talaj, sz\u00e9na \u00e9s egy\u00e9b anyagok felv\u00e9tel\u00e9hez, emel\u00e9s\u00e9hez \u00e9s sz\u00e1ll\u00edt\u00e1s\u00e1hoz haszn\u00e1lj\u00e1k. <\/li>\n<li>Kotr\u00f3g\u00e9pek: A kotr\u00f3g\u00e9p hengere lehet\u0151v\u00e9 teszi a f\u00f6ldmunk\u00e1t az\u00e1ltal, hogy lehet\u0151v\u00e9 teszi a kotr\u00f3g\u00e9p talajba val\u00f3 behatol\u00e1s\u00e1t. <\/li>\n<li>Rakod\u00f3k: A homlokrakod\u00f3k hat\u00e9konyan seg\u00edtik az \u00e1ruk emel\u00e9s\u00e9t \u00e9s billent\u00e9s\u00e9t. <\/li>\n<\/ul>\n<\/li>\n<\/ul>\n<h2>Tervez\u00e9si szempontok \u00e9s kiv\u00e1laszt\u00e1si krit\u00e9riumok<\/h2>\n<p>Tervez\u00e9si szempontb\u00f3l a hengerfejnek a k\u00f6vetkez\u0151ket kell figyelembe vennie:<\/p>\n<ul>\n<li>\n<h3>Teherb\u00edr\u00e1s<\/h3>\n<p>A kan\u00e1lhengernek elegend\u0151 teherb\u00edr\u00e1ssal kell rendelkeznie ahhoz, hogy ellen\u00e1lljon a sz\u00fcks\u00e9ges terhel\u00e9snek, biztos\u00edtva, hogy m\u0171k\u00f6d\u00e9s k\u00f6zben ne deform\u00e1l\u00f3djon, ne repedjen \u00e9s ne t\u00f6rj\u00f6n el. <\/p>\n<\/li>\n<li>\n<h3>T\u00f6m\u00edt\u00e9s \u00e9s tart\u00f3ss\u00e1g<\/h3>\n<p>A kan\u00e1lhengernek kiv\u00e1l\u00f3 t\u00f6m\u00edt\u0151teljes\u00edtm\u00e9nnyel kell rendelkeznie, megakad\u00e1lyozva a hidraulikaolaj sziv\u00e1rg\u00e1s\u00e1t \u00e9s a v\u00edz\/s\u00e1r behatol\u00e1s\u00e1t. A hengernek nagy szil\u00e1rds\u00e1g\u00fa \u00e9s kop\u00e1s\u00e1ll\u00f3 anyagokb\u00f3l kell k\u00e9sz\u00fclnie, a hengertestet \u00e9s a menetes v\u00e9gfel\u00fcletet pedig finoman megmunk\u00e1lni kell a kop\u00e1s\u00e1ll\u00f3s\u00e1g jav\u00edt\u00e1sa \u00e9rdek\u00e9ben.<\/p>\n<\/li>\n<li>\n<h3>Biztons\u00e1g \u00e9s karbantart\u00e1s<\/h3>\n<p>A v\u00f6d\u00f6rhengert a biztons\u00e1g \u00e9s a karbantart\u00e1s szem el\u0151tt tart\u00e1s\u00e1val kell megtervezni, biztos\u00edtva, hogy a henger m\u0171k\u00f6d\u00e9s k\u00f6zben ne okozzon balesetet, \u00e9s hogy sz\u00fcks\u00e9g eset\u00e9n k\u00f6nnyen sz\u00e9tszerelhet\u0151, ellen\u0151rizhet\u0151 \u00e9s jav\u00edthat\u00f3 legyen. <\/p>\n<\/li>\n<\/ul>\n<p><img decoding=\"async\" src=\"https:\/\/www.hydraulic-cylinders.net\/wp-content\/uploads\/2025\/01\/songte-oil-pipes-and-spare-parts.webp\" alt=\"Alkatr\u00e9szek k\u00e9pe\"><\/p>\n<h2>T\u00f6m\u00edt\u00e9s \u00e9s ken\u00e9s<\/h2>\n<p>A kan\u00e1lhenger k\u00fcl\u00f6nf\u00e9le t\u00f6m\u00edt\u00e9seket haszn\u00e1l, p\u00e9ld\u00e1ul dugatty\u00fat\u00f6m\u00edt\u00e9seket, r\u00fadt\u00f6m\u00edt\u00e9seket stb. A t\u00f6m\u00edt\u0151anyagok jellemz\u0151en kop\u00e1s\u00e1ll\u00f3 anyagokb\u00f3l, p\u00e9ld\u00e1ul poliuret\u00e1nb\u00f3l \u00e9s nitrilgumib\u00f3l k\u00e9sz\u00fclnek. A hengertestet \u00e9s a menetes v\u00e9gfel\u00fcletet finoman megmunk\u00e1lj\u00e1k a kop\u00e1s\u00e1ll\u00f3s\u00e1g jav\u00edt\u00e1sa \u00e9s a henger \u00e9lettartam\u00e1nak meghosszabb\u00edt\u00e1sa \u00e9rdek\u00e9ben. A kan\u00e1lhenger ken\u00e9s\u00e9nek fenntart\u00e1s\u00e1hoz \u00e9s a z\u00f6kken\u0151mentes m\u0171k\u00f6d\u00e9shez rendszeresen megfelel\u0151 mennyis\u00e9g\u0171 hidraulikaolajat kell hozz\u00e1adni.<\/p>\n<h2>Karbantart\u00e1s \u00e9s jav\u00edt\u00e1s<\/h2>\n<p>A megfelel\u0151 karbantart\u00e1s \u00e9s jav\u00edt\u00e1s elengedhetetlen a serleghenger hat\u00e9kony \u00e9s biztons\u00e1gos m\u0171k\u00f6d\u00e9s\u00e9hez. A rendszeres ellen\u0151rz\u00e9sek, a megfelel\u0151 ken\u00e9s, valamint a t\u00f6m\u00edt\u00e9sek cser\u00e9je \u00e9s kalibr\u00e1l\u00e1sa gyakori karbantart\u00e1si feladatok, amelyeket el kell v\u00e9gezni. A henger megfelel\u0151 be\u00e1ll\u00edt\u00e1sa a telep\u00edt\u00e9s sor\u00e1n elengedhetetlen, \u00e9s aj\u00e1nlott megfelel\u0151 r\u00f6gz\u00edt\u0151konzolokat haszn\u00e1lni a henger r\u00f6gz\u00edt\u00e9s\u00e9hez. A henger \u00e9lettartam\u00e1nak maximaliz\u00e1l\u00e1sa \u00e9rdek\u00e9ben javasoljuk ellen\u0151rz\u00e9si, jav\u00edt\u00e1si \u00e9s csereprogramjaink haszn\u00e1lat\u00e1t.<\/p>\n<p><img decoding=\"async\" src=\"https:\/\/www.hydraulic-cylinders.net\/wp-content\/uploads\/2025\/01\/songte-chushion-collar.webp\" alt=\"P\u00e1rnagall\u00e9r k\u00e9p\"><\/p>\n<h2>Biztons\u00e1gi szempontok \u00e9s k\u00f6rnyezeti t\u00e9nyez\u0151k<\/h2>\n<p>A v\u00f6dr\u00f6s henger haszn\u00e1latakor elengedhetetlen a biztons\u00e1gi int\u00e9zked\u00e9sek betart\u00e1sa, p\u00e9ld\u00e1ul a v\u00e9d\u0151felszerel\u00e9s visel\u00e9se \u00e9s a rendszeres karbantart\u00e1s. Figyelembe kell venni a k\u00f6rnyezeti t\u00e9nyez\u0151ket, p\u00e9ld\u00e1ul a h\u0151m\u00e9rs\u00e9kletet, a p\u00e1ratartalmat \u00e9s a por mennyis\u00e9g\u00e9t is, \u00e9s megfelel\u0151 v\u00e9delmet kell biztos\u00edtani a henger k\u00e1rosod\u00e1s\u00e1nak elker\u00fcl\u00e9se \u00e9rdek\u00e9ben.<\/p>\n<h2>Diagnosztikai \u00e9s gyakori probl\u00e9m\u00e1k<\/h2>\n<p>A kan\u00e1lhengerek n\u00e9h\u00e1ny gyakori probl\u00e9m\u00e1ja az olajsziv\u00e1rg\u00e1s, a lass\u00fa reakci\u00f3id\u0151, az el\u00e9gtelen teljes\u00edtm\u00e9ny \u00e9s a rendellenes zaj. C\u00e9g\u00fcnk tippeket \u00e9s megold\u00e1sokat tud adni ezekre a probl\u00e9m\u00e1kra, p\u00e9ld\u00e1ul a t\u00f6m\u00edt\u00e9sek cser\u00e9j\u00e9re, az olaj tiszt\u00edt\u00e1s\u00e1ra, valamint a szerkezeti probl\u00e9m\u00e1k diagnosztiz\u00e1l\u00e1s\u00e1ra \u00e9s jav\u00edt\u00e1s\u00e1ra.<\/p>\n<p><img decoding=\"async\" src=\"https:\/\/www.hydraulic-cylinders.net\/wp-content\/uploads\/2025\/01\/songte-bushings-with-all-kinds-of-excavator-models.webp\" alt=\"Perselyek k\u00e9pe\"><\/p>\n<h2>C\u00e9g\u00fcnkr\u0151l<\/h2>\n<p>C\u00e9g\u00fcnk p\u00f3talkatr\u00e9szk\u00e9nt szolg\u00e1l\u00f3 hidraulikus hengerek gy\u00e1rt\u00f3ja. Teljes term\u00e9kk\u00edn\u00e1latunkkal a hazai \u00e9s nemzetk\u00f6zi piacok egyik vezet\u0151 hidraulikus hengergy\u00e1rt\u00f3j\u00e1v\u00e1 \u00e9s nagykereskedelmi forgalmaz\u00f3j\u00e1v\u00e1 v\u00e1ltunk. Ragaszkodunk a kiv\u00e1l\u00f3 min\u0151s\u00e9g politik\u00e1j\u00e1hoz, a kifinomult gy\u00e1rt\u00f3m\u0171hely iparos\u00edtott termel\u00e9sir\u00e1ny\u00edt\u00e1s\u00e1ra t\u00e1maszkodunk, folyamatosan fejlesztj\u00fck a m\u0171hely gy\u00e1rt\u00e1si platformj\u00e1t, t\u00f6k\u00e9letes\u00edtj\u00fck a term\u00e9k min\u0151s\u00e9gi gy\u00e1rt\u00e1si \u00fatvonal\u00e1t, \u00e9s er\u0151s kreat\u00edv k\u00e9pess\u00e9gekkel rendelkez\u00fcnk. Hat\u00e9kony, prec\u00edz \u00e9s kiv\u00e1l\u00f3 min\u0151s\u00e9g\u0171 term\u00e9keket k\u00edn\u00e1lunk \u00fcgyfeleink sokr\u00e9t\u0171 ig\u00e9nyeinek kiel\u00e9g\u00edt\u00e9s\u00e9re.<\/p>\n<p>C\u00e9g\u00fcnk professzion\u00e1lis, nemzetk\u00f6zileg tan\u00fas\u00edtott, testreszabott szolg\u00e1ltat\u00e1sok \u00e9s gy\u00e1rt\u00f3berendez\u00e9sek biztos\u00edt\u00e1s\u00e1ra specializ\u00e1l\u00f3dott. \u00c9rt\u00e9kes\u00edt\u00e9s ut\u00e1ni szolg\u00e1ltat\u00e1sunk mag\u00e1ban foglalja a rendszeres karbantart\u00e1st, ken\u00e9st, t\u00f6m\u00edt\u00e9scser\u00e9t \u00e9s kalibr\u00e1ci\u00f3s ellen\u0151rz\u00e9seket. A henger \u00e9lettartam\u00e1nak maximaliz\u00e1l\u00e1sa \u00e9rdek\u00e9ben javasoljuk ellen\u0151rz\u00e9si, jav\u00edt\u00e1si \u00e9s csereprogramjaink ig\u00e9nybev\u00e9tel\u00e9t.<\/p>\n<p><img decoding=\"async\" src=\"https:\/\/hzpt.com\/wp-content\/uploads\/2024\/11\/songte-company-1.webp\" alt=\"C\u00e9ges im\u00e1zs\"><\/p>\n<p>Szerz\u0151: lyl<\/p>","protected":false},"excerpt":{"rendered":"<p>Bucket Cylinder For Sumitomo Middle Excavator SH200A1A2A3 Introduction The bucket cylinder for Sumitomo middle excavator SH200A1A2A3 is a specialized hydraulic cylinder used to control the movement of shovels in heavy machinery such as excavators, backhoe excavators, and front loaders. Its main purpose is to facilitate various material handling tasks by enabling the shovel to lift, [&hellip;]<\/p>","protected":false},"featured_media":14765,"comment_status":"open","ping_status":"closed","template":"","meta":{"_et_pb_use_builder":"","_et_pb_old_content":"","_et_gb_content_width":""},"product_brand":[],"product_cat":[1494],"product_tag":[1495,1496],"class_list":{"0":"post-15174","1":"product","2":"type-product","3":"status-publish","4":"has-post-thumbnail","6":"product_cat-bucket-cylinders","7":"product_tag-bucket-cylinders","8":"product_tag-hydraulic-cylinders","10":"first","11":"instock","12":"shipping-taxable","13":"product-type-simple"},"amp_enabled":true,"_links":{"self":[{"href":"https:\/\/www.hydraulic-cylinders.net\/hu\/wp-json\/wp\/v2\/product\/15174","targetHints":{"allow":["GET"]}}],"collection":[{"href":"https:\/\/www.hydraulic-cylinders.net\/hu\/wp-json\/wp\/v2\/product"}],"about":[{"href":"https:\/\/www.hydraulic-cylinders.net\/hu\/wp-json\/wp\/v2\/types\/product"}],"replies":[{"embeddable":true,"href":"https:\/\/www.hydraulic-cylinders.net\/hu\/wp-json\/wp\/v2\/comments?post=15174"}],"wp:featuredmedia":[{"embeddable":true,"href":"https:\/\/www.hydraulic-cylinders.net\/hu\/wp-json\/wp\/v2\/media\/14765"}],"wp:attachment":[{"href":"https:\/\/www.hydraulic-cylinders.net\/hu\/wp-json\/wp\/v2\/media?parent=15174"}],"wp:term":[{"taxonomy":"product_brand","embeddable":true,"href":"https:\/\/www.hydraulic-cylinders.net\/hu\/wp-json\/wp\/v2\/product_brand?post=15174"},{"taxonomy":"product_cat","embeddable":true,"href":"https:\/\/www.hydraulic-cylinders.net\/hu\/wp-json\/wp\/v2\/product_cat?post=15174"},{"taxonomy":"product_tag","embeddable":true,"href":"https:\/\/www.hydraulic-cylinders.net\/hu\/wp-json\/wp\/v2\/product_tag?post=15174"}],"curies":[{"name":"munkaf\u00fczet","href":"https:\/\/api.w.org\/{rel}","templated":true}]}}