{"id":15175,"date":"2025-01-19T14:12:01","date_gmt":"2025-01-19T14:12:01","guid":{"rendered":"https:\/\/www.hydraulic-cylinders.net\/product\/bucket-cylinder-for-sumitomo-middle-excavator-sh210-5\/"},"modified":"2025-01-19T14:12:03","modified_gmt":"2025-01-19T14:12:03","slug":"bucket-cylinder-for-sumitomo-middle-excavator-sh210-5","status":"publish","type":"product","link":"https:\/\/www.hydraulic-cylinders.net\/hu\/termek\/bucket-cylinder-for-sumitomo-middle-excavator-sh210-5\/","title":{"rendered":"Kan\u00e1lhenger Sumitomo k\u00f6z\u00e9ps\u0151 kotr\u00f3g\u00e9phez SH210-5"},"content":{"rendered":"<h1>Kan\u00e1lhenger Sumitomo k\u00f6z\u00e9ps\u0151 kotr\u00f3g\u00e9phez SH210-5<\/h1>\n<h2>Bevezet\u00e9s<\/h2>\n<p>A Sumitomo SH210-5 k\u00f6z\u00e9pkotr\u00f3g\u00e9p kan\u00e1lhengere egy speci\u00e1lisan tervezett hidraulikus henger, amelyet neh\u00e9zg\u00e9pek, p\u00e9ld\u00e1ul kotr\u00f3g\u00e9pek, kotr\u00f3g\u00e9pek \u00e9s homlokrakod\u00f3k kan\u00e1lmozg\u00e1s\u00e1nak vez\u00e9rl\u00e9s\u00e9re haszn\u00e1lnak. F\u0151 funkci\u00f3ja a kan\u00e1l emel\u00e9se, s\u00fcllyeszt\u00e9se \u00e9s billent\u00e9se, \u00edgy alkalmass\u00e1 teszi k\u00fcl\u00f6nf\u00e9le anyagmozgat\u00e1si feladatokra. A hidraulikus rendszerben a kan\u00e1lhenger a hidraulikaolaj nyom\u00e1sv\u00e1ltoz\u00e1s\u00e1t haszn\u00e1lja a kan\u00e1l pontos vez\u00e9rl\u00e9s\u00e9hez, lehet\u0151v\u00e9 t\u00e9ve a kezel\u0151k sz\u00e1m\u00e1ra a neh\u00e9z terhek hat\u00e9kony kezel\u00e9s\u00e9t, valamint az \u00f6sszetett munkak\u00f6rnyezetekhez \u00e9s a v\u00e1ltozatos munkak\u00f6vetelm\u00e9nyekhez val\u00f3 alkalmazkod\u00e1st.<\/p>\n<p><img decoding=\"async\" src=\"https:\/\/www.hydraulic-cylinders.net\/wp-content\/uploads\/2025\/01\/songte-company-2.webp\" alt=\"Kan\u00e1lhenger Sumitomo k\u00f6z\u00e9ps\u0151 kotr\u00f3g\u00e9phez SH210-5\"><\/p>\n<h2>Jellemz\u0151k<\/h2>\n<ul>\n<li>\n<h3>Nagy szil\u00e1rds\u00e1g \u00e9s tart\u00f3ss\u00e1g<\/h3>\n<p>A kan\u00e1lhenger \u00e1ltal\u00e1ban nagy szil\u00e1rds\u00e1g\u00fa ac\u00e9lb\u00f3l vagy alum\u00edniumb\u00f3l k\u00e9sz\u00fcl, amely k\u00e9pes ellen\u00e1llni a nagy nyom\u00e1snak \u00e9s a nagy terhel\u00e9seknek, \u00e9s alkalmazkodik a zord munkak\u00f6rnyezethez. Tervez\u00e9se sor\u00e1n figyelembe vett\u00e9k a kop\u00e1s\u00e1ll\u00f3s\u00e1got \u00e9s a korr\u00f3zi\u00f3\u00e1ll\u00f3s\u00e1got, meghosszabb\u00edtva \u00e9lettartam\u00e1t.<\/p>\n<\/li>\n<li>\n<h3>Hat\u00e9kony hidraulikus m\u0171k\u00f6dtet\u00e9s<\/h3>\n<p>A hidraulikaolaj nyom\u00e1s\u00e1nak k\u00f6sz\u00f6nhet\u0151en a kan\u00e1lhenger a sima kiny\u00fajt\u00e1st \u00e9s \u00f6sszeh\u00faz\u00f3d\u00e1st biztos\u00edtja, \u00edgy gyorsan reag\u00e1l a m\u0171k\u00f6d\u00e9si parancsokra, er\u0151s tol\u00f3- \u00e9s h\u00faz\u00f3er\u0151t biztos\u00edtva, ami alkalmas neh\u00e9z terhek \u00e9s \u00f6sszetett feladatok kezel\u00e9s\u00e9re.<\/p>\n<\/li>\n<li>\n<h3>K\u00fcl\u00f6nb\u00f6z\u0151 t\u00edpusok<\/h3>\n<p>A kan\u00e1lhenger az ig\u00e9nyeknek megfelel\u0151en egyszeres m\u0171k\u00f6d\u00e9s\u0171 (csak egy ir\u00e1nyban hidraulikus) vagy kett\u0151s m\u0171k\u00f6d\u00e9s\u0171 (mindk\u00e9t ir\u00e1nyban hidraulikus) lehet, hogy megfeleljen a k\u00fcl\u00f6nb\u00f6z\u0151 m\u0171k\u00f6d\u00e9si k\u00f6vetelm\u00e9nyeknek. Egyes modellek teleszk\u00f3posak, \u00edgy nagyobb kiny\u00fal\u00e1st tesznek lehet\u0151v\u00e9 a k\u00fcls\u0151 m\u00e9retek n\u00f6vel\u00e9se n\u00e9lk\u00fcl, \u00edgy alkalmasak korl\u00e1tozott helyig\u00e9ny\u0171 alkalmaz\u00e1sokhoz.<\/p>\n<\/li>\n<li>\n<h3>Helyettes\u00edthet\u0151<\/h3>\n<p>Term\u00e9keink t\u00f6k\u00e9letesen helyettes\u00edthetik ezeket a hidraulikus hengereket, \u00e9s ezt a term\u00e9ket le is tudjuk gy\u00e1rtani.<\/p>\n<\/li>\n<\/ul>\n<p><img decoding=\"async\" src=\"https:\/\/www.hydraulic-cylinders.net\/wp-content\/uploads\/2025\/01\/songte-cylinder-head-with-all-kinds-excavator-models.webp\" alt=\"Kan\u00e1lhenger Sumitomo k\u00f6z\u00e9ps\u0151 kotr\u00f3g\u00e9phez SH210-5\"><\/p>\n<h2>Alkalmaz\u00e1s<\/h2>\n<p>A v\u00f6d\u00f6rhengert sz\u00e9les k\u00f6rben haszn\u00e1lj\u00e1k k\u00fcl\u00f6nf\u00e9le neh\u00e9zg\u00e9pekben, n\u00e9h\u00e1ny tipikus alkalmaz\u00e1si ter\u00fclet:<\/p>\n<ul>\n<li>\n<h3>\u00c9p\u00edt\u0151ipari berendez\u00e9sek<\/h3>\n<p>Kritikus fontoss\u00e1g\u00faak a talaj vagy t\u00f6rmel\u00e9k ki\u00e1s\u00e1sakor, rakod\u00e1sakor \u00e9s mozgat\u00e1sakor kotr\u00f3g\u00e9pekben \u00e9s kotr\u00f3g\u00e9pekben. A kotr\u00f3g\u00e9pben a kan\u00e1lhenger seg\u00edti az \u00e1s\u00e1st \u00e9s az emel\u00e9st.<\/p>\n<\/li>\n<li>\n<h3>Mez\u0151gazdas\u00e1gi g\u00e9pek<\/h3>\n<p>Homlokrakod\u00f3khoz haszn\u00e1lj\u00e1k talaj, sz\u00e9na \u00e9s egy\u00e9b anyagok mer\u00e9s\u00e9re, emel\u00e9s\u00e9re \u00e9s sz\u00e1ll\u00edt\u00e1s\u00e1ra. Kotr\u00f3g\u00e9pekben a kan\u00e1lhenger lehet\u0151v\u00e9 teszi az \u00e1s\u00e1si m\u0171veleteket az\u00e1ltal, hogy lehet\u0151v\u00e9 teszi a kan\u00e1l talajba val\u00f3 behatol\u00e1s\u00e1t.<\/p>\n<\/li>\n<li>\n<h3>Rakod\u00f3<\/h3>\n<p>A homlokrakod\u00f3kban hat\u00e9konyan seg\u00edtenek a rakom\u00e1nyok emel\u00e9s\u00e9ben \u00e9s billent\u00e9s\u00e9ben.<\/p>\n<\/li>\n<\/ul>\n<h2>Tervez\u00e9si \u00e9s kiv\u00e1laszt\u00e1si szabv\u00e1nyok<\/h2>\n<ul>\n<li>\n<h3>Teherb\u00edr\u00f3 k\u00e9pess\u00e9g<\/h3>\n<p>A kan\u00e1lhenger teherb\u00edr\u00e1sa alapvet\u0151 tervez\u00e9si szempont. El kell b\u00edrnia a neh\u00e9z terhek s\u00faly\u00e1t, \u00e9s ellen kell \u00e1llnia a bels\u0151 \u00e9s k\u00fcls\u0151 er\u0151knek m\u0171k\u00f6d\u00e9s k\u00f6zben.<\/p>\n<\/li>\n<li>\n<h3>T\u00f6m\u00edt\u00e9s<\/h3>\n<p>A henger t\u00f6m\u00edt\u00e9se elengedhetetlen az olajsziv\u00e1rg\u00e1s \u00e9s a hidraulikus rendszer szennyez\u0151d\u00e9s\u00e9nek megakad\u00e1lyoz\u00e1s\u00e1hoz. K\u00fcl\u00f6nb\u00f6z\u0151 t\u00f6m\u00edt\u0151gy\u0171r\u0171ket haszn\u00e1lnak, p\u00e9ld\u00e1ul dugatty\u00fat\u00f6m\u00edt\u0151gy\u0171r\u0171ket, r\u00fadt\u00f6m\u00edt\u0151gy\u0171r\u0171ket \u00e9s kop\u00e1s\u00e1ll\u00f3 anyagokb\u00f3l, p\u00e9ld\u00e1ul poliuret\u00e1nb\u00f3l \u00e9s nitrilkaucsukb\u00f3l k\u00e9sz\u00fclt t\u00f6m\u00edt\u00e9seket. A hengertest \u00e9s a menetes v\u00e9gfel\u00fclet finom megmunk\u00e1l\u00e1son esik \u00e1t a kop\u00e1s\u00e1ll\u00f3s\u00e1g jav\u00edt\u00e1sa \u00e9rdek\u00e9ben. A hengert rendszeresen fel kell t\u00f6lteni megfelel\u0151 mennyis\u00e9g\u0171 hidraulikaolajjal a ken\u00e9shez.<\/p>\n<\/li>\n<li>\n<h3>Tart\u00f3ss\u00e1g \u00e9s biztons\u00e1g<\/h3>\n<p>A kan\u00e1lhengernek tart\u00f3snak kell lennie, hogy ellen\u00e1lljon a zord munkak\u00f6r\u00fclm\u00e9nyeknek \u00e9s a nagy terhel\u00e9seknek. Biztons\u00e1gi szempontokat is figyelembe kell venni annak biztos\u00edt\u00e1sa \u00e9rdek\u00e9ben, hogy m\u0171k\u00f6d\u00e9s k\u00f6zben megfeleljen a biztons\u00e1gi el\u0151\u00edr\u00e1soknak. <\/p>\n<\/li>\n<li>\n<h3>Karbantart\u00e1s<\/h3>\n<p>A henger optim\u00e1lis teljes\u00edtm\u00e9ny\u00e9nek biztos\u00edt\u00e1sa \u00e9rdek\u00e9ben rendszeres ellen\u0151rz\u00e9st, rendszeres ken\u00e9st \u00e9s t\u00f6m\u00edt\u00e9sek cser\u00e9j\u00e9t ig\u00e9nyli. Ezenk\u00edv\u00fcl pontos beszerel\u00e9st is ig\u00e9nyel, megfelel\u0151 r\u00f6gz\u00edt\u0151konzolok haszn\u00e1lat\u00e1val a henger r\u00f6gz\u00edt\u00e9s\u00e9hez.<\/p>\n<\/li>\n<\/ul>\n<p><img decoding=\"async\" src=\"https:\/\/www.hydraulic-cylinders.net\/wp-content\/uploads\/2025\/01\/songte-oil-pipes-and-spare-parts.webp\" alt=\"Kan\u00e1lhenger Sumitomo k\u00f6z\u00e9ps\u0151 kotr\u00f3g\u00e9phez SH210-5\"><\/p>\n<h2>Karbantart\u00e1si \u00fatmutat\u00f3<\/h2>\n<p>A kan\u00e1lhengerek gyakori karbantart\u00e1si feladatai a k\u00f6vetkez\u0151k:<\/p>\n<ul>\n<li>\n<h3>Rendszeres ellen\u0151rz\u00e9s<\/h3>\n<p>Rendszeresen ellen\u0151rizze a hengert, hogy nincs-e rajta kop\u00e1s vagy sziv\u00e1rg\u00e1s.<\/p>\n<\/li>\n<li>\n<h3>Ken\u00e9s<\/h3>\n<p>A hengert rendszeresen kenje meg a zavartalan m\u0171k\u00f6d\u00e9s biztos\u00edt\u00e1sa \u00e9rdek\u00e9ben.<\/p>\n<\/li>\n<li>\n<h3>T\u00f6m\u00edt\u00e9scsere \u00e9s kalibr\u00e1l\u00e1s ellen\u0151rz\u00e9se<\/h3>\n<p>Cser\u00e9lje ki az elkopott t\u00f6m\u00edt\u00e9seket, \u00e9s rendszeresen ellen\u0151rizze a kalibr\u00e1l\u00e1st.<\/p>\n<\/li>\n<\/ul>\n<p>Fontos a henger megfelel\u0151 beszerel\u00e9se, ken\u00e9se \u00e9s be\u00e1ll\u00edt\u00e1sa a telep\u00edt\u00e9s sor\u00e1n az optim\u00e1lis teljes\u00edtm\u00e9ny biztos\u00edt\u00e1sa \u00e9rdek\u00e9ben. A telep\u00edt\u00e9s sor\u00e1n megfelel\u0151 be\u00e1ll\u00edt\u00e1si \u00fatmutat\u00e1st kell biztos\u00edtani, \u00e9s a henger r\u00f6gz\u00edt\u00e9s\u00e9hez megfelel\u0151 r\u00f6gz\u00edt\u0151konzolokat kell haszn\u00e1lni. A serleghenger haszn\u00e1lat\u00e1nak meghosszabb\u00edt\u00e1sa \u00e9rdek\u00e9ben javasoljuk az aj\u00e1nlott ellen\u0151rz\u00e9si, jav\u00edt\u00e1si \u00e9s csereelj\u00e1r\u00e1sokat.<\/p>\n<p><img decoding=\"async\" src=\"https:\/\/www.hydraulic-cylinders.net\/wp-content\/uploads\/2025\/01\/songte-chushion-collar.webp\" alt=\"Kan\u00e1lhenger Sumitomo k\u00f6z\u00e9ps\u0151 kotr\u00f3g\u00e9phez SH210-5\"><\/p>\n<h2>Biztons\u00e1gi \u00e9s k\u00f6rnyezetv\u00e9delmi szempontok<\/h2>\n<p>A s\u00e9r\u00fcl\u00e9sek megel\u0151z\u00e9se \u00e9rdek\u00e9ben a kan\u00e1lhenger haszn\u00e1latakor megfelel\u0151 biztons\u00e1gi int\u00e9zked\u00e9seket kell tenni. A hengert csak k\u00e9pzett szem\u00e9lyzet haszn\u00e1lhatja megfelel\u0151 biztons\u00e1gi felszerel\u00e9ssel \u00e9s a biztons\u00e1gi el\u0151\u00edr\u00e1soknak megfelel\u0151en. A k\u00f6rnyezetv\u00e9delmi szempontok magukban foglalj\u00e1k a haszn\u00e1lt hidraulikaolaj megfelel\u0151 \u00e1rtalmatlan\u00edt\u00e1s\u00e1t \u00e9s a k\u00f6rnyezetv\u00e9delmi el\u0151\u00edr\u00e1sok betart\u00e1s\u00e1t a gy\u00e1rt\u00e1s \u00e9s az \u00fczemeltet\u00e9s sor\u00e1n.<\/p>\n<p><img decoding=\"async\" src=\"https:\/\/hzpt.com\/wp-content\/uploads\/2024\/11\/songte-company-1.webp\" alt=\"Kan\u00e1lhenger Sumitomo k\u00f6z\u00e9ps\u0151 kotr\u00f3g\u00e9phez SH210-5\"><\/p>\n<h2>Hibadiagn\u00f3zis \u00e9s gyakori probl\u00e9m\u00e1k<\/h2>\n<p>A kan\u00e1lhengern\u00e9l gyakori probl\u00e9m\u00e1k mer\u00fclhetnek fel, t\u00f6bbek k\u00f6z\u00f6tt olajsziv\u00e1rg\u00e1s, gyenge teljes\u00edtm\u00e9ny \u00e9s rendellenes zaj. A t\u00f6m\u00edt\u00e9sek el\u00e9gtelen ken\u00e9se \u00e9s kop\u00e1sa gyakori okai ezeknek a probl\u00e9m\u00e1knak. A probl\u00e9m\u00e1k diagnosztiz\u00e1l\u00e1s\u00e1hoz \u00e9s megold\u00e1s\u00e1hoz javasoljuk, hogy konzult\u00e1ljon egy szakk\u00e9pzett m\u00e9rn\u00f6kkel a helyes diagn\u00f3zis \u00e9s a hat\u00e9kony megold\u00e1sok biztos\u00edt\u00e1sa \u00e9rdek\u00e9ben. A lehets\u00e9ges probl\u00e9m\u00e1k megel\u0151z\u00e9se \u00e9rdek\u00e9ben javasoljuk a megel\u0151z\u0151 int\u00e9zked\u00e9sek megt\u00e9tel\u00e9t, p\u00e9ld\u00e1ul az id\u0151szakos ellen\u0151rz\u00e9st, a megfelel\u0151 ken\u00e9st \u00e9s az elkopott t\u00f6m\u00edt\u00e9sek cser\u00e9j\u00e9t.<\/p>\n<p><img decoding=\"async\" src=\"https:\/\/www.hydraulic-cylinders.net\/wp-content\/uploads\/2025\/01\/songte-bushings-with-all-kinds-of-excavator-models.webp\" alt=\"Kan\u00e1lhenger Sumitomo k\u00f6z\u00e9ps\u0151 kotr\u00f3g\u00e9phez SH210-5\"><\/p>\n<h2>C\u00e9g\u00fcnkr\u0151l<\/h2>\n<p>Cserehidraulikus hengerek gy\u00e1rt\u00f3jak\u00e9nt, teljes term\u00e9kk\u00edn\u00e1lattal, a hazai \u00e9s nemzetk\u00f6zi piacok egyik vezet\u0151 hidraulikus hengergy\u00e1rt\u00f3j\u00e1v\u00e1 \u00e9s nagykereskedelmi forgalmaz\u00f3j\u00e1v\u00e1 v\u00e1ltunk. Kiv\u00e1l\u00f3 min\u0151s\u00e9get k\u00f6vet\u00fcnk, iparos\u00edtott termel\u00e9sir\u00e1ny\u00edt\u00e1si strat\u00e9gi\u00e1kra t\u00e1maszkodunk, amelyeket kifinomult gy\u00e1rt\u00f3m\u0171helyek t\u00e1mogatnak, folyamatosan fejlesztj\u00fck a m\u0171helyi gy\u00e1rt\u00e1si platformot, jav\u00edtjuk a term\u00e9kek gy\u00e1rt\u00e1si min\u0151s\u00e9g\u00e9t, \u00e9s er\u0151s kreativit\u00e1ssal rendelkez\u00fcnk. C\u00e9lunk, hogy nagy hat\u00e9konys\u00e1ggal, nagy pontoss\u00e1ggal \u00e9s magas min\u0151s\u00e9gi elvekkel el\u00e9g\u00edts\u00fck ki a soksz\u00edn\u0171 \u00fcgyf\u00e9lig\u00e9nyeket.<\/p>\n<p>C\u00e9g\u00fcnk professzion\u00e1lis szolg\u00e1ltat\u00e1sok, testreszabott szolg\u00e1ltat\u00e1sok \u00e9s nemzetk\u00f6zi tan\u00fas\u00edtv\u00e1nyok ny\u00fajt\u00e1s\u00e1ra specializ\u00e1l\u00f3dott. Korszer\u0171 gy\u00e1rt\u00f3berendez\u00e9seket \u00e9s professzion\u00e1lis tesztel\u0151rendszereket haszn\u00e1lunk term\u00e9keink min\u0151s\u00e9g\u00e9nek jav\u00edt\u00e1sa \u00e9s \u00e1tfog\u00f3 \u00e9rt\u00e9kes\u00edt\u00e9s ut\u00e1ni szolg\u00e1ltat\u00e1sok ny\u00fajt\u00e1sa \u00e9rdek\u00e9ben. Folyamatosan fejlesztj\u00fck termel\u00e9si kapacit\u00e1sunkat \u00e9s term\u00e9keink min\u0151s\u00e9g\u00e9t, \u00e9s kiv\u00e1l\u00f3 term\u00e9keinkkel \u00e9s szolg\u00e1ltat\u00e1sainkkal elnyert\u00fck \u00fcgyfeleink bizalm\u00e1t \u00e9s elismer\u00e9s\u00e9t.<\/p>\n<p><img decoding=\"async\" src=\"https:\/\/www.hydraulic-cylinders.net\/wp-content\/uploads\/2025\/01\/songte-company-3.webp\" alt=\"Kan\u00e1lhenger Sumitomo k\u00f6z\u00e9ps\u0151 kotr\u00f3g\u00e9phez SH210-5\"><\/p>\n<p>Szerz\u0151: lyl.<\/p>","protected":false},"excerpt":{"rendered":"<p>Bucket Cylinder For Sumitomo Middle Excavator SH210-5 Introduction The bucket cylinder for Sumitomo middle excavator SH210-5 is a specially designed hydraulic cylinder used to control the movement of the bucket in heavy machinery such as excavators, backhoe excavators, and front-end loaders. Its main function is to enable the bucket to lift, lower, and tilt, making [&hellip;]<\/p>","protected":false},"featured_media":14762,"comment_status":"open","ping_status":"closed","template":"","meta":{"_et_pb_use_builder":"","_et_pb_old_content":"","_et_gb_content_width":""},"product_brand":[],"product_cat":[1494],"product_tag":[1495,1496],"class_list":{"0":"post-15175","1":"product","2":"type-product","3":"status-publish","4":"has-post-thumbnail","6":"product_cat-bucket-cylinders","7":"product_tag-bucket-cylinders","8":"product_tag-hydraulic-cylinders","10":"first","11":"instock","12":"shipping-taxable","13":"product-type-simple"},"amp_enabled":true,"_links":{"self":[{"href":"https:\/\/www.hydraulic-cylinders.net\/hu\/wp-json\/wp\/v2\/product\/15175","targetHints":{"allow":["GET"]}}],"collection":[{"href":"https:\/\/www.hydraulic-cylinders.net\/hu\/wp-json\/wp\/v2\/product"}],"about":[{"href":"https:\/\/www.hydraulic-cylinders.net\/hu\/wp-json\/wp\/v2\/types\/product"}],"replies":[{"embeddable":true,"href":"https:\/\/www.hydraulic-cylinders.net\/hu\/wp-json\/wp\/v2\/comments?post=15175"}],"wp:featuredmedia":[{"embeddable":true,"href":"https:\/\/www.hydraulic-cylinders.net\/hu\/wp-json\/wp\/v2\/media\/14762"}],"wp:attachment":[{"href":"https:\/\/www.hydraulic-cylinders.net\/hu\/wp-json\/wp\/v2\/media?parent=15175"}],"wp:term":[{"taxonomy":"product_brand","embeddable":true,"href":"https:\/\/www.hydraulic-cylinders.net\/hu\/wp-json\/wp\/v2\/product_brand?post=15175"},{"taxonomy":"product_cat","embeddable":true,"href":"https:\/\/www.hydraulic-cylinders.net\/hu\/wp-json\/wp\/v2\/product_cat?post=15175"},{"taxonomy":"product_tag","embeddable":true,"href":"https:\/\/www.hydraulic-cylinders.net\/hu\/wp-json\/wp\/v2\/product_tag?post=15175"}],"curies":[{"name":"munkaf\u00fczet","href":"https:\/\/api.w.org\/{rel}","templated":true}]}}