{"id":15177,"date":"2025-01-19T14:12:08","date_gmt":"2025-01-19T14:12:08","guid":{"rendered":"https:\/\/www.hydraulic-cylinders.net\/product\/bucket-cylinder-for-sumitomo-middle-excavator-sh240-5lr\/"},"modified":"2025-01-19T14:12:10","modified_gmt":"2025-01-19T14:12:10","slug":"bucket-cylinder-for-sumitomo-middle-excavator-sh240-5lr","status":"publish","type":"product","link":"https:\/\/www.hydraulic-cylinders.net\/hu\/termek\/bucket-cylinder-for-sumitomo-middle-excavator-sh240-5lr\/","title":{"rendered":"Kan\u00e1lhenger Sumitomo k\u00f6z\u00e9ps\u0151 kotr\u00f3g\u00e9phez SH240-5LR"},"content":{"rendered":"<h1>Kan\u00e1lhenger Sumitomo k\u00f6z\u00e9ps\u0151 kotr\u00f3g\u00e9phez SH240-5LR<\/h1>\n<h2>Bevezet\u00e9s<\/h2>\n<p>A kan\u00e1lhenger egy speci\u00e1lisan tervezett hidraulikus henger, amelyet a kan\u00e1l mozg\u00e1s\u00e1nak vez\u00e9rl\u00e9s\u00e9re haszn\u00e1lnak neh\u00e9zg\u00e9pekben, p\u00e9ld\u00e1ul kotr\u00f3g\u00e9pekben, kotr\u00f3rakod\u00f3kban \u00e9s homlokrakod\u00f3kban. F\u0151 funkci\u00f3ja a kan\u00e1l emel\u00e9se, s\u00fcllyeszt\u00e9se \u00e9s billent\u00e9se, ez\u00e1ltal megk\u00f6nny\u00edtve a k\u00fcl\u00f6nf\u00e9le anyagmozgat\u00e1si feladatokat. A hidraulikus rendszerben a kan\u00e1lhenger a hidraulikaolaj nyom\u00e1s\u00e1nak v\u00e1ltoztat\u00e1s\u00e1val prec\u00edzen szab\u00e1lyozza a kan\u00e1l mozg\u00e1s\u00e1t, lehet\u0151v\u00e9 t\u00e9ve a kezel\u0151k sz\u00e1m\u00e1ra a neh\u00e9z terhek hat\u00e9kony kezel\u00e9s\u00e9t, valamint az \u00f6sszetett munkak\u00f6rnyezetekhez \u00e9s a v\u00e1ltozatos munkak\u00f6vetelm\u00e9nyekhez val\u00f3 alkalmazkod\u00e1st.<\/p>\n<p><img decoding=\"async\" src=\"https:\/\/www.hydraulic-cylinders.net\/wp-content\/uploads\/2025\/01\/songte-company-2.webp\" alt=\"V\u00f6d\u00f6r henger k\u00e9pe\"><\/p>\n<h2>Jellemz\u0151k<\/h2>\n<ul>\n<li>\n<h3>Nagy szil\u00e1rds\u00e1g \u00e9s tart\u00f3ss\u00e1g<\/h3>\n<p>A kan\u00e1lhengerek \u00e1ltal\u00e1ban nagy szil\u00e1rds\u00e1g\u00fa ac\u00e9lb\u00f3l vagy alum\u00edniumb\u00f3l k\u00e9sz\u00fclnek, amelyek ellen\u00e1llnak a nagy nyom\u00e1snak \u00e9s a nagy terhel\u00e9seknek, alkalmazkodva a zord munkak\u00f6rnyezethez. A tervez\u00e9s sor\u00e1n figyelembe vett\u00e9k a kop\u00e1s\u00e1ll\u00f3s\u00e1got \u00e9s a korr\u00f3zi\u00f3\u00e1ll\u00f3s\u00e1got, meghosszabb\u00edtva az \u00e9lettartamot.<\/p>\n<\/li>\n<li>\n<h3>Hat\u00e9kony hidraulikus m\u0171k\u00f6dtet\u00e9s<\/h3>\n<p>A kan\u00e1lhengerek a hidraulikaolaj nyom\u00e1s\u00e1t haszn\u00e1lj\u00e1k a sima kiny\u00fal\u00e1si \u00e9s \u00f6sszeh\u00faz\u00e1si mozg\u00e1sok el\u00e9r\u00e9s\u00e9hez, gyorsan reag\u00e1lnak a vez\u00e9rl\u0151parancsokra, er\u0151teljes tol\u00f3- \u00e9s h\u00faz\u00f3er\u0151t biztos\u00edtanak, \u00e9s alkalmasak neh\u00e9z terhek \u00e9s \u00f6sszetett munkafeladatok kezel\u00e9s\u00e9re.<\/p>\n<\/li>\n<li>\n<h3>K\u00fcl\u00f6nb\u00f6z\u0151 t\u00edpusok<\/h3>\n<p>A kan\u00e1lmunkahengerek lehetnek egyszeres m\u0171k\u00f6d\u00e9s\u0171ek (hidraulikusan m\u0171k\u00f6dtetve az egyik ir\u00e1nyban) vagy kett\u0151s m\u0171k\u00f6d\u00e9s\u0171ek (hidraulikusan m\u0171k\u00f6dtetve mindk\u00e9t ir\u00e1nyban), a k\u00f6vetelm\u00e9nyekt\u0151l f\u00fcgg\u0151en. Egyes modellek teleszk\u00f3posak, \u00edgy nagyobb kiny\u00fal\u00e1st tesznek lehet\u0151v\u00e9 a k\u00fcls\u0151 m\u00e9retek n\u00f6vel\u00e9se n\u00e9lk\u00fcl, \u00edgy alkalmasak korl\u00e1tozott helyeken t\u00f6rt\u00e9n\u0151 alkalmaz\u00e1sokhoz.<\/p>\n<\/li>\n<li>\n<h3>T\u00f6k\u00e9letes csere<\/h3>\n<p>Term\u00e9keink t\u00f6k\u00e9letesen helyettes\u00edthetik ezeket a hidraulikus hengereket. Ezt a term\u00e9ket le is tudjuk gy\u00e1rtani.<\/p>\n<\/li>\n<\/ul>\n<p><img decoding=\"async\" src=\"https:\/\/www.hydraulic-cylinders.net\/wp-content\/uploads\/2025\/01\/songte-cylinder-head-with-all-kinds-excavator-models.webp\" alt=\"V\u00f6d\u00f6rhenger csere k\u00e9p\"><\/p>\n<h2>Alkalmaz\u00e1sok<\/h2>\n<p>A v\u00f6d\u00f6rhengerek k\u00fcl\u00f6nf\u00e9le ipar\u00e1gakban haszn\u00e1lhat\u00f3k, bele\u00e9rtve:<\/p>\n<ul>\n<li>\n<h3>\u00c9p\u00edt\u0151ipari berendez\u00e9sek<\/h3>\n<p>Kotr\u00f3g\u00e9pekben a kan\u00e1lhengerek elengedhetetlenek az \u00e1s\u00e1shoz, rakod\u00e1shoz \u00e9s talaj vagy t\u00f6rmel\u00e9k mozgat\u00e1s\u00e1hoz. Kotr\u00f3g\u00e9p-rakod\u00f3kban a kan\u00e1lhengerek mind az \u00e1s\u00e1sban, mind az emel\u00e9sben seg\u00edtenek. <\/p>\n<\/li>\n<li>\n<h3>Mez\u0151gazdas\u00e1gi g\u00e9pek<\/h3>\n<p>A kan\u00e1lhengereket homlokrakod\u00f3khoz haszn\u00e1lj\u00e1k, talaj, sz\u00e9na \u00e9s egy\u00e9b anyagok felv\u00e9tel\u00e9re, emel\u00e9s\u00e9re \u00e9s sz\u00e1ll\u00edt\u00e1s\u00e1ra. <\/p>\n<\/li>\n<li>\n<h3>Kotr\u00f3g\u00e9pek<\/h3>\n<p>A kan\u00e1lhenger lehet\u0151v\u00e9 teszi a kanalak sz\u00e1m\u00e1ra a talajba val\u00f3 behatol\u00e1st \u00e9s a f\u00f6ldmunk\u00e1k elv\u00e9gz\u00e9s\u00e9t. <\/p>\n<\/li>\n<li>\n<h3>Rakod\u00f3<\/h3>\n<p>A homlokrakod\u00f3k kan\u00e1lhengerei hat\u00e9konyan seg\u00edtik az \u00e1ruk emel\u00e9s\u00e9t \u00e9s \u00fcr\u00edt\u00e9s\u00e9t. <\/p>\n<\/li>\n<\/ul>\n<h2>Tervez\u00e9si szempontok \u00e9s kiv\u00e1laszt\u00e1si szabv\u00e1nyok<\/h2>\n<p>A kan\u00e1lhengerek tervez\u00e9sekor \u00e9s kiv\u00e1laszt\u00e1sakor a m\u00e9rn\u00f6k\u00f6knek a k\u00f6vetkez\u0151ket kell figyelembe venni\u00fck:<\/p>\n<ul>\n<li>\n<h3>Teherb\u00edr\u00e1s<\/h3>\n<p>A hengernek elegend\u0151 teherb\u00edr\u00e1ssal kell rendelkeznie ahhoz, hogy ellen\u00e1lljon a terhel\u00e9s s\u00faly\u00e1nak.<\/p>\n<\/li>\n<li>\n<h3>T\u00f6m\u00edt\u00e9si teljes\u00edtm\u00e9ny<\/h3>\n<p>A k\u00fcl\u00f6nb\u00f6z\u0151 t\u00f6m\u00edt\u0151elemeknek, p\u00e9ld\u00e1ul a dugatty\u00fat\u00f6m\u00edt\u00e9seknek \u00e9s a r\u00fadt\u00f6m\u00edt\u00e9seknek kop\u00e1s\u00e1ll\u00f3 anyagokb\u00f3l, p\u00e9ld\u00e1ul poliuret\u00e1nb\u00f3l \u00e9s nitrilgumib\u00f3l kell k\u00e9sz\u00fclni\u00fck a j\u00f3 t\u00f6m\u00edt\u00e9si teljes\u00edtm\u00e9ny biztos\u00edt\u00e1sa \u00e9s az olajsziv\u00e1rg\u00e1s megakad\u00e1lyoz\u00e1sa \u00e9rdek\u00e9ben.<\/p>\n<\/li>\n<li>\n<h3>Tart\u00f3ss\u00e1g<\/h3>\n<p>A palackot \u00fagy kell kialak\u00edtani, hogy hosszabb ideig ellen\u00e1lljon a kop\u00e1snak, a korr\u00f3zi\u00f3nak \u00e9s az egy\u00e9b k\u00e1rosod\u00e1soknak.<\/p>\n<\/li>\n<li>\n<h3>Biztons\u00e1g<\/h3>\n<p>A palacknak \u200b\u200bbiztons\u00e1gosan kell \u00fczemeltetnie, megfelel\u0151 biztons\u00e1gi int\u00e9zked\u00e9sekkel \u00e9s figyelmeztet\u0151 rendszerekkel kell rendelkeznie. <\/p>\n<\/li>\n<li>\n<h3>Karbantarthat\u00f3s\u00e1g<\/h3>\n<p>A hengernek k\u00f6nnyen karbantarthat\u00f3nak kell lennie, k\u00f6nnyen el\u00e9rhet\u0151 alkatr\u00e9szekkel, jav\u00edt\u00e1si \u00e9s fel\u00faj\u00edt\u00e1si szolg\u00e1ltat\u00e1sokkal.<\/p>\n<\/li>\n<\/ul>\n<p><img decoding=\"async\" src=\"https:\/\/www.hydraulic-cylinders.net\/wp-content\/uploads\/2025\/01\/songte-oil-pipes-and-spare-parts.webp\" alt=\"V\u00f6d\u00f6rhenger alkatr\u00e9szek k\u00e9pe\"><\/p>\n<h2>T\u00f6m\u00edt\u00e9s \u00e9s ken\u00e9s<\/h2>\n<p>A serleghengerek k\u00fcl\u00f6nf\u00e9le t\u00f6m\u00edt\u00e9seket ig\u00e9nyelnek, p\u00e9ld\u00e1ul dugatty\u00fat\u00f6m\u00edt\u00e9seket \u00e9s r\u00fadt\u00f6m\u00edt\u00e9seket, amelyek kop\u00e1s\u00e1ll\u00f3 anyagokb\u00f3l, p\u00e9ld\u00e1ul poliuret\u00e1nb\u00f3l \u00e9s nitrilgumib\u00f3l k\u00e9sz\u00fclnek, hogy j\u00f3 t\u00f6m\u00edt\u0151teljes\u00edtm\u00e9nyt biztos\u00edtsanak \u00e9s megakad\u00e1lyozz\u00e1k az olajsziv\u00e1rg\u00e1st. A hengertest, a r\u00fad \u00e9s a menetes v\u00e9gek fel\u00fcletei prec\u00edz megmunk\u00e1l\u00e1son esnek \u00e1t a kop\u00e1s\u00e1ll\u00f3s\u00e1g jav\u00edt\u00e1sa \u00e9rdek\u00e9ben. A ken\u00e9shez rendszeresen megfelel\u0151 mennyis\u00e9g\u0171 hidraulikaolajat kell ut\u00e1naadni.<\/p>\n<h2>Karbantart\u00e1s \u00e9s jav\u00edt\u00e1s<\/h2>\n<p>A rendszeres ellen\u0151rz\u00e9s \u00e9s a megel\u0151z\u0151 karbantart\u00e1s elengedhetetlen a kan\u00e1lhengerek optim\u00e1lis teljes\u00edtm\u00e9ny\u00e9nek \u00e9s hossz\u00fa \u00e9lettartam\u00e1nak biztos\u00edt\u00e1s\u00e1hoz. N\u00e9h\u00e1ny gyakori karbantart\u00e1si feladat k\u00f6z\u00e9 tartozik a megfelel\u0151 ken\u00e9s, a t\u00f6m\u00edt\u00e9sek rendszeres cser\u00e9je \u00e9s a kalibr\u00e1ci\u00f3s ellen\u0151rz\u00e9sek. A helyes beszerel\u00e9s, ken\u00e9s \u00e9s be\u00e1ll\u00edt\u00e1s kulcsfontoss\u00e1g\u00fa a kan\u00e1lhengerek hossz\u00fa \u00e9lettartam\u00e1nak \u00e9s tart\u00f3ss\u00e1g\u00e1nak biztos\u00edt\u00e1s\u00e1hoz. A k\u00f6vetkez\u0151 tippek seg\u00edthetnek a probl\u00e9m\u00e1k hat\u00e9kony diagnosztiz\u00e1l\u00e1s\u00e1ban \u00e9s megold\u00e1s\u00e1ban:<\/p>\n<ul>\n<li>\n<h3>Rendszeres ellen\u0151rz\u00e9s<\/h3>\n<p>A rendszeres ellen\u0151rz\u00e9s seg\u00edthet a lehets\u00e9ges probl\u00e9m\u00e1k \u00e9szlel\u00e9s\u00e9ben, miel\u0151tt azok s\u00falyosbodn\u00e1nak.<\/p>\n<\/li>\n<li>\n<h3>Megfelel\u0151 ken\u00e9s<\/h3>\n<p>A megfelel\u0151 ken\u00e9s seg\u00edthet megel\u0151zni a kop\u00e1st \u00e9s meghosszabb\u00edtani a henger \u00e9lettartam\u00e1t.<\/p>\n<\/li>\n<li>\n<h3>T\u00f6m\u00edt\u00e9s csere<\/h3>\n<p>A t\u00f6m\u00edt\u00e9sek gyakori cser\u00e9je sz\u00fcks\u00e9ges az optim\u00e1lis t\u00f6m\u00edt\u0151teljes\u00edtm\u00e9ny biztos\u00edt\u00e1s\u00e1hoz. <\/p>\n<\/li>\n<li>\n<h3>Megfelel\u0151 telep\u00edt\u00e9s \u00e9s be\u00e1ll\u00edt\u00e1s<\/h3>\n<p>A henger megfelel\u0151 beszerel\u00e9se \u00e9s be\u00e1ll\u00edt\u00e1sa kulcsfontoss\u00e1g\u00fa a hossz\u00fa \u00e9lettartam\u00e1hoz \u00e9s tart\u00f3ss\u00e1g\u00e1hoz. <\/p>\n<\/li>\n<\/ul>\n<p><img decoding=\"async\" src=\"https:\/\/www.hydraulic-cylinders.net\/wp-content\/uploads\/2025\/01\/songte-chushion-collar.webp\" alt=\"V\u00f6d\u00f6rhenger telep\u00edt\u00e9si k\u00e9pe\"><\/p>\n<h2>Biztons\u00e1gi szempontok \u00e9s k\u00f6rnyezeti t\u00e9nyez\u0151k<\/h2>\n<p>V\u00f6dr\u00f6s hengerek haszn\u00e1latakor biztons\u00e1gi int\u00e9zked\u00e9seket kell betartani a s\u00e9r\u00fcl\u00e9sek \u00e9s a berendez\u00e9s k\u00e1rosod\u00e1s\u00e1nak elker\u00fcl\u00e9se \u00e9rdek\u00e9ben. A k\u00f6rnyezeti t\u00e9nyez\u0151ket, p\u00e9ld\u00e1ul a h\u0151m\u00e9rs\u00e9kletet, a p\u00e1ratartalmat \u00e9s a port is figyelembe kell venni, \u00e9s ezeket kezelni kell az optim\u00e1lis teljes\u00edtm\u00e9ny \u00e9s a hossz\u00fa \u00e9lettartam fenntart\u00e1sa \u00e9rdek\u00e9ben. <\/p>\n<h2>Hibadiagn\u00f3zis \u00e9s hibaelh\u00e1r\u00edt\u00e1s<\/h2>\n<p>N\u00e9h\u00e1ny gyakori kan\u00e1lhenger-probl\u00e9ma az olajsziv\u00e1rg\u00e1s, az el\u00e9gtelen nyom\u00e1s \u00e9s a rossz t\u00f6m\u00edt\u00e9si teljes\u00edtm\u00e9ny. A helyes diagn\u00f3zis \u00e9s hibaelh\u00e1r\u00edt\u00e1s seg\u00edthet a probl\u00e9m\u00e1k hat\u00e9kony \u00e9s eredm\u00e9nyes megold\u00e1s\u00e1ban. A rendszeres karbantart\u00e1s \u00e9s ellen\u0151rz\u00e9s seg\u00edthet megel\u0151zni az ilyen probl\u00e9m\u00e1k el\u0151fordul\u00e1s\u00e1t.<\/p>\n<p><img decoding=\"async\" src=\"https:\/\/www.hydraulic-cylinders.net\/wp-content\/uploads\/2025\/01\/songte-bushings-with-all-kinds-of-excavator-models.webp\" alt=\"V\u00f6d\u00f6rhenger probl\u00e9m\u00e1k k\u00e9pe\"><\/p>\n<h2>C\u00e9g\u00fcnkr\u0151l<\/h2>\n<p>Hidraulikus hengerek gy\u00e1rt\u00f3ja vagyunk, amelyekkel ki tudjuk cser\u00e9lni az eredeti hengereket. C\u00e9g\u00fcnk teljes term\u00e9kk\u00edn\u00e1lattal rendelkezik, \u00e9s a hazai \u00e9s nemzetk\u00f6zi piacok egyik vezet\u0151 hidraulikus hengergy\u00e1rt\u00f3ja \u00e9s nagykeresked\u0151je. Ragaszkodunk a kiv\u00e1l\u00f3 min\u0151s\u00e9ghez, a finom gy\u00e1rt\u00f3m\u0171helyek ipari termel\u00e9sir\u00e1ny\u00edt\u00e1si strat\u00e9gi\u00e1ira t\u00e1maszkodunk, \u00e9s folyamatosan fejlesztj\u00fck m\u0171hely\u00fcnk gy\u00e1rt\u00e1si platformj\u00e1t \u00e9s termel\u00e9si min\u0151s\u00e9g\u00e9t m\u0171szaki tehets\u00e9gek, digit\u00e1lis, cs\u00facskateg\u00f3ri\u00e1s gy\u00e1rt\u00f3berendez\u00e9sek \u00e9s professzion\u00e1lis tesztel\u0151rendszerek alkalmaz\u00e1s\u00e1val. Er\u0151s alkot\u00f3k\u00e9pess\u00e9ggel rendelkez\u00fcnk, hat\u00e9konyan, prec\u00edzen \u00e9s magas min\u0151s\u00e9gi elvekkel el\u00e9g\u00edtj\u00fck ki az \u00fcgyfelek soksz\u00edn\u0171 ig\u00e9nyeit. <\/p>\n<p><img decoding=\"async\" src=\"https:\/\/hzpt.com\/wp-content\/uploads\/2024\/11\/songte-company-1.webp\" alt=\"C\u00e9ges im\u00e1zs\"><\/p>\n<h3>K\u00fcl\u00f6nlegess\u00e9g<\/h3>\n<p>Hidraulikus hengerek gy\u00e1rt\u00e1s\u00e1ra szakosodtunk, amelyekkel az eredeti hengereket helyettes\u00edthetj\u00fck.<\/p>\n<h3>Nemzetk\u00f6zi min\u0151s\u00edt\u00e9s<\/h3>\n<p>Term\u00e9keink megfeleltek az ISO9001, CE \u00e9s egy\u00e9b nemzetk\u00f6zi tan\u00fas\u00edtv\u00e1nyoknak, biztos\u00edtva min\u0151s\u00e9g\u00fcket \u00e9s megb\u00edzhat\u00f3s\u00e1gukat. <\/p>\n<h3>Testreszab\u00e1si szolg\u00e1ltat\u00e1s<\/h3>\n<p>C\u00e9g\u00fcnk egyedi ig\u00e9nyekre szabott szolg\u00e1ltat\u00e1sokat ny\u00fajt, hogy megfeleljen az \u00fcgyfelek ig\u00e9nyeinek.<\/p>\n<h3>Termel\u00e9si berendez\u00e9sek<\/h3>\n<p>M\u0171hely\u00fcnk korszer\u0171 sz\u00e1m\u00edt\u00f3g\u00e9pes vez\u00e9rl\u00e9s\u0171 eszterg\u00e1kkal, CNC megmunk\u00e1l\u00f3k\u00f6zpontokkal \u00e9s egy\u00e9b nagy pontoss\u00e1g\u00fa berendez\u00e9sekkel van felszerelve term\u00e9keink min\u0151s\u00e9g\u00e9nek \u00e9s pontoss\u00e1g\u00e1nak biztos\u00edt\u00e1sa \u00e9rdek\u00e9ben. <\/p>\n<h3>\u00c9rt\u00e9kes\u00edt\u00e9s ut\u00e1ni szolg\u00e1ltat\u00e1s<\/h3>\n<p>Kiv\u00e1l\u00f3 \u00e9rt\u00e9kes\u00edt\u00e9s ut\u00e1ni szolg\u00e1ltat\u00e1st ny\u00fajtunk \u00fcgyfeleinknek, bele\u00e9rtve a term\u00e9k karbantart\u00e1s\u00e1t, jav\u00edt\u00e1s\u00e1t \u00e9s cser\u00e9j\u00e9t.<\/p>\n<h4>Szerz\u0151: lyl<\/h4>","protected":false},"excerpt":{"rendered":"<p>Bucket Cylinder For Sumitomo Middle Excavator SH240-5LR Introduction A bucket cylinder is a specially designed hydraulic cylinder used to control the movement of the bucket in heavy machinery such as excavators, backhoe loaders, and front-end loaders. Its main function is to enable lifting, lowering and tilting of the bucket, thus facilitating various material handling tasks. [&hellip;]<\/p>","protected":false},"featured_media":14789,"comment_status":"open","ping_status":"closed","template":"","meta":{"_et_pb_use_builder":"","_et_pb_old_content":"","_et_gb_content_width":""},"product_brand":[],"product_cat":[1494],"product_tag":[1495,1496],"class_list":{"0":"post-15177","1":"product","2":"type-product","3":"status-publish","4":"has-post-thumbnail","6":"product_cat-bucket-cylinders","7":"product_tag-bucket-cylinders","8":"product_tag-hydraulic-cylinders","10":"first","11":"instock","12":"shipping-taxable","13":"product-type-simple"},"amp_enabled":true,"_links":{"self":[{"href":"https:\/\/www.hydraulic-cylinders.net\/hu\/wp-json\/wp\/v2\/product\/15177","targetHints":{"allow":["GET"]}}],"collection":[{"href":"https:\/\/www.hydraulic-cylinders.net\/hu\/wp-json\/wp\/v2\/product"}],"about":[{"href":"https:\/\/www.hydraulic-cylinders.net\/hu\/wp-json\/wp\/v2\/types\/product"}],"replies":[{"embeddable":true,"href":"https:\/\/www.hydraulic-cylinders.net\/hu\/wp-json\/wp\/v2\/comments?post=15177"}],"wp:featuredmedia":[{"embeddable":true,"href":"https:\/\/www.hydraulic-cylinders.net\/hu\/wp-json\/wp\/v2\/media\/14789"}],"wp:attachment":[{"href":"https:\/\/www.hydraulic-cylinders.net\/hu\/wp-json\/wp\/v2\/media?parent=15177"}],"wp:term":[{"taxonomy":"product_brand","embeddable":true,"href":"https:\/\/www.hydraulic-cylinders.net\/hu\/wp-json\/wp\/v2\/product_brand?post=15177"},{"taxonomy":"product_cat","embeddable":true,"href":"https:\/\/www.hydraulic-cylinders.net\/hu\/wp-json\/wp\/v2\/product_cat?post=15177"},{"taxonomy":"product_tag","embeddable":true,"href":"https:\/\/www.hydraulic-cylinders.net\/hu\/wp-json\/wp\/v2\/product_tag?post=15177"}],"curies":[{"name":"munkaf\u00fczet","href":"https:\/\/api.w.org\/{rel}","templated":true}]}}