{"id":15179,"date":"2025-01-19T14:12:17","date_gmt":"2025-01-19T14:12:17","guid":{"rendered":"https:\/\/www.hydraulic-cylinders.net\/product\/bucket-cylinder-for-sumitomo-middle-excavator-sh200-3g\/"},"modified":"2025-01-19T14:12:19","modified_gmt":"2025-01-19T14:12:19","slug":"bucket-cylinder-for-sumitomo-middle-excavator-sh200-3g","status":"publish","type":"product","link":"https:\/\/www.hydraulic-cylinders.net\/hu\/termek\/bucket-cylinder-for-sumitomo-middle-excavator-sh200-3g\/","title":{"rendered":"Kan\u00e1lhenger Sumitomo k\u00f6z\u00e9ps\u0151 kotr\u00f3g\u00e9phez SH200-3G"},"content":{"rendered":"<h1>Kan\u00e1lhenger Sumitomo k\u00f6z\u00e9ps\u0151 kotr\u00f3g\u00e9phez SH200-3G<\/h1>\n<h2>Bevezet\u00e9s<\/h2>\n<p>A Sumitomo SH200-3G k\u00f6z\u00e9pkotr\u00f3g\u00e9p kan\u00e1lhengere egy speci\u00e1lis hidraulikus henger, amelyet f\u0151k\u00e9nt neh\u00e9zg\u00e9pek, p\u00e9ld\u00e1ul kotr\u00f3g\u00e9pek, kotr\u00f3g\u00e9pek \u00e9s homlokrakod\u00f3k kan\u00e1lmozg\u00e1s\u00e1nak vez\u00e9rl\u00e9s\u00e9re haszn\u00e1lnak. F\u0151 funkci\u00f3ja a kan\u00e1l emel\u00e9se, s\u00fcllyeszt\u00e9se \u00e9s billent\u00e9se, megk\u00f6nny\u00edtve a k\u00fcl\u00f6nf\u00e9le anyagok kezel\u00e9s\u00e9t. A hidraulikus rendszerben a kan\u00e1lhenger a hidraulikaolaj nyom\u00e1s\u00e1nak v\u00e1ltoz\u00e1sait haszn\u00e1lja fel a kan\u00e1l pontos vez\u00e9rl\u00e9s\u00e9hez, lehet\u0151v\u00e9 t\u00e9ve a kezel\u0151k sz\u00e1m\u00e1ra a neh\u00e9z terhek hat\u00e9kony kezel\u00e9s\u00e9t, valamint az \u00f6sszetett munkak\u00f6rnyezetekhez \u00e9s a v\u00e1ltozatos m\u0171k\u00f6d\u00e9si k\u00f6vetelm\u00e9nyekhez val\u00f3 alkalmazkod\u00e1st.<\/p>\n<p><img decoding=\"async\" src=\"https:\/\/www.hydraulic-cylinders.net\/wp-content\/uploads\/2025\/01\/songte-company-2.webp\" alt=\"V\u00f6d\u00f6r henger k\u00e9pe\"><\/p>\n<h3>Jellemz\u0151k<\/h3>\n<ul>\n<li><strong>Nagy szil\u00e1rds\u00e1g \u00e9s tart\u00f3ss\u00e1g:<\/strong> \u00c1ltal\u00e1ban nagy szil\u00e1rds\u00e1g\u00fa ac\u00e9lb\u00f3l vagy alum\u00edniumb\u00f3l k\u00e9sz\u00fcl, ellen\u00e1ll a nagy nyom\u00e1snak \u00e9s a nagy terhel\u00e9seknek, alkalmazkodik a zord munkak\u00f6rnyezethez, \u00e9s a tervez\u00e9s sor\u00e1n figyelembe veszi a kop\u00e1s\u00e1ll\u00f3s\u00e1got \u00e9s a korr\u00f3zi\u00f3\u00e1ll\u00f3s\u00e1got az \u00e9lettartam meghosszabb\u00edt\u00e1sa \u00e9rdek\u00e9ben.<\/li>\n<li><strong>Hat\u00e9kony hidraulikus m\u0171k\u00f6dtet\u00e9s:<\/strong> A hidraulikaolaj nyom\u00e1s\u00e1t kihaszn\u00e1lva \u00e9ri el a sima t\u00e1gul\u00e1st \u00e9s \u00f6sszeh\u00faz\u00f3d\u00e1st, gyorsan reag\u00e1l a m\u0171k\u00f6d\u00e9si parancsokra, er\u0151teljes tol\u00f3- \u00e9s h\u00faz\u00f3er\u0151t biztos\u00edt, \u00e9s alkalmas neh\u00e9z terhek \u00e9s \u00f6sszetett m\u0171k\u00f6d\u00e9si feladatok kezel\u00e9s\u00e9re.<\/li>\n<li><strong>T\u00f6bb t\u00edpus:<\/strong> A henger lehet egyszeres m\u0171k\u00f6d\u00e9s\u0171 (a hidraulika csak egy ir\u00e1nyban m\u0171k\u00f6dik) vagy kett\u0151s m\u0171k\u00f6d\u00e9s\u0171 (a hidraulika k\u00e9t ir\u00e1nyban m\u0171k\u00f6dik), a k\u00fcl\u00f6nb\u00f6z\u0151 m\u0171k\u00f6d\u00e9si ig\u00e9nyeknek megfelel\u0151en. Egyes modellek teleszk\u00f3posak, \u00edgy nagyobb kiny\u00fal\u00e1st tesznek lehet\u0151v\u00e9 a k\u00fcls\u0151 m\u00e9retek n\u00f6vel\u00e9se n\u00e9lk\u00fcl, \u00edgy alkalmasak korl\u00e1tozott helyig\u00e9ny\u0171 alkalmaz\u00e1sokhoz.<\/li>\n<li><strong>Termel\u00e9s:<\/strong> C\u00e9g\u00fcnk k\u00e9pes ezt a term\u00e9ket el\u0151\u00e1ll\u00edtani, \u00e9s term\u00e9keink t\u00f6k\u00e9letesen helyettes\u00edthetik ezeket a hidraulikus hengereket.<\/li>\n<\/ul>\n<p><img decoding=\"async\" src=\"https:\/\/www.hydraulic-cylinders.net\/wp-content\/uploads\/2025\/01\/songte-cylinder-head-with-all-kinds-excavator-models.webp\" alt=\"Term\u00e9kk\u00e9p\"><\/p>\n<h2>Alkalmaz\u00e1sok<\/h2>\n<p>A Sumitomo SH200-3G k\u00f6z\u00e9pkotr\u00f3g\u00e9p kan\u00e1lhengere k\u00fcl\u00f6nf\u00e9le alkalmaz\u00e1sokban haszn\u00e1lhat\u00f3, p\u00e9ld\u00e1ul:<\/p>\n<ul>\n<li><strong>\u00c9p\u00edt\u0151ipari berendez\u00e9sek:<\/strong> Kotr\u00f3g\u00e9pekben fontosak az \u00e1s\u00e1shoz, a talaj vagy t\u00f6rmel\u00e9k rakod\u00e1s\u00e1hoz \u00e9s mozgat\u00e1s\u00e1hoz. A kotr\u00f3g\u00e9pekben a kan\u00e1lhenger seg\u00edt mind az \u00e1s\u00e1sban, mind az emel\u00e9sben. <\/li>\n<li><strong>Mez\u0151gazdas\u00e1gi g\u00e9pek:<\/strong> Homlokrakod\u00f3kban haszn\u00e1lj\u00e1k talaj, sz\u00e9na \u00e9s egy\u00e9b anyagok mer\u00e9s\u00e9re, emel\u00e9s\u00e9re \u00e9s sz\u00e1ll\u00edt\u00e1s\u00e1ra. <\/li>\n<li><strong>Kotr\u00f3g\u00e9pek:<\/strong> A kan\u00e1lhenger \u00fagy \u00e9ri el az \u00e1s\u00f3hat\u00e1st, hogy lehet\u0151v\u00e9 teszi a kan\u00e1l talajba val\u00f3 behatol\u00e1s\u00e1t. <\/li>\n<li><strong>Rakod\u00f3g\u00e9pek:<\/strong> A homlokrakod\u00f3kban hat\u00e9konyan seg\u00edtenek a rakom\u00e1ny emel\u00e9s\u00e9ben \u00e9s billent\u00e9s\u00e9ben. <\/li>\n<\/ul>\n<h2>Tervez\u00e9si szempontok \u00e9s kiv\u00e1laszt\u00e1si krit\u00e9riumok<\/h2>\n<p>A Sumitomo SH200-3G k\u00f6z\u00e9pkotr\u00f3g\u00e9p kan\u00e1lhenger\u00e9nek tervez\u00e9si szempontjai a k\u00f6vetkez\u0151k:<\/p>\n<ul>\n<li><strong>Teherb\u00edr\u00e1s:<\/strong> A hengernek elegend\u0151 szil\u00e1rds\u00e1ggal kell rendelkeznie ahhoz, hogy elb\u00edrja az alkalmaz\u00e1s sor\u00e1n felmer\u00fcl\u0151 terhel\u00e9seket.<\/li>\n<li><strong>T\u00f6m\u00edt\u00e9s:<\/strong> K\u00fcl\u00f6nb\u00f6z\u0151 t\u00f6m\u00edt\u00e9seket, p\u00e9ld\u00e1ul dugatty\u00fat\u00f6m\u00edt\u00e9seket \u00e9s r\u00fadt\u00f6m\u00edt\u00e9seket haszn\u00e1lnak a hidraulikafolyad\u00e9k hengerb\u0151l val\u00f3 sziv\u00e1rg\u00e1s\u00e1nak megakad\u00e1lyoz\u00e1s\u00e1ra.<\/li>\n<li><strong>Tart\u00f3ss\u00e1g:<\/strong> A palackot \u00fagy kell kialak\u00edtani, hogy ellen\u00e1lljon a kop\u00e1snak \u00e9s a korr\u00f3zi\u00f3nak, ami gondos anyagv\u00e1laszt\u00e1ssal, fel\u00fcletkezel\u00e9ssel \u00e9s egy\u00e9b technik\u00e1kkal \u00e9rhet\u0151 el. <\/li>\n<li><strong>Biztons\u00e1g:<\/strong> A palackot biztons\u00e1g szem el\u0151tt tartva kell megtervezni, olyan funkci\u00f3kkal, mint a t\u00falterhel\u00e9s megakad\u00e1lyoz\u00e1s\u00e1ra szolg\u00e1l\u00f3 nyom\u00e1scs\u00f6kkent\u0151 szelepek \u00e9s a munkav\u00e1llal\u00f3k s\u00e9r\u00fcl\u00e9sekt\u0151l val\u00f3 v\u00e9delm\u00e9re szolg\u00e1l\u00f3 biztons\u00e1gi fedelek. <\/li>\n<li><strong>Karbantart\u00e1s:<\/strong> A hengert k\u00f6nnyen karbantarthat\u00f3v\u00e1 kell tervezni, olyan jellemz\u0151kkel, mint a k\u00f6nnyen hozz\u00e1f\u00e9rhet\u0151 alkatr\u00e9szek \u00e9s a szabv\u00e1nyos szerelv\u00e9nyek a t\u00f6m\u00edt\u00e9sek \u00e9s egy\u00e9b alkatr\u00e9szek cser\u00e9j\u00e9nek megk\u00f6nny\u00edt\u00e9se \u00e9rdek\u00e9ben.<\/li>\n<\/ul>\n<p><img decoding=\"async\" src=\"https:\/\/www.hydraulic-cylinders.net\/wp-content\/uploads\/2025\/01\/songte-oil-pipes-and-spare-parts.webp\" alt=\"Hidraulikus henger alkatr\u00e9szek k\u00e9pe\"><\/p>\n<h2>T\u00f6m\u00edt\u00e9s \u00e9s ken\u00e9s<\/h2>\n<p>A Sumitomo SH200-3G k\u00f6z\u00e9pkotr\u00f3g\u00e9p kan\u00e1lhengere k\u00fcl\u00f6nf\u00e9le t\u00f6m\u00edt\u00e9seket haszn\u00e1l, p\u00e9ld\u00e1ul dugatty\u00fat\u00f6m\u00edt\u00e9seket \u00e9s r\u00fadt\u00f6m\u00edt\u00e9seket, amelyek kop\u00e1s\u00e1ll\u00f3 anyagokb\u00f3l, p\u00e9ld\u00e1ul poliuret\u00e1nb\u00f3l \u00e9s nitrilgumib\u00f3l k\u00e9sz\u00fclnek, hogy megakad\u00e1lyozz\u00e1k a hidraulikafolyad\u00e9k sziv\u00e1rg\u00e1s\u00e1t a hengerb\u0151l. A hengertest \u00e9s a menetes v\u00e9gfel\u00fclet prec\u00edz megmunk\u00e1l\u00e1s\u00fa a kop\u00e1s\u00e1ll\u00f3s\u00e1g jav\u00edt\u00e1sa \u00e9rdek\u00e9ben. A henger z\u00f6kken\u0151mentes m\u0171k\u00f6d\u00e9s\u00e9hez rendszeres, megfelel\u0151 mennyis\u00e9g\u0171 hidraulikaolaj hozz\u00e1ad\u00e1sa sz\u00fcks\u00e9ges a ken\u00e9shez.<\/p>\n<h2>Karbantart\u00e1s \u00e9s jav\u00edt\u00e1s<\/h2>\n<p>Regular maintenance and repair are essential for the bucket cylinder&#8217;s longevity. The following are some common maintenance tasks:<\/p>\n<ul>\n<li>Rendszeres ellen\u0151rz\u00e9s <\/li>\n<li>Megfelel\u0151 ken\u00e9s <\/li>\n<li>T\u00f6m\u00edt\u00e9s csere <\/li>\n<li>Kalibr\u00e1ci\u00f3s ellen\u0151rz\u00e9sek <\/li>\n<\/ul>\n<p>Fontos a henger megfelel\u0151 be\u00e1ll\u00edt\u00e1sa a telep\u00edt\u00e9s sor\u00e1n, \u00e9s a megfelel\u0151 r\u00f6gz\u00edt\u0151konzolok haszn\u00e1lata a henger r\u00f6gz\u00edt\u00e9s\u00e9hez. A serleghenger \u00e9lettartam\u00e1nak meghosszabb\u00edt\u00e1sa \u00e9rdek\u00e9ben javasoljuk az \u00e1ltalunk aj\u00e1nlott ellen\u0151rz\u00e9si, jav\u00edt\u00e1si \u00e9s csereelj\u00e1r\u00e1sok alkalmaz\u00e1s\u00e1t. Cserealkatr\u00e9szeket \u00e9s fel\u00faj\u00edt\u00e1si szolg\u00e1ltat\u00e1sokat is k\u00edn\u00e1lunk.<\/p>\n<p><img decoding=\"async\" src=\"https:\/\/www.hydraulic-cylinders.net\/wp-content\/uploads\/2025\/01\/songte-chushion-collar.webp\" alt=\"Hidraulikus henger alkatr\u00e9szek k\u00e9pe\"><\/p>\n<h2>Biztons\u00e1gi \u00e9s k\u00f6rnyezetv\u00e9delmi szempontok<\/h2>\n<p>A Sumitomo SH200-3G k\u00f6z\u00e9pkotr\u00f3g\u00e9p kan\u00e1lhenger\u00e9nek haszn\u00e1latakor fontos betartani a megfelel\u0151 biztons\u00e1gi int\u00e9zked\u00e9seket. A megfelel\u0151 telep\u00edt\u00e9s, a rendszeres ellen\u0151rz\u00e9s \u00e9s karbantart\u00e1s biztos\u00edt\u00e1s\u00e1val elker\u00fclhet\u0151k a lehets\u00e9ges \u00fczemeltet\u00e9si kock\u00e1zatok. A hidraulikafolyad\u00e9kok \u00e9s egy\u00e9b vesz\u00e9lyes hullad\u00e9kok megfelel\u0151 \u00e1rtalmatlan\u00edt\u00e1sa elengedhetetlen a k\u00f6rnyezetre gyakorolt \u200b\u200bnegat\u00edv hat\u00e1sok minimaliz\u00e1l\u00e1sa \u00e9rdek\u00e9ben.<\/p>\n<h2> Hibaelh\u00e1r\u00edt\u00e1s \u00e9s gyakori probl\u00e9m\u00e1k<\/h2>\n<p>A Sumitomo SH200-3G k\u00f6z\u00e9pkotr\u00f3g\u00e9p kan\u00e1lhenger\u00e9nek gyakori probl\u00e9m\u00e1i k\u00f6z\u00e9 tartozik az olajsziv\u00e1rg\u00e1s, az el\u00e9gtelen vagy egyenetlen er\u0151, valamint a rendellenes zaj. Ezeket a probl\u00e9m\u00e1kat gyakran meg lehet oldani a t\u00f6m\u00edt\u00e9sek, a hidraulikafolyad\u00e9k szintj\u00e9nek ellen\u0151rz\u00e9s\u00e9vel \u00e9s a hib\u00e1s alkatr\u00e9szek cser\u00e9j\u00e9vel. A tov\u00e1bbi probl\u00e9m\u00e1k megel\u0151z\u00e9se \u00e9rdek\u00e9ben rendszeres karbantart\u00e1st \u00e9s ellen\u0151rz\u00e9st javasolunk. <\/p>\n<p><img decoding=\"async\" src=\"https:\/\/www.hydraulic-cylinders.net\/wp-content\/uploads\/2025\/01\/songte-bushings-with-all-kinds-of-excavator-models.webp\" alt=\"Hidraulikus henger alkatr\u00e9szek k\u00e9pe\"><\/p>\n<h2>C\u00e9g\u00fcnkr\u0151l<\/h2>\n<p>Cserehidraulikus hengerek gy\u00e1rt\u00f3ja vagyunk. C\u00e9g\u00fcnk sz\u00e9les term\u00e9kv\u00e1laszt\u00e9kot gy\u00e1rt, \u00e9s m\u00e1ra a hazai \u00e9s nemzetk\u00f6zi piacok egyik vezet\u0151 hidraulikus henger gy\u00e1rt\u00f3j\u00e1v\u00e1 \u00e9s nagykereskedelmi forgalmaz\u00f3j\u00e1v\u00e1 v\u00e1lt. Kiv\u00e1l\u00f3 min\u0151s\u00e9gi strat\u00e9gi\u00e1t k\u00f6vet\u00fcnk, amely a finom gy\u00e1rt\u00f3m\u0171helyek iparos\u00edtott termel\u00e9sir\u00e1ny\u00edt\u00e1s\u00e1ra, m\u0171helyeink folyamatos fejleszt\u00e9s\u00e9re \u00e9s t\u00f6k\u00e9letes gy\u00e1rt\u00e1si min\u0151s\u00e9gi soraira t\u00e1maszkodik. Er\u0151s kreat\u00edv k\u00e9pess\u00e9gekkel rendelkez\u00fcnk, \u00e9s nagy hat\u00e9konys\u00e1g\u00fa, nagy pontoss\u00e1g\u00fa \u00e9s kiv\u00e1l\u00f3 min\u0151s\u00e9g\u0171 elveket alkalmazunk az \u00fcgyfelek sokr\u00e9t\u0171 ig\u00e9nyeinek kiel\u00e9g\u00edt\u00e9s\u00e9re. <\/p>\n<h3>Szakmaiass\u00e1g<\/h3>\n<p>Szakemberekb\u0151l \u00e1ll\u00f3 csapatunk arra \u00f6sszpontos\u00edt, hogy kiv\u00e1l\u00f3 min\u0151s\u00e9g\u0171 term\u00e9keket \u00e9s szolg\u00e1ltat\u00e1sokat ny\u00fajtson \u00fcgyfeleink sz\u00e1m\u00e1ra, \u00e9s arra t\u00f6reksz\u00fcnk, hogy term\u00e9keink folyamatos fejleszt\u00e9s\u00e9vel \u00e9s innov\u00e1ci\u00f3j\u00e1val meg\u0151rizz\u00fck vezet\u0151 hidraulikus hengergy\u00e1rt\u00f3 poz\u00edci\u00f3nkat.<\/p>\n<h3>Nemzetk\u00f6zi min\u0151s\u00edt\u00e9s<\/h3>\n<p>Term\u00e9keink nemzetk\u00f6zi tan\u00fas\u00edtv\u00e1nyokkal rendelkeznek, mint p\u00e9ld\u00e1ul az ISO \u00e9s a CE, amelyek biztos\u00edtj\u00e1k, hogy term\u00e9keink megfeleljenek a nemzetk\u00f6zi min\u0151s\u00e9gi szabv\u00e1nyoknak \u00e9s el\u0151\u00edr\u00e1soknak.<\/p>\n<h3>Testreszab\u00e1si szolg\u00e1ltat\u00e1sok<\/h3>\n<p>Testreszabott szolg\u00e1ltat\u00e1sokat k\u00edn\u00e1lunk \u00fcgyfeleink speci\u00e1lis ig\u00e9nyeinek kiel\u00e9g\u00edt\u00e9s\u00e9re, szem\u00e9lyre szabott megold\u00e1sokat k\u00edn\u00e1lva az egyedi projektk\u00f6vetelm\u00e9nyeknek val\u00f3 megfelel\u00e9shez.<\/p>\n<h3>Termel\u00e9si berendez\u00e9sek<\/h3>\n<p>Term\u00e9keink gy\u00e1rt\u00e1s\u00e1hoz korszer\u0171 gy\u00e1rt\u00f3berendez\u00e9seket haszn\u00e1lunk, biztos\u00edtva ezzel a nagy pontoss\u00e1got, min\u0151s\u00e9get \u00e9s hat\u00e9konys\u00e1got. <\/p>\n<h3>\u00c9rt\u00e9kes\u00edt\u00e9s ut\u00e1ni szolg\u00e1ltat\u00e1sok<\/h3>\n<p>Hat\u00e9kony \u00e9s \u00e1tfog\u00f3 \u00e9rt\u00e9kes\u00edt\u00e9s ut\u00e1ni szolg\u00e1ltat\u00e1sokat ny\u00fajtunk, bele\u00e9rtve a m\u0171szaki t\u00e1mogat\u00e1st \u00e9s a cserealkatr\u00e9szeket, hogy \u00fcgyfeleink a lehet\u0151 legt\u00f6bbet hozhass\u00e1k ki term\u00e9keinkb\u0151l.<\/p>\n<p><img decoding=\"async\" src=\"https:\/\/hzpt.com\/wp-content\/uploads\/2024\/11\/songte-company-1.webp\" alt=\"V\u00f6d\u00f6r henger k\u00e9pe\"><\/p>\n<p>Szerz\u0151: lyl<\/p>","protected":false},"excerpt":{"rendered":"<p>Bucket Cylinder For Sumitomo Middle Excavator SH200-3G Introduction The bucket cylinder for Sumitomo Middle Excavator SH200-3G is a specialized hydraulic cylinder that is mainly used to control the movement of the bucket in heavy machinery such as excavators, backhoe excavators, and front-end loaders. Its main function is to allow the bucket to be lifted, lowered, [&hellip;]<\/p>","protected":false},"featured_media":14787,"comment_status":"open","ping_status":"closed","template":"","meta":{"_et_pb_use_builder":"","_et_pb_old_content":"","_et_gb_content_width":""},"product_brand":[],"product_cat":[1494],"product_tag":[1495,1496],"class_list":{"0":"post-15179","1":"product","2":"type-product","3":"status-publish","4":"has-post-thumbnail","6":"product_cat-bucket-cylinders","7":"product_tag-bucket-cylinders","8":"product_tag-hydraulic-cylinders","10":"first","11":"instock","12":"shipping-taxable","13":"product-type-simple"},"amp_enabled":true,"_links":{"self":[{"href":"https:\/\/www.hydraulic-cylinders.net\/hu\/wp-json\/wp\/v2\/product\/15179","targetHints":{"allow":["GET"]}}],"collection":[{"href":"https:\/\/www.hydraulic-cylinders.net\/hu\/wp-json\/wp\/v2\/product"}],"about":[{"href":"https:\/\/www.hydraulic-cylinders.net\/hu\/wp-json\/wp\/v2\/types\/product"}],"replies":[{"embeddable":true,"href":"https:\/\/www.hydraulic-cylinders.net\/hu\/wp-json\/wp\/v2\/comments?post=15179"}],"wp:featuredmedia":[{"embeddable":true,"href":"https:\/\/www.hydraulic-cylinders.net\/hu\/wp-json\/wp\/v2\/media\/14787"}],"wp:attachment":[{"href":"https:\/\/www.hydraulic-cylinders.net\/hu\/wp-json\/wp\/v2\/media?parent=15179"}],"wp:term":[{"taxonomy":"product_brand","embeddable":true,"href":"https:\/\/www.hydraulic-cylinders.net\/hu\/wp-json\/wp\/v2\/product_brand?post=15179"},{"taxonomy":"product_cat","embeddable":true,"href":"https:\/\/www.hydraulic-cylinders.net\/hu\/wp-json\/wp\/v2\/product_cat?post=15179"},{"taxonomy":"product_tag","embeddable":true,"href":"https:\/\/www.hydraulic-cylinders.net\/hu\/wp-json\/wp\/v2\/product_tag?post=15179"}],"curies":[{"name":"munkaf\u00fczet","href":"https:\/\/api.w.org\/{rel}","templated":true}]}}