{"id":15181,"date":"2025-01-19T14:12:25","date_gmt":"2025-01-19T14:12:25","guid":{"rendered":"https:\/\/www.hydraulic-cylinders.net\/product\/bucket-cylinder-for-sumitomo-middle-excavator-sh240-5\/"},"modified":"2025-01-19T14:12:27","modified_gmt":"2025-01-19T14:12:27","slug":"bucket-cylinder-for-sumitomo-middle-excavator-sh240-5","status":"publish","type":"product","link":"https:\/\/www.hydraulic-cylinders.net\/hu\/termek\/bucket-cylinder-for-sumitomo-middle-excavator-sh240-5\/","title":{"rendered":"Kan\u00e1lhenger Sumitomo k\u00f6z\u00e9ps\u0151 kotr\u00f3g\u00e9phez SH240-5"},"content":{"rendered":"<h1>Kan\u00e1lhenger Sumitomo k\u00f6z\u00e9ps\u0151 kotr\u00f3g\u00e9phez SH240-5<\/h1>\n<h2>Bevezet\u00e9s<\/h2>\n<p>A Sumitomo SH240-5 k\u00f6z\u00e9pkotr\u00f3g\u00e9p kan\u00e1lhengere egy speci\u00e1lis hidraulikus henger, amelyet neh\u00e9zg\u00e9pek, p\u00e9ld\u00e1ul kotr\u00f3g\u00e9pek, kotr\u00f3g\u00e9pek \u00e9s homlokrakod\u00f3k kan\u00e1lmozg\u00e1s\u00e1nak vez\u00e9rl\u00e9s\u00e9re terveztek. Els\u0151dleges funkci\u00f3ja a kan\u00e1l emel\u00e9se, s\u00fcllyeszt\u00e9se \u00e9s billent\u00e9se, megk\u00f6nny\u00edtve a k\u00fcl\u00f6nf\u00e9le anyagmozgat\u00e1si feladatok elv\u00e9gz\u00e9s\u00e9t. A hidraulikus rendszerben a kan\u00e1lhengerek pontosan szab\u00e1lyozz\u00e1k a kan\u00e1l mozg\u00e1s\u00e1t a hidraulikaolaj nyom\u00e1s\u00e1nak v\u00e1ltoz\u00e1sai alapj\u00e1n, lehet\u0151v\u00e9 t\u00e9ve a kezel\u0151k sz\u00e1m\u00e1ra, hogy hat\u00e9konyan kezelj\u00e9k a neh\u00e9z terheket, \u00e9s alkalmazkodjanak az \u00f6sszetett munkak\u00f6rnyezetekhez \u00e9s a v\u00e1ltozatos munkak\u00f6vetelm\u00e9nyekhez.<\/p>\n<p><img decoding=\"async\" src=\"https:\/\/www.hydraulic-cylinders.net\/wp-content\/uploads\/2025\/01\/songte-company-2.webp\" alt=\"V\u00f6d\u00f6r henger k\u00e9pe\"><\/p>\n<h2>Jellemz\u0151k<\/h2>\n<ul>\n<li>\n<h3>Nagy szil\u00e1rds\u00e1g \u00e9s tart\u00f3ss\u00e1g<\/h3>\n<p>A kan\u00e1lhenger jellemz\u0151en nagy szil\u00e1rds\u00e1g\u00fa ac\u00e9lb\u00f3l vagy alum\u00edniumb\u00f3l k\u00e9sz\u00fcl, amely k\u00e9pes ellen\u00e1llni a nagy nyom\u00e1snak \u00e9s a nagy terhel\u00e9seknek, \u00e9s alkalmas zord munkak\u00f6rnyezetre. A kialak\u00edt\u00e1s sor\u00e1n figyelembe vett\u00e9k a kop\u00e1s\u00e1ll\u00f3s\u00e1got \u00e9s a korr\u00f3zi\u00f3\u00e1ll\u00f3s\u00e1got, ami meghosszabb\u00edtja az \u00e9lettartam\u00e1t.<\/p>\n<\/li>\n<li>\n<h3>Hat\u00e9kony hidraulikus m\u0171k\u00f6dtet\u00e9s<\/h3>\n<p>A kan\u00e1lhenger hidraulikaolaj-nyom\u00e1st haszn\u00e1l a sima kitol\u00e1si \u00e9s visszah\u00faz\u00e1si m\u0171veletekhez, lehet\u0151v\u00e9 t\u00e9ve a gyors reag\u00e1l\u00e1st a vez\u00e9rl\u0151parancsokra, er\u0151teljes tol\u00f3- \u00e9s h\u00faz\u00f3er\u0151t biztos\u00edtva, \u00e9s alkalmas neh\u00e9z terhek \u00e9s \u00f6sszetett feladatok kezel\u00e9s\u00e9re.<\/p>\n<\/li>\n<li>\n<h3>K\u00fcl\u00f6nb\u00f6z\u0151 t\u00edpusok<\/h3>\n<p>A kan\u00e1lhenger a k\u00fcl\u00f6nb\u00f6z\u0151 m\u0171k\u00f6d\u00e9si ig\u00e9nyeknek megfelel\u0151en v\u00e1laszthat\u00f3 egyszeres m\u0171k\u00f6d\u00e9s\u0171k\u00e9nt (a hidraulika csak egy ir\u00e1nyban m\u0171k\u00f6dik) vagy kett\u0151s m\u0171k\u00f6d\u00e9s\u0171k\u00e9nt (a hidraulika k\u00e9t ir\u00e1nyban m\u0171k\u00f6dik). Egyes modellek teleszk\u00f3posak, \u00edgy nagyobb kiny\u00fal\u00e1st tesznek lehet\u0151v\u00e9 a k\u00fcls\u0151 m\u00e9retek n\u00f6vel\u00e9se n\u00e9lk\u00fcl, \u00edgy alkalmasak korl\u00e1tozott helyig\u00e9ny\u0171 alkalmaz\u00e1sokhoz.<\/p>\n<\/li>\n<li>\n<h3>K\u00f6nny\u0171 csere<\/h3>\n<p>Term\u00e9k\u00fcnk t\u00f6k\u00e9letesen helyettes\u00edtheti ezeket a hidraulikus hengereket.<\/p>\n<\/li>\n<\/ul>\n<p><img decoding=\"async\" src=\"https:\/\/www.hydraulic-cylinders.net\/wp-content\/uploads\/2025\/01\/songte-cylinder-head-with-all-kinds-excavator-models.webp\" alt=\"V\u00f6d\u00f6rhenger csere k\u00e9p\"><\/p>\n<h2>Alkalmaz\u00e1sok<\/h2>\n<p>A kan\u00e1lhengert sz\u00e9les k\u00f6rben haszn\u00e1lj\u00e1k k\u00fcl\u00f6nf\u00e9le \u00e9p\u00edt\u0151ipari \u00e9s mez\u0151gazdas\u00e1gi g\u00e9pekben. N\u00e9h\u00e1ny gyakori alkalmaz\u00e1si ter\u00fclet:<\/p>\n<ul>\n<li>\n<h3>\u00c9p\u00edt\u0151ipari berendez\u00e9sek<\/h3>\n<p>Kotr\u00f3g\u00e9pekben elengedhetetlenek az \u00e1s\u00e1shoz, rakod\u00e1shoz \u00e9s a talaj vagy t\u00f6rmel\u00e9k mozgat\u00e1s\u00e1hoz. Kotr\u00f3g\u00e9p-rakod\u00f3kban a kan\u00e1lhengerek mind az \u00e1s\u00e1st, mind az emel\u00e9st seg\u00edtik. <\/p>\n<\/li>\n<li>\n<h3>Mez\u0151gazdas\u00e1gi g\u00e9pek <\/h3>\n<p>Homlokrakod\u00f3kban haszn\u00e1lj\u00e1k talaj, sz\u00e9na \u00e9s egy\u00e9b anyagok mer\u00e9s\u00e9re, emel\u00e9s\u00e9re \u00e9s sz\u00e1ll\u00edt\u00e1s\u00e1ra.<\/p>\n<\/li>\n<li>\n<h3>Kotr\u00f3g\u00e9pek<\/h3>\n<p>A kan\u00e1lhengerek lehet\u0151v\u00e9 teszik a f\u00f6ldmunk\u00e1kat az\u00e1ltal, hogy lehet\u0151v\u00e9 teszik a kan\u00e1l talajba val\u00f3 behatol\u00e1s\u00e1t. <\/p>\n<\/li>\n<li>\n<h3>Homlokrakod\u00f3k<\/h3>\n<p>A homlokrakod\u00f3kban hat\u00e9konyan seg\u00edtik az \u00e1ruk emel\u00e9s\u00e9t \u00e9s \u00fcr\u00edt\u00e9s\u00e9t. <\/p>\n<\/li>\n<\/ul>\n<h2>Tervez\u00e9si szempontok \u00e9s kiv\u00e1laszt\u00e1si krit\u00e9riumok<\/h2>\n<ul>\n<li>\n<h3>Teherb\u00edr\u00e1s<\/h3>\n<p>A kan\u00e1lhengereknek nagy teherb\u00edr\u00e1s\u00faaknak kell lenni\u00fck a neh\u00e9z terhek \u00e9s a nagynyom\u00e1s\u00fa hidraulika kezel\u00e9s\u00e9hez.<\/p>\n<\/li>\n<li>\n<h3>T\u00f6m\u00edt\u00e9s<\/h3>\n<p>A kan\u00e1lhengerek kiv\u00e1l\u00f3 min\u0151s\u00e9g\u0171 t\u00f6m\u00edt\u00e9st ig\u00e9nyelnek a hidraulikafolyad\u00e9k sziv\u00e1rg\u00e1s\u00e1nak megakad\u00e1lyoz\u00e1sa, valamint a biztons\u00e1gos \u00e9s hat\u00e9kony m\u0171k\u00f6d\u00e9s biztos\u00edt\u00e1sa \u00e9rdek\u00e9ben.<\/p>\n<\/li>\n<li>\n<h3>Tart\u00f3ss\u00e1g<\/h3>\n<p>A kan\u00e1lhengernek tart\u00f3snak \u00e9s kop\u00e1s\u00e1ll\u00f3nak kell lennie, hogy ellen\u00e1lljon a zord munkak\u00f6rnyezetnek \u00e9s meghosszabb\u00edtsa \u00e9lettartam\u00e1t.<\/p>\n<\/li>\n<li>\n<h3>Biztons\u00e1g<\/h3>\n<p>A v\u00f6d\u00f6rhengereknek szigor\u00fa biztons\u00e1gi el\u0151\u00edr\u00e1soknak kell megfelelni\u00fck a biztons\u00e1gos \u00fczemeltet\u00e9s \u00e9s a balesetek megel\u0151z\u00e9se \u00e9rdek\u00e9ben. <\/p>\n<\/li>\n<li>\n<h3>Karbantart\u00e1s<\/h3>\n<p>A kan\u00e1lhengerek rendszeres karbantart\u00e1st ig\u00e9nyelnek az optim\u00e1lis teljes\u00edtm\u00e9ny biztos\u00edt\u00e1sa \u00e9s \u00e9lettartamuk meghosszabb\u00edt\u00e1sa \u00e9rdek\u00e9ben. <\/p>\n<\/li>\n<\/ul>\n<p><img decoding=\"async\" src=\"https:\/\/www.hydraulic-cylinders.net\/wp-content\/uploads\/2025\/01\/songte-oil-pipes-and-spare-parts.webp\" alt=\"V\u00f6d\u00f6rhenger alkatr\u00e9szek k\u00e9pe\"><\/p>\n<h2>T\u00f6m\u00edt\u00e9s \u00e9s ken\u00e9s<\/h2>\n<p>A kan\u00e1lhenger k\u00fcl\u00f6nf\u00e9le t\u00f6m\u00edt\u0151elemeket haszn\u00e1l, p\u00e9ld\u00e1ul dugatty\u00fat\u00f6m\u00edt\u00e9seket, r\u00fadt\u00f6m\u00edt\u00e9seket \u00e9s kop\u00f3gy\u0171r\u0171ket, amelyek kop\u00e1s\u00e1ll\u00f3 anyagokb\u00f3l, p\u00e9ld\u00e1ul poliuret\u00e1nb\u00f3l \u00e9s nitrilgumib\u00f3l k\u00e9sz\u00fclnek. A hengertest \u00e9s a menetes v\u00e9gfel\u00fcletek finom megmunk\u00e1l\u00e1son esnek \u00e1t a kop\u00e1s\u00e1ll\u00f3s\u00e1guk n\u00f6vel\u00e9se \u00e9rdek\u00e9ben. A hat\u00e9kony m\u0171k\u00f6d\u00e9s biztos\u00edt\u00e1s\u00e1hoz rendszeres ken\u00e9s sz\u00fcks\u00e9ges megfelel\u0151 hidraulikaolajjal.<\/p>\n<h2>Karbantart\u00e1s \u00e9s jav\u00edt\u00e1s<\/h2>\n<p>A serleghenger optim\u00e1lis teljes\u00edtm\u00e9ny\u00e9nek fenntart\u00e1s\u00e1hoz elengedhetetlen a rendszeres ellen\u0151rz\u00e9s \u00e9s a megel\u0151z\u0151 karbantart\u00e1s. Az aj\u00e1nlott karbantart\u00e1si feladatok k\u00f6z\u00e9 tartozik az id\u0151szakos ellen\u0151rz\u00e9s, a megfelel\u0151 ken\u00e9s, a t\u00f6m\u00edt\u00e9sek cser\u00e9je \u00e9s a kalibr\u00e1l\u00e1s. A megfelel\u0151 beszerel\u00e9s elengedhetetlen, \u00e9s a megfelel\u0151 szerel\u0151konzolok haszn\u00e1lata aj\u00e1nlott. A megfelel\u0151 ellen\u0151rz\u00e9si, jav\u00edt\u00e1si \u00e9s csereelj\u00e1r\u00e1sok meghosszabb\u00edthatj\u00e1k a serleghenger \u00e9lettartam\u00e1t.<\/p>\n<p><img decoding=\"async\" src=\"https:\/\/www.hydraulic-cylinders.net\/wp-content\/uploads\/2025\/01\/songte-chushion-collar.webp\" alt=\"V\u00f6d\u00f6rhenger karbantart\u00e1si k\u00e9p\"><\/p>\n<h2>Biztons\u00e1gi szempontok \u00e9s k\u00f6rnyezeti t\u00e9nyez\u0151k <\/h2>\n<p>A v\u00f6d\u00f6rhenger haszn\u00e1latakor elengedhetetlen a megfelel\u0151 biztons\u00e1gi protokollok betart\u00e1sa a balesetek \u00e9s s\u00e9r\u00fcl\u00e9sek megel\u0151z\u00e9se \u00e9rdek\u00e9ben. A biztons\u00e1gi ir\u00e1nyelvek betart\u00e1sa \u00e9s a megfelel\u0151 haszn\u00e1lat seg\u00edthet cs\u00f6kkenteni a k\u00f6rnyezeti k\u00e1rokat \u00e9s el\u0151seg\u00edtheti a fenntarthat\u00f3s\u00e1got.<\/p>\n<h2>Hibaelh\u00e1r\u00edt\u00e1s \u00e9s gyakori probl\u00e9m\u00e1k<\/h2>\n<p>A serleghenger m\u0171k\u00f6d\u00e9se sor\u00e1n gyakran el\u0151fordul\u00f3 probl\u00e9m\u00e1k k\u00f6z\u00e9 tartoznak a sziv\u00e1rg\u00e1sok, a gyenge teljes\u00edtm\u00e9ny \u00e9s a henger k\u00e1rosod\u00e1sa. A megfelel\u0151 hibaelh\u00e1r\u00edt\u00e1si \u00e9s probl\u00e9mamegold\u00e1si technik\u00e1k seg\u00edthetnek ezeknek a probl\u00e9m\u00e1knak a gyors \u00e9s hat\u00e9kony megold\u00e1s\u00e1ban. A megel\u0151z\u0151 int\u00e9zked\u00e9sek, mint p\u00e9ld\u00e1ul a rendszeres karbantart\u00e1s \u00e9s ellen\u0151rz\u00e9s, seg\u00edthetnek cs\u00f6kkenteni a lehets\u00e9ges probl\u00e9m\u00e1k val\u00f3sz\u00edn\u0171s\u00e9g\u00e9t.<\/p>\n<p><img decoding=\"async\" src=\"https:\/\/www.hydraulic-cylinders.net\/wp-content\/uploads\/2025\/01\/songte-bushings-with-all-kinds-of-excavator-models.webp\" alt=\"V\u00f6d\u00f6rhenger hibaelh\u00e1r\u00edt\u00e1si k\u00e9pe\"><\/p>\n<h2>C\u00e9g\u00fcnkr\u0151l<\/h2>\n<p>Cserehidraulikus hengerek gy\u00e1rt\u00f3jak\u00e9nt teljes term\u00e9kk\u00edn\u00e1lattal rendelkez\u00fcnk, \u00e9s a hazai \u00e9s nemzetk\u00f6zi piacok egyik vezet\u0151 hidraulikus hengergy\u00e1rt\u00f3j\u00e1v\u00e1 \u00e9s nagykeresked\u0151j\u00e9v\u00e9 v\u00e1ltunk. Kiv\u00e1l\u00f3 min\u0151s\u00e9gi politik\u00e1t k\u00f6vet\u00fcnk, \u00e9s ipari termel\u00e9sir\u00e1ny\u00edt\u00e1si strat\u00e9gi\u00e1kra t\u00e1maszkodunk, amelyeket finom gy\u00e1rt\u00f3m\u0171helyek, technol\u00f3gi\u00e1k, digit\u00e1lis, cs\u00facskateg\u00f3ri\u00e1s gy\u00e1rt\u00f3berendez\u00e9sek \u00e9s professzion\u00e1lis tesztel\u0151rendszerek t\u00e1mogatnak. C\u00e9g\u00fcnk k\u00e9pes hat\u00e9kony \u00e9s eredm\u00e9nyes szolg\u00e1ltat\u00e1sok l\u00e9trehoz\u00e1s\u00e1ra, ny\u00fajt\u00e1s\u00e1ra, valamint a soksz\u00edn\u0171 \u00fcgyf\u00e9lig\u00e9nyek kiel\u00e9g\u00edt\u00e9s\u00e9re. <\/p>\n<ul>\n<li>\n<h3>Szak\u00e9rtelem<\/h3>\n<p>Kiterjedt ismeretekkel \u00e9s tapasztalattal rendelkez\u00fcnk a hidraulikus hengerek ipar\u00e1g\u00e1ban, ami lehet\u0151v\u00e9 teszi sz\u00e1munkra, hogy kiv\u00e1l\u00f3 min\u0151s\u00e9g\u0171 term\u00e9keket k\u00edn\u00e1ljunk.<\/p>\n<\/li>\n<li>\n<h3>Nemzetk\u00f6zi min\u0151s\u00edt\u00e9s<\/h3>\n<p>Minden term\u00e9k\u00fcnk megfelel a nemzetk\u00f6zi szabv\u00e1nyoknak, \u00e9s ISO9001, CE stb. tan\u00fas\u00edtv\u00e1nnyal rendelkezik.<\/p>\n<\/li>\n<li>\n<h3>Testreszab\u00e1si szolg\u00e1ltat\u00e1sok<\/h3>\n<p>Testreszabott szolg\u00e1ltat\u00e1sokat k\u00edn\u00e1lunk, hogy megfelelj\u00fcnk az \u00fcgyfelek egyedi ig\u00e9nyeinek.<\/p>\n<\/li>\n<li>\n<h3>Termel\u00e9si berendez\u00e9sek<\/h3>\n<p>M\u0171helyeink a legmodernebb gy\u00e1rt\u00f3berendez\u00e9sekkel vannak felszerelve a termel\u00e9s \u00e9s a min\u0151s\u00e9gellen\u0151rz\u00e9s t\u00e1mogat\u00e1sa \u00e9rdek\u00e9ben.<\/p>\n<\/li>\n<li>\n<h3>\u00c9rt\u00e9kes\u00edt\u00e9s ut\u00e1ni szolg\u00e1ltat\u00e1s<\/h3>\n<p>Id\u0151szer\u0171 \u00e9s hat\u00e9kony \u00e9rt\u00e9kes\u00edt\u00e9s ut\u00e1ni szolg\u00e1ltat\u00e1sokat ny\u00fajtunk az \u00fcgyfelek el\u00e9gedetts\u00e9g\u00e9nek biztos\u00edt\u00e1sa \u00e9rdek\u00e9ben.<\/p>\n<\/li>\n<\/ul>\n<p><img decoding=\"async\" src=\"https:\/\/hzpt.com\/wp-content\/uploads\/2024\/11\/songte-company-1.webp\" alt=\"C\u00e9ges im\u00e1zs\"><\/p>\n<p>Szerz\u0151: lyl.<\/p>","protected":false},"excerpt":{"rendered":"<p>Bucket Cylinder For Sumitomo Middle Excavator SH240-5 Introduction The bucket cylinder for Sumitomo middle excavator SH240-5 is a specialized hydraulic cylinder designed to control the movement of the bucket in heavy machinery such as excavators, backhoes, and front-end loaders. Its primary function is to enable the bucket to lift, lower, and tilt, making it easier [&hellip;]<\/p>","protected":false},"featured_media":14784,"comment_status":"open","ping_status":"closed","template":"","meta":{"_et_pb_use_builder":"","_et_pb_old_content":"","_et_gb_content_width":""},"product_brand":[],"product_cat":[1494],"product_tag":[1495,1496],"class_list":{"0":"post-15181","1":"product","2":"type-product","3":"status-publish","4":"has-post-thumbnail","6":"product_cat-bucket-cylinders","7":"product_tag-bucket-cylinders","8":"product_tag-hydraulic-cylinders","10":"first","11":"instock","12":"shipping-taxable","13":"product-type-simple"},"amp_enabled":true,"_links":{"self":[{"href":"https:\/\/www.hydraulic-cylinders.net\/hu\/wp-json\/wp\/v2\/product\/15181","targetHints":{"allow":["GET"]}}],"collection":[{"href":"https:\/\/www.hydraulic-cylinders.net\/hu\/wp-json\/wp\/v2\/product"}],"about":[{"href":"https:\/\/www.hydraulic-cylinders.net\/hu\/wp-json\/wp\/v2\/types\/product"}],"replies":[{"embeddable":true,"href":"https:\/\/www.hydraulic-cylinders.net\/hu\/wp-json\/wp\/v2\/comments?post=15181"}],"wp:featuredmedia":[{"embeddable":true,"href":"https:\/\/www.hydraulic-cylinders.net\/hu\/wp-json\/wp\/v2\/media\/14784"}],"wp:attachment":[{"href":"https:\/\/www.hydraulic-cylinders.net\/hu\/wp-json\/wp\/v2\/media?parent=15181"}],"wp:term":[{"taxonomy":"product_brand","embeddable":true,"href":"https:\/\/www.hydraulic-cylinders.net\/hu\/wp-json\/wp\/v2\/product_brand?post=15181"},{"taxonomy":"product_cat","embeddable":true,"href":"https:\/\/www.hydraulic-cylinders.net\/hu\/wp-json\/wp\/v2\/product_cat?post=15181"},{"taxonomy":"product_tag","embeddable":true,"href":"https:\/\/www.hydraulic-cylinders.net\/hu\/wp-json\/wp\/v2\/product_tag?post=15181"}],"curies":[{"name":"munkaf\u00fczet","href":"https:\/\/api.w.org\/{rel}","templated":true}]}}