{"id":15196,"date":"2025-01-19T14:13:31","date_gmt":"2025-01-19T14:13:31","guid":{"rendered":"https:\/\/www.hydraulic-cylinders.net\/product\/bucket-cylinder-for-jcb-small-excavator-js220lc\/"},"modified":"2025-01-19T14:13:33","modified_gmt":"2025-01-19T14:13:33","slug":"bucket-cylinder-for-jcb-small-excavator-js220lc","status":"publish","type":"product","link":"https:\/\/www.hydraulic-cylinders.net\/hu\/termek\/bucket-cylinder-for-jcb-small-excavator-js220lc\/","title":{"rendered":"Kan\u00e1lhenger JCB kis kotr\u00f3g\u00e9phez JS220LC"},"content":{"rendered":"<h1>Kan\u00e1lhenger JCB kis kotr\u00f3g\u00e9phez JS220LC<\/h1>\n<h2>Bevezet\u00e9s<\/h2>\n<p>A JCB JS220LC kis kotr\u00f3g\u00e9p kan\u00e1lhengere egy speci\u00e1lisan tervezett hidraulikus henger, amelyet f\u0151k\u00e9nt neh\u00e9zg\u00e9pek, p\u00e9ld\u00e1ul kotr\u00f3g\u00e9pek, kotr\u00f3rakod\u00f3k \u00e9s homlokrakod\u00f3k kan\u00e1lmozg\u00e1s\u00e1nak vez\u00e9rl\u00e9s\u00e9re haszn\u00e1lnak. F\u0151 funkci\u00f3ja a kan\u00e1l emel\u00e9s\u00e9nek, s\u00fcllyeszt\u00e9s\u00e9nek \u00e9s billent\u00e9s\u00e9nek lehet\u0151v\u00e9 t\u00e9tele, megk\u00f6nny\u00edtve a k\u00fcl\u00f6nf\u00e9le anyagmozgat\u00e1si feladatok elv\u00e9gz\u00e9s\u00e9t. A hidraulikus rendszerben a kan\u00e1lhenger a hidraulikaolaj nyom\u00e1sv\u00e1ltoz\u00e1sain kereszt\u00fcl prec\u00edzen szab\u00e1lyozza a kan\u00e1l mozg\u00e1s\u00e1t, lehet\u0151v\u00e9 t\u00e9ve a kezel\u0151k sz\u00e1m\u00e1ra, hogy hat\u00e9konyan kezelj\u00e9k a neh\u00e9z terheket, \u00e9s alkalmazkodjanak az \u00f6sszetett munkak\u00f6rnyezetekhez \u00e9s a v\u00e1ltozatos munkak\u00f6vetelm\u00e9nyekhez.<\/p>\n<p><img decoding=\"async\" src=\"https:\/\/www.hydraulic-cylinders.net\/wp-content\/uploads\/2025\/01\/songte-company-2.webp\"><\/p>\n<h2>Term\u00e9kjellemz\u0151k<\/h2>\n<ul>\n<li>Nagy szil\u00e1rds\u00e1g \u00e9s tart\u00f3ss\u00e1g: \u00c1ltal\u00e1ban nagy szil\u00e1rds\u00e1g\u00fa ac\u00e9lb\u00f3l vagy alum\u00edniumb\u00f3l k\u00e9sz\u00fcl, ellen\u00e1ll a nagy nyom\u00e1snak \u00e9s a nagy terhel\u00e9seknek, alkalmazkodik a zord munkak\u00f6rnyezethez, \u00e9s a tervez\u00e9s sor\u00e1n figyelembe veszi a kop\u00e1s\u00e1ll\u00f3s\u00e1got \u00e9s a korr\u00f3zi\u00f3\u00e1ll\u00f3s\u00e1got az \u00e9lettartam meghosszabb\u00edt\u00e1sa \u00e9rdek\u00e9ben.<\/li>\n<li>Hat\u00e9kony hidraulikus m\u0171k\u00f6d\u00e9s: A hidraulikaolaj nyom\u00e1s\u00e1nak kihaszn\u00e1l\u00e1s\u00e1val a sima kitol\u00e1si \u00e9s visszah\u00faz\u00e1si mozg\u00e1sok er\u0151teljes tol\u00f3- \u00e9s h\u00faz\u00f3er\u0151t biztos\u00edtanak, \u00edgy alkalmasak neh\u00e9z terhek \u00e9s \u00f6sszetett feladatok kezel\u00e9s\u00e9re.<\/li>\n<li>T\u00f6bb t\u00edpus: Az egyir\u00e1ny\u00fa hidraulika haszn\u00e1lat\u00e1val egy vagy k\u00e9tir\u00e1ny\u00fa hidraulika haszn\u00e1lat\u00e1val m\u0171k\u00f6d\u0151 hengerek a k\u00f6vetelm\u00e9nyeknek megfelel\u0151en v\u00e1laszthat\u00f3k ki, hogy megfeleljenek a k\u00fcl\u00f6nb\u00f6z\u0151 m\u0171k\u00f6d\u00e9si ig\u00e9nyeknek. Egyes modellek teleszk\u00f3posak, \u00edgy nagyobb kiny\u00fal\u00e1st tesznek lehet\u0151v\u00e9 a k\u00fcls\u0151 m\u00e9retek n\u00f6vel\u00e9se n\u00e9lk\u00fcl, \u00edgy alkalmasak korl\u00e1tozott helykihaszn\u00e1l\u00e1s\u00fa alkalmaz\u00e1sokhoz.<\/li>\n<li>T\u00f6k\u00e9letes csere: Term\u00e9k\u00fcnk t\u00f6k\u00e9letesen helyettes\u00edtheti ezeket a hidraulikus hengereket.<\/li>\n<\/ul>\n<p><img decoding=\"async\" src=\"https:\/\/www.hydraulic-cylinders.net\/wp-content\/uploads\/2025\/01\/songte-cylinder-head-with-all-kinds-excavator-models.webp\"><\/p>\n<h2>Alkalmaz\u00e1si forgat\u00f3k\u00f6nyvek<\/h2>\n<p>A JCB JS220LC kis kotr\u00f3g\u00e9p kan\u00e1lhengere sz\u00e9les k\u00f6rben haszn\u00e1lhat\u00f3 k\u00fcl\u00f6nf\u00e9le forgat\u00f3k\u00f6nyvekben, t\u00f6bbek k\u00f6z\u00f6tt:<\/p>\n<ul>\n<li>\u00c9p\u00edt\u0151ipari berendez\u00e9sek: Kotr\u00f3g\u00e9pekben kulcsfontoss\u00e1g\u00faak az \u00e1s\u00e1shoz, rakod\u00e1shoz \u00e9s a talaj vagy t\u00f6rmel\u00e9k mozgat\u00e1s\u00e1hoz. A kotr\u00f3g\u00e9p-rakod\u00f3kban a kan\u00e1lhengerek seg\u00edtenek mind az \u00e1s\u00e1sban, mind az emel\u00e9sben. <\/li>\n<li>Mez\u0151gazdas\u00e1gi g\u00e9pek: Homlokrakod\u00f3kban haszn\u00e1lj\u00e1k talaj, sz\u00e9na \u00e9s egy\u00e9b anyagok mer\u00edt\u00e9s\u00e9re, emel\u00e9s\u00e9re \u00e9s sz\u00e1ll\u00edt\u00e1s\u00e1ra. <\/li>\n<li>Kotr\u00f3g\u00e9pek: A kan\u00e1lhenger a talajba hatolva \u00e9ri el a kotr\u00e1si m\u0171veletet. <\/li>\n<li>Rakod\u00f3k: A homlokrakod\u00f3k hat\u00e9konyan seg\u00edtik az \u00e1ruk emel\u00e9s\u00e9t \u00e9s billent\u00e9s\u00e9t. <\/li>\n<\/ul>\n<h2>Tervez\u00e9si szempontok \u00e9s kiv\u00e1laszt\u00e1si krit\u00e9riumok<\/h2>\n<p>A JCB JS220LC kis kotr\u00f3g\u00e9p kan\u00e1lhenger\u00e9t olyan szempontok alapj\u00e1n tervezt\u00e9k, mint a teherb\u00edr\u00e1s, a t\u00f6m\u00edtetts\u00e9g, a tart\u00f3ss\u00e1g, a biztons\u00e1g \u00e9s a karbantarthat\u00f3s\u00e1g. <\/p>\n<ul>\n<li>Teherb\u00edr\u00e1s: A hengernek nagy szil\u00e1rds\u00e1g\u00fa anyagokb\u00f3l kell k\u00e9sz\u00fclnie, \u00e9s olyan szerkezettel kell rendelkeznie, amely ellen\u00e1ll a nagy nyom\u00e1snak \u00e9s a nagy terhel\u00e9seknek.<\/li>\n<li>T\u00f6m\u00edt\u00e9si teljes\u00edtm\u00e9ny: K\u00fcl\u00f6nb\u00f6z\u0151 t\u00f6m\u00edt\u0151elemeket, p\u00e9ld\u00e1ul dugatty\u00fat\u00f6m\u00edt\u00e9seket \u00e9s r\u00fadt\u00f6m\u00edt\u00e9seket kell haszn\u00e1lni, \u00e9s olyan t\u00f6m\u00edt\u0151anyagokat kell v\u00e1lasztani, mint a j\u00f3 kop\u00e1s\u00e1ll\u00f3s\u00e1g\u00fa poliuret\u00e1n \u00e9s nitrilkaucsuk. A hengertestet \u00e9s a menetes v\u00e9gfel\u00fcleteket finoman megmunk\u00e1lni kell a kop\u00e1s\u00e1ll\u00f3s\u00e1g jav\u00edt\u00e1sa \u00e9rdek\u00e9ben. <\/li>\n<li>Tart\u00f3ss\u00e1g: A palackot korr\u00f3zi\u00f3\u00e1ll\u00f3 anyagokb\u00f3l \u00e9s bevonatokkal kell tervezni az \u00e9lettartam\u00e1nak meghosszabb\u00edt\u00e1sa \u00e9rdek\u00e9ben.<\/li>\n<li>Biztons\u00e1g: A palackot biztons\u00e1gi berendez\u00e9sekkel, p\u00e9ld\u00e1ul t\u00falfoly\u00f3szelepekkel \u00e9s nyom\u00e1scs\u00f6kkent\u0151 szelepekkel kell felszerelni a t\u00falzott nyom\u00e1s okozta balesetek megel\u0151z\u00e9se \u00e9rdek\u00e9ben. <\/li>\n<li>Karbantarthat\u00f3s\u00e1g: A hengert \u00fagy kell megtervezni, hogy k\u00f6nnyen karbantarthat\u00f3 legyen, p\u00e9ld\u00e1ul a t\u00f6m\u00edt\u0151elemek \u00e9s alkatr\u00e9szek k\u00f6nnyen sz\u00e9tszerelhet\u0151k \u00e9s cser\u00e9lhet\u0151k. <\/li>\n<\/ul>\n<p><img decoding=\"async\" src=\"https:\/\/www.hydraulic-cylinders.net\/wp-content\/uploads\/2025\/01\/songte-oil-pipes-and-spare-parts.webp\"><\/p>\n<h2>T\u00f6m\u00edt\u00e9s \u00e9s ken\u00e9s<\/h2>\n<p>A JCB JS220LC kis kotr\u00f3g\u00e9p kan\u00e1lhengere k\u00fcl\u00f6nf\u00e9le t\u00f6m\u00edt\u0151elemeket alkalmaz a t\u00f6m\u00edt\u00e9si teljes\u00edtm\u00e9ny biztos\u00edt\u00e1sa \u00e9rdek\u00e9ben, p\u00e9ld\u00e1ul dugatty\u00fat\u00f6m\u00edt\u00e9seket, r\u00fadt\u00f6m\u00edt\u00e9seket \u00e9s ablakt\u00f6rl\u0151 t\u00f6m\u00edt\u00e9seket. J\u00f3 kop\u00e1s\u00e1ll\u00f3s\u00e1g\u00fa t\u00f6m\u00edt\u0151anyagokat, p\u00e9ld\u00e1ul poliuret\u00e1nt \u00e9s nitrilgumit haszn\u00e1lnak. A hengertest \u00e9s a menetes v\u00e9gek finom megmunk\u00e1l\u00e1s\u00faak a kop\u00e1s\u00e1ll\u00f3s\u00e1g jav\u00edt\u00e1sa \u00e9rdek\u00e9ben. A ken\u00e9shez rendszeres hidraulikaolaj-ut\u00e1nt\u00f6lt\u00e9s sz\u00fcks\u00e9ges.<\/p>\n<h2>Ellen\u0151rz\u00e9s \u00e9s megel\u0151z\u0151 karbantart\u00e1s<\/h2>\n<p>A rendszeres ellen\u0151rz\u00e9s \u00e9s a megel\u0151z\u0151 karbantart\u00e1s seg\u00edthet meghosszabb\u00edtani a JCB JS220LC kis kotr\u00f3g\u00e9p kan\u00e1lhenger\u00e9nek \u00e9lettartam\u00e1t. <\/p>\n<ul>\n<li>Rendszeres ellen\u0151rz\u00e9s: Rendszeresen ellen\u0151rizze a palackot s\u00e9r\u00fcl\u00e9sek, kop\u00e1s \u00e9s sziv\u00e1rg\u00e1s szempontj\u00e1b\u00f3l. <\/li>\n<li>Megfelel\u0151 ken\u00e9s: A hengert megfelel\u0151en kell kenni a kop\u00e1s minimaliz\u00e1l\u00e1sa \u00e9rdek\u00e9ben. <\/li>\n<li>T\u00f6m\u00edt\u00e9scsere \u00e9s kalibr\u00e1l\u00e1s ellen\u0151rz\u00e9se: A t\u00f6m\u00edt\u00e9s megfelel\u0151 teljes\u00edtm\u00e9ny\u00e9nek biztos\u00edt\u00e1sa \u00e9rdek\u00e9ben rendszeresen cser\u00e9lje ki a t\u00f6m\u00edt\u0151elemeket \u00e9s ellen\u0151rizze a kalibr\u00e1l\u00e1st. <\/li>\n<\/ul>\n<p>A telep\u00edt\u00e9s sor\u00e1n biztos\u00edtson megfelel\u0151 be\u00e1ll\u00edt\u00e1si \u00fatmutat\u00e1st a henger megfelel\u0151 beszerel\u00e9se \u00e9rdek\u00e9ben. Javasolt a megfelel\u0151 r\u00f6gz\u00edt\u0151konzolok haszn\u00e1lata a henger r\u00f6gz\u00edt\u00e9s\u00e9hez. Aj\u00e1nlott ellen\u0151rz\u00e9si, jav\u00edt\u00e1si \u00e9s csereelj\u00e1r\u00e1sokat adjon meg a JCB JS220LC kis kotr\u00f3g\u00e9p kan\u00e1lhenger\u00e9nek \u00e9lettartam\u00e1nak meghosszabb\u00edt\u00e1sa \u00e9rdek\u00e9ben.<\/p>\n<p><img decoding=\"async\" src=\"https:\/\/www.hydraulic-cylinders.net\/wp-content\/uploads\/2025\/01\/songte-chushion-collar.webp\"><\/p>\n<h2>Biztons\u00e1gi szempontok \u00e9s k\u00f6rnyezeti t\u00e9nyez\u0151k<\/h2>\n<p>A JCB JS220LC kis kotr\u00f3g\u00e9p kan\u00e1lhenger\u00e9nek haszn\u00e1lata sor\u00e1n biztons\u00e1gi int\u00e9zked\u00e9seket kell tenni, p\u00e9ld\u00e1ul ker\u00fclni kell a t\u00falterhel\u00e9st \u00e9s a t\u00falzott nyom\u00e1st a balesetek megel\u0151z\u00e9se \u00e9rdek\u00e9ben. A hidraulikaolaj \u00e9s egy\u00e9b hullad\u00e9kterm\u00e9kek megfelel\u0151 \u00e1rtalmatlan\u00edt\u00e1s\u00e1t be kell tartani a k\u00f6rnyezet v\u00e9delme \u00e9rdek\u00e9ben.<\/p>\n<h2>Hibaelh\u00e1r\u00edt\u00e1s \u00e9s gyakori probl\u00e9m\u00e1k<\/h2>\n<p>A JCB JS220LC kis kotr\u00f3g\u00e9p kan\u00e1lhenger\u00e9nek gyakori probl\u00e9m\u00e1i k\u00f6z\u00e9 tartozik a s\u00e9r\u00fcl\u00e9s, a kop\u00e1s \u00e9s a sziv\u00e1rg\u00e1s. A hibaelh\u00e1r\u00edt\u00e1s a s\u00e9r\u00fclt vagy kopott alkatr\u00e9szek ellen\u0151rz\u00e9s\u00e9vel \u00e9s cser\u00e9j\u00e9vel v\u00e9gezhet\u0151 el. <\/p>\n<h2>C\u00e9gbemutat\u00f3<\/h2>\n<p>Hidraulikus hengerek cser\u00e9j\u00e9nek gy\u00e1rt\u00f3ja vagyunk, \u00e9s teljes term\u00e9kk\u00edn\u00e1lattal rendelkez\u00fcnk. A hidraulikus hengerek egyik vezet\u0151 gy\u00e1rt\u00f3j\u00e1v\u00e1 \u00e9s nagykereskedelmi forgalmaz\u00f3j\u00e1v\u00e1 v\u00e1ltunk a hazai \u00e9s k\u00fclf\u00f6ldi piacokon. A kiv\u00e1l\u00f3 min\u0151s\u00e9g elv\u00e9t k\u00f6vetj\u00fck, a kifinomult gy\u00e1rt\u00f3m\u0171helyek iparos\u00edtott termel\u00e9sir\u00e1ny\u00edt\u00e1si strat\u00e9gi\u00e1j\u00e1ra t\u00e1maszkodunk, \u00e9s folyamatosan fejlesztj\u00fck m\u0171hely\u00fcnk gy\u00e1rt\u00e1si platformj\u00e1t m\u0171szaki tehets\u00e9gek, digit\u00e1lis cs\u00facskateg\u00f3ri\u00e1s gy\u00e1rt\u00f3berendez\u00e9sek \u00e9s professzion\u00e1lis tesztel\u0151rendszerek alkalmaz\u00e1s\u00e1val, valamint er\u0151s alkot\u00f3k\u00e9pess\u00e9ggel rendelkez\u00fcnk. Term\u00e9keinket nagy hat\u00e9konys\u00e1ggal, nagy pontoss\u00e1ggal \u00e9s kiv\u00e1l\u00f3 min\u0151s\u00e9gben gy\u00e1rtjuk, hogy megfelelj\u00fcnk az \u00fcgyfelek sokr\u00e9t\u0171 ig\u00e9nyeinek.<\/p>\n<p><img decoding=\"async\" src=\"https:\/\/hzpt.com\/wp-content\/uploads\/2024\/11\/songte-company-1.webp\"><\/p>\n<h3>Szakmaiass\u00e1g:<\/h3>\n<p>Professzion\u00e1lis m\u0171szaki k\u00e9szs\u00e9gekkel rendelkez\u00fcnk, hogy \u00e1tfog\u00f3 m\u0171szaki t\u00e1mogat\u00e1st \u00e9s konzult\u00e1ci\u00f3s szolg\u00e1ltat\u00e1sokat ny\u00fajtsunk \u00fcgyfeleinknek.<\/p>\n<h3>Nemzetk\u00f6zi min\u0151s\u00edt\u00e9s:<\/h3>\n<p>C\u00e9g\u00fcnk sz\u00e1mos nemzetk\u00f6zi tan\u00fas\u00edtv\u00e1nnyal rendelkezik, mint p\u00e9ld\u00e1ul az ISO9001 \u00e9s a CE.<\/p>\n<h3>Testreszab\u00e1si szolg\u00e1ltat\u00e1sok:<\/h3>\n<p>Testreszabott szolg\u00e1ltat\u00e1sokat tudunk ny\u00fajtani az \u00fcgyfelek speci\u00e1lis ig\u00e9nyei szerint.<\/p>\n<h3>Gy\u00e1rt\u00f3berendez\u00e9sek:<\/h3>\n<p>Korszer\u0171 gy\u00e1rt\u00f3berendez\u00e9sekkel, p\u00e9ld\u00e1ul CNC g\u00e9pekkel, robothegeszt\u00e9ssel \u00e9s fest\u0151sorokkal rendelkez\u00fcnk a term\u00e9kmin\u0151s\u00e9g \u00e9s az \u00e1lland\u00f3s\u00e1g biztos\u00edt\u00e1sa \u00e9rdek\u00e9ben.<\/p>\n<h3>\u00c9rt\u00e9kes\u00edt\u00e9s ut\u00e1ni szolg\u00e1ltat\u00e1s:<\/h3>\n<p>Id\u0151szer\u0171 \u00e9s hat\u00e9kony \u00e9rt\u00e9kes\u00edt\u00e9s ut\u00e1ni szolg\u00e1ltat\u00e1sokat ny\u00fajtunk, mint p\u00e9ld\u00e1ul m\u0171szaki t\u00e1mogat\u00e1st, karbantart\u00e1st \u00e9s jav\u00edt\u00e1st, hogy biztos\u00edtsuk az \u00fcgyfelek el\u00e9gedetts\u00e9g\u00e9t.<\/p>\n<p><img decoding=\"async\" src=\"https:\/\/www.hydraulic-cylinders.net\/wp-content\/uploads\/2025\/01\/songte-company-3.webp\"><\/p>\n<p>Szerz\u0151: lyl<\/p>","protected":false},"excerpt":{"rendered":"<p>Bucket Cylinder For JCB Small Excavator JS220LC Introduction The bucket cylinder for JCB small excavator JS220LC is a specially designed hydraulic cylinder, mainly used to control the movement of the bucket in heavy machinery such as excavators, backhoe loaders, and front loaders. Its main function is to enable the bucket to lift, lower, and tilt, [&hellip;]<\/p>","protected":false},"featured_media":14784,"comment_status":"open","ping_status":"closed","template":"","meta":{"_et_pb_use_builder":"","_et_pb_old_content":"","_et_gb_content_width":""},"product_brand":[],"product_cat":[1494],"product_tag":[1495,1496],"class_list":{"0":"post-15196","1":"product","2":"type-product","3":"status-publish","4":"has-post-thumbnail","6":"product_cat-bucket-cylinders","7":"product_tag-bucket-cylinders","8":"product_tag-hydraulic-cylinders","10":"first","11":"instock","12":"shipping-taxable","13":"product-type-simple"},"amp_enabled":true,"_links":{"self":[{"href":"https:\/\/www.hydraulic-cylinders.net\/hu\/wp-json\/wp\/v2\/product\/15196","targetHints":{"allow":["GET"]}}],"collection":[{"href":"https:\/\/www.hydraulic-cylinders.net\/hu\/wp-json\/wp\/v2\/product"}],"about":[{"href":"https:\/\/www.hydraulic-cylinders.net\/hu\/wp-json\/wp\/v2\/types\/product"}],"replies":[{"embeddable":true,"href":"https:\/\/www.hydraulic-cylinders.net\/hu\/wp-json\/wp\/v2\/comments?post=15196"}],"wp:featuredmedia":[{"embeddable":true,"href":"https:\/\/www.hydraulic-cylinders.net\/hu\/wp-json\/wp\/v2\/media\/14784"}],"wp:attachment":[{"href":"https:\/\/www.hydraulic-cylinders.net\/hu\/wp-json\/wp\/v2\/media?parent=15196"}],"wp:term":[{"taxonomy":"product_brand","embeddable":true,"href":"https:\/\/www.hydraulic-cylinders.net\/hu\/wp-json\/wp\/v2\/product_brand?post=15196"},{"taxonomy":"product_cat","embeddable":true,"href":"https:\/\/www.hydraulic-cylinders.net\/hu\/wp-json\/wp\/v2\/product_cat?post=15196"},{"taxonomy":"product_tag","embeddable":true,"href":"https:\/\/www.hydraulic-cylinders.net\/hu\/wp-json\/wp\/v2\/product_tag?post=15196"}],"curies":[{"name":"munkaf\u00fczet","href":"https:\/\/api.w.org\/{rel}","templated":true}]}}