{"id":15198,"date":"2025-01-19T14:13:39","date_gmt":"2025-01-19T14:13:39","guid":{"rendered":"https:\/\/www.hydraulic-cylinders.net\/product\/bucket-cylinder-for-jcb-small-excavator-js290lc\/"},"modified":"2025-01-19T14:13:41","modified_gmt":"2025-01-19T14:13:41","slug":"bucket-cylinder-for-jcb-small-excavator-js290lc","status":"publish","type":"product","link":"https:\/\/www.hydraulic-cylinders.net\/hu\/termek\/bucket-cylinder-for-jcb-small-excavator-js290lc\/","title":{"rendered":"Kan\u00e1lhenger JCB kis kotr\u00f3g\u00e9phez JS290LC"},"content":{"rendered":"<p><!DOCTYPE html><br \/>\n<html><\/p>\n<p><head><br \/>\n    <title>Kan\u00e1lhenger JCB kis kotr\u00f3g\u00e9phez JS290LC<\/title><br \/>\n<\/head><\/p>\n<p><body><\/p>\n<h1>Kan\u00e1lhenger JCB kis kotr\u00f3g\u00e9phez JS290LC<\/h1>\n<h2>Bevezet\u00e9s<\/h2>\n<p>A kan\u00e1lhenger egy kifejezetten a neh\u00e9zg\u00e9pek, p\u00e9ld\u00e1ul kotr\u00f3g\u00e9pek, kotr\u00f3g\u00e9pek \u00e9s kerekes rakod\u00f3g\u00e9pek kan\u00e1lj\u00e1nak mozg\u00e1s\u00e1nak vez\u00e9rl\u00e9s\u00e9re szolg\u00e1l\u00f3 hidraulikus henger. F\u0151 funkci\u00f3ja a kan\u00e1l emel\u00e9se, s\u00fcllyeszt\u00e9se \u00e9s billent\u00e9se, megk\u00f6nny\u00edtve a k\u00fcl\u00f6nf\u00e9le anyagmozgat\u00e1si feladatokat. A hidraulikus rendszerben a kan\u00e1lhenger a hidraulikaolaj nyom\u00e1sv\u00e1ltoz\u00e1sainak felhaszn\u00e1l\u00e1s\u00e1val \u00e9ri el a kan\u00e1l pontos vez\u00e9rl\u00e9s\u00e9t, lehet\u0151v\u00e9 t\u00e9ve a kezel\u0151k sz\u00e1m\u00e1ra a neh\u00e9z terhek hat\u00e9kony kezel\u00e9s\u00e9t, valamint az \u00f6sszetett munkak\u00f6rnyezetekhez \u00e9s a v\u00e1ltozatos m\u0171k\u00f6d\u00e9si k\u00f6vetelm\u00e9nyekhez val\u00f3 alkalmazkod\u00e1st.<\/p>\n<p>    <img decoding=\"async\" src=\"https:\/\/www.hydraulic-cylinders.net\/wp-content\/uploads\/2025\/01\/songte-company-2.webp\"><\/p>\n<h2>Jellemz\u0151k<\/h2>\n<ul>\n<li>Nagy szil\u00e1rds\u00e1g \u00e9s tart\u00f3ss\u00e1g: \u00c1ltal\u00e1ban nagy szil\u00e1rds\u00e1g\u00fa ac\u00e9lb\u00f3l vagy alum\u00edniumb\u00f3l k\u00e9sz\u00fcl, k\u00e9pes ellen\u00e1llni a nagy nyom\u00e1snak \u00e9s a nagy terhel\u00e9seknek, alkalmazkodik a zord munkak\u00f6rnyezethez, \u00e9s a kop\u00e1s\u00e1ll\u00f3s\u00e1g \u00e9s a korr\u00f3zi\u00f3\u00e1ll\u00f3s\u00e1g figyelembev\u00e9tel\u00e9vel tervezt\u00e9k az \u00e9lettartam meghosszabb\u00edt\u00e1sa \u00e9rdek\u00e9ben.<\/li>\n<li>Hat\u00e9kony hidraulikus m\u0171k\u00f6d\u00e9s: A hidraulikaolaj nyom\u00e1s\u00e1t haszn\u00e1lja ki a sima kitol\u00e1si \u00e9s visszah\u00faz\u00e1si m\u0171veletekhez, k\u00e9pes gyorsan reag\u00e1lni a vez\u00e9rl\u0151parancsokra, er\u0151teljes tol\u00f3- \u00e9s h\u00faz\u00f3er\u0151t biztos\u00edtva, alkalmas neh\u00e9z terhek \u00e9s \u00f6sszetett m\u0171k\u00f6d\u00e9si feladatok kezel\u00e9s\u00e9re.<\/li>\n<li>K\u00fcl\u00f6nb\u00f6z\u0151 t\u00edpusok: Ig\u00e9ny szerint v\u00e1laszthat\u00f3 egyszeres m\u0171k\u00f6d\u00e9s\u0171 (csak egy ir\u00e1nyban hidraulikusan haszn\u00e1lhat\u00f3) vagy kett\u0151s m\u0171k\u00f6d\u00e9s\u0171 (k\u00e9t ir\u00e1nyban hidraulikusan haszn\u00e1lhat\u00f3) hengerk\u00e9nt, egyes modellek teleszk\u00f3posak, \u00edgy nagyobb kiny\u00fal\u00e1st tesznek lehet\u0151v\u00e9 a k\u00fcls\u0151 m\u00e9retek n\u00f6vel\u00e9se n\u00e9lk\u00fcl, \u00edgy alkalmasak korl\u00e1tozott helyig\u00e9ny\u0171 alkalmaz\u00e1sokhoz.<\/li>\n<\/ul>\n<p>    <img decoding=\"async\" src=\"https:\/\/www.hydraulic-cylinders.net\/wp-content\/uploads\/2025\/01\/songte-cylinder-head-with-all-kinds-excavator-models.webp\"><\/p>\n<h2>Alkalmaz\u00e1sok<\/h2>\n<ul>\n<li>\u00c9p\u00edt\u0151ipari berendez\u00e9sek: Kotr\u00f3g\u00e9pekben tal\u00e1lhat\u00f3k, kulcsfontoss\u00e1g\u00faak az \u00e1s\u00e1shoz, rakod\u00e1shoz \u00e9s a talaj vagy t\u00f6rmel\u00e9k mozgat\u00e1s\u00e1hoz. A kotr\u00f3g\u00e9p-rakod\u00f3kban a kan\u00e1lhenger mind az \u00e1s\u00e1st, mind az emel\u00e9st seg\u00edti.<\/li>\n<li>Mez\u0151gazdas\u00e1gi g\u00e9pek: Homlokrakod\u00f3kban haszn\u00e1lj\u00e1k talaj, sz\u00e9na \u00e9s egy\u00e9b anyagok \u00e1s\u00e1s\u00e1ra, emel\u00e9s\u00e9re \u00e9s sz\u00e1ll\u00edt\u00e1s\u00e1ra.<\/li>\n<li>Kotr\u00f3g\u00e9pek: A kan\u00e1lhenger lehet\u0151v\u00e9 teszi az \u00e1s\u00e1si m\u0171veleteket az\u00e1ltal, hogy lehet\u0151v\u00e9 teszi a kan\u00e1l talajba val\u00f3 behatol\u00e1s\u00e1t.<\/li>\n<li>Kerekes rakod\u00f3k: A kerekes rakod\u00f3kban seg\u00edtik az \u00e1ruk hat\u00e9kony emel\u00e9s\u00e9t \u00e9s lerak\u00e1s\u00e1t.<\/li>\n<\/ul>\n<h2>Tervez\u00e9si szempontok \u00e9s kiv\u00e1laszt\u00e1si szabv\u00e1nyok<\/h2>\n<ul>\n<li>Teherb\u00edr\u00e1s: A kan\u00e1lhengert meghat\u00e1rozott terhel\u00e9sek elvisel\u00e9s\u00e9re tervezt\u00e9k, \u00e9s a tervezett alkalmaz\u00e1s alapj\u00e1n kell kiv\u00e1lasztani.<\/li>\n<li>T\u00f6m\u00edt\u00e9s: K\u00fcl\u00f6nb\u00f6z\u0151 t\u00f6m\u00edt\u0151elemeket, p\u00e9ld\u00e1ul dugatty\u00fat\u00f6m\u00edt\u00e9seket \u00e9s r\u00fadt\u00f6m\u00edt\u00e9seket haszn\u00e1lnak a megfelel\u0151 t\u00f6m\u00edt\u00e9s biztos\u00edt\u00e1s\u00e1ra \u00e9s a sziv\u00e1rg\u00e1s megakad\u00e1lyoz\u00e1s\u00e1ra.<\/li>\n<li>Tart\u00f3ss\u00e1g: A henger anyagait \u00e9s fel\u00fcletkezel\u00e9s\u00e9t a kop\u00e1s\u00e1ll\u00f3s\u00e1g fokoz\u00e1sa \u00e9rdek\u00e9ben v\u00e1lasztott\u00e1k ki.<\/li>\n<li>Biztons\u00e1g: A balesetek megel\u0151z\u00e9se \u00e9rdek\u00e9ben biztons\u00e1gi funkci\u00f3k, p\u00e9ld\u00e1ul nyom\u00e1scs\u00f6kkent\u0151 szelepek vannak be\u00e9p\u00edtve.<\/li>\n<li>Karbantarthat\u00f3s\u00e1g: Figyelembe veszik az alkatr\u00e9szek k\u00f6nny\u0171 hozz\u00e1f\u00e9rhet\u0151s\u00e9g\u00e9t karbantart\u00e1si \u00e9s jav\u00edt\u00e1si c\u00e9lokra.<\/li>\n<\/ul>\n<p>    <img decoding=\"async\" src=\"https:\/\/www.hydraulic-cylinders.net\/wp-content\/uploads\/2025\/01\/songte-oil-pipes-and-spare-parts.webp\"><\/p>\n<h2>T\u00f6m\u00edt\u00e9s \u00e9s ken\u00e9s<\/h2>\n<p>A kan\u00e1lhenger k\u00fcl\u00f6nf\u00e9le t\u00f6m\u00edt\u00e9seket haszn\u00e1l, p\u00e9ld\u00e1ul dugatty\u00fat\u00f6m\u00edt\u00e9seket \u00e9s r\u00fadt\u00f6m\u00edt\u00e9seket, amelyek kop\u00e1s\u00e1ll\u00f3 anyagokb\u00f3l, p\u00e9ld\u00e1ul poliuret\u00e1nb\u00f3l \u00e9s nitrilgumib\u00f3l k\u00e9sz\u00fclnek. A hengertest \u00e9s a menetes v\u00e9gek prec\u00edz megmunk\u00e1l\u00e1son esnek \u00e1t a kop\u00e1s\u00e1ll\u00f3s\u00e1g jav\u00edt\u00e1sa \u00e9rdek\u00e9ben. A z\u00f6kken\u0151mentes m\u0171k\u00f6d\u00e9s biztos\u00edt\u00e1s\u00e1hoz rendszeres ken\u00e9s sz\u00fcks\u00e9ges a megfelel\u0151 mennyis\u00e9g\u0171 hidraulikaolajjal.<\/p>\n<h2>Rendszeres ellen\u0151rz\u00e9s \u00e9s megel\u0151z\u0151 karbantart\u00e1s<\/h2>\n<ul>\n<li>Rendszeres ellen\u0151rz\u00e9seket kell v\u00e9gezni a kop\u00e1s, s\u00e9r\u00fcl\u00e9s vagy sziv\u00e1rg\u00e1s jeleinek \u00e9szlel\u00e9se \u00e9rdek\u00e9ben.<\/li>\n<li>A t\u00falzott s\u00farl\u00f3d\u00e1s \u00e9s az id\u0151 el\u0151tti kop\u00e1s elker\u00fcl\u00e9se \u00e9rdek\u00e9ben megfelel\u0151 ken\u00e9st kell biztos\u00edtani.<\/li>\n<li>A t\u00f6m\u00edt\u00e9seket ki kell cser\u00e9lni, ha kop\u00e1s vagy s\u00e9r\u00fcl\u00e9s jeleit \u00e9szlelik.<\/li>\n<li>A pontos m\u0171k\u00f6d\u00e9s biztos\u00edt\u00e1sa \u00e9rdek\u00e9ben kalibr\u00e1ci\u00f3s ellen\u0151rz\u00e9seket kell v\u00e9gezni.<\/li>\n<\/ul>\n<h2>Helyes term\u00e9ktelep\u00edt\u00e9si \u00fatmutat\u00f3<\/h2>\n<p>A serleghenger megfelel\u0151 beszerel\u00e9se elengedhetetlen az optim\u00e1lis teljes\u00edtm\u00e9nyhez. A beszerel\u00e9s sor\u00e1n fontos a henger megfelel\u0151 be\u00e1ll\u00edt\u00e1sa. A henger r\u00f6gz\u00edt\u00e9s\u00e9hez megfelel\u0151 r\u00f6gz\u00edt\u0151konzolok haszn\u00e1lata javasolt. Az aj\u00e1nlott ellen\u0151rz\u00e9si, jav\u00edt\u00e1si \u00e9s csereelj\u00e1r\u00e1sok betart\u00e1sa seg\u00edt meghosszabb\u00edtani a henger \u00e9lettartam\u00e1t.<\/p>\n<p>    <img decoding=\"async\" src=\"https:\/\/www.hydraulic-cylinders.net\/wp-content\/uploads\/2025\/01\/songte-chushion-collar.webp\"><\/p>\n<h2>Biztons\u00e1gi szempontok \u00e9s k\u00f6rnyezeti t\u00e9nyez\u0151k<\/h2>\n<p>A serleges adagol\u00f3 haszn\u00e1latakor fontos a biztons\u00e1gi int\u00e9zked\u00e9sek priorit\u00e1sk\u00e9nt val\u00f3 kezel\u00e9se a balesetek megel\u0151z\u00e9se, valamint a kezel\u0151k \u00e9s a k\u00f6rnyez\u0151 szem\u00e9lyzet j\u00f3l\u00e9t\u00e9nek biztos\u00edt\u00e1sa \u00e9rdek\u00e9ben. A biztons\u00e1gi protokollok \u00e9s ir\u00e1nyelvek betart\u00e1sa kulcsfontoss\u00e1g\u00fa.<\/p>\n<h2>Hibadiagn\u00f3zis \u00e9s gyakori probl\u00e9m\u00e1k<\/h2>\n<p>A kan\u00e1lhengerrel kapcsolatos gyakori probl\u00e9m\u00e1k k\u00f6z\u00e9 tartozhat a sziv\u00e1rg\u00e1s, az el\u00e9gtelen teljes\u00edtm\u00e9ny \u00e9s a rendellenes mozg\u00e1sok. Hibaelh\u00e1r\u00edt\u00e1si tippeket \u00e9s megold\u00e1sokat kell biztos\u00edtani, hogy az olvas\u00f3k hat\u00e9konyan diagnosztiz\u00e1lhass\u00e1k \u00e9s kezelhess\u00e9k ezeket a probl\u00e9m\u00e1kat. A megel\u0151z\u0151 int\u00e9zked\u00e9sek hangs\u00falyoz\u00e1sa seg\u00edthet minimaliz\u00e1lni a potenci\u00e1lis probl\u00e9m\u00e1kat.<\/p>\n<p>    <img decoding=\"async\" src=\"https:\/\/www.hydraulic-cylinders.net\/wp-content\/uploads\/2025\/01\/songte-bushings-with-all-kinds-of-excavator-models.webp\"><\/p>\n<h2>K\u00f6vetkeztet\u00e9s<\/h2>\n<p>\u00d6sszefoglalva, a JCB JS290LC kis kotr\u00f3g\u00e9p kan\u00e1lhengere l\u00e9tfontoss\u00e1g\u00fa szerepet j\u00e1tszik a neh\u00e9zg\u00e9pek hat\u00e9kony m\u0171k\u00f6d\u00e9s\u00e9ben. Nagy szil\u00e1rds\u00e1got, tart\u00f3ss\u00e1got \u00e9s hat\u00e9kony hidraulikus vez\u00e9rl\u00e9st k\u00edn\u00e1l, \u00edgy alkalmass\u00e1 teszi k\u00fcl\u00f6nf\u00e9le alkalmaz\u00e1sokhoz az \u00e9p\u00edt\u0151iparban, a mez\u0151gazdas\u00e1gban \u00e9s a f\u00f6ldmunk\u00e1kban. A megfelel\u0151 tervez\u00e9si szempontok, t\u00f6m\u00edt\u00e9s, ken\u00e9s, karbantart\u00e1s \u00e9s biztons\u00e1gi int\u00e9zked\u00e9sek elengedhetetlenek az optim\u00e1lis teljes\u00edtm\u00e9ny \u00e9s a hossz\u00fa \u00e9lettartam \u00e9rdek\u00e9ben. A hidraulikus hengerek vezet\u0151 gy\u00e1rt\u00f3jak\u00e9nt \u00e9s nagykeresked\u0151jek\u00e9nt c\u00e9g\u00fcnk elk\u00f6telezett a kiv\u00e1l\u00f3 min\u0151s\u00e9g\u0171 term\u00e9kek sz\u00e9les v\u00e1laszt\u00e9k\u00e1nak, a szem\u00e9lyre szabott szolg\u00e1ltat\u00e1soknak \u00e9s a megb\u00edzhat\u00f3 \u00e9rt\u00e9kes\u00edt\u00e9s ut\u00e1ni t\u00e1mogat\u00e1snak a biztos\u00edt\u00e1sa ir\u00e1nt.<\/p>\n<p>    <img decoding=\"async\" src=\"https:\/\/www.hydraulic-cylinders.net\/wp-content\/uploads\/2025\/01\/songte-company-3.webp\"><\/p>\n<p>Szerz\u0151: lyl<\/p>\n<p><\/body><\/p>\n<p><\/html><\/p>","protected":false},"excerpt":{"rendered":"<p>Bucket Cylinder For JCB Small Excavator JS290LC Bucket Cylinder For JCB Small Excavator JS290LC Introduction The bucket cylinder is a specifically designed hydraulic cylinder used to control the movement of the bucket in heavy machinery such as excavators, backhoe loaders, and wheel loaders. Its main function is to enable the lifting, lowering, and tilting of [&hellip;]<\/p>","protected":false},"featured_media":14780,"comment_status":"open","ping_status":"closed","template":"","meta":{"_et_pb_use_builder":"","_et_pb_old_content":"","_et_gb_content_width":""},"product_brand":[],"product_cat":[1494],"product_tag":[1495,1496],"class_list":{"0":"post-15198","1":"product","2":"type-product","3":"status-publish","4":"has-post-thumbnail","6":"product_cat-bucket-cylinders","7":"product_tag-bucket-cylinders","8":"product_tag-hydraulic-cylinders","10":"first","11":"instock","12":"shipping-taxable","13":"product-type-simple"},"amp_enabled":true,"_links":{"self":[{"href":"https:\/\/www.hydraulic-cylinders.net\/hu\/wp-json\/wp\/v2\/product\/15198","targetHints":{"allow":["GET"]}}],"collection":[{"href":"https:\/\/www.hydraulic-cylinders.net\/hu\/wp-json\/wp\/v2\/product"}],"about":[{"href":"https:\/\/www.hydraulic-cylinders.net\/hu\/wp-json\/wp\/v2\/types\/product"}],"replies":[{"embeddable":true,"href":"https:\/\/www.hydraulic-cylinders.net\/hu\/wp-json\/wp\/v2\/comments?post=15198"}],"wp:featuredmedia":[{"embeddable":true,"href":"https:\/\/www.hydraulic-cylinders.net\/hu\/wp-json\/wp\/v2\/media\/14780"}],"wp:attachment":[{"href":"https:\/\/www.hydraulic-cylinders.net\/hu\/wp-json\/wp\/v2\/media?parent=15198"}],"wp:term":[{"taxonomy":"product_brand","embeddable":true,"href":"https:\/\/www.hydraulic-cylinders.net\/hu\/wp-json\/wp\/v2\/product_brand?post=15198"},{"taxonomy":"product_cat","embeddable":true,"href":"https:\/\/www.hydraulic-cylinders.net\/hu\/wp-json\/wp\/v2\/product_cat?post=15198"},{"taxonomy":"product_tag","embeddable":true,"href":"https:\/\/www.hydraulic-cylinders.net\/hu\/wp-json\/wp\/v2\/product_tag?post=15198"}],"curies":[{"name":"munkaf\u00fczet","href":"https:\/\/api.w.org\/{rel}","templated":true}]}}