{"id":15204,"date":"2025-01-19T14:14:09","date_gmt":"2025-01-19T14:14:09","guid":{"rendered":"https:\/\/www.hydraulic-cylinders.net\/product\/bucket-cylinder-for-caterpillar-small-excavator-e312dl\/"},"modified":"2025-01-19T14:14:11","modified_gmt":"2025-01-19T14:14:11","slug":"bucket-cylinder-for-caterpillar-small-excavator-e312dl","status":"publish","type":"product","link":"https:\/\/www.hydraulic-cylinders.net\/hu\/termek\/bucket-cylinder-for-caterpillar-small-excavator-e312dl\/","title":{"rendered":"Kan\u00e1lhenger Caterpillar kis kotr\u00f3g\u00e9phez E312DL"},"content":{"rendered":"<p><!DOCTYPE html><br \/>\n<html><br \/>\n<head><br \/>\n<title>Kan\u00e1lhenger Caterpillar kis kotr\u00f3g\u00e9phez E312DL<\/title><br \/>\n<\/head><br \/>\n<body><\/p>\n<h1>Kan\u00e1lhenger Caterpillar kis kotr\u00f3g\u00e9phez E312DL<\/h1>\n<h2>Bevezet\u00e9s<\/h2>\n<p>A Caterpillar E312DL kis kotr\u00f3g\u00e9p kan\u00e1lhengere egy speci\u00e1lisan tervezett hidraulikus henger, amely a kan\u00e1l mozg\u00e1s\u00e1t vez\u00e9rli neh\u00e9zg\u00e9pekben, p\u00e9ld\u00e1ul kotr\u00f3g\u00e9pekben, kotr\u00f3rakod\u00f3kban \u00e9s homlokrakod\u00f3kban. F\u0151 funkci\u00f3ja a kan\u00e1l emel\u00e9se, s\u00fcllyeszt\u00e9se \u00e9s billent\u00e9se, \u00edgy k\u00e9nyelmesen haszn\u00e1lhat\u00f3 k\u00fcl\u00f6nf\u00e9le anyagmozgat\u00e1si feladatokhoz. Egy hidraulikus rendszerben a kan\u00e1lhenger a hidraulikaolaj nyom\u00e1s\u00e1nak v\u00e1ltoztat\u00e1s\u00e1val \u00e9ri el a kan\u00e1l pontos vez\u00e9rl\u00e9s\u00e9t, lehet\u0151v\u00e9 t\u00e9ve a kezel\u0151k sz\u00e1m\u00e1ra, hogy hat\u00e9konyan kezelj\u00e9k a neh\u00e9z terheket, \u00e9s alkalmazkodjanak az \u00f6sszetett munkak\u00f6rnyezetekhez \u00e9s a v\u00e1ltozatos munkak\u00f6vetelm\u00e9nyekhez.<\/p>\n<p><img decoding=\"async\" src=\"https:\/\/www.hydraulic-cylinders.net\/wp-content\/uploads\/2025\/01\/songte-company-2.webp\" alt=\"V\u00f6d\u00f6r henger k\u00e9pe\"><\/p>\n<h2>Jellemz\u0151k<\/h2>\n<ul>\n<li>Nagy szil\u00e1rds\u00e1g \u00e9s tart\u00f3ss\u00e1g: \u00c1ltal\u00e1ban nagy szil\u00e1rds\u00e1g\u00fa ac\u00e9lb\u00f3l vagy alum\u00edniumb\u00f3l k\u00e9sz\u00fcl, \u00edgy ellen\u00e1ll a nagy nyom\u00e1snak \u00e9s a neh\u00e9z terhel\u00e9seknek, alkalmazkodva a zord munkak\u00f6rnyezethez. A kialak\u00edt\u00e1s sor\u00e1n figyelembe vett\u00e9k a kop\u00e1s\u00e1ll\u00f3s\u00e1got \u00e9s a korr\u00f3zi\u00f3\u00e1ll\u00f3s\u00e1got az \u00e9lettartam meghosszabb\u00edt\u00e1sa \u00e9rdek\u00e9ben.<\/li>\n<li>Hat\u00e9kony hidraulikus m\u0171k\u00f6d\u00e9s: A hidraulikaolaj nyom\u00e1s\u00e1t kihaszn\u00e1lva sima kitol\u00e1si \u00e9s visszah\u00faz\u00e1si m\u0171veleteket \u00e9r el, gyorsan reag\u00e1l a vez\u00e9rl\u0151parancsokra, er\u0151teljes tol\u00f3- \u00e9s h\u00faz\u00f3er\u0151t biztos\u00edt, \u00e9s alkalmas neh\u00e9z terhek \u00e9s \u00f6sszetett munkafeladatok kezel\u00e9s\u00e9re.<\/li>\n<li>K\u00fcl\u00f6nb\u00f6z\u0151 t\u00edpusok: Az ig\u00e9nyeknek megfelel\u0151en egyszeres m\u0171k\u00f6d\u00e9s\u0171 (csak egy ir\u00e1nyban hidraulikusan m\u0171k\u00f6dtetett) vagy kett\u0151s m\u0171k\u00f6d\u00e9s\u0171 (mindk\u00e9t ir\u00e1nyban hidraulikusan m\u0171k\u00f6dtetett) hengerek v\u00e1laszthat\u00f3k, egyes modellek teleszk\u00f3posak, \u00edgy nagyobb kiny\u00fal\u00e1st tesznek lehet\u0151v\u00e9 a k\u00fcls\u0151 m\u00e9retek n\u00f6vel\u00e9se n\u00e9lk\u00fcl, \u00edgy alkalmasak korl\u00e1tozott helyig\u00e9ny\u0171 alkalmaz\u00e1sokhoz.<\/li>\n<li>K\u00f6zvetlen csere: Term\u00e9k\u00fcnk t\u00f6k\u00e9letesen helyettes\u00edtheti ezeket a hidraulikus hengereket.<\/li>\n<\/ul>\n<p><img decoding=\"async\" src=\"https:\/\/www.hydraulic-cylinders.net\/wp-content\/uploads\/2025\/01\/songte-cylinder-head-with-all-kinds-excavator-models.webp\" alt=\"Term\u00e9kk\u00e9p\"><\/p>\n<h2>Alkalmaz\u00e1sok<\/h2>\n<ul>\n<li>\u00c9p\u00edt\u0151ipari berendez\u00e9sek: Kotr\u00f3g\u00e9pekben tal\u00e1lhat\u00f3k, elengedhetetlenek az \u00e1s\u00e1shoz, a talaj vagy t\u00f6rmel\u00e9k rakod\u00e1s\u00e1hoz \u00e9s mozgat\u00e1s\u00e1hoz. A kotr\u00f3g\u00e9p-rakod\u00f3kban a kan\u00e1lhenger mind a f\u00f6ldmunk\u00e1ban, mind az emel\u00e9sben seg\u00edt.<\/li>\n<li>Mez\u0151gazdas\u00e1gi g\u00e9pek: Homlokrakod\u00f3kban haszn\u00e1lj\u00e1k talaj, sz\u00e9na \u00e9s egy\u00e9b anyagok \u00e1s\u00e1s\u00e1ra, emel\u00e9s\u00e9re \u00e9s sz\u00e1ll\u00edt\u00e1s\u00e1ra.<\/li>\n<li>Kotr\u00f3g\u00e9pek: A kan\u00e1lhenger lehet\u0151v\u00e9 teszi az \u00e1s\u00e1si m\u0171veleteket az\u00e1ltal, hogy lehet\u0151v\u00e9 teszi a kan\u00e1l talajba val\u00f3 behatol\u00e1s\u00e1t.<\/li>\n<li>Rakod\u00f3k: A homlokrakod\u00f3kban seg\u00edtik az \u00e1ruk hat\u00e9kony emel\u00e9s\u00e9t \u00e9s lerak\u00e1s\u00e1t.<\/li>\n<\/ul>\n<h2>Tervez\u00e9si szempontok \u00e9s kiv\u00e1laszt\u00e1si krit\u00e9riumok<\/h2>\n<ul>\n<li>Teherb\u00edr\u00e1s: Besz\u00e9lje meg a henger teherb\u00edr\u00e1s\u00e1t.<\/li>\n<li>T\u00f6m\u00edt\u00e9s: Magyar\u00e1zza el a hat\u00e9kony t\u00f6m\u00edt\u00e9s fontoss\u00e1g\u00e1t a sziv\u00e1rg\u00e1sok megel\u0151z\u00e9se \u00e9rdek\u00e9ben.<\/li>\n<li>Tart\u00f3ss\u00e1g: Besz\u00e9lj\u00e9tek meg a henger kop\u00e1s- \u00e9s korr\u00f3zi\u00f3\u00e1ll\u00f3s\u00e1g\u00e1t.<\/li>\n<li>Biztons\u00e1g: A tervez\u00e9s sor\u00e1n figyelembe kell venni a biztons\u00e1gi szempontokat.<\/li>\n<li>Karbantarthat\u00f3s\u00e1g: Besz\u00e9lje meg a karbantart\u00e1s \u00e9s a jav\u00edt\u00e1s egyszer\u0171s\u00e9g\u00e9t.<\/li>\n<\/ul>\n<p><img decoding=\"async\" src=\"https:\/\/www.hydraulic-cylinders.net\/wp-content\/uploads\/2025\/01\/songte-oil-pipes-and-spare-parts.webp\" alt=\"Term\u00e9kk\u00e9p\"><\/p>\n<h2>T\u00f6m\u00edt\u00e9s \u00e9s ken\u00e9s<\/h2>\n<p>A serleghenger k\u00fcl\u00f6nf\u00e9le t\u00f6m\u00edt\u0151elemeket haszn\u00e1l, p\u00e9ld\u00e1ul dugatty\u00fat\u00f6m\u00edt\u00e9seket \u00e9s r\u00fadt\u00f6m\u00edt\u00e9seket, amelyek tart\u00f3s anyagokb\u00f3l, p\u00e9ld\u00e1ul poliuret\u00e1nb\u00f3l \u00e9s nitrilgumib\u00f3l k\u00e9sz\u00fclnek. A hengertest \u00e9s a menetes v\u00e9gek finoman megmunk\u00e1ltak a kop\u00e1s\u00e1ll\u00f3s\u00e1g jav\u00edt\u00e1sa \u00e9rdek\u00e9ben. A megfelel\u0151 mennyis\u00e9g\u0171 hidraulikaolajjal t\u00f6rt\u00e9n\u0151 rendszeres ken\u00e9s sz\u00fcks\u00e9ges a z\u00f6kken\u0151mentes m\u0171k\u00f6d\u00e9s biztos\u00edt\u00e1s\u00e1hoz \u00e9s a henger \u00e9lettartam\u00e1nak meghosszabb\u00edt\u00e1s\u00e1hoz.<\/p>\n<h2>Rendszeres ellen\u0151rz\u00e9s \u00e9s megel\u0151z\u0151 karbantart\u00e1s<\/h2>\n<ul>\n<li>Rendszeresen ellen\u0151rizze a hengert s\u00e9r\u00fcl\u00e9s vagy kop\u00e1s jelei szempontj\u00e1b\u00f3l.<\/li>\n<li>Biztos\u00edtsa a megfelel\u0151 ken\u00e9st.<\/li>\n<li>Cser\u00e9lje ki a t\u00f6m\u00edt\u00e9seket, amikor sz\u00fcks\u00e9ges.<\/li>\n<li>V\u00e9gezzen kalibr\u00e1ci\u00f3s ellen\u0151rz\u00e9seket az optim\u00e1lis teljes\u00edtm\u00e9ny fenntart\u00e1sa \u00e9rdek\u00e9ben.<\/li>\n<\/ul>\n<h2>Telep\u00edt\u00e9si \u00fatmutat\u00f3<\/h2>\n<p>A megfelel\u0151 beszerel\u00e9s kulcsfontoss\u00e1g\u00fa a kan\u00e1lhenger teljes\u00edtm\u00e9ny\u00e9hez. Adjon \u00fatmutat\u00e1st a henger megfelel\u0151 be\u00e1ll\u00edt\u00e1s\u00e1hoz, \u00e9s javasolja a megfelel\u0151 r\u00f6gz\u00edt\u0151konzolok haszn\u00e1lat\u00e1t a henger r\u00f6gz\u00edt\u00e9s\u00e9hez. Tartalmazzon l\u00e9p\u00e9sr\u0151l l\u00e9p\u00e9sre sz\u00f3l\u00f3 utas\u00edt\u00e1sokat, aj\u00e1nlott ellen\u0151rz\u00e9si, jav\u00edt\u00e1si \u00e9s csere elj\u00e1r\u00e1sokat, valamint tippeket a henger \u00e9lettartam\u00e1nak meghosszabb\u00edt\u00e1s\u00e1ra.<\/p>\n<p><img decoding=\"async\" src=\"https:\/\/www.hydraulic-cylinders.net\/wp-content\/uploads\/2025\/01\/songte-chushion-collar.webp\" alt=\"Term\u00e9kk\u00e9p\"><\/p>\n<h2>Biztons\u00e1gi szempontok \u00e9s k\u00f6rnyezeti t\u00e9nyez\u0151k<\/h2>\n<p>Besz\u00e9lj\u00e9tek meg a biztons\u00e1gi int\u00e9zked\u00e9sek fontoss\u00e1g\u00e1t a serleghenger haszn\u00e1latakor, \u00e9s foglalkozzatok a m\u0171k\u00f6d\u00e9s\u00e9vel kapcsolatos k\u00f6rnyezetv\u00e9delmi agg\u00e1lyokkal.<\/p>\n<h2>Hibaelh\u00e1r\u00edt\u00e1s \u00e9s gyakori probl\u00e9m\u00e1k<\/h2>\n<p>Azonos\u00edtsa a kan\u00e1lhengerrel felmer\u00fcl\u0151 gyakori probl\u00e9m\u00e1kat, \u00e9s adjon hibaelh\u00e1r\u00edt\u00e1si tippeket \u00e9s megold\u00e1sokat, amelyek seg\u00edtik az olvas\u00f3kat a probl\u00e9m\u00e1k hat\u00e9kony diagnosztiz\u00e1l\u00e1s\u00e1ban \u00e9s megold\u00e1s\u00e1ban. Javasoljon megel\u0151z\u0151 int\u00e9zked\u00e9seket a lehets\u00e9ges probl\u00e9m\u00e1k minimaliz\u00e1l\u00e1sa \u00e9rdek\u00e9ben.<\/p>\n<p><img decoding=\"async\" src=\"https:\/\/www.hydraulic-cylinders.net\/wp-content\/uploads\/2025\/01\/songte-bushings-with-all-kinds-of-excavator-models.webp\" alt=\"Term\u00e9kk\u00e9p\"><\/p>\n<p>Ne felejtsd el logikusan fel\u00e9p\u00edteni a cikket, haszn\u00e1lj alc\u00edmeket a k\u00f6nny\u0171 navig\u00e1ci\u00f3 \u00e9rdek\u00e9ben, \u00e9p\u00edts be relev\u00e1ns k\u00e9peket vagy diagramokat a jobb meg\u00e9rt\u00e9s \u00e9rdek\u00e9ben, \u00e9s \u00fcgyelj arra, hogy a tartalom vil\u00e1gos, t\u00f6m\u00f6r \u00e9s megfelel\u0151 legyen a k\u00fcl\u00f6nb\u00f6z\u0151 szint\u0171 technikai tud\u00e1ssal rendelkez\u0151 olvas\u00f3k sz\u00e1m\u00e1ra.<\/p>\n<h2>C\u00e9g\u00fcnkr\u0151l<\/h2>\n<p>C\u00e9g\u00fcnk p\u00f3talkatr\u00e9szk\u00e9nt szolg\u00e1l\u00f3 hidraulikus hengerek gy\u00e1rt\u00f3ja. Sz\u00e9les term\u00e9kv\u00e1laszt\u00e9kot k\u00edn\u00e1lunk, \u00e9s a hazai \u00e9s nemzetk\u00f6zi piacok egyik vezet\u0151 hidraulikus hengergy\u00e1rt\u00f3j\u00e1v\u00e1 \u00e9s nagykereskedelmi forgalmaz\u00f3j\u00e1v\u00e1 v\u00e1ltunk. Kifinomult gy\u00e1rt\u00f3m\u0171helyeinkben a kiv\u00e1l\u00f3 min\u0151s\u00e9get helyezz\u00fck el\u0151t\u00e9rbe, \u00e9s ipari termel\u00e9sir\u00e1ny\u00edt\u00e1si strat\u00e9gi\u00e1kra t\u00e1maszkodunk. Er\u0151s kreat\u00edv k\u00e9pess\u00e9g\u00fcnkkel nagy hat\u00e9konys\u00e1ggal, precizit\u00e1ssal \u00e9s min\u0151s\u00e9ggel el\u00e9g\u00edtj\u00fck ki a soksz\u00edn\u0171 \u00fcgyf\u00e9lig\u00e9nyeket. C\u00e9g\u00fcnk professzionalizmus\u00e1r\u00f3l, nemzetk\u00f6zi tan\u00fas\u00edtv\u00e1nyair\u00f3l, testreszabott szolg\u00e1ltat\u00e1sair\u00f3l, fejlett gy\u00e1rt\u00f3berendez\u00e9seir\u0151l \u00e9s kiv\u00e1l\u00f3 \u00e9rt\u00e9kes\u00edt\u00e9s ut\u00e1ni szolg\u00e1ltat\u00e1sair\u00f3l ismert.<\/p>\n<p><img decoding=\"async\" src=\"https:\/\/www.hydraulic-cylinders.net\/wp-content\/uploads\/2025\/01\/songte-company-3.webp\" alt=\"C\u00e9ges im\u00e1zs\"><\/p>\n<p>Szerz\u0151: lyl<\/p>\n<p><\/body><br \/>\n<\/html><\/p>","protected":false},"excerpt":{"rendered":"<p>Bucket Cylinder For Caterpillar Small Excavator E312DL Bucket Cylinder For Caterpillar Small Excavator E312DL Introduction The bucket cylinder for Caterpillar small excavator E312DL is a specially designed hydraulic cylinder that controls the movement of the bucket in heavy machinery such as excavators, backhoe loaders, and front-end loaders. Its main function is to enable the lifting, [&hellip;]<\/p>","protected":false},"featured_media":14765,"comment_status":"open","ping_status":"closed","template":"","meta":{"_et_pb_use_builder":"","_et_pb_old_content":"","_et_gb_content_width":""},"product_brand":[],"product_cat":[1494],"product_tag":[1495,1496],"class_list":{"0":"post-15204","1":"product","2":"type-product","3":"status-publish","4":"has-post-thumbnail","6":"product_cat-bucket-cylinders","7":"product_tag-bucket-cylinders","8":"product_tag-hydraulic-cylinders","10":"first","11":"instock","12":"shipping-taxable","13":"product-type-simple"},"amp_enabled":true,"_links":{"self":[{"href":"https:\/\/www.hydraulic-cylinders.net\/hu\/wp-json\/wp\/v2\/product\/15204","targetHints":{"allow":["GET"]}}],"collection":[{"href":"https:\/\/www.hydraulic-cylinders.net\/hu\/wp-json\/wp\/v2\/product"}],"about":[{"href":"https:\/\/www.hydraulic-cylinders.net\/hu\/wp-json\/wp\/v2\/types\/product"}],"replies":[{"embeddable":true,"href":"https:\/\/www.hydraulic-cylinders.net\/hu\/wp-json\/wp\/v2\/comments?post=15204"}],"wp:featuredmedia":[{"embeddable":true,"href":"https:\/\/www.hydraulic-cylinders.net\/hu\/wp-json\/wp\/v2\/media\/14765"}],"wp:attachment":[{"href":"https:\/\/www.hydraulic-cylinders.net\/hu\/wp-json\/wp\/v2\/media?parent=15204"}],"wp:term":[{"taxonomy":"product_brand","embeddable":true,"href":"https:\/\/www.hydraulic-cylinders.net\/hu\/wp-json\/wp\/v2\/product_brand?post=15204"},{"taxonomy":"product_cat","embeddable":true,"href":"https:\/\/www.hydraulic-cylinders.net\/hu\/wp-json\/wp\/v2\/product_cat?post=15204"},{"taxonomy":"product_tag","embeddable":true,"href":"https:\/\/www.hydraulic-cylinders.net\/hu\/wp-json\/wp\/v2\/product_tag?post=15204"}],"curies":[{"name":"munkaf\u00fczet","href":"https:\/\/api.w.org\/{rel}","templated":true}]}}