{"id":15215,"date":"2025-01-19T14:14:58","date_gmt":"2025-01-19T14:14:58","guid":{"rendered":"https:\/\/www.hydraulic-cylinders.net\/product\/bucket-cylinder-for-caterpillar-small-excavator-e307e\/"},"modified":"2025-01-19T14:14:59","modified_gmt":"2025-01-19T14:14:59","slug":"bucket-cylinder-for-caterpillar-small-excavator-e307e","status":"publish","type":"product","link":"https:\/\/www.hydraulic-cylinders.net\/hu\/termek\/bucket-cylinder-for-caterpillar-small-excavator-e307e\/","title":{"rendered":"Kan\u00e1lhenger Caterpillar kis kotr\u00f3g\u00e9phez E307E"},"content":{"rendered":"<h2>Kan\u00e1lhenger Caterpillar kis kotr\u00f3g\u00e9phez E307E<\/h2>\n<h3>Bevezet\u00e9s<\/h3>\n<p>A kan\u00e1lhenger egy speci\u00e1lisan tervezett hidraulikus henger, amelyet els\u0151sorban neh\u00e9zg\u00e9pek, p\u00e9ld\u00e1ul kotr\u00f3g\u00e9pek, kotr\u00f3g\u00e9pek \u00e9s homlokrakod\u00f3k kanalainak mozg\u00e1s\u00e1nak vez\u00e9rl\u00e9s\u00e9re haszn\u00e1lnak. F\u0151 funkci\u00f3ja a kan\u00e1l emel\u00e9s\u00e9nek, s\u00fcllyeszt\u00e9s\u00e9nek \u00e9s billent\u00e9s\u00e9nek lehet\u0151v\u00e9 t\u00e9tele, megk\u00f6nny\u00edtve a k\u00fcl\u00f6nf\u00e9le anyagmozgat\u00e1si feladatok elv\u00e9gz\u00e9s\u00e9t. A hidraulikus rendszerben a kan\u00e1lhenger a hidraulikaolaj nyom\u00e1sv\u00e1ltoz\u00e1sai r\u00e9v\u00e9n \u00e9ri el a kan\u00e1l pontos vez\u00e9rl\u00e9s\u00e9t, lehet\u0151v\u00e9 t\u00e9ve a kezel\u0151k sz\u00e1m\u00e1ra, hogy hat\u00e9konyan kezelj\u00e9k a neh\u00e9z t\u00e1rgyakat, \u00e9s alkalmazkodjanak az \u00f6sszetett munkak\u00f6rnyezetekhez \u00e9s a v\u00e1ltozatos m\u0171k\u00f6d\u00e9si ig\u00e9nyekhez.<\/p>\n<p><img decoding=\"async\" src=\"https:\/\/www.hydraulic-cylinders.net\/wp-content\/uploads\/2025\/01\/songte-company-2.webp\"><\/p>\n<h3>Term\u00e9kjellemz\u0151k<\/h3>\n<ul>\n<li>Nagy szil\u00e1rds\u00e1g \u00e9s tart\u00f3ss\u00e1g: \u00c1ltal\u00e1ban nagy szil\u00e1rds\u00e1g\u00fa ac\u00e9lb\u00f3l vagy alum\u00edniumb\u00f3l k\u00e9sz\u00fcl, amely ellen\u00e1ll a nagy nyom\u00e1snak \u00e9s a nagy terhel\u00e9seknek, alkalmazkodik a zord munkak\u00f6rnyezethez, \u00e9s a kop\u00e1s\u00e1ll\u00f3s\u00e1got \u00e9s a korr\u00f3zi\u00f3\u00e1ll\u00f3s\u00e1got szem el\u0151tt tartva tervezt\u00e9k, meghosszabb\u00edtva \u00e9lettartam\u00e1t.<\/li>\n<li>Hat\u00e9kony hidraulikus m\u0171k\u00f6d\u00e9s: A hidraulikaolaj nyom\u00e1s\u00e1t haszn\u00e1lja a sima kiny\u00fajt\u00e1shoz \u00e9s \u00f6sszeh\u00faz\u00f3d\u00e1shoz, gyorsan reag\u00e1l a m\u0171k\u00f6d\u00e9si parancsokra, er\u0151s tol\u00f3- \u00e9s h\u00faz\u00f3er\u0151t biztos\u00edt, \u00e9s alkalmas neh\u00e9z t\u00e1rgyak kezel\u00e9s\u00e9re \u00e9s \u00f6sszetett m\u0171k\u00f6d\u00e9si feladatokra.<\/li>\n<li>K\u00fcl\u00f6nb\u00f6z\u0151 t\u00edpusok: Az ig\u00e9nyeknek megfelel\u0151en, a k\u00fcl\u00f6nb\u00f6z\u0151 m\u0171k\u00f6d\u00e9si k\u00f6vetelm\u00e9nyeknek megfelel\u0151en egyszeres m\u0171k\u00f6d\u00e9s\u0171 (hidraulikusan csak egy ir\u00e1nyban) vagy kett\u0151s m\u0171k\u00f6d\u00e9s\u0171 (hidraulikusan mindk\u00e9t ir\u00e1nyban) hengerek v\u00e1laszthat\u00f3k. Egyes modellek teleszk\u00f3posak, \u00edgy nagyobb kiny\u00fal\u00e1st tesznek lehet\u0151v\u00e9 a k\u00fcls\u0151 m\u00e9retek n\u00f6vel\u00e9se n\u00e9lk\u00fcl, \u00edgy alkalmasak korl\u00e1tozott hely\u0171 alkalmaz\u00e1sokhoz.<\/li>\n<li>K\u00f6nny\u0171 csere: Term\u00e9keink t\u00f6k\u00e9letesen helyettes\u00edthetik ezeket a hidraulikus hengereket.<\/li>\n<li>Testreszabhat\u00f3: Term\u00e9keink testreszabhat\u00f3k az \u00fcgyfelek egyedi ig\u00e9nyeinek megfelel\u0151en.<\/li>\n<\/ul>\n<p><img decoding=\"async\" src=\"https:\/\/www.hydraulic-cylinders.net\/wp-content\/uploads\/2025\/01\/songte-cylinder-head-with-all-kinds-excavator-models.webp\"><\/p>\n<h3>Alkalmaz\u00e1sok<\/h3>\n<p>A v\u00f6d\u00f6rhenger sz\u00e9les k\u00f6rben alkalmazhat\u00f3 k\u00fcl\u00f6nf\u00e9le neh\u00e9zg\u00e9pekben, bele\u00e9rtve:<\/p>\n<ul>\n<li>\u00c9p\u00edt\u0151ipari berendez\u00e9sek: A kotr\u00f3g\u00e9pek, kotr\u00f3g\u00e9pek \u00e9s homlokrakod\u00f3k mind kan\u00e1lhengerekre t\u00e1maszkodnak \u00e1s\u00e1shoz, rakod\u00e1shoz \u00e9s talaj vagy t\u00f6rmel\u00e9k mozgat\u00e1s\u00e1hoz. A kotr\u00f3rakod\u00f3kban a kan\u00e1lhenger seg\u00edt mind a f\u00f6ldmunk\u00e1ban, mind az emel\u00e9sben.<\/li>\n<li>Mez\u0151gazdas\u00e1gi g\u00e9pek: Homlokrakod\u00f3kban haszn\u00e1lj\u00e1k talaj, sz\u00e9na \u00e9s egy\u00e9b anyagok mer\u00e9s\u00e9re, emel\u00e9s\u00e9re \u00e9s sz\u00e1ll\u00edt\u00e1s\u00e1ra. Kotr\u00f3g\u00e9pekben a kan\u00e1lhenger lehet\u0151v\u00e9 teszi az \u00e1s\u00e1st az\u00e1ltal, hogy lehet\u0151v\u00e9 teszi a kan\u00e1l talajba hatol\u00e1s\u00e1t. Homlokrakod\u00f3kban hat\u00e9konyan seg\u00edtik az \u00e1ruk emel\u00e9s\u00e9t \u00e9s billent\u00e9s\u00e9t.<\/li>\n<\/ul>\n<h3>Tervez\u00e9si szempontok \u00e9s kiv\u00e1laszt\u00e1si krit\u00e9riumok<\/h3>\n<p>A hengerfej kialak\u00edt\u00e1sa a k\u00f6vetkez\u0151 t\u00e9nyez\u0151ket veszi figyelembe:<\/p>\n<ul>\n<li>Teherb\u00edr\u00e1s: A hengernek ellen\u00e1llnia kell a nagy nyom\u00e1snak \u00e9s a nagy terhel\u00e9snek.<\/li>\n<li>T\u00f6m\u00edt\u00e9s: A hat\u00e9kony t\u00f6m\u00edt\u00e9s biztos\u00edt\u00e1sa \u00e9rdek\u00e9ben az alkalmaz\u00e1st\u00f3l f\u00fcgg\u0151en k\u00fcl\u00f6nf\u00e9le t\u00f6m\u00edt\u0151elemeket, p\u00e9ld\u00e1ul dugatty\u00fat\u00f6m\u00edt\u00e9seket \u00e9s r\u00fadt\u00f6m\u00edt\u00e9seket kell kiv\u00e1lasztani.<\/li>\n<li>Tart\u00f3ss\u00e1g: A hengert kop\u00e1s\u00e1ll\u00f3s\u00e1ggal \u00e9s korr\u00f3zi\u00f3\u00e1ll\u00f3s\u00e1ggal kell megtervezni az \u00e9lettartam\u00e1nak meghosszabb\u00edt\u00e1sa \u00e9rdek\u00e9ben.<\/li>\n<li>Biztons\u00e1g: A palackot \u00fagy kell megtervezni, hogy megel\u0151zze a baleseteket \u00e9s megv\u00e9dje a kezel\u0151ket a s\u00e9r\u00fcl\u00e9sekt\u0151l.<\/li>\n<li>Karbantart\u00e1s: A hengernek k\u00f6nnyen karbantarthat\u00f3nak \u00e9s sz\u00fcks\u00e9g eset\u00e9n jav\u00edthat\u00f3nak kell lennie.<\/li>\n<\/ul>\n<p><img decoding=\"async\" src=\"https:\/\/www.hydraulic-cylinders.net\/wp-content\/uploads\/2025\/01\/songte-oil-pipes-and-spare-parts.webp\"><\/p>\n<h3>T\u00f6m\u00edt\u00e9s \u00e9s ken\u00e9s<\/h3>\n<p>A kan\u00e1lhenger k\u00fcl\u00f6nf\u00e9le t\u00f6m\u00edt\u0151elemeket haszn\u00e1l, p\u00e9ld\u00e1ul dugatty\u00fat\u00f6m\u00edt\u00e9seket \u00e9s r\u00fadt\u00f6m\u00edt\u00e9seket, amelyeket az alkalmaz\u00e1snak megfelel\u0151en kell kiv\u00e1lasztani a hat\u00e9kony t\u00f6m\u00edt\u00e9s biztos\u00edt\u00e1sa \u00e9rdek\u00e9ben. A t\u00f6m\u00edt\u0151elemeknek kop\u00e1s\u00e1ll\u00f3 anyagokb\u00f3l, p\u00e9ld\u00e1ul poliuret\u00e1nb\u00f3l \u00e9s nitrilgumib\u00f3l kell k\u00e9sz\u00fclni\u00fck. A hengertestet \u00e9s a menetes v\u00e9gfel\u00fcletet finoman megmunk\u00e1lni kell a kop\u00e1s\u00e1ll\u00f3s\u00e1g jav\u00edt\u00e1sa \u00e9rdek\u00e9ben. Ezenk\u00edv\u00fcl a rendszeres hidraulikaolajjal val\u00f3 ken\u00e9s sz\u00fcks\u00e9ges a z\u00f6kken\u0151mentes m\u0171k\u00f6d\u00e9s biztos\u00edt\u00e1s\u00e1hoz \u00e9s a term\u00e9k \u00e9lettartam\u00e1nak meghosszabb\u00edt\u00e1s\u00e1hoz.<\/p>\n<h3>Karbantart\u00e1s \u00e9s jav\u00edt\u00e1s<\/h3>\n<p>A kan\u00e1lhenger rendszeres karbantart\u00e1sa \u00e9s ellen\u0151rz\u00e9se elengedhetetlen az \u00e9lettartam\u00e1nak meghosszabb\u00edt\u00e1s\u00e1hoz. Az al\u00e1bbiakban felsoroljuk a gyakori karbantart\u00e1si feladatokat:<\/p>\n<ul>\n<li>Rendszeres ellen\u0151rz\u00e9s<\/li>\n<li>Megfelel\u0151 ken\u00e9s<\/li>\n<li>T\u00f6m\u00edt\u00e9s csere<\/li>\n<li>Kalibr\u00e1ci\u00f3s ellen\u0151rz\u00e9s<\/li>\n<\/ul>\n<p>A megfelel\u0151 telep\u00edt\u00e9s szint\u00e9n kulcsfontoss\u00e1g\u00fa a henger optim\u00e1lis teljes\u00edtm\u00e9ny\u00e9nek biztos\u00edt\u00e1s\u00e1hoz. Az al\u00e1bbiakban a javasolt telep\u00edt\u00e9si elj\u00e1r\u00e1sok tal\u00e1lhat\u00f3k:<\/p>\n<ul>\n<li>A henger megfelel\u0151 be\u00e1ll\u00edt\u00e1sa<\/li>\n<li>Megfelel\u0151 r\u00f6gz\u00edt\u0151konzolok haszn\u00e1lata a henger r\u00f6gz\u00edt\u00e9s\u00e9hez<\/li>\n<li>Alkatr\u00e9szek rendszeres ellen\u0151rz\u00e9se, jav\u00edt\u00e1sa \u00e9s cser\u00e9je<\/li>\n<\/ul>\n<p><img decoding=\"async\" src=\"https:\/\/www.hydraulic-cylinders.net\/wp-content\/uploads\/2025\/01\/songte-chushion-collar.webp\"><\/p>\n<h3>Biztons\u00e1gi szempontok \u00e9s k\u00f6rnyezeti t\u00e9nyez\u0151k<\/h3>\n<p>V\u00f6dr\u00f6s hengerek haszn\u00e1latakor fontos a biztons\u00e1gi \u00f3vint\u00e9zked\u00e9sek betart\u00e1sa, p\u00e9ld\u00e1ul a v\u00e9d\u0151felszerel\u00e9s visel\u00e9se \u00e9s a megfelel\u0151 \u00fczemeltet\u00e9si elj\u00e1r\u00e1sok betart\u00e1sa a balesetek megel\u0151z\u00e9se \u00e9s a munkav\u00e1llal\u00f3k biztons\u00e1g\u00e1nak garant\u00e1l\u00e1sa \u00e9rdek\u00e9ben. Ezenk\u00edv\u00fcl a k\u00f6rnyezeti t\u00e9nyez\u0151ket, p\u00e9ld\u00e1ul a h\u0151m\u00e9rs\u00e9kletet \u00e9s a p\u00e1ratartalmat is figyelembe kell venni az optim\u00e1lis teljes\u00edtm\u00e9ny biztos\u00edt\u00e1sa \u00e9rdek\u00e9ben.<\/p>\n<h3>Hibaelh\u00e1r\u00edt\u00e1s \u00e9s gyakori probl\u00e9m\u00e1k<\/h3>\n<p>A k\u00f6vetkez\u0151 gyakori probl\u00e9m\u00e1k mer\u00fclhetnek fel a kan\u00e1lhengerek haszn\u00e1latakor:<\/p>\n<ul>\n<li>Sziv\u00e1rg\u00e1s<\/li>\n<li>Ragaszt\u00e1s<\/li>\n<li>Alacsony hat\u00e9konys\u00e1g<\/li>\n<li>Rendellenes zaj<\/li>\n<\/ul>\n<p>Ezen probl\u00e9m\u00e1k elh\u00e1r\u00edt\u00e1s\u00e1hoz aj\u00e1nlott ellen\u0151rizni a t\u00f6m\u00edt\u0151 alkatr\u00e9szeket, a ken\u00e9st \u00e9s egy\u00e9b t\u00e9nyez\u0151ket, amelyek befoly\u00e1solhatj\u00e1k a henger teljes\u00edtm\u00e9ny\u00e9t. A megfelel\u0151 karbantart\u00e1s \u00e9s ellen\u0151rz\u00e9s szint\u00e9n cs\u00f6kkentheti ezen probl\u00e9m\u00e1k el\u0151fordul\u00e1s\u00e1nak val\u00f3sz\u00edn\u0171s\u00e9g\u00e9t.<\/p>\n<p><img decoding=\"async\" src=\"https:\/\/www.hydraulic-cylinders.net\/wp-content\/uploads\/2025\/01\/songte-bushings-with-all-kinds-of-excavator-models.webp\"><\/p>\n<h3>C\u00e9g\u00fcnkr\u0151l<\/h3>\n<p>C\u00e9g\u00fcnk a hidraulikus hengerek vezet\u0151 gy\u00e1rt\u00f3ja \u00e9s nagykeresked\u0151je a hazai \u00e9s a nemzetk\u00f6zi piacokon. A kiv\u00e1l\u00f3 min\u0151s\u00e9g elv\u00e9t k\u00f6vetj\u00fck, \u00e9s a finomgy\u00e1rt\u00f3 m\u0171helyek ipari termel\u00e9sir\u00e1ny\u00edt\u00e1si strat\u00e9gi\u00e1j\u00e1ra t\u00e1maszkodunk. Folyamatosan fejlesztj\u00fck m\u0171hely\u00fcnk gy\u00e1rt\u00e1si platformj\u00e1t, jav\u00edtjuk a gy\u00e1rt\u00e1si min\u0151s\u00e9gbiztos\u00edt\u00e1si \u00fatvonalat, \u00e9s er\u0151s kreat\u00edv k\u00e9pess\u00e9ggel rendelkez\u00fcnk a soksz\u00edn\u0171 \u00fcgyf\u00e9lig\u00e9nyek kiel\u00e9g\u00edt\u00e9s\u00e9re. Term\u00e9keink testreszabhat\u00f3k \u00e9s az \u00fcgyfelek egyedi ig\u00e9nyeihez igaz\u00edthat\u00f3k. Professzion\u00e1lis \u00e9s szem\u00e9lyre szabott szolg\u00e1ltat\u00e1sokat ny\u00fajtunk, term\u00e9keink nemzetk\u00f6zileg tan\u00fas\u00edtottak. Cs\u00facskateg\u00f3ri\u00e1s digit\u00e1lis gy\u00e1rt\u00f3berendez\u00e9seket \u00e9s professzion\u00e1lis tesztel\u0151rendszereket haszn\u00e1lunk a lehet\u0151 legjobb term\u00e9kmin\u0151s\u00e9g biztos\u00edt\u00e1sa \u00e9rdek\u00e9ben. Karbantart\u00e1si, jav\u00edt\u00e1si \u00e9s \u00fajj\u00e1\u00e9p\u00edt\u00e9si szolg\u00e1ltat\u00e1sokat is k\u00edn\u00e1lunk term\u00e9keink \u00e9lettartam\u00e1nak meghosszabb\u00edt\u00e1sa \u00e9rdek\u00e9ben. B\u00fcszk\u00e9k vagyunk elk\u00f6telezetts\u00e9g\u00fcnkre a kiv\u00e1l\u00f3 min\u0151s\u00e9g\u0171 term\u00e9kek sz\u00e1ll\u00edt\u00e1sa \u00e9s a kiv\u00e1l\u00f3 \u00fcgyf\u00e9lszolg\u00e1lat ir\u00e1nt.<\/p>\n<p><img decoding=\"async\" src=\"https:\/\/hzpt.com\/wp-content\/uploads\/2024\/11\/songte-company-1.webp\"><\/p>\n<p>Szerz\u0151: lyl<\/p>","protected":false},"excerpt":{"rendered":"<p>Bucket Cylinder For Caterpillar Small Excavator E307E Introduction A bucket cylinder is a specially designed hydraulic cylinder primarily used to control the movement of buckets in heavy machinery such as excavators, backhoes, and front-end loaders. Its main function is to enable the bucket to lift, lower, and tilt, making it easier to perform various material [&hellip;]<\/p>","protected":false},"featured_media":14776,"comment_status":"open","ping_status":"closed","template":"","meta":{"_et_pb_use_builder":"","_et_pb_old_content":"","_et_gb_content_width":""},"product_brand":[],"product_cat":[1494],"product_tag":[1495,1496],"class_list":{"0":"post-15215","1":"product","2":"type-product","3":"status-publish","4":"has-post-thumbnail","6":"product_cat-bucket-cylinders","7":"product_tag-bucket-cylinders","8":"product_tag-hydraulic-cylinders","10":"first","11":"instock","12":"shipping-taxable","13":"product-type-simple"},"amp_enabled":true,"_links":{"self":[{"href":"https:\/\/www.hydraulic-cylinders.net\/hu\/wp-json\/wp\/v2\/product\/15215","targetHints":{"allow":["GET"]}}],"collection":[{"href":"https:\/\/www.hydraulic-cylinders.net\/hu\/wp-json\/wp\/v2\/product"}],"about":[{"href":"https:\/\/www.hydraulic-cylinders.net\/hu\/wp-json\/wp\/v2\/types\/product"}],"replies":[{"embeddable":true,"href":"https:\/\/www.hydraulic-cylinders.net\/hu\/wp-json\/wp\/v2\/comments?post=15215"}],"wp:featuredmedia":[{"embeddable":true,"href":"https:\/\/www.hydraulic-cylinders.net\/hu\/wp-json\/wp\/v2\/media\/14776"}],"wp:attachment":[{"href":"https:\/\/www.hydraulic-cylinders.net\/hu\/wp-json\/wp\/v2\/media?parent=15215"}],"wp:term":[{"taxonomy":"product_brand","embeddable":true,"href":"https:\/\/www.hydraulic-cylinders.net\/hu\/wp-json\/wp\/v2\/product_brand?post=15215"},{"taxonomy":"product_cat","embeddable":true,"href":"https:\/\/www.hydraulic-cylinders.net\/hu\/wp-json\/wp\/v2\/product_cat?post=15215"},{"taxonomy":"product_tag","embeddable":true,"href":"https:\/\/www.hydraulic-cylinders.net\/hu\/wp-json\/wp\/v2\/product_tag?post=15215"}],"curies":[{"name":"munkaf\u00fczet","href":"https:\/\/api.w.org\/{rel}","templated":true}]}}