{"id":15220,"date":"2025-01-19T14:15:22","date_gmt":"2025-01-19T14:15:22","guid":{"rendered":"https:\/\/www.hydraulic-cylinders.net\/product\/bucket-cylinder-for-caterpillar-small-excavator-e305-5e\/"},"modified":"2025-01-19T14:15:24","modified_gmt":"2025-01-19T14:15:24","slug":"bucket-cylinder-for-caterpillar-small-excavator-e305-5e","status":"publish","type":"product","link":"https:\/\/www.hydraulic-cylinders.net\/hu\/termek\/bucket-cylinder-for-caterpillar-small-excavator-e305-5e\/","title":{"rendered":"Kan\u00e1lhenger Caterpillar kis kotr\u00f3g\u00e9phez E305.5E"},"content":{"rendered":"<h1>Kan\u00e1lhenger Caterpillar kis kotr\u00f3g\u00e9phez E305.5E<\/h1>\n<h2>Bevezet\u00e9s<\/h2>\n<h3>A v\u00f6d\u00f6rhenger meghat\u00e1roz\u00e1sa<\/h3>\n<p>A kan\u00e1lhenger egy speci\u00e1lisan tervezett hidraulikus henger, amelyet f\u0151k\u00e9nt neh\u00e9zg\u00e9pekben, p\u00e9ld\u00e1ul kotr\u00f3g\u00e9pekben, kotr\u00f3rakod\u00f3kban \u00e9s homlokrakod\u00f3kban l\u00e9v\u0151 lap\u00e1tok vagy kanalak mozg\u00e1s\u00e1nak vez\u00e9rl\u00e9s\u00e9re haszn\u00e1lnak. Els\u0151dleges funkci\u00f3ja a kan\u00e1l emel\u00e9s\u00e9nek, s\u00fcllyeszt\u00e9s\u00e9nek \u00e9s billent\u00e9s\u00e9nek lehet\u0151v\u00e9 t\u00e9tele, megk\u00f6nny\u00edtve a k\u00fcl\u00f6nf\u00e9le anyagmozgat\u00e1si feladatok elv\u00e9gz\u00e9s\u00e9t. A hidraulikus rendszerben a kan\u00e1lhengerek a hidraulikaolaj nyom\u00e1s\u00e1nak v\u00e1ltoz\u00e1sain kereszt\u00fcl vez\u00e9rlik a kan\u00e1l prec\u00edz mozg\u00e1s\u00e1t, lehet\u0151v\u00e9 t\u00e9ve a kezel\u0151k sz\u00e1m\u00e1ra, hogy hat\u00e9konyan kezelj\u00e9k a neh\u00e9z terheket, \u00e9s alkalmazkodjanak az \u00f6sszetett munkak\u00f6rnyezetekhez \u00e9s a v\u00e1ltozatos m\u0171k\u00f6d\u00e9si ig\u00e9nyekhez.<\/p>\n<p><img decoding=\"async\" src=\"https:\/\/www.hydraulic-cylinders.net\/wp-content\/uploads\/2025\/01\/songte-company-2.webp\"\/><\/p>\n<h3>Jellemz\u0151k<\/h3>\n<ul>\n<li>Nagy szil\u00e1rds\u00e1g \u00e9s tart\u00f3ss\u00e1g: \u00c1ltal\u00e1ban nagy szil\u00e1rds\u00e1g\u00fa ac\u00e9lb\u00f3l vagy alum\u00edniumb\u00f3l k\u00e9sz\u00fcl, ellen\u00e1ll a nagy nyom\u00e1snak \u00e9s a nagy terhel\u00e9seknek, alkalmazkodik a zord munkak\u00f6rnyezethez, \u00e9s a tervez\u00e9s sor\u00e1n figyelembe veszi a kop\u00e1s\u00e1ll\u00f3s\u00e1got \u00e9s a korr\u00f3zi\u00f3\u00e1ll\u00f3s\u00e1got, meghosszabb\u00edtva az \u00e9lettartamot.<\/li>\n<li>Hat\u00e9kony hidraulikus m\u0171k\u00f6d\u00e9s: A sima kitol\u00e1si \u00e9s visszah\u00faz\u00e1si mozg\u00e1sokat a hidraulikus nyom\u00e1s biztos\u00edtja, amely gyorsan reag\u00e1l a vez\u00e9rl\u0151parancsokra, er\u0151s tol\u00f3- \u00e9s h\u00faz\u00f3er\u0151t biztos\u00edt, \u00e9s alkalmas neh\u00e9z terhek \u00e9s \u00f6sszetett feladatok kezel\u00e9s\u00e9re.<\/li>\n<li>K\u00fcl\u00f6nb\u00f6z\u0151 t\u00edpusok: Az egyszeres m\u0171k\u00f6d\u00e9s\u0171 (a hidraulika csak egy ir\u00e1nyban m\u0171k\u00f6dik) vagy kett\u0151s m\u0171k\u00f6d\u00e9s\u0171 (a hidraulika mindk\u00e9t ir\u00e1nyban m\u0171k\u00f6dik) hengerek az \u00fczemeltet\u00e9si ig\u00e9nyeknek megfelel\u0151en v\u00e1laszthat\u00f3k. Egyes modellek teleszk\u00f3posak, \u00edgy nagyobb kiny\u00fal\u00e1st tesznek lehet\u0151v\u00e9 a k\u00fcls\u0151 m\u00e9retek n\u00f6vel\u00e9se n\u00e9lk\u00fcl, \u00edgy ide\u00e1lisak korl\u00e1tozott helyig\u00e9ny\u0171 alkalmaz\u00e1sokhoz.<\/li>\n<li>K\u00f6nnyen el\u0151\u00e1ll\u00edthat\u00f3: Term\u00e9keink t\u00f6k\u00e9letesen helyettes\u00edthetik ezeket a hidraulikus hengereket.<\/li>\n<\/ul>\n<p><img decoding=\"async\" src=\"https:\/\/www.hydraulic-cylinders.net\/wp-content\/uploads\/2025\/01\/songte-cylinder-head-with-all-kinds-excavator-models.webp\"\/><\/p>\n<h3>Alkalmaz\u00e1sok<\/h3>\n<p>A kan\u00e1lhengereket sz\u00e9les k\u00f6rben haszn\u00e1lj\u00e1k k\u00fcl\u00f6nf\u00e9le ipar\u00e1gakban kiv\u00e1l\u00f3 teljes\u00edtm\u00e9ny\u00fcknek k\u00f6sz\u00f6nhet\u0151en. \u00cdme n\u00e9h\u00e1ny gyakori alkalmaz\u00e1si lehet\u0151s\u00e9g:<\/p>\n<h4>\u00c9p\u00edt\u0151ipari berendez\u00e9sek<\/h4>\n<p>Kotr\u00f3g\u00e9pekben elengedhetetlenek az \u00e1s\u00e1shoz, rakod\u00e1shoz \u00e9s a talaj vagy t\u00f6rmel\u00e9k mozgat\u00e1s\u00e1hoz. A kotr\u00f3g\u00e9p-rakod\u00f3kban a kan\u00e1lhengerek mind az \u00e1s\u00e1st, mind az emel\u00e9st seg\u00edtik. <\/p>\n<h4>Mez\u0151gazdas\u00e1gi g\u00e9pek<\/h4>\n<p>Homlokrakod\u00f3kban haszn\u00e1lj\u00e1k talaj, sz\u00e9na \u00e9s egy\u00e9b anyagok mer\u00e9s\u00e9re, emel\u00e9s\u00e9re \u00e9s sz\u00e1ll\u00edt\u00e1s\u00e1ra.<\/p>\n<h4>Kotr\u00f3g\u00e9pek<\/h4>\n<p>A kan\u00e1lhengereket arra haszn\u00e1lj\u00e1k, hogy a v\u00f6d\u00f6r behatoljon a talajba.<\/p>\n<h4>Rakod\u00f3k<\/h4>\n<p>A homlokrakod\u00f3kban hat\u00e9konyan seg\u00edtik az \u00e1ruk emel\u00e9s\u00e9t \u00e9s \u00fcr\u00edt\u00e9s\u00e9t.<\/p>\n<h3>Tervez\u00e9si szempontok \u00e9s kiv\u00e1laszt\u00e1si szabv\u00e1nyok<\/h3>\n<p>A kan\u00e1lhengerek a hidraulikus rendszerek alapvet\u0151 alkot\u00f3elemei, \u00e9s tervez\u00e9s\u00fck, valamint kiv\u00e1laszt\u00e1suk szabv\u00e1nyai kritikus fontoss\u00e1g\u00faak. \u00cdme n\u00e9h\u00e1ny fontos szempont, amelyet figyelembe kell venni:<\/p>\n<h4>Teherb\u00edr\u00e1s<\/h4>\n<p>A kan\u00e1lhengereket \u00fagy kell megtervezni, hogy ellen\u00e1lljanak a mozgatand\u00f3 berendez\u00e9sek \u00e9s anyagok \u00e1ltal okozott terhel\u00e9seknek.<\/p>\n<h4>T\u00f6m\u00edt\u00e9s<\/h4>\n<p>A dugatty\u00fa \u00e9s a r\u00fad t\u00f6m\u00edt\u00e9seit gondosan kell kiv\u00e1lasztani a sziv\u00e1rg\u00e1s \u00e9s a szennyez\u0151d\u00e9s elker\u00fcl\u00e9se \u00e9rdek\u00e9ben. Anyagk\u00e9nt gyakran poliuret\u00e1nt vagy nitrilgumit haszn\u00e1lnak kop\u00e1s\u00e1ll\u00f3s\u00e1guk \u00e9s korr\u00f3zi\u00f3\u00e1ll\u00f3s\u00e1guk miatt.<\/p>\n<h4>Tart\u00f3ss\u00e1g<\/h4>\n<p>A hengert \u00fagy kell megtervezni, hogy ellen\u00e1lljon a zord \u00fczemi k\u00f6rnyezetnek, \u00e9s hossz\u00fa t\u00e1von ellen\u00e1lljon a kop\u00e1snak \u00e9s a korr\u00f3zi\u00f3nak.<\/p>\n<h4>Biztons\u00e1g<\/h4>\n<p>A tervez\u00e9s sor\u00e1n figyelembe kell venni a biztons\u00e1gi szempontokat a balesetek kock\u00e1zat\u00e1nak minimaliz\u00e1l\u00e1sa \u00e9rdek\u00e9ben.<\/p>\n<h4>Karbantart\u00e1s<\/h4>\n<p>A palackot \u00fagy kell kialak\u00edtani, hogy megk\u00f6nny\u00edtse az ellen\u0151rz\u00e9st, a karbantart\u00e1st \u00e9s a jav\u00edt\u00e1st, valamint k\u00f6nnyen sz\u00e9tszerelhet\u0151 \u00e9s \u00f6sszeszerelhet\u0151 legyen.<\/p>\n<p><img decoding=\"async\" src=\"https:\/\/www.hydraulic-cylinders.net\/wp-content\/uploads\/2025\/01\/songte-oil-pipes-and-spare-parts.webp\"\/><\/p>\n<h3>T\u00f6m\u00edt\u00e9s \u00e9s ken\u00e9s<\/h3>\n<p>A serleghengerek megfelel\u0151 t\u00f6m\u00edt\u00e9st \u00e9s ken\u00e9st ig\u00e9nyelnek az optim\u00e1lis teljes\u00edtm\u00e9ny \u00e9s a hosszabb \u00e9lettartam biztos\u00edt\u00e1sa \u00e9rdek\u00e9ben. A k\u00f6vetkez\u0151 l\u00e9p\u00e9sek elengedhetetlenek:<\/p>\n<ul>\n<li>A k\u00fcl\u00f6nb\u00f6z\u0151 t\u00f6m\u00edt\u0151elemeket, p\u00e9ld\u00e1ul a dugatty\u00fat\u00f6m\u00edt\u00e9seket, a r\u00fadt\u00f6m\u00edt\u00e9seket stb. rendszeresen ellen\u0151rizni \u00e9s sz\u00fcks\u00e9g szerint cser\u00e9lni kell.<\/li>\n<li>A hengertestet \u00e9s a menetfel\u00fcletet prec\u00edzen meg kell munk\u00e1lni a kop\u00e1s\u00e1ll\u00f3s\u00e1g jav\u00edt\u00e1sa \u00e9rdek\u00e9ben.<\/li>\n<li>Rendszeresen kenje meg a hidraulikus hengert a megfelel\u0151 hidraulikaolajjal a z\u00f6kken\u0151mentes m\u0171k\u00f6d\u00e9s biztos\u00edt\u00e1sa \u00e9s \u00e9lettartam\u00e1nak meghosszabb\u00edt\u00e1sa \u00e9rdek\u00e9ben.<\/li>\n<\/ul>\n<p><img decoding=\"async\" src=\"https:\/\/www.hydraulic-cylinders.net\/wp-content\/uploads\/2025\/01\/songte-chushion-collar.webp\"\/><\/p>\n<h3>Rendszeres karbantart\u00e1s \u00e9s megel\u0151z\u0151 int\u00e9zked\u00e9sek<\/h3>\n<ul>\n<li>Regular inspections and appropriate lubrication are essential to ensuring the cylinder&#8217;s optimal performance.<\/li>\n<li>A lehet\u0151 leghamarabb cser\u00e9lje ki a kopott vagy s\u00e9r\u00fclt alkatr\u00e9szeket.<\/li>\n<li>A telep\u00edt\u00e9s sor\u00e1n a megfelel\u0151 illeszt\u00e9s elengedhetetlen az optim\u00e1lis teljes\u00edtm\u00e9ny biztos\u00edt\u00e1s\u00e1hoz.<\/li>\n<li>A henger megfelel\u0151 be\u00e1ll\u00edt\u00e1sa \u00e9s a megfelel\u0151 r\u00f6gz\u00edt\u0151konzolok haszn\u00e1lata jav\u00edthatja a henger tart\u00f3ss\u00e1g\u00e1t \u00e9s cs\u00f6kkentheti a s\u00e9r\u00fcl\u00e9s kock\u00e1zat\u00e1t.<\/li>\n<li>A serleghenger \u00e9lettartam\u00e1nak n\u00f6vel\u00e9se \u00e9rdek\u00e9ben aj\u00e1nl\u00e1sokat adunk az ellen\u0151rz\u00e9si, jav\u00edt\u00e1si \u00e9s csere elj\u00e1r\u00e1sokra vonatkoz\u00f3an.<\/li>\n<\/ul>\n<p><img decoding=\"async\" src=\"https:\/\/www.hydraulic-cylinders.net\/wp-content\/uploads\/2025\/01\/songte-bushings-with-all-kinds-of-excavator-models.webp\"\/><\/p>\n<h3>Biztons\u00e1gi szempontok \u00e9s k\u00f6rnyezeti t\u00e9nyez\u0151k<\/h3>\n<p>Serleghengerek haszn\u00e1latakor a biztons\u00e1gi int\u00e9zked\u00e9sek elengedhetetlenek a balesetek kock\u00e1zat\u00e1nak minimaliz\u00e1l\u00e1sa \u00e9rdek\u00e9ben. Alapvet\u0151 fontoss\u00e1g\u00fa a biztons\u00e1gi el\u0151\u00edr\u00e1sok \u00e9s a kezel\u00e9si utas\u00edt\u00e1sok betart\u00e1sa.<\/p>\n<h3>Hibadiagn\u00f3zis \u00e9s gyakori probl\u00e9m\u00e1k<\/h3>\n<p>Az al\u00e1bbiakban n\u00e9h\u00e1ny gyakori probl\u00e9m\u00e1t tal\u00e1lhat a kan\u00e1lhengerekkel kapcsolatban:<\/p>\n<ul>\n<li>Hidraulikaolaj sziv\u00e1rg\u00e1sa.<\/li>\n<li>Sodr\u00f3dni vagy nem k\u00e9pes megtartani a nyom\u00e1st.<\/li>\n<li>Lass\u00fa vagy szab\u00e1lytalan m\u0171k\u00f6d\u00e9s.<\/li>\n<\/ul>\n<p>Amikor ezek a probl\u00e9m\u00e1k felmer\u00fclnek, a k\u00f6vetkez\u0151 l\u00e9p\u00e9sek tehet\u0151k a megold\u00e1sukra:<\/p>\n<ul>\n<li>Ellen\u0151rizze \u00e9s cser\u00e9lje ki az elhaszn\u00e1l\u00f3dott vagy s\u00e9r\u00fclt t\u00f6m\u00edt\u00e9seket vagy egy\u00e9b alkatr\u00e9szeket.<\/li>\n<li>Ellen\u0151rizze a hidraulikaolaj szennyez\u0151d\u00e9s\u00e9t, \u00e9s sz\u00fcks\u00e9g eset\u00e9n cser\u00e9lje ki.<\/li>\n<li>Gy\u0151z\u0151dj\u00f6n meg arr\u00f3l, hogy minden hidraulikus vezet\u00e9k \u00e9s csatlakoz\u00e1s biztons\u00e1gos \u00e9s j\u00f3 \u00e1llapotban van.<\/li>\n<\/ul>\n<p><img decoding=\"async\" src=\"https:\/\/hzpt.com\/wp-content\/uploads\/2024\/11\/songte-company-1.webp\"\/><\/p>\n<h2>R\u00f3lunk<\/h2>\n<p>Sz\u00e9les term\u00e9kv\u00e1laszt\u00e9kkal rendelkez\u0151 hidraulikus hengerek cserealkatr\u00e9szeinek gy\u00e1rt\u00f3jak\u00e9nt a hazai \u00e9s nemzetk\u00f6zi piacok egyik vezet\u0151 hidraulikus hengergy\u00e1rt\u00f3ja \u00e9s nagykereskedelmi forgalmaz\u00f3ja vagyunk. A kiv\u00e1l\u00f3 min\u0151s\u00e9g elv\u00e9t k\u00f6vetj\u00fck, \u00e9s olyan ipari termel\u00e9sir\u00e1ny\u00edt\u00e1si strat\u00e9gi\u00e1kra t\u00e1maszkodunk, amelyek prec\u00edzi\u00f3s gy\u00e1rt\u00f3m\u0171helyekre, m\u0171szaki tehets\u00e9gekre, cs\u00facskateg\u00f3ri\u00e1s digit\u00e1lis gy\u00e1rt\u00f3berendez\u00e9sekre \u00e9s professzion\u00e1lis ellen\u0151rz\u0151 rendszerekre t\u00e1maszkodnak m\u0171hely\u00fcnk gy\u00e1rt\u00e1si platformj\u00e1nak folyamatos fejleszt\u00e9se, a term\u00e9kmin\u0151s\u00e9g-gy\u00e1rt\u00f3sor jav\u00edt\u00e1sa \u00e9s er\u0151s kreativit\u00e1sunk \u00e9rdek\u00e9ben. Olyan term\u00e9keket fejleszt\u00fcnk \u00e9s gy\u00e1rtunk, amelyek megfelelnek az \u00fcgyfelek ig\u00e9nyeinek a nagy hat\u00e9konys\u00e1g, a nagy pontoss\u00e1g \u00e9s a kiv\u00e1l\u00f3 min\u0151s\u00e9g elvei alapj\u00e1n.<\/p>\n<p><img decoding=\"async\" src=\"https:\/\/www.hydraulic-cylinders.net\/wp-content\/uploads\/2025\/01\/songte-company-3.webp\"\/><\/p>\n<h3>Szakmaiass\u00e1g<\/h3>\n<p>M\u0171szaki szak\u00e9rt\u0151kb\u0151l \u00e1ll\u00f3 csapatunk gazdag tapasztalattal rendelkezik a hidraulikus hengerek gy\u00e1rt\u00e1s\u00e1ban, tesztel\u00e9s\u00e9ben \u00e9s ellen\u0151rz\u00e9s\u00e9ben, biztos\u00edtva, hogy term\u00e9keink megfeleljenek a nemzetk\u00f6zi min\u0151s\u00e9gi el\u0151\u00edr\u00e1soknak.<\/p>\n<h3>Nemzetk\u00f6zi min\u0151s\u00edt\u00e9s<\/h3>\n<p>Term\u00e9keink sz\u00e1mos nemzetk\u00f6zi tan\u00fas\u00edtv\u00e1nyon, p\u00e9ld\u00e1ul ISO9001:2015, CE, RoHS, UL \u00e9s egy\u00e9b tan\u00fas\u00edtv\u00e1nyokon estek \u00e1t, biztos\u00edtva ezzel \u00fcgyfeleink nagyfok\u00fa bizalm\u00e1t term\u00e9keink ir\u00e1nt.<\/p>\n<h3>Testreszab\u00e1si szolg\u00e1ltat\u00e1sok<\/h3>\n<p>A term\u00e9ket az \u00fcgyfeleink egyedi ig\u00e9nyei szerint tudjuk testre szabni, biztos\u00edtva, hogy egyedi ig\u00e9nyeiket kiel\u00e9g\u00edts\u00fck.<\/p>\n<h3>Termel\u00e9si berendez\u00e9sek<\/h3>\n<p>Korszer\u0171 gy\u00e1rt\u00f3berendez\u00e9seket \u00e9s ellen\u0151rz\u0151 rendszereket haszn\u00e1lunk annak \u00e9rdek\u00e9ben, hogy term\u00e9keink a lehet\u0151 legjobb min\u0151s\u00e9g\u0171ek legyenek \u00e9s megfeleljenek az \u00fcgyfelek ig\u00e9nyeinek.<\/p>\n<h3>\u00c9rt\u00e9kes\u00edt\u00e9s ut\u00e1ni szolg\u00e1ltat\u00e1sok<\/h3>\n<p>Kiv\u00e1l\u00f3 \u00e9rt\u00e9kes\u00edt\u00e9s ut\u00e1ni szolg\u00e1ltat\u00e1sokat ny\u00fajtunk, biztos\u00edtva, hogy \u00fcgyfeleink el\u00e9gedettek legyenek term\u00e9keinkkel \u00e9s szolg\u00e1ltat\u00e1sainkkal. Cserealkatr\u00e9szeket \u00e9s fel\u00faj\u00edt\u00e1si szolg\u00e1ltat\u00e1sokat k\u00edn\u00e1lunk, tippeket adunk a hidraulikus hengerek \u00e9lettartam\u00e1nak meghosszabb\u00edt\u00e1s\u00e1hoz \u00e9s sok m\u00e1shoz.<\/p>\n<h4>Szerz\u0151: lyl<\/h4>","protected":false},"excerpt":{"rendered":"<p>Bucket Cylinder For Caterpillar Small Excavator E305.5E Introduction Defining Bucket Cylinder A bucket cylinder is a specially designed hydraulic cylinder mainly used to control the movement of shovels or buckets in heavy machinery such as excavators, backhoe loaders, and front-end loaders. Its primary function is to enable the bucket to lift, lower, and tilt, making [&hellip;]<\/p>","protected":false},"featured_media":14762,"comment_status":"open","ping_status":"closed","template":"","meta":{"_et_pb_use_builder":"","_et_pb_old_content":"","_et_gb_content_width":""},"product_brand":[],"product_cat":[1494],"product_tag":[1495,1496],"class_list":{"0":"post-15220","1":"product","2":"type-product","3":"status-publish","4":"has-post-thumbnail","6":"product_cat-bucket-cylinders","7":"product_tag-bucket-cylinders","8":"product_tag-hydraulic-cylinders","10":"first","11":"instock","12":"shipping-taxable","13":"product-type-simple"},"amp_enabled":true,"_links":{"self":[{"href":"https:\/\/www.hydraulic-cylinders.net\/hu\/wp-json\/wp\/v2\/product\/15220","targetHints":{"allow":["GET"]}}],"collection":[{"href":"https:\/\/www.hydraulic-cylinders.net\/hu\/wp-json\/wp\/v2\/product"}],"about":[{"href":"https:\/\/www.hydraulic-cylinders.net\/hu\/wp-json\/wp\/v2\/types\/product"}],"replies":[{"embeddable":true,"href":"https:\/\/www.hydraulic-cylinders.net\/hu\/wp-json\/wp\/v2\/comments?post=15220"}],"wp:featuredmedia":[{"embeddable":true,"href":"https:\/\/www.hydraulic-cylinders.net\/hu\/wp-json\/wp\/v2\/media\/14762"}],"wp:attachment":[{"href":"https:\/\/www.hydraulic-cylinders.net\/hu\/wp-json\/wp\/v2\/media?parent=15220"}],"wp:term":[{"taxonomy":"product_brand","embeddable":true,"href":"https:\/\/www.hydraulic-cylinders.net\/hu\/wp-json\/wp\/v2\/product_brand?post=15220"},{"taxonomy":"product_cat","embeddable":true,"href":"https:\/\/www.hydraulic-cylinders.net\/hu\/wp-json\/wp\/v2\/product_cat?post=15220"},{"taxonomy":"product_tag","embeddable":true,"href":"https:\/\/www.hydraulic-cylinders.net\/hu\/wp-json\/wp\/v2\/product_tag?post=15220"}],"curies":[{"name":"munkaf\u00fczet","href":"https:\/\/api.w.org\/{rel}","templated":true}]}}