{"id":15225,"date":"2025-01-19T14:15:41","date_gmt":"2025-01-19T14:15:41","guid":{"rendered":"https:\/\/www.hydraulic-cylinders.net\/product\/bucket-cylinder-for-caterpillar-middle-excavator-e200b\/"},"modified":"2025-01-19T14:15:43","modified_gmt":"2025-01-19T14:15:43","slug":"bucket-cylinder-for-caterpillar-middle-excavator-e200b","status":"publish","type":"product","link":"https:\/\/www.hydraulic-cylinders.net\/hu\/termek\/bucket-cylinder-for-caterpillar-middle-excavator-e200b\/","title":{"rendered":"Kan\u00e1lhenger Caterpillar k\u00f6z\u00e9ps\u0151 kotr\u00f3g\u00e9phez E200B"},"content":{"rendered":"<h1>Kan\u00e1lhenger Caterpillar k\u00f6z\u00e9ps\u0151 kotr\u00f3g\u00e9phez E200B<\/h1>\n<h2>Bevezet\u00e9s<\/h2>\n<p>A kan\u00e1lhenger egy olyan hidraulikus henger, amelyet kifejezetten a neh\u00e9zg\u00e9pek, p\u00e9ld\u00e1ul kotr\u00f3g\u00e9pek, kotr\u00f3g\u00e9pek \u00e9s homlokrakod\u00f3k kan\u00e1lj\u00e1nak mozg\u00e1s\u00e1nak vez\u00e9rl\u00e9s\u00e9re terveztek. F\u0151 funkci\u00f3ja, hogy lehet\u0151v\u00e9 tegye a kan\u00e1l emel\u00e9si, s\u00fcllyeszt\u00e9si \u00e9s billent\u00e9si m\u0171veleteinek v\u00e9grehajt\u00e1s\u00e1t, ez\u00e1ltal megk\u00f6nny\u00edtve a k\u00fcl\u00f6nf\u00e9le anyagmozgat\u00e1si feladatokat. A hidraulikus rendszerben a kan\u00e1lhenger a hidraulikaolaj nyom\u00e1s\u00e1nak v\u00e1ltoztat\u00e1s\u00e1val prec\u00edzen szab\u00e1lyozza a kan\u00e1l mozg\u00e1s\u00e1t, lehet\u0151v\u00e9 t\u00e9ve a kezel\u0151k sz\u00e1m\u00e1ra, hogy hat\u00e9konyan kezelj\u00e9k a neh\u00e9z terheket, \u00e9s alkalmazkodjanak az \u00f6sszetett munkak\u00f6rnyezetekhez \u00e9s a v\u00e1ltozatos munkak\u00f6vetelm\u00e9nyekhez.<\/p>\n<p><img decoding=\"async\" src=\"https:\/\/www.hydraulic-cylinders.net\/wp-content\/uploads\/2025\/01\/songte-company-2.webp\" alt=\"V\u00f6d\u00f6rhenger\"><\/p>\n<h2>Jellemz\u0151k<\/h2>\n<ul>\n<li>Nagy szil\u00e1rds\u00e1g \u00e9s tart\u00f3ss\u00e1g: \u00c1ltal\u00e1ban nagy szil\u00e1rds\u00e1g\u00fa ac\u00e9lb\u00f3l vagy alum\u00edniumb\u00f3l k\u00e9sz\u00fcl, \u00edgy ellen\u00e1ll a nagy nyom\u00e1snak \u00e9s a nagy terhel\u00e9seknek, \u00edgy alkalmazkodik a zord munkak\u00f6rnyezethez. A kop\u00e1s\u00e1ll\u00f3s\u00e1got \u00e9s a korr\u00f3zi\u00f3\u00e1ll\u00f3s\u00e1got szem el\u0151tt tartva tervezt\u00e9k, \u00edgy meghosszabb\u00edtja az \u00e9lettartamot.<\/li>\n<li>Hat\u00e9kony hidraulikus m\u0171k\u00f6d\u00e9s: A hidraulikaolaj nyom\u00e1s\u00e1nak k\u00f6sz\u00f6nhet\u0151en a g\u00e9p sima kitol\u00e1st \u00e9s visszah\u00faz\u00e1st biztos\u00edt, gyorsan reag\u00e1l a vez\u00e9rl\u0151parancsokra, \u00edgy nagy nyom\u00f3- \u00e9s h\u00faz\u00f3er\u0151t biztos\u00edt, amely alkalmas neh\u00e9z terhek \u00e9s \u00f6sszetett feladatok kezel\u00e9s\u00e9re.<\/li>\n<li>K\u00fcl\u00f6nb\u00f6z\u0151 t\u00edpusok: Az egyszeres m\u0171k\u00f6d\u00e9s\u0171 (csak egy ir\u00e1nyban hidraulikusan m\u0171k\u00f6dtetett) vagy kett\u0151s m\u0171k\u00f6d\u00e9s\u0171 (mindk\u00e9t ir\u00e1nyban hidraulikusan m\u0171k\u00f6dtetett) hengerek az ig\u00e9nyeknek megfelel\u0151en v\u00e1laszthat\u00f3k a k\u00fcl\u00f6nb\u00f6z\u0151 m\u0171k\u00f6d\u00e9si k\u00f6vetelm\u00e9nyeknek val\u00f3 megfelel\u00e9s \u00e9rdek\u00e9ben. Egyes modellek teleszk\u00f3posak, \u00edgy nagyobb kiny\u00fal\u00e1st tesznek lehet\u0151v\u00e9 a k\u00fcls\u0151 m\u00e9retek n\u00f6vel\u00e9se n\u00e9lk\u00fcl, \u00edgy alkalmasak korl\u00e1tozott helyig\u00e9ny\u0171 alkalmaz\u00e1sokhoz.<\/li>\n<li>T\u00f6k\u00e9letes csere: Term\u00e9k\u00fcnk t\u00f6k\u00e9letesen helyettes\u00edtheti a t\u00f6bbi hidraulikus hengert.<\/li>\n<\/ul>\n<p><img decoding=\"async\" src=\"https:\/\/www.hydraulic-cylinders.net\/wp-content\/uploads\/2025\/01\/songte-cylinder-head-with-all-kinds-excavator-models.webp\" alt=\"Kan\u00e1lhenger csere\"><\/p>\n<h2>Alkalmaz\u00e1sok<\/h2>\n<p>A kan\u00e1lhengereket sz\u00e9les k\u00f6rben haszn\u00e1lj\u00e1k k\u00fcl\u00f6nf\u00e9le alkalmaz\u00e1sokban, p\u00e9ld\u00e1ul:<\/p>\n<ul>\n<li>\u00c9p\u00edt\u0151ipari berendez\u00e9sek: Kotr\u00f3g\u00e9pekben kritikus fontoss\u00e1g\u00faak az \u00e1s\u00e1shoz, rakod\u00e1shoz \u00e9s a talaj vagy t\u00f6rmel\u00e9k mozgat\u00e1s\u00e1hoz. A kotr\u00f3g\u00e9pekben a kan\u00e1lhengerek seg\u00edtenek mind az \u00e1s\u00e1sban, mind az emel\u00e9sben. <\/li>\n<li>Mez\u0151gazdas\u00e1gi g\u00e9pek: Homlokrakod\u00f3kban haszn\u00e1lj\u00e1k talaj, sz\u00e9na \u00e9s egy\u00e9b anyagok kotor\u00e1s\u00e1ra, emel\u00e9s\u00e9re \u00e9s sz\u00e1ll\u00edt\u00e1s\u00e1ra. <\/li>\n<li>Kotr\u00f3g\u00e9pek: A kan\u00e1lhengerek \u00e1s\u00e1si m\u0171veletet v\u00e9geznek az\u00e1ltal, hogy lehet\u0151v\u00e9 teszik a kan\u00e1l talajba val\u00f3 behatol\u00e1s\u00e1t. <\/li>\n<li>Rakod\u00f3k: A homlokrakod\u00f3k hat\u00e9konyan seg\u00edtik az \u00e1ruk emel\u00e9s\u00e9t \u00e9s billent\u00e9s\u00e9t. <\/li>\n<\/ul>\n<h2>Tervez\u00e9si szempontok \u00e9s kiv\u00e1laszt\u00e1si krit\u00e9riumok<\/h2>\n<p>A hengerfejek kiv\u00e1laszt\u00e1sakor sz\u00e1mos fontos tervez\u00e9si szempontot kell figyelembe venni:<\/p>\n<ul>\n<li>Teherb\u00edr\u00e1s: A hengernek k\u00e9pesnek kell lennie arra, hogy ellen\u00e1lljon a nagy nyom\u00e1snak \u00e9s a nagy terhel\u00e9snek. <\/li>\n<li>T\u00f6m\u00edt\u00e9s: A dugatty\u00fa t\u00f6m\u00edt\u0151gy\u0171r\u0171j\u00e9nek, a r\u00fad t\u00f6m\u00edt\u0151gy\u0171r\u0171j\u00e9nek \u00e9s m\u00e1s t\u00f6m\u00edt\u0151elemeknek kop\u00e1s\u00e1ll\u00f3 anyagokb\u00f3l, p\u00e9ld\u00e1ul poliuret\u00e1nb\u00f3l vagy nitrilgumib\u00f3l kell k\u00e9sz\u00fclni\u00fck, a hengertestet \u00e9s a menetes v\u00e9gfel\u00fcletet pedig finoman megmunk\u00e1lni kell a kop\u00e1s\u00e1ll\u00f3s\u00e1g jav\u00edt\u00e1sa \u00e9rdek\u00e9ben. <\/li>\n<li>Tart\u00f3ss\u00e1g: A hengernek k\u00e9pesnek kell lennie arra, hogy ellen\u00e1lljon a zord \u00fczemi k\u00f6r\u00fclm\u00e9nyeknek \u00e9s hossz\u00fa \u00e9lettartammal rendelkezzen. <\/li>\n<li>Biztons\u00e1g: A palackot biztons\u00e1g szem el\u0151tt tartva kell megtervezni, biztos\u00edtva, hogy m\u0171k\u00f6d\u00e9s k\u00f6zben ne szakadjon meg \u00e9s ne okozzon s\u00e9r\u00fcl\u00e9st. <\/li>\n<li>Karbantarthat\u00f3s\u00e1g: A hengernek k\u00f6nnyen karbantarthat\u00f3nak \u00e9s jav\u00edthat\u00f3nak kell lennie, lehet\u0151v\u00e9 t\u00e9ve a kopott alkatr\u00e9szek gyors cser\u00e9j\u00e9t \u00e9s a le\u00e1ll\u00e1si id\u0151 minimaliz\u00e1l\u00e1s\u00e1t.<\/li>\n<\/ul>\n<p><img decoding=\"async\" src=\"https:\/\/www.hydraulic-cylinders.net\/wp-content\/uploads\/2025\/01\/songte-oil-pipes-and-spare-parts.webp\" alt=\"V\u00f6d\u00f6rhenger alkatr\u00e9szek\"><\/p>\n<h2>T\u00f6m\u00edt\u00e9s \u00e9s ken\u00e9s<\/h2>\n<p>A serleghengerek k\u00fcl\u00f6nf\u00e9le t\u00f6m\u00edt\u0151elemeket haszn\u00e1lnak, p\u00e9ld\u00e1ul dugatty\u00fat\u00f6m\u00edt\u0151gy\u0171r\u0171ket \u00e9s r\u00fadt\u00f6m\u00edt\u0151gy\u0171r\u0171ket, amelyek kop\u00e1s\u00e1ll\u00f3 anyagokb\u00f3l, p\u00e9ld\u00e1ul poliuret\u00e1nb\u00f3l vagy nitrilgumib\u00f3l k\u00e9sz\u00fclnek. A hengertest \u00e9s a menetes v\u00e9gfel\u00fclet finoman megmunk\u00e1lt a kop\u00e1s\u00e1ll\u00f3s\u00e1g jav\u00edt\u00e1sa \u00e9rdek\u00e9ben. A henger rendszeres ken\u00e9st ig\u00e9nyel hidraulikaolajjal a z\u00f6kken\u0151mentes m\u0171k\u00f6d\u00e9s biztos\u00edt\u00e1sa \u00e9rdek\u00e9ben.<\/p>\n<h2>Karbantart\u00e1s \u00e9s jav\u00edt\u00e1s<\/h2>\n<p>A kan\u00e1lhengerek optim\u00e1lis teljes\u00edtm\u00e9ny\u00e9nek biztos\u00edt\u00e1sa \u00e9s \u00e9lettartam\u00e1nak meghosszabb\u00edt\u00e1sa \u00e9rdek\u00e9ben rendszeres karbantart\u00e1sra van sz\u00fcks\u00e9g. A gyakori karbantart\u00e1si feladatok a k\u00f6vetkez\u0151k:<\/p>\n<ul>\n<li>Rendszeres ellen\u0151rz\u00e9sek<\/li>\n<li>Megfelel\u0151 ken\u00e9s<\/li>\n<li>T\u00f6m\u00edt\u00e9s csere<\/li>\n<li>Kalibr\u00e1ci\u00f3s ellen\u0151rz\u00e9sek<\/li>\n<\/ul>\n<p>A megfelel\u0151 beszerel\u00e9s szint\u00e9n kulcsfontoss\u00e1g\u00fa, \u00e9s biztos\u00edtani kell a be\u00e1ll\u00edt\u00e1si ir\u00e1nyelveket. A palackot megfelel\u0151 r\u00f6gz\u00edt\u0151konzolokkal kell r\u00f6gz\u00edteni. A palack \u00e9lettartam\u00e1nak maximaliz\u00e1l\u00e1sa \u00e9rdek\u00e9ben be kell tartani az aj\u00e1nlott ellen\u0151rz\u00e9si, jav\u00edt\u00e1si \u00e9s csere elj\u00e1r\u00e1sokat.<\/p>\n<p><img decoding=\"async\" src=\"https:\/\/www.hydraulic-cylinders.net\/wp-content\/uploads\/2025\/01\/songte-chushion-collar.webp\" alt=\"Kan\u00e1lhenger beszerel\u00e9se\"><\/p>\n<h2>Biztons\u00e1gi szempontok \u00e9s k\u00f6rnyezeti t\u00e9nyez\u0151k<\/h2>\n<p>A serlegeket a vonatkoz\u00f3 biztons\u00e1gi el\u0151\u00edr\u00e1soknak \u00e9s ir\u00e1nyelveknek megfelel\u0151en kell \u00fczemeltetni. Neh\u00e9zg\u00e9pekkel v\u00e9gzett munka sor\u00e1n megfelel\u0151 biztons\u00e1gi int\u00e9zked\u00e9seket kell tenni. A serlegek kiv\u00e1laszt\u00e1sakor \u00e9s \u00fczemeltet\u00e9sekor a k\u00f6rnyezeti t\u00e9nyez\u0151ket, p\u00e9ld\u00e1ul a h\u0151m\u00e9rs\u00e9kletet \u00e9s a p\u00e1ratartalmat is figyelembe kell venni.<\/p>\n<h2>Gyakori hib\u00e1k \u00e9s hibaelh\u00e1r\u00edt\u00e1s<\/h2>\n<p>A kan\u00e1lhengerekn\u00e9l el\u0151fordul\u00f3 gyakori hib\u00e1k a k\u00f6vetkez\u0151k:<\/p>\n<ul>\n<li>Sziv\u00e1rg\u00f3 olaj<\/li>\n<li>Lass\u00fa m\u0171k\u00f6d\u00e9s<\/li>\n<li>Szab\u00e1lytalan mozg\u00e1s<\/li>\n<\/ul>\n<p>A probl\u00e9m\u00e1k hat\u00e9kony diagnosztiz\u00e1l\u00e1s\u00e1hoz \u00e9s megold\u00e1s\u00e1hoz megfelel\u0151 hibaelh\u00e1r\u00edt\u00e1si technik\u00e1kat kell alkalmazni. A rendszeres karbantart\u00e1s \u00e9s ellen\u0151rz\u00e9s seg\u00edthet megel\u0151zni a lehets\u00e9ges probl\u00e9m\u00e1kat.<\/p>\n<p><img decoding=\"async\" src=\"https:\/\/www.hydraulic-cylinders.net\/wp-content\/uploads\/2025\/01\/songte-bushings-with-all-kinds-of-excavator-models.webp\" alt=\"Kan\u00e1l henger perselyek\"><\/p>\n<h2>R\u00f3lunk<\/h2>\n<p>A hidraulikus hengerek vezet\u0151 gy\u00e1rt\u00f3ja \u00e9s nagykeresked\u0151je vagyunk a hazai \u00e9s a nemzetk\u00f6zi piacokon. Teljes term\u00e9kk\u00edn\u00e1latunk \u00e9s kiv\u00e1l\u00f3 min\u0151s\u00e9g\u00fcnk az ipar\u00e1g egyik legmegb\u00edzhat\u00f3bb \u00e9s legelismertebb nev\u00e9v\u00e9 tett minket. Nagy hangs\u00falyt fektet\u00fcnk term\u00e9keink min\u0151s\u00e9g\u00e9re, fejlett gy\u00e1rt\u00f3\u00fczemeinkben kifinomult termel\u00e9sir\u00e1ny\u00edt\u00e1si rendszert alkalmazunk, \u00e9s folyamatosan fejlesztj\u00fck term\u00e9keink min\u0151s\u00e9g\u00e9t technol\u00f3gia, szak\u00e9rt\u0151 szem\u00e9lyzet \u00e9s professzion\u00e1lis tesztel\u0151rendszerek seg\u00edts\u00e9g\u00e9vel. Er\u0151s K+F csapattal rendelkez\u00fcnk, \u00e9s elk\u00f6telezettek vagyunk amellett, hogy nagy hat\u00e9konys\u00e1g\u00fa, nagy pontoss\u00e1g\u00fa \u00e9s kiv\u00e1l\u00f3 min\u0151s\u00e9g\u0171 term\u00e9keket k\u00edn\u00e1ljunk, amelyek megfelelnek \u00fcgyfeleink sokr\u00e9t\u0171 ig\u00e9nyeinek.<\/p>\n<p><img decoding=\"async\" src=\"https:\/\/hzpt.com\/wp-content\/uploads\/2024\/11\/songte-company-1.webp\" alt=\"V\u00e1llalat\"><\/p>\n<h3>Er\u0151ss\u00e9geink k\u00f6z\u00e9 tartozik:<\/h3>\n<ul>\n<li>Szakmaiass\u00e1g<\/li>\n<li>Nemzetk\u00f6zi min\u0151s\u00edt\u00e9s<\/li>\n<li>Testreszab\u00e1si szolg\u00e1ltat\u00e1sok<\/li>\n<li>Korszer\u0171 gy\u00e1rt\u00f3berendez\u00e9sek<\/li>\n<li>\u00c9rt\u00e9kes\u00edt\u00e9s ut\u00e1ni szolg\u00e1ltat\u00e1s<\/li>\n<\/ul>\n<p>Szerz\u0151: lyl<\/p>","protected":false},"excerpt":{"rendered":"<p>Bucket Cylinder For Caterpillar Middle Excavator E200B Introduction A bucket cylinder is a type of hydraulic cylinder specially designed for controlling the movement of the bucket in heavy machinery such as excavators, backhoes, and front loaders. Its main function is to enable the bucket to perform lifting, lowering, and tilting operations, thus facilitating material handling [&hellip;]<\/p>","protected":false},"featured_media":14785,"comment_status":"open","ping_status":"closed","template":"","meta":{"_et_pb_use_builder":"","_et_pb_old_content":"","_et_gb_content_width":""},"product_brand":[],"product_cat":[1494],"product_tag":[1495,1496],"class_list":{"0":"post-15225","1":"product","2":"type-product","3":"status-publish","4":"has-post-thumbnail","6":"product_cat-bucket-cylinders","7":"product_tag-bucket-cylinders","8":"product_tag-hydraulic-cylinders","10":"first","11":"instock","12":"shipping-taxable","13":"product-type-simple"},"amp_enabled":true,"_links":{"self":[{"href":"https:\/\/www.hydraulic-cylinders.net\/hu\/wp-json\/wp\/v2\/product\/15225","targetHints":{"allow":["GET"]}}],"collection":[{"href":"https:\/\/www.hydraulic-cylinders.net\/hu\/wp-json\/wp\/v2\/product"}],"about":[{"href":"https:\/\/www.hydraulic-cylinders.net\/hu\/wp-json\/wp\/v2\/types\/product"}],"replies":[{"embeddable":true,"href":"https:\/\/www.hydraulic-cylinders.net\/hu\/wp-json\/wp\/v2\/comments?post=15225"}],"wp:featuredmedia":[{"embeddable":true,"href":"https:\/\/www.hydraulic-cylinders.net\/hu\/wp-json\/wp\/v2\/media\/14785"}],"wp:attachment":[{"href":"https:\/\/www.hydraulic-cylinders.net\/hu\/wp-json\/wp\/v2\/media?parent=15225"}],"wp:term":[{"taxonomy":"product_brand","embeddable":true,"href":"https:\/\/www.hydraulic-cylinders.net\/hu\/wp-json\/wp\/v2\/product_brand?post=15225"},{"taxonomy":"product_cat","embeddable":true,"href":"https:\/\/www.hydraulic-cylinders.net\/hu\/wp-json\/wp\/v2\/product_cat?post=15225"},{"taxonomy":"product_tag","embeddable":true,"href":"https:\/\/www.hydraulic-cylinders.net\/hu\/wp-json\/wp\/v2\/product_tag?post=15225"}],"curies":[{"name":"munkaf\u00fczet","href":"https:\/\/api.w.org\/{rel}","templated":true}]}}