{"id":15226,"date":"2025-01-19T14:15:44","date_gmt":"2025-01-19T14:15:44","guid":{"rendered":"https:\/\/www.hydraulic-cylinders.net\/product\/bucket-cylinder-for-caterpillar-middle-excavator-e320-320b\/"},"modified":"2025-01-19T14:15:46","modified_gmt":"2025-01-19T14:15:46","slug":"bucket-cylinder-for-caterpillar-middle-excavator-e320-320b","status":"publish","type":"product","link":"https:\/\/www.hydraulic-cylinders.net\/hu\/termek\/bucket-cylinder-for-caterpillar-middle-excavator-e320-320b\/","title":{"rendered":"Kan\u00e1lhenger Caterpillar k\u00f6z\u00e9ps\u0151 kotr\u00f3g\u00e9phez E320\/320B"},"content":{"rendered":"<p><!--h1-->Kan\u00e1lhenger Caterpillar k\u00f6z\u00e9ps\u0151 kotr\u00f3g\u00e9phez E320\/320B<!--\/h1--><\/p>\n<p><!--h2-->Bevezet\u00e9s<!--\/h2--><\/p>\n<p>A kan\u00e1lhenger egy speci\u00e1lisan tervezett hidraulikus henger, amelyet a kan\u00e1l mozg\u00e1s\u00e1nak vez\u00e9rl\u00e9s\u00e9re haszn\u00e1lnak neh\u00e9zg\u00e9pekben, p\u00e9ld\u00e1ul kotr\u00f3g\u00e9pekben, kotr\u00f3g\u00e9pekben \u00e9s kerekes rakod\u00f3kban. F\u0151 funkci\u00f3ja a kan\u00e1l emel\u00e9s\u00e9nek, s\u00fcllyeszt\u00e9s\u00e9nek \u00e9s billent\u00e9s\u00e9nek lehet\u0151v\u00e9 t\u00e9tele, megk\u00f6nny\u00edtve a k\u00fcl\u00f6nf\u00e9le anyagmozgat\u00e1si feladatok elv\u00e9gz\u00e9s\u00e9t. Egy hidraulikus rendszerben a kan\u00e1lhenger a hidraulikaolaj nyom\u00e1s\u00e1nak v\u00e1ltoztat\u00e1s\u00e1val \u00e9ri el a kan\u00e1l pontos vez\u00e9rl\u00e9s\u00e9t, lehet\u0151v\u00e9 t\u00e9ve a kezel\u0151k sz\u00e1m\u00e1ra, hogy hat\u00e9konyan kezelj\u00e9k a neh\u00e9z terheket, \u00e9s alkalmazkodjanak az \u00f6sszetett munkak\u00f6rnyezetekhez \u00e9s a v\u00e1ltozatos munkak\u00f6vetelm\u00e9nyekhez.<\/p>\n<p><!--img--><br \/>\n<img decoding=\"async\" src=\"https:\/\/www.hydraulic-cylinders.net\/wp-content\/uploads\/2025\/01\/songte-company-2.webp\"><\/p>\n<p><!--h2-->Jellemz\u0151k<!--\/h2--><\/p>\n<ul>\n<li><strong>Nagy szil\u00e1rds\u00e1g \u00e9s tart\u00f3ss\u00e1g:<\/strong> A jellemz\u0151en nagy szil\u00e1rds\u00e1g\u00fa ac\u00e9lb\u00f3l vagy alum\u00edniumb\u00f3l k\u00e9sz\u00fclt kan\u00e1lhenger nagy nyom\u00e1st \u00e9s nagy terhel\u00e9st b\u00edr ki, \u00edgy alkalmazkodik a zord munkak\u00f6rnyezethez. Tervez\u00e9se sor\u00e1n a kop\u00e1s\u00e1ll\u00f3s\u00e1got \u00e9s a korr\u00f3zi\u00f3\u00e1ll\u00f3s\u00e1got is figyelembe vett\u00e9k, \u00edgy meghosszabb\u00edtva \u00e9lettartam\u00e1t.<\/li>\n<li><strong>Hat\u00e9kony hidraulikus m\u0171k\u00f6dtet\u00e9s:<\/strong> A hidraulikaolaj nyom\u00e1s\u00e1nak kihaszn\u00e1l\u00e1s\u00e1val a kan\u00e1lhenger sima kitol\u00e1si \u00e9s visszah\u00faz\u00e1si m\u0171veleteket biztos\u00edt, gyors reag\u00e1l\u00e1st biztos\u00edt a vez\u00e9rl\u0151parancsokra, \u00e9s er\u0151teljes tol\u00f3- \u00e9s h\u00faz\u00f3er\u0151t biztos\u00edt. Alkalmas neh\u00e9z terhek \u00e9s \u00f6sszetett munkafeladatok kezel\u00e9s\u00e9re.<\/li>\n<li><strong>K\u00fcl\u00f6nb\u00f6z\u0151 t\u00edpusok:<\/strong> A kan\u00e1lhenger az adott m\u0171k\u00f6d\u00e9si ig\u00e9nyeknek megfelel\u0151en egyszeres m\u0171k\u00f6d\u00e9s\u0171 (csak egy ir\u00e1nyban hidraulikus) vagy kett\u0151s m\u0171k\u00f6d\u00e9s\u0171 (mindk\u00e9t ir\u00e1nyban hidraulikus) hengerk\u00e9nt v\u00e1laszthat\u00f3. Bizonyos modellek teleszk\u00f3posak, \u00edgy nagyobb kiny\u00fal\u00e1st tesznek lehet\u0151v\u00e9 a k\u00fcls\u0151 m\u00e9retek n\u00f6vel\u00e9se n\u00e9lk\u00fcl, \u00edgy alkalmasak korl\u00e1tozott helyig\u00e9ny\u0171 alkalmaz\u00e1sokhoz.<\/li>\n<li><strong>T\u00f6k\u00e9letes csere:<\/strong> Term\u00e9k\u00fcnk t\u00f6k\u00e9letesen helyettes\u00edtheti ezeket a hidraulikus hengereket.<\/li>\n<\/ul>\n<p><!--img--><br \/>\n<img decoding=\"async\" src=\"https:\/\/www.hydraulic-cylinders.net\/wp-content\/uploads\/2025\/01\/songte-cylinder-head-with-all-kinds-excavator-models.webp\"><\/p>\n<p><!--h2-->Alkalmaz\u00e1sok<!--\/h2--><\/p>\n<p>A v\u00f6d\u00f6rhenger k\u00fcl\u00f6nf\u00e9le berendez\u00e9sekben alkalmazhat\u00f3:<\/p>\n<ul>\n<li><strong>\u00c9p\u00edt\u0151ipari berendez\u00e9sek:<\/strong> Kotr\u00f3g\u00e9pekben tal\u00e1lhat\u00f3k, elengedhetetlenek az \u00e1s\u00e1shoz, rakod\u00e1shoz \u00e9s a talaj vagy t\u00f6rmel\u00e9k mozgat\u00e1s\u00e1hoz. A kotr\u00f3g\u00e9p-rakod\u00f3kban a kan\u00e1lhenger mind az \u00e1s\u00e1st, mind az emel\u00e9st seg\u00edti.<\/li>\n<li><strong>Mez\u0151gazdas\u00e1gi g\u00e9pek:<\/strong> Homlokrakod\u00f3kban haszn\u00e1lj\u00e1k \u0151ket, \u00e9s seg\u00edtenek a talaj, a sz\u00e9na \u00e9s egy\u00e9b anyagok kikapar\u00e1s\u00e1ban, emel\u00e9s\u00e9ben \u00e9s sz\u00e1ll\u00edt\u00e1s\u00e1ban.<\/li>\n<li><strong>Kotr\u00f3g\u00e9pek:<\/strong> A kan\u00e1lhenger lehet\u0151v\u00e9 teszi az \u00e1s\u00e1si m\u0171veleteket az\u00e1ltal, hogy lehet\u0151v\u00e9 teszi a kan\u00e1l talajba hatol\u00e1s\u00e1t.<\/li>\n<li><strong>Kerekes rakod\u00f3k:<\/strong> A homlokrakod\u00f3kban hat\u00e9konyan seg\u00edtenek az \u00e1ruk emel\u00e9s\u00e9ben \u00e9s \u00fcr\u00edt\u00e9s\u00e9ben.<\/li>\n<\/ul>\n<p><!--img--><br \/>\n<img decoding=\"async\" src=\"https:\/\/www.hydraulic-cylinders.net\/wp-content\/uploads\/2025\/01\/songte-oil-pipes-and-spare-parts.webp\"><\/p>\n<p><!--h2-->Tervez\u00e9si szempontok \u00e9s kiv\u00e1laszt\u00e1si krit\u00e9riumok<!--\/h2--><\/p>\n<p>A kan\u00e1lhengerek tervez\u00e9si szempontjait \u00e9s kiv\u00e1laszt\u00e1si krit\u00e9riumait tekintve sz\u00e1mos t\u00e9nyez\u0151 d\u00f6nt\u0151 fontoss\u00e1g\u00fa:<\/p>\n<ul>\n<li><strong>Teherb\u00edr\u00e1s:<\/strong> A hengert \u00fagy kell megtervezni, hogy ellen\u00e1lljon a v\u00e1rhat\u00f3 terhel\u00e9seknek \u00e9s er\u0151knek.<\/li>\n<li><strong>T\u00f6m\u00edt\u00e9s:<\/strong> K\u00fcl\u00f6nb\u00f6z\u0151 t\u00f6m\u00edt\u0151elemeket, p\u00e9ld\u00e1ul dugatty\u00fat\u00f6m\u00edt\u00e9seket \u00e9s r\u00fadt\u00f6m\u00edt\u00e9seket haszn\u00e1lnak, amelyek jellemz\u0151en kop\u00e1s\u00e1ll\u00f3 anyagokb\u00f3l, p\u00e9ld\u00e1ul poliuret\u00e1nb\u00f3l \u00e9s nitrilgumib\u00f3l k\u00e9sz\u00fclnek. A hengertestet \u00e9s a menetes v\u00e9geket finoman kezelik a kop\u00e1s\u00e1ll\u00f3s\u00e1g jav\u00edt\u00e1sa \u00e9rdek\u00e9ben.<\/li>\n<li><strong>Tart\u00f3ss\u00e1g:<\/strong> A kan\u00e1lhengert tart\u00f3sra kell tervezni, figyelembe v\u00e9ve a munkak\u00f6r\u00fclm\u00e9nyeket \u00e9s az anyagokat, amelyekkel tal\u00e1lkozni fog.<\/li>\n<li><strong>Biztons\u00e1g:<\/strong> Biztons\u00e1gi funkci\u00f3kat kell be\u00e9p\u00edteni a balesetek megel\u0151z\u00e9se \u00e9s a kezel\u0151 v\u00e9delme \u00e9rdek\u00e9ben.<\/li>\n<li><strong>Karbantart\u00e1s:<\/strong> A k\u00f6nny\u0171 karbantart\u00e1s \u00e9s jav\u00edthat\u00f3s\u00e1g fontos szempontok az \u00e1ll\u00e1sid\u0151 minimaliz\u00e1l\u00e1sa \u00e9rdek\u00e9ben.<\/li>\n<\/ul>\n<p><!--img--><br \/>\n<img decoding=\"async\" src=\"https:\/\/www.hydraulic-cylinders.net\/wp-content\/uploads\/2025\/01\/songte-chushion-collar.webp\"><\/p>\n<p><!--h2-->T\u00f6m\u00edt\u00e9s \u00e9s ken\u00e9s<!--\/h2--><\/p>\n<p>A kan\u00e1lhenger k\u00fcl\u00f6nf\u00e9le t\u00f6m\u00edt\u0151elemeket haszn\u00e1l, p\u00e9ld\u00e1ul dugatty\u00fat\u00f6m\u00edt\u00e9seket \u00e9s r\u00fadt\u00f6m\u00edt\u00e9seket, amelyek kop\u00e1s\u00e1ll\u00f3 anyagokb\u00f3l, p\u00e9ld\u00e1ul poliuret\u00e1nb\u00f3l \u00e9s nitrilgumib\u00f3l k\u00e9sz\u00fclnek. A hengertest \u00e9s a menetes v\u00e9gek finom megmunk\u00e1l\u00e1son esnek \u00e1t a kop\u00e1s\u00e1ll\u00f3s\u00e1g jav\u00edt\u00e1sa \u00e9rdek\u00e9ben. A megfelel\u0151 hidraulikaolajjal t\u00f6rt\u00e9n\u0151 rendszeres ken\u00e9s sz\u00fcks\u00e9ges a z\u00f6kken\u0151mentes m\u0171k\u00f6d\u00e9s biztos\u00edt\u00e1s\u00e1hoz \u00e9s a t\u00falzott kop\u00e1s megel\u0151z\u00e9s\u00e9hez.<\/p>\n<p><!--h2-->Rendszeres ellen\u0151rz\u00e9s \u00e9s megel\u0151z\u0151 karbantart\u00e1s<!--\/h2--><\/p>\n<p>Az optim\u00e1lis teljes\u00edtm\u00e9ny \u00e9s a hossz\u00fa \u00e9lettartam biztos\u00edt\u00e1sa \u00e9rdek\u00e9ben elengedhetetlen a rendszeres ellen\u0151rz\u00e9s \u00e9s a megel\u0151z\u0151 karbantart\u00e1s:<\/p>\n<ul>\n<li>Rendszeresen ellen\u0151rizze a kan\u00e1lhengert kop\u00e1s, s\u00e9r\u00fcl\u00e9s vagy sziv\u00e1rg\u00e1s jelei szempontj\u00e1b\u00f3l.<\/li>\n<li>Megfelel\u0151 ken\u00e9s meghat\u00e1rozott id\u0151k\u00f6z\u00f6nk\u00e9nt.<\/li>\n<li>Cser\u00e9lje ki a t\u00f6m\u00edt\u00e9seket \u00e9s a t\u00f6m\u00edt\u0151gy\u0171r\u0171ket sz\u00fcks\u00e9g eset\u00e9n.<\/li>\n<li>Rendszeresen ellen\u0151rizze \u00e9s kalibr\u00e1lja a hengert a megfelel\u0151 be\u00e1ll\u00edt\u00e1s \u00e9s m\u0171k\u00f6d\u00e9s \u00e9rdek\u00e9ben.<\/li>\n<\/ul>\n<p><!--img--><br \/>\n<img decoding=\"async\" src=\"https:\/\/www.hydraulic-cylinders.net\/wp-content\/uploads\/2025\/01\/songte-bushings-with-all-kinds-of-excavator-models.webp\"><\/p>\n<p><!--h2-->Biztons\u00e1gi szempontok \u00e9s k\u00f6rnyezeti t\u00e9nyez\u0151k<!--\/h2--><\/p>\n<p>A kan\u00e1lhenger haszn\u00e1lata k\u00f6zbeni biztons\u00e1gi int\u00e9zked\u00e9sek betart\u00e1sa kritikus fontoss\u00e1g\u00fa a balesetek megel\u0151z\u00e9se \u00e9s a szem\u00e9lyzet v\u00e9delme \u00e9rdek\u00e9ben. A k\u00f6rnyezeti t\u00e9nyez\u0151ket is figyelembe kell venni a k\u00f6rnyezetre gyakorolt \u200b\u200bnegat\u00edv hat\u00e1sok minimaliz\u00e1l\u00e1sa \u00e9rdek\u00e9ben.<\/p>\n<p><!--h2-->Hibaelh\u00e1r\u00edt\u00e1s \u00e9s gyakori probl\u00e9m\u00e1k<!--\/h2--><\/p>\n<p>A kan\u00e1lhengerrel kapcsolatos probl\u00e9m\u00e1k eset\u00e9n fontos a gyors diagnosztiz\u00e1l\u00e1s \u00e9s elh\u00e1r\u00edt\u00e1s. \u00cdme n\u00e9h\u00e1ny gyakori hibaelh\u00e1r\u00edt\u00e1si tipp \u00e9s megold\u00e1s:<\/p>\n<ul>\n<li>Adjon hibaelh\u00e1r\u00edt\u00e1si tippeket \u00e9s megold\u00e1sokat.<\/li>\n<li>Javasoljon megel\u0151z\u0151 int\u00e9zked\u00e9seket a lehets\u00e9ges probl\u00e9m\u00e1k minimaliz\u00e1l\u00e1sa \u00e9rdek\u00e9ben.<\/li>\n<\/ul>\n<p><!--img--><br \/>\n<img decoding=\"async\" src=\"https:\/\/www.hydraulic-cylinders.net\/wp-content\/uploads\/2025\/01\/songte-company-1.webp\"><\/p>\n<p><!--h2-->C\u00e9gbemutat\u00f3<!--\/h2--><\/p>\n<p>Cserehidraulikus hengerek gy\u00e1rt\u00f3ja vagyunk, teljes term\u00e9kk\u00edn\u00e1lattal. A hidraulikus hengerek egyik vezet\u0151 gy\u00e1rt\u00f3j\u00e1v\u00e1 \u00e9s nagykereskedelmi forgalmaz\u00f3j\u00e1v\u00e1 v\u00e1ltunk mind a hazai, mind a nemzetk\u00f6zi piacokon. C\u00e9g\u00fcnk a kiv\u00e1l\u00f3s\u00e1g elveit k\u00f6veti, \u00e9s iparos\u00edtott termel\u00e9sir\u00e1ny\u00edt\u00e1si strat\u00e9gi\u00e1kra t\u00e1maszkodik j\u00f3l felszerelt gy\u00e1rt\u00f3m\u0171helyeinkben. M\u0171szaki tehets\u00e9g\u00fcnkkel, korszer\u0171 gy\u00e1rt\u00f3berendez\u00e9seinkkel \u00e9s professzion\u00e1lis tesztel\u0151rendszereinkkel folyamatosan fejlesztj\u00fck gy\u00e1rt\u00e1si platformunkat, t\u00f6k\u00e9letes term\u00e9kmin\u0151s\u00e9get biztos\u00edt\u00f3 gy\u00e1rt\u00f3sorainkat, \u00e9s er\u0151s innov\u00e1ci\u00f3s k\u00e9pess\u00e9gekkel rendelkez\u00fcnk. A hat\u00e9konys\u00e1got, a pontoss\u00e1got \u00e9s a magas min\u0151s\u00e9get helyezz\u00fck el\u0151t\u00e9rbe, hogy kiel\u00e9g\u00edts\u00fck \u00fcgyfeleink v\u00e1ltozatos ig\u00e9nyeit.<\/p>\n<p><!--img--><br \/>\n<img decoding=\"async\" src=\"https:\/\/www.hydraulic-cylinders.net\/wp-content\/uploads\/2025\/01\/songte-company-3.webp\"><\/p>\n<p><!--h2-->C\u00e9ges kiemel\u00e9sek<!--\/h2--><\/p>\n<ul>\n<li>Szakmaiass\u00e1g<\/li>\n<li>Nemzetk\u00f6zi tan\u00fas\u00edtv\u00e1nyok<\/li>\n<li>Testreszab\u00e1si szolg\u00e1ltat\u00e1sok<\/li>\n<li>Korszer\u0171 gy\u00e1rt\u00f3berendez\u00e9sek<\/li>\n<li>\u00c9rt\u00e9kes\u00edt\u00e9s ut\u00e1ni szolg\u00e1ltat\u00e1sok<\/li>\n<\/ul>\n<p><!--h2-->Szerz\u0151s\u00e9g<!--\/h2--><\/p>\n<p>Szerz\u0151: lyl<\/p>","protected":false},"excerpt":{"rendered":"<p>Bucket Cylinder For Caterpillar Middle Excavator E320\/320B Introduction A bucket cylinder is a specially designed hydraulic cylinder used to control the movement of the bucket in heavy machinery such as excavators, backhoe loaders, and wheel loaders. Its main function is to enable the lifting, lowering, and tilting of the bucket, making it easier to handle [&hellip;]<\/p>","protected":false},"featured_media":14784,"comment_status":"open","ping_status":"closed","template":"","meta":{"_et_pb_use_builder":"","_et_pb_old_content":"","_et_gb_content_width":""},"product_brand":[],"product_cat":[1494],"product_tag":[1495,1496],"class_list":{"0":"post-15226","1":"product","2":"type-product","3":"status-publish","4":"has-post-thumbnail","6":"product_cat-bucket-cylinders","7":"product_tag-bucket-cylinders","8":"product_tag-hydraulic-cylinders","10":"first","11":"instock","12":"shipping-taxable","13":"product-type-simple"},"amp_enabled":true,"_links":{"self":[{"href":"https:\/\/www.hydraulic-cylinders.net\/hu\/wp-json\/wp\/v2\/product\/15226","targetHints":{"allow":["GET"]}}],"collection":[{"href":"https:\/\/www.hydraulic-cylinders.net\/hu\/wp-json\/wp\/v2\/product"}],"about":[{"href":"https:\/\/www.hydraulic-cylinders.net\/hu\/wp-json\/wp\/v2\/types\/product"}],"replies":[{"embeddable":true,"href":"https:\/\/www.hydraulic-cylinders.net\/hu\/wp-json\/wp\/v2\/comments?post=15226"}],"wp:featuredmedia":[{"embeddable":true,"href":"https:\/\/www.hydraulic-cylinders.net\/hu\/wp-json\/wp\/v2\/media\/14784"}],"wp:attachment":[{"href":"https:\/\/www.hydraulic-cylinders.net\/hu\/wp-json\/wp\/v2\/media?parent=15226"}],"wp:term":[{"taxonomy":"product_brand","embeddable":true,"href":"https:\/\/www.hydraulic-cylinders.net\/hu\/wp-json\/wp\/v2\/product_brand?post=15226"},{"taxonomy":"product_cat","embeddable":true,"href":"https:\/\/www.hydraulic-cylinders.net\/hu\/wp-json\/wp\/v2\/product_cat?post=15226"},{"taxonomy":"product_tag","embeddable":true,"href":"https:\/\/www.hydraulic-cylinders.net\/hu\/wp-json\/wp\/v2\/product_tag?post=15226"}],"curies":[{"name":"munkaf\u00fczet","href":"https:\/\/api.w.org\/{rel}","templated":true}]}}