{"id":15234,"date":"2025-01-19T14:16:27","date_gmt":"2025-01-19T14:16:27","guid":{"rendered":"https:\/\/www.hydraulic-cylinders.net\/product\/bucket-cylinder-for-caterpillar-middle-excavator-e325bl325c\/"},"modified":"2025-01-19T14:16:29","modified_gmt":"2025-01-19T14:16:29","slug":"bucket-cylinder-for-caterpillar-middle-excavator-e325bl325c","status":"publish","type":"product","link":"https:\/\/www.hydraulic-cylinders.net\/hu\/termek\/bucket-cylinder-for-caterpillar-middle-excavator-e325bl325c\/","title":{"rendered":"Kan\u00e1lhenger Caterpillar k\u00f6z\u00e9ps\u0151 kotr\u00f3g\u00e9phez E325BL325C"},"content":{"rendered":"<p><!DOCTYPE html><br \/>\n<html><br \/>\n<head><br \/>\n<title>Kan\u00e1lhenger Caterpillar k\u00f6z\u00e9ps\u0151 kotr\u00f3g\u00e9phez E325BL325C<\/title><br \/>\n<\/head><br \/>\n<body><\/p>\n<h1>Kan\u00e1lhenger Caterpillar k\u00f6z\u00e9ps\u0151 kotr\u00f3g\u00e9phez E325BL325C<\/h1>\n<h2>Bevezet\u00e9s<\/h2>\n<p>A Caterpillar E325BL325C k\u00f6z\u00e9pkotr\u00f3g\u00e9p kan\u00e1lhengere egy speci\u00e1lis hidraulikus henger, amelyet neh\u00e9zg\u00e9pek, p\u00e9ld\u00e1ul kotr\u00f3g\u00e9pek, kotr\u00f3rakod\u00f3k \u00e9s homlokrakod\u00f3k kan\u00e1lmozg\u00e1s\u00e1nak vez\u00e9rl\u00e9s\u00e9re terveztek. Els\u0151dleges funkci\u00f3ja a kan\u00e1l emel\u00e9se, s\u00fcllyeszt\u00e9se \u00e9s billent\u00e9se, \u00edgy k\u00e9nyelmesen haszn\u00e1lhat\u00f3 k\u00fcl\u00f6nf\u00e9le anyagmozgat\u00e1si feladatokhoz. A hidraulikus rendszerben a kan\u00e1lhenger a hidraulikaolaj nyom\u00e1sv\u00e1ltoz\u00e1sait haszn\u00e1lja ki a kan\u00e1l pontos vez\u00e9rl\u00e9s\u00e9hez, lehet\u0151v\u00e9 t\u00e9ve a kezel\u0151k sz\u00e1m\u00e1ra, hogy hat\u00e9konyan kezelj\u00e9k a neh\u00e9z terheket, \u00e9s alkalmazkodjanak az \u00f6sszetett munkak\u00f6rnyezetekhez \u00e9s a v\u00e1ltozatos munkak\u00f6vetelm\u00e9nyekhez.<\/p>\n<p><img decoding=\"async\" src=\"https:\/\/www.hydraulic-cylinders.net\/wp-content\/uploads\/2025\/01\/songte-company-2.webp\" alt=\"V\u00f6d\u00f6r henger k\u00e9pe\"><\/p>\n<h2>Jellemz\u0151k<\/h2>\n<ul>\n<li>Nagy szil\u00e1rds\u00e1g \u00e9s tart\u00f3ss\u00e1g: \u00c1ltal\u00e1ban nagy szil\u00e1rds\u00e1g\u00fa ac\u00e9lb\u00f3l vagy alum\u00edniumb\u00f3l k\u00e9sz\u00fcl, k\u00e9pes ellen\u00e1llni a nagy nyom\u00e1snak \u00e9s a nagy terhel\u00e9seknek, alkalmazkodik a zord munkak\u00f6rnyezethez, \u00e9s a kop\u00e1s\u00e1ll\u00f3s\u00e1g \u00e9s a korr\u00f3zi\u00f3\u00e1ll\u00f3s\u00e1g figyelembev\u00e9tel\u00e9vel tervezt\u00e9k az \u00e9lettartam meghosszabb\u00edt\u00e1sa \u00e9rdek\u00e9ben.<\/li>\n<li>Hat\u00e9kony hidraulikus m\u0171k\u00f6d\u00e9s: A hidraulikaolaj nyom\u00e1s\u00e1t haszn\u00e1lja ki a sima kitol\u00e1si \u00e9s visszah\u00faz\u00e1si m\u0171veletekhez, k\u00e9pes gyorsan reag\u00e1lni a vez\u00e9rl\u0151parancsokra, er\u0151teljes tol\u00f3- \u00e9s h\u00faz\u00f3er\u0151t biztos\u00edtva, alkalmas neh\u00e9z terhek \u00e9s \u00f6sszetett feladatok kezel\u00e9s\u00e9re.<\/li>\n<li>K\u00fcl\u00f6nb\u00f6z\u0151 t\u00edpusok: Az ig\u00e9nyeknek megfelel\u0151en v\u00e1laszthat egyir\u00e1ny\u00fa hidraulikus vagy kett\u0151s m\u0171k\u00f6d\u00e9s\u0171 (hidraulikus k\u00e9tir\u00e1ny\u00fa) hengerek k\u00f6z\u00fcl. Egyes modellek teleszk\u00f3posak, \u00edgy nagyobb kiny\u00fal\u00e1st tesznek lehet\u0151v\u00e9 a k\u00fcls\u0151 m\u00e9retek n\u00f6vel\u00e9se n\u00e9lk\u00fcl, \u00edgy alkalmasak korl\u00e1tozott helyig\u00e9ny\u0171 alkalmaz\u00e1sokhoz.<\/li>\n<li>T\u00f6k\u00e9letes csere: Term\u00e9keink t\u00f6k\u00e9letesen helyettes\u00edthetik ezeket a hidraulikus hengereket.<\/li>\n<\/ul>\n<p><img decoding=\"async\" src=\"https:\/\/www.hydraulic-cylinders.net\/wp-content\/uploads\/2025\/01\/songte-cylinder-head-with-all-kinds-excavator-models.webp\" alt=\"Term\u00e9kk\u00e9p\"><\/p>\n<h2>Alkalmaz\u00e1sok<\/h2>\n<ul>\n<li>\u00c9p\u00edt\u0151ipari berendez\u00e9sek: Kotr\u00f3g\u00e9pekben tal\u00e1lhat\u00f3k, ahol kulcsfontoss\u00e1g\u00faak az \u00e1s\u00e1shoz, rakod\u00e1shoz \u00e9s a talaj vagy t\u00f6rmel\u00e9k mozgat\u00e1s\u00e1hoz. A kotr\u00f3g\u00e9p-rakod\u00f3kban a kan\u00e1lhenger mind az \u00e1s\u00e1st, mind az emel\u00e9st seg\u00edti.<\/li>\n<li>Mez\u0151gazdas\u00e1gi g\u00e9pek: Homlokrakod\u00f3kban haszn\u00e1lj\u00e1k talaj, sz\u00e9na \u00e9s egy\u00e9b anyagok \u00e1s\u00e1s\u00e1ra, emel\u00e9s\u00e9re \u00e9s sz\u00e1ll\u00edt\u00e1s\u00e1ra.<\/li>\n<li>Kotr\u00f3g\u00e9pek: A kan\u00e1lhenger lehet\u0151v\u00e9 teszi az \u00e1s\u00e1si m\u0171veleteket az\u00e1ltal, hogy lehet\u0151v\u00e9 teszi a kan\u00e1l talajba val\u00f3 behatol\u00e1s\u00e1t.<\/li>\n<li>Rakod\u00f3g\u00e9pek: A homlokrakod\u00f3kban hat\u00e9konyan seg\u00edtik az \u00e1ruk emel\u00e9s\u00e9t \u00e9s \u00fcr\u00edt\u00e9s\u00e9t.<\/li>\n<\/ul>\n<h2>Tervez\u00e9si szempontok \u00e9s kiv\u00e1laszt\u00e1si krit\u00e9riumok<\/h2>\n<ul>\n<li>Teherb\u00edr\u00e1s: Ismertesse a legfontosabb t\u00e9nyez\u0151ket, mint p\u00e9ld\u00e1ul a teherb\u00edr\u00e1s, a t\u00f6m\u00edt\u00e9s, a tart\u00f3ss\u00e1g, a biztons\u00e1g \u00e9s a karbantarthat\u00f3s\u00e1g.<\/li>\n<\/ul>\n<p><img decoding=\"async\" src=\"https:\/\/www.hydraulic-cylinders.net\/wp-content\/uploads\/2025\/01\/songte-oil-pipes-and-spare-parts.webp\" alt=\"Tervez\u00e9si k\u00e9p\"><\/p>\n<h2>T\u00f6m\u00edt\u00e9s \u00e9s ken\u00e9s<\/h2>\n<p>K\u00fcl\u00f6nb\u00f6z\u0151 t\u00f6m\u00edt\u00e9seket, p\u00e9ld\u00e1ul dugatty\u00fat\u00f6m\u00edt\u00e9seket \u00e9s r\u00fadt\u00f6m\u00edt\u00e9seket haszn\u00e1lnak, amelyek kop\u00e1s\u00e1ll\u00f3 anyagokb\u00f3l, p\u00e9ld\u00e1ul poliuret\u00e1nb\u00f3l \u00e9s nitrilgumib\u00f3l k\u00e9sz\u00fclnek. A hengertestet \u00e9s a menetes v\u00e9geket finoman megmunk\u00e1lj\u00e1k a kop\u00e1s\u00e1ll\u00f3s\u00e1g fokoz\u00e1sa \u00e9rdek\u00e9ben. Rendszeres ken\u00e9s megfelel\u0151 mennyis\u00e9g\u0171 hidraulikaolajjal sz\u00fcks\u00e9ges.<\/p>\n<h2>Ellen\u0151rz\u00e9s \u00e9s megel\u0151z\u0151 karbantart\u00e1s<\/h2>\n<ul>\n<li>Rendszeresen ellen\u0151rizze \u00e9s v\u00e9gezzen megel\u0151z\u0151 karbantart\u00e1si int\u00e9zked\u00e9seket a lehets\u00e9ges probl\u00e9m\u00e1k minimaliz\u00e1l\u00e1sa \u00e9rdek\u00e9ben.<\/li>\n<\/ul>\n<h2>Term\u00e9ktelep\u00edt\u00e9si \u00fatmutat\u00f3<\/h2>\n<p>Adjon r\u00e9szletes utas\u00edt\u00e1sokat a term\u00e9k megfelel\u0151 telep\u00edt\u00e9s\u00e9hez.<\/p>\n<h2>Karbantart\u00e1si feladatok<\/h2>\n<ul>\n<li>Rendszeres ellen\u0151rz\u00e9sek<\/li>\n<li>Megfelel\u0151 ken\u00e9s<\/li>\n<li>T\u00f6m\u00edt\u00e9s csere<\/li>\n<li>Kalibr\u00e1ci\u00f3s ellen\u0151rz\u00e9sek<\/li>\n<\/ul>\n<p>Hangs\u00falyozza a megfelel\u0151 beszerel\u00e9s, ken\u00e9s \u00e9s be\u00e1ll\u00edt\u00e1s fontoss\u00e1g\u00e1t. Adjon \u00fatmutat\u00e1st a henger megfelel\u0151 be\u00e1ll\u00edt\u00e1s\u00e1hoz a beszerel\u00e9s sor\u00e1n, \u00e9s javasolja a megfelel\u0151 r\u00f6gz\u00edt\u0151konzolok haszn\u00e1lat\u00e1t a henger r\u00f6gz\u00edt\u00e9s\u00e9hez. Javasolja az ellen\u0151rz\u00e9si, jav\u00edt\u00e1si \u00e9s csere elj\u00e1r\u00e1sokat, k\u00edn\u00e1ljon cserealkatr\u00e9szeket \u00e9s fel\u00faj\u00edt\u00e1si szolg\u00e1ltat\u00e1sokat, valamint tippeket adjon a serleghenger \u00e9lettartam\u00e1nak meghosszabb\u00edt\u00e1s\u00e1hoz.<\/p>\n<p><img decoding=\"async\" src=\"https:\/\/www.hydraulic-cylinders.net\/wp-content\/uploads\/2025\/01\/songte-chushion-collar.webp\" alt=\"Karbantart\u00e1si k\u00e9p\"><\/p>\n<h2>Biztons\u00e1gi szempontok \u00e9s k\u00f6rnyezeti t\u00e9nyez\u0151k<\/h2>\n<p>Besz\u00e9lj\u00e9tek meg a biztons\u00e1gi int\u00e9zked\u00e9sek fontoss\u00e1g\u00e1t a v\u00f6d\u00f6rhenger haszn\u00e1latakor \u00e9s annak k\u00f6rnyezetre gyakorolt \u200b\u200bhat\u00e1s\u00e1t.<\/p>\n<h2>Hibaelh\u00e1r\u00edt\u00e1s \u00e9s gyakori probl\u00e9m\u00e1k<\/h2>\n<ul>\n<li>Besz\u00e9lj\u00e9tek meg a gyakori hibaelh\u00e1r\u00edt\u00e1si tippeket \u00e9s megold\u00e1sokat a probl\u00e9m\u00e1k megold\u00e1s\u00e1ra.<\/li>\n<\/ul>\n<p><img decoding=\"async\" src=\"https:\/\/www.hydraulic-cylinders.net\/wp-content\/uploads\/2025\/01\/songte-bushings-with-all-kinds-of-excavator-models.webp\" alt=\"Hibaelh\u00e1r\u00edt\u00e1si k\u00e9p\"><\/p>\n<h2>C\u00e9ginform\u00e1ci\u00f3<\/h2>\n<p>Cserehidraulikus hengerek gy\u00e1rt\u00f3ja vagyunk, sz\u00e9les term\u00e9kv\u00e1laszt\u00e9kot k\u00edn\u00e1lva. A hazai \u00e9s nemzetk\u00f6zi piacok egyik vezet\u0151 hidraulikus hengergy\u00e1rt\u00f3j\u00e1v\u00e1 \u00e9s nagykereskedelmi forgalmaz\u00f3j\u00e1v\u00e1 v\u00e1ltunk. Kifinomult gy\u00e1rt\u00f3m\u0171helyeinkben a kiv\u00e1l\u00f3 min\u0151s\u00e9g alapelveit k\u00f6vetj\u00fck, \u00e9s iparos\u00edtott termel\u00e9sir\u00e1ny\u00edt\u00e1si strat\u00e9gi\u00e1kra t\u00e1maszkodunk. M\u0171szaki tehets\u00e9geinkkel, korszer\u0171 digit\u00e1lis gy\u00e1rt\u00f3berendez\u00e9seinkkel \u00e9s professzion\u00e1lis tesztel\u0151rendszereinkkel folyamatosan fejlesztj\u00fck gy\u00e1rt\u00e1si platformunkat \u00e9s term\u00e9kmin\u0151s\u00e9gi termel\u00e9si \u00fatvonalunkat. Er\u0151s innov\u00e1ci\u00f3s k\u00e9pess\u00e9ggel rendelkez\u00fcnk, amelynek c\u00e9lja, hogy nagy hat\u00e9konys\u00e1ggal, pontoss\u00e1ggal \u00e9s min\u0151s\u00e9ggel el\u00e9g\u00edts\u00fck ki az \u00fcgyfelek v\u00e1ltozatos ig\u00e9nyeit.<\/p>\n<p><img decoding=\"async\" src=\"https:\/\/hzpt.com\/wp-content\/uploads\/2024\/11\/songte-company-1.webp\" alt=\"C\u00e9ges im\u00e1zs\"><\/p>\n<h2>C\u00e9gbemutat\u00f3<\/h2>\n<ul>\n<li>Szak\u00e9rtelem \u00e9s professzionalizmus<\/li>\n<li>Nemzetk\u00f6zi tan\u00fas\u00edtv\u00e1nyok<\/li>\n<li>Testreszab\u00e1si szolg\u00e1ltat\u00e1sok<\/li>\n<li>Termel\u00e9si berendez\u00e9sek<\/li>\n<li>\u00c9rt\u00e9kes\u00edt\u00e9s ut\u00e1ni szolg\u00e1ltat\u00e1s<\/li>\n<\/ul>\n<p><img decoding=\"async\" src=\"https:\/\/www.hydraulic-cylinders.net\/wp-content\/uploads\/2025\/01\/songte-company-3.webp\" alt=\"C\u00e9gbemutat\u00f3 k\u00e9p\"><\/p>\n<p>Szerz\u0151: lyl<\/p>\n<p><\/body><br \/>\n<\/html><\/p>","protected":false},"excerpt":{"rendered":"<p>Bucket Cylinder For Caterpillar Middle Excavator E325BL325C Bucket Cylinder For Caterpillar Middle Excavator E325BL325C Introduction The bucket cylinder for Caterpillar middle excavator E325BL325C is a specialized hydraulic cylinder designed for controlling the movement of the bucket in heavy machinery such as excavators, backhoe loaders, and front-end loaders. Its primary function is to enable the lifting, [&hellip;]<\/p>","protected":false},"featured_media":14765,"comment_status":"open","ping_status":"closed","template":"","meta":{"_et_pb_use_builder":"","_et_pb_old_content":"","_et_gb_content_width":""},"product_brand":[],"product_cat":[1494],"product_tag":[1495,1496],"class_list":{"0":"post-15234","1":"product","2":"type-product","3":"status-publish","4":"has-post-thumbnail","6":"product_cat-bucket-cylinders","7":"product_tag-bucket-cylinders","8":"product_tag-hydraulic-cylinders","10":"first","11":"instock","12":"shipping-taxable","13":"product-type-simple"},"amp_enabled":true,"_links":{"self":[{"href":"https:\/\/www.hydraulic-cylinders.net\/hu\/wp-json\/wp\/v2\/product\/15234","targetHints":{"allow":["GET"]}}],"collection":[{"href":"https:\/\/www.hydraulic-cylinders.net\/hu\/wp-json\/wp\/v2\/product"}],"about":[{"href":"https:\/\/www.hydraulic-cylinders.net\/hu\/wp-json\/wp\/v2\/types\/product"}],"replies":[{"embeddable":true,"href":"https:\/\/www.hydraulic-cylinders.net\/hu\/wp-json\/wp\/v2\/comments?post=15234"}],"wp:featuredmedia":[{"embeddable":true,"href":"https:\/\/www.hydraulic-cylinders.net\/hu\/wp-json\/wp\/v2\/media\/14765"}],"wp:attachment":[{"href":"https:\/\/www.hydraulic-cylinders.net\/hu\/wp-json\/wp\/v2\/media?parent=15234"}],"wp:term":[{"taxonomy":"product_brand","embeddable":true,"href":"https:\/\/www.hydraulic-cylinders.net\/hu\/wp-json\/wp\/v2\/product_brand?post=15234"},{"taxonomy":"product_cat","embeddable":true,"href":"https:\/\/www.hydraulic-cylinders.net\/hu\/wp-json\/wp\/v2\/product_cat?post=15234"},{"taxonomy":"product_tag","embeddable":true,"href":"https:\/\/www.hydraulic-cylinders.net\/hu\/wp-json\/wp\/v2\/product_tag?post=15234"}],"curies":[{"name":"munkaf\u00fczet","href":"https:\/\/api.w.org\/{rel}","templated":true}]}}