{"id":15240,"date":"2025-01-19T14:16:50","date_gmt":"2025-01-19T14:16:50","guid":{"rendered":"https:\/\/www.hydraulic-cylinders.net\/product\/bucket-cylinder-for-caterpillar-large-excavator-e326dl\/"},"modified":"2025-01-19T14:16:58","modified_gmt":"2025-01-19T14:16:58","slug":"bucket-cylinder-for-caterpillar-large-excavator-e326dl","status":"publish","type":"product","link":"https:\/\/www.hydraulic-cylinders.net\/hu\/termek\/bucket-cylinder-for-caterpillar-large-excavator-e326dl\/","title":{"rendered":"Kan\u00e1lhenger Caterpillar nagym\u00e9ret\u0171 kotr\u00f3g\u00e9phez E326DL"},"content":{"rendered":"<h1>Kan\u00e1lhenger Caterpillar nagym\u00e9ret\u0171 kotr\u00f3g\u00e9phez E326DL<\/h1>\n<h2>Bevezet\u00e9s<\/h2>\n<p>A bucket cylinder for a Caterpillar large excavator E326DL is a specially designed hydraulic cylinder mainly used to control the movement of the bucket in heavy machinery such as excavators, backhoe loaders, and front-end loaders. Its main function is to allow the bucket to lift, lower, and tilt, making it easier to handle various material handling tasks. In a hydraulic system, the bucket cylinder achieves precise control of the bucket&#8217;s movement by changing the pressure of hydraulic oil, enabling operators to handle heavy objects efficiently, adapt to complex work environments, and diverse operational requirements.<\/p>\n<p><img decoding=\"async\" src=\"https:\/\/www.hydraulic-cylinders.net\/wp-content\/uploads\/2025\/01\/songte-company-2.webp\" alt=\"v\u00f6d\u00f6rhenger k\u00e9p\"><\/p>\n<h2>Term\u00e9kjellemz\u0151k<\/h2>\n<ul>\n<li>\n<h3>Nagy szil\u00e1rds\u00e1g \u00e9s tart\u00f3ss\u00e1g<\/h3>\n<p>A kan\u00e1lhengerek jellemz\u0151en nagy szil\u00e1rds\u00e1g\u00fa ac\u00e9lb\u00f3l vagy alum\u00edniumb\u00f3l k\u00e9sz\u00fclnek, k\u00e9pesek ellen\u00e1llni a nagy nyom\u00e1snak \u00e9s a nagy terhel\u00e9seknek, alkalmazkodnak a zord munkak\u00f6rnyezethez, \u00e9s kop\u00e1s\u00e1ll\u00f3s\u00e1ggal \u00e9s korr\u00f3zi\u00f3\u00e1ll\u00f3s\u00e1ggal tervezt\u00e9k \u0151ket \u00e9lettartamuk meghosszabb\u00edt\u00e1sa \u00e9rdek\u00e9ben.<\/p>\n<\/li>\n<li>\n<h3>Hat\u00e9kony hidraulikus m\u0171k\u00f6dtet\u00e9s<\/h3>\n<p>A kan\u00e1lhengerek a hidraulikaolaj nyom\u00e1s\u00e1t haszn\u00e1lj\u00e1k a sima teleszk\u00f3pos mozg\u00e1sok el\u00e9r\u00e9s\u00e9hez, gyorsan reag\u00e1lnak a vez\u00e9rl\u0151parancsokra, er\u0151teljes tol\u00f3- \u00e9s h\u00faz\u00f3er\u0151t biztos\u00edtanak, \u00e9s alkalmasak neh\u00e9z t\u00e1rgyak \u00e9s \u00f6sszetett munkafeladatok kezel\u00e9s\u00e9re.<\/p>\n<\/li>\n<li>\n<h3>K\u00fcl\u00f6nb\u00f6z\u0151 t\u00edpusok<\/h3>\n<p>A kan\u00e1lmunkahengerek egyszeres m\u0171k\u00f6d\u00e9s\u0171 (a hidraulika csak egy ir\u00e1nyban m\u0171k\u00f6dik) vagy kett\u0151s m\u0171k\u00f6d\u00e9s\u0171 (a hidraulika k\u00e9t ir\u00e1nyban m\u0171k\u00f6dik) v\u00e1ltozatban kaphat\u00f3k a k\u00fcl\u00f6nb\u00f6z\u0151 m\u0171k\u00f6d\u00e9si ig\u00e9nyek kiel\u00e9g\u00edt\u00e9s\u00e9re. Egyes modellek teleszk\u00f3posak, \u00edgy nagyobb kiny\u00fal\u00e1st tesznek lehet\u0151v\u00e9 a k\u00fcls\u0151 m\u00e9retek n\u00f6vel\u00e9se n\u00e9lk\u00fcl, \u00edgy alkalmasak korl\u00e1tozott helyig\u00e9ny\u0171 alkalmaz\u00e1sokhoz.<\/p>\n<\/li>\n<li>\n<h3>Term\u00e9kcsere<\/h3>\n<p>Term\u00e9keink t\u00f6k\u00e9letesen helyettes\u00edthetik ezeket a hidraulikus hengereket. <\/p>\n<\/li>\n<\/ul>\n<p><img decoding=\"async\" src=\"https:\/\/www.hydraulic-cylinders.net\/wp-content\/uploads\/2025\/01\/songte-cylinder-head-with-all-kinds-excavator-models.webp\" alt=\"v\u00f6d\u00f6rhenger csere k\u00e9p\"><\/p>\n<h2>Alkalmaz\u00e1sok<\/h2>\n<p>A kan\u00e1lhengereket sz\u00e9les k\u00f6rben haszn\u00e1lj\u00e1k k\u00fcl\u00f6nf\u00e9le neh\u00e9zg\u00e9pekben, bele\u00e9rtve:<\/p>\n<ul>\n<li>\n<h3>\u00c9p\u00edt\u0151ipari berendez\u00e9sek<\/h3>\n<p>Kotr\u00f3g\u00e9pekben elengedhetetlenek az \u00e1s\u00e1shoz, rakod\u00e1shoz \u00e9s a talaj vagy t\u00f6rmel\u00e9k mozgat\u00e1s\u00e1hoz. A kotr\u00f3g\u00e9p-rakod\u00f3kban a kan\u00e1lhengerek seg\u00edtenek mind az \u00e1s\u00e1sban, mind az emel\u00e9sben. <\/p>\n<\/li>\n<li>\n<h3>Mez\u0151gazdas\u00e1gi g\u00e9pek<\/h3>\n<p>Homlokrakod\u00f3kban haszn\u00e1lj\u00e1k talaj, sz\u00e9na \u00e9s egy\u00e9b anyagok mer\u00e9s\u00e9re, emel\u00e9s\u00e9re \u00e9s sz\u00e1ll\u00edt\u00e1s\u00e1ra.<\/p>\n<\/li>\n<li>\n<h3>Kotr\u00f3g\u00e9pek<\/h3>\n<p>A kan\u00e1l munkahengerei lehet\u0151v\u00e9 teszik az \u00e1s\u00e1si m\u0171veleteket az\u00e1ltal, hogy lehet\u0151v\u00e9 teszik a kan\u00e1l talajba hatol\u00e1s\u00e1t.<\/p>\n<\/li>\n<li>\n<h3>Rakod\u00f3k<\/h3>\n<p>A homlokrakod\u00f3kban hat\u00e9konyan seg\u00edtenek az \u00e1ruk emel\u00e9s\u00e9ben \u00e9s \u00fcr\u00edt\u00e9s\u00e9ben.<\/p>\n<\/li>\n<\/ul>\n<h2>Tervez\u00e9si szempontok \u00e9s kiv\u00e1laszt\u00e1si krit\u00e9riumok<\/h2>\n<ul>\n<li>\n<h3>Teherb\u00edr\u00e1s<\/h3>\n<p>The bucket cylinder&#8217;s bearing capacity should be considered when designing it. It should be able to withstand the maximum anticipated load without failing or deforming.<\/p>\n<\/li>\n<li>\n<h3>T\u00f6m\u00edtetts\u00e9g, tart\u00f3ss\u00e1g \u00e9s biztons\u00e1g<\/h3>\n<p>A serleghengereket tart\u00f3s t\u00f6m\u00edt\u00e9sekkel \u00e9s kop\u00e1s- \u00e9s korr\u00f3zi\u00f3\u00e1ll\u00f3 anyagokkal kell tervezni. Biztons\u00e1gi funkci\u00f3kat, p\u00e9ld\u00e1ul v\u00e9szle\u00e1ll\u00edt\u00f3 kapcsol\u00f3kat, biztons\u00e1gi szelepeket \u00e9s biztons\u00e1gi reteszeket is be kell \u00e9p\u00edteni.<\/p>\n<\/li>\n<li>\n<h3>Karbantart\u00e1s<\/h3>\n<p>A kan\u00e1lhengert \u00fagy kell kialak\u00edtani, hogy k\u00f6nnyen karbantarthat\u00f3 \u00e9s jav\u00edthat\u00f3 legyen. K\u00f6nnyen sz\u00e9tszerelhet\u0151 \u00e9s \u00f6sszeszerelhet\u0151 legyen, \u00e9s a p\u00f3talkatr\u00e9szeknek k\u00f6nnyen el\u00e9rhet\u0151nek kell lenni\u00fck.<\/p>\n<\/li>\n<\/ul>\n<p><img decoding=\"async\" src=\"https:\/\/www.hydraulic-cylinders.net\/wp-content\/uploads\/2025\/01\/songte-oil-pipes-and-spare-parts.webp\" alt=\"v\u00f6d\u00f6rhenger alkatr\u00e9szek k\u00e9pe\"><\/p>\n<h2>A term\u00e9k t\u00f6m\u00edt\u00e9se \u00e9s ken\u00e9se<\/h2>\n<p>A kan\u00e1lhengernek k\u00fcl\u00f6nf\u00e9le t\u00f6m\u00edt\u00e9seket kell haszn\u00e1lnia, bele\u00e9rtve a dugatty\u00fat\u00f6m\u00edt\u00e9seket \u00e9s a r\u00fadt\u00f6m\u00edt\u00e9seket, amelyek kop\u00e1s\u00e1ll\u00f3 anyagokb\u00f3l, p\u00e9ld\u00e1ul poliuret\u00e1nb\u00f3l \u00e9s nitrilgumib\u00f3l k\u00e9sz\u00fclnek. A hengertestet \u00e9s a menetes v\u00e9gfel\u00fcletet finom megmunk\u00e1l\u00e1snak kell al\u00e1vetni a kop\u00e1s\u00e1ll\u00f3s\u00e1g jav\u00edt\u00e1sa \u00e9rdek\u00e9ben. Az optim\u00e1lis m\u0171k\u00f6d\u00e9s biztos\u00edt\u00e1s\u00e1hoz a megfelel\u0151 hidraulikaolajjal t\u00f6rt\u00e9n\u0151 ken\u00e9s is sz\u00fcks\u00e9ges.<\/p>\n<h2>Karbantart\u00e1s \u00e9s jav\u00edt\u00e1s<\/h2>\n<p>A serleghenger j\u00f3 \u00e1llapot\u00e1nak meg\u0151rz\u00e9se \u00e9rdek\u00e9ben rendszeres karbantart\u00e1st \u00e9s megel\u0151z\u0151 int\u00e9zked\u00e9seket kell tenni. Ezek az int\u00e9zked\u00e9sek a k\u00f6vetkez\u0151k:<\/p>\n<ul>\n<li>\n<h3>Rendszeres ellen\u0151rz\u00e9s<\/h3>\n<p>A henger s\u00e9r\u00fcl\u00e9seinek, sziv\u00e1rg\u00e1sainak vagy korr\u00f3zi\u00f3j\u00e1nak ellen\u0151rz\u00e9se elengedhetetlen a meghib\u00e1sod\u00e1sok megel\u0151z\u00e9se \u00e9s az \u00e9lettartam meghosszabb\u00edt\u00e1sa \u00e9rdek\u00e9ben.<\/p>\n<\/li>\n<li>\n<h3>Ken\u00e9s<\/h3>\n<p>A hengert rendszeresen kenni kell a zavartalan m\u0171k\u00f6d\u00e9s biztos\u00edt\u00e1sa \u00e9rdek\u00e9ben.<\/p>\n<\/li>\n<li>\n<h3>T\u00f6m\u00edt\u00e9s csere<\/h3>\n<p>Replacing the seals periodically helps to maintain the cylinder&#8217;s efficient operation and prevent leaks.<\/p>\n<\/li>\n<\/ul>\n<p><img decoding=\"async\" src=\"https:\/\/www.hydraulic-cylinders.net\/wp-content\/uploads\/2025\/01\/songte-chushion-collar.webp\" alt=\"v\u00f6d\u00f6r hengerp\u00e1rna k\u00e9p\"><\/p>\n<h2>Biztons\u00e1gi \u00e9s k\u00f6rnyezetv\u00e9delmi szempontok<\/h2>\n<p>A balesetek \u00e9s s\u00e9r\u00fcl\u00e9sek megel\u0151z\u00e9se \u00e9rdek\u00e9ben biztons\u00e1gi int\u00e9zked\u00e9seket kell tenni a v\u00f6dr\u00f6s palackok haszn\u00e1latakor. A haszn\u00e1lt palackok vagy alkatr\u00e9szeik \u00e1rtalmatlan\u00edt\u00e1sakor vagy \u00fajrahasznos\u00edt\u00e1sakor a k\u00f6rnyezetv\u00e9delmi szempontokat is figyelembe kell venni.<\/p>\n<h2>Hibadiagn\u00f3zis \u00e9s gyakori probl\u00e9m\u00e1k<\/h2>\n<p>A kan\u00e1lhengerek gyakori probl\u00e9m\u00e1i k\u00f6z\u00e9 tartozik a sziv\u00e1rg\u00e1s, a t\u00f6m\u00edt\u00e9sek s\u00e9r\u00fcl\u00e9se \u00e9s a teljes\u00edtm\u00e9nykies\u00e9s. A hiba diagnosztiz\u00e1l\u00e1s\u00e1hoz a henger \u00e9s alkatr\u00e9szeinek alapos vizsg\u00e1lata sz\u00fcks\u00e9ges. A megfelel\u0151 karbantart\u00e1s \u00e9s jav\u00edt\u00e1s megoldhatja ezeket a probl\u00e9m\u00e1kat.<\/p>\n<p><img decoding=\"async\" src=\"https:\/\/www.hydraulic-cylinders.net\/wp-content\/uploads\/2025\/01\/songte-bushings-with-all-kinds-of-excavator-models.webp\" alt=\"kan\u00e1l henger perselyek k\u00e9pe\"><\/p>\n<h2>C\u00e9g\u00fcnkr\u0151l<\/h2>\n<p>Cserehidraulikus hengerek gy\u00e1rt\u00f3ja vagyunk, teljes term\u00e9kk\u00edn\u00e1lattal. A hazai \u00e9s nemzetk\u00f6zi piacok egyik vezet\u0151 hidraulikus hengergy\u00e1rt\u00f3ja \u00e9s nagykereskedelmi forgalmaz\u00f3ja vagyunk. A kiv\u00e1l\u00f3 min\u0151s\u00e9g elv\u00e9t k\u00f6vetj\u00fck, \u00e9s kifinomult gy\u00e1rt\u00f3m\u0171helyeinkben ipari termel\u00e9sir\u00e1ny\u00edt\u00e1si strat\u00e9gi\u00e1kra t\u00e1maszkodunk. Folyamatosan fejlesztj\u00fck m\u0171hely\u00fcnk gy\u00e1rt\u00e1si platformj\u00e1t, jav\u00edtjuk a term\u00e9kmin\u0151s\u00e9get biztos\u00edt\u00f3 gy\u00e1rt\u00f3sort, \u00e9s er\u0151s kreativit\u00e1ssal rendelkez\u00fcnk. A nagy hat\u00e9konys\u00e1g, a nagy pontoss\u00e1g \u00e9s a kiv\u00e1l\u00f3 min\u0151s\u00e9g elveivel kiel\u00e9g\u00edtj\u00fck \u00fcgyfeleink sokr\u00e9t\u0171 ig\u00e9nyeit.<\/p>\n<p><img decoding=\"async\" src=\"https:\/\/hzpt.com\/wp-content\/uploads\/2024\/11\/songte-company-1.webp\" alt=\"v\u00f6d\u00f6rhenger c\u00e9gk\u00e9p\"><\/p>\n<h2>Specialit\u00e1saink<\/h2>\n<ul>\n<li>\n<h3>Szakmaiass\u00e1g<\/h3>\n<p>Professzion\u00e1lis m\u00e9rn\u00f6k\u00f6kb\u0151l \u00e9s tervez\u0151kb\u0151l \u00e1ll\u00f3 csapatunk sz\u00e9lesk\u00f6r\u0171 tapasztalattal rendelkezik a hidraulikus hengerek ipar\u00e1g\u00e1ban.<\/p>\n<\/li>\n<li>\n<h3>Nemzetk\u00f6zi min\u0151s\u00edt\u00e9s<\/h3>\n<p>Term\u00e9keink nemzetk\u00f6zi szabv\u00e1nyok, p\u00e9ld\u00e1ul ISO \u00e9s CE min\u0151s\u00edt\u00e9ssel rendelkeznek.<\/p>\n<\/li>\n<li>\n<h3>Testreszab\u00e1si szolg\u00e1ltat\u00e1sok<\/h3>\n<p>Egyedi hidraulikus henger megold\u00e1sokat k\u00edn\u00e1lunk, hogy megfelelj\u00fcnk az \u00fcgyfelek speci\u00e1lis ig\u00e9nyeinek.<\/p>\n<\/li>\n<li>\n<h3>Termel\u00e9si berendez\u00e9sek<\/h3>\n<p>Korszer\u0171 gy\u00e1rt\u00f3berendez\u00e9seket \u00e9s vizsg\u00e1lati rendszereket haszn\u00e1lunk a term\u00e9kmin\u0151s\u00e9g biztos\u00edt\u00e1sa \u00e9rdek\u00e9ben.<\/p>\n<\/li>\n<li>\n<h3>\u00c9rt\u00e9kes\u00edt\u00e9s ut\u00e1ni szolg\u00e1ltat\u00e1s<\/h3>\n<p>Kiv\u00e1l\u00f3 \u00e9rt\u00e9kes\u00edt\u00e9s ut\u00e1ni szolg\u00e1ltat\u00e1st ny\u00fajtunk az \u00fcgyfelek el\u00e9gedetts\u00e9g\u00e9nek biztos\u00edt\u00e1sa \u00e9rdek\u00e9ben.<\/p>\n<\/li>\n<\/ul>\n<h3>Szerz\u0151: lyl<\/h3>","protected":false},"excerpt":{"rendered":"<p>Bucket Cylinder For Caterpillar Large Excavator E326DL Introduction A bucket cylinder for a Caterpillar large excavator E326DL is a specially designed hydraulic cylinder mainly used to control the movement of the bucket in heavy machinery such as excavators, backhoe loaders, and front-end loaders. Its main function is to allow the bucket to lift, lower, and [&hellip;]<\/p>","protected":false},"featured_media":14785,"comment_status":"open","ping_status":"closed","template":"","meta":{"_et_pb_use_builder":"","_et_pb_old_content":"","_et_gb_content_width":""},"product_brand":[],"product_cat":[1494],"product_tag":[1495,1496],"class_list":{"0":"post-15240","1":"product","2":"type-product","3":"status-publish","4":"has-post-thumbnail","6":"product_cat-bucket-cylinders","7":"product_tag-bucket-cylinders","8":"product_tag-hydraulic-cylinders","10":"first","11":"instock","12":"shipping-taxable","13":"product-type-simple"},"amp_enabled":true,"_links":{"self":[{"href":"https:\/\/www.hydraulic-cylinders.net\/hu\/wp-json\/wp\/v2\/product\/15240","targetHints":{"allow":["GET"]}}],"collection":[{"href":"https:\/\/www.hydraulic-cylinders.net\/hu\/wp-json\/wp\/v2\/product"}],"about":[{"href":"https:\/\/www.hydraulic-cylinders.net\/hu\/wp-json\/wp\/v2\/types\/product"}],"replies":[{"embeddable":true,"href":"https:\/\/www.hydraulic-cylinders.net\/hu\/wp-json\/wp\/v2\/comments?post=15240"}],"wp:featuredmedia":[{"embeddable":true,"href":"https:\/\/www.hydraulic-cylinders.net\/hu\/wp-json\/wp\/v2\/media\/14785"}],"wp:attachment":[{"href":"https:\/\/www.hydraulic-cylinders.net\/hu\/wp-json\/wp\/v2\/media?parent=15240"}],"wp:term":[{"taxonomy":"product_brand","embeddable":true,"href":"https:\/\/www.hydraulic-cylinders.net\/hu\/wp-json\/wp\/v2\/product_brand?post=15240"},{"taxonomy":"product_cat","embeddable":true,"href":"https:\/\/www.hydraulic-cylinders.net\/hu\/wp-json\/wp\/v2\/product_cat?post=15240"},{"taxonomy":"product_tag","embeddable":true,"href":"https:\/\/www.hydraulic-cylinders.net\/hu\/wp-json\/wp\/v2\/product_tag?post=15240"}],"curies":[{"name":"munkaf\u00fczet","href":"https:\/\/api.w.org\/{rel}","templated":true}]}}