{"id":15246,"date":"2025-01-19T14:17:21","date_gmt":"2025-01-19T14:17:21","guid":{"rendered":"https:\/\/www.hydraulic-cylinders.net\/product\/bucket-cylinder-for-caterpillar-large-excavator-e390dl\/"},"modified":"2025-01-19T14:17:23","modified_gmt":"2025-01-19T14:17:23","slug":"bucket-cylinder-for-caterpillar-large-excavator-e390dl","status":"publish","type":"product","link":"https:\/\/www.hydraulic-cylinders.net\/hu\/termek\/bucket-cylinder-for-caterpillar-large-excavator-e390dl\/","title":{"rendered":"Kan\u00e1lhenger Caterpillar nagym\u00e9ret\u0171 kotr\u00f3g\u00e9phez E390DL"},"content":{"rendered":"<h2>Kan\u00e1lhenger Caterpillar nagym\u00e9ret\u0171 kotr\u00f3g\u00e9phez E390DL<\/h2>\n<h3>Bevezet\u00e9s<\/h3>\n<p>A Caterpillar E390DL nagym\u00e9ret\u0171 kotr\u00f3g\u00e9p kan\u00e1lhengere egy speci\u00e1lis hidraulikus henger, amelyet els\u0151sorban a neh\u00e9zg\u00e9pek, p\u00e9ld\u00e1ul kotr\u00f3g\u00e9pek, kotr\u00f3rakod\u00f3k \u00e9s homlokrakod\u00f3k kan\u00e1lmozg\u00e1s\u00e1nak vez\u00e9rl\u00e9s\u00e9re terveztek. F\u0151 funkci\u00f3ja a kan\u00e1l emel\u00e9s\u00e9nek, s\u00fcllyeszt\u00e9s\u00e9nek \u00e9s billent\u00e9s\u00e9nek lehet\u0151v\u00e9 t\u00e9tele, megk\u00f6nny\u00edtve a k\u00fcl\u00f6nf\u00e9le anyagmozgat\u00e1si feladatok elv\u00e9gz\u00e9s\u00e9t. A hidraulikus rendszerben a kan\u00e1lhengerek a hidraulikaolaj nyom\u00e1s\u00e1nak v\u00e1ltoz\u00e1sain kereszt\u00fcl vez\u00e9rlik a kan\u00e1l prec\u00edz mozg\u00e1s\u00e1t, lehet\u0151v\u00e9 t\u00e9ve a kezel\u0151k sz\u00e1m\u00e1ra a neh\u00e9z terhek hat\u00e9kony kezel\u00e9s\u00e9t, az \u00f6sszetett munkak\u00f6rnyezetekhez \u00e9s a v\u00e1ltozatos munkak\u00f6vetelm\u00e9nyekhez val\u00f3 alkalmazkod\u00e1st.<\/p>\n<p><img decoding=\"async\" src=\"https:\/\/www.hydraulic-cylinders.net\/wp-content\/uploads\/2025\/01\/songte-company-2.webp\" alt=\"Kan\u00e1lhenger Caterpillar nagym\u00e9ret\u0171 kotr\u00f3g\u00e9phez E390DL\" \/><\/p>\n<h3>Jellemz\u0151k<\/h3>\n<ul>\n<li>Nagy szil\u00e1rds\u00e1g \u00e9s tart\u00f3ss\u00e1g: \u00c1ltal\u00e1ban nagy szil\u00e1rds\u00e1g\u00fa ac\u00e9lb\u00f3l vagy alum\u00edniumb\u00f3l k\u00e9sz\u00fcl, ellen\u00e1ll a nagy nyom\u00e1snak \u00e9s a nagy terhel\u00e9seknek, alkalmazkodik a zord munkak\u00f6rnyezethez, \u00e9s a kop\u00e1s\u00e1ll\u00f3s\u00e1got \u00e9s a korr\u00f3zi\u00f3\u00e1ll\u00f3s\u00e1got szem el\u0151tt tartva tervezt\u00e9k, hogy meghosszabb\u00edts\u00e1k \u00e9lettartam\u00e1t.<\/li>\n<li>Hat\u00e9kony hidraulikus m\u0171k\u00f6d\u00e9s: A hidraulikaolaj nyom\u00e1s\u00e1t kihaszn\u00e1lva sima kiny\u00fal\u00e1si \u00e9s \u00f6sszeh\u00faz\u00e1si mozg\u00e1sokat \u00e9r el, gyorsan reag\u00e1l a vez\u00e9rl\u0151parancsokra, er\u0151teljes tol\u00f3- \u00e9s h\u00faz\u00f3er\u0151t biztos\u00edt, \u00e9s alkalmas neh\u00e9z terhek \u00e9s \u00f6sszetett feladatok kezel\u00e9s\u00e9re.<\/li>\n<li>K\u00fcl\u00f6nb\u00f6z\u0151 t\u00edpusok: Az egyir\u00e1ny\u00fa hidraulikus m\u0171k\u00f6dtet\u00e9s\u0171) vagy a k\u00e9tir\u00e1ny\u00fa hidraulikus m\u0171k\u00f6dtet\u00e9s\u0171 hengerek a k\u00f6vetelm\u00e9nyeknek megfelel\u0151en v\u00e1laszthat\u00f3k ki, hogy megfeleljenek a k\u00fcl\u00f6nb\u00f6z\u0151 m\u0171k\u00f6d\u00e9si ig\u00e9nyeknek. Egyes modellek teleszk\u00f3posak, \u00edgy nagyobb kiny\u00fal\u00e1st tesznek lehet\u0151v\u00e9 a k\u00fcls\u0151 m\u00e9retek n\u00f6vel\u00e9se n\u00e9lk\u00fcl, \u00edgy alkalmasak korl\u00e1tozott helyig\u00e9ny\u0171 alkalmaz\u00e1sokhoz.<\/li>\n<li>Rendk\u00edv\u00fcl kompatibilis: Term\u00e9k\u00fcnk t\u00f6k\u00e9letesen helyettes\u00edtheti ezeket a hidraulikus hengereket<\/li>\n<li>Testreszabhat\u00f3: Ezt a term\u00e9ket az \u00d6n specifik\u00e1ci\u00f3i szerint tudjuk legy\u00e1rtani, hogy megfeleljen az \u00d6n egyedi ig\u00e9nyeinek.<\/li>\n<\/ul>\n<p><img decoding=\"async\" src=\"https:\/\/www.hydraulic-cylinders.net\/wp-content\/uploads\/2025\/01\/songte-cylinder-head-with-all-kinds-excavator-models.webp\" alt=\"Kan\u00e1lhenger Caterpillar nagym\u00e9ret\u0171 kotr\u00f3g\u00e9phez E390DL\" \/><\/p>\n<h3>Alkalmaz\u00e1sok<\/h3>\n<p>A kan\u00e1lhengereket sz\u00e9les k\u00f6rben haszn\u00e1lj\u00e1k k\u00fcl\u00f6nf\u00e9le neh\u00e9zg\u00e9pekben, p\u00e9ld\u00e1ul:<\/p>\n<ul>\n<li>\u00c9p\u00edt\u0151ipari berendez\u00e9sek: Kotr\u00f3g\u00e9pekben kulcsfontoss\u00e1g\u00faak az \u00e1s\u00e1shoz, rakod\u00e1shoz \u00e9s a talaj vagy t\u00f6rmel\u00e9k mozgat\u00e1s\u00e1hoz. A kotr\u00f3g\u00e9p-rakod\u00f3kban a kan\u00e1lhengerek seg\u00edtik az \u00e1s\u00e1st \u00e9s az emel\u00e9st.<\/li>\n<li>Mez\u0151gazdas\u00e1gi g\u00e9pek: Homlokrakod\u00f3kban haszn\u00e1lj\u00e1k talaj, sz\u00e9na \u00e9s egy\u00e9b anyagok felszed\u00e9s\u00e9re, emel\u00e9s\u00e9re \u00e9s sz\u00e1ll\u00edt\u00e1s\u00e1ra.<\/li>\n<li>Kotr\u00f3g\u00e9pek: A kan\u00e1lhengerek lehet\u0151v\u00e9 teszik a f\u00f6ldmunk\u00e1t az\u00e1ltal, hogy lehet\u0151v\u00e9 teszik a kan\u00e1l talajba hatol\u00e1s\u00e1t.<\/li>\n<li>Rakod\u00f3g\u00e9pek: Az el\u00f6lt\u00f6lt\u0151s rakod\u00f3g\u00e9pekben hat\u00e9konyan seg\u00edtik az \u00e1ruk emel\u00e9s\u00e9t \u00e9s lerak\u00e1s\u00e1t.<\/li>\n<\/ul>\n<h3>Tervez\u00e9si \u00e9s kiv\u00e1laszt\u00e1si krit\u00e9riumok<\/h3>\n<p>A hengerek tervez\u00e9sekor \u00e9s kiv\u00e1laszt\u00e1sakor sz\u00e1mos t\u00e9nyez\u0151t kell figyelembe venni:<\/p>\n<ul>\n<li>Teherb\u00edr\u00e1s: A kan\u00e1lhengereknek k\u00e9pesnek kell lenni\u00fck arra, hogy elb\u00edrj\u00e1k a haszn\u00e1lt g\u00e9pek terhel\u00e9s\u00e9t \u00e9s a kezelt anyag s\u00faly\u00e1t.<\/li>\n<li>T\u00f6m\u00edt\u00e9s: A hat\u00e9kony t\u00f6m\u00edt\u00e9s biztos\u00edt\u00e1sa \u00e9s a sziv\u00e1rg\u00e1s megakad\u00e1lyoz\u00e1sa \u00e9rdek\u00e9ben k\u00fcl\u00f6nf\u00e9le t\u00f6m\u00edt\u0151elemeket, p\u00e9ld\u00e1ul dugatty\u00fat\u00f6m\u00edt\u00e9seket, r\u00fadt\u00f6m\u00edt\u00e9seket \u00e9s ablakt\u00f6rl\u0151 t\u00f6m\u00edt\u00e9seket kell haszn\u00e1lni.<\/li>\n<li>Tart\u00f3ss\u00e1g: A kan\u00e1lhengereket a tart\u00f3ss\u00e1g szem el\u0151tt tart\u00e1s\u00e1val kell megtervezni, biztos\u00edtva, hogy ellen\u00e1lljanak a zord munkak\u00f6r\u00fclm\u00e9nyeknek, a hosszan tart\u00f3 haszn\u00e1latnak \u00e9s a nagy terhel\u00e9seknek.<\/li>\n<li>Biztons\u00e1g: A v\u00f6d\u00f6rhengereket szigor\u00fa biztons\u00e1gi el\u0151\u00edr\u00e1soknak megfelel\u0151en kell megtervezni \u00e9s gy\u00e1rtani, biztos\u00edtva a biztons\u00e1gos m\u0171k\u00f6d\u00e9st \u00e9s megel\u0151zve a baleseteket.<\/li>\n<li>Karbantart\u00e1s: A serleghengereket a k\u00f6nny\u0171 karbantart\u00e1s szem el\u0151tt tart\u00e1s\u00e1val kell megtervezni, hogy k\u00f6nnyen sz\u00e9tszerelhet\u0151k, jav\u00edthat\u00f3k \u00e9s sz\u00fcks\u00e9g eset\u00e9n cser\u00e9lhet\u0151k legyenek.<\/li>\n<\/ul>\n<p><img decoding=\"async\" src=\"https:\/\/www.hydraulic-cylinders.net\/wp-content\/uploads\/2025\/01\/songte-oil-pipes-and-spare-parts.webp\" alt=\"Kan\u00e1lhenger Caterpillar nagym\u00e9ret\u0171 kotr\u00f3g\u00e9phez E390DL\" \/><\/p>\n<h3>T\u00f6m\u00edt\u00e9s \u00e9s ken\u00e9s<\/h3>\n<p>A megfelel\u0151 m\u0171k\u00f6d\u00e9s biztos\u00edt\u00e1s\u00e1hoz a kan\u00e1lhengerek megfelel\u0151 t\u00f6m\u00edt\u00e9st \u00e9s ken\u00e9st ig\u00e9nyelnek. Ez mag\u00e1ban foglalja k\u00fcl\u00f6nf\u00e9le t\u00f6m\u00edt\u0151elemek, p\u00e9ld\u00e1ul dugatty\u00fat\u00f6m\u00edt\u00e9sek, r\u00fadt\u00f6m\u00edt\u00e9sek \u00e9s ablakt\u00f6rl\u0151 t\u00f6m\u00edt\u00e9sek haszn\u00e1lat\u00e1t, amelyek tart\u00f3s anyagokb\u00f3l, p\u00e9ld\u00e1ul poliuret\u00e1nb\u00f3l \u00e9s nitrilgumib\u00f3l k\u00e9sz\u00fclnek, valamint a hengertest \u00e9s a menetes fel\u00fcletek prec\u00edz megmunk\u00e1l\u00e1s\u00e1t a kop\u00e1s\u00e1ll\u00f3s\u00e1g n\u00f6vel\u00e9se \u00e9rdek\u00e9ben. A megfelel\u0151 mennyis\u00e9g\u0171 hidraulikaolaj rendszeres hozz\u00e1ad\u00e1sa sz\u00fcks\u00e9ges a megfelel\u0151 ken\u00e9s biztos\u00edt\u00e1s\u00e1hoz.<\/p>\n<h3>Karbantart\u00e1s \u00e9s jav\u00edt\u00e1s<\/h3>\n<p>A rendszeres ellen\u0151rz\u00e9s \u00e9s a megel\u0151z\u0151 karbantart\u00e1s kritikus fontoss\u00e1g\u00fa a serleghengerek hossz\u00fa \u00e9lettartama szempontj\u00e1b\u00f3l. A gyakori karbantart\u00e1si feladatok a k\u00f6vetkez\u0151k:<\/p>\n<ul>\n<li>Rendszeres ellen\u0151rz\u00e9s: Ellen\u0151rizze a hengert s\u00e9r\u00fcl\u00e9s vagy kop\u00e1s jelei szempontj\u00e1b\u00f3l, p\u00e9ld\u00e1ul olajsziv\u00e1rg\u00e1s, reped\u00e9sek, horpad\u00e1sok vagy rozsda.<\/li>\n<li>Ken\u00e9s: Rendszeresen vigye fel a megfelel\u0151 ken\u0151anyagot a kritikus fel\u00fcletekre.<\/li>\n<li>T\u00f6m\u00edt\u00e9scsere: Cser\u00e9lje ki az elkopott vagy s\u00e9r\u00fclt t\u00f6m\u00edt\u00e9seket az olajsziv\u00e1rg\u00e1s megel\u0151z\u00e9se \u00e9rdek\u00e9ben.<\/li>\n<li>Calibration check: Check the cylinder&#8217;s performance regularly to ensure it is functioning correctly.<\/li>\n<\/ul>\n<p><img decoding=\"async\" src=\"https:\/\/www.hydraulic-cylinders.net\/wp-content\/uploads\/2025\/01\/songte-chushion-collar.webp\" alt=\"Kan\u00e1lhenger Caterpillar nagym\u00e9ret\u0171 kotr\u00f3g\u00e9phez E390DL\" \/><\/p>\n<h3>Biztons\u00e1gi szempontok \u00e9s k\u00f6rnyezeti t\u00e9nyez\u0151k<\/h3>\n<p>A serleghengereket \u00f3vatosan \u00e9s megfelel\u0151 v\u00e9d\u0151felszerel\u00e9ssel, p\u00e9ld\u00e1ul keszty\u0171vel \u00e9s munkacip\u0151vel kell haszn\u00e1lni. A hidraulikaolaj \u00e9s egy\u00e9b hullad\u00e9k megfelel\u0151 \u00e1rtalmatlan\u00edt\u00e1sa kritikus fontoss\u00e1g\u00fa a k\u00f6rnyezetbiztons\u00e1g szempontj\u00e1b\u00f3l, \u00e9s a helyi el\u0151\u00edr\u00e1soknak megfelel\u0151en kell elv\u00e9gezni.<\/p>\n<h3>Hibadiagn\u00f3zis \u00e9s gyakori probl\u00e9m\u00e1k<\/h3>\n<p>A kan\u00e1lhengerek teljes\u00edtm\u00e9ny\u00e9t befoly\u00e1sol\u00f3 gyakori probl\u00e9m\u00e1k k\u00f6z\u00e9 tartozik az olajsziv\u00e1rg\u00e1s, a dugatty\u00fa s\u00e9r\u00fcl\u00e9se \u00e9s a t\u00f6m\u00edt\u00e9s kop\u00e1sa. Ezen probl\u00e9m\u00e1k diagnosztiz\u00e1l\u00e1s\u00e1hoz \u00e9s megold\u00e1s\u00e1hoz a k\u00f6vetkez\u0151 tippek seg\u00edthetnek:<\/p>\n<ul>\n<li>Rendszeresen ellen\u0151rizze a hengert s\u00e9r\u00fcl\u00e9sek vagy kop\u00e1s szempontj\u00e1b\u00f3l.<\/li>\n<li>Cser\u00e9lje ki az elkopott vagy s\u00e9r\u00fclt t\u00f6m\u00edt\u00e9seket vagy alkatr\u00e9szeket.<\/li>\n<li>Ellen\u0151rizze \u00e9s sz\u00fcks\u00e9g szerint \u00e1ll\u00edtsa be a kalibr\u00e1ci\u00f3t.<\/li>\n<\/ul>\n<p><img decoding=\"async\" src=\"https:\/\/www.hydraulic-cylinders.net\/wp-content\/uploads\/2025\/01\/songte-bushings-with-all-kinds-of-excavator-models.webp\" alt=\"Kan\u00e1lhenger Caterpillar nagym\u00e9ret\u0171 kotr\u00f3g\u00e9phez E390DL\" \/><\/p>\n<h3>C\u00e9g\u00fcnkr\u0151l<\/h3>\n<p>Vezet\u0151 hidraulikus hengergy\u00e1rt\u00f3k \u00e9s nagykereskedelmi forgalmaz\u00f3k vagyunk mind a hazai, mind a nemzetk\u00f6zi piacokon. Kiv\u00e1l\u00f3 min\u0151s\u00e9gi szabv\u00e1nyokat k\u00f6vet\u00fcnk, ipari termel\u00e9sir\u00e1ny\u00edt\u00e1si strat\u00e9gi\u00e1kra t\u00e1maszkodunk gondosan kidolgozott gy\u00e1rt\u00f3m\u0171helyeinkben, \u00e9s folyamatosan fejlesztj\u00fck gy\u00e1rt\u00e1si platformunkat \u00e9s term\u00e9kmin\u0151s\u00e9gi \u00fatvonalainkat m\u0171szaki tehets\u00e9g\u00fcnk, digit\u00e1lis, cs\u00facskateg\u00f3ri\u00e1s gy\u00e1rt\u00f3berendez\u00e9seink \u00e9s professzion\u00e1lis tesztel\u0151rendszereink seg\u00edts\u00e9g\u00e9vel. Er\u0151s innov\u00e1ci\u00f3s k\u00e9pess\u00e9gekkel rendelkez\u00fcnk, \u00e9s nagy hat\u00e9konys\u00e1g\u00fa, nagy pontoss\u00e1g\u00fa \u00e9s kiv\u00e1l\u00f3 min\u0151s\u00e9g\u0171 term\u00e9keket \u00e9s szolg\u00e1ltat\u00e1sokat k\u00edn\u00e1lunk, hogy kiel\u00e9g\u00edts\u00fck \u00fcgyfeleink v\u00e1ltozatos ig\u00e9nyeit.<\/p>\n<p><img decoding=\"async\" src=\"https:\/\/hzpt.com\/wp-content\/uploads\/2024\/11\/songte-company-1.webp\" alt=\"Kan\u00e1lhenger Caterpillar nagym\u00e9ret\u0171 kotr\u00f3g\u00e9phez E390DL\" \/><\/p>\n<h3>Mi\u00e9rt v\u00e1lasszon minket?<\/h3>\n<ul>\n<li>Professzionalizmus: Tapasztalt szakemberekb\u0151l \u00e1ll\u00f3 csapatunk a hidraulikus hengerek ter\u00fclet\u00e9nek szak\u00e9rt\u0151i.<\/li>\n<li>Nemzetk\u00f6zi min\u0151s\u00edt\u00e9s: ISO9001 \u00e9s egy\u00e9b nemzetk\u00f6zi min\u0151s\u00edt\u00e9sekkel rendelkez\u00fcnk, amelyek biztos\u00edtj\u00e1k term\u00e9keink min\u0151s\u00e9g\u00e9t.<\/li>\n<li>Testreszab\u00e1si szolg\u00e1ltat\u00e1sok: Az \u00d6n specifik\u00e1ci\u00f3i szerint, az \u00d6n egyedi ig\u00e9nyeinek kiel\u00e9g\u00edt\u00e9se \u00e9rdek\u00e9ben egyedi term\u00e9keket tudunk biztos\u00edtani.<\/li>\n<li>Korszer\u0171 gy\u00e1rt\u00f3berendez\u00e9sek: Term\u00e9keink pontoss\u00e1g\u00e1nak \u00e9s min\u0151s\u00e9g\u00e9nek biztos\u00edt\u00e1sa \u00e9rdek\u00e9ben korszer\u0171 gy\u00e1rt\u00f3berendez\u00e9sekre t\u00e1maszkodunk.<\/li>\n<li>\u00c9rt\u00e9kes\u00edt\u00e9s ut\u00e1ni szolg\u00e1ltat\u00e1sok: Kiv\u00e1l\u00f3 \u00e9rt\u00e9kes\u00edt\u00e9s ut\u00e1ni szolg\u00e1ltat\u00e1sokat ny\u00fajtunk \u00fcgyfeleinknek, bele\u00e9rtve a karbantart\u00e1st, jav\u00edt\u00e1st \u00e9s \u00fajj\u00e1\u00e9p\u00edt\u00e9st.<\/li>\n<\/ul>\n<p>Szerz\u0151: lyl<\/p>","protected":false},"excerpt":{"rendered":"<p>Bucket Cylinder for Caterpillar Large Excavator E390DL Introduction A bucket cylinder for a Caterpillar large excavator E390DL is a specialized hydraulic cylinder designed primarily for controlling the movement of the bucket in heavy machinery such as excavators, backhoe loaders, and front-end loaders. Its main function is to enable the bucket to lift, lower, and tilt, [&hellip;]<\/p>","protected":false},"featured_media":14773,"comment_status":"open","ping_status":"closed","template":"","meta":{"_et_pb_use_builder":"","_et_pb_old_content":"","_et_gb_content_width":""},"product_brand":[],"product_cat":[1494],"product_tag":[1495,1496],"class_list":{"0":"post-15246","1":"product","2":"type-product","3":"status-publish","4":"has-post-thumbnail","6":"product_cat-bucket-cylinders","7":"product_tag-bucket-cylinders","8":"product_tag-hydraulic-cylinders","10":"first","11":"instock","12":"shipping-taxable","13":"product-type-simple"},"amp_enabled":true,"_links":{"self":[{"href":"https:\/\/www.hydraulic-cylinders.net\/hu\/wp-json\/wp\/v2\/product\/15246","targetHints":{"allow":["GET"]}}],"collection":[{"href":"https:\/\/www.hydraulic-cylinders.net\/hu\/wp-json\/wp\/v2\/product"}],"about":[{"href":"https:\/\/www.hydraulic-cylinders.net\/hu\/wp-json\/wp\/v2\/types\/product"}],"replies":[{"embeddable":true,"href":"https:\/\/www.hydraulic-cylinders.net\/hu\/wp-json\/wp\/v2\/comments?post=15246"}],"wp:featuredmedia":[{"embeddable":true,"href":"https:\/\/www.hydraulic-cylinders.net\/hu\/wp-json\/wp\/v2\/media\/14773"}],"wp:attachment":[{"href":"https:\/\/www.hydraulic-cylinders.net\/hu\/wp-json\/wp\/v2\/media?parent=15246"}],"wp:term":[{"taxonomy":"product_brand","embeddable":true,"href":"https:\/\/www.hydraulic-cylinders.net\/hu\/wp-json\/wp\/v2\/product_brand?post=15246"},{"taxonomy":"product_cat","embeddable":true,"href":"https:\/\/www.hydraulic-cylinders.net\/hu\/wp-json\/wp\/v2\/product_cat?post=15246"},{"taxonomy":"product_tag","embeddable":true,"href":"https:\/\/www.hydraulic-cylinders.net\/hu\/wp-json\/wp\/v2\/product_tag?post=15246"}],"curies":[{"name":"munkaf\u00fczet","href":"https:\/\/api.w.org\/{rel}","templated":true}]}}