{"id":15248,"date":"2025-01-19T14:17:29","date_gmt":"2025-01-19T14:17:29","guid":{"rendered":"https:\/\/www.hydraulic-cylinders.net\/product\/bucket-cylinder-for-caterpillar-large-excavator-e330b330c\/"},"modified":"2025-01-19T14:17:31","modified_gmt":"2025-01-19T14:17:31","slug":"bucket-cylinder-for-caterpillar-large-excavator-e330b330c","status":"publish","type":"product","link":"https:\/\/www.hydraulic-cylinders.net\/hu\/termek\/bucket-cylinder-for-caterpillar-large-excavator-e330b330c\/","title":{"rendered":"Kan\u00e1lhenger Caterpillar nagy kotr\u00f3g\u00e9phez E330B330C"},"content":{"rendered":"<h1>Kan\u00e1lhenger Caterpillar nagy kotr\u00f3g\u00e9phez E330B330C<\/h1>\n<h2>Bevezet\u00e9s<\/h2>\n<p>A kan\u00e1lhenger egy speci\u00e1lisan tervezett hidraulikus henger, amelyet neh\u00e9zg\u00e9pek, p\u00e9ld\u00e1ul kotr\u00f3g\u00e9pek, kotr\u00f3rakod\u00f3k \u00e9s homlokrakod\u00f3k kanalainak mozg\u00e1s\u00e1nak vez\u00e9rl\u00e9s\u00e9re haszn\u00e1lnak. F\u0151 funkci\u00f3ja a kan\u00e1l emel\u00e9s\u00e9nek, s\u00fcllyeszt\u00e9s\u00e9nek \u00e9s billent\u00e9s\u00e9nek lehet\u0151v\u00e9 t\u00e9tele, \u00edgy k\u00e9nyelmess\u00e9 teszi a k\u00fcl\u00f6nf\u00e9le anyagmozgat\u00e1si feladatokat. A hidraulikus rendszerben a kan\u00e1lhenger a hidraulikaolaj nyom\u00e1s\u00e1nak v\u00e1ltoz\u00e1saival \u00e9ri el a kan\u00e1l pontos vez\u00e9rl\u00e9s\u00e9t, lehet\u0151v\u00e9 t\u00e9ve a kezel\u0151k sz\u00e1m\u00e1ra, hogy hat\u00e9konyan kezelj\u00e9k a neh\u00e9z terheket, \u00e9s alkalmazkodjanak az \u00f6sszetett munkak\u00f6rnyezetekhez \u00e9s a v\u00e1ltozatos m\u0171k\u00f6d\u00e9si k\u00f6vetelm\u00e9nyekhez.<\/p>\n<p><img decoding=\"async\" src=\"https:\/\/www.hydraulic-cylinders.net\/wp-content\/uploads\/2025\/01\/songte-company-2.webp\"><\/p>\n<h2>Jellemz\u0151k<\/h2>\n<ul>\n<li>Nagy szil\u00e1rds\u00e1g \u00e9s tart\u00f3ss\u00e1g: \u00c1ltal\u00e1ban nagy szil\u00e1rds\u00e1g\u00fa ac\u00e9lb\u00f3l vagy alum\u00edniumb\u00f3l k\u00e9sz\u00fcl, ellen\u00e1ll a nagy nyom\u00e1snak \u00e9s a nagy terhel\u00e9seknek, alkalmazkodik a zord munkak\u00f6rnyezethez, \u00e9s a kop\u00e1s\u00e1ll\u00f3s\u00e1g \u00e9s a korr\u00f3zi\u00f3\u00e1ll\u00f3s\u00e1g szempontjaival tervezt\u00e9k, meghosszabb\u00edtva \u00e9lettartam\u00e1t.<\/li>\n<li>Hat\u00e9kony hidraulikus m\u0171k\u00f6d\u00e9s: A hidraulikaolaj nyom\u00e1s\u00e1t kihaszn\u00e1lva sima teleszk\u00f3pos mozg\u00e1st biztos\u00edt, gyorsan reag\u00e1l a vez\u00e9rl\u0151parancsokra, er\u0151teljes tol\u00f3- \u00e9s h\u00faz\u00f3er\u0151t biztos\u00edt, \u00e9s alkalmas neh\u00e9z terhek kezel\u00e9s\u00e9re \u00e9s \u00f6sszetett \u00fczemeltet\u00e9si feladatokra.<\/li>\n<li>K\u00fcl\u00f6nb\u00f6z\u0151 t\u00edpusok: Kaphat\u00f3 egyszeres m\u0171k\u00f6d\u00e9s\u0171 (a hidraulika csak az egyik ir\u00e1nyban m\u0171k\u00f6dik) vagy kett\u0151s m\u0171k\u00f6d\u00e9s\u0171 (a hidraulika mindk\u00e9t ir\u00e1nyban m\u0171k\u00f6dik) hengerekkel, az \u00fczemi k\u00f6vetelm\u00e9nyekt\u0151l f\u00fcgg\u0151en. Egyes modellek teleszk\u00f3posak, \u00edgy nagyobb kiny\u00fal\u00e1st tesznek lehet\u0151v\u00e9 a k\u00fcls\u0151 m\u00e9retek n\u00f6vel\u00e9se n\u00e9lk\u00fcl, \u00edgy alkalmasak korl\u00e1tozott helyig\u00e9ny\u0171 alkalmaz\u00e1sokhoz.<\/li>\n<li>T\u00f6k\u00e9letes csere: Term\u00e9k\u00fcnk t\u00f6k\u00e9letesen helyettes\u00edti ezeket a hidraulikus hengereket.<\/li>\n<\/ul>\n<p><img decoding=\"async\" src=\"https:\/\/www.hydraulic-cylinders.net\/wp-content\/uploads\/2025\/01\/songte-cylinder-head-with-all-kinds-excavator-models.webp\"><\/p>\n<h2>Alkalmaz\u00e1sok<\/h2>\n<p>A v\u00f6d\u00f6rhenger k\u00fcl\u00f6nf\u00e9le berendez\u00e9sekben alkalmazhat\u00f3:<\/p>\n<ul>\n<li>\u00c9p\u00edt\u0151ipari g\u00e9pek: Kotr\u00f3g\u00e9pekben tal\u00e1lhat\u00f3k, kulcsfontoss\u00e1g\u00faak a f\u00f6ldmunk\u00e1k sor\u00e1n, a rakod\u00e1s \u00e9s a talaj vagy t\u00f6rmel\u00e9k mozgat\u00e1sa sor\u00e1n. A kotr\u00f3g\u00e9p-rakod\u00f3kban a kan\u00e1lhenger mind a f\u00f6ldmunk\u00e1ban, mind az emel\u00e9sben seg\u00edti a munk\u00e1t.<\/li>\n<li>Mez\u0151gazdas\u00e1gi g\u00e9pek: Homlokrakod\u00f3kban haszn\u00e1lj\u00e1k talaj, sz\u00e9na \u00e9s egy\u00e9b anyagok \u00e1s\u00e1s\u00e1ra, emel\u00e9s\u00e9re \u00e9s sz\u00e1ll\u00edt\u00e1s\u00e1ra.<\/li>\n<li>Kotr\u00f3g\u00e9pek: A kan\u00e1lhenger lehet\u0151v\u00e9 teszi az \u00e1s\u00e1si m\u0171veleteket az\u00e1ltal, hogy lehet\u0151v\u00e9 teszi a kan\u00e1l talajba val\u00f3 behatol\u00e1s\u00e1t.<\/li>\n<li>Rakod\u00f3g\u00e9pek: Az el\u00f6lt\u00f6lt\u0151s rakod\u00f3g\u00e9pekben seg\u00edtik az \u00e1ruk hat\u00e9kony emel\u00e9s\u00e9t \u00e9s lerak\u00e1s\u00e1t.<\/li>\n<\/ul>\n<h2>Tervez\u00e9si szempontok \u00e9s kiv\u00e1laszt\u00e1si krit\u00e9riumok<\/h2>\n<p>A hengeres v\u00e1z tervez\u00e9si szempontjai \u00e9s kiv\u00e1laszt\u00e1si krit\u00e9riumai tekintet\u00e9ben sz\u00e1mos t\u00e9nyez\u0151t kell figyelembe venni:<\/p>\n<ul>\n<li>Teherb\u00edr\u00e1s: A hengert \u00fagy kell megtervezni, hogy biztons\u00e1gosan \u00e9s megb\u00edzhat\u00f3an kezelje a sz\u00fcks\u00e9ges terhel\u00e9st.<\/li>\n<li>T\u00f6m\u00edt\u00e9s: A hat\u00e9kony t\u00f6m\u00edt\u00e9s biztos\u00edt\u00e1s\u00e1hoz k\u00fcl\u00f6nf\u00e9le t\u00f6m\u00edt\u00e9seket, p\u00e9ld\u00e1ul dugatty\u00fat\u00f6m\u00edt\u00e9seket \u00e9s r\u00fadt\u00f6m\u00edt\u00e9seket haszn\u00e1lnak, amelyek kop\u00e1s\u00e1ll\u00f3 anyagokb\u00f3l, p\u00e9ld\u00e1ul poliuret\u00e1nb\u00f3l \u00e9s nitrilgumib\u00f3l k\u00e9sz\u00fclnek. A hengertestet \u00e9s a menetes v\u00e9geket finoman kezelik a kop\u00e1s\u00e1ll\u00f3s\u00e1g jav\u00edt\u00e1sa \u00e9rdek\u00e9ben.<\/li>\n<li>Tart\u00f3ss\u00e1g: A hengert \u00fagy kell megtervezni, hogy ellen\u00e1lljon az \u00fczemi k\u00f6rnyezet viszontags\u00e1gainak, \u00e9s hossz\u00fa t\u00e1v\u00fa teljes\u00edtm\u00e9nyt ny\u00fajtson.<\/li>\n<li>Biztons\u00e1g: A balesetek megel\u0151z\u00e9se \u00e9s a kezel\u0151 biztons\u00e1g\u00e1nak garant\u00e1l\u00e1sa \u00e9rdek\u00e9ben a tervez\u00e9sbe biztons\u00e1gi funkci\u00f3kat kell be\u00e9p\u00edteni.<\/li>\n<li>Karbantarthat\u00f3s\u00e1g: A hengert \u00fagy kell megtervezni, hogy k\u00f6nnyen karbantarthat\u00f3 legyen, lehet\u0151v\u00e9 t\u00e9ve az alkatr\u00e9szek k\u00e9nyelmes ellen\u0151rz\u00e9s\u00e9t, ken\u00e9s\u00e9t \u00e9s cser\u00e9j\u00e9t.<\/li>\n<\/ul>\n<p><img decoding=\"async\" src=\"https:\/\/www.hydraulic-cylinders.net\/wp-content\/uploads\/2025\/01\/songte-oil-pipes-and-spare-parts.webp\"><\/p>\n<h2>T\u00f6m\u00edt\u00e9s \u00e9s ken\u00e9s<\/h2>\n<p>A kan\u00e1lhenger k\u00fcl\u00f6nf\u00e9le t\u00f6m\u00edt\u00e9seket haszn\u00e1l, p\u00e9ld\u00e1ul dugatty\u00fat\u00f6m\u00edt\u00e9seket \u00e9s r\u00fadt\u00f6m\u00edt\u00e9seket, amelyek kop\u00e1s\u00e1ll\u00f3 anyagokb\u00f3l, p\u00e9ld\u00e1ul poliuret\u00e1nb\u00f3l \u00e9s nitrilgumib\u00f3l k\u00e9sz\u00fclnek. A hengertest \u00e9s a menetes v\u00e9gek finoman megmunk\u00e1ltak a kop\u00e1s\u00e1ll\u00f3s\u00e1g fokoz\u00e1sa \u00e9rdek\u00e9ben. A z\u00f6kken\u0151mentes m\u0171k\u00f6d\u00e9s biztos\u00edt\u00e1s\u00e1hoz rendszeres ken\u00e9s sz\u00fcks\u00e9ges. Ken\u00e9shez aj\u00e1nlott megfelel\u0151 mennyis\u00e9g\u0171 hidraulikaolajat rendszeresen ut\u00e1nt\u00f6lteni.<\/p>\n<h2>Rendszeres ellen\u0151rz\u00e9s \u00e9s megel\u0151z\u0151 karbantart\u00e1s<\/h2>\n<p>A kan\u00e1lhenger optim\u00e1lis teljes\u00edtm\u00e9ny\u00e9nek fenntart\u00e1s\u00e1hoz elengedhetetlen a rendszeres ellen\u0151rz\u00e9s \u00e9s a megel\u0151z\u0151 karbantart\u00e1s. \u00cdme n\u00e9h\u00e1ny javasolt int\u00e9zked\u00e9s:<\/p>\n<ul>\n<li>Rendszeresen ellen\u0151rizze a palackot kop\u00e1s, sziv\u00e1rg\u00e1s vagy s\u00e9r\u00fcl\u00e9s jelei szempontj\u00e1b\u00f3l.<\/li>\n<li>A gy\u00e1rt\u00f3 utas\u00edt\u00e1sainak megfelel\u0151en gondoskodjon a megfelel\u0151 ken\u00e9sr\u0151l.<\/li>\n<li>A hat\u00e9kony t\u00f6m\u00edtetts\u00e9g fenntart\u00e1sa \u00e9rdek\u00e9ben sz\u00fcks\u00e9g eset\u00e9n cser\u00e9lje ki a t\u00f6m\u00edt\u00e9seket.<\/li>\n<li>V\u00e9gezzen kalibr\u00e1ci\u00f3s ellen\u0151rz\u00e9seket a pontos m\u0171k\u00f6d\u00e9s biztos\u00edt\u00e1sa \u00e9rdek\u00e9ben.<\/li>\n<\/ul>\n<p><img decoding=\"async\" src=\"https:\/\/www.hydraulic-cylinders.net\/wp-content\/uploads\/2025\/01\/songte-chushion-collar.webp\"><\/p>\n<h2>Biztons\u00e1gi szempontok \u00e9s k\u00f6rnyezeti t\u00e9nyez\u0151k<\/h2>\n<p>A kan\u00e1lhenger haszn\u00e1latakor a biztons\u00e1gi int\u00e9zked\u00e9sek rendk\u00edv\u00fcl fontosak. A kezel\u0151knek be kell tartaniuk a biztons\u00e1gi ir\u00e1nyelveket \u00e9s \u00f3vint\u00e9zked\u00e9seket a balesetek megel\u0151z\u00e9se \u00e9s a biztons\u00e1gos munkak\u00f6rnyezet biztos\u00edt\u00e1sa \u00e9rdek\u00e9ben. Tov\u00e1bb\u00e1 a k\u00f6rnyezeti t\u00e9nyez\u0151k, p\u00e9ld\u00e1ul a megfelel\u0151 hullad\u00e9kkezel\u00e9s \u00e9s az el\u0151\u00edr\u00e1sok betart\u00e1sa figyelembev\u00e9tele elengedhetetlen a negat\u00edv hat\u00e1sok minimaliz\u00e1l\u00e1sa \u00e9rdek\u00e9ben.<\/p>\n<h2>Hibaelh\u00e1r\u00edt\u00e1s \u00e9s gyakori probl\u00e9m\u00e1k<\/h2>\n<p>Tart\u00f3ss\u00e1guk ellen\u00e9re a kan\u00e1lhengerek probl\u00e9m\u00e1kba \u00fctk\u00f6zhetnek. \u00cdme n\u00e9h\u00e1ny gyakori probl\u00e9ma \u00e9s hibaelh\u00e1r\u00edt\u00e1si tipp:<\/p>\n<ul>\n<li>Probl\u00e9ma: Sziv\u00e1rg\u00e1s Megold\u00e1s: Ellen\u0151rizze \u00e9s sz\u00fcks\u00e9g eset\u00e9n cser\u00e9lje ki a t\u00f6m\u00edt\u00e9seket.<\/li>\n<li>Probl\u00e9ma: Lass\u00fa vagy nem reag\u00e1l\u00f3 mozg\u00e1s Megold\u00e1s: Ellen\u0151rizze a hidraulikafolyad\u00e9k szintj\u00e9t, \u00e9s gondoskodjon a megfelel\u0151 ken\u00e9sr\u0151l.<\/li>\n<li>Probl\u00e9ma: Rendellenes zaj Megold\u00e1s: Ellen\u0151rizze a laza vagy kopott alkatr\u00e9szeket, \u00e9s h\u00fazza meg vagy cser\u00e9lje ki azokat ennek megfelel\u0151en.<\/li>\n<\/ul>\n<p><img decoding=\"async\" src=\"https:\/\/www.hydraulic-cylinders.net\/wp-content\/uploads\/2025\/01\/songte-bushings-with-all-kinds-of-excavator-models.webp\"><\/p>\n<p>A megfelel\u0151 telep\u00edt\u00e9si, ken\u00e9si \u00e9s be\u00e1ll\u00edt\u00e1si elj\u00e1r\u00e1sok betart\u00e1s\u00e1val az olvas\u00f3k hat\u00e9konyan diagnosztiz\u00e1lhatj\u00e1k \u00e9s megoldhatj\u00e1k a probl\u00e9m\u00e1kat, valamint megel\u0151z\u0151 int\u00e9zked\u00e9seket hozhatnak a lehets\u00e9ges probl\u00e9m\u00e1k minimaliz\u00e1l\u00e1sa \u00e9rdek\u00e9ben, biztos\u00edtva a kan\u00e1lhenger hossz\u00fa \u00e9lettartam\u00e1t.<\/p>\n<h2>C\u00e9g\u00fcnkr\u0151l<\/h2>\n<p>A hidraulikus hengerek vezet\u0151 gy\u00e1rt\u00f3ja \u00e9s nagykereskedelmi forgalmaz\u00f3ja vagyunk mind a hazai, mind a nemzetk\u00f6zi piacokon. C\u00e9g\u00fcnk sz\u00e9les term\u00e9kv\u00e1laszt\u00e9kot k\u00edn\u00e1l, \u00e9s elk\u00f6telezett a kiv\u00e1l\u00f3 min\u0151s\u00e9g ir\u00e1nt. Korszer\u0171 gy\u00e1rt\u00f3\u00fczemeinkkel, k\u00e9pzett szakemberekb\u0151l \u00e1ll\u00f3 csapatunkkal \u00e9s az \u00fcgyfelek el\u00e9gedetts\u00e9g\u00e9re \u00f6sszpontos\u00edtva arra t\u00f6reksz\u00fcnk, hogy nagy hat\u00e9konys\u00e1ggal, pontoss\u00e1ggal \u00e9s min\u0151s\u00e9gben el\u00e9g\u00edts\u00fck ki \u00fcgyfeleink v\u00e1ltozatos ig\u00e9nyeit.<\/p>\n<p><img decoding=\"async\" src=\"https:\/\/www.hydraulic-cylinders.net\/wp-content\/uploads\/2025\/01\/songte-company-3.webp\"><\/p>\n<p>C\u00e9g\u00fcnk b\u00fcszke a professzionalizmusra, a nemzetk\u00f6zi tan\u00fas\u00edtv\u00e1nyokra, a szem\u00e9lyre szabott szolg\u00e1ltat\u00e1sokra, a legmodernebb gy\u00e1rt\u00f3berendez\u00e9sekre \u00e9s az \u00e1tfog\u00f3 \u00e9rt\u00e9kes\u00edt\u00e9s ut\u00e1ni szolg\u00e1ltat\u00e1sokra. M\u0171k\u00f6d\u00e9s\u00fcnk minden ter\u00fclet\u00e9n a legmagasabb sz\u00ednvonalat helyezz\u00fck el\u0151t\u00e9rbe, hogy biztos\u00edtsuk \u00fcgyfeleink el\u00e9gedetts\u00e9g\u00e9t.<\/p>\n<p>Szerz\u0151: lyl<\/p>","protected":false},"excerpt":{"rendered":"<p>Bucket Cylinder For Caterpillar Large Excavator E330B330C Introduction A bucket cylinder is a specially designed hydraulic cylinder that is used to control the movement of buckets in heavy machinery such as excavators, backhoe loaders, and front-end loaders. Its main function is to enable the lifting, lowering, and tilting of the bucket, making it convenient for [&hellip;]<\/p>","protected":false},"featured_media":14769,"comment_status":"open","ping_status":"closed","template":"","meta":{"_et_pb_use_builder":"","_et_pb_old_content":"","_et_gb_content_width":""},"product_brand":[],"product_cat":[1494],"product_tag":[1495,1496],"class_list":{"0":"post-15248","1":"product","2":"type-product","3":"status-publish","4":"has-post-thumbnail","6":"product_cat-bucket-cylinders","7":"product_tag-bucket-cylinders","8":"product_tag-hydraulic-cylinders","10":"first","11":"instock","12":"shipping-taxable","13":"product-type-simple"},"amp_enabled":true,"_links":{"self":[{"href":"https:\/\/www.hydraulic-cylinders.net\/hu\/wp-json\/wp\/v2\/product\/15248","targetHints":{"allow":["GET"]}}],"collection":[{"href":"https:\/\/www.hydraulic-cylinders.net\/hu\/wp-json\/wp\/v2\/product"}],"about":[{"href":"https:\/\/www.hydraulic-cylinders.net\/hu\/wp-json\/wp\/v2\/types\/product"}],"replies":[{"embeddable":true,"href":"https:\/\/www.hydraulic-cylinders.net\/hu\/wp-json\/wp\/v2\/comments?post=15248"}],"wp:featuredmedia":[{"embeddable":true,"href":"https:\/\/www.hydraulic-cylinders.net\/hu\/wp-json\/wp\/v2\/media\/14769"}],"wp:attachment":[{"href":"https:\/\/www.hydraulic-cylinders.net\/hu\/wp-json\/wp\/v2\/media?parent=15248"}],"wp:term":[{"taxonomy":"product_brand","embeddable":true,"href":"https:\/\/www.hydraulic-cylinders.net\/hu\/wp-json\/wp\/v2\/product_brand?post=15248"},{"taxonomy":"product_cat","embeddable":true,"href":"https:\/\/www.hydraulic-cylinders.net\/hu\/wp-json\/wp\/v2\/product_cat?post=15248"},{"taxonomy":"product_tag","embeddable":true,"href":"https:\/\/www.hydraulic-cylinders.net\/hu\/wp-json\/wp\/v2\/product_tag?post=15248"}],"curies":[{"name":"munkaf\u00fczet","href":"https:\/\/api.w.org\/{rel}","templated":true}]}}