{"id":15255,"date":"2025-01-19T14:18:02","date_gmt":"2025-01-19T14:18:02","guid":{"rendered":"https:\/\/www.hydraulic-cylinders.net\/product\/bucket-cylinder-for-caterpillar-large-excavator-e330d-330l\/"},"modified":"2025-01-19T14:18:04","modified_gmt":"2025-01-19T14:18:04","slug":"bucket-cylinder-for-caterpillar-large-excavator-e330d-330l","status":"publish","type":"product","link":"https:\/\/www.hydraulic-cylinders.net\/hu\/termek\/bucket-cylinder-for-caterpillar-large-excavator-e330d-330l\/","title":{"rendered":"Kan\u00e1lhenger Caterpillar nagym\u00e9ret\u0171 kotr\u00f3g\u00e9phez E330D\/330L"},"content":{"rendered":"<h1>Kan\u00e1lhenger Caterpillar nagym\u00e9ret\u0171 kotr\u00f3g\u00e9phez E330D\/330L<\/h1>\n<h2>Bevezet\u00e9s<\/h2>\n<p>A Caterpillar E330D\/330L nagym\u00e9ret\u0171 kotr\u00f3g\u00e9p kan\u00e1lhengere egy speci\u00e1lisan tervezett hidraulikus henger, amelyet f\u0151k\u00e9nt neh\u00e9zg\u00e9pek, p\u00e9ld\u00e1ul kotr\u00f3g\u00e9pek, kotr\u00f3g\u00e9pek \u00e9s homlokrakod\u00f3k kan\u00e1lmozg\u00e1s\u00e1nak vez\u00e9rl\u00e9s\u00e9re haszn\u00e1lnak. F\u0151 funkci\u00f3ja a kan\u00e1l emel\u00e9se, s\u00fcllyeszt\u00e9se \u00e9s billent\u00e9se, megk\u00f6nny\u00edtve a k\u00fcl\u00f6nf\u00e9le anyagmozgat\u00e1si feladatok elv\u00e9gz\u00e9s\u00e9t. A hidraulikus rendszerben a kan\u00e1lhenger a hidraulikaolaj nyom\u00e1s\u00e1nak v\u00e1ltoz\u00e1sain kereszt\u00fcl vez\u00e9rli a kan\u00e1l pontos mozg\u00e1s\u00e1t, lehet\u0151v\u00e9 t\u00e9ve a kezel\u0151k sz\u00e1m\u00e1ra a neh\u00e9z terhek hat\u00e9kony kezel\u00e9s\u00e9t, valamint az \u00f6sszetett munkak\u00f6rnyezetekhez \u00e9s a v\u00e1ltozatos \u00fczemeltet\u00e9si k\u00f6vetelm\u00e9nyekhez val\u00f3 alkalmazkod\u00e1st.<\/p>\n<p><img decoding=\"async\" src=\"https:\/\/www.hydraulic-cylinders.net\/wp-content\/uploads\/2025\/01\/songte-company-2.webp\" \/><\/p>\n<h2>Jellemz\u0151k<\/h2>\n<ul>\n<li>\n<h3>Nagy szil\u00e1rds\u00e1g \u00e9s tart\u00f3ss\u00e1g<\/h3>\n<p>A v\u00f6d\u00f6rhenger \u00e1ltal\u00e1ban nagy szil\u00e1rds\u00e1g\u00fa ac\u00e9lb\u00f3l vagy alum\u00edniumb\u00f3l k\u00e9sz\u00fcl, amely ellen\u00e1ll a nagy nyom\u00e1snak \u00e9s a nagy terhel\u00e9seknek, alkalmazkodik a zord munkak\u00f6rnyezethez, \u00e9s kop\u00e1s\u00e1ll\u00f3s\u00e1gra \u00e9s korr\u00f3zi\u00f3\u00e1ll\u00f3s\u00e1gra tervezt\u00e9k, meghosszabb\u00edtva \u00e9lettartam\u00e1t.<\/p>\n<\/li>\n<li>\n<h3>Hat\u00e9kony hidraulikus m\u0171k\u00f6dtet\u00e9s<\/h3>\n<p>A kan\u00e1lhenger a hidraulikaolaj nyom\u00e1s\u00e1t haszn\u00e1lja a sima kiny\u00fal\u00e1s \u00e9s \u00f6sszeh\u00faz\u00f3d\u00e1s el\u00e9r\u00e9s\u00e9hez, gyorsan reag\u00e1l a vez\u00e9rl\u0151parancsokra, er\u0151teljes tol\u00f3- \u00e9s h\u00faz\u00f3er\u0151t biztos\u00edt, \u00e9s alkalmas neh\u00e9z terhek \u00e9s \u00f6sszetett \u00fczemeltet\u00e9si feladatok kezel\u00e9s\u00e9re.<\/p>\n<\/li>\n<li>\n<h3>K\u00fcl\u00f6nb\u00f6z\u0151 t\u00edpusok<\/h3>\n<p>A kan\u00e1lhenger v\u00e1laszthat\u00f3 egyszeres m\u0171k\u00f6d\u00e9s\u0171 (a hidraulika csak az egyik ir\u00e1nyban m\u0171k\u00f6dik) vagy kett\u0151s m\u0171k\u00f6d\u00e9s\u0171 (a hidraulika mindk\u00e9t ir\u00e1nyban m\u0171k\u00f6dik) hengerk\u00e9nt, az ig\u00e9nyeknek megfelel\u0151en, hogy megfeleljen a k\u00fcl\u00f6nb\u00f6z\u0151 m\u0171k\u00f6d\u00e9si k\u00f6vetelm\u00e9nyeknek. Egyes modellek teleszk\u00f3posak, \u00edgy nagyobb kiny\u00fal\u00e1st tesznek lehet\u0151v\u00e9 a k\u00fcls\u0151 m\u00e9retek n\u00f6vel\u00e9se n\u00e9lk\u00fcl, \u00edgy alkalmasak korl\u00e1tozott helyig\u00e9ny\u0171 alkalmaz\u00e1sokhoz.<\/p>\n<\/li>\n<li>\n<h3>T\u00f6k\u00e9letes csere<\/h3>\n<p>Term\u00e9keink t\u00f6k\u00e9letesen helyettes\u00edthetik ezeket a hidraulikus hengereket. K\u00fcl\u00f6nb\u00f6z\u0151 t\u00edpus\u00fa \u00e9s modell\u0171 kan\u00e1lhengereket k\u00edn\u00e1lunk, \u00e9s az \u00fcgyfelek ig\u00e9nyei szerint testre szabhatjuk azokat.<\/p>\n<\/li>\n<li>\n<h3>Sz\u00e9les k\u00f6r\u0171 alkalmaz\u00e1s<\/h3>\n<p>A v\u00f6d\u00f6rhengert sz\u00e9les k\u00f6rben haszn\u00e1lj\u00e1k k\u00fcl\u00f6nf\u00e9le \u00e9p\u00edt\u0151ipari g\u00e9pekben, p\u00e9ld\u00e1ul kotr\u00f3g\u00e9pekben, kotr\u00f3g\u00e9pekben, homlokrakod\u00f3kban \u00e9s mez\u0151gazdas\u00e1gi g\u00e9pekben, p\u00e9ld\u00e1ul rakod\u00f3g\u00e9pekben, kotr\u00f3g\u00e9pekben stb. M\u00e1s anyagmozgat\u00f3 berendez\u00e9sekben, p\u00e9ld\u00e1ul targonc\u00e1kban is haszn\u00e1lj\u00e1k.<\/p>\n<\/li>\n<\/ul>\n<h2>Tervez\u00e9si szempontok \u00e9s kiv\u00e1laszt\u00e1si krit\u00e9riumok<\/h2>\n<ul>\n<li>\n<h3>Teherb\u00edr\u00e1s<\/h3>\n<p>A kan\u00e1lhengernek k\u00e9pesnek kell lennie ellen\u00e1llni a kezelt anyag terhel\u00e9s\u00e9nek \u00e9s nyom\u00e1s\u00e1nak, \u00e9s a henger teherb\u00edr\u00e1s\u00e1t az adott \u00fczemeltet\u00e9si k\u00f6vetelm\u00e9nyeknek megfelel\u0151en kell meghat\u00e1rozni.<\/p>\n<\/li>\n<li>\n<h3>T\u00f6m\u00edt\u00e9si teljes\u00edtm\u00e9ny<\/h3>\n<p>A v\u00f6d\u00f6rhenger k\u00fcl\u00f6nf\u00e9le t\u00f6m\u00edt\u0151elemeket haszn\u00e1l, p\u00e9ld\u00e1ul dugatty\u00fat\u00f6m\u00edt\u00e9seket \u00e9s r\u00fadt\u00f6m\u00edt\u00e9seket, amelyek kop\u00e1s\u00e1ll\u00f3 anyagokb\u00f3l, p\u00e9ld\u00e1ul poliuret\u00e1nb\u00f3l \u00e9s nitrilgumib\u00f3l k\u00e9sz\u00fclnek, hogy biztos\u00edts\u00e1k a j\u00f3 t\u00f6m\u00edt\u00e9si teljes\u00edtm\u00e9nyt \u00e9s megakad\u00e1lyozz\u00e1k az olajsziv\u00e1rg\u00e1st. A hengertest \u00e9s a menetes v\u00e9gfel\u00fclet finoman megmunk\u00e1lt a kop\u00e1s\u00e1ll\u00f3s\u00e1g jav\u00edt\u00e1sa \u00e9rdek\u00e9ben.<\/p>\n<\/li>\n<li>\n<h3>Tart\u00f3ss\u00e1g<\/h3>\n<p>A v\u00f6d\u00f6rhengernek kiv\u00e1l\u00f3 min\u0151s\u00e9g\u0171 anyagokb\u00f3l kell k\u00e9sz\u00fclnie, az anyagok kiv\u00e1laszt\u00e1s\u00e1nak \u00e9s a gy\u00e1rt\u00e1si folyamatoknak pedig biztos\u00edtaniuk kell a j\u00f3 tart\u00f3ss\u00e1got \u00e9s meg kell hosszabb\u00edtaniuk a henger \u00e9lettartam\u00e1t.<\/p>\n<\/li>\n<li>\n<h3>Biztons\u00e1g<\/h3>\n<p>A v\u00f6d\u00f6rhengert biztons\u00e1gi szempontok figyelembev\u00e9tel\u00e9vel kell megtervezni \u00e9s gy\u00e1rtani, \u00e9s biztons\u00e1gi teljes\u00edtm\u00e9ny\u00e9nek meg kell felelnie a vonatkoz\u00f3 nemzeti \u00e9s nemzetk\u00f6zi szabv\u00e1nyoknak.<\/p>\n<\/li>\n<li>\n<h3>Karbantart\u00e1s<\/h3>\n<p>A v\u00f6d\u00f6rhengernek k\u00f6nnyen karbantarthat\u00f3nak \u00e9s jav\u00edthat\u00f3nak kell lennie, alkatr\u00e9szeinek pedig k\u00f6nnyen sz\u00e9tszerelhet\u0151nek \u00e9s cser\u00e9lhet\u0151nek. Rendszeres ellen\u0151rz\u00e9st \u00e9s karbantart\u00e1st kell v\u00e9gezni a henger j\u00f3 m\u0171k\u00f6d\u00e9si \u00e1llapot\u00e1nak biztos\u00edt\u00e1sa \u00e9rdek\u00e9ben.<\/p>\n<\/li>\n<\/ul>\n<p><img decoding=\"async\" src=\"https:\/\/www.hydraulic-cylinders.net\/wp-content\/uploads\/2025\/01\/songte-oil-pipes-and-spare-parts.webp\" \/><\/p>\n<h2>Telep\u00edt\u00e9s \u00e9s karbantart\u00e1s<\/h2>\n<p>A serleghenger megfelel\u0151 telep\u00edt\u00e9se \u00e9s karbantart\u00e1sa seg\u00edthet biztos\u00edtani annak hossz\u00fa t\u00e1v\u00fa \u00e9s megb\u00edzhat\u00f3 m\u0171k\u00f6d\u00e9s\u00e9t. Az al\u00e1bbiakban felsoroljuk a gyakori karbantart\u00e1si feladatokat:<\/p>\n<h3>Rendszeres ellen\u0151rz\u00e9s<\/h3>\n<p>A kan\u00e1lhenger rendszeres ellen\u0151rz\u00e9se seg\u00edthet a potenci\u00e1lis probl\u00e9m\u00e1k \u00e9szlel\u00e9s\u00e9ben \u00e9s a meghib\u00e1sod\u00e1sok megel\u0151z\u00e9s\u00e9ben. Ez mag\u00e1ban foglalja a hidraulikaolaj szintj\u00e9nek ellen\u0151rz\u00e9s\u00e9t, a t\u00f6m\u00edt\u00e9sek \u00e9s t\u00f6m\u00edt\u0151gy\u0171r\u0171k kop\u00e1s\u00e1nak \u00e9s s\u00e9r\u00fcl\u00e9seinek ellen\u0151rz\u00e9s\u00e9t, valamint a henger reped\u00e9sek \u00e9s egy\u00e9b s\u00e9r\u00fcl\u00e9sek ellen\u0151rz\u00e9s\u00e9t.<\/p>\n<h3>Ken\u00e9s<\/h3>\n<p>A kan\u00e1lhenger rendszeres ken\u00e9st ig\u00e9nyel a sima \u00e9s hat\u00e9kony m\u0171k\u00f6d\u00e9s biztos\u00edt\u00e1sa \u00e9rdek\u00e9ben. A megfelel\u0151 hidraulikaolajat a gy\u00e1rt\u00f3 aj\u00e1nl\u00e1sainak megfelel\u0151en kell kiv\u00e1lasztani \u00e9s ut\u00e1na adagolni.<\/p>\n<h3>T\u00f6m\u00edt\u00e9scsere \u00e9s kalibr\u00e1l\u00e1s ellen\u0151rz\u00e9se<\/h3>\n<p>A kan\u00e1lhenger t\u00f6m\u00edt\u00e9seit rendszeresen cser\u00e9lni kell az olajsziv\u00e1rg\u00e1s elker\u00fcl\u00e9se \u00e9rdek\u00e9ben. Ezenk\u00edv\u00fcl kalibr\u00e1ci\u00f3s ellen\u0151rz\u00e9seket kell v\u00e9gezni a henger megfelel\u0151 m\u0171k\u00f6d\u00e9s\u00e9nek biztos\u00edt\u00e1sa \u00e9rdek\u00e9ben.<\/p>\n<h2>Biztons\u00e1gi szempontok \u00e9s k\u00f6rnyezeti t\u00e9nyez\u0151k<\/h2>\n<p>A kan\u00e1lhenger haszn\u00e1latakor fontos a biztons\u00e1gi \u00f3vint\u00e9zked\u00e9sek betart\u00e1sa a balesetek megel\u0151z\u00e9se \u00e9rdek\u00e9ben. Az \u00e1ltal\u00e1nos biztons\u00e1gi int\u00e9zked\u00e9sek k\u00f6z\u00e9 tartozik a v\u00e9d\u0151ruh\u00e1zat \u00e9s -felszerel\u00e9s visel\u00e9se, az \u00fczemeltet\u00e9si \u00e9s karbantart\u00e1si utas\u00edt\u00e1sok betart\u00e1sa, valamint a megfelel\u0151 tartoz\u00e9kok \u00e9s kieg\u00e9sz\u00edt\u0151k haszn\u00e1lata.<\/p>\n<p><img decoding=\"async\" src=\"https:\/\/www.hydraulic-cylinders.net\/wp-content\/uploads\/2025\/01\/songte-bushings-with-all-kinds-of-excavator-models.webp\" \/><\/p>\n<h2>Hibaelh\u00e1r\u00edt\u00e1s \u00e9s gyakori probl\u00e9m\u00e1k<\/h2>\n<p>A kan\u00e1lhenger m\u0171k\u00f6d\u00e9s k\u00f6zben k\u00fcl\u00f6nf\u00e9le probl\u00e9m\u00e1kba \u00fctk\u00f6zhet, p\u00e9ld\u00e1ul olajsziv\u00e1rg\u00e1s, el\u00e9gtelen er\u0151 \u00e9s rendellenes zaj. Ezen probl\u00e9m\u00e1k diagnosztiz\u00e1l\u00e1s\u00e1hoz \u00e9s megold\u00e1s\u00e1hoz meg kell hat\u00e1rozni az okot, \u00e9s meg kell tenni a megfelel\u0151 int\u00e9zked\u00e9seket. A gyakori megold\u00e1sok k\u00f6z\u00e9 tartozik a hidraulikus nyom\u00e1s be\u00e1ll\u00edt\u00e1sa, a t\u00f6m\u00edt\u00e9sek cser\u00e9je, valamint a s\u00e9r\u00fclt alkatr\u00e9szek jav\u00edt\u00e1sa vagy cser\u00e9je.<\/p>\n<h2>C\u00e9g\u00fcnkr\u0151l<\/h2>\n<p>Hidraulikus hengerek gy\u00e1rt\u00f3ja \u00e9s vezet\u0151 hidraulikus hengergy\u00e1rt\u00f3 \u00e9s -nagykeresked\u0151 vagyunk a hazai \u00e9s nemzetk\u00f6zi piacokon. A kiv\u00e1l\u00f3 min\u0151s\u00e9g elv\u00e9t k\u00f6vetj\u00fck, \u00e9s a finomgy\u00e1rt\u00f3 m\u0171helyek iparos\u00edtott termel\u00e9sir\u00e1ny\u00edt\u00e1si strat\u00e9gi\u00e1j\u00e1ra t\u00e1maszkodunk. C\u00e9g\u00fcnk folyamatosan fejleszti m\u0171hely\u00fcnk gy\u00e1rt\u00e1si platformj\u00e1t, jav\u00edtja a term\u00e9k min\u0151s\u00e9gi gy\u00e1rt\u00f3sor\u00e1t, \u00e9s er\u0151s kreativit\u00e1ssal, nagy hat\u00e9konys\u00e1ggal, nagy pontoss\u00e1ggal \u00e9s kiv\u00e1l\u00f3 min\u0151s\u00e9g\u0171 term\u00e9kekkel el\u00e9g\u00edtj\u00fck ki \u00fcgyfeleink sokr\u00e9t\u0171 ig\u00e9nyeit.<\/p>\n<ul>\n<li>\n<h3>Szakmaiass\u00e1g<\/h3>\n<p>C\u00e9g\u00fcnk professzion\u00e1lis m\u00e9rn\u00f6k\u00f6kb\u0151l \u00e9s technikusokb\u00f3l \u00e1ll\u00f3 csapattal rendelkezik, akik gazdag tapasztalattal rendelkeznek a hidraulikus hengerek tervez\u00e9s\u00e9ben \u00e9s gy\u00e1rt\u00e1s\u00e1ban. Testreszabott megold\u00e1sokat \u00e9s m\u0171szaki t\u00e1mogat\u00e1st tudnak ny\u00fajtani az \u00fcgyfeleknek.<\/p>\n<\/li>\n<li>\n<h3>Nemzetk\u00f6zi min\u0151s\u00edt\u00e9s<\/h3>\n<p>C\u00e9g\u00fcnk term\u00e9kei sz\u00e1mos nemzetk\u00f6zi tan\u00fas\u00edtv\u00e1nyt szereztek, mint p\u00e9ld\u00e1ul a CE, ISO \u00e9s SGS, amelyek biztos\u00edtj\u00e1k, hogy term\u00e9keink megfeleljenek a nemzetk\u00f6zi szabv\u00e1nyoknak \u00e9s az \u00fcgyfelek ig\u00e9nyeinek.<\/p>\n<\/li>\n<li>\n<h3>Testreszab\u00e1si szolg\u00e1ltat\u00e1s<\/h3>\n<p>C\u00e9g\u00fcnk az \u00fcgyfelek ig\u00e9nyei szerint, p\u00e9ld\u00e1ul m\u00e9ret, nyom\u00e1s \u00e9s anyag szerint testreszabhatja a hidraulikus hengereket.<\/p>\n<\/li>\n<li>\n<h3>Termel\u00e9si berendez\u00e9sek<\/h3>\n<p>C\u00e9g\u00fcnk korszer\u0171 gy\u00e1rt\u00f3berendez\u00e9sekkel rendelkezik, mint p\u00e9ld\u00e1ul CNC megmunk\u00e1l\u00f3k\u00f6zpontok, hegeszt\u0151robotok \u00e9s vizsg\u00e1l\u00f3berendez\u00e9sek, amelyek biztos\u00edtj\u00e1k term\u00e9keink magas min\u0151s\u00e9g\u00e9t \u00e9s pontoss\u00e1g\u00e1t.<\/p>\n<\/li>\n<li>\n<h3>\u00c9rt\u00e9kes\u00edt\u00e9s ut\u00e1ni szolg\u00e1ltat\u00e1s<\/h3>\n<p>C\u00e9g\u00fcnk \u00e1tfog\u00f3 \u00e9rt\u00e9kes\u00edt\u00e9s ut\u00e1ni szolg\u00e1ltat\u00e1st ny\u00fajt \u00fcgyfeleinknek, mint p\u00e9ld\u00e1ul m\u0171szaki t\u00e1mogat\u00e1s, term\u00e9kkarbantart\u00e1s \u00e9s jav\u00edt\u00e1si szolg\u00e1ltat\u00e1sok, hogy \u00fcgyfeleink magabiztosan haszn\u00e1lhass\u00e1k term\u00e9keinket.<\/p>\n<\/li>\n<\/ul>\n<p><img decoding=\"async\" src=\"https:\/\/hzpt.com\/wp-content\/uploads\/2024\/11\/songte-company-1.webp\" \/><\/p>\n<p>Szerz\u0151: lyl<\/p>","protected":false},"excerpt":{"rendered":"<p>Bucket Cylinder For Caterpillar Large Excavator E330D\/330L Introduction The bucket cylinder for Caterpillar large excavator E330D\/330L is a specially designed hydraulic cylinder that is mainly used to control the movement of the bucket in heavy machinery such as excavators, backhoes, and front-end loaders. Its main function is to allow the bucket to lift, lower, and [&hellip;]<\/p>","protected":false},"featured_media":14785,"comment_status":"open","ping_status":"closed","template":"","meta":{"_et_pb_use_builder":"","_et_pb_old_content":"","_et_gb_content_width":""},"product_brand":[],"product_cat":[1494],"product_tag":[1495,1496],"class_list":{"0":"post-15255","1":"product","2":"type-product","3":"status-publish","4":"has-post-thumbnail","6":"product_cat-bucket-cylinders","7":"product_tag-bucket-cylinders","8":"product_tag-hydraulic-cylinders","10":"first","11":"instock","12":"shipping-taxable","13":"product-type-simple"},"amp_enabled":true,"_links":{"self":[{"href":"https:\/\/www.hydraulic-cylinders.net\/hu\/wp-json\/wp\/v2\/product\/15255","targetHints":{"allow":["GET"]}}],"collection":[{"href":"https:\/\/www.hydraulic-cylinders.net\/hu\/wp-json\/wp\/v2\/product"}],"about":[{"href":"https:\/\/www.hydraulic-cylinders.net\/hu\/wp-json\/wp\/v2\/types\/product"}],"replies":[{"embeddable":true,"href":"https:\/\/www.hydraulic-cylinders.net\/hu\/wp-json\/wp\/v2\/comments?post=15255"}],"wp:featuredmedia":[{"embeddable":true,"href":"https:\/\/www.hydraulic-cylinders.net\/hu\/wp-json\/wp\/v2\/media\/14785"}],"wp:attachment":[{"href":"https:\/\/www.hydraulic-cylinders.net\/hu\/wp-json\/wp\/v2\/media?parent=15255"}],"wp:term":[{"taxonomy":"product_brand","embeddable":true,"href":"https:\/\/www.hydraulic-cylinders.net\/hu\/wp-json\/wp\/v2\/product_brand?post=15255"},{"taxonomy":"product_cat","embeddable":true,"href":"https:\/\/www.hydraulic-cylinders.net\/hu\/wp-json\/wp\/v2\/product_cat?post=15255"},{"taxonomy":"product_tag","embeddable":true,"href":"https:\/\/www.hydraulic-cylinders.net\/hu\/wp-json\/wp\/v2\/product_tag?post=15255"}],"curies":[{"name":"munkaf\u00fczet","href":"https:\/\/api.w.org\/{rel}","templated":true}]}}