{"id":15273,"date":"2025-01-19T14:19:24","date_gmt":"2025-01-19T14:19:24","guid":{"rendered":"https:\/\/www.hydraulic-cylinders.net\/product\/bucket-cylinder-for-doosan-small-excavator-dh130-5-7\/"},"modified":"2025-01-19T14:19:26","modified_gmt":"2025-01-19T14:19:26","slug":"bucket-cylinder-for-doosan-small-excavator-dh130-5-7","status":"publish","type":"product","link":"https:\/\/www.hydraulic-cylinders.net\/hu\/termek\/bucket-cylinder-for-doosan-small-excavator-dh130-5-7\/","title":{"rendered":"Kan\u00e1lhenger Doosan kis kotr\u00f3g\u00e9phez DH130-5-7"},"content":{"rendered":"<h1>Kan\u00e1lhenger Doosan kis kotr\u00f3g\u00e9phez DH130-5-7<\/h1>\n<h2>Bevezet\u00e9s<\/h2>\n<p>A Doosan DH130-5-7 kis kotr\u00f3g\u00e9p kan\u00e1lhengere egy speci\u00e1lisan tervezett hidraulikus henger, amelyet neh\u00e9zg\u00e9pek, p\u00e9ld\u00e1ul kotr\u00f3g\u00e9pek, kotr\u00f3rakod\u00f3k \u00e9s homlokrakod\u00f3k kan\u00e1lmozg\u00e1s\u00e1nak vez\u00e9rl\u00e9s\u00e9re haszn\u00e1lnak. F\u0151 funkci\u00f3ja a kan\u00e1l emel\u00e9se, s\u00fcllyeszt\u00e9se \u00e9s billent\u00e9se, \u00edgy k\u00e9nyelmesen haszn\u00e1lhat\u00f3 k\u00fcl\u00f6nf\u00e9le anyagmozgat\u00e1si feladatokhoz. A hidraulikus rendszerben a kan\u00e1lhenger a hidraulikaolaj nyom\u00e1sv\u00e1ltoz\u00e1sai r\u00e9v\u00e9n \u00e9ri el a kan\u00e1l pontos vez\u00e9rl\u00e9s\u00e9t, lehet\u0151v\u00e9 t\u00e9ve a kezel\u0151k sz\u00e1m\u00e1ra a neh\u00e9z terhek hat\u00e9kony kezel\u00e9s\u00e9t, valamint az \u00f6sszetett munkak\u00f6rnyezetekhez \u00e9s a v\u00e1ltozatos m\u0171k\u00f6d\u00e9si ig\u00e9nyekhez val\u00f3 alkalmazkod\u00e1st.<\/p>\n<p><img decoding=\"async\" src=\"https:\/\/www.hydraulic-cylinders.net\/wp-content\/uploads\/2025\/01\/songte-company-2.webp\" alt=\"V\u00f6d\u00f6r henger k\u00e9pe\"><\/p>\n<h2>Jellemz\u0151k<\/h2>\n<ul>\n<li>Nagy szil\u00e1rds\u00e1g \u00e9s tart\u00f3ss\u00e1g: \u00c1ltal\u00e1ban nagy szil\u00e1rds\u00e1g\u00fa ac\u00e9lb\u00f3l vagy alum\u00edniumb\u00f3l k\u00e9sz\u00fcl, k\u00e9pes ellen\u00e1llni a nagy nyom\u00e1snak \u00e9s a nagy terhel\u00e9seknek, alkalmas zord munkak\u00f6rnyezetre, kop\u00e1s\u00e1ll\u00f3s\u00e1gi \u00e9s korr\u00f3zi\u00f3\u00e1ll\u00f3s\u00e1gi szempontokat figyelembe v\u00e9ve tervezve az \u00e9lettartam meghosszabb\u00edt\u00e1sa \u00e9rdek\u00e9ben.<\/li>\n<li>Hat\u00e9kony hidraulikus m\u0171k\u00f6d\u00e9s: A hidraulikaolaj nyom\u00e1s\u00e1t haszn\u00e1lja a sima kitol\u00e1si \u00e9s visszah\u00faz\u00e1si m\u0171veletekhez, k\u00e9pes gyorsan reag\u00e1lni a vez\u00e9rl\u0151parancsokra, er\u0151teljes tol\u00f3- \u00e9s h\u00faz\u00f3er\u0151t biztos\u00edtva, alkalmas neh\u00e9z terhek \u00e9s \u00f6sszetett m\u0171k\u00f6d\u00e9si feladatok kezel\u00e9s\u00e9re.<\/li>\n<li>K\u00fcl\u00f6nb\u00f6z\u0151 t\u00edpusok: Ig\u00e9ny szerint v\u00e1laszthat\u00f3 egyszeres m\u0171k\u00f6d\u00e9s\u0171 (csak egy ir\u00e1nyban hidraulikusan haszn\u00e1lhat\u00f3) vagy kett\u0151s m\u0171k\u00f6d\u00e9s\u0171 (mindk\u00e9t ir\u00e1nyban hidraulikusan haszn\u00e1lhat\u00f3) hengerk\u00e9nt, bizonyos modellek teleszk\u00f3posak, \u00edgy nagyobb kiny\u00fal\u00e1st tesznek lehet\u0151v\u00e9 a k\u00fcls\u0151 m\u00e9retek n\u00f6vel\u00e9se n\u00e9lk\u00fcl, \u00edgy alkalmasak korl\u00e1tozott helyig\u00e9ny\u0171 alkalmaz\u00e1sokhoz.<\/li>\n<li>T\u00f6k\u00e9letes csere: Term\u00e9k\u00fcnk t\u00f6k\u00e9letesen helyettes\u00edti ezeket a hidraulikus hengereket, ugyanazt a funkcionalit\u00e1st \u00e9s teljes\u00edtm\u00e9nyt ny\u00fajtva.<\/li>\n<\/ul>\n<p><img decoding=\"async\" src=\"https:\/\/www.hydraulic-cylinders.net\/wp-content\/uploads\/2025\/01\/songte-cylinder-head-with-all-kinds-excavator-models.webp\" alt=\"Hengerfej k\u00e9pe\"><\/p>\n<h2>Alkalmaz\u00e1sok<\/h2>\n<p>A Doosan DH130-5-7 kis kotr\u00f3g\u00e9p kan\u00e1lhengere k\u00fcl\u00f6nf\u00e9le k\u00f6rnyezetben alkalmazhat\u00f3:<\/p>\n<h3>\u00c9p\u00edt\u0151ipari berendez\u00e9sek:<\/h3>\n<p>Kotr\u00f3g\u00e9pekben kulcsfontoss\u00e1g\u00faak a f\u00f6ldmunk\u00e1k ki\u00e1s\u00e1s\u00e1hoz, rakod\u00e1s\u00e1hoz \u00e9s a talaj vagy t\u00f6rmel\u00e9k mozgat\u00e1s\u00e1hoz. Kotr\u00f3g\u00e9p-rakod\u00f3kban a kan\u00e1lhenger mind a f\u00f6ldmunk\u00e1k ki\u00e1s\u00e1s\u00e1ban, mind az emel\u00e9sben seg\u00edti a munk\u00e1t.<\/p>\n<h3>Mez\u0151gazdas\u00e1gi g\u00e9pek:<\/h3>\n<p>Homlokrakod\u00f3kban haszn\u00e1lj\u00e1k talaj, sz\u00e9na \u00e9s egy\u00e9b anyagok mer\u00e9s\u00e9re, emel\u00e9s\u00e9re \u00e9s sz\u00e1ll\u00edt\u00e1s\u00e1ra.<\/p>\n<h3>Kotr\u00f3g\u00e9pek:<\/h3>\n<p>A kan\u00e1lhenger lehet\u0151v\u00e9 teszi a f\u00f6ldmunk\u00e1kat az\u00e1ltal, hogy lehet\u0151v\u00e9 teszi a kan\u00e1l talajba val\u00f3 behatol\u00e1s\u00e1t.<\/p>\n<h3>Rakod\u00f3g\u00e9pek:<\/h3>\n<p>Homlokrakod\u00f3kn\u00e1l hat\u00e9konyan seg\u00edtik az \u00e1ruk emel\u00e9s\u00e9t \u00e9s billent\u00e9s\u00e9t.<\/p>\n<p><img decoding=\"async\" src=\"https:\/\/www.hydraulic-cylinders.net\/wp-content\/uploads\/2025\/01\/songte-oil-pipes-and-spare-parts.webp\" alt=\"Olajcs\u00f6vek \u00e9s alkatr\u00e9szek k\u00e9pe\"><\/p>\n<h2>Tervez\u00e9si szempontok \u00e9s kiv\u00e1laszt\u00e1si krit\u00e9riumok<\/h2>\n<ul>\n<li>Teherb\u00edr\u00e1s: A hengert \u00fagy tervezt\u00e9k, hogy deform\u00e1ci\u00f3 vagy meghib\u00e1sod\u00e1s n\u00e9lk\u00fcl ellen\u00e1lljon a megadott terhel\u00e9snek.<\/li>\n<li>T\u00f6m\u00edt\u00e9s: K\u00fcl\u00f6nb\u00f6z\u0151 t\u00f6m\u00edt\u0151elemeket, p\u00e9ld\u00e1ul dugatty\u00fat\u00f6m\u00edt\u00e9seket \u00e9s r\u00fadt\u00f6m\u00edt\u00e9seket haszn\u00e1lnak, amelyek kop\u00e1s\u00e1ll\u00f3 anyagokb\u00f3l, p\u00e9ld\u00e1ul poliuret\u00e1nb\u00f3l \u00e9s nitrilgumib\u00f3l k\u00e9sz\u00fclnek. A hengertest \u00e9s a menetes v\u00e9gek finom megmunk\u00e1l\u00e1son esnek \u00e1t a kop\u00e1s\u00e1ll\u00f3s\u00e1g jav\u00edt\u00e1sa \u00e9rdek\u00e9ben. Rendszeres ken\u00e9s megfelel\u0151 hidraulikaolajjal sz\u00fcks\u00e9ges.<\/li>\n<li>Tart\u00f3ss\u00e1g: A hengert \u00fagy tervezt\u00e9k, hogy ellen\u00e1lljon az ism\u00e9telt haszn\u00e1latnak \u00e9s a kedvez\u0151tlen k\u00f6r\u00fclm\u00e9nyeknek, \u00edgy biztos\u00edtva a hossz\u00fa \u00e9lettartamot.<\/li>\n<li>Biztons\u00e1g: A biztons\u00e1gi funkci\u00f3k, mint p\u00e9ld\u00e1ul a nyom\u00e1scs\u00f6kkent\u0151 szelepek \u00e9s a megfelel\u0151 telep\u00edt\u00e9si technik\u00e1k a balesetek megel\u0151z\u00e9se \u00e9s a biztons\u00e1gos m\u0171k\u00f6d\u00e9s biztos\u00edt\u00e1sa \u00e9rdek\u00e9ben ker\u00fcltek figyelembev\u00e9telre.<\/li>\n<li>Karbantarthat\u00f3s\u00e1g: A hengert \u00fagy tervezt\u00e9k, hogy k\u00f6nnyen karbantarthat\u00f3 legyen, lehet\u0151v\u00e9 t\u00e9ve a t\u00f6m\u00edt\u00e9sek vagy alkatr\u00e9szek ellen\u0151rz\u00e9s\u00e9t, ken\u00e9s\u00e9t \u00e9s cser\u00e9j\u00e9t, ha sz\u00fcks\u00e9ges.<\/li>\n<\/ul>\n<p><img decoding=\"async\" src=\"https:\/\/www.hydraulic-cylinders.net\/wp-content\/uploads\/2025\/01\/songte-chushion-collar.webp\" alt=\"Chushion gall\u00e9r k\u00e9p\"><\/p>\n<h2>Term\u00e9kbiztons\u00e1gi \u00e9s k\u00f6rnyezetv\u00e9delmi szempontok<\/h2>\n<p>A v\u00f6d\u00f6rhenger haszn\u00e1latakor fontos a biztons\u00e1gi int\u00e9zked\u00e9sek betart\u00e1sa a balesetek megel\u0151z\u00e9se \u00e9s a k\u00f6rnyezeti hat\u00e1sok minimaliz\u00e1l\u00e1sa \u00e9rdek\u00e9ben. Biztons\u00e1gi \u00f3vint\u00e9zked\u00e9seket kell tenni a telep\u00edt\u00e9s, az \u00fczemeltet\u00e9s \u00e9s a karbantart\u00e1s sor\u00e1n.<\/p>\n<h2>Hibaelh\u00e1r\u00edt\u00e1s \u00e9s gyakori probl\u00e9m\u00e1k<\/h2>\n<p>A kan\u00e1lhengerrel kapcsolatos probl\u00e9m\u00e1k eset\u00e9n elengedhetetlen a probl\u00e9m\u00e1k helyes diagnosztiz\u00e1l\u00e1sa \u00e9s a megfelel\u0151 megold\u00e1sok alkalmaz\u00e1sa. \u00cdme n\u00e9h\u00e1ny gyakori hibaelh\u00e1r\u00edt\u00e1si tipp:<\/p>\n<ul>\n<li>Probl\u00e9ma: Hidraulikafolyad\u00e9k sziv\u00e1rg\u00e1sa.<\/li>\n<p>    Megold\u00e1s: Ellen\u0151rizze \u00e9s cser\u00e9lje ki a s\u00e9r\u00fclt t\u00f6m\u00edt\u00e9seket vagy szerelv\u00e9nyeket, \u00e9s gondoskodjon a megfelel\u0151 megh\u00faz\u00e1sr\u00f3l.<\/li>\n<li>Probl\u00e9ma: Nem elegend\u0151 vagy egyenetlen er\u0151hat\u00e1s m\u0171k\u00f6d\u00e9s k\u00f6zben.<\/li>\n<p>    Megold\u00e1s: Ellen\u0151rizze a hidraulikus rendszert, hogy nincsenek-e elt\u00f6m\u0151dve, ellen\u0151rizze a megfelel\u0151 folyad\u00e9knyom\u00e1st \u00e9s -\u00e1raml\u00e1st, \u00e9s vizsg\u00e1lja meg a hengert s\u00e9r\u00fcl\u00e9s vagy kop\u00e1s szempontj\u00e1b\u00f3l.<\/li>\n<li>Probl\u00e9ma: A henger nem ny\u00falik ki vagy h\u00faz\u00f3dik vissza sim\u00e1n.<\/li>\n<p>    Megold\u00e1s: Ellen\u0151rizze, hogy nincs-e elz\u00e1r\u00f3d\u00e1s vagy t\u00f6rmel\u00e9k a hengerben, vizsg\u00e1lja meg a dugatty\u00far\u00fad \u00e9s a t\u00f6m\u00edt\u00e9sek s\u00e9r\u00fcl\u00e9s\u00e9t.<\/li>\n<\/ul>\n<p><img decoding=\"async\" src=\"https:\/\/www.hydraulic-cylinders.net\/wp-content\/uploads\/2025\/01\/songte-bushings-with-all-kinds-of-excavator-models.webp\" alt=\"Perselyek k\u00e9pe\"><\/p>\n<h2>Karbantart\u00e1si feladatok<\/h2>\n<p>A kan\u00e1lhenger rendszeres karbantart\u00e1si feladatai a k\u00f6vetkez\u0151k:<\/p>\n<ul>\n<li>A henger rendszeres ellen\u0151rz\u00e9se kop\u00e1s vagy s\u00e9r\u00fcl\u00e9s jelei szempontj\u00e1b\u00f3l.<\/li>\n<li>A t\u00f6m\u00edt\u00e9sek \u00e9s mozg\u00f3 alkatr\u00e9szek megfelel\u0151 ken\u00e9se.<\/li>\n<li>Kopott vagy s\u00e9r\u00fclt t\u00f6m\u00edt\u00e9sek cser\u00e9je.<\/li>\n<li>Rendszeres kalibr\u00e1ci\u00f3s ellen\u0151rz\u00e9sek a megfelel\u0151 teljes\u00edtm\u00e9ny biztos\u00edt\u00e1sa \u00e9rdek\u00e9ben.<\/li>\n<\/ul>\n<p>A megfelel\u0151 beszerel\u00e9s, ken\u00e9s \u00e9s be\u00e1ll\u00edt\u00e1s kulcsfontoss\u00e1g\u00fa a kan\u00e1lhenger hossz\u00fa \u00e9lettartama szempontj\u00e1b\u00f3l. A beszerel\u00e9s sor\u00e1n adjon meg helyes be\u00e1ll\u00edt\u00e1si \u00fatmutat\u00e1st a hengerhez, \u00e9s javasolja a megfelel\u0151 r\u00f6gz\u00edt\u0151konzolok haszn\u00e1lat\u00e1t a henger r\u00f6gz\u00edt\u00e9s\u00e9hez. K\u00f6vesse az ellen\u0151rz\u00e9sre, jav\u00edt\u00e1sra \u00e9s cser\u00e9re vonatkoz\u00f3 aj\u00e1nlott elj\u00e1r\u00e1sokat, \u00e9s tippeket kell adni a kan\u00e1lhenger \u00e9lettartam\u00e1nak meghosszabb\u00edt\u00e1s\u00e1ra.<\/p>\n<p><img decoding=\"async\" src=\"https:\/\/www.hydraulic-cylinders.net\/wp-content\/uploads\/2025\/01\/songte-company-3.webp\" alt=\"C\u00e9ges im\u00e1zs\"><\/p>\n<h2>C\u00e9g\u00fcnkr\u0151l<\/h2>\n<p>Cserehidraulikus hengerek gy\u00e1rt\u00f3ja vagyunk, sz\u00e9les term\u00e9kv\u00e1laszt\u00e9kot k\u00edn\u00e1lva. A hazai \u00e9s nemzetk\u00f6zi piacok egyik vezet\u0151 hidraulikus hengergy\u00e1rt\u00f3j\u00e1v\u00e1 \u00e9s nagykereskedelmi forgalmaz\u00f3j\u00e1v\u00e1 v\u00e1ltunk. Kifinomult gy\u00e1rt\u00f3m\u0171helyeinkben a kiv\u00e1l\u00f3 min\u0151s\u00e9g alapelveit k\u00f6vetj\u00fck, \u00e9s iparos\u00edtott termel\u00e9sir\u00e1ny\u00edt\u00e1si strat\u00e9gi\u00e1kra t\u00e1maszkodunk. Technol\u00f3giai tehets\u00e9gek, fejlett digit\u00e1lis gy\u00e1rt\u00f3berendez\u00e9sek \u00e9s professzion\u00e1lis tesztel\u0151rendszerek alkalmaz\u00e1s\u00e1val folyamatosan fejlesztj\u00fck gy\u00e1rt\u00e1si k\u00e9pess\u00e9geinket, t\u00f6k\u00e9letes\u00edtj\u00fck a gy\u00e1rt\u00e1si folyamatot a term\u00e9kmin\u0151s\u00e9g \u00e9rdek\u00e9ben, \u00e9s er\u0151s innov\u00e1ci\u00f3s k\u00e9pess\u00e9gekkel rendelkez\u00fcnk. A hat\u00e9konys\u00e1g, a pontoss\u00e1g \u00e9s a magas min\u0151s\u00e9g elveit k\u00f6vetve arra t\u00f6reksz\u00fcnk, hogy kiel\u00e9g\u00edts\u00fck \u00fcgyfeleink sokr\u00e9t\u0171 ig\u00e9nyeit.<\/p>\n<p>B\u0151v\u00edtse a bevezet\u0151t a professzionalizmusunk, nemzetk\u00f6zi tan\u00fas\u00edtv\u00e1nyaink, testreszabott szolg\u00e1ltat\u00e1saink, gy\u00e1rt\u00f3berendez\u00e9seink \u00e9s \u00e9rt\u00e9kes\u00edt\u00e9s ut\u00e1ni szolg\u00e1ltat\u00e1saink kiemel\u00e9s\u00e9vel.<\/p>\n<p><img decoding=\"async\" src=\"https:\/\/www.hydraulic-cylinders.net\/wp-content\/uploads\/2025\/01\/songte-company-1.webp\" alt=\"C\u00e9ges im\u00e1zs\"><\/p>\n<p>Szerz\u0151: lyl<\/p>","protected":false},"excerpt":{"rendered":"<p>Bucket Cylinder For Doosan Small Excavator DH130-5-7 Introduction The bucket cylinder for Doosan small excavator DH130-5-7 is a specially designed hydraulic cylinder used to control the movement of the bucket in heavy machinery such as excavators, backhoe loaders, and front loaders. Its main function is to allow the bucket to lift, lower, and tilt, making [&hellip;]<\/p>","protected":false},"featured_media":14780,"comment_status":"open","ping_status":"closed","template":"","meta":{"_et_pb_use_builder":"","_et_pb_old_content":"","_et_gb_content_width":""},"product_brand":[],"product_cat":[1494],"product_tag":[1495,1496],"class_list":{"0":"post-15273","1":"product","2":"type-product","3":"status-publish","4":"has-post-thumbnail","6":"product_cat-bucket-cylinders","7":"product_tag-bucket-cylinders","8":"product_tag-hydraulic-cylinders","10":"first","11":"instock","12":"shipping-taxable","13":"product-type-simple"},"amp_enabled":true,"_links":{"self":[{"href":"https:\/\/www.hydraulic-cylinders.net\/hu\/wp-json\/wp\/v2\/product\/15273","targetHints":{"allow":["GET"]}}],"collection":[{"href":"https:\/\/www.hydraulic-cylinders.net\/hu\/wp-json\/wp\/v2\/product"}],"about":[{"href":"https:\/\/www.hydraulic-cylinders.net\/hu\/wp-json\/wp\/v2\/types\/product"}],"replies":[{"embeddable":true,"href":"https:\/\/www.hydraulic-cylinders.net\/hu\/wp-json\/wp\/v2\/comments?post=15273"}],"wp:featuredmedia":[{"embeddable":true,"href":"https:\/\/www.hydraulic-cylinders.net\/hu\/wp-json\/wp\/v2\/media\/14780"}],"wp:attachment":[{"href":"https:\/\/www.hydraulic-cylinders.net\/hu\/wp-json\/wp\/v2\/media?parent=15273"}],"wp:term":[{"taxonomy":"product_brand","embeddable":true,"href":"https:\/\/www.hydraulic-cylinders.net\/hu\/wp-json\/wp\/v2\/product_brand?post=15273"},{"taxonomy":"product_cat","embeddable":true,"href":"https:\/\/www.hydraulic-cylinders.net\/hu\/wp-json\/wp\/v2\/product_cat?post=15273"},{"taxonomy":"product_tag","embeddable":true,"href":"https:\/\/www.hydraulic-cylinders.net\/hu\/wp-json\/wp\/v2\/product_tag?post=15273"}],"curies":[{"name":"munkaf\u00fczet","href":"https:\/\/api.w.org\/{rel}","templated":true}]}}