{"id":15275,"date":"2025-01-19T14:19:32","date_gmt":"2025-01-19T14:19:32","guid":{"rendered":"https:\/\/www.hydraulic-cylinders.net\/product\/bucket-cylinder-for-doosan-middle-excavator-dh200-5-7\/"},"modified":"2025-01-19T14:19:34","modified_gmt":"2025-01-19T14:19:34","slug":"bucket-cylinder-for-doosan-middle-excavator-dh200-5-7","status":"publish","type":"product","link":"https:\/\/www.hydraulic-cylinders.net\/hu\/termek\/bucket-cylinder-for-doosan-middle-excavator-dh200-5-7\/","title":{"rendered":"V\u00f6d\u00f6rhenger Doosan k\u00f6z\u00e9ps\u0151 kotr\u00f3g\u00e9phez DH200-5-7"},"content":{"rendered":"<h1>V\u00f6d\u00f6rhenger Doosan k\u00f6z\u00e9ps\u0151 kotr\u00f3g\u00e9phez DH200-5-7<\/h1>\n<h2>Bevezet\u00e9s<\/h2>\n<p>A kan\u00e1lhenger egy speci\u00e1lisan tervezett hidraulikus henger, amelyet els\u0151sorban a kan\u00e1l mozg\u00e1s\u00e1nak vez\u00e9rl\u00e9s\u00e9re haszn\u00e1lnak neh\u00e9zg\u00e9pekben, p\u00e9ld\u00e1ul kotr\u00f3g\u00e9pekben, kotr\u00f3rakod\u00f3kban \u00e9s homlokrakod\u00f3kban. F\u0151 funkci\u00f3ja a kan\u00e1l emel\u00e9s\u00e9nek, s\u00fcllyeszt\u00e9s\u00e9nek \u00e9s billent\u00e9s\u00e9nek lehet\u0151v\u00e9 t\u00e9tele, megk\u00f6nny\u00edtve a k\u00fcl\u00f6nf\u00e9le anyagmozgat\u00e1si feladatok elv\u00e9gz\u00e9s\u00e9t. A hidraulikus rendszerben a kan\u00e1lhenger a hidraulikaolaj nyom\u00e1s\u00e1nak v\u00e1ltoz\u00e1s\u00e1n kereszt\u00fcl vez\u00e9rli a kan\u00e1l pontos mozg\u00e1s\u00e1t, lehet\u0151v\u00e9 t\u00e9ve a kezel\u0151k sz\u00e1m\u00e1ra, hogy hat\u00e9konyan kezelj\u00e9k a neh\u00e9z terheket, \u00e9s alkalmazkodjanak az \u00f6sszetett munkak\u00f6rnyezetekhez \u00e9s a v\u00e1ltozatos munkak\u00f6vetelm\u00e9nyekhez.<\/p>\n<p><img decoding=\"async\" src=\"https:\/\/www.hydraulic-cylinders.net\/wp-content\/uploads\/2025\/01\/songte-company-2.webp\" alt=\"V\u00f6d\u00f6r henger k\u00e9pe\"><\/p>\n<h2>Jellemz\u0151k<\/h2>\n<ul>\n<li>\n<h3>Nagy szil\u00e1rds\u00e1g \u00e9s tart\u00f3ss\u00e1g<\/h3>\n<p>A kan\u00e1lhengerek jellemz\u0151en nagy szil\u00e1rds\u00e1g\u00fa ac\u00e9lb\u00f3l vagy alum\u00edniumb\u00f3l k\u00e9sz\u00fclnek, amelyek ellen\u00e1llnak a nagy nyom\u00e1snak \u00e9s a nagy terhel\u00e9seknek, alkalmazkodva a zord munkak\u00f6r\u00fclm\u00e9nyekhez. A kialak\u00edt\u00e1s sor\u00e1n figyelembe vett\u00e9k a kop\u00e1s\u00e1ll\u00f3s\u00e1got \u00e9s a korr\u00f3zi\u00f3\u00e1ll\u00f3s\u00e1got, meghosszabb\u00edtva az \u00e9lettartamot.<\/p>\n<\/li>\n<li>\n<h3>Hat\u00e9kony hidraulikus m\u0171k\u00f6dtet\u00e9s<\/h3>\n<p>A hidraulikus nyom\u00e1s a sima kiny\u00fajt\u00e1si \u00e9s \u00f6sszeh\u00faz\u00e1si m\u0171veletek el\u00e9r\u00e9s\u00e9re szolg\u00e1l, lehet\u0151v\u00e9 t\u00e9ve a gyors reag\u00e1l\u00e1st a vez\u00e9rl\u0151parancsokra, er\u0151teljes h\u00faz\u00f3-nyom\u00f3 er\u0151ket biztos\u00edtva, \u00e9s alkalmas neh\u00e9z terhek \u00e9s \u00f6sszetett feladatok kezel\u00e9s\u00e9re.<\/p>\n<\/li>\n<li>\n<h3>K\u00fcl\u00f6nb\u00f6z\u0151 t\u00edpusok<\/h3>\n<p>A kan\u00e1lhengerek lehetnek egyszeres m\u0171k\u00f6d\u00e9s\u0171ek (csak egy ir\u00e1nyban haszn\u00e1lj\u00e1k a hidraulik\u00e1t) vagy kett\u0151s m\u0171k\u00f6d\u00e9s\u0171ek (mindk\u00e9t ir\u00e1nyban haszn\u00e1lj\u00e1k a hidraulik\u00e1t) a m\u0171k\u00f6d\u00e9si k\u00f6vetelm\u00e9nyekt\u0151l f\u00fcgg\u0151en. Egyes modellek teleszk\u00f3posak, ami nagyobb kiny\u00fal\u00e1st tesz lehet\u0151v\u00e9 a k\u00fcls\u0151 m\u00e9retek n\u00f6vel\u00e9se n\u00e9lk\u00fcl, \u00edgy alkalmasak korl\u00e1tozott helyig\u00e9ny\u0171 alkalmaz\u00e1sokhoz.<\/p>\n<\/li>\n<li>\n<h3>T\u00f6k\u00e9letes helyettes\u00edt\u0151<\/h3>\n<p>Term\u00e9keink t\u00f6k\u00e9letesen helyettes\u00edthetik ezeket a hidraulikus hengereket.<\/p>\n<\/li>\n<\/ul>\n<p><img decoding=\"async\" src=\"https:\/\/www.hydraulic-cylinders.net\/wp-content\/uploads\/2025\/01\/songte-cylinder-head-with-all-kinds-excavator-models.webp\" alt=\"V\u00f6d\u00f6rhenger-helyettes\u00edt\u00e9si k\u00e9p\"><\/p>\n<h2>Alkalmaz\u00e1sok<\/h2>\n<p>A kan\u00e1lhengereket sz\u00e9les k\u00f6rben haszn\u00e1lj\u00e1k k\u00fcl\u00f6nf\u00e9le g\u00e9pekben, p\u00e9ld\u00e1ul:<\/p>\n<ul>\n<li>\n<h3>\u00c9p\u00edt\u0151ipari berendez\u00e9sek<\/h3>\n<p>Kotr\u00f3g\u00e9pekben elengedhetetlenek az \u00e1s\u00e1shoz, rakod\u00e1shoz \u00e9s a talaj vagy t\u00f6rmel\u00e9k mozgat\u00e1s\u00e1hoz. Kotr\u00f3g\u00e9p-rakod\u00f3kban a kan\u00e1lhenger mind az \u00e1s\u00e1st, mind az emel\u00e9st seg\u00edti. <\/p>\n<\/li>\n<li>\n<h3>Mez\u0151gazdas\u00e1gi g\u00e9pek<\/h3>\n<p>Homlokrakod\u00f3kban haszn\u00e1lj\u00e1k talaj, sz\u00e9na \u00e9s egy\u00e9b anyagok mer\u00e9s\u00e9re, emel\u00e9s\u00e9re \u00e9s sz\u00e1ll\u00edt\u00e1s\u00e1ra.<\/p>\n<\/li>\n<li>\n<h3>Kotr\u00f3g\u00e9pek<\/h3>\n<p>A kan\u00e1lhenger lehet\u0151v\u00e9 teszi a talajba val\u00f3 behatol\u00e1st a ki\u00e1s\u00e1s \u00e9rdek\u00e9ben.<\/p>\n<\/li>\n<li>\n<h3>Rakod\u00f3k<\/h3>\n<p>A homlokrakod\u00f3kban hat\u00e9konyan seg\u00edtenek az \u00e1ruk emel\u00e9s\u00e9ben \u00e9s \u00fcr\u00edt\u00e9s\u00e9ben.<\/p>\n<\/li>\n<\/ul>\n<h2>Tervez\u00e9si szempontok \u00e9s kiv\u00e1laszt\u00e1si krit\u00e9riumok<\/h2>\n<ul>\n<li>\n<h3>Teherb\u00edr\u00e1s<\/h3>\n<p>A hengernek elegend\u0151 teherb\u00edr\u00e1ssal kell rendelkeznie a biztons\u00e1gos m\u0171k\u00f6d\u00e9s biztos\u00edt\u00e1sa \u00e9s a t\u00falterhel\u00e9s elker\u00fcl\u00e9se \u00e9rdek\u00e9ben. <\/p>\n<\/li>\n<li>\n<h3>T\u00f6m\u00edt\u00e9s<\/h3>\n<p>A dugatty\u00fat\u00f6m\u00edt\u00e9snek, a r\u00fadt\u00f6m\u00edt\u00e9snek \u00e9s az egy\u00e9b t\u00f6m\u00edt\u00e9seknek kop\u00e1s\u00e1ll\u00f3 anyagokb\u00f3l, p\u00e9ld\u00e1ul poliuret\u00e1nb\u00f3l \u00e9s nitrilgumib\u00f3l kell k\u00e9sz\u00fclni\u00fck az \u00e9lettartam meghosszabb\u00edt\u00e1sa \u00e9rdek\u00e9ben. <\/p>\n<\/li>\n<li>\n<h3>Tart\u00f3ss\u00e1g<\/h3>\n<p>A hengertestet \u00e9s a menet v\u00e9gfel\u00fclet\u00e9t finom megmunk\u00e1l\u00e1snak kell al\u00e1vetni a kop\u00e1s\u00e1ll\u00f3s\u00e1g jav\u00edt\u00e1sa \u00e9rdek\u00e9ben. <\/p>\n<\/li>\n<li>\n<h3>Biztons\u00e1g<\/h3>\n<p>A palackot biztons\u00e1gi berendez\u00e9sekkel kell felszerelni a hirtelen nyom\u00e1ses\u00e9s vagy t\u00falzott terhel\u00e9s okozta balesetek megel\u0151z\u00e9se \u00e9rdek\u00e9ben. <\/p>\n<\/li>\n<li>\n<h3>Karbantarthat\u00f3s\u00e1g<\/h3>\n<p>A hengernek k\u00f6nnyen sz\u00e9tszerelhet\u0151nek \u00e9s \u00f6sszeszerelhet\u0151nek, a s\u00e9r\u00fclt alkatr\u00e9szek cser\u00e9lhet\u0151nek \u00e9s karbantarthat\u00f3nak kell lennie.<\/p>\n<\/li>\n<\/ul>\n<p><img decoding=\"async\" src=\"https:\/\/www.hydraulic-cylinders.net\/wp-content\/uploads\/2025\/01\/songte-oil-pipes-and-spare-parts.webp\" alt=\"Alkatr\u00e9szek k\u00e9pe\"><\/p>\n<h2>T\u00f6m\u00edt\u00e9s \u00e9s ken\u00e9s<\/h2>\n<p>K\u00fcl\u00f6nb\u00f6z\u0151 t\u00f6m\u00edt\u0151elemeket, p\u00e9ld\u00e1ul dugatty\u00fat\u00f6m\u00edt\u00e9seket \u00e9s r\u00fadt\u00f6m\u00edt\u00e9seket haszn\u00e1lnak az olajsziv\u00e1rg\u00e1s megakad\u00e1lyoz\u00e1s\u00e1ra \u00e9s a mozg\u00f3 alkatr\u00e9szek ken\u00e9s\u00e9nek biztos\u00edt\u00e1s\u00e1ra. A t\u00f6m\u00edt\u00e9sek kop\u00e1s\u00e1ll\u00f3 anyagokb\u00f3l, p\u00e9ld\u00e1ul poliuret\u00e1nb\u00f3l \u00e9s nitrilgumib\u00f3l k\u00e9sz\u00fclnek, a hengertest \u00e9s a menetes v\u00e9gfel\u00fclet pedig finoman megmunk\u00e1lt a kop\u00e1s\u00e1ll\u00f3s\u00e1g jav\u00edt\u00e1sa \u00e9rdek\u00e9ben. A hengert rendszeresen megfelel\u0151 mennyis\u00e9g\u0171 hidraulikaolajjal kell felt\u00f6lteni a ken\u00e9shez.<\/p>\n<h2>Ellen\u0151rz\u00e9si \u00e9s megel\u0151z\u0151 karbantart\u00e1si int\u00e9zked\u00e9sek<\/h2>\n<p>A rendszeres ellen\u0151rz\u00e9sek, a megfelel\u0151 ken\u00e9s, a t\u00f6m\u00edt\u00e9sek cser\u00e9je \u00e9s a kalibr\u00e1l\u00e1s ellen\u0151rz\u00e9se gyakori karbantart\u00e1si feladatok. A megfelel\u0151 beszerel\u00e9s, ken\u00e9s \u00e9s be\u00e1ll\u00edt\u00e1s elengedhetetlen, \u00e9s a beszerel\u00e9s sor\u00e1n gondoskodni kell a henger helyes be\u00e1ll\u00edt\u00e1s\u00e1r\u00f3l. A henger r\u00f6gz\u00edt\u00e9s\u00e9hez aj\u00e1nlott megfelel\u0151 r\u00f6gz\u00edt\u0151konzolok haszn\u00e1lata. Az aj\u00e1nlott ellen\u0151rz\u00e9si, jav\u00edt\u00e1si \u00e9s csere elj\u00e1r\u00e1sokat, valamint a henger \u00e9lettartam\u00e1nak meghosszabb\u00edt\u00e1s\u00e1ra vonatkoz\u00f3 tippeket is megadjuk.<\/p>\n<p><img decoding=\"async\" src=\"https:\/\/www.hydraulic-cylinders.net\/wp-content\/uploads\/2025\/01\/songte-chushion-collar.webp\" alt=\"Telep\u00edt\u00e9si k\u00e9p\"><\/p>\n<h2>Biztons\u00e1gi szempontok \u00e9s k\u00f6rnyezeti t\u00e9nyez\u0151k<\/h2>\n<p>A palack haszn\u00e1lata sor\u00e1n elengedhetetlen a biztons\u00e1gi int\u00e9zked\u00e9sek betart\u00e1sa. A balesetek megel\u0151z\u00e9se \u00e9rdek\u00e9ben gondoskodni kell a palack megfelel\u0151 beszerel\u00e9s\u00e9r\u0151l \u00e9s haszn\u00e1lat\u00e1r\u00f3l. A lehets\u00e9ges biztons\u00e1gi kock\u00e1zatok megel\u0151z\u00e9se \u00e9rdek\u00e9ben a k\u00f6rnyezeti t\u00e9nyez\u0151ket, p\u00e9ld\u00e1ul a h\u0151m\u00e9rs\u00e9kletet, a nyom\u00e1st \u00e9s a p\u00e1ratartalmat is figyelembe kell venni.<\/p>\n<h2>Gyakori hib\u00e1k diagnosztiz\u00e1l\u00e1sa \u00e9s megold\u00e1sai<\/h2>\n<p>Common faults such as oil leakage, insufficient pressure, and unstable operation may occur during the use of the cylinder. The cylinder&#8217;s manual provides troubleshooting tips and solutions to help readers diagnose and solve problems effectively, and preventive measures to reduce potential issues.<\/p>\n<p><img decoding=\"async\" src=\"https:\/\/www.hydraulic-cylinders.net\/wp-content\/uploads\/2025\/01\/songte-bushings-with-all-kinds-of-excavator-models.webp\" alt=\"Hibadiagn\u00f3zis k\u00e9pe\"><\/p>\n<h2>C\u00e9g\u00fcnkr\u0151l<\/h2>\n<p>We are a manufacturer of hydraulic cylinder substitutes, with a complete range of products, and have become one of the leading manufacturers and wholesalers of hydraulic cylinders in the domestic and international markets. We adhere to the principles of excellent quality and rely on the industrial production management strategy of fine manufacturing workshops from technical talents, digital high-end manufacturing equipment, and professional testing systems. Our company continuously improves the manufacturing platform of the workshop, perfects the product quality production route, and has strong creation ability to meet customers&#8217; diverse needs with the principles of high efficiency, high precision, and high quality.<\/p>\n<p><img decoding=\"async\" src=\"https:\/\/hzpt.com\/wp-content\/uploads\/2024\/11\/songte-company-1.webp\" alt=\"C\u00e9ges im\u00e1zs\"><\/p>\n<h3>Szakmaiass\u00e1g<\/h3>\n<p>Professzion\u00e1lis tervez\u0151 \u00e9s gy\u00e1rt\u00f3 csapatunkkal rendelkez\u00fcnk, amely szem\u00e9lyre szabott szolg\u00e1ltat\u00e1sokat tud ny\u00fajtani \u00fcgyfeleink egyedi ig\u00e9nyeinek kiel\u00e9g\u00edt\u00e9s\u00e9re.<\/p>\n<h3>Nemzetk\u00f6zi min\u0151s\u00edt\u00e9s<\/h3>\n<p>Our company&#8217;s products have obtained ISO9001, CE, and other international certifications, which fully demonstrate our excellent product quality and service level.<\/p>\n<h3>Testreszabott szolg\u00e1ltat\u00e1s<\/h3>\n<p>We can provide customized services according to customers&#8217; different needs, and our professional design team can provide customers with personalized solutions.<\/p>\n<h3>Termel\u00e9si berendez\u00e9sek<\/h3>\n<p>Korszer\u0171 gy\u00e1rt\u00f3berendez\u00e9sekkel, p\u00e9ld\u00e1ul CNC szersz\u00e1mg\u00e9pekkel \u00e9s vizsg\u00e1l\u00f3berendez\u00e9sekkel rendelkez\u00fcnk, amelyek biztos\u00edtj\u00e1k term\u00e9keink magas min\u0151s\u00e9g\u00e9t \u00e9s pontoss\u00e1g\u00e1t.<\/p>\n<h3>\u00c9rt\u00e9kes\u00edt\u00e9s ut\u00e1ni szolg\u00e1ltat\u00e1s<\/h3>\n<p>\u00c1tfog\u00f3 \u00e9rt\u00e9kes\u00edt\u00e9s ut\u00e1ni szolg\u00e1ltat\u00e1sokat ny\u00fajtunk \u00fcgyfeleinknek, bele\u00e9rtve a telep\u00edt\u00e9si \u00fatmutat\u00e1st, a m\u0171szaki t\u00e1mogat\u00e1st \u00e9s a karbantart\u00e1si szolg\u00e1ltat\u00e1sokat, hogy \u00fcgyfeleink nyugodtan haszn\u00e1lhass\u00e1k term\u00e9keinket.<\/p>\n<p>Szerz\u0151: lyl<\/p>","protected":false},"excerpt":{"rendered":"<p>Bucket Cylinder for Doosan Middle Excavator DH200-5-7 Introduction A bucket cylinder is a specially designed hydraulic cylinder that is primarily used to control the movement of the bucket in heavy machinery such as excavators, backhoe loaders, and front-end loaders. Its main function is to enable the bucket to lift, lower, and tilt, making it easier [&hellip;]<\/p>","protected":false},"featured_media":14776,"comment_status":"open","ping_status":"closed","template":"","meta":{"_et_pb_use_builder":"","_et_pb_old_content":"","_et_gb_content_width":""},"product_brand":[],"product_cat":[1494],"product_tag":[1495,1496],"class_list":{"0":"post-15275","1":"product","2":"type-product","3":"status-publish","4":"has-post-thumbnail","6":"product_cat-bucket-cylinders","7":"product_tag-bucket-cylinders","8":"product_tag-hydraulic-cylinders","10":"first","11":"instock","12":"shipping-taxable","13":"product-type-simple"},"amp_enabled":true,"_links":{"self":[{"href":"https:\/\/www.hydraulic-cylinders.net\/hu\/wp-json\/wp\/v2\/product\/15275","targetHints":{"allow":["GET"]}}],"collection":[{"href":"https:\/\/www.hydraulic-cylinders.net\/hu\/wp-json\/wp\/v2\/product"}],"about":[{"href":"https:\/\/www.hydraulic-cylinders.net\/hu\/wp-json\/wp\/v2\/types\/product"}],"replies":[{"embeddable":true,"href":"https:\/\/www.hydraulic-cylinders.net\/hu\/wp-json\/wp\/v2\/comments?post=15275"}],"wp:featuredmedia":[{"embeddable":true,"href":"https:\/\/www.hydraulic-cylinders.net\/hu\/wp-json\/wp\/v2\/media\/14776"}],"wp:attachment":[{"href":"https:\/\/www.hydraulic-cylinders.net\/hu\/wp-json\/wp\/v2\/media?parent=15275"}],"wp:term":[{"taxonomy":"product_brand","embeddable":true,"href":"https:\/\/www.hydraulic-cylinders.net\/hu\/wp-json\/wp\/v2\/product_brand?post=15275"},{"taxonomy":"product_cat","embeddable":true,"href":"https:\/\/www.hydraulic-cylinders.net\/hu\/wp-json\/wp\/v2\/product_cat?post=15275"},{"taxonomy":"product_tag","embeddable":true,"href":"https:\/\/www.hydraulic-cylinders.net\/hu\/wp-json\/wp\/v2\/product_tag?post=15275"}],"curies":[{"name":"munkaf\u00fczet","href":"https:\/\/api.w.org\/{rel}","templated":true}]}}