{"id":15282,"date":"2025-01-19T14:20:06","date_gmt":"2025-01-19T14:20:06","guid":{"rendered":"https:\/\/www.hydraulic-cylinders.net\/product\/bucket-cylinder-for-doosan-middle-excavator-dh225lc-9\/"},"modified":"2025-01-19T14:20:09","modified_gmt":"2025-01-19T14:20:09","slug":"bucket-cylinder-for-doosan-middle-excavator-dh225lc-9","status":"publish","type":"product","link":"https:\/\/www.hydraulic-cylinders.net\/hu\/termek\/bucket-cylinder-for-doosan-middle-excavator-dh225lc-9\/","title":{"rendered":"Kan\u00e1lhenger Doosan k\u00f6z\u00e9ps\u0151 kotr\u00f3g\u00e9phez DH225LC-9"},"content":{"rendered":"<h1>Kan\u00e1lhenger Doosan k\u00f6z\u00e9ps\u0151 kotr\u00f3g\u00e9phez DH225LC-9<\/h1>\n<h2>Bevezet\u00e9s<\/h2>\n<p>A Doosan DH225LC-9 k\u00f6z\u00e9pkotr\u00f3g\u00e9p kan\u00e1lhengere egy speci\u00e1lis hidraulikus henger, amelyet els\u0151sorban neh\u00e9zg\u00e9pek, p\u00e9ld\u00e1ul kotr\u00f3g\u00e9pek, kotr\u00f3rakod\u00f3k \u00e9s homlokrakod\u00f3k kan\u00e1lmozg\u00e1s\u00e1nak vez\u00e9rl\u00e9s\u00e9re terveztek. F\u0151 funkci\u00f3ja a kan\u00e1l emel\u00e9se, s\u00fcllyeszt\u00e9se \u00e9s billent\u00e9se, megk\u00f6nny\u00edtve a k\u00fcl\u00f6nf\u00e9le anyagmozgat\u00e1si feladatok elv\u00e9gz\u00e9s\u00e9t. A hidraulikus rendszerben a kan\u00e1lhenger a hidraulikaolaj nyom\u00e1sv\u00e1ltoz\u00e1sait haszn\u00e1lja a kan\u00e1l pontos vez\u00e9rl\u00e9s\u00e9hez, lehet\u0151v\u00e9 t\u00e9ve a kezel\u0151k sz\u00e1m\u00e1ra, hogy hat\u00e9konyan kezelj\u00e9k a neh\u00e9z terheket, \u00e9s alkalmazkodjanak az \u00f6sszetett munkak\u00f6rnyezetekhez \u00e9s a v\u00e1ltozatos m\u0171k\u00f6d\u00e9si k\u00f6vetelm\u00e9nyekhez.<\/p>\n<p><img decoding=\"async\" src=\"https:\/\/www.hydraulic-cylinders.net\/wp-content\/uploads\/2025\/01\/songte-company-2.webp\"\/><\/p>\n<h2>Jellemz\u0151k<\/h2>\n<ul>\n<li>Nagy szil\u00e1rds\u00e1g \u00e9s tart\u00f3ss\u00e1g: \u00c1ltal\u00e1ban nagy szil\u00e1rds\u00e1g\u00fa ac\u00e9lb\u00f3l vagy alum\u00edniumb\u00f3l k\u00e9sz\u00fcl, ellen\u00e1ll a nagy nyom\u00e1snak \u00e9s a nagy terhel\u00e9seknek, alkalmazkodik a zord munkak\u00f6rnyezethez, \u00e9s \u00fagy tervezt\u00e9k, hogy figyelembe vegye a kop\u00e1s\u00e1ll\u00f3s\u00e1got \u00e9s a korr\u00f3zi\u00f3\u00e1ll\u00f3s\u00e1got az \u00e9lettartam meghosszabb\u00edt\u00e1sa \u00e9rdek\u00e9ben. <\/li>\n<li>Hat\u00e9kony hidraulikus m\u0171k\u00f6d\u00e9s: A hidraulikaolaj nyom\u00e1s\u00e1nak k\u00f6sz\u00f6nhet\u0151en a sima t\u00e1gul\u00e1s \u00e9s \u00f6sszeh\u00faz\u00f3d\u00e1s gyorsan reag\u00e1l a vez\u00e9rl\u0151parancsokra, er\u0151teljes tol\u00f3- \u00e9s h\u00faz\u00f3er\u0151t biztos\u00edt, \u00e9s alkalmas neh\u00e9z terhek \u00e9s \u00f6sszetett \u00fczemeltet\u00e9si feladatok kezel\u00e9s\u00e9re. <\/li>\n<li>K\u00fcl\u00f6nb\u00f6z\u0151 t\u00edpusok: Az egyszeres m\u0171k\u00f6d\u00e9s\u0171 (csak egy ir\u00e1nyban haszn\u00e1lt hidraulika) vagy kett\u0151s m\u0171k\u00f6d\u00e9s\u0171 (k\u00e9t ir\u00e1nyban haszn\u00e1lt hidraulika) hengerek a m\u0171k\u00f6d\u00e9si ig\u00e9nyeknek megfelel\u0151en v\u00e1laszthat\u00f3k. Egyes modellek teleszk\u00f3posak, \u00edgy nagyobb kiny\u00fal\u00e1st tesznek lehet\u0151v\u00e9 a k\u00fcls\u0151 m\u00e9retek n\u00f6vel\u00e9se n\u00e9lk\u00fcl, ami alkalmas korl\u00e1tozott helyig\u00e9ny\u0171 alkalmaz\u00e1sokhoz. <\/li>\n<li>C\u00e9g\u00fcnk \u00e1ltal gy\u00e1rthat\u00f3: Term\u00e9keink t\u00f6k\u00e9letesen helyettes\u00edthetik ezeket a hidraulikus hengereket.<\/li>\n<\/ul>\n<p><img decoding=\"async\" src=\"https:\/\/www.hydraulic-cylinders.net\/wp-content\/uploads\/2025\/01\/songte-cylinder-head-with-all-kinds-excavator-models.webp\"\/><\/p>\n<h2>Alkalmaz\u00e1sok<\/h2>\n<p>A Doosan DH225LC-9 k\u00f6z\u00e9pkotr\u00f3g\u00e9p kan\u00e1lhenger\u00e9t sz\u00e9les k\u00f6rben haszn\u00e1lj\u00e1k k\u00fcl\u00f6nf\u00e9le ter\u00fcleteken, t\u00f6bbek k\u00f6z\u00f6tt:<\/p>\n<ul>\n<li>\u00c9p\u00edt\u0151ipari berendez\u00e9sek: Elengedhetetlenek a kotr\u00f3g\u00e9pek sz\u00e1m\u00e1ra a talaj vagy t\u00f6rmel\u00e9k \u00e1s\u00e1s\u00e1hoz, rakod\u00e1s\u00e1hoz \u00e9s mozgat\u00e1s\u00e1hoz. A kotr\u00f3g\u00e9p-rakod\u00f3kban a kan\u00e1lhenger seg\u00edt az \u00e1s\u00e1sban \u00e9s az emel\u00e9sben. <\/li>\n<li>Mez\u0151gazdas\u00e1gi g\u00e9pek: Homlokrakod\u00f3khoz haszn\u00e1lj\u00e1k talaj, sz\u00e9na \u00e9s egy\u00e9b anyagok kanalaz\u00e1s\u00e1ra, emel\u00e9s\u00e9re \u00e9s sz\u00e1ll\u00edt\u00e1s\u00e1ra. <\/li>\n<li>Kotr\u00f3g\u00e9pek: A kan\u00e1lhenger lehet\u0151v\u00e9 teszi, hogy a kan\u00e1l behatoljon a talajba az \u00e1s\u00e1s \u00e9rdek\u00e9ben. <\/li>\n<li>Rakod\u00f3k: Homlokrakod\u00f3kn\u00e1l hat\u00e9konyan seg\u00edti az \u00e1ruk emel\u00e9s\u00e9t \u00e9s billent\u00e9s\u00e9t. <\/li>\n<\/ul>\n<p>Minden alkalmaz\u00e1s kib\u0151v\u00edtve az al\u00e1bbiakban olvashat\u00f3:<\/p>\n<h3>\u00c9p\u00edt\u0151ipari berendez\u00e9sek<\/h3>\n<p>A kan\u00e1lhenger fontos szerepet j\u00e1tszik a kotr\u00f3g\u00e9pekben a talaj vagy t\u00f6rmel\u00e9k \u00e1s\u00e1s\u00e1ban, rakod\u00e1s\u00e1ban \u00e9s mozgat\u00e1s\u00e1ban. Seg\u00edti a kotr\u00f3g\u00e9p-rakod\u00f3kat az \u00e1s\u00e1sban \u00e9s az emel\u00e9sben is.<\/p>\n<h3>Mez\u0151gazdas\u00e1gi g\u00e9pek<\/h3>\n<p>A kan\u00e1lhengert homlokrakod\u00f3kban haszn\u00e1lj\u00e1k talaj, sz\u00e9na \u00e9s egy\u00e9b anyagok mer\u00e9s\u00e9re, emel\u00e9s\u00e9re \u00e9s sz\u00e1ll\u00edt\u00e1s\u00e1ra.<\/p>\n<h3>Kotr\u00f3g\u00e9pek<\/h3>\n<p>A kan\u00e1lhenger arra szolg\u00e1l, hogy a kan\u00e1l behatoljon a talajba az \u00e1s\u00e1si m\u0171velet v\u00e9grehajt\u00e1sa \u00e9rdek\u00e9ben.<\/p>\n<h3>Rakod\u00f3k<\/h3>\n<p>Homlokrakod\u00f3kn\u00e1l a kan\u00e1lhenger hat\u00e9konyan seg\u00edt az \u00e1ruk emel\u00e9s\u00e9ben \u00e9s billent\u00e9s\u00e9ben.<\/p>\n<h2>Tervez\u00e9si szempontok \u00e9s kiv\u00e1laszt\u00e1si krit\u00e9riumok<\/h2>\n<p>A Doosan DH225LC-9 k\u00f6z\u00e9pkotr\u00f3g\u00e9p kan\u00e1lhenger\u00e9nek kiv\u00e1laszt\u00e1sakor k\u00fcl\u00f6nb\u00f6z\u0151 tervez\u00e9si szempontokat \u00e9s kiv\u00e1laszt\u00e1si krit\u00e9riumokat kell figyelembe venni. Ezek a k\u00f6vetkez\u0151k:<\/p>\n<ul>\n<li>Teherb\u00edr\u00e1s<\/li>\n<li>T\u00f6m\u00edt\u00e9s<\/li>\n<li>Tart\u00f3ss\u00e1g<\/li>\n<li>Biztons\u00e1g<\/li>\n<li>Karbantarthat\u00f3s\u00e1g<\/li>\n<\/ul>\n<p><img decoding=\"async\" src=\"https:\/\/www.hydraulic-cylinders.net\/wp-content\/uploads\/2025\/01\/songte-oil-pipes-and-spare-parts.webp\"\/><\/p>\n<h2>T\u00f6m\u00edt\u00e9s \u00e9s ken\u00e9s<\/h2>\n<p>A Doosan DH225LC-9 k\u00f6z\u00e9pkotr\u00f3g\u00e9p kan\u00e1lhengere k\u00fcl\u00f6nf\u00e9le t\u00f6m\u00edt\u0151elemeket haszn\u00e1l, p\u00e9ld\u00e1ul dugatty\u00fat\u00f6m\u00edt\u00e9seket \u00e9s r\u00fadt\u00f6m\u00edt\u00e9seket, amelyek kop\u00e1s\u00e1ll\u00f3 anyagokb\u00f3l, p\u00e9ld\u00e1ul poliuret\u00e1nb\u00f3l \u00e9s nitrilgumib\u00f3l k\u00e9sz\u00fclnek. A henger teste \u00e9s menetes v\u00e9gfel\u00fclete finoman megmunk\u00e1lt a kop\u00e1s\u00e1ll\u00f3s\u00e1g jav\u00edt\u00e1sa \u00e9rdek\u00e9ben. Ken\u00e9shez rendszeres megfelel\u0151 hidraulikaolaj hozz\u00e1ad\u00e1sa sz\u00fcks\u00e9ges.<\/p>\n<h2>Karbantart\u00e1s \u00e9s \u00f3vint\u00e9zked\u00e9sek<\/h2>\n<p>A serleghenger megfelel\u0151 m\u0171k\u00f6d\u00e9s\u00e9hez elengedhetetlenek a rendszeres ellen\u0151rz\u00e9sek \u00e9s a megel\u0151z\u0151 karbantart\u00e1si int\u00e9zked\u00e9sek. Ezek az int\u00e9zked\u00e9sek a k\u00f6vetkez\u0151k:<\/p>\n<ul>\n<li>Rendszeres ellen\u0151rz\u00e9sek<\/li>\n<li>Megfelel\u0151 ken\u00e9s<\/li>\n<li>T\u00f6m\u00edt\u00e9scsere \u00e9s kalibr\u00e1l\u00e1si ellen\u0151rz\u00e9s<\/li>\n<\/ul>\n<p>Fontos a megfelel\u0151 be\u00e1ll\u00edt\u00e1si \u00fatmutat\u00f3 biztos\u00edt\u00e1sa a telep\u00edt\u00e9s sor\u00e1n, \u00e9s a megfelel\u0151 r\u00f6gz\u00edt\u0151konzolok haszn\u00e1lata a henger r\u00f6gz\u00edt\u00e9s\u00e9hez. A Doosan DH225LC-9 k\u00f6z\u00e9pkotr\u00f3g\u00e9p kan\u00e1lhenger\u00e9nek \u00e9lettartam\u00e1nak meghosszabb\u00edt\u00e1sa \u00e9rdek\u00e9ben javasoljuk az aj\u00e1nlott ellen\u0151rz\u00e9si, jav\u00edt\u00e1si \u00e9s csereelj\u00e1r\u00e1sok betart\u00e1s\u00e1t.<\/p>\n<p><img decoding=\"async\" src=\"https:\/\/www.hydraulic-cylinders.net\/wp-content\/uploads\/2025\/01\/songte-chushion-collar.webp\"\/><\/p>\n<h2>Biztons\u00e1gi szempontok \u00e9s k\u00f6rnyezeti t\u00e9nyez\u0151k<\/h2>\n<p>A Doosan DH225LC-9 k\u00f6z\u00e9pkotr\u00f3g\u00e9p kan\u00e1lhenger\u00e9nek haszn\u00e1latakor fontos betartani a biztons\u00e1gi int\u00e9zked\u00e9seket a balesetek elker\u00fcl\u00e9se \u00e9rdek\u00e9ben, \u00e9s figyelembe venni a henger m\u0171k\u00f6d\u00e9s\u00e9t befoly\u00e1sol\u00f3 k\u00f6rnyezeti t\u00e9nyez\u0151ket.<\/p>\n<h2>Hibaelh\u00e1r\u00edt\u00e1s \u00e9s gyakori probl\u00e9m\u00e1k<\/h2>\n<p>K\u00fcl\u00f6nb\u00f6z\u0151 hibaelh\u00e1r\u00edt\u00e1si \u00e9s gyakori probl\u00e9m\u00e1k mer\u00fclhetnek fel a Doosan DH225LC-9 k\u00f6z\u00e9pkotr\u00f3g\u00e9p kan\u00e1lhenger\u00e9nek haszn\u00e1latakor. \u00cdme n\u00e9h\u00e1ny megold\u00e1s:<\/p>\n<ul>\n<li>T\u00f6m\u00edt\u00e9sek cser\u00e9je<\/li>\n<li>Sziv\u00e1rg\u00e1sok ellen\u0151rz\u00e9se<\/li>\n<li>Deform\u00e1ci\u00f3k \u00e9s s\u00e9r\u00fcl\u00e9sek ellen\u0151rz\u00e9se <\/li>\n<\/ul>\n<p>A lehets\u00e9ges probl\u00e9m\u00e1k minimaliz\u00e1l\u00e1sa \u00e9rdek\u00e9ben megel\u0151z\u0151 int\u00e9zked\u00e9seket javasolnak.<\/p>\n<p><img decoding=\"async\" src=\"https:\/\/www.hydraulic-cylinders.net\/wp-content\/uploads\/2025\/01\/songte-bushings-with-all-kinds-of-excavator-models.webp\"\/><\/p>\n<h2>C\u00e9g\u00fcnkr\u0151l<\/h2>\n<p>A hazai \u00e9s nemzetk\u00f6zi piacok vezet\u0151 hidraulikus hengergy\u00e1rt\u00f3i \u00e9s -nagykeresked\u0151i vagyunk, teljes term\u00e9kv\u00e1laszt\u00e9kot k\u00edn\u00e1lva a hidraulikus hengerek cser\u00e9j\u00e9hez. A kiv\u00e1l\u00f3 min\u0151s\u00e9g elv\u00e9t k\u00f6vetj\u00fck, a finomgy\u00e1rt\u00f3 m\u0171hely iparos\u00edtott termel\u00e9sir\u00e1ny\u00edt\u00e1si strat\u00e9gi\u00e1j\u00e1ra t\u00e1maszkodunk, folyamatosan fejlesztj\u00fck a m\u0171hely gy\u00e1rt\u00e1si platformj\u00e1t, t\u00f6k\u00e9letes\u00edtj\u00fck a term\u00e9kmin\u0151s\u00e9gi gy\u00e1rt\u00e1si \u00fatvonalat, \u00e9s er\u0151s alkot\u00f3k\u00e9pess\u00e9ggel rendelkez\u00fcnk. <\/p>\n<p>A technol\u00f3giai tehets\u00e9g, a digit\u00e1lis cs\u00facskateg\u00f3ri\u00e1s gy\u00e1rt\u00f3berendez\u00e9sek \u00e9s a professzion\u00e1lis ellen\u0151rz\u0151 rendszerek mellett testreszabott szolg\u00e1ltat\u00e1sokat, gy\u00e1rt\u00f3berendez\u00e9seket \u00e9s \u00e9rt\u00e9kes\u00edt\u00e9s ut\u00e1ni szolg\u00e1ltat\u00e1sokat is k\u00edn\u00e1lunk, hogy kiel\u00e9g\u00edts\u00fck \u00fcgyfeleink sokr\u00e9t\u0171 ig\u00e9nyeit, a nagy hat\u00e9konys\u00e1g, a nagy pontoss\u00e1g \u00e9s a magas min\u0151s\u00e9g alapelveivel.<\/p>\n<p>C\u00e9g\u00fcnk sz\u00e1mos szolg\u00e1ltat\u00e1st is k\u00edn\u00e1l, mint p\u00e9ld\u00e1ul speci\u00e1lis testreszab\u00e1sok, fel\u00faj\u00edt\u00e1si szolg\u00e1ltat\u00e1sok \u00e9s cserealkatr\u00e9szek, hogy seg\u00edtsen \u00fcgyfeleinknek berendez\u00e9seik \u00e9lettartam\u00e1nak meghosszabb\u00edt\u00e1s\u00e1ban.<\/p>\n<p><img decoding=\"async\" src=\"https:\/\/hzpt.com\/wp-content\/uploads\/2024\/11\/songte-company-1.webp\"\/><\/p>\n<h2>Szerz\u0151<\/h2>\n<p>lyl<\/p>","protected":false},"excerpt":{"rendered":"<p>Bucket Cylinder For Doosan Middle Excavator DH225LC-9 Introduction The Bucket Cylinder for Doosan Middle Excavator DH225LC-9 is a specialized hydraulic cylinder designed primarily for controlling the movements of the bucket in heavy machinery, such as excavators, backhoe loaders, and front loaders. Its main function is to enable lifting, lowering, and tilting of the bucket, making [&hellip;]<\/p>","protected":false},"featured_media":14789,"comment_status":"open","ping_status":"closed","template":"","meta":{"_et_pb_use_builder":"","_et_pb_old_content":"","_et_gb_content_width":""},"product_brand":[],"product_cat":[1494],"product_tag":[1495,1496],"class_list":{"0":"post-15282","1":"product","2":"type-product","3":"status-publish","4":"has-post-thumbnail","6":"product_cat-bucket-cylinders","7":"product_tag-bucket-cylinders","8":"product_tag-hydraulic-cylinders","10":"first","11":"instock","12":"shipping-taxable","13":"product-type-simple"},"amp_enabled":true,"_links":{"self":[{"href":"https:\/\/www.hydraulic-cylinders.net\/hu\/wp-json\/wp\/v2\/product\/15282","targetHints":{"allow":["GET"]}}],"collection":[{"href":"https:\/\/www.hydraulic-cylinders.net\/hu\/wp-json\/wp\/v2\/product"}],"about":[{"href":"https:\/\/www.hydraulic-cylinders.net\/hu\/wp-json\/wp\/v2\/types\/product"}],"replies":[{"embeddable":true,"href":"https:\/\/www.hydraulic-cylinders.net\/hu\/wp-json\/wp\/v2\/comments?post=15282"}],"wp:featuredmedia":[{"embeddable":true,"href":"https:\/\/www.hydraulic-cylinders.net\/hu\/wp-json\/wp\/v2\/media\/14789"}],"wp:attachment":[{"href":"https:\/\/www.hydraulic-cylinders.net\/hu\/wp-json\/wp\/v2\/media?parent=15282"}],"wp:term":[{"taxonomy":"product_brand","embeddable":true,"href":"https:\/\/www.hydraulic-cylinders.net\/hu\/wp-json\/wp\/v2\/product_brand?post=15282"},{"taxonomy":"product_cat","embeddable":true,"href":"https:\/\/www.hydraulic-cylinders.net\/hu\/wp-json\/wp\/v2\/product_cat?post=15282"},{"taxonomy":"product_tag","embeddable":true,"href":"https:\/\/www.hydraulic-cylinders.net\/hu\/wp-json\/wp\/v2\/product_tag?post=15282"}],"curies":[{"name":"munkaf\u00fczet","href":"https:\/\/api.w.org\/{rel}","templated":true}]}}