{"id":15283,"date":"2025-01-19T14:20:12","date_gmt":"2025-01-19T14:20:12","guid":{"rendered":"https:\/\/www.hydraulic-cylinders.net\/product\/bucket-cylinder-for-doosan-middle-excavator-dh260lc\/"},"modified":"2025-01-19T14:20:14","modified_gmt":"2025-01-19T14:20:14","slug":"bucket-cylinder-for-doosan-middle-excavator-dh260lc","status":"publish","type":"product","link":"https:\/\/www.hydraulic-cylinders.net\/hu\/termek\/bucket-cylinder-for-doosan-middle-excavator-dh260lc\/","title":{"rendered":"Kan\u00e1lhenger Doosan k\u00f6z\u00e9ps\u0151 kotr\u00f3g\u00e9phez DH260LC"},"content":{"rendered":"<h1>Kan\u00e1lhenger Doosan k\u00f6z\u00e9ps\u0151 kotr\u00f3g\u00e9phez DH260LC<\/h1>\n<h2>Bevezet\u00e9s<\/h2>\n<p>A Doosan DH260LC k\u00f6z\u00e9pkotr\u00f3g\u00e9p kan\u00e1lhengere egy speci\u00e1lisan tervezett hidraulikus henger, amelyet els\u0151sorban neh\u00e9zg\u00e9pek, p\u00e9ld\u00e1ul kotr\u00f3g\u00e9pek, kotr\u00f3rakod\u00f3k \u00e9s homlokrakod\u00f3k kan\u00e1lmozg\u00e1s\u00e1nak vez\u00e9rl\u00e9s\u00e9re haszn\u00e1lnak. F\u0151 funkci\u00f3ja a kan\u00e1l emel\u00e9se, s\u00fcllyeszt\u00e9se \u00e9s billent\u00e9se, ami megk\u00f6nny\u00edti a k\u00fcl\u00f6nf\u00e9le anyagmozgat\u00e1si feladatokat. A hidraulikus rendszerben a kan\u00e1lhenger lehet\u0151v\u00e9 teszi a kan\u00e1l pontos vez\u00e9rl\u00e9s\u00e9t a hidraulikaolaj nyom\u00e1s\u00e1nak v\u00e1ltoztat\u00e1s\u00e1val, lehet\u0151v\u00e9 t\u00e9ve a kezel\u0151k sz\u00e1m\u00e1ra, hogy hat\u00e9konyan kezelj\u00e9k a neh\u00e9z terheket, \u00e9s alkalmazkodjanak az \u00f6sszetett munkak\u00f6rnyezetekhez \u00e9s a v\u00e1ltozatos m\u0171k\u00f6d\u00e9si k\u00f6vetelm\u00e9nyekhez.<\/p>\n<p><img decoding=\"async\" src=\"https:\/\/www.hydraulic-cylinders.net\/wp-content\/uploads\/2025\/01\/songte-company-2.webp\" alt=\"V\u00f6d\u00f6r henger k\u00e9pe\"><\/p>\n<h2>Term\u00e9kjellemz\u0151k<\/h2>\n<ul>\n<li>Nagy szil\u00e1rds\u00e1g \u00e9s tart\u00f3ss\u00e1g: \u00c1ltal\u00e1ban nagy szil\u00e1rds\u00e1g\u00fa ac\u00e9lb\u00f3l vagy alum\u00edniumb\u00f3l k\u00e9sz\u00fcl, \u00edgy ellen\u00e1ll a nagy nyom\u00e1snak \u00e9s a nagy terhel\u00e9seknek, alkalmazkodva a zord munkak\u00f6rnyezethez. A kialak\u00edt\u00e1s figyelembe veszi a kop\u00e1s\u00e1ll\u00f3s\u00e1got \u00e9s a korr\u00f3zi\u00f3\u00e1ll\u00f3s\u00e1got, meghosszabb\u00edtva az \u00e9lettartamot.<\/li>\n<li>Hat\u00e9kony hidraulikus m\u0171k\u00f6d\u00e9s: A hidraulikaolaj nyom\u00e1s\u00e1nak k\u00f6sz\u00f6nhet\u0151en sima t\u00e1gul\u00e1si \u00e9s \u00f6sszeh\u00faz\u00f3d\u00e1si mozg\u00e1sok \u00e9rhet\u0151k el, ami gyors reag\u00e1l\u00e1st biztos\u00edt a vez\u00e9rl\u0151parancsokra, \u00e9s nagy nyom\u00f3- \u00e9s h\u00faz\u00f3er\u0151t biztos\u00edt, amely alkalmas neh\u00e9z terhek \u00e9s \u00f6sszetett \u00fczemeltet\u00e9si feladatok kezel\u00e9s\u00e9re.<\/li>\n<li>K\u00fcl\u00f6nb\u00f6z\u0151 t\u00edpusok: A hengert\u00edpusok a m\u0171k\u00f6d\u00e9si k\u00f6vetelm\u00e9nyeknek megfelel\u0151en v\u00e1laszthat\u00f3k ki, bele\u00e9rtve az egyszeres m\u0171k\u00f6d\u00e9s\u0171 (a hidraulika csak egy ir\u00e1nyban m\u0171k\u00f6dik) vagy a kett\u0151s m\u0171k\u00f6d\u00e9s\u0171 (a hidraulika mindk\u00e9t ir\u00e1nyban m\u0171k\u00f6dik) v\u00e1ltozatokat. Egyes modellek teleszk\u00f3posak, \u00edgy nagyobb kiny\u00fal\u00e1st tesznek lehet\u0151v\u00e9 a k\u00fcls\u0151 m\u00e9retek n\u00f6vel\u00e9se n\u00e9lk\u00fcl, \u00edgy alkalmasak korl\u00e1tozott helyig\u00e9ny\u0171 alkalmaz\u00e1sokhoz.<\/li>\n<li>Kompatibilis csere: Term\u00e9keink t\u00f6k\u00e9letesen helyettes\u00edtik a hasonl\u00f3 hidraulikus hengereket, k\u00f6lts\u00e9ghat\u00e9kony megold\u00e1st k\u00edn\u00e1lva \u00fcgyfeleinknek a hengercser\u00e9re.<\/li>\n<\/ul>\n<p><img decoding=\"async\" src=\"https:\/\/www.hydraulic-cylinders.net\/wp-content\/uploads\/2025\/01\/songte-cylinder-head-with-all-kinds-excavator-models.webp\" alt=\"V\u00f6d\u00f6rhenger csere k\u00e9p\"><\/p>\n<h2>Alkalmaz\u00e1sok<\/h2>\n<p>A Doosan DH260LC k\u00f6z\u00e9pkotr\u00f3g\u00e9p kan\u00e1lhengere k\u00fcl\u00f6nf\u00e9le neh\u00e9zg\u00e9p\u00e9szeti alkalmaz\u00e1sokban haszn\u00e1lhat\u00f3:<\/p>\n<h3>\u00c9p\u00edt\u0151ipari berendez\u00e9sek<\/h3>\n<p>Kotr\u00f3g\u00e9pekben elengedhetetlen az \u00e1s\u00e1shoz, rakod\u00e1shoz \u00e9s talaj vagy t\u00f6rmel\u00e9k mozgat\u00e1s\u00e1hoz. Kotr\u00f3g\u00e9pekben a kan\u00e1lhenger mind az \u00e1s\u00e1st, mind az emel\u00e9st seg\u00edti. Homlokrakod\u00f3kn\u00e1l hat\u00e9konyan seg\u00edtik a terhek emel\u00e9s\u00e9t \u00e9s billent\u00e9s\u00e9t.<\/p>\n<h3>Mez\u0151gazdas\u00e1gi g\u00e9pek<\/h3>\n<p>Homlokrakod\u00f3kban haszn\u00e1lj\u00e1k talaj, sz\u00e9na \u00e9s egy\u00e9b anyagok berakod\u00e1s\u00e1ra, emel\u00e9s\u00e9re \u00e9s sz\u00e1ll\u00edt\u00e1s\u00e1ra. Kotr\u00f3g\u00e9pekben a kan\u00e1lhenger lehet\u0151v\u00e9 teszi az \u00e1s\u00e1si m\u0171veletet az\u00e1ltal, hogy lehet\u0151v\u00e9 teszi a kan\u00e1l talajba val\u00f3 behatol\u00e1s\u00e1t. <\/p>\n<h3>M\u00e1sok<\/h3>\n<p>K\u00fcl\u00f6nb\u00f6z\u0151 ipari k\u00f6rnyezetben a kan\u00e1lhenger megk\u00f6nny\u00edtheti a neh\u00e9z t\u00e1rgyak mozgat\u00e1s\u00e1t, \u00edgy \u00e9rt\u00e9kes eszk\u00f6zz\u00e9 v\u00e1lik az anyagmozgat\u00e1si m\u0171veletekben.<\/p>\n<h2>Tervez\u00e9si szempontok \u00e9s kiv\u00e1laszt\u00e1si krit\u00e9riumok<\/h2>\n<p>A kan\u00e1lhengereket t\u00f6bb kulcsfontoss\u00e1g\u00fa t\u00e9nyez\u0151 alapj\u00e1n kell megtervezni \u00e9s kiv\u00e1lasztani:<\/p>\n<h3>Teherb\u00edr\u00e1s<\/h3>\n<p>A henger teherb\u00edr\u00e1s\u00e1nak olyannak kell lennie, hogy \u00fczem k\u00f6zben ellen\u00e1lljon a nagy nyom\u00e1snak \u00e9s a nagy terhel\u00e9seknek.<\/p>\n<h3>T\u00f6m\u00edt\u00e9s<\/h3>\n<p>K\u00fcl\u00f6nb\u00f6z\u0151 t\u00f6m\u00edt\u0151elemeket, p\u00e9ld\u00e1ul dugatty\u00fat\u00f6m\u00edt\u00e9seket \u00e9s r\u00fadt\u00f6m\u00edt\u00e9seket kell haszn\u00e1lni az olajsziv\u00e1rg\u00e1s megakad\u00e1lyoz\u00e1s\u00e1ra \u00e9s a henger t\u00f6m\u00edt\u0151teljes\u00edtm\u00e9ny\u00e9nek jav\u00edt\u00e1s\u00e1ra. A t\u00f6m\u00edt\u0151elemeknek kop\u00e1s\u00e1ll\u00f3 anyagokb\u00f3l, p\u00e9ld\u00e1ul poliuret\u00e1nb\u00f3l \u00e9s nitrilgumib\u00f3l kell k\u00e9sz\u00fclni\u00fck. A hengertestet \u00e9s a menet v\u00e9g\u00e9t finoman kell kezelni a kop\u00e1s\u00e1ll\u00f3s\u00e1g jav\u00edt\u00e1sa \u00e9rdek\u00e9ben.<\/p>\n<h3>Tart\u00f3ss\u00e1g<\/h3>\n<p>A hengernek nagy szil\u00e1rds\u00e1g\u00fa anyagokb\u00f3l kell k\u00e9sz\u00fclnie, amelyek ellen\u00e1llnak a zord munkak\u00f6r\u00fclm\u00e9nyeknek, \u00e9s ellen\u00e1llnak a kop\u00e1snak \u00e9s a korr\u00f3zi\u00f3nak, hogy meghosszabb\u00edts\u00e1k \u00e9lettartam\u00e1t.<\/p>\n<h3>Biztons\u00e1g<\/h3>\n<p>A palackot biztons\u00e1gtechnikai szem el\u0151tt tartva kell megtervezni, hogy megel\u0151zze a baleseteket m\u0171k\u00f6d\u00e9s k\u00f6zben.<\/p>\n<h3>Karbantart\u00e1s<\/h3>\n<p>A palackot \u00fagy kell kialak\u00edtani, hogy k\u00f6nnyen karbantarthat\u00f3 \u00e9s jav\u00edthat\u00f3 legyen, k\u00f6nnyen hozz\u00e1f\u00e9rhet\u0151 cser\u00e9lhet\u0151 alkatr\u00e9szekkel. Az optim\u00e1lis teljes\u00edtm\u00e9ny biztos\u00edt\u00e1sa \u00e9rdek\u00e9ben rendszeres karbantart\u00e1st \u00e9s ellen\u0151rz\u00e9st kell v\u00e9gezni.<\/p>\n<p><img decoding=\"async\" src=\"https:\/\/www.hydraulic-cylinders.net\/wp-content\/uploads\/2025\/01\/songte-oil-pipes-and-spare-parts.webp\" alt=\"V\u00f6d\u00f6rhenger alkatr\u00e9szek k\u00e9pe\"><\/p>\n<h2>T\u00f6m\u00edt\u00e9s \u00e9s ken\u00e9s<\/h2>\n<p>A serleghengerek k\u00fcl\u00f6nf\u00e9le t\u00f6m\u00edt\u0151elemekre szorulnak az olajsziv\u00e1rg\u00e1s megakad\u00e1lyoz\u00e1sa \u00e9s a t\u00f6m\u00edt\u00e9si teljes\u00edtm\u00e9ny jav\u00edt\u00e1sa \u00e9rdek\u00e9ben. Ezek az elemek magukban foglalj\u00e1k a dugatty\u00fat\u00f6m\u00edt\u00e9seket, a r\u00fadt\u00f6m\u00edt\u00e9seket \u00e9s egy\u00e9b, kop\u00e1s\u00e1ll\u00f3 anyagokb\u00f3l, p\u00e9ld\u00e1ul poliuret\u00e1nb\u00f3l \u00e9s nitrilgumib\u00f3l k\u00e9sz\u00fclt t\u00f6m\u00edt\u00e9seket. A hengertestet \u00e9s a menetes v\u00e9gfel\u00fcletet finoman kell kezelni a kop\u00e1s\u00e1ll\u00f3s\u00e1g jav\u00edt\u00e1sa \u00e9rdek\u00e9ben. A henger teljes\u00edtm\u00e9ny\u00e9nek fenntart\u00e1s\u00e1hoz rendszeres ken\u00e9s sz\u00fcks\u00e9ges megfelel\u0151 hidraulikaolajjal.<\/p>\n<h2>Karbantart\u00e1s \u00e9s megel\u0151z\u0151 int\u00e9zked\u00e9sek<\/h2>\n<p>A kan\u00e1lhengerek optim\u00e1lis teljes\u00edtm\u00e9ny\u00e9nek biztos\u00edt\u00e1s\u00e1hoz elengedhetetlen a rendszeres karbantart\u00e1s \u00e9s ellen\u0151rz\u00e9s. \u00cdme n\u00e9h\u00e1ny megel\u0151z\u0151 int\u00e9zked\u00e9s:<\/p>\n<ul>\n<li>Rendszeres ellen\u0151rz\u00e9sek a kop\u00e1s \u00e9s a s\u00e9r\u00fcl\u00e9sek \u00e9szlel\u00e9se \u00e9s megel\u0151z\u00e9se \u00e9rdek\u00e9ben.<\/li>\n<li>Rendszeres ken\u00e9s a megfelel\u0151 hidraulikaolajjal az olajszennyez\u0151d\u00e9s okozta k\u00e1rosod\u00e1sok megel\u0151z\u00e9se \u00e9rdek\u00e9ben.<\/li>\n<li>A kopott vagy s\u00e9r\u00fclt t\u00f6m\u00edt\u00e9sek rendszeres cser\u00e9je az olajsziv\u00e1rg\u00e1s megel\u0151z\u00e9se \u00e9rdek\u00e9ben.<\/li>\n<\/ul>\n<p>A megfelel\u0151 beszerel\u00e9s, ken\u00e9s \u00e9s be\u00e1ll\u00edt\u00e1s kulcsfontoss\u00e1g\u00fa a kan\u00e1lhengerek optim\u00e1lis teljes\u00edtm\u00e9ny\u00e9hez \u00e9s hossz\u00fa \u00e9lettartam\u00e1hoz. A beszerel\u00e9s sor\u00e1n megfelel\u0151 be\u00e1ll\u00edt\u00e1si \u00fatmutat\u00e1st kell biztos\u00edtani, \u00e9s a henger r\u00f6gz\u00edt\u00e9s\u00e9hez megfelel\u0151 r\u00f6gz\u00edt\u0151konzolokat kell haszn\u00e1lni. A henger \u00e9lettartam\u00e1nak n\u00f6vel\u00e9se \u00e9rdek\u00e9ben be kell tartani az aj\u00e1nlott ellen\u0151rz\u00e9si, jav\u00edt\u00e1si \u00e9s csere elj\u00e1r\u00e1sokat.<\/p>\n<p><img decoding=\"async\" src=\"https:\/\/www.hydraulic-cylinders.net\/wp-content\/uploads\/2025\/01\/songte-chushion-collar.webp\" alt=\"V\u00f6d\u00f6rhenger telep\u00edt\u00e9si k\u00e9pe\"><\/p>\n<h2>Biztons\u00e1gi \u00e9s k\u00f6rnyezetv\u00e9delmi szempontok<\/h2>\n<p>A serleghengereket biztons\u00e1gi int\u00e9zked\u00e9sek betart\u00e1s\u00e1val kell haszn\u00e1lni a m\u0171k\u00f6d\u00e9s k\u00f6zbeni balesetek megel\u0151z\u00e9se \u00e9rdek\u00e9ben. A k\u00f6rnyezetv\u00e9delmi szempontokat is figyelembe kell venni a hidraulikafolyad\u00e9kok k\u00f6rnyezetre gyakorolt \u200b\u200bhat\u00e1s\u00e1nak minimaliz\u00e1l\u00e1sa \u00e9rdek\u00e9ben.<\/p>\n<h2>Diagn\u00f3zis \u00e9s hibaelh\u00e1r\u00edt\u00e1s<\/h2>\n<p>A kan\u00e1lhengerekkel kapcsolatos gyakori probl\u00e9m\u00e1k k\u00f6z\u00e9 tartozik az olajsziv\u00e1rg\u00e1s, az el\u00e9gtelen er\u0151 \u00e9s a lass\u00fa v\u00e1laszid\u0151. Ezeket a probl\u00e9m\u00e1kat elkopott vagy s\u00e9r\u00fclt t\u00f6m\u00edt\u00e9sek cser\u00e9j\u00e9vel, a hidraulikus rendszer nyom\u00e1s\u00e1nak be\u00e1ll\u00edt\u00e1s\u00e1val vagy alkatr\u00e9szek cser\u00e9j\u00e9vel lehet megoldani.<\/p>\n<h2>C\u00e9g\u00fcnkr\u0151l<\/h2>\n<p>Elismert hidraulikus hengergy\u00e1rt\u00f3k vagyunk, sz\u00e9les term\u00e9kv\u00e1laszt\u00e9kot k\u00edn\u00e1lva, ami a hazai \u00e9s nemzetk\u00f6zi piacok vezet\u0151 hidraulikus hengergy\u00e1rt\u00f3j\u00e1v\u00e1 \u00e9s nagykeresked\u0151j\u00e9v\u00e9 tett minket. A kiv\u00e1l\u00f3 min\u0151s\u00e9g el\u00e9r\u00e9s\u00e9re t\u00f6reksz\u00fcnk, iparos\u00edtott termel\u00e9sir\u00e1ny\u00edt\u00e1si strat\u00e9gi\u00e1kra t\u00e1maszkodva, kifinomult gy\u00e1rt\u00f3m\u0171helyekkel, fejlett digit\u00e1lis gy\u00e1rt\u00f3berendez\u00e9sekkel \u00e9s professzion\u00e1lis tesztel\u0151rendszerekkel. Folyamatosan fejlesztj\u00fck gy\u00e1rt\u00e1si platformunkat, finom\u00edtjuk term\u00e9kmin\u0151s\u00e9gi gy\u00e1rt\u00f3sorunkat, \u00e9s er\u0151s innov\u00e1ci\u00f3s k\u00e9pess\u00e9gekkel rendelkez\u00fcnk. A nagy hat\u00e9konys\u00e1g, a nagy pontoss\u00e1g \u00e9s a kiv\u00e1l\u00f3 min\u0151s\u00e9g elveit k\u00f6vetj\u00fck, hogy megfelelj\u00fcnk \u00fcgyfeleink sokr\u00e9t\u0171 ig\u00e9nyeinek.<\/p>\n<p><img decoding=\"async\" src=\"https:\/\/hzpt.com\/wp-content\/uploads\/2024\/11\/songte-company-1.webp\" alt=\"C\u00e9ges im\u00e1zs\"><\/p>\n<h3>Szakmaiass\u00e1g<\/h3>\n<p>C\u00e9g\u00fcnk szak\u00e9rt\u0151i csapattal rendelkezik, akik sz\u00e9lesk\u00f6r\u0171 tapasztalattal rendelkeznek hidraulikus hengerek fejleszt\u00e9s\u00e9ben, gy\u00e1rt\u00e1s\u00e1ban \u00e9s tesztel\u00e9s\u00e9ben. Professzion\u00e1lis csapatunk biztos\u00edtja, hogy term\u00e9keink megfeleljenek a legmagasabb min\u0151s\u00e9gi el\u0151\u00edr\u00e1soknak.<\/p>\n<h3>Nemzetk\u00f6zi min\u0151s\u00edt\u00e9s<\/h3>\n<p>Term\u00e9keink olyan nemzetk\u00f6zi szabv\u00e1nyok szerint vannak tan\u00fas\u00edtva, mint az ISO9001, CE \u00e9s ROHS, ami garant\u00e1lja term\u00e9keink min\u0151s\u00e9g\u00e9t \u00e9s biztons\u00e1g\u00e1t.<\/p>\n<h3>Testreszab\u00e1si szolg\u00e1ltat\u00e1sok<\/h3>\n<p>Egyedi tervez\u00e9s\u0171 hidraulikus munkahengereket k\u00edn\u00e1lunk, hogy megfelelj\u00fcnk \u00fcgyfeleink speci\u00e1lis ig\u00e9nyeinek.<\/p>\n<h3>Termel\u00e9si berendez\u00e9sek<\/h3>\n<p>Korszer\u0171 gy\u00e1rt\u00f3berendez\u00e9sekkel, p\u00e9ld\u00e1ul CNC megmunk\u00e1l\u00f3k\u00f6zpontokkal \u00e9s automata hegeszt\u0151g\u00e9pekkel rendelkez\u00fcnk term\u00e9keink pontoss\u00e1g\u00e1nak biztos\u00edt\u00e1sa \u00e9rdek\u00e9ben.<\/p>\n<h3>\u00c9rt\u00e9kes\u00edt\u00e9s ut\u00e1ni szolg\u00e1ltat\u00e1s<\/h3>\n<p>Kiv\u00e1l\u00f3 \u00e9rt\u00e9kes\u00edt\u00e9s ut\u00e1ni szolg\u00e1ltat\u00e1st \u00e9s m\u0171szaki t\u00e1mogat\u00e1st ny\u00fajtunk \u00fcgyfeleinknek, bele\u00e9rtve a jav\u00edt\u00e1si \u00e9s csereszolg\u00e1ltat\u00e1sokat is.<\/p>\n<p>Szerz\u0151: lyl.<\/p>\n<p><img decoding=\"async\" src=\"https:\/\/www.hydraulic-cylinders.net\/wp-content\/uploads\/2025\/01\/songte-bushings-with-all-kinds-of-excavator-models.webp\" alt=\"V\u00f6d\u00f6r henger perselyek k\u00e9pe\"><\/p>","protected":false},"excerpt":{"rendered":"<p>Bucket Cylinder For Doosan Middle Excavator DH260LC Introduction The Bucket Cylinder for Doosan Middle Excavator DH260LC is a specially designed hydraulic cylinder that is primarily used to control the movement of the bucket in heavy machinery such as excavators, backhoe loaders, and front-end loaders. Its main function is to allow the bucket to be lifted, [&hellip;]<\/p>","protected":false},"featured_media":14788,"comment_status":"open","ping_status":"closed","template":"","meta":{"_et_pb_use_builder":"","_et_pb_old_content":"","_et_gb_content_width":""},"product_brand":[],"product_cat":[1494],"product_tag":[1495,1496],"class_list":{"0":"post-15283","1":"product","2":"type-product","3":"status-publish","4":"has-post-thumbnail","6":"product_cat-bucket-cylinders","7":"product_tag-bucket-cylinders","8":"product_tag-hydraulic-cylinders","10":"first","11":"instock","12":"shipping-taxable","13":"product-type-simple"},"amp_enabled":true,"_links":{"self":[{"href":"https:\/\/www.hydraulic-cylinders.net\/hu\/wp-json\/wp\/v2\/product\/15283","targetHints":{"allow":["GET"]}}],"collection":[{"href":"https:\/\/www.hydraulic-cylinders.net\/hu\/wp-json\/wp\/v2\/product"}],"about":[{"href":"https:\/\/www.hydraulic-cylinders.net\/hu\/wp-json\/wp\/v2\/types\/product"}],"replies":[{"embeddable":true,"href":"https:\/\/www.hydraulic-cylinders.net\/hu\/wp-json\/wp\/v2\/comments?post=15283"}],"wp:featuredmedia":[{"embeddable":true,"href":"https:\/\/www.hydraulic-cylinders.net\/hu\/wp-json\/wp\/v2\/media\/14788"}],"wp:attachment":[{"href":"https:\/\/www.hydraulic-cylinders.net\/hu\/wp-json\/wp\/v2\/media?parent=15283"}],"wp:term":[{"taxonomy":"product_brand","embeddable":true,"href":"https:\/\/www.hydraulic-cylinders.net\/hu\/wp-json\/wp\/v2\/product_brand?post=15283"},{"taxonomy":"product_cat","embeddable":true,"href":"https:\/\/www.hydraulic-cylinders.net\/hu\/wp-json\/wp\/v2\/product_cat?post=15283"},{"taxonomy":"product_tag","embeddable":true,"href":"https:\/\/www.hydraulic-cylinders.net\/hu\/wp-json\/wp\/v2\/product_tag?post=15283"}],"curies":[{"name":"munkaf\u00fczet","href":"https:\/\/api.w.org\/{rel}","templated":true}]}}