{"id":15303,"date":"2025-01-19T14:21:38","date_gmt":"2025-01-19T14:21:38","guid":{"rendered":"https:\/\/www.hydraulic-cylinders.net\/product\/bucket-cylinder-for-doosan-wheel-excavator-dh150w-7\/"},"modified":"2025-01-19T14:21:40","modified_gmt":"2025-01-19T14:21:40","slug":"bucket-cylinder-for-doosan-wheel-excavator-dh150w-7","status":"publish","type":"product","link":"https:\/\/www.hydraulic-cylinders.net\/hu\/termek\/bucket-cylinder-for-doosan-wheel-excavator-dh150w-7\/","title":{"rendered":"V\u00f6d\u00f6rhenger Doosan kerekes kotr\u00f3g\u00e9phez DH150W-7"},"content":{"rendered":"<h1>V\u00f6d\u00f6rhenger Doosan kerekes kotr\u00f3g\u00e9phez DH150W-7<\/h1>\n<h2>Bevezet\u00e9s<\/h2>\n<p>A Doosan DH150W-7 gumikerekes kotr\u00f3g\u00e9p kan\u00e1lhengere egy speci\u00e1lisan tervezett hidraulikus henger, amelyet neh\u00e9zg\u00e9pek, p\u00e9ld\u00e1ul kotr\u00f3g\u00e9pek, kotr\u00f3rakod\u00f3k \u00e9s kerekes rakod\u00f3k kan\u00e1lj\u00e1nak mozg\u00e1s\u00e1nak vez\u00e9rl\u00e9s\u00e9re haszn\u00e1lnak. F\u0151 funkci\u00f3ja a kan\u00e1l emel\u00e9se, s\u00fcllyeszt\u00e9se \u00e9s billent\u00e9se, \u00edgy k\u00e9nyelmesen haszn\u00e1lhat\u00f3 k\u00fcl\u00f6nf\u00e9le anyagmozgat\u00e1si feladatokhoz. A hidraulikus rendszerben a kan\u00e1lhenger a hidraulikaolaj nyom\u00e1sv\u00e1ltoz\u00e1sait felhaszn\u00e1lva pontosan vez\u00e9rli a kanalat, lehet\u0151v\u00e9 t\u00e9ve a kezel\u0151k sz\u00e1m\u00e1ra, hogy hat\u00e9konyan kezelj\u00e9k a neh\u00e9z terheket, \u00e9s alkalmazkodjanak az \u00f6sszetett munkak\u00f6rnyezetekhez \u00e9s a v\u00e1ltozatos munkak\u00f6vetelm\u00e9nyekhez.<\/p>\n<p><img decoding=\"async\" src=\"https:\/\/www.hydraulic-cylinders.net\/wp-content\/uploads\/2025\/01\/songte-company-2.webp\"><\/p>\n<h2>Jellemz\u0151k<\/h2>\n<ul>\n<li><strong>Nagy szil\u00e1rds\u00e1g \u00e9s tart\u00f3ss\u00e1g:<\/strong> A kan\u00e1lhenger \u00e1ltal\u00e1ban nagy szil\u00e1rds\u00e1g\u00fa ac\u00e9lb\u00f3l vagy alum\u00edniumb\u00f3l k\u00e9sz\u00fcl, \u00edgy nagy nyom\u00e1st \u00e9s nagy terhel\u00e9st is elb\u00edr, \u00edgy alkalmazkodik a zord munkak\u00f6rnyezethez. Tervez\u00e9se sor\u00e1n figyelembe vett\u00e9k a kop\u00e1s\u00e1ll\u00f3s\u00e1got \u00e9s a korr\u00f3zi\u00f3\u00e1ll\u00f3s\u00e1got, ez\u00e1ltal meghosszabb\u00edtva \u00e9lettartam\u00e1t.<\/li>\n<li><strong>Hat\u00e9kony hidraulikus m\u0171k\u00f6dtet\u00e9s:<\/strong> A kan\u00e1lhenger a hidraulikaolaj nyom\u00e1s\u00e1t haszn\u00e1lja a sima kitol\u00e1si \u00e9s visszah\u00faz\u00e1si m\u0171veletekhez. Gyorsan reag\u00e1l a vez\u00e9rl\u0151parancsokra, \u00e9s er\u0151teljes tol\u00f3- \u00e9s h\u00faz\u00f3er\u0151t biztos\u00edt, \u00edgy alkalmass\u00e1 teszi neh\u00e9z terhek \u00e9s \u00f6sszetett feladatok kezel\u00e9s\u00e9re.<\/li>\n<li><strong>K\u00fcl\u00f6nb\u00f6z\u0151 t\u00edpusok:<\/strong> A kan\u00e1lhenger az ig\u00e9nyekt\u0151l f\u00fcgg\u0151en v\u00e1laszthat\u00f3 egyszeres m\u0171k\u00f6d\u00e9s\u0171 (csak egy ir\u00e1nyban hidraulikusan m\u0171k\u00f6dtetett) vagy kett\u0151s m\u0171k\u00f6d\u00e9s\u0171 (mindk\u00e9t ir\u00e1nyban hidraulikusan m\u0171k\u00f6dtetett) kivitelben. Egyes modellek teleszk\u00f3posak, \u00edgy nagyobb kiny\u00fal\u00e1st tesznek lehet\u0151v\u00e9 a k\u00fcls\u0151 m\u00e9retek n\u00f6vel\u00e9se n\u00e9lk\u00fcl, \u00edgy alkalmasak korl\u00e1tozott helyig\u00e9ny\u0171 alkalmaz\u00e1sokhoz.<\/li>\n<li><strong>T\u00f6k\u00e9letes csere:<\/strong> Term\u00e9keink t\u00f6k\u00e9letesen helyettes\u00edthetik ezeket a hidraulikus hengereket, kiv\u00e1l\u00f3 kompatibilit\u00e1st \u00e9s teljes\u00edtm\u00e9nyt ny\u00fajtva.<\/li>\n<\/ul>\n<p><img decoding=\"async\" src=\"https:\/\/www.hydraulic-cylinders.net\/wp-content\/uploads\/2025\/01\/songte-cylinder-head-with-all-kinds-excavator-models.webp\"><\/p>\n<h2>Alkalmaz\u00e1sok<\/h2>\n<p>A Doosan DH150W-7 kerekes kotr\u00f3g\u00e9p kan\u00e1lhenger\u00e9t sz\u00e9les k\u00f6rben haszn\u00e1lj\u00e1k k\u00fcl\u00f6nf\u00e9le ipar\u00e1gakban \u00e9s berendez\u00e9sekben, bele\u00e9rtve:<\/p>\n<ol>\n<li>\u00c9p\u00edt\u0151ipari berendez\u00e9sek: Kotr\u00f3g\u00e9pekben kulcsfontoss\u00e1g\u00faak a f\u00f6ldmunk\u00e1k, a rakod\u00e1s \u00e9s az anyagmozgat\u00e1s sor\u00e1n. Kotr\u00f3g\u00e9p-rakod\u00f3kban a kan\u00e1lhenger mind az \u00e1s\u00e1st, mind az emel\u00e9st seg\u00edti.<\/li>\n<li>Mez\u0151gazdas\u00e1gi g\u00e9pek: Homlokrakod\u00f3kban haszn\u00e1lj\u00e1k talaj, sz\u00e9na \u00e9s egy\u00e9b anyagok \u00e1s\u00e1s\u00e1ra, emel\u00e9s\u00e9re \u00e9s sz\u00e1ll\u00edt\u00e1s\u00e1ra.<\/li>\n<li>Kotr\u00f3g\u00e9pek: A kan\u00e1lhenger lehet\u0151v\u00e9 teszi az \u00e1s\u00e1si m\u0171veleteket az\u00e1ltal, hogy lehet\u0151v\u00e9 teszi a kan\u00e1l talajba val\u00f3 behatol\u00e1s\u00e1t.<\/li>\n<li>Kerekes rakod\u00f3k: A homlokrakod\u00f3kban seg\u00edtik az \u00e1ruk hat\u00e9kony emel\u00e9s\u00e9t \u00e9s lerak\u00e1s\u00e1t.<\/li>\n<\/ol>\n<h2>Tervez\u00e9si szempontok \u00e9s kiv\u00e1laszt\u00e1si krit\u00e9riumok<\/h2>\n<ul>\n<li><strong>Teherb\u00edr\u00e1s:<\/strong> A kan\u00e1lhenger \u00fagy van kialak\u00edtva, hogy ellen\u00e1lljon a sz\u00fcks\u00e9ges terhel\u00e9snek \u00e9s m\u0171k\u00f6d\u00e9s k\u00f6zben meg\u0151rizze a stabilit\u00e1s\u00e1t.<\/li>\n<li><strong>T\u00f6m\u00edt\u00e9s:<\/strong> K\u00fcl\u00f6nb\u00f6z\u0151 t\u00f6m\u00edt\u0151elemeket, p\u00e9ld\u00e1ul dugatty\u00fat\u00f6m\u00edt\u00e9seket \u00e9s r\u00fadt\u00f6m\u00edt\u00e9seket haszn\u00e1lnak a hat\u00e9kony t\u00f6m\u00edt\u00e9s biztos\u00edt\u00e1s\u00e1ra \u00e9s az olajsziv\u00e1rg\u00e1s megakad\u00e1lyoz\u00e1s\u00e1ra.<\/li>\n<li><strong>Tart\u00f3ss\u00e1g:<\/strong> A hengert \u00fagy tervezt\u00e9k, hogy ellen\u00e1lljon a neh\u00e9z alkalmaz\u00e1sok megterhel\u00e9s\u00e9nek, valamint a kop\u00e1snak \u00e9s a korr\u00f3zi\u00f3nak.<\/li>\n<li><strong>Biztons\u00e1g:<\/strong> A balesetek megel\u0151z\u00e9se \u00e9s a kezel\u0151 v\u00e9delme \u00e9rdek\u00e9ben biztons\u00e1gi funkci\u00f3kat \u00e9p\u00edtettek be a kialak\u00edt\u00e1sba.<\/li>\n<li><strong>Karbantarthat\u00f3s\u00e1g:<\/strong> Figyelembe veszik a karbantart\u00e1s egyszer\u0171s\u00e9g\u00e9t, bele\u00e9rtve az alkatr\u00e9szek ellen\u0151rz\u00e9s\u00e9hez, jav\u00edt\u00e1s\u00e1hoz \u00e9s cser\u00e9j\u00e9hez sz\u00fcks\u00e9ges hozz\u00e1f\u00e9rhet\u0151s\u00e9get.<\/li>\n<\/ul>\n<p><img decoding=\"async\" src=\"https:\/\/www.hydraulic-cylinders.net\/wp-content\/uploads\/2025\/01\/songte-oil-pipes-and-spare-parts.webp\"><\/p>\n<h2>T\u00f6m\u00edt\u00e9s \u00e9s ken\u00e9s<\/h2>\n<p>A kan\u00e1lhenger k\u00fcl\u00f6nf\u00e9le t\u00f6m\u00edt\u00e9seket haszn\u00e1l, p\u00e9ld\u00e1ul dugatty\u00fat\u00f6m\u00edt\u00e9seket \u00e9s r\u00fadt\u00f6m\u00edt\u00e9seket, amelyek kop\u00e1s\u00e1ll\u00f3 anyagokb\u00f3l, p\u00e9ld\u00e1ul poliuret\u00e1nb\u00f3l \u00e9s nitrilgumib\u00f3l k\u00e9sz\u00fclnek. A hengertest \u00e9s a menetes v\u00e9gek finoman kezeltek a kop\u00e1s\u00e1ll\u00f3s\u00e1g fokoz\u00e1sa \u00e9rdek\u00e9ben. A z\u00f6kken\u0151mentes m\u0171k\u00f6d\u00e9s biztos\u00edt\u00e1s\u00e1hoz rendszeres ken\u00e9s sz\u00fcks\u00e9ges a megfelel\u0151 mennyis\u00e9g\u0171 hidraulikaolajjal.<\/p>\n<h2>Rendszeres ellen\u0151rz\u00e9s \u00e9s megel\u0151z\u0151 karbantart\u00e1s<\/h2>\n<p>A serleghenger optim\u00e1lis teljes\u00edtm\u00e9ny\u00e9nek biztos\u00edt\u00e1sa \u00e9s \u00e9lettartam\u00e1nak meghosszabb\u00edt\u00e1sa \u00e9rdek\u00e9ben elengedhetetlen a rendszeres ellen\u0151rz\u00e9s \u00e9s a megel\u0151z\u0151 karbantart\u00e1s. A k\u00f6vetkez\u0151 int\u00e9zked\u00e9seket kell megtenni:<\/p>\n<ul>\n<li>Vizsg\u00e1lja meg a hengert s\u00e9r\u00fcl\u00e9s vagy kop\u00e1s jelei szempontj\u00e1b\u00f3l.<\/li>\n<li>Megfelel\u0151en kenje meg az \u00f6sszes mozg\u00f3 alkatr\u00e9szt, \u00e9s gy\u0151z\u0151dj\u00f6n meg a t\u00f6m\u00edt\u00e9sek j\u00f3 \u00e1llapot\u00e1r\u00f3l.<\/li>\n<li>A hat\u00e9kony t\u00f6m\u00edtetts\u00e9g fenntart\u00e1sa \u00e9rdek\u00e9ben sz\u00fcks\u00e9g eset\u00e9n cser\u00e9lje ki a t\u00f6m\u00edt\u00e9seket.<\/li>\n<li>V\u00e9gezzen kalibr\u00e1ci\u00f3s ellen\u0151rz\u00e9seket a pontos m\u0171k\u00f6d\u00e9s biztos\u00edt\u00e1sa \u00e9rdek\u00e9ben.<\/li>\n<\/ul>\n<p><img decoding=\"async\" src=\"https:\/\/www.hydraulic-cylinders.net\/wp-content\/uploads\/2025\/01\/songte-chushion-collar.webp\"><\/p>\n<h2>Biztons\u00e1gi szempontok \u00e9s k\u00f6rnyezeti t\u00e9nyez\u0151k<\/h2>\n<p>A kan\u00e1lhenger kezel\u00e9sekor elengedhetetlen a biztons\u00e1gi int\u00e9zked\u00e9sek betart\u00e1sa a balesetek megel\u0151z\u00e9se, valamint a kezel\u0151 \u00e9s a k\u00f6rnyezet j\u00f3l\u00e9t\u00e9nek biztos\u00edt\u00e1sa \u00e9rdek\u00e9ben. A biztons\u00e1gi \u00f3vint\u00e9zked\u00e9seknek magukban kell foglalniuk a megfelel\u0151 k\u00e9pz\u00e9st, a kezel\u00e9si ir\u00e1nyelvek betart\u00e1s\u00e1t \u00e9s a megfelel\u0151 v\u00e9d\u0151felszerel\u00e9sek haszn\u00e1lat\u00e1t.<\/p>\n<h2>Hibadiagn\u00f3zis \u00e9s gyakori probl\u00e9m\u00e1k<\/h2>\n<p>Meghib\u00e1sod\u00e1s eset\u00e9n fontos a probl\u00e9ma azonnali diagnosztiz\u00e1l\u00e1sa \u00e9s megold\u00e1sa. Gyakori probl\u00e9m\u00e1k lehetnek az olajsziv\u00e1rg\u00e1s, a cs\u00f6kkent teljes\u00edtm\u00e9ny vagy a rendellenes zajok. A k\u00f6vetkez\u0151 tippek \u00e9s megold\u00e1sok seg\u00edthetnek a probl\u00e9m\u00e1k hat\u00e9kony diagnosztiz\u00e1l\u00e1s\u00e1ban \u00e9s megold\u00e1s\u00e1ban:<\/p>\n<ul>\n<li>Ellen\u0151rizze, hogy nincs-e l\u00e1that\u00f3 olajsziv\u00e1rg\u00e1s, \u00e9s jav\u00edtsa meg vagy cser\u00e9lje ki az \u00e9rintett t\u00f6m\u00edt\u00e9seket.<\/li>\n<li>Ellen\u0151rizze a hidraulikus rendszer nyom\u00e1s\u00e1t, \u00e9s gy\u0151z\u0151dj\u00f6n meg arr\u00f3l, hogy megfelel a megadott k\u00f6vetelm\u00e9nyeknek.<\/li>\n<li>Ellen\u0151rizze az \u00f6sszes csatlakoz\u00e1st \u00e9s szerelv\u00e9nyt szoross\u00e1g \u00e9s esetleges sziv\u00e1rg\u00e1sok szempontj\u00e1b\u00f3l.<\/li>\n<li>A hibaelh\u00e1r\u00edt\u00e1shoz tekintse meg a gy\u00e1rt\u00f3 \u00fatmutat\u00e1sait, \u00e9s k\u00f6vesse az aj\u00e1nlott megold\u00e1sokat.<\/li>\n<\/ul>\n<p><img decoding=\"async\" src=\"https:\/\/www.hydraulic-cylinders.net\/wp-content\/uploads\/2025\/01\/songte-bushings-with-all-kinds-of-excavator-models.webp\"><\/p>\n<h2>Karbantart\u00e1si feladatok<\/h2>\n<p>A serleghenger gyakori karbantart\u00e1si feladatai k\u00f6z\u00e9 tartozik a rendszeres ellen\u0151rz\u00e9s, a megfelel\u0151 ken\u00e9s, a t\u00f6m\u00edt\u00e9sek cser\u00e9je \u00e9s a kalibr\u00e1ci\u00f3s ellen\u0151rz\u00e9s. Fontos hangs\u00falyozni a helyes beszerel\u00e9s, ken\u00e9s \u00e9s be\u00e1ll\u00edt\u00e1s fontoss\u00e1g\u00e1t. A beszerel\u00e9si folyamat sor\u00e1n megfelel\u0151 be\u00e1ll\u00edt\u00e1si \u00fatmutat\u00e1st kell biztos\u00edtani, \u00e9s a henger r\u00f6gz\u00edt\u00e9s\u00e9hez megfelel\u0151 r\u00f6gz\u00edt\u0151konzolok haszn\u00e1lata aj\u00e1nlott. Aj\u00e1nlott elj\u00e1r\u00e1sokat kell biztos\u00edtani az ellen\u0151rz\u00e9shez, jav\u00edt\u00e1shoz \u00e9s alkatr\u00e9szcser\u00e9hez, valamint tippeket adnak a serleghenger \u00e9lettartam\u00e1nak meghosszabb\u00edt\u00e1s\u00e1ra.<\/p>\n<h2>C\u00e9g\u00fcnk<\/h2>\n<p>Vezet\u0151 hidraulikus hengergy\u00e1rt\u00f3 \u00e9s nagykereskedelmi forgalmaz\u00f3 vagyunk, amely mind a hazai, mind a nemzetk\u00f6zi piacokat kiszolg\u00e1lja. Teljes term\u00e9kk\u00edn\u00e1latunkkal \u00e9s a kiv\u00e1l\u00f3s\u00e1g ir\u00e1nti elk\u00f6telezetts\u00e9g\u00fcnkkel az ipar\u00e1g egyik vezet\u0151j\u00e9v\u00e9 tett\u00fck magunkat. Termel\u00e9sir\u00e1ny\u00edt\u00e1si strat\u00e9gi\u00e1nk mag\u00e1ban foglalja a fejlett gy\u00e1rt\u00f3l\u00e9tes\u00edtm\u00e9nyeket, a k\u00e9pzett m\u0171szaki szem\u00e9lyzetet \u00e9s a professzion\u00e1lis tesztel\u0151rendszereket. Ez lehet\u0151v\u00e9 teszi sz\u00e1munkra, hogy folyamatosan fejlessz\u00fck gy\u00e1rt\u00e1si platformunkat, jav\u00edtsuk term\u00e9keink min\u0151s\u00e9g\u00e9t, \u00e9s kiel\u00e9g\u00edts\u00fck \u00fcgyfeleink sokr\u00e9t\u0171 ig\u00e9nyeit.<\/p>\n<p><img decoding=\"async\" src=\"https:\/\/www.hydraulic-cylinders.net\/wp-content\/uploads\/2025\/01\/songte-company-3.webp\"><\/p>\n<h3>Szakmaiass\u00e1g:<\/h3>\n<p>B\u00fcszk\u00e9k vagyunk a professzionalizmusunkra, \u00e9s biztos\u00edtjuk, hogy m\u0171k\u00f6d\u00e9s\u00fcnk minden aspektusa a legmagasabb sz\u00ednvonalon t\u00f6rt\u00e9njen.<\/p>\n<h3>Nemzetk\u00f6zi min\u0151s\u00edt\u00e9s:<\/h3>\n<p>Nemzetk\u00f6zi tan\u00fas\u00edtv\u00e1nyokkal rendelkez\u00fcnk, amelyek igazolj\u00e1k term\u00e9keink min\u0151s\u00e9g\u00e9t \u00e9s megb\u00edzhat\u00f3s\u00e1g\u00e1t.<\/p>\n<h3>Testreszab\u00e1s:<\/h3>\n<p>Testreszab\u00e1si szolg\u00e1ltat\u00e1sokat k\u00edn\u00e1lunk az egyedi ig\u00e9nyek kiel\u00e9g\u00edt\u00e9s\u00e9re, biztos\u00edtva a t\u00f6k\u00e9letes illeszked\u00e9st minden alkalmaz\u00e1shoz.<\/p>\n<h3>Gy\u00e1rt\u00f3berendez\u00e9sek:<\/h3>\n<p>Korszer\u0171 gy\u00e1rt\u00f3berendez\u00e9sekkel rendelkez\u00fcnk, amelyek lehet\u0151v\u00e9 teszik sz\u00e1munkra a magas hat\u00e9konys\u00e1g, precizit\u00e1s \u00e9s min\u0151s\u00e9g el\u00e9r\u00e9s\u00e9t.<\/p>\n<h3>\u00c9rt\u00e9kes\u00edt\u00e9s ut\u00e1ni szolg\u00e1ltat\u00e1s:<\/h3>\n<p>\u00c1tfog\u00f3 \u00e9rt\u00e9kes\u00edt\u00e9s ut\u00e1ni szolg\u00e1ltat\u00e1st ny\u00fajtunk, bele\u00e9rtve az alkatr\u00e9szcser\u00e9t \u00e9s az \u00fajj\u00e1\u00e9p\u00edt\u00e9si szolg\u00e1ltat\u00e1sokat, hogy maximaliz\u00e1ljuk hidraulikus hengereink \u00e9lettartam\u00e1t.<\/p>\n<p>Szerz\u0151: lyl<\/p>","protected":false},"excerpt":{"rendered":"<p>Bucket Cylinder For Doosan Wheel Excavator DH150W-7 Introduction The bucket cylinder for Doosan wheel excavator DH150W-7 is a specially designed hydraulic cylinder used to control the movement of the bucket in heavy machinery such as excavators, backhoe loaders, and wheel loaders. Its main function is to enable the lifting, lowering, and tilting of the bucket, [&hellip;]<\/p>","protected":false},"featured_media":14780,"comment_status":"open","ping_status":"closed","template":"","meta":{"_et_pb_use_builder":"","_et_pb_old_content":"","_et_gb_content_width":""},"product_brand":[],"product_cat":[1494],"product_tag":[1495,1496],"class_list":{"0":"post-15303","1":"product","2":"type-product","3":"status-publish","4":"has-post-thumbnail","6":"product_cat-bucket-cylinders","7":"product_tag-bucket-cylinders","8":"product_tag-hydraulic-cylinders","10":"first","11":"instock","12":"shipping-taxable","13":"product-type-simple"},"amp_enabled":true,"_links":{"self":[{"href":"https:\/\/www.hydraulic-cylinders.net\/hu\/wp-json\/wp\/v2\/product\/15303","targetHints":{"allow":["GET"]}}],"collection":[{"href":"https:\/\/www.hydraulic-cylinders.net\/hu\/wp-json\/wp\/v2\/product"}],"about":[{"href":"https:\/\/www.hydraulic-cylinders.net\/hu\/wp-json\/wp\/v2\/types\/product"}],"replies":[{"embeddable":true,"href":"https:\/\/www.hydraulic-cylinders.net\/hu\/wp-json\/wp\/v2\/comments?post=15303"}],"wp:featuredmedia":[{"embeddable":true,"href":"https:\/\/www.hydraulic-cylinders.net\/hu\/wp-json\/wp\/v2\/media\/14780"}],"wp:attachment":[{"href":"https:\/\/www.hydraulic-cylinders.net\/hu\/wp-json\/wp\/v2\/media?parent=15303"}],"wp:term":[{"taxonomy":"product_brand","embeddable":true,"href":"https:\/\/www.hydraulic-cylinders.net\/hu\/wp-json\/wp\/v2\/product_brand?post=15303"},{"taxonomy":"product_cat","embeddable":true,"href":"https:\/\/www.hydraulic-cylinders.net\/hu\/wp-json\/wp\/v2\/product_cat?post=15303"},{"taxonomy":"product_tag","embeddable":true,"href":"https:\/\/www.hydraulic-cylinders.net\/hu\/wp-json\/wp\/v2\/product_tag?post=15303"}],"curies":[{"name":"munkaf\u00fczet","href":"https:\/\/api.w.org\/{rel}","templated":true}]}}