{"id":15304,"date":"2025-01-19T14:21:42","date_gmt":"2025-01-19T14:21:42","guid":{"rendered":"https:\/\/www.hydraulic-cylinders.net\/product\/bucket-cylinder-for-doosan-wheel-excavator-dh210w-7\/"},"modified":"2025-01-19T14:21:44","modified_gmt":"2025-01-19T14:21:44","slug":"bucket-cylinder-for-doosan-wheel-excavator-dh210w-7","status":"publish","type":"product","link":"https:\/\/www.hydraulic-cylinders.net\/hu\/termek\/bucket-cylinder-for-doosan-wheel-excavator-dh210w-7\/","title":{"rendered":"V\u00f6d\u00f6rhenger Doosan kerekes kotr\u00f3g\u00e9phez DH210W-7"},"content":{"rendered":"<h1>V\u00f6d\u00f6rhenger Doosan kerekes kotr\u00f3g\u00e9phez DH210W-7<\/h1>\n<h2>Bevezet\u00e9s<\/h2>\n<h3>Meghat\u00e1roz\u00e1s<\/h3>\n<p>A kan\u00e1lhenger egy speci\u00e1lisan tervezett hidraulikus henger, amelyet a kan\u00e1l mozg\u00e1s\u00e1nak vez\u00e9rl\u00e9s\u00e9re haszn\u00e1lnak neh\u00e9zg\u00e9pekben, p\u00e9ld\u00e1ul kotr\u00f3g\u00e9pekben, kotr\u00f3g\u00e9pekben \u00e9s homlokrakod\u00f3kban. F\u0151 funkci\u00f3ja a kan\u00e1l emel\u00e9s\u00e9nek, s\u00fcllyeszt\u00e9s\u00e9nek \u00e9s billent\u00e9s\u00e9nek lehet\u0151v\u00e9 t\u00e9tele, megk\u00f6nny\u00edtve a k\u00fcl\u00f6nf\u00e9le anyagmozgat\u00e1si feladatok elv\u00e9gz\u00e9s\u00e9t. A hidraulikus rendszerben a kan\u00e1lhenger a hidraulikaolaj nyom\u00e1s\u00e1nak v\u00e1ltoztat\u00e1s\u00e1val \u00e9ri el a kan\u00e1l pontos vez\u00e9rl\u00e9s\u00e9t, lehet\u0151v\u00e9 t\u00e9ve a kezel\u0151k sz\u00e1m\u00e1ra a neh\u00e9z terhek hat\u00e9kony kezel\u00e9s\u00e9t, az \u00f6sszetett munkak\u00f6rnyezetekhez \u00e9s a v\u00e1ltozatos m\u0171k\u00f6d\u00e9si k\u00f6vetelm\u00e9nyekhez val\u00f3 alkalmazkod\u00e1st.<\/p>\n<p><img decoding=\"async\" src=\"https:\/\/www.hydraulic-cylinders.net\/wp-content\/uploads\/2025\/01\/songte-company-2.webp\"><\/p>\n<h2>Jellemz\u0151k<\/h2>\n<ul>\n<li>Nagy szil\u00e1rds\u00e1g \u00e9s tart\u00f3ss\u00e1g: \u00c1ltal\u00e1ban nagy szil\u00e1rds\u00e1g\u00fa ac\u00e9lb\u00f3l vagy alum\u00edniumb\u00f3l k\u00e9sz\u00fcl, ellen\u00e1ll a nagy nyom\u00e1snak \u00e9s a nagy terhel\u00e9seknek, alkalmazkodik a zord munkak\u00f6rnyezethez, \u00e9s a kop\u00e1s\u00e1ll\u00f3s\u00e1got \u00e9s a korr\u00f3zi\u00f3\u00e1ll\u00f3s\u00e1got szem el\u0151tt tartva tervezt\u00e9k, meghosszabb\u00edtva az \u00e9lettartamot.<\/li>\n<li>Hat\u00e9kony hidraulikus m\u0171k\u00f6d\u00e9s: A hidraulikaolaj nyom\u00e1sa sima kiny\u00fajt\u00e1st \u00e9s \u00f6sszeh\u00faz\u00e1st biztos\u00edt, ami gyors reag\u00e1l\u00e1st tesz lehet\u0151v\u00e9 a vez\u00e9rl\u0151parancsokra, er\u0151teljes tol\u00f3- \u00e9s h\u00faz\u00f3er\u0151t biztos\u00edt, \u00e9s alkalmas neh\u00e9z terhek \u00e9s \u00f6sszetett \u00fczemeltet\u00e9si feladatok kezel\u00e9s\u00e9re.<\/li>\n<li>K\u00fcl\u00f6nb\u00f6z\u0151 t\u00edpusok: Egyszeres m\u0171k\u00f6d\u00e9s\u0171 (csak egy ir\u00e1nyban hidraulikus) vagy kett\u0151s m\u0171k\u00f6d\u00e9s\u0171 (mindk\u00e9t ir\u00e1nyban hidraulikus) hengerek v\u00e1laszthat\u00f3k a k\u00fcl\u00f6nb\u00f6z\u0151 m\u0171k\u00f6d\u00e9si k\u00f6vetelm\u00e9nyeknek megfelel\u0151en. Egyes modellek teleszk\u00f3posak, \u00edgy nagyobb kiny\u00fal\u00e1st tesznek lehet\u0151v\u00e9 a k\u00fcls\u0151 m\u00e9retek n\u00f6vel\u00e9se n\u00e9lk\u00fcl, \u00edgy alkalmasak korl\u00e1tozott helykihaszn\u00e1l\u00e1s\u00fa alkalmaz\u00e1sokhoz.<\/li>\n<li>K\u00f6zvetlen csere: Term\u00e9keink t\u00f6k\u00e9letesen helyettes\u00edthetik ezeket a hidraulikus hengereket. <\/li>\n<\/ul>\n<p><img decoding=\"async\" src=\"https:\/\/www.hydraulic-cylinders.net\/wp-content\/uploads\/2025\/01\/songte-cylinder-head-with-all-kinds-excavator-models.webp\"><\/p>\n<h2>Alkalmaz\u00e1sok<\/h2>\n<h3>\u00c9p\u00edt\u0151ipari berendez\u00e9sek<\/h3>\n<p>Kotr\u00f3g\u00e9pekben elengedhetetlenek az \u00e1s\u00e1shoz, rakod\u00e1shoz \u00e9s talaj vagy t\u00f6rmel\u00e9k mozgat\u00e1s\u00e1hoz. A kotr\u00f3g\u00e9pekben a kan\u00e1lhengerek seg\u00edtenek mind az \u00e1s\u00e1sban, mind az emel\u00e9sben. Homlokrakod\u00f3kn\u00e1l a rakom\u00e1ny hat\u00e9kony emel\u00e9s\u00e9ben \u00e9s \u00fcr\u00edt\u00e9s\u00e9ben seg\u00edtenek.<\/p>\n<h3>Mez\u0151gazdas\u00e1gi g\u00e9pek<\/h3>\n<p>A homlokrakod\u00f3kban talaj, sz\u00e9na \u00e9s egy\u00e9b anyagok \u00e1s\u00e1s\u00e1ra, emel\u00e9s\u00e9re \u00e9s sz\u00e1ll\u00edt\u00e1s\u00e1ra haszn\u00e1lt kan\u00e1lhengerek lehet\u0151v\u00e9 teszik az \u00e1s\u00e1si m\u0171veleteket az\u00e1ltal, hogy lehet\u0151v\u00e9 teszik a kan\u00e1l talajba hatol\u00e1s\u00e1t.<\/p>\n<h3>Kotr\u00f3g\u00e9pek<\/h3>\n<p>A kotr\u00f3g\u00e9pekben a kan\u00e1lhengerek lehet\u0151v\u00e9 teszik az \u00e1s\u00e1si m\u0171veleteket az\u00e1ltal, hogy lehet\u0151v\u00e9 teszik a kan\u00e1l talajba hatol\u00e1s\u00e1t.<\/p>\n<h3>Rakod\u00f3k<\/h3>\n<p>A homlokrakod\u00f3kban hat\u00e9konyan seg\u00edtenek a rakom\u00e1ny emel\u00e9s\u00e9ben \u00e9s \u00fcr\u00edt\u00e9s\u00e9ben.<\/p>\n<h2>Tervez\u00e9si szempontok \u00e9s kiv\u00e1laszt\u00e1si krit\u00e9riumok<\/h2>\n<h3>Teherb\u00edr\u00e1s<\/h3>\n<p>A serleghengerek tervez\u00e9s\u00e9nek kulcsfontoss\u00e1g\u00fa szempontja a teherb\u00edr\u00e1suk, hogy biztos\u00edts\u00e1k a r\u00e1juk h\u00e1rul\u00f3 nagy terhel\u00e9sek elvisel\u00e9s\u00e9t. Ehhez nagy szil\u00e1rds\u00e1g\u00fa anyagok \u00e9s prec\u00edzi\u00f3s gy\u00e1rt\u00e1si elj\u00e1r\u00e1sok sz\u00fcks\u00e9gesek a hengerek szil\u00e1rds\u00e1g\u00e1nak \u00e9s tart\u00f3ss\u00e1g\u00e1nak biztos\u00edt\u00e1sa \u00e9rdek\u00e9ben.<\/p>\n<h3>T\u00f6m\u00edt\u00e9s \u00e9s tart\u00f3ss\u00e1g<\/h3>\n<p>A kan\u00e1lhenger t\u00f6m\u00edt\u00e9sei kulcsszerepet j\u00e1tszanak a henger tart\u00f3ss\u00e1g\u00e1nak biztos\u00edt\u00e1s\u00e1ban. A t\u00f6m\u00edt\u00e9seknek kop\u00e1s\u00e1ll\u00f3 anyagokb\u00f3l kell k\u00e9sz\u00fclni\u00fck, amelyek k\u00e9pesek ellen\u00e1llni a rendszerben l\u00e9v\u0151 hidraulikus nyom\u00e1snak. Ezenk\u00edv\u00fcl a hengertestet \u00e9s a menetes v\u00e9gfel\u00fcleteket finoman megmunk\u00e1lni kell a kop\u00e1s\u00e1ll\u00f3s\u00e1g jav\u00edt\u00e1sa \u00e9rdek\u00e9ben. A rendszeres ken\u00e9s szint\u00e9n sz\u00fcks\u00e9ges a megfelel\u0151 m\u0171k\u00f6d\u00e9s \u00e9s a hossz\u00fa \u00e9lettartam biztos\u00edt\u00e1s\u00e1hoz.<\/p>\n<p><img decoding=\"async\" src=\"https:\/\/www.hydraulic-cylinders.net\/wp-content\/uploads\/2025\/01\/songte-oil-pipes-and-spare-parts.webp\"><\/p>\n<h2>Karbantart\u00e1s \u00e9s hibaelh\u00e1r\u00edt\u00e1s<\/h2>\n<h3>Karbantart\u00e1s<\/h3>\n<p>A rendszeres karbantart\u00e1s elengedhetetlen a kan\u00e1lhengerek hossz\u00fa \u00e9lettartam\u00e1nak \u00e9s megfelel\u0151 m\u0171k\u00f6d\u00e9s\u00e9nek biztos\u00edt\u00e1s\u00e1hoz. A gyakori karbantart\u00e1si feladatok k\u00f6z\u00e9 tartozik a rendszeres ellen\u0151rz\u00e9s, a ken\u00e9s \u00e9s a t\u00f6m\u00edt\u00e9sek cser\u00e9je. A megfelel\u0151 beszerel\u00e9s, ken\u00e9s \u00e9s be\u00e1ll\u00edt\u00e1s elengedhetetlen a henger hossz\u00fa \u00e9lettartam\u00e1nak biztos\u00edt\u00e1s\u00e1hoz.<\/p>\n<h3>Hibaelh\u00e1r\u00edt\u00e1s<\/h3>\n<p>A kan\u00e1lhengerek gyakori probl\u00e9m\u00e1i k\u00f6z\u00e9 tartozik a sziv\u00e1rg\u00e1s, a lass\u00fa m\u0171k\u00f6d\u00e9s \u00e9s az el\u00e9gtelen teljes\u00edtm\u00e9ny. A hibaelh\u00e1r\u00edt\u00e1s mag\u00e1ban foglalja ezen probl\u00e9m\u00e1k kiv\u00e1lt\u00f3 ok\u00e1nak azonos\u00edt\u00e1s\u00e1t \u00e9s a megfelel\u0151 korrekci\u00f3s int\u00e9zked\u00e9sek megt\u00e9tel\u00e9t. A megel\u0151z\u00e9s kulcsfontoss\u00e1g\u00fa, \u00e9s a rendszeres karbantart\u00e1s a legjobb m\u00f3dja a potenci\u00e1lis probl\u00e9m\u00e1k minimaliz\u00e1l\u00e1s\u00e1nak.<\/p>\n<h2>C\u00e9gbemutat\u00f3<\/h2>\n<p>Cserehidraulikus hengerek gy\u00e1rt\u00f3jak\u00e9nt, teljes term\u00e9kk\u00edn\u00e1lattal, a hazai \u00e9s k\u00fclf\u00f6ldi piacok egyik vezet\u0151 hidraulikus hengergy\u00e1rt\u00f3j\u00e1v\u00e1 \u00e9s nagykeresked\u0151j\u00e9v\u00e9 v\u00e1ltunk. A kiv\u00e1l\u00f3 min\u0151s\u00e9g elv\u00e9t k\u00f6vetj\u00fck, \u00e9s a finomgy\u00e1rt\u00f3 m\u0171helyek ipari termel\u00e9sir\u00e1ny\u00edt\u00e1si strat\u00e9gi\u00e1j\u00e1ra t\u00e1maszkodunk. C\u00e9g\u00fcnk folyamatosan fejleszti m\u0171hely\u00fcnk gy\u00e1rt\u00e1si platformj\u00e1t, t\u00f6k\u00e9letes\u00edti a term\u00e9k gy\u00e1rt\u00e1si min\u0151s\u00e9gi \u00fatvonal\u00e1t, \u00e9s er\u0151s kreativit\u00e1ssal rendelkezik, nagy hat\u00e9konys\u00e1g\u00fa, nagy pontoss\u00e1g\u00fa \u00e9s kiv\u00e1l\u00f3 min\u0151s\u00e9g\u0171 term\u00e9keket k\u00edn\u00e1lva az \u00fcgyfelek sokr\u00e9t\u0171 ig\u00e9nyeinek kiel\u00e9g\u00edt\u00e9s\u00e9re.<\/p>\n<ul>\n<li>Professzionalizmus: C\u00e9g\u00fcnk olyan szakemberekb\u0151l \u00e1ll\u00f3 csapattal rendelkezik, akik j\u00e1rtasak a hidraulikus hengerekben, \u00e9s szak\u00e9rt\u0151i tan\u00e1csokkal tudnak szolg\u00e1lni az \u00fcgyfelek sz\u00e1m\u00e1ra.<\/li>\n<li>Nemzetk\u00f6zi min\u0151s\u00edt\u00e9s: Term\u00e9keink megfelelnek a nemzetk\u00f6zi szabv\u00e1nyoknak, \u00e9s sz\u00e1mos nemzetk\u00f6zi hat\u00f3s\u00e1g tan\u00fas\u00edtotta \u0151ket.<\/li>\n<li>Testreszabott szolg\u00e1ltat\u00e1s: C\u00e9g\u00fcnk egyedi ig\u00e9nyekre szabott szolg\u00e1ltat\u00e1sokat k\u00edn\u00e1l \u00fcgyfeleink sz\u00e1m\u00e1ra.<\/li>\n<li>Gy\u00e1rt\u00f3berendez\u00e9sek: C\u00e9g\u00fcnk korszer\u0171 gy\u00e1rt\u00f3berendez\u00e9sekkel rendelkezik a kiv\u00e1l\u00f3 min\u0151s\u00e9g\u0171 term\u00e9kek el\u0151\u00e1ll\u00edt\u00e1s\u00e1hoz.<\/li>\n<li>\u00c9rt\u00e9kes\u00edt\u00e9s ut\u00e1ni szolg\u00e1ltat\u00e1s: C\u00e9g\u00fcnk magas sz\u00ednvonal\u00fa \u00e9rt\u00e9kes\u00edt\u00e9s ut\u00e1ni szolg\u00e1ltat\u00e1st ny\u00fajt az \u00fcgyfelek el\u00e9gedetts\u00e9g\u00e9nek biztos\u00edt\u00e1sa \u00e9rdek\u00e9ben.<\/li>\n<\/ul>\n<p><img decoding=\"async\" src=\"https:\/\/hzpt.com\/wp-content\/uploads\/2024\/11\/songte-company-1.webp\"><\/p>\n<p>Szerz\u0151: lyl<\/p>","protected":false},"excerpt":{"rendered":"<p>Bucket Cylinder For Doosan Wheel Excavator DH210W-7 Introduction Definition A bucket cylinder is a specially designed hydraulic cylinder used to control the movement of the bucket in heavy machinery such as excavators, backhoe excavators, and front-end loaders. Its main function is to enable the bucket to lift, lower, and tilt, making it easier to handle [&hellip;]<\/p>","protected":false},"featured_media":14778,"comment_status":"open","ping_status":"closed","template":"","meta":{"_et_pb_use_builder":"","_et_pb_old_content":"","_et_gb_content_width":""},"product_brand":[],"product_cat":[1494],"product_tag":[1495,1496],"class_list":{"0":"post-15304","1":"product","2":"type-product","3":"status-publish","4":"has-post-thumbnail","6":"product_cat-bucket-cylinders","7":"product_tag-bucket-cylinders","8":"product_tag-hydraulic-cylinders","10":"first","11":"instock","12":"shipping-taxable","13":"product-type-simple"},"amp_enabled":true,"_links":{"self":[{"href":"https:\/\/www.hydraulic-cylinders.net\/hu\/wp-json\/wp\/v2\/product\/15304","targetHints":{"allow":["GET"]}}],"collection":[{"href":"https:\/\/www.hydraulic-cylinders.net\/hu\/wp-json\/wp\/v2\/product"}],"about":[{"href":"https:\/\/www.hydraulic-cylinders.net\/hu\/wp-json\/wp\/v2\/types\/product"}],"replies":[{"embeddable":true,"href":"https:\/\/www.hydraulic-cylinders.net\/hu\/wp-json\/wp\/v2\/comments?post=15304"}],"wp:featuredmedia":[{"embeddable":true,"href":"https:\/\/www.hydraulic-cylinders.net\/hu\/wp-json\/wp\/v2\/media\/14778"}],"wp:attachment":[{"href":"https:\/\/www.hydraulic-cylinders.net\/hu\/wp-json\/wp\/v2\/media?parent=15304"}],"wp:term":[{"taxonomy":"product_brand","embeddable":true,"href":"https:\/\/www.hydraulic-cylinders.net\/hu\/wp-json\/wp\/v2\/product_brand?post=15304"},{"taxonomy":"product_cat","embeddable":true,"href":"https:\/\/www.hydraulic-cylinders.net\/hu\/wp-json\/wp\/v2\/product_cat?post=15304"},{"taxonomy":"product_tag","embeddable":true,"href":"https:\/\/www.hydraulic-cylinders.net\/hu\/wp-json\/wp\/v2\/product_tag?post=15304"}],"curies":[{"name":"munkaf\u00fczet","href":"https:\/\/api.w.org\/{rel}","templated":true}]}}