{"id":15307,"date":"2025-01-19T14:21:53","date_gmt":"2025-01-19T14:21:53","guid":{"rendered":"https:\/\/www.hydraulic-cylinders.net\/product\/bucket-cylinder-for-hyundai-small-excavator-r80-7\/"},"modified":"2025-01-19T14:21:55","modified_gmt":"2025-01-19T14:21:55","slug":"bucket-cylinder-for-hyundai-small-excavator-r80-7","status":"publish","type":"product","link":"https:\/\/www.hydraulic-cylinders.net\/hu\/termek\/bucket-cylinder-for-hyundai-small-excavator-r80-7\/","title":{"rendered":"Kan\u00e1lhenger Hyundai kis kotr\u00f3g\u00e9phez R80-7"},"content":{"rendered":"<p><!DOCTYPE html><br \/>\n<html><br \/>\n<head><br \/>\n\t<title>Kan\u00e1lhenger Hyundai kis kotr\u00f3g\u00e9phez R80-7<\/title><br \/>\n<\/head><br \/>\n<body><\/p>\n<h1>Kan\u00e1lhenger Hyundai kis kotr\u00f3g\u00e9phez R80-7<\/h1>\n<h2>Bevezet\u00e9s<\/h2>\n<p>A Hyundai R80-7 kis kotr\u00f3g\u00e9p kan\u00e1lhengere egy speci\u00e1lisan tervezett hidraulikus henger, amelyet neh\u00e9zg\u00e9pek, p\u00e9ld\u00e1ul kotr\u00f3g\u00e9pek, kotr\u00f3rakod\u00f3k \u00e9s homlokrakod\u00f3k kan\u00e1lmozg\u00e1s\u00e1nak vez\u00e9rl\u00e9s\u00e9re haszn\u00e1lnak. F\u0151 funkci\u00f3ja a kan\u00e1l emel\u00e9se, s\u00fcllyeszt\u00e9se \u00e9s billent\u00e9se, \u00edgy alkalmass\u00e1 teszi k\u00fcl\u00f6nf\u00e9le anyagmozgat\u00e1si feladatokra. A hidraulikus rendszerben a kan\u00e1lhenger a hidraulikaolaj nyom\u00e1sv\u00e1ltoz\u00e1sainak kihaszn\u00e1l\u00e1s\u00e1val \u00e9ri el a kan\u00e1l pontos vez\u00e9rl\u00e9s\u00e9t, lehet\u0151v\u00e9 t\u00e9ve a kezel\u0151k sz\u00e1m\u00e1ra, hogy hat\u00e9konyan kezelj\u00e9k a neh\u00e9z terheket, \u00e9s alkalmazkodjanak az \u00f6sszetett munkak\u00f6rnyezetekhez \u00e9s a v\u00e1ltozatos m\u0171k\u00f6d\u00e9si ig\u00e9nyekhez.<\/p>\n<p>\t<img decoding=\"async\" src=\"https:\/\/www.hydraulic-cylinders.net\/wp-content\/uploads\/2025\/01\/songte-company-2.webp\" alt=\"Term\u00e9kk\u00e9p\"><\/p>\n<h2>Jellemz\u0151k<\/h2>\n<ul>\n<li>Nagy szil\u00e1rds\u00e1g \u00e9s tart\u00f3ss\u00e1g: \u00c1ltal\u00e1ban nagy szil\u00e1rds\u00e1g\u00fa ac\u00e9lb\u00f3l vagy alum\u00edniumb\u00f3l k\u00e9sz\u00fcl, k\u00e9pes ellen\u00e1llni a nagy nyom\u00e1snak \u00e9s a nagy terhel\u00e9seknek, alkalmazkodik a zord munkak\u00f6rnyezethez, kop\u00e1s\u00e1ll\u00f3s\u00e1gi \u00e9s korr\u00f3zi\u00f3\u00e1ll\u00f3s\u00e1gi szempontokat figyelembe v\u00e9ve tervezve, meghosszabb\u00edtva az \u00e9lettartamot.<\/li>\n<li>Hat\u00e9kony hidraulikus m\u0171k\u00f6d\u00e9s: A hidraulikaolaj nyom\u00e1s\u00e1t haszn\u00e1lja ki a sima kitol\u00e1si \u00e9s visszah\u00faz\u00e1si m\u0171veletekhez, gyorsan reag\u00e1l a vez\u00e9rl\u0151parancsokra, er\u0151s tol\u00f3- \u00e9s h\u00faz\u00f3er\u0151t biztos\u00edt, alkalmas neh\u00e9z terhek \u00e9s \u00f6sszetett m\u0171k\u00f6d\u00e9si feladatok kezel\u00e9s\u00e9re.<\/li>\n<li>K\u00fcl\u00f6nb\u00f6z\u0151 t\u00edpusok: Az adott m\u0171k\u00f6d\u00e9si k\u00f6vetelm\u00e9nyeknek megfelel\u0151en v\u00e1laszthat\u00f3 egyszeres m\u0171k\u00f6d\u00e9s\u0171 (csak egy ir\u00e1nyban hidraulikusan haszn\u00e1lhat\u00f3) vagy kett\u0151s m\u0171k\u00f6d\u00e9s\u0171 (mindk\u00e9t ir\u00e1nyban hidraulikusan haszn\u00e1lhat\u00f3) hengerk\u00e9nt, egyes modellek teleszk\u00f3posak, \u00edgy nagyobb kiny\u00fal\u00e1st tesznek lehet\u0151v\u00e9 a k\u00fcls\u0151 m\u00e9retek n\u00f6vel\u00e9se n\u00e9lk\u00fcl, \u00edgy alkalmasak korl\u00e1tozott helyig\u00e9ny\u0171 alkalmaz\u00e1sokhoz.<\/li>\n<li>T\u00f6k\u00e9letes csere: Term\u00e9keink t\u00f6k\u00e9letesen helyettes\u00edthetik ezeket a hidraulikus hengereket. <\/li>\n<\/ul>\n<p>\t<img decoding=\"async\" src=\"https:\/\/www.hydraulic-cylinders.net\/wp-content\/uploads\/2025\/01\/songte-cylinder-head-with-all-kinds-excavator-models.webp\" alt=\"Term\u00e9kk\u00e9p\"><\/p>\n<h2>Alkalmaz\u00e1sok<\/h2>\n<ul>\n<li>\u00c9p\u00edt\u0151ipari berendez\u00e9sek: Kotr\u00f3g\u00e9pekben tal\u00e1lhat\u00f3k, kulcsfontoss\u00e1g\u00faak az \u00e1s\u00e1shoz, rakod\u00e1shoz \u00e9s a talaj vagy t\u00f6rmel\u00e9k mozgat\u00e1s\u00e1hoz. A kotr\u00f3g\u00e9p-rakod\u00f3kban a kan\u00e1lhenger mind az \u00e1s\u00e1st, mind az emel\u00e9st seg\u00edti.<\/li>\n<li>Mez\u0151gazdas\u00e1gi g\u00e9pek: Homlokrakod\u00f3kban haszn\u00e1lj\u00e1k talaj, sz\u00e9na \u00e9s egy\u00e9b anyagok \u00e1s\u00e1s\u00e1ra, emel\u00e9s\u00e9re \u00e9s sz\u00e1ll\u00edt\u00e1s\u00e1ra.<\/li>\n<li>Kotr\u00f3g\u00e9pek: A kan\u00e1lhenger lehet\u0151v\u00e9 teszi az \u00e1s\u00e1si m\u0171veleteket az\u00e1ltal, hogy lehet\u0151v\u00e9 teszi a kan\u00e1l talajba val\u00f3 behatol\u00e1s\u00e1t.<\/li>\n<li>Rakod\u00f3g\u00e9pek: A homlokrakod\u00f3kban hat\u00e9konyan seg\u00edtik az \u00e1ruk emel\u00e9s\u00e9t \u00e9s \u00fcr\u00edt\u00e9s\u00e9t.<\/li>\n<\/ul>\n<h2>Tervez\u00e9si szempontok \u00e9s kiv\u00e1laszt\u00e1si krit\u00e9riumok<\/h2>\n<ul>\n<li>Teherb\u00edr\u00e1s: Besz\u00e9lje meg a henger teherb\u00edr\u00e1s\u00e1t.<\/li>\n<li>T\u00f6m\u00edt\u00e9s: Besz\u00e9lje meg a megfelel\u0151 t\u00f6m\u00edt\u00e9s fontoss\u00e1g\u00e1t az olajsziv\u00e1rg\u00e1s megel\u0151z\u00e9se \u00e9s a megb\u00edzhat\u00f3 teljes\u00edtm\u00e9ny biztos\u00edt\u00e1sa \u00e9rdek\u00e9ben.<\/li>\n<li>Tart\u00f3ss\u00e1g: Vizsg\u00e1lja meg a henger tart\u00f3ss\u00e1g\u00e1t, figyelembe v\u00e9ve olyan t\u00e9nyez\u0151ket, mint a kop\u00e1s\u00e1ll\u00f3s\u00e1g \u00e9s a korr\u00f3zi\u00f3\u00e1ll\u00f3s\u00e1g.<\/li>\n<li>Biztons\u00e1g: A tervez\u00e9s sor\u00e1n figyelembe vett biztons\u00e1gi szempontokat, bele\u00e9rtve a balesetmegel\u0151z\u00e9si int\u00e9zked\u00e9seket is, meg kell besz\u00e9lni.<\/li>\n<li>Karbantarthat\u00f3s\u00e1g: Ismertesse a henger karbantart\u00e1si feladatainak egyszer\u0171s\u00e9g\u00e9t \u00e9s hozz\u00e1f\u00e9rhet\u0151s\u00e9g\u00e9t.<\/li>\n<\/ul>\n<p>\t<img decoding=\"async\" src=\"https:\/\/www.hydraulic-cylinders.net\/wp-content\/uploads\/2025\/01\/songte-oil-pipes-and-spare-parts.webp\" alt=\"Term\u00e9kk\u00e9p\"><\/p>\n<h2>T\u00f6m\u00edt\u00e9s \u00e9s ken\u00e9s<\/h2>\n<p>A kan\u00e1lhenger k\u00fcl\u00f6nf\u00e9le t\u00f6m\u00edt\u00e9seket haszn\u00e1l, p\u00e9ld\u00e1ul dugatty\u00fat\u00f6m\u00edt\u00e9seket \u00e9s r\u00fadt\u00f6m\u00edt\u00e9seket, amelyek kop\u00e1s\u00e1ll\u00f3 anyagokb\u00f3l, p\u00e9ld\u00e1ul poliuret\u00e1nb\u00f3l \u00e9s nitrilgumib\u00f3l k\u00e9sz\u00fclnek. A hengertest \u00e9s a menetes v\u00e9gek finom megmunk\u00e1l\u00e1son esnek \u00e1t a kop\u00e1s\u00e1ll\u00f3s\u00e1g fokoz\u00e1sa \u00e9rdek\u00e9ben. A z\u00f6kken\u0151mentes m\u0171k\u00f6d\u00e9s biztos\u00edt\u00e1s\u00e1hoz rendszeres ken\u00e9s sz\u00fcks\u00e9ges megfelel\u0151 mennyis\u00e9g\u0171 hidraulikaolajjal.<\/p>\n<h2>Rendszeres ellen\u0151rz\u00e9s \u00e9s megel\u0151z\u0151 karbantart\u00e1s<\/h2>\n<ul>\n<li>Rendszeresen ellen\u0151rizze a hengert kop\u00e1s, s\u00e9r\u00fcl\u00e9s vagy sziv\u00e1rg\u00e1s jelei szempontj\u00e1b\u00f3l.<\/li>\n<li>Biztos\u00edtsa az \u00f6sszes mozg\u00f3 alkatr\u00e9sz megfelel\u0151 ken\u00e9s\u00e9t.<\/li>\n<li>A t\u00f6m\u00edt\u00e9seket sz\u00fcks\u00e9g szerint cser\u00e9lje ki az optim\u00e1lis teljes\u00edtm\u00e9ny fenntart\u00e1sa \u00e9rdek\u00e9ben.<\/li>\n<li>V\u00e9gezzen kalibr\u00e1ci\u00f3s ellen\u0151rz\u00e9seket a pontos m\u0171k\u00f6d\u00e9s biztos\u00edt\u00e1sa \u00e9rdek\u00e9ben.<\/li>\n<\/ul>\n<h2>Helyes term\u00e9ktelep\u00edt\u00e9si \u00fatmutat\u00f3<\/h2>\n<p>A megfelel\u0151 telep\u00edt\u00e9s elengedhetetlen a kan\u00e1lhenger optim\u00e1lis teljes\u00edtm\u00e9ny\u00e9hez \u00e9s hossz\u00fa \u00e9lettartam\u00e1hoz. K\u00f6vesse az al\u00e1bbi ir\u00e1nyelveket:<\/p>\n<ul>\n<li>A telep\u00edt\u00e9si folyamat sor\u00e1n biztos\u00edtson megfelel\u0151 igaz\u00edt\u00e1si \u00fatmutat\u00e1st.<\/li>\n<li>A henger r\u00f6gz\u00edt\u00e9s\u00e9hez megfelel\u0151 r\u00f6gz\u00edt\u0151konzolok haszn\u00e1lata aj\u00e1nlott.<\/li>\n<li>Javasolt elj\u00e1r\u00e1sokat kell megadni az ellen\u0151rz\u00e9sre, jav\u00edt\u00e1sra \u00e9s cser\u00e9re.<\/li>\n<li>Tippeket ad a kan\u00e1lhenger \u00e9lettartam\u00e1nak meghosszabb\u00edt\u00e1s\u00e1ra.<\/li>\n<\/ul>\n<p>\t<img decoding=\"async\" src=\"https:\/\/www.hydraulic-cylinders.net\/wp-content\/uploads\/2025\/01\/songte-chushion-collar.webp\" alt=\"Term\u00e9kk\u00e9p\"><\/p>\n<h2>Biztons\u00e1gi szempontok \u00e9s k\u00f6rnyezeti t\u00e9nyez\u0151k<\/h2>\n<p>A kan\u00e1lhenger haszn\u00e1latakor elengedhetetlen a biztons\u00e1gi int\u00e9zked\u00e9sek v\u00e9grehajt\u00e1sa a kezel\u0151k j\u00f3l\u00e9t\u00e9nek biztos\u00edt\u00e1sa \u00e9s a balesetek megel\u0151z\u00e9se \u00e9rdek\u00e9ben. Vegye figyelembe a k\u00f6vetkez\u0151 t\u00e9nyez\u0151ket:<\/p>\n<ul>\n<li>Megfelel\u0151 k\u00e9pz\u00e9s a kezel\u0151k sz\u00e1m\u00e1ra a berendez\u00e9sek biztons\u00e1gos kezel\u00e9s\u00e9hez.<\/li>\n<li>A biztons\u00e1gi el\u0151\u00edr\u00e1sok \u00e9s el\u0151\u00edr\u00e1sok betart\u00e1sa.<\/li>\n<li>K\u00f6rnyezetbar\u00e1t gyakorlatok bevezet\u00e9se a hidraulikafolyad\u00e9kok felhaszn\u00e1l\u00e1s\u00e1ban \u00e9s \u00e1rtalmatlan\u00edt\u00e1s\u00e1ban.<\/li>\n<\/ul>\n<p>\t<img decoding=\"async\" src=\"https:\/\/www.hydraulic-cylinders.net\/wp-content\/uploads\/2025\/01\/songte-bushings-with-all-kinds-of-excavator-models.webp\" alt=\"Term\u00e9kk\u00e9p\"><\/p>\n<h2>Hibaelh\u00e1r\u00edt\u00e1s \u00e9s gyakori probl\u00e9m\u00e1k<\/h2>\n<ul>\n<li>Sziv\u00e1rg\u00e1s: Tippek \u00e9s megold\u00e1sok ad\u00e1s\u00e1ra az olajsziv\u00e1rg\u00e1sok kezel\u00e9s\u00e9re.<\/li>\n<li>Gyenge teljes\u00edtm\u00e9ny: Besz\u00e9lj\u00fck meg a teljes\u00edtm\u00e9nycs\u00f6kken\u00e9s lehets\u00e9ges okait \u00e9s azok kijav\u00edt\u00e1s\u00e1nak m\u00f3djait.<\/li>\n<li>Zaj vagy rezg\u00e9s: Magyar\u00e1zza el a zaj vagy rezg\u00e9s lehets\u00e9ges okait, \u00e9s javasoljon hibaelh\u00e1r\u00edt\u00e1si m\u00f3dszereket.<\/li>\n<\/ul>\n<h2>Karbantart\u00e1si tippek \u00e9s megold\u00e1sok<\/h2>\n<p>Tan\u00e1csokat adjon a karbantart\u00e1si feladatokhoz, bele\u00e9rtve a rendszeres ellen\u0151rz\u00e9seket, a megfelel\u0151 ken\u00e9st, a t\u00f6m\u00edt\u00e9sek cser\u00e9j\u00e9t \u00e9s a kalibr\u00e1ci\u00f3s ellen\u0151rz\u00e9seket. Hangs\u00falyozza a helyes beszerel\u00e9s, ken\u00e9s \u00e9s be\u00e1ll\u00edt\u00e1s fontoss\u00e1g\u00e1t. \u00datmutat\u00e1st adjon a henger helyes be\u00e1ll\u00edt\u00e1s\u00e1hoz a beszerel\u00e9s sor\u00e1n. Javasolja az ellen\u0151rz\u00e9si, jav\u00edt\u00e1si \u00e9s csere elj\u00e1r\u00e1sait. Osszon meg tippeket a serleghenger \u00e9lettartam\u00e1nak meghosszabb\u00edt\u00e1s\u00e1ra.<\/p>\n<p>\t<img decoding=\"async\" src=\"https:\/\/hzpt.com\/wp-content\/uploads\/2024\/11\/songte-company-1.webp\" alt=\"Term\u00e9kk\u00e9p\"><\/p>\n<h2>C\u00e9g\u00fcnkr\u0151l<\/h2>\n<p>Hidraulikus munkahengerek gy\u00e1rt\u00f3jak\u00e9nt a hazai \u00e9s nemzetk\u00f6zi piacok egyik vezet\u0151 gy\u00e1rt\u00f3ja \u00e9s nagykereskedelmi forgalmaz\u00f3ja vagyunk. Kifinomult gy\u00e1rt\u00f3m\u0171hely\u00fcnkben a kiv\u00e1l\u00f3 min\u0151s\u00e9g alapelveit k\u00f6vetj\u00fck, \u00e9s iparos\u00edtott termel\u00e9sir\u00e1ny\u00edt\u00e1si strat\u00e9gi\u00e1kra t\u00e1maszkodunk. Technol\u00f3giai tehets\u00e9geink, fejlett digit\u00e1lis gy\u00e1rt\u00f3berendez\u00e9seink \u00e9s professzion\u00e1lis tesztel\u0151rendszereink seg\u00edts\u00e9g\u00e9vel folyamatosan fejlesztj\u00fck gy\u00e1rt\u00e1si platformunkat, t\u00f6k\u00e9letes\u00edtj\u00fck gy\u00e1rt\u00e1si folyamatainkat a term\u00e9kmin\u0151s\u00e9g \u00e9rdek\u00e9ben, \u00e9s er\u0151s innovat\u00edv k\u00e9pess\u00e9gekkel rendelkez\u00fcnk. Arra t\u00f6reksz\u00fcnk, hogy nagy hat\u00e9konys\u00e1ggal, nagy pontoss\u00e1ggal \u00e9s magas min\u0151s\u00e9gi elvekkel el\u00e9g\u00edts\u00fck ki a soksz\u00edn\u0171 \u00fcgyf\u00e9lig\u00e9nyeket.<\/p>\n<p>\t<img decoding=\"async\" src=\"https:\/\/www.hydraulic-cylinders.net\/wp-content\/uploads\/2025\/01\/songte-company-3.webp\" alt=\"Term\u00e9kk\u00e9p\"><\/p>\n<h2>C\u00e9g\u00fcnk kiemelt jellemz\u0151i<\/h2>\n<ul>\n<li>Professzionalizmus: Emelje ki a v\u00e1llalat szak\u00e9rtelm\u00e9t \u00e9s specializ\u00e1ci\u00f3j\u00e1t a hidraulikus hengerek ter\u00e9n.<\/li>\n<li>Nemzetk\u00f6zi tan\u00fas\u00edtv\u00e1nyok: Eml\u00edtse meg a v\u00e1llalat \u00e1ltal megszerzett relev\u00e1ns tan\u00fas\u00edtv\u00e1nyokat vagy szabv\u00e1nyokat.<\/li>\n<li>Testreszab\u00e1si szolg\u00e1ltat\u00e1sok: Besz\u00e9lje meg a v\u00e1llalat azon k\u00e9pess\u00e9g\u00e9t, hogy testreszabott megold\u00e1sokat k\u00edn\u00e1ljon az \u00fcgyfelek konkr\u00e9t ig\u00e9nyeire szabva.<\/li>\n<li>Gy\u00e1rt\u00f3berendez\u00e9sek: Emelje ki a v\u00e1llalat \u00e1ltal haszn\u00e1lt fejlett gy\u00e1rt\u00f3berendez\u00e9seket.<\/li>\n<li>\u00c9rt\u00e9kes\u00edt\u00e9s ut\u00e1ni szolg\u00e1ltat\u00e1s: Magyar\u00e1zza el a v\u00e1llalat elk\u00f6telezetts\u00e9g\u00e9t a kiv\u00e1l\u00f3 \u00e9rt\u00e9kes\u00edt\u00e9s ut\u00e1ni szolg\u00e1ltat\u00e1s \u00e9s t\u00e1mogat\u00e1s ny\u00fajt\u00e1sa ir\u00e1nt.<\/li>\n<\/ul>\n<p>Szerz\u0151: lyl<\/p>\n<p><\/body><br \/>\n<\/html><\/p>","protected":false},"excerpt":{"rendered":"<p>Bucket Cylinder For Hyundai Small Excavator R80-7 Bucket Cylinder For Hyundai Small Excavator R80-7 Introduction The bucket cylinder for Hyundai small excavator R80-7 is a specially designed hydraulic cylinder used to control the movement of the bucket in heavy machinery such as excavators, backhoe loaders, and front-end loaders. Its main function is to enable the [&hellip;]<\/p>","protected":false},"featured_media":14771,"comment_status":"open","ping_status":"closed","template":"","meta":{"_et_pb_use_builder":"","_et_pb_old_content":"","_et_gb_content_width":""},"product_brand":[],"product_cat":[1494],"product_tag":[1495,1496],"class_list":{"0":"post-15307","1":"product","2":"type-product","3":"status-publish","4":"has-post-thumbnail","6":"product_cat-bucket-cylinders","7":"product_tag-bucket-cylinders","8":"product_tag-hydraulic-cylinders","10":"first","11":"instock","12":"shipping-taxable","13":"product-type-simple"},"amp_enabled":true,"_links":{"self":[{"href":"https:\/\/www.hydraulic-cylinders.net\/hu\/wp-json\/wp\/v2\/product\/15307","targetHints":{"allow":["GET"]}}],"collection":[{"href":"https:\/\/www.hydraulic-cylinders.net\/hu\/wp-json\/wp\/v2\/product"}],"about":[{"href":"https:\/\/www.hydraulic-cylinders.net\/hu\/wp-json\/wp\/v2\/types\/product"}],"replies":[{"embeddable":true,"href":"https:\/\/www.hydraulic-cylinders.net\/hu\/wp-json\/wp\/v2\/comments?post=15307"}],"wp:featuredmedia":[{"embeddable":true,"href":"https:\/\/www.hydraulic-cylinders.net\/hu\/wp-json\/wp\/v2\/media\/14771"}],"wp:attachment":[{"href":"https:\/\/www.hydraulic-cylinders.net\/hu\/wp-json\/wp\/v2\/media?parent=15307"}],"wp:term":[{"taxonomy":"product_brand","embeddable":true,"href":"https:\/\/www.hydraulic-cylinders.net\/hu\/wp-json\/wp\/v2\/product_brand?post=15307"},{"taxonomy":"product_cat","embeddable":true,"href":"https:\/\/www.hydraulic-cylinders.net\/hu\/wp-json\/wp\/v2\/product_cat?post=15307"},{"taxonomy":"product_tag","embeddable":true,"href":"https:\/\/www.hydraulic-cylinders.net\/hu\/wp-json\/wp\/v2\/product_tag?post=15307"}],"curies":[{"name":"munkaf\u00fczet","href":"https:\/\/api.w.org\/{rel}","templated":true}]}}